{"id":39703,"date":"2024-10-22T14:33:00","date_gmt":"2024-10-22T12:33:00","guid":{"rendered":"https:\/\/antersystem.com\/notizie\/anter-system-partner-of-the-industry-conference\/"},"modified":"2026-02-04T14:07:26","modified_gmt":"2026-02-04T13:07:26","slug":"anter-system-partner-of-the-industry-conference","status":"publish","type":"page","link":"https:\/\/antersystem.com\/it\/notizie\/anter-system-partner-of-the-industry-conference\/","title":{"rendered":"Anter System partner della conferenza di settore"},"content":{"rendered":"\n<div class=\"wp-block-columns is-layout-flex wp-container-core-columns-is-layout-9d6595d7 wp-block-columns-is-layout-flex\">\n<div class=\"wp-block-column is-layout-flow wp-block-column-is-layout-flow\" style=\"flex-basis:10%\"><\/div>\n\n\n\n<div class=\"wp-block-column is-layout-flow wp-block-column-is-layout-flow\">\n<h2 class=\"wp-block-heading\">Unisciti a noi per un incontro dedicato alla trasformazione della logistica!<\/h2>\n\n\n\n<p>Il 7 novembre 2024, a Zabrze, si terr\u00e0 la conferenza <em>&#8220;Optimization of Intralogistics and Warehouse Processes&#8221; (Ottimizzazione dei processi intralogistici e di magazzino)<\/em>, uno degli eventi chiave per il settore della logistica di quest&#8217;anno. L&#8217;evento, organizzato da Axon Media, vedr\u00e0 ancora una volta Anter System Polska come partner. <\/p>\n\n\n\n<p><strong>Perch\u00e9 dovresti iscriverti?<\/strong><\/p>\n\n\n\n<p>La conferenza \u00e8 pensata per i proprietari e i direttori di stabilimenti e centri logistici, nonch\u00e9 per i manager responsabili dei processi di magazzino, delle catene di approvvigionamento e della gestione della produzione. Durante i panel tematici, gli <strong>esperti condivideranno le loro esperienze nel miglioramento dei processi logistici e di magazzino<\/strong> all&#8217;interno delle aziende e discuteranno le sfide legate all&#8217;adattamento di questi processi alla natura specifica di ogni struttura. Gli esempi presentati comprenderanno sia implementazioni su larga scala che piccole modifiche che hanno portato a risultati misurabili.  <\/p>\n\n\n\n<p>Gli argomenti trattati comprendono i sistemi di trasporto interno, le attrezzature per la movimentazione dei materiali, i robot di magazzino, i sistemi di stoccaggio automatico e di raccolta ordini, le tecnologie di identificazione RFID e wireless, i software intralogistici, la progettazione e la consulenza intralogistica, nonch\u00e9 le macchine e i dispositivi di etichettatura.<\/p>\n\n\n\n<p><strong>Parliamo di sicurezza sul lavoro<\/strong><\/p>\n\n\n\n<p>L&#8217;evento tratter\u00e0 anche il tema della <strong>salute e della sicurezza sul lavoro (OHS) nei magazzini e nei capannoni di produzione,<\/strong> un campo in cui Anter System Polska \u00e8 un esperto. Da oltre 15 anni forniamo servizi di consulenza sui sistemi di protezione per i dipendenti, i macchinari e le infrastrutture negli ambienti industriali e logistici. Durante la conferenza saremo lieti di <strong>illustrare le ultime soluzioni<\/strong> che migliorano la sicurezza sul posto di lavoro.  <\/p>\n\n\n\n<p>Il formato dinamico della conferenza, della durata di un giorno, prevede non solo interventi di esperti ma anche l&#8217;<strong>opportunit\u00e0 di stabilire preziose relazioni commerciali.<\/strong> La partecipazione all&#8217;evento \u00e8 gratuita: ti invitiamo caldamente a unirti a noi!<\/p>\n\n\n\n<p>La partecipazione alla conferenza \u00e8 gratuita. Informazioni dettagliate sulla registrazione e l&#8217;agenda sono disponibili qui: <a href=\"https:\/\/www.axonmedia.pl\/konferencje\/aktualne\/intralogistyka-magazynowanie-2024-zabrze\/\" target=\"_blank\" rel=\"noreferrer noopener\"><em>&#8220;Ottimizzazione dei processi intralogistici e di magazzino&#8221;.<\/em><\/a> <\/p>\n\n\n\n<p><\/p>\n\n\n\n<p><\/p>\n<\/div>\n\n\n\n<div class=\"wp-block-column is-layout-flow wp-block-column-is-layout-flow\" style=\"flex-basis:10%\"><\/div>\n<\/div>\n<div class=\"wp-block-image\">\n<figure class=\"aligncenter size-large is-resized\"><img loading=\"lazy\" decoding=\"async\" width=\"1024\" height=\"576\" src=\"https:\/\/antersystem.com\/wp-content\/uploads\/Konferencja_optymalizacja-procesow-logistycznych-2024-1024x576.jpg\" alt=\"\" class=\"wp-image-5562\" style=\"width:620px;height:auto\" srcset=\"https:\/\/antersystem.com\/wp-content\/uploads\/Konferencja_optymalizacja-procesow-logistycznych-2024-1024x576.jpg 1024w, https:\/\/antersystem.com\/wp-content\/uploads\/Konferencja_optymalizacja-procesow-logistycznych-2024-300x169.jpg 300w, https:\/\/antersystem.com\/wp-content\/uploads\/Konferencja_optymalizacja-procesow-logistycznych-2024-768x432.jpg 768w, https:\/\/antersystem.com\/wp-content\/uploads\/Konferencja_optymalizacja-procesow-logistycznych-2024-450x253.jpg 450w, https:\/\/antersystem.com\/wp-content\/uploads\/Konferencja_optymalizacja-procesow-logistycznych-2024-330x186.jpg 330w, https:\/\/antersystem.com\/wp-content\/uploads\/Konferencja_optymalizacja-procesow-logistycznych-2024.jpg 1115w\" sizes=\"auto, (max-width: 1024px) 100vw, 1024px\" \/><\/figure><\/div>","protected":false},"excerpt":{"rendered":"<p>Unisciti a noi per un incontro dedicato alla trasformazione della logistica! Il 7 novembre 2024, a Zabrze, si terr\u00e0 la conferenza &#8220;Optimization of Intralogistics and Warehouse Processes&#8221; (Ottimizzazione dei processi intralogistici e di magazzino), uno degli eventi chiave per il settore della logistica di quest&#8217;anno. L&#8217;evento, organizzato da Axon Media, vedr\u00e0 ancora una volta Anter [&hellip;]<\/p>\n","protected":false},"author":1,"featured_media":0,"parent":30444,"menu_order":0,"comment_status":"closed","ping_status":"closed","template":"","meta":{"inline_featured_image":false,"ngg_post_thumbnail":0,"footnotes":""},"class_list":["post-39703","page","type-page","status-publish","hentry"],"acf":[],"yoast_head":"<!-- This site is optimized with the Yoast SEO plugin v27.0 - https:\/\/yoast.com\/product\/yoast-seo-wordpress\/ -->\n<title>Anter System partner della conferenza di settore - Anter System<\/title>\n<meta name=\"description\" content=\"Unisciti a noi per un incontro dedicato alla trasformazione della logistica! Il 7 novembre 2024, a Zabrze, si terr\u00e0 la conferenza &quot;Optimization of\" \/>\n<meta name=\"robots\" content=\"index, follow, max-snippet:-1, max-image-preview:large, max-video-preview:-1\" \/>\n<link rel=\"canonical\" href=\"https:\/\/antersystem.com\/it\/notizie\/anter-system-partner-of-the-industry-conference\/\" \/>\n<meta property=\"og:locale\" content=\"it_IT\" \/>\n<meta property=\"og:type\" content=\"article\" \/>\n<meta property=\"og:title\" content=\"Anter System partner della conferenza di settore - Anter System\" \/>\n<meta property=\"og:description\" content=\"Unisciti a noi per un incontro dedicato alla trasformazione della logistica! Il 7 novembre 2024, a Zabrze, si terr\u00e0 la conferenza &quot;Optimization of\" \/>\n<meta property=\"og:url\" content=\"https:\/\/antersystem.com\/it\/notizie\/anter-system-partner-of-the-industry-conference\/\" \/>\n<meta property=\"og:site_name\" content=\"Anter System\" \/>\n<meta property=\"article:modified_time\" content=\"2026-02-04T13:07:26+00:00\" \/>\n<meta property=\"og:image\" content=\"https:\/\/antersystem.com\/wp-content\/uploads\/Konferencja_optymalizacja-procesow-logistycznych-2024-1024x576.jpg\" \/>\n<meta name=\"twitter:card\" content=\"summary_large_image\" \/>\n<meta name=\"twitter:label1\" content=\"Tempo di lettura stimato\" \/>\n\t<meta name=\"twitter:data1\" content=\"2 minuti\" \/>\n<script type=\"application\/ld+json\" class=\"yoast-schema-graph\">{\"@context\":\"https:\/\/schema.org\",\"@graph\":[{\"@type\":\"WebPage\",\"@id\":\"https:\/\/antersystem.com\/it\/notizie\/anter-system-partner-of-the-industry-conference\/\",\"url\":\"https:\/\/antersystem.com\/it\/notizie\/anter-system-partner-of-the-industry-conference\/\",\"name\":\"Anter System partner della conferenza di settore - Anter System\",\"isPartOf\":{\"@id\":\"https:\/\/antersystem.com\/it\/#website\"},\"primaryImageOfPage\":{\"@id\":\"https:\/\/antersystem.com\/it\/notizie\/anter-system-partner-of-the-industry-conference\/#primaryimage\"},\"image\":{\"@id\":\"https:\/\/antersystem.com\/it\/notizie\/anter-system-partner-of-the-industry-conference\/#primaryimage\"},\"thumbnailUrl\":\"https:\/\/antersystem.com\/wp-content\/uploads\/Konferencja_optymalizacja-procesow-logistycznych-2024-1024x576.jpg\",\"datePublished\":\"2024-10-22T12:33:00+00:00\",\"dateModified\":\"2026-02-04T13:07:26+00:00\",\"description\":\"Unisciti a noi per un incontro dedicato alla trasformazione della logistica! Il 7 novembre 2024, a Zabrze, si terr\u00e0 la conferenza \\\"Optimization of\",\"breadcrumb\":{\"@id\":\"https:\/\/antersystem.com\/it\/notizie\/anter-system-partner-of-the-industry-conference\/#breadcrumb\"},\"inLanguage\":\"it-IT\",\"potentialAction\":[{\"@type\":\"ReadAction\",\"target\":[\"https:\/\/antersystem.com\/it\/notizie\/anter-system-partner-of-the-industry-conference\/\"]}]},{\"@type\":\"ImageObject\",\"inLanguage\":\"it-IT\",\"@id\":\"https:\/\/antersystem.com\/it\/notizie\/anter-system-partner-of-the-industry-conference\/#primaryimage\",\"url\":\"https:\/\/antersystem.com\/wp-content\/uploads\/Konferencja_optymalizacja-procesow-logistycznych-2024-1024x576.jpg\",\"contentUrl\":\"https:\/\/antersystem.com\/wp-content\/uploads\/Konferencja_optymalizacja-procesow-logistycznych-2024-1024x576.jpg\"},{\"@type\":\"BreadcrumbList\",\"@id\":\"https:\/\/antersystem.com\/it\/notizie\/anter-system-partner-of-the-industry-conference\/#breadcrumb\",\"itemListElement\":[{\"@type\":\"ListItem\",\"position\":1,\"name\":\"AnterSystem\",\"item\":\"https:\/\/antersystem.com\/it\/\"},{\"@type\":\"ListItem\",\"position\":2,\"name\":\"Notizie\",\"item\":\"https:\/\/antersystem.com\/it\/notizie\/\"},{\"@type\":\"ListItem\",\"position\":3,\"name\":\"Anter System partner della conferenza di settore\"}]},{\"@type\":\"WebSite\",\"@id\":\"https:\/\/antersystem.com\/it\/#website\",\"url\":\"https:\/\/antersystem.com\/it\/\",\"name\":\"Anter System\",\"description\":\"Jeste\u015bmy polskim producentem elastycznych barier ochronnych wykonywanych z polimerowych tworzyw sztucznych. Na rynku krajowym i zagranicznym dzia\u0142amy od ponad 15 lat dbaj\u0105c o zapewnienie bezpiecze\u0144stwa w zak\u0142adach produkcyjnych, magazynach oraz centrach logistycznych.\",\"potentialAction\":[{\"@type\":\"SearchAction\",\"target\":{\"@type\":\"EntryPoint\",\"urlTemplate\":\"https:\/\/antersystem.com\/it\/?s={search_term_string}\"},\"query-input\":{\"@type\":\"PropertyValueSpecification\",\"valueRequired\":true,\"valueName\":\"search_term_string\"}}],\"inLanguage\":\"it-IT\"}]}<\/script>\n<!-- \/ Yoast SEO plugin. -->","yoast_head_json":{"title":"Anter System partner della conferenza di settore - Anter System","description":"Unisciti a noi per un incontro dedicato alla trasformazione della logistica! Il 7 novembre 2024, a Zabrze, si terr\u00e0 la conferenza \"Optimization of","robots":{"index":"index","follow":"follow","max-snippet":"max-snippet:-1","max-image-preview":"max-image-preview:large","max-video-preview":"max-video-preview:-1"},"canonical":"https:\/\/antersystem.com\/it\/notizie\/anter-system-partner-of-the-industry-conference\/","og_locale":"it_IT","og_type":"article","og_title":"Anter System partner della conferenza di settore - Anter System","og_description":"Unisciti a noi per un incontro dedicato alla trasformazione della logistica! Il 7 novembre 2024, a Zabrze, si terr\u00e0 la conferenza \"Optimization of","og_url":"https:\/\/antersystem.com\/it\/notizie\/anter-system-partner-of-the-industry-conference\/","og_site_name":"Anter System","article_modified_time":"2026-02-04T13:07:26+00:00","og_image":[{"url":"https:\/\/antersystem.com\/wp-content\/uploads\/Konferencja_optymalizacja-procesow-logistycznych-2024-1024x576.jpg","type":"","width":"","height":""}],"twitter_card":"summary_large_image","twitter_misc":{"Tempo di lettura stimato":"2 minuti"},"schema":{"@context":"https:\/\/schema.org","@graph":[{"@type":"WebPage","@id":"https:\/\/antersystem.com\/it\/notizie\/anter-system-partner-of-the-industry-conference\/","url":"https:\/\/antersystem.com\/it\/notizie\/anter-system-partner-of-the-industry-conference\/","name":"Anter System partner della conferenza di settore - Anter System","isPartOf":{"@id":"https:\/\/antersystem.com\/it\/#website"},"primaryImageOfPage":{"@id":"https:\/\/antersystem.com\/it\/notizie\/anter-system-partner-of-the-industry-conference\/#primaryimage"},"image":{"@id":"https:\/\/antersystem.com\/it\/notizie\/anter-system-partner-of-the-industry-conference\/#primaryimage"},"thumbnailUrl":"https:\/\/antersystem.com\/wp-content\/uploads\/Konferencja_optymalizacja-procesow-logistycznych-2024-1024x576.jpg","datePublished":"2024-10-22T12:33:00+00:00","dateModified":"2026-02-04T13:07:26+00:00","description":"Unisciti a noi per un incontro dedicato alla trasformazione della logistica! Il 7 novembre 2024, a Zabrze, si terr\u00e0 la conferenza \"Optimization of","breadcrumb":{"@id":"https:\/\/antersystem.com\/it\/notizie\/anter-system-partner-of-the-industry-conference\/#breadcrumb"},"inLanguage":"it-IT","potentialAction":[{"@type":"ReadAction","target":["https:\/\/antersystem.com\/it\/notizie\/anter-system-partner-of-the-industry-conference\/"]}]},{"@type":"ImageObject","inLanguage":"it-IT","@id":"https:\/\/antersystem.com\/it\/notizie\/anter-system-partner-of-the-industry-conference\/#primaryimage","url":"https:\/\/antersystem.com\/wp-content\/uploads\/Konferencja_optymalizacja-procesow-logistycznych-2024-1024x576.jpg","contentUrl":"https:\/\/antersystem.com\/wp-content\/uploads\/Konferencja_optymalizacja-procesow-logistycznych-2024-1024x576.jpg"},{"@type":"BreadcrumbList","@id":"https:\/\/antersystem.com\/it\/notizie\/anter-system-partner-of-the-industry-conference\/#breadcrumb","itemListElement":[{"@type":"ListItem","position":1,"name":"AnterSystem","item":"https:\/\/antersystem.com\/it\/"},{"@type":"ListItem","position":2,"name":"Notizie","item":"https:\/\/antersystem.com\/it\/notizie\/"},{"@type":"ListItem","position":3,"name":"Anter System partner della conferenza di settore"}]},{"@type":"WebSite","@id":"https:\/\/antersystem.com\/it\/#website","url":"https:\/\/antersystem.com\/it\/","name":"Anter System","description":"Jeste\u015bmy polskim producentem elastycznych barier ochronnych wykonywanych z polimerowych tworzyw sztucznych. Na rynku krajowym i zagranicznym dzia\u0142amy od ponad 15 lat dbaj\u0105c o zapewnienie bezpiecze\u0144stwa w zak\u0142adach produkcyjnych, magazynach oraz centrach logistycznych.","potentialAction":[{"@type":"SearchAction","target":{"@type":"EntryPoint","urlTemplate":"https:\/\/antersystem.com\/it\/?s={search_term_string}"},"query-input":{"@type":"PropertyValueSpecification","valueRequired":true,"valueName":"search_term_string"}}],"inLanguage":"it-IT"}]}},"_links":{"self":[{"href":"https:\/\/antersystem.com\/it\/wp-json\/wp\/v2\/pages\/39703","targetHints":{"allow":["GET"]}}],"collection":[{"href":"https:\/\/antersystem.com\/it\/wp-json\/wp\/v2\/pages"}],"about":[{"href":"https:\/\/antersystem.com\/it\/wp-json\/wp\/v2\/types\/page"}],"author":[{"embeddable":true,"href":"https:\/\/antersystem.com\/it\/wp-json\/wp\/v2\/users\/1"}],"replies":[{"embeddable":true,"href":"https:\/\/antersystem.com\/it\/wp-json\/wp\/v2\/comments?post=39703"}],"version-history":[{"count":1,"href":"https:\/\/antersystem.com\/it\/wp-json\/wp\/v2\/pages\/39703\/revisions"}],"predecessor-version":[{"id":39704,"href":"https:\/\/antersystem.com\/it\/wp-json\/wp\/v2\/pages\/39703\/revisions\/39704"}],"up":[{"embeddable":true,"href":"https:\/\/antersystem.com\/it\/wp-json\/wp\/v2\/pages\/30444"}],"wp:attachment":[{"href":"https:\/\/antersystem.com\/it\/wp-json\/wp\/v2\/media?parent=39703"}],"curies":[{"name":"wp","href":"https:\/\/api.w.org\/{rel}","templated":true}]}}