{"id":39858,"date":"2025-11-07T14:23:00","date_gmt":"2025-11-07T13:23:00","guid":{"rendered":"https:\/\/antersystem.com\/notizie\/warsaw-industry-week-2025\/"},"modified":"2025-11-07T14:23:00","modified_gmt":"2025-11-07T13:23:00","slug":"warsaw-industry-week-2025","status":"publish","type":"page","link":"https:\/\/antersystem.com\/it\/notizie\/warsaw-industry-week-2025\/","title":{"rendered":"Warsaw Industry Week 2025"},"content":{"rendered":"<p>Anche quest&#8217;anno il nostro team ha avuto il piacere di partecipare alla <strong>Warsaw Industry Week<\/strong>. La nona edizione ha riunito aziende leader, esperti e appassionati di tecnologia per tre giorni pieni di innovazione, ispirazione e conversazioni di valore. \u00c8 stata un&#8217;ottima occasione per riallacciare i contatti con i professionisti del settore, conoscere nuovi partner ed esplorare le ultime tendenze che stanno plasmando il futuro della produzione.  <\/p>\n<p>La fiera di quest&#8217;anno \u00e8 stata impressionante per dimensioni e portata, con oltre 500 espositori e 22.573 visitatori provenienti da tutta la Polonia e dall&#8217;estero. Ogni padiglione ha offerto l&#8217;opportunit\u00e0 di esplorare le ultime soluzioni industriali, di assistere a dimostrazioni dal vivo e di entrare in contatto con innovatori provenienti da tutta la regione, rendendo l&#8217;ambiente stimolante per l&#8217;apprendimento e lo scambio di idee. <\/p>\n<p>Quest&#8217;anno \u00e8 stato particolarmente speciale per noi. Abbiamo avuto l&#8217;onore di ricevere le <strong>medaglie della Fiera della Qualit\u00e0 e dell&#8217;Innovazione<\/strong> in due categorie distinte: <\/p>\n<ol>\n<li><strong>Innovazione<\/strong> &#8211; premiati per le nostre soluzioni di sicurezza avanzate<\/li>\n<li><strong>Stand fieristici<\/strong> &#8211; riconosci il nostro design espositivo e la nostra presentazione<\/li>\n<\/ol>\n<p>Queste distinzioni evidenziano sia le nostre ambizioni tecnologiche sia l&#8217;attenzione che dedichiamo al modo in cui comunichiamo e mostriamo il nostro lavoro.<\/p>\n<p>La Warsaw Industry Week si \u00e8 rivelata ancora una volta un&#8217;esperienza preziosa per il nostro team. Ispirati dalla fiera, abbiamo portato con noi nuove idee, connessioni significative e intuizioni che guideranno le nostre future innovazioni nel settore manifatturiero. <\/p>\n","protected":false},"excerpt":{"rendered":"<p>Anche quest&#8217;anno il nostro team ha avuto il piacere di partecipare alla Warsaw Industry Week. La nona edizione ha riunito aziende leader, esperti e appassionati di tecnologia per tre giorni pieni di innovazione, ispirazione e conversazioni di valore. \u00c8 stata un&#8217;ottima occasione per riallacciare i contatti con i professionisti del settore, conoscere nuovi partner ed [&hellip;]<\/p>\n","protected":false},"author":11,"featured_media":39838,"parent":30444,"menu_order":0,"comment_status":"closed","ping_status":"closed","template":"","meta":{"inline_featured_image":false,"ngg_post_thumbnail":0,"footnotes":""},"class_list":["post-39858","page","type-page","status-publish","has-post-thumbnail","hentry"],"acf":[],"yoast_head":"<!-- This site is optimized with the Yoast SEO plugin v27.0 - https:\/\/yoast.com\/product\/yoast-seo-wordpress\/ -->\n<title>Warsaw Industry Week 2025 - Anter System<\/title>\n<meta name=\"description\" content=\"Anche quest&#039;anno il nostro team ha avuto il piacere di partecipare alla Warsaw Industry Week. La nona edizione ha riunito aziende leader, esperti e\" \/>\n<meta name=\"robots\" content=\"index, follow, max-snippet:-1, max-image-preview:large, max-video-preview:-1\" \/>\n<link rel=\"canonical\" href=\"https:\/\/antersystem.com\/it\/notizie\/warsaw-industry-week-2025\/\" \/>\n<meta property=\"og:locale\" content=\"it_IT\" \/>\n<meta property=\"og:type\" content=\"article\" \/>\n<meta property=\"og:title\" content=\"Warsaw Industry Week 2025 - Anter System\" \/>\n<meta property=\"og:description\" content=\"Anche quest&#039;anno il nostro team ha avuto il piacere di partecipare alla Warsaw Industry Week. La nona edizione ha riunito aziende leader, esperti e\" \/>\n<meta property=\"og:url\" content=\"https:\/\/antersystem.com\/it\/notizie\/warsaw-industry-week-2025\/\" \/>\n<meta property=\"og:site_name\" content=\"Anter System\" \/>\n<meta property=\"og:image\" content=\"https:\/\/antersystem.com\/wp-content\/uploads\/WIW2025-01.webp\" \/>\n\t<meta property=\"og:image:width\" content=\"2001\" \/>\n\t<meta property=\"og:image:height\" content=\"1001\" \/>\n\t<meta property=\"og:image:type\" content=\"image\/webp\" \/>\n<meta name=\"twitter:card\" content=\"summary_large_image\" \/>\n<meta name=\"twitter:label1\" content=\"Tempo di lettura stimato\" \/>\n\t<meta name=\"twitter:data1\" content=\"1 minuto\" \/>\n<script type=\"application\/ld+json\" class=\"yoast-schema-graph\">{\"@context\":\"https:\/\/schema.org\",\"@graph\":[{\"@type\":\"WebPage\",\"@id\":\"https:\/\/antersystem.com\/it\/notizie\/warsaw-industry-week-2025\/\",\"url\":\"https:\/\/antersystem.com\/it\/notizie\/warsaw-industry-week-2025\/\",\"name\":\"Warsaw Industry Week 2025 - Anter System\",\"isPartOf\":{\"@id\":\"https:\/\/antersystem.com\/it\/#website\"},\"primaryImageOfPage\":{\"@id\":\"https:\/\/antersystem.com\/it\/notizie\/warsaw-industry-week-2025\/#primaryimage\"},\"image\":{\"@id\":\"https:\/\/antersystem.com\/it\/notizie\/warsaw-industry-week-2025\/#primaryimage\"},\"thumbnailUrl\":\"https:\/\/antersystem.com\/wp-content\/uploads\/WIW2025-01.webp\",\"datePublished\":\"2025-11-07T13:23:00+00:00\",\"description\":\"Anche quest'anno il nostro team ha avuto il piacere di partecipare alla Warsaw Industry Week. La nona edizione ha riunito aziende leader, esperti e\",\"breadcrumb\":{\"@id\":\"https:\/\/antersystem.com\/it\/notizie\/warsaw-industry-week-2025\/#breadcrumb\"},\"inLanguage\":\"it-IT\",\"potentialAction\":[{\"@type\":\"ReadAction\",\"target\":[\"https:\/\/antersystem.com\/it\/notizie\/warsaw-industry-week-2025\/\"]}]},{\"@type\":\"ImageObject\",\"inLanguage\":\"it-IT\",\"@id\":\"https:\/\/antersystem.com\/it\/notizie\/warsaw-industry-week-2025\/#primaryimage\",\"url\":\"https:\/\/antersystem.com\/wp-content\/uploads\/WIW2025-01.webp\",\"contentUrl\":\"https:\/\/antersystem.com\/wp-content\/uploads\/WIW2025-01.webp\",\"width\":2001,\"height\":1001},{\"@type\":\"BreadcrumbList\",\"@id\":\"https:\/\/antersystem.com\/it\/notizie\/warsaw-industry-week-2025\/#breadcrumb\",\"itemListElement\":[{\"@type\":\"ListItem\",\"position\":1,\"name\":\"AnterSystem\",\"item\":\"https:\/\/antersystem.com\/it\/\"},{\"@type\":\"ListItem\",\"position\":2,\"name\":\"Notizie\",\"item\":\"https:\/\/antersystem.com\/it\/notizie\/\"},{\"@type\":\"ListItem\",\"position\":3,\"name\":\"Warsaw Industry Week 2025\"}]},{\"@type\":\"WebSite\",\"@id\":\"https:\/\/antersystem.com\/it\/#website\",\"url\":\"https:\/\/antersystem.com\/it\/\",\"name\":\"Anter System\",\"description\":\"Jeste\u015bmy polskim producentem elastycznych barier ochronnych wykonywanych z polimerowych tworzyw sztucznych. Na rynku krajowym i zagranicznym dzia\u0142amy od ponad 15 lat dbaj\u0105c o zapewnienie bezpiecze\u0144stwa w zak\u0142adach produkcyjnych, magazynach oraz centrach logistycznych.\",\"potentialAction\":[{\"@type\":\"SearchAction\",\"target\":{\"@type\":\"EntryPoint\",\"urlTemplate\":\"https:\/\/antersystem.com\/it\/?s={search_term_string}\"},\"query-input\":{\"@type\":\"PropertyValueSpecification\",\"valueRequired\":true,\"valueName\":\"search_term_string\"}}],\"inLanguage\":\"it-IT\"}]}<\/script>\n<!-- \/ Yoast SEO plugin. -->","yoast_head_json":{"title":"Warsaw Industry Week 2025 - Anter System","description":"Anche quest'anno il nostro team ha avuto il piacere di partecipare alla Warsaw Industry Week. La nona edizione ha riunito aziende leader, esperti e","robots":{"index":"index","follow":"follow","max-snippet":"max-snippet:-1","max-image-preview":"max-image-preview:large","max-video-preview":"max-video-preview:-1"},"canonical":"https:\/\/antersystem.com\/it\/notizie\/warsaw-industry-week-2025\/","og_locale":"it_IT","og_type":"article","og_title":"Warsaw Industry Week 2025 - Anter System","og_description":"Anche quest'anno il nostro team ha avuto il piacere di partecipare alla Warsaw Industry Week. La nona edizione ha riunito aziende leader, esperti e","og_url":"https:\/\/antersystem.com\/it\/notizie\/warsaw-industry-week-2025\/","og_site_name":"Anter System","og_image":[{"width":2001,"height":1001,"url":"https:\/\/antersystem.com\/wp-content\/uploads\/WIW2025-01.webp","type":"image\/webp"}],"twitter_card":"summary_large_image","twitter_misc":{"Tempo di lettura stimato":"1 minuto"},"schema":{"@context":"https:\/\/schema.org","@graph":[{"@type":"WebPage","@id":"https:\/\/antersystem.com\/it\/notizie\/warsaw-industry-week-2025\/","url":"https:\/\/antersystem.com\/it\/notizie\/warsaw-industry-week-2025\/","name":"Warsaw Industry Week 2025 - Anter System","isPartOf":{"@id":"https:\/\/antersystem.com\/it\/#website"},"primaryImageOfPage":{"@id":"https:\/\/antersystem.com\/it\/notizie\/warsaw-industry-week-2025\/#primaryimage"},"image":{"@id":"https:\/\/antersystem.com\/it\/notizie\/warsaw-industry-week-2025\/#primaryimage"},"thumbnailUrl":"https:\/\/antersystem.com\/wp-content\/uploads\/WIW2025-01.webp","datePublished":"2025-11-07T13:23:00+00:00","description":"Anche quest'anno il nostro team ha avuto il piacere di partecipare alla Warsaw Industry Week. La nona edizione ha riunito aziende leader, esperti e","breadcrumb":{"@id":"https:\/\/antersystem.com\/it\/notizie\/warsaw-industry-week-2025\/#breadcrumb"},"inLanguage":"it-IT","potentialAction":[{"@type":"ReadAction","target":["https:\/\/antersystem.com\/it\/notizie\/warsaw-industry-week-2025\/"]}]},{"@type":"ImageObject","inLanguage":"it-IT","@id":"https:\/\/antersystem.com\/it\/notizie\/warsaw-industry-week-2025\/#primaryimage","url":"https:\/\/antersystem.com\/wp-content\/uploads\/WIW2025-01.webp","contentUrl":"https:\/\/antersystem.com\/wp-content\/uploads\/WIW2025-01.webp","width":2001,"height":1001},{"@type":"BreadcrumbList","@id":"https:\/\/antersystem.com\/it\/notizie\/warsaw-industry-week-2025\/#breadcrumb","itemListElement":[{"@type":"ListItem","position":1,"name":"AnterSystem","item":"https:\/\/antersystem.com\/it\/"},{"@type":"ListItem","position":2,"name":"Notizie","item":"https:\/\/antersystem.com\/it\/notizie\/"},{"@type":"ListItem","position":3,"name":"Warsaw Industry Week 2025"}]},{"@type":"WebSite","@id":"https:\/\/antersystem.com\/it\/#website","url":"https:\/\/antersystem.com\/it\/","name":"Anter System","description":"Jeste\u015bmy polskim producentem elastycznych barier ochronnych wykonywanych z polimerowych tworzyw sztucznych. Na rynku krajowym i zagranicznym dzia\u0142amy od ponad 15 lat dbaj\u0105c o zapewnienie bezpiecze\u0144stwa w zak\u0142adach produkcyjnych, magazynach oraz centrach logistycznych.","potentialAction":[{"@type":"SearchAction","target":{"@type":"EntryPoint","urlTemplate":"https:\/\/antersystem.com\/it\/?s={search_term_string}"},"query-input":{"@type":"PropertyValueSpecification","valueRequired":true,"valueName":"search_term_string"}}],"inLanguage":"it-IT"}]}},"_links":{"self":[{"href":"https:\/\/antersystem.com\/it\/wp-json\/wp\/v2\/pages\/39858","targetHints":{"allow":["GET"]}}],"collection":[{"href":"https:\/\/antersystem.com\/it\/wp-json\/wp\/v2\/pages"}],"about":[{"href":"https:\/\/antersystem.com\/it\/wp-json\/wp\/v2\/types\/page"}],"author":[{"embeddable":true,"href":"https:\/\/antersystem.com\/it\/wp-json\/wp\/v2\/users\/11"}],"replies":[{"embeddable":true,"href":"https:\/\/antersystem.com\/it\/wp-json\/wp\/v2\/comments?post=39858"}],"version-history":[{"count":0,"href":"https:\/\/antersystem.com\/it\/wp-json\/wp\/v2\/pages\/39858\/revisions"}],"up":[{"embeddable":true,"href":"https:\/\/antersystem.com\/it\/wp-json\/wp\/v2\/pages\/30444"}],"wp:featuredmedia":[{"embeddable":true,"href":"https:\/\/antersystem.com\/it\/wp-json\/wp\/v2\/media\/39838"}],"wp:attachment":[{"href":"https:\/\/antersystem.com\/it\/wp-json\/wp\/v2\/media?parent=39858"}],"curies":[{"name":"wp","href":"https:\/\/api.w.org\/{rel}","templated":true}]}}