{"id":39869,"date":"2025-11-07T12:14:45","date_gmt":"2025-11-07T11:14:45","guid":{"rendered":"https:\/\/antersystem.com\/notizie\/logistica-next-2025-utrecht\/"},"modified":"2026-02-05T12:30:56","modified_gmt":"2026-02-05T11:30:56","slug":"logistica-next-2025-utrecht","status":"publish","type":"page","link":"https:\/\/antersystem.com\/it\/notizie\/logistica-next-2025-utrecht\/","title":{"rendered":"Logistica Next 2025 a Utrecht"},"content":{"rendered":"<p>This year we had the pleasure to attend Logistica Next trade fair in Utrecht for the very first time. The event gathered a wide variety of specialists, innovators and companies \u2013 all eager to explore new technologies and share ideas about the future of logistics and intralogistics.<\/p>\n<p>This fair was a great opportunity to introduce our solutions to a completely new audience, and exchange valuable insights and experience with visitors who face everyday challenges among logistics operations. Seeing so much interest in our safety and efficiency solutions were truly appreciated and encouraging for the constant development. These meetings gave us fresh perspectives and helped us better understand where the sector is heading.<\/p>\n<p>Overall, our debut at Logistica Next turned out to be an inspiring and energizing experience. We left Utrecht with new contacts, new ideas, and a stronger sense of how we can continue improving and expanding our offer.<\/p>\n<p>Thank you to everyone who took the time to visit our stand and exchange one\u2019s thoughts. We\u2019re looking forward to seeing you at future events.<\/p>\nngg_shortcode_0_placeholder\n","protected":false},"excerpt":{"rendered":"<p>This year we had the pleasure to attend Logistica Next trade fair in Utrecht for the very first time. The event gathered a wide variety of specialists, innovators and companies \u2013 all eager to explore new technologies and share ideas about the future of logistics and intralogistics. This fair was a great opportunity to introduce [&hellip;]<\/p>\n","protected":false},"author":11,"featured_media":39784,"parent":30444,"menu_order":0,"comment_status":"closed","ping_status":"closed","template":"","meta":{"inline_featured_image":false,"ngg_post_thumbnail":0,"footnotes":""},"class_list":["post-39869","page","type-page","status-publish","has-post-thumbnail","hentry"],"acf":[],"yoast_head":"<!-- This site is optimized with the Yoast SEO plugin v27.0 - https:\/\/yoast.com\/product\/yoast-seo-wordpress\/ -->\n<title>Logistica Next 2025 a Utrecht - Anter System<\/title>\n<meta name=\"description\" content=\"This year we had the pleasure to attend Logistica Next trade fair in Utrecht for the very first time. The event gathered a wide variety of specialists,\" \/>\n<meta name=\"robots\" content=\"index, follow, max-snippet:-1, max-image-preview:large, max-video-preview:-1\" \/>\n<link rel=\"canonical\" href=\"https:\/\/antersystem.com\/it\/notizie\/logistica-next-2025-utrecht\/\" \/>\n<meta property=\"og:locale\" content=\"it_IT\" \/>\n<meta property=\"og:type\" content=\"article\" \/>\n<meta property=\"og:title\" content=\"Logistica Next 2025 a Utrecht - Anter System\" \/>\n<meta property=\"og:description\" content=\"This year we had the pleasure to attend Logistica Next trade fair in Utrecht for the very first time. The event gathered a wide variety of specialists,\" \/>\n<meta property=\"og:url\" content=\"https:\/\/antersystem.com\/it\/notizie\/logistica-next-2025-utrecht\/\" \/>\n<meta property=\"og:site_name\" content=\"Anter System\" \/>\n<meta property=\"article:modified_time\" content=\"2026-02-05T11:30:56+00:00\" \/>\n<meta property=\"og:image\" content=\"https:\/\/antersystem.com\/wp-content\/uploads\/Loginext2025-01.webp\" \/>\n\t<meta property=\"og:image:width\" content=\"2001\" \/>\n\t<meta property=\"og:image:height\" content=\"1000\" \/>\n\t<meta property=\"og:image:type\" content=\"image\/webp\" \/>\n<meta name=\"twitter:card\" content=\"summary_large_image\" \/>\n<meta name=\"twitter:label1\" content=\"Tempo di lettura stimato\" \/>\n\t<meta name=\"twitter:data1\" content=\"1 minuto\" \/>\n<script type=\"application\/ld+json\" class=\"yoast-schema-graph\">{\"@context\":\"https:\/\/schema.org\",\"@graph\":[{\"@type\":\"WebPage\",\"@id\":\"https:\/\/antersystem.com\/it\/notizie\/logistica-next-2025-utrecht\/\",\"url\":\"https:\/\/antersystem.com\/it\/notizie\/logistica-next-2025-utrecht\/\",\"name\":\"Logistica Next 2025 a Utrecht - Anter System\",\"isPartOf\":{\"@id\":\"https:\/\/antersystem.com\/it\/#website\"},\"primaryImageOfPage\":{\"@id\":\"https:\/\/antersystem.com\/it\/notizie\/logistica-next-2025-utrecht\/#primaryimage\"},\"image\":{\"@id\":\"https:\/\/antersystem.com\/it\/notizie\/logistica-next-2025-utrecht\/#primaryimage\"},\"thumbnailUrl\":\"https:\/\/antersystem.com\/wp-content\/uploads\/Loginext2025-01.webp\",\"datePublished\":\"2025-11-07T11:14:45+00:00\",\"dateModified\":\"2026-02-05T11:30:56+00:00\",\"description\":\"This year we had the pleasure to attend Logistica Next trade fair in Utrecht for the very first time. The event gathered a wide variety of specialists,\",\"breadcrumb\":{\"@id\":\"https:\/\/antersystem.com\/it\/notizie\/logistica-next-2025-utrecht\/#breadcrumb\"},\"inLanguage\":\"it-IT\",\"potentialAction\":[{\"@type\":\"ReadAction\",\"target\":[\"https:\/\/antersystem.com\/it\/notizie\/logistica-next-2025-utrecht\/\"]}]},{\"@type\":\"ImageObject\",\"inLanguage\":\"it-IT\",\"@id\":\"https:\/\/antersystem.com\/it\/notizie\/logistica-next-2025-utrecht\/#primaryimage\",\"url\":\"https:\/\/antersystem.com\/wp-content\/uploads\/Loginext2025-01.webp\",\"contentUrl\":\"https:\/\/antersystem.com\/wp-content\/uploads\/Loginext2025-01.webp\",\"width\":2001,\"height\":1000},{\"@type\":\"BreadcrumbList\",\"@id\":\"https:\/\/antersystem.com\/it\/notizie\/logistica-next-2025-utrecht\/#breadcrumb\",\"itemListElement\":[{\"@type\":\"ListItem\",\"position\":1,\"name\":\"AnterSystem\",\"item\":\"https:\/\/antersystem.com\/it\/\"},{\"@type\":\"ListItem\",\"position\":2,\"name\":\"Notizie\",\"item\":\"https:\/\/antersystem.com\/it\/notizie\/\"},{\"@type\":\"ListItem\",\"position\":3,\"name\":\"Logistica Next 2025 a Utrecht\"}]},{\"@type\":\"WebSite\",\"@id\":\"https:\/\/antersystem.com\/it\/#website\",\"url\":\"https:\/\/antersystem.com\/it\/\",\"name\":\"Anter System\",\"description\":\"Jeste\u015bmy polskim producentem elastycznych barier ochronnych wykonywanych z polimerowych tworzyw sztucznych. Na rynku krajowym i zagranicznym dzia\u0142amy od ponad 15 lat dbaj\u0105c o zapewnienie bezpiecze\u0144stwa w zak\u0142adach produkcyjnych, magazynach oraz centrach logistycznych.\",\"potentialAction\":[{\"@type\":\"SearchAction\",\"target\":{\"@type\":\"EntryPoint\",\"urlTemplate\":\"https:\/\/antersystem.com\/it\/?s={search_term_string}\"},\"query-input\":{\"@type\":\"PropertyValueSpecification\",\"valueRequired\":true,\"valueName\":\"search_term_string\"}}],\"inLanguage\":\"it-IT\"}]}<\/script>\n<!-- \/ Yoast SEO plugin. -->","yoast_head_json":{"title":"Logistica Next 2025 a Utrecht - Anter System","description":"This year we had the pleasure to attend Logistica Next trade fair in Utrecht for the very first time. The event gathered a wide variety of specialists,","robots":{"index":"index","follow":"follow","max-snippet":"max-snippet:-1","max-image-preview":"max-image-preview:large","max-video-preview":"max-video-preview:-1"},"canonical":"https:\/\/antersystem.com\/it\/notizie\/logistica-next-2025-utrecht\/","og_locale":"it_IT","og_type":"article","og_title":"Logistica Next 2025 a Utrecht - Anter System","og_description":"This year we had the pleasure to attend Logistica Next trade fair in Utrecht for the very first time. The event gathered a wide variety of specialists,","og_url":"https:\/\/antersystem.com\/it\/notizie\/logistica-next-2025-utrecht\/","og_site_name":"Anter System","article_modified_time":"2026-02-05T11:30:56+00:00","og_image":[{"width":2001,"height":1000,"url":"https:\/\/antersystem.com\/wp-content\/uploads\/Loginext2025-01.webp","type":"image\/webp"}],"twitter_card":"summary_large_image","twitter_misc":{"Tempo di lettura stimato":"1 minuto"},"schema":{"@context":"https:\/\/schema.org","@graph":[{"@type":"WebPage","@id":"https:\/\/antersystem.com\/it\/notizie\/logistica-next-2025-utrecht\/","url":"https:\/\/antersystem.com\/it\/notizie\/logistica-next-2025-utrecht\/","name":"Logistica Next 2025 a Utrecht - Anter System","isPartOf":{"@id":"https:\/\/antersystem.com\/it\/#website"},"primaryImageOfPage":{"@id":"https:\/\/antersystem.com\/it\/notizie\/logistica-next-2025-utrecht\/#primaryimage"},"image":{"@id":"https:\/\/antersystem.com\/it\/notizie\/logistica-next-2025-utrecht\/#primaryimage"},"thumbnailUrl":"https:\/\/antersystem.com\/wp-content\/uploads\/Loginext2025-01.webp","datePublished":"2025-11-07T11:14:45+00:00","dateModified":"2026-02-05T11:30:56+00:00","description":"This year we had the pleasure to attend Logistica Next trade fair in Utrecht for the very first time. The event gathered a wide variety of specialists,","breadcrumb":{"@id":"https:\/\/antersystem.com\/it\/notizie\/logistica-next-2025-utrecht\/#breadcrumb"},"inLanguage":"it-IT","potentialAction":[{"@type":"ReadAction","target":["https:\/\/antersystem.com\/it\/notizie\/logistica-next-2025-utrecht\/"]}]},{"@type":"ImageObject","inLanguage":"it-IT","@id":"https:\/\/antersystem.com\/it\/notizie\/logistica-next-2025-utrecht\/#primaryimage","url":"https:\/\/antersystem.com\/wp-content\/uploads\/Loginext2025-01.webp","contentUrl":"https:\/\/antersystem.com\/wp-content\/uploads\/Loginext2025-01.webp","width":2001,"height":1000},{"@type":"BreadcrumbList","@id":"https:\/\/antersystem.com\/it\/notizie\/logistica-next-2025-utrecht\/#breadcrumb","itemListElement":[{"@type":"ListItem","position":1,"name":"AnterSystem","item":"https:\/\/antersystem.com\/it\/"},{"@type":"ListItem","position":2,"name":"Notizie","item":"https:\/\/antersystem.com\/it\/notizie\/"},{"@type":"ListItem","position":3,"name":"Logistica Next 2025 a Utrecht"}]},{"@type":"WebSite","@id":"https:\/\/antersystem.com\/it\/#website","url":"https:\/\/antersystem.com\/it\/","name":"Anter System","description":"Jeste\u015bmy polskim producentem elastycznych barier ochronnych wykonywanych z polimerowych tworzyw sztucznych. Na rynku krajowym i zagranicznym dzia\u0142amy od ponad 15 lat dbaj\u0105c o zapewnienie bezpiecze\u0144stwa w zak\u0142adach produkcyjnych, magazynach oraz centrach logistycznych.","potentialAction":[{"@type":"SearchAction","target":{"@type":"EntryPoint","urlTemplate":"https:\/\/antersystem.com\/it\/?s={search_term_string}"},"query-input":{"@type":"PropertyValueSpecification","valueRequired":true,"valueName":"search_term_string"}}],"inLanguage":"it-IT"}]}},"_links":{"self":[{"href":"https:\/\/antersystem.com\/it\/wp-json\/wp\/v2\/pages\/39869","targetHints":{"allow":["GET"]}}],"collection":[{"href":"https:\/\/antersystem.com\/it\/wp-json\/wp\/v2\/pages"}],"about":[{"href":"https:\/\/antersystem.com\/it\/wp-json\/wp\/v2\/types\/page"}],"author":[{"embeddable":true,"href":"https:\/\/antersystem.com\/it\/wp-json\/wp\/v2\/users\/11"}],"replies":[{"embeddable":true,"href":"https:\/\/antersystem.com\/it\/wp-json\/wp\/v2\/comments?post=39869"}],"version-history":[{"count":1,"href":"https:\/\/antersystem.com\/it\/wp-json\/wp\/v2\/pages\/39869\/revisions"}],"predecessor-version":[{"id":39870,"href":"https:\/\/antersystem.com\/it\/wp-json\/wp\/v2\/pages\/39869\/revisions\/39870"}],"up":[{"embeddable":true,"href":"https:\/\/antersystem.com\/it\/wp-json\/wp\/v2\/pages\/30444"}],"wp:featuredmedia":[{"embeddable":true,"href":"https:\/\/antersystem.com\/it\/wp-json\/wp\/v2\/media\/39784"}],"wp:attachment":[{"href":"https:\/\/antersystem.com\/it\/wp-json\/wp\/v2\/media?parent=39869"}],"curies":[{"name":"wp","href":"https:\/\/api.w.org\/{rel}","templated":true}]}}