{"id":39889,"date":"2025-11-10T12:16:50","date_gmt":"2025-11-10T11:16:50","guid":{"rendered":"https:\/\/antersystem.com\/notizie\/aa-2025-dusseldorf\/"},"modified":"2025-11-10T12:16:50","modified_gmt":"2025-11-10T11:16:50","slug":"aa-2025-dusseldorf","status":"publish","type":"page","link":"https:\/\/antersystem.com\/it\/notizie\/aa-2025-dusseldorf\/","title":{"rendered":"A+A 2025 a D\u00fcsseldorf"},"content":{"rendered":"<p>Lo scorso novembre il nostro team ha avuto il piacere di partecipare all&#8217;A+A International Trade Fair and Congress di D\u00fcsseldorf, il pi\u00f9 grande evento al mondo di questa categoria incentrato sulla sicurezza, la salute e il benessere sul lavoro. La fiera di quest&#8217;anno ha riunito ben 2.340 espositori provenienti da 70 paesi e 67.000 visitatori provenienti da 150 nazioni diverse, riempiendo i padiglioni di grande energia e idee interessanti. <\/p>\n<p>La fiera ha offerto uno sguardo completo sulle ultime tendenze e sui miglioramenti del settore, dai dispositivi di protezione all&#8217;avanguardia alle tecnologie intelligenti, fino alle soluzioni orientate alla sostenibilit\u00e0. L&#8217;evento ha fornito una piattaforma alle aziende e ai professionisti per presentare le loro innovazioni, discutere le sfide emergenti e scambiare idee sul miglioramento della sicurezza e del benessere sul posto di lavoro in tutto il mondo. <\/p>\n<p>Era la prima volta che partecipavamo a questa fiera ed \u00e8 stato davvero emozionante vedere una cos\u00ec ampia gamma di innovazioni e nuove idee nel settore. Siamo grati per le preziose conversazioni e le connessioni instaurate in quell&#8217;occasione. <\/p>\n<p>Grazie a tutti coloro che si sono fermati e si sono messi in contatto con noi. Non vediamo l&#8217;ora di cogliere le opportunit\u00e0 che ci si presentano e di tornare in futuro. <\/p>\nngg_shortcode_0_placeholder\n","protected":false},"excerpt":{"rendered":"<p>Lo scorso novembre il nostro team ha avuto il piacere di partecipare all&#8217;A+A International Trade Fair and Congress di D\u00fcsseldorf, il pi\u00f9 grande evento al mondo di questa categoria incentrato sulla sicurezza, la salute e il benessere sul lavoro. La fiera di quest&#8217;anno ha riunito ben 2.340 espositori provenienti da 70 paesi e 67.000 visitatori [&hellip;]<\/p>\n","protected":false},"author":11,"featured_media":39811,"parent":30444,"menu_order":0,"comment_status":"closed","ping_status":"closed","template":"","meta":{"inline_featured_image":false,"ngg_post_thumbnail":0,"footnotes":""},"class_list":["post-39889","page","type-page","status-publish","has-post-thumbnail","hentry"],"acf":[],"yoast_head":"<!-- This site is optimized with the Yoast SEO plugin v27.0 - https:\/\/yoast.com\/product\/yoast-seo-wordpress\/ -->\n<title>A+A 2025 a D\u00fcsseldorf - Anter System<\/title>\n<meta name=\"description\" content=\"Lo scorso novembre il nostro team ha avuto il piacere di partecipare all&#039;A+A International Trade Fair and Congress di D\u00fcsseldorf, il pi\u00f9 grande evento al\" \/>\n<meta name=\"robots\" content=\"index, follow, max-snippet:-1, max-image-preview:large, max-video-preview:-1\" \/>\n<link rel=\"canonical\" href=\"https:\/\/antersystem.com\/it\/notizie\/aa-2025-dusseldorf\/\" \/>\n<meta property=\"og:locale\" content=\"it_IT\" \/>\n<meta property=\"og:type\" content=\"article\" \/>\n<meta property=\"og:title\" content=\"A+A 2025 a D\u00fcsseldorf - Anter System\" \/>\n<meta property=\"og:description\" content=\"Lo scorso novembre il nostro team ha avuto il piacere di partecipare all&#039;A+A International Trade Fair and Congress di D\u00fcsseldorf, il pi\u00f9 grande evento al\" \/>\n<meta property=\"og:url\" content=\"https:\/\/antersystem.com\/it\/notizie\/aa-2025-dusseldorf\/\" \/>\n<meta property=\"og:site_name\" content=\"Anter System\" \/>\n<meta property=\"og:image\" content=\"https:\/\/antersystem.com\/wp-content\/uploads\/AplusA2025-01.webp\" \/>\n\t<meta property=\"og:image:width\" content=\"2001\" \/>\n\t<meta property=\"og:image:height\" content=\"1001\" \/>\n\t<meta property=\"og:image:type\" content=\"image\/webp\" \/>\n<meta name=\"twitter:card\" content=\"summary_large_image\" \/>\n<meta name=\"twitter:label1\" content=\"Tempo di lettura stimato\" \/>\n\t<meta name=\"twitter:data1\" content=\"1 minuto\" \/>\n<script type=\"application\/ld+json\" class=\"yoast-schema-graph\">{\"@context\":\"https:\/\/schema.org\",\"@graph\":[{\"@type\":\"WebPage\",\"@id\":\"https:\/\/antersystem.com\/it\/notizie\/aa-2025-dusseldorf\/\",\"url\":\"https:\/\/antersystem.com\/it\/notizie\/aa-2025-dusseldorf\/\",\"name\":\"A+A 2025 a D\u00fcsseldorf - Anter System\",\"isPartOf\":{\"@id\":\"https:\/\/antersystem.com\/it\/#website\"},\"primaryImageOfPage\":{\"@id\":\"https:\/\/antersystem.com\/it\/notizie\/aa-2025-dusseldorf\/#primaryimage\"},\"image\":{\"@id\":\"https:\/\/antersystem.com\/it\/notizie\/aa-2025-dusseldorf\/#primaryimage\"},\"thumbnailUrl\":\"https:\/\/antersystem.com\/wp-content\/uploads\/AplusA2025-01.webp\",\"datePublished\":\"2025-11-10T11:16:50+00:00\",\"description\":\"Lo scorso novembre il nostro team ha avuto il piacere di partecipare all'A+A International Trade Fair and Congress di D\u00fcsseldorf, il pi\u00f9 grande evento al\",\"breadcrumb\":{\"@id\":\"https:\/\/antersystem.com\/it\/notizie\/aa-2025-dusseldorf\/#breadcrumb\"},\"inLanguage\":\"it-IT\",\"potentialAction\":[{\"@type\":\"ReadAction\",\"target\":[\"https:\/\/antersystem.com\/it\/notizie\/aa-2025-dusseldorf\/\"]}]},{\"@type\":\"ImageObject\",\"inLanguage\":\"it-IT\",\"@id\":\"https:\/\/antersystem.com\/it\/notizie\/aa-2025-dusseldorf\/#primaryimage\",\"url\":\"https:\/\/antersystem.com\/wp-content\/uploads\/AplusA2025-01.webp\",\"contentUrl\":\"https:\/\/antersystem.com\/wp-content\/uploads\/AplusA2025-01.webp\",\"width\":2001,\"height\":1001},{\"@type\":\"BreadcrumbList\",\"@id\":\"https:\/\/antersystem.com\/it\/notizie\/aa-2025-dusseldorf\/#breadcrumb\",\"itemListElement\":[{\"@type\":\"ListItem\",\"position\":1,\"name\":\"AnterSystem\",\"item\":\"https:\/\/antersystem.com\/it\/\"},{\"@type\":\"ListItem\",\"position\":2,\"name\":\"Notizie\",\"item\":\"https:\/\/antersystem.com\/it\/notizie\/\"},{\"@type\":\"ListItem\",\"position\":3,\"name\":\"A+A 2025 a D\u00fcsseldorf\"}]},{\"@type\":\"WebSite\",\"@id\":\"https:\/\/antersystem.com\/it\/#website\",\"url\":\"https:\/\/antersystem.com\/it\/\",\"name\":\"Anter System\",\"description\":\"Jeste\u015bmy polskim producentem elastycznych barier ochronnych wykonywanych z polimerowych tworzyw sztucznych. Na rynku krajowym i zagranicznym dzia\u0142amy od ponad 15 lat dbaj\u0105c o zapewnienie bezpiecze\u0144stwa w zak\u0142adach produkcyjnych, magazynach oraz centrach logistycznych.\",\"potentialAction\":[{\"@type\":\"SearchAction\",\"target\":{\"@type\":\"EntryPoint\",\"urlTemplate\":\"https:\/\/antersystem.com\/it\/?s={search_term_string}\"},\"query-input\":{\"@type\":\"PropertyValueSpecification\",\"valueRequired\":true,\"valueName\":\"search_term_string\"}}],\"inLanguage\":\"it-IT\"}]}<\/script>\n<!-- \/ Yoast SEO plugin. -->","yoast_head_json":{"title":"A+A 2025 a D\u00fcsseldorf - Anter System","description":"Lo scorso novembre il nostro team ha avuto il piacere di partecipare all'A+A International Trade Fair and Congress di D\u00fcsseldorf, il pi\u00f9 grande evento al","robots":{"index":"index","follow":"follow","max-snippet":"max-snippet:-1","max-image-preview":"max-image-preview:large","max-video-preview":"max-video-preview:-1"},"canonical":"https:\/\/antersystem.com\/it\/notizie\/aa-2025-dusseldorf\/","og_locale":"it_IT","og_type":"article","og_title":"A+A 2025 a D\u00fcsseldorf - Anter System","og_description":"Lo scorso novembre il nostro team ha avuto il piacere di partecipare all'A+A International Trade Fair and Congress di D\u00fcsseldorf, il pi\u00f9 grande evento al","og_url":"https:\/\/antersystem.com\/it\/notizie\/aa-2025-dusseldorf\/","og_site_name":"Anter System","og_image":[{"width":2001,"height":1001,"url":"https:\/\/antersystem.com\/wp-content\/uploads\/AplusA2025-01.webp","type":"image\/webp"}],"twitter_card":"summary_large_image","twitter_misc":{"Tempo di lettura stimato":"1 minuto"},"schema":{"@context":"https:\/\/schema.org","@graph":[{"@type":"WebPage","@id":"https:\/\/antersystem.com\/it\/notizie\/aa-2025-dusseldorf\/","url":"https:\/\/antersystem.com\/it\/notizie\/aa-2025-dusseldorf\/","name":"A+A 2025 a D\u00fcsseldorf - Anter System","isPartOf":{"@id":"https:\/\/antersystem.com\/it\/#website"},"primaryImageOfPage":{"@id":"https:\/\/antersystem.com\/it\/notizie\/aa-2025-dusseldorf\/#primaryimage"},"image":{"@id":"https:\/\/antersystem.com\/it\/notizie\/aa-2025-dusseldorf\/#primaryimage"},"thumbnailUrl":"https:\/\/antersystem.com\/wp-content\/uploads\/AplusA2025-01.webp","datePublished":"2025-11-10T11:16:50+00:00","description":"Lo scorso novembre il nostro team ha avuto il piacere di partecipare all'A+A International Trade Fair and Congress di D\u00fcsseldorf, il pi\u00f9 grande evento al","breadcrumb":{"@id":"https:\/\/antersystem.com\/it\/notizie\/aa-2025-dusseldorf\/#breadcrumb"},"inLanguage":"it-IT","potentialAction":[{"@type":"ReadAction","target":["https:\/\/antersystem.com\/it\/notizie\/aa-2025-dusseldorf\/"]}]},{"@type":"ImageObject","inLanguage":"it-IT","@id":"https:\/\/antersystem.com\/it\/notizie\/aa-2025-dusseldorf\/#primaryimage","url":"https:\/\/antersystem.com\/wp-content\/uploads\/AplusA2025-01.webp","contentUrl":"https:\/\/antersystem.com\/wp-content\/uploads\/AplusA2025-01.webp","width":2001,"height":1001},{"@type":"BreadcrumbList","@id":"https:\/\/antersystem.com\/it\/notizie\/aa-2025-dusseldorf\/#breadcrumb","itemListElement":[{"@type":"ListItem","position":1,"name":"AnterSystem","item":"https:\/\/antersystem.com\/it\/"},{"@type":"ListItem","position":2,"name":"Notizie","item":"https:\/\/antersystem.com\/it\/notizie\/"},{"@type":"ListItem","position":3,"name":"A+A 2025 a D\u00fcsseldorf"}]},{"@type":"WebSite","@id":"https:\/\/antersystem.com\/it\/#website","url":"https:\/\/antersystem.com\/it\/","name":"Anter System","description":"Jeste\u015bmy polskim producentem elastycznych barier ochronnych wykonywanych z polimerowych tworzyw sztucznych. Na rynku krajowym i zagranicznym dzia\u0142amy od ponad 15 lat dbaj\u0105c o zapewnienie bezpiecze\u0144stwa w zak\u0142adach produkcyjnych, magazynach oraz centrach logistycznych.","potentialAction":[{"@type":"SearchAction","target":{"@type":"EntryPoint","urlTemplate":"https:\/\/antersystem.com\/it\/?s={search_term_string}"},"query-input":{"@type":"PropertyValueSpecification","valueRequired":true,"valueName":"search_term_string"}}],"inLanguage":"it-IT"}]}},"_links":{"self":[{"href":"https:\/\/antersystem.com\/it\/wp-json\/wp\/v2\/pages\/39889","targetHints":{"allow":["GET"]}}],"collection":[{"href":"https:\/\/antersystem.com\/it\/wp-json\/wp\/v2\/pages"}],"about":[{"href":"https:\/\/antersystem.com\/it\/wp-json\/wp\/v2\/types\/page"}],"author":[{"embeddable":true,"href":"https:\/\/antersystem.com\/it\/wp-json\/wp\/v2\/users\/11"}],"replies":[{"embeddable":true,"href":"https:\/\/antersystem.com\/it\/wp-json\/wp\/v2\/comments?post=39889"}],"version-history":[{"count":0,"href":"https:\/\/antersystem.com\/it\/wp-json\/wp\/v2\/pages\/39889\/revisions"}],"up":[{"embeddable":true,"href":"https:\/\/antersystem.com\/it\/wp-json\/wp\/v2\/pages\/30444"}],"wp:featuredmedia":[{"embeddable":true,"href":"https:\/\/antersystem.com\/it\/wp-json\/wp\/v2\/media\/39811"}],"wp:attachment":[{"href":"https:\/\/antersystem.com\/it\/wp-json\/wp\/v2\/media?parent=39889"}],"curies":[{"name":"wp","href":"https:\/\/api.w.org\/{rel}","templated":true}]}}