{"id":40068,"date":"2026-02-12T13:00:38","date_gmt":"2026-02-12T12:00:38","guid":{"rendered":"https:\/\/antersystem.com\/case-studies\/hygiene-focused-safety-in-food-production\/"},"modified":"2026-02-12T13:05:58","modified_gmt":"2026-02-12T12:05:58","slug":"hygiene-focused-safety-in-food-production","status":"publish","type":"page","link":"https:\/\/antersystem.com\/it\/case-studies\/hygiene-focused-safety-in-food-production\/","title":{"rendered":"Sicurezza igienica nella produzione alimentare"},"content":{"rendered":"\n<h2 class=\"wp-block-heading\">Un approccio responsabile alla sicurezza e all&#8217;igiene in uno stabilimento di produzione alimentare<\/h2>\n\n<div class=\"wp-block-media-text has-media-on-the-right is-stacked-on-mobile is-image-fill-element\" style=\"grid-template-columns:auto 35%\"><div class=\"wp-block-media-text__content\">\n<h3 class=\"wp-block-heading\">Una missione condivisa: sicurezza e innovazione<\/h3>\n\n\n\n<p>Il cliente \u00e8 un produttore europeo che opera nel campo della nutrizione medica e della produzione di alimenti per l&#8217;infanzia. La sua missione \u00e8 quella di fornire un&#8217;assistenza nutrizionale di altissima qualit\u00e0 alle persone nei momenti pi\u00f9 vulnerabili della vita. Questa dichiarazione di responsabilit\u00e0 deve andare di pari passo con i <strong>pi\u00f9 alti standard di sicurezza e igiene<\/strong> nel processo di produzione.  <\/p>\n\n\n\n<p>Anter System, in qualit\u00e0 di produttore di moderne soluzioni di sicurezza, si adatta perfettamente a queste esigenze offrendo sistemi che supportano questa missione attraverso un <strong>reale miglioramento della sicurezza e della pulizia<\/strong> dell&#8217;ambiente di produzione.<\/p>\n\n\n\n<h3 class=\"wp-block-heading\">Cooperazione a lungo termine<\/h3>\n\n\n\n<p>Anter System collabora con le strutture produttive di questa organizzazione industriale da oltre 10 anni, realizzando installazioni successive di sistemi di sicurezza flessibili. In questo periodo sono stati portati a termine pi\u00f9 di 20 progetti, ognuno dei quali \u00e8 stato adattato alle <strong>esigenze individuali e agli elevati standard operativi<\/strong>. <\/p>\n\n\n\n<p><strong>Le prime barriere installate all&#8217;inizio di questa collaborazione a lungo termine sono ancora oggi in uso<\/strong> negli impianti di produzione, senza bisogno di sostituirle o rinnovarle. Questa \u00e8 una prova evidente della <strong>durata e della qualit\u00e0<\/strong> delle soluzioni applicate, che si traduce direttamente in una fiducia a lungo termine. <\/p>\n<\/div><figure class=\"wp-block-media-text__media\"><img loading=\"lazy\" decoding=\"async\" width=\"801\" height=\"1001\" src=\"https:\/\/antersystem.com\/wp-content\/uploads\/case-study-hygiene-12.webp\" alt=\"\" class=\"wp-image-39969 size-full\" style=\"object-position:50% 50%\" srcset=\"https:\/\/antersystem.com\/wp-content\/uploads\/case-study-hygiene-12.webp 801w, https:\/\/antersystem.com\/wp-content\/uploads\/case-study-hygiene-12-240x300.webp 240w, https:\/\/antersystem.com\/wp-content\/uploads\/case-study-hygiene-12-768x960.webp 768w, https:\/\/antersystem.com\/wp-content\/uploads\/case-study-hygiene-12-450x562.webp 450w, https:\/\/antersystem.com\/wp-content\/uploads\/case-study-hygiene-12-330x412.webp 330w\" sizes=\"auto, (max-width: 801px) 100vw, 801px\" \/><\/figure><\/div>\n\n<div style=\"height:20px\" aria-hidden=\"true\" class=\"wp-block-spacer\"><\/div>\n\n<div class=\"wp-block-media-text is-stacked-on-mobile\" style=\"grid-template-columns:35% auto\"><figure class=\"wp-block-media-text__media\"><img loading=\"lazy\" decoding=\"async\" width=\"801\" height=\"1001\" src=\"https:\/\/antersystem.com\/wp-content\/uploads\/case-study-hygiene-13.webp\" alt=\"\" class=\"wp-image-39984 size-full\" srcset=\"https:\/\/antersystem.com\/wp-content\/uploads\/case-study-hygiene-13.webp 801w, https:\/\/antersystem.com\/wp-content\/uploads\/case-study-hygiene-13-240x300.webp 240w, https:\/\/antersystem.com\/wp-content\/uploads\/case-study-hygiene-13-768x960.webp 768w, https:\/\/antersystem.com\/wp-content\/uploads\/case-study-hygiene-13-450x562.webp 450w, https:\/\/antersystem.com\/wp-content\/uploads\/case-study-hygiene-13-330x412.webp 330w\" sizes=\"auto, (max-width: 801px) 100vw, 801px\" \/><\/figure><div class=\"wp-block-media-text__content\">\n<h3 class=\"wp-block-heading\">Igiene sotto controllo &#8211; sicurezza senza compromessi<\/h3>\n\n\n\n<p>La produzione di alimenti, soprattutto per i <strong>neonati e per le persone con esigenze mediche specifiche<\/strong>, richiede<br\/><strong>assolutamente i pi\u00f9 elevati standard di pulizia<\/strong>. In queste strutture <strong>non c&#8217;\u00e8 spazio per i compromessi<\/strong><br\/>&#8211; ogni elemento dell&#8217;attrezzatura deve supportare la sicurezza e rispettare i <strong>rigidi requisiti sanitari<\/strong>. <\/p>\n\n\n\n<p>Una soluzione comune a molti impianti industriali sono le barriere di sicurezza in acciaio. Tuttavia, in aree con elevati standard igienici, il loro utilizzo comporta una serie di rischi, tra cui la scheggiatura della vernice, la suscettibilit\u00e0 alla corrosione e la necessit\u00e0 di una manutenzione regolare. Le barriere in acciaio inox, invece, sono un&#8217;opzione costosa e in caso di danni da impatto spesso richiedono una sostituzione completa, generando costi aggiuntivi e aumentando il rischio di interruzione della produzione. In ambienti in cui l <strong>&#8216;igiene e l&#8217;affidabilit\u00e0<\/strong> sono importanti quanto la durata, una simile strategia di protezione si rivela insufficiente.   <\/p>\n\n\n\n<p>Per questo motivo, il cliente ha deciso di implementare le barriere di sicurezza flessibili Anter System. Queste soluzioni sono state progettate appositamente per ambienti con <strong>requisiti particolarmente elevati<\/strong>. I materiali utilizzati per la produzione delle barriere:  <\/p>\n\n\n\n<ul class=\"wp-block-list\">\n<li>sono resistenti alla corrosione,<\/li>\n\n\n\n<li>non si scheggiano e non si scrostano,<\/li>\n\n\n\n<li>sono colorati in tutto il materiale, mantenendo la loro estetica,<\/li>\n\n\n\n<li>soddisfano i rigorosi standard HACCP e FDA,<\/li>\n\n\n\n<li>sono facili da mantenere puliti,<\/li>\n\n\n\n<li>sono disponibili nelle versioni con fissaggio interno, che limita la formazione di rientranze in cui potrebbe accumularsi lo sporco ed elimina il rischio di corrosione degli elementi di montaggio.<\/li>\n<\/ul>\n\n\n\n<p>Scegliendo barriere di sicurezza flessibili, il cliente ha potuto garantire il <strong>massimo livello di sicurezza<\/strong>, sia per i dipendenti che per il prodotto. Questa decisione conferma il forte impegno a mantenere <strong>standard di livello mondiale<\/strong> in ogni area dell&#8217;impianto di produzione. <\/p>\n<\/div><\/div>\n\n<h3 class=\"wp-block-heading\">Pavimenti protetti &#8211; quando la sicurezza inizia dalle fondamenta<\/h3>\n\n<p>L&#8217;impianto di produzione utilizza pavimenti in resina speciale con propriet\u00e0 antistatiche, essenziali per mantenere la <strong>sterilit\u00e0 e la sicurezza operativa<\/strong>. Questi pavimenti rappresentano un investimento significativo e qualsiasi danno comporterebbe non solo elevati costi di riparazione, ma anche potenziali interruzioni della produzione. <\/p>\n\n<p>Le barriere di sicurezza flessibili di Anter System non solo proteggono le persone e i macchinari, ma riducono anche in modo significativo il <strong>rischio di danni al pavimento<\/strong>:<\/p>\n\n<ul class=\"wp-block-list\">\n<li>si deformano all&#8217;impatto e tornano alla loro forma originale,<\/li>\n\n\n\n<li>riducono al minimo la forza trasferita dall&#8217;impatto agli ancoraggi e ai fissaggi,<\/li>\n\n\n\n<li>richiedono fino al 50% di fissaggi in meno rispetto alle alternative in acciaio, riducendo significativamente l&#8217;interferenza con la struttura del pavimento.<\/li>\n<\/ul>\n\n<p>Grazie a queste caratteristiche, l&#8217;investimento in barriere di sicurezza flessibili protegge efficacemente le pavimentazioni, <strong>limita il rischio di interruzione della produzione e garantisce la continuit\u00e0 delle operazioni<\/strong> anche nelle condizioni pi\u00f9 difficili.<\/p>\n\n<div class=\"wp-block-media-text is-stacked-on-mobile\" style=\"grid-template-columns:35% auto\"><figure class=\"wp-block-media-text__media\"><img loading=\"lazy\" decoding=\"async\" width=\"801\" height=\"1001\" src=\"https:\/\/antersystem.com\/wp-content\/uploads\/case-study-hygiene-11.webp\" alt=\"\" class=\"wp-image-39999 size-full\" srcset=\"https:\/\/antersystem.com\/wp-content\/uploads\/case-study-hygiene-11.webp 801w, https:\/\/antersystem.com\/wp-content\/uploads\/case-study-hygiene-11-240x300.webp 240w, https:\/\/antersystem.com\/wp-content\/uploads\/case-study-hygiene-11-768x960.webp 768w, https:\/\/antersystem.com\/wp-content\/uploads\/case-study-hygiene-11-450x562.webp 450w, https:\/\/antersystem.com\/wp-content\/uploads\/case-study-hygiene-11-330x412.webp 330w\" sizes=\"auto, (max-width: 801px) 100vw, 801px\" \/><\/figure><div class=\"wp-block-media-text__content\">\n<h3 class=\"wp-block-heading\">Comfort dell&#8217;operatore = meno incidenti<\/h3>\n\n\n\n<p>Le barriere sono state progettate non solo per la loro durata, ma anche per l&#8217;<strong>ergonomia e la visibilit\u00e0<\/strong>. Il <strong>colore giallo brillante<\/strong> degli elementi di Anter System migliora significativamente la visibilit\u00e0 degli operatori dei carrelli elevatori, riducendo il rischio di collisioni rispetto alle barriere in acciaio zincato con un basso contrasto visivo. <\/p>\n\n\n\n<p>Inoltre, le barriere <strong>non hanno bordi taglienti<\/strong>: un fattore importante per proteggere le merci trasportate con i carrelli elevatori, come il latte in polvere per bambini, e soprattutto per salvaguardare la salute dei dipendenti.<\/p>\n\n\n\n<h3 class=\"wp-block-heading\">Un approccio intelligente all&#8217;organizzazione dello spazio<\/h3>\n\n\n\n<p><strong>Corridoi stretti e spazio di lavoro limitato<\/strong> sono sfide comuni negli impianti di produzione. In questo caso, era necessario un <strong>approccio flessibile alla suddivisione in zone<\/strong>, pur mantenendo processi fluidi e un <strong>elevato livello di sicurezza<\/strong>. <\/p>\n\n\n\n<p>Il <strong>design modulare<\/strong> delle nostre barriere consente di adattare i layout alla geometria del capannone, di cambiare rapidamente in caso di riorganizzazione della produzione e di ottimizzare i percorsi del traffico pedonale e veicolare. I consulenti tecnici hanno supportato il progetto non solo con i prodotti, ma anche con il <strong>know-how relativo alla pianificazione dei flussi di traffico<\/strong> e alla collocazione ottimale degli attraversamenti pedonali &#8211; assicurando che le operazioni quotidiane siano <strong>efficienti<\/strong> e <strong>il pi\u00f9 sicure possibile<\/strong>. <\/p>\n\n\n\n<h3 class=\"wp-block-heading\">Tenendo conto del clima<\/h3>\n\n\n\n<p>Il cliente sta attuando una <strong>strategia a lungo termine<\/strong> per ridurre le <strong>emissioni di gas serra<\/strong> e raggiungere <strong>gli obiettivi Net Zero<\/strong>. La scelta di <strong>barriere di sicurezza flessibili<\/strong> supporta questo approccio. Le barriere flessibili generano un&#8217;<strong>impronta di carbonio fino a cinque volte inferiore<\/strong> rispetto alle barriere in acciaio.  <\/p>\n<\/div><\/div>\n\n<h3 class=\"wp-block-heading\">Prodotti utilizzati<\/h3>\n\n<p>Nell&#8217;ambito del progetto sono state fornite e installate le seguenti soluzioni:<\/p>\n\n<p><strong><a href=\"https:\/\/antersystem.com\/it\/prodotti\/traffic-r3-gb-barrier\/\" target=\"_blank\" rel=\"noopener\">Barriere flessibili Traffic R3 GB<\/a> <\/strong>&#8211; per creare vie di circolazione e proteggere sia i pedoni che i macchinari, con un profilo GB pi\u00f9 basso che impedisce alle forche dei carrelli elevatori di passare sotto la barriera.<\/p>\n\n<p><strong><a href=\"https:\/\/antersystem.com\/it\/prodotti\/sga-safety-gate-stop\/\" target=\"_blank\" rel=\"noopener\">Cancelli di sicurezza SGA<\/a><\/strong> con pittogrammi, apertura unidirezionale &#8211; una barriera fisica che protegge i pedoni dall&#8217;ingresso accidentale nelle vie di circolazione dei carrelli elevatori.<\/p>\n\n<p><strong><a href=\"https:\/\/antersystem.com\/it\/prodotti\/pa-safety-bollard\/\" target=\"_blank\" rel=\"noopener\">Dissuasori di sicurezza PA<\/a> <\/strong>&#8211; installati ai cancelli d&#8217;ingresso, flessibili e resistenti agli urti ripetuti, proteggono gli elementi strutturali nelle aree con il maggior numero di manovre.<\/p>\n\n<p><strong><a href=\"https:\/\/antersystem.com\/it\/prodotti\/slide-gate-r3\/\" target=\"_blank\" rel=\"noopener\">SLIDE GATE R3 Cancelli scorrevoli di sicurezza<\/a><\/strong> &#8211; che consentono la movimentazione dei materiali tra le vie di circolazione e una gestione flessibile dello spazio.<\/p>\n\n<h3 class=\"wp-block-heading\">Il risultato? Operazioni quotidiane pi\u00f9 sicure e un vantaggio pi\u00f9 forte. <\/h3>\n\n<p>L&#8217;implementazione delle barriere di sicurezza flessibili Anter System in questo stabilimento di produzione va ben oltre la protezione standard dello spazio. Fin dall&#8217;inizio della progettazione dell&#8217;impianto, l&#8217;obiettivo \u00e8 stato quello di garantire i <strong>pi\u00f9 alti standard di sicurezza, igiene ed efficienza<\/strong>. Questo approccio offre un vero e proprio vantaggio competitivo, perch\u00e9 la sicurezza non deve essere trattata come un&#8217;aggiunta, ma come una base delle operazioni.  <\/p>\n\n<h3 class=\"wp-block-heading\">Sommario<\/h3>\n\n<p>Noi di Anter System crediamo che la <strong>vera innovazione risolva problemi reali e fornisca valore a lungo termine<\/strong>. La collaborazione con produttori esigenti del settore alimentare e della nutrizione medica ci permette di creare soluzioni durature che migliorano realmente la sicurezza, supportano lo sviluppo sostenibile e innalzano gli standard di interi settori. <\/p>\n\nngg_shortcode_0_placeholder\n","protected":false},"excerpt":{"rendered":"<p>Un approccio responsabile alla sicurezza e all&#8217;igiene in uno stabilimento di produzione alimentare Una missione condivisa: sicurezza e innovazione Il cliente \u00e8 un produttore europeo che opera nel campo della nutrizione medica e della produzione di alimenti per l&#8217;infanzia. La sua missione \u00e8 quella di fornire un&#8217;assistenza nutrizionale di altissima qualit\u00e0 alle persone nei momenti [&hellip;]<\/p>\n","protected":false},"author":11,"featured_media":40038,"parent":12553,"menu_order":0,"comment_status":"closed","ping_status":"closed","template":"","meta":{"inline_featured_image":false,"ngg_post_thumbnail":0,"footnotes":""},"class_list":["post-40068","page","type-page","status-publish","has-post-thumbnail","hentry"],"acf":[],"yoast_head":"<!-- This site is optimized with the Yoast SEO plugin v27.0 - https:\/\/yoast.com\/product\/yoast-seo-wordpress\/ -->\n<title>Sicurezza igienica nella produzione alimentare - Anter System<\/title>\n<meta name=\"description\" content=\"Un approccio responsabile alla sicurezza e all&#039;igiene in uno stabilimento di produzione alimentare Una missione condivisa: sicurezza e innovazione Il\" \/>\n<meta name=\"robots\" content=\"index, follow, max-snippet:-1, max-image-preview:large, max-video-preview:-1\" \/>\n<link rel=\"canonical\" href=\"https:\/\/antersystem.com\/it\/case-studies\/hygiene-focused-safety-in-food-production\/\" \/>\n<meta property=\"og:locale\" content=\"it_IT\" \/>\n<meta property=\"og:type\" content=\"article\" \/>\n<meta property=\"og:title\" content=\"Sicurezza igienica nella produzione alimentare - Anter System\" \/>\n<meta property=\"og:description\" content=\"Un approccio responsabile alla sicurezza e all&#039;igiene in uno stabilimento di produzione alimentare Una missione condivisa: sicurezza e innovazione Il\" \/>\n<meta property=\"og:url\" content=\"https:\/\/antersystem.com\/it\/case-studies\/hygiene-focused-safety-in-food-production\/\" \/>\n<meta property=\"og:site_name\" content=\"Anter System\" \/>\n<meta property=\"article:modified_time\" content=\"2026-02-12T12:05:58+00:00\" \/>\n<meta property=\"og:image\" content=\"https:\/\/antersystem.com\/wp-content\/uploads\/case-study-hygiene-cover.webp\" \/>\n\t<meta property=\"og:image:width\" content=\"1921\" \/>\n\t<meta property=\"og:image:height\" content=\"1081\" \/>\n\t<meta property=\"og:image:type\" content=\"image\/webp\" \/>\n<meta name=\"twitter:card\" content=\"summary_large_image\" \/>\n<meta name=\"twitter:label1\" content=\"Tempo di lettura stimato\" \/>\n\t<meta name=\"twitter:data1\" content=\"6 minuti\" \/>\n<script type=\"application\/ld+json\" class=\"yoast-schema-graph\">{\"@context\":\"https:\/\/schema.org\",\"@graph\":[{\"@type\":\"WebPage\",\"@id\":\"https:\/\/antersystem.com\/it\/case-studies\/hygiene-focused-safety-in-food-production\/\",\"url\":\"https:\/\/antersystem.com\/it\/case-studies\/hygiene-focused-safety-in-food-production\/\",\"name\":\"Sicurezza igienica nella produzione alimentare - Anter System\",\"isPartOf\":{\"@id\":\"https:\/\/antersystem.com\/it\/#website\"},\"primaryImageOfPage\":{\"@id\":\"https:\/\/antersystem.com\/it\/case-studies\/hygiene-focused-safety-in-food-production\/#primaryimage\"},\"image\":{\"@id\":\"https:\/\/antersystem.com\/it\/case-studies\/hygiene-focused-safety-in-food-production\/#primaryimage\"},\"thumbnailUrl\":\"https:\/\/antersystem.com\/wp-content\/uploads\/case-study-hygiene-cover.webp\",\"datePublished\":\"2026-02-12T12:00:38+00:00\",\"dateModified\":\"2026-02-12T12:05:58+00:00\",\"description\":\"Un approccio responsabile alla sicurezza e all'igiene in uno stabilimento di produzione alimentare Una missione condivisa: sicurezza e innovazione Il\",\"breadcrumb\":{\"@id\":\"https:\/\/antersystem.com\/it\/case-studies\/hygiene-focused-safety-in-food-production\/#breadcrumb\"},\"inLanguage\":\"it-IT\",\"potentialAction\":[{\"@type\":\"ReadAction\",\"target\":[\"https:\/\/antersystem.com\/it\/case-studies\/hygiene-focused-safety-in-food-production\/\"]}]},{\"@type\":\"ImageObject\",\"inLanguage\":\"it-IT\",\"@id\":\"https:\/\/antersystem.com\/it\/case-studies\/hygiene-focused-safety-in-food-production\/#primaryimage\",\"url\":\"https:\/\/antersystem.com\/wp-content\/uploads\/case-study-hygiene-cover.webp\",\"contentUrl\":\"https:\/\/antersystem.com\/wp-content\/uploads\/case-study-hygiene-cover.webp\",\"width\":1921,\"height\":1081},{\"@type\":\"BreadcrumbList\",\"@id\":\"https:\/\/antersystem.com\/it\/case-studies\/hygiene-focused-safety-in-food-production\/#breadcrumb\",\"itemListElement\":[{\"@type\":\"ListItem\",\"position\":1,\"name\":\"AnterSystem\",\"item\":\"https:\/\/antersystem.com\/it\/\"},{\"@type\":\"ListItem\",\"position\":2,\"name\":\"Casi di studio\",\"item\":\"https:\/\/antersystem.com\/it\/case-studies\/\"},{\"@type\":\"ListItem\",\"position\":3,\"name\":\"Sicurezza igienica nella produzione alimentare\"}]},{\"@type\":\"WebSite\",\"@id\":\"https:\/\/antersystem.com\/it\/#website\",\"url\":\"https:\/\/antersystem.com\/it\/\",\"name\":\"Anter System\",\"description\":\"Jeste\u015bmy polskim producentem elastycznych barier ochronnych wykonywanych z polimerowych tworzyw sztucznych. Na rynku krajowym i zagranicznym dzia\u0142amy od ponad 15 lat dbaj\u0105c o zapewnienie bezpiecze\u0144stwa w zak\u0142adach produkcyjnych, magazynach oraz centrach logistycznych.\",\"potentialAction\":[{\"@type\":\"SearchAction\",\"target\":{\"@type\":\"EntryPoint\",\"urlTemplate\":\"https:\/\/antersystem.com\/it\/?s={search_term_string}\"},\"query-input\":{\"@type\":\"PropertyValueSpecification\",\"valueRequired\":true,\"valueName\":\"search_term_string\"}}],\"inLanguage\":\"it-IT\"}]}<\/script>\n<!-- \/ Yoast SEO plugin. -->","yoast_head_json":{"title":"Sicurezza igienica nella produzione alimentare - Anter System","description":"Un approccio responsabile alla sicurezza e all'igiene in uno stabilimento di produzione alimentare Una missione condivisa: sicurezza e innovazione Il","robots":{"index":"index","follow":"follow","max-snippet":"max-snippet:-1","max-image-preview":"max-image-preview:large","max-video-preview":"max-video-preview:-1"},"canonical":"https:\/\/antersystem.com\/it\/case-studies\/hygiene-focused-safety-in-food-production\/","og_locale":"it_IT","og_type":"article","og_title":"Sicurezza igienica nella produzione alimentare - Anter System","og_description":"Un approccio responsabile alla sicurezza e all'igiene in uno stabilimento di produzione alimentare Una missione condivisa: sicurezza e innovazione Il","og_url":"https:\/\/antersystem.com\/it\/case-studies\/hygiene-focused-safety-in-food-production\/","og_site_name":"Anter System","article_modified_time":"2026-02-12T12:05:58+00:00","og_image":[{"width":1921,"height":1081,"url":"https:\/\/antersystem.com\/wp-content\/uploads\/case-study-hygiene-cover.webp","type":"image\/webp"}],"twitter_card":"summary_large_image","twitter_misc":{"Tempo di lettura stimato":"6 minuti"},"schema":{"@context":"https:\/\/schema.org","@graph":[{"@type":"WebPage","@id":"https:\/\/antersystem.com\/it\/case-studies\/hygiene-focused-safety-in-food-production\/","url":"https:\/\/antersystem.com\/it\/case-studies\/hygiene-focused-safety-in-food-production\/","name":"Sicurezza igienica nella produzione alimentare - Anter System","isPartOf":{"@id":"https:\/\/antersystem.com\/it\/#website"},"primaryImageOfPage":{"@id":"https:\/\/antersystem.com\/it\/case-studies\/hygiene-focused-safety-in-food-production\/#primaryimage"},"image":{"@id":"https:\/\/antersystem.com\/it\/case-studies\/hygiene-focused-safety-in-food-production\/#primaryimage"},"thumbnailUrl":"https:\/\/antersystem.com\/wp-content\/uploads\/case-study-hygiene-cover.webp","datePublished":"2026-02-12T12:00:38+00:00","dateModified":"2026-02-12T12:05:58+00:00","description":"Un approccio responsabile alla sicurezza e all'igiene in uno stabilimento di produzione alimentare Una missione condivisa: sicurezza e innovazione Il","breadcrumb":{"@id":"https:\/\/antersystem.com\/it\/case-studies\/hygiene-focused-safety-in-food-production\/#breadcrumb"},"inLanguage":"it-IT","potentialAction":[{"@type":"ReadAction","target":["https:\/\/antersystem.com\/it\/case-studies\/hygiene-focused-safety-in-food-production\/"]}]},{"@type":"ImageObject","inLanguage":"it-IT","@id":"https:\/\/antersystem.com\/it\/case-studies\/hygiene-focused-safety-in-food-production\/#primaryimage","url":"https:\/\/antersystem.com\/wp-content\/uploads\/case-study-hygiene-cover.webp","contentUrl":"https:\/\/antersystem.com\/wp-content\/uploads\/case-study-hygiene-cover.webp","width":1921,"height":1081},{"@type":"BreadcrumbList","@id":"https:\/\/antersystem.com\/it\/case-studies\/hygiene-focused-safety-in-food-production\/#breadcrumb","itemListElement":[{"@type":"ListItem","position":1,"name":"AnterSystem","item":"https:\/\/antersystem.com\/it\/"},{"@type":"ListItem","position":2,"name":"Casi di studio","item":"https:\/\/antersystem.com\/it\/case-studies\/"},{"@type":"ListItem","position":3,"name":"Sicurezza igienica nella produzione alimentare"}]},{"@type":"WebSite","@id":"https:\/\/antersystem.com\/it\/#website","url":"https:\/\/antersystem.com\/it\/","name":"Anter System","description":"Jeste\u015bmy polskim producentem elastycznych barier ochronnych wykonywanych z polimerowych tworzyw sztucznych. Na rynku krajowym i zagranicznym dzia\u0142amy od ponad 15 lat dbaj\u0105c o zapewnienie bezpiecze\u0144stwa w zak\u0142adach produkcyjnych, magazynach oraz centrach logistycznych.","potentialAction":[{"@type":"SearchAction","target":{"@type":"EntryPoint","urlTemplate":"https:\/\/antersystem.com\/it\/?s={search_term_string}"},"query-input":{"@type":"PropertyValueSpecification","valueRequired":true,"valueName":"search_term_string"}}],"inLanguage":"it-IT"}]}},"_links":{"self":[{"href":"https:\/\/antersystem.com\/it\/wp-json\/wp\/v2\/pages\/40068","targetHints":{"allow":["GET"]}}],"collection":[{"href":"https:\/\/antersystem.com\/it\/wp-json\/wp\/v2\/pages"}],"about":[{"href":"https:\/\/antersystem.com\/it\/wp-json\/wp\/v2\/types\/page"}],"author":[{"embeddable":true,"href":"https:\/\/antersystem.com\/it\/wp-json\/wp\/v2\/users\/11"}],"replies":[{"embeddable":true,"href":"https:\/\/antersystem.com\/it\/wp-json\/wp\/v2\/comments?post=40068"}],"version-history":[{"count":1,"href":"https:\/\/antersystem.com\/it\/wp-json\/wp\/v2\/pages\/40068\/revisions"}],"predecessor-version":[{"id":40069,"href":"https:\/\/antersystem.com\/it\/wp-json\/wp\/v2\/pages\/40068\/revisions\/40069"}],"up":[{"embeddable":true,"href":"https:\/\/antersystem.com\/it\/wp-json\/wp\/v2\/pages\/12553"}],"wp:featuredmedia":[{"embeddable":true,"href":"https:\/\/antersystem.com\/it\/wp-json\/wp\/v2\/media\/40038"}],"wp:attachment":[{"href":"https:\/\/antersystem.com\/it\/wp-json\/wp\/v2\/media?parent=40068"}],"curies":[{"name":"wp","href":"https:\/\/api.w.org\/{rel}","templated":true}]}}