{"id":40172,"date":"2022-05-31T14:30:17","date_gmt":"2022-05-31T12:30:17","guid":{"rendered":"https:\/\/antersystem.com\/cookie-policy\/"},"modified":"2026-02-19T10:31:57","modified_gmt":"2026-02-19T09:31:57","slug":"cookie-policy","status":"publish","type":"page","link":"https:\/\/antersystem.com\/it\/cookie-policy\/","title":{"rendered":"Informativa sui cookie"},"content":{"rendered":"\n<p class=\"has-text-align-left\"><strong>I cookie sono piccoli file di dati che vengono inviati al tuo dispositivo quando visiti il nostro sito web e che memorizzano informazioni sull&#8217;uso che ne fai e talvolta tracciano informazioni su di te.<\/strong>  I cookie ci permettono di riconoscere il tuo dispositivo e di raccogliere dati quali il nome di dominio del tuo provider di servizi Internet, il tipo di browser, il tipo di sistema operativo, l&#8217;indirizzo IP, il sito web da cui sei stato indirizzato a noi, nonch\u00e9 dati operativi o informazioni sulla posizione del dispositivo. Le informazioni raccolte dai cookie non sono sempre dati personali ai sensi del Regolamento (UE) 2016\/679 del Parlamento europeo e del Consiglio, del 27 aprile 2016, relativo alla protezione delle persone fisiche con riguardo al trattamento dei dati personali, nonch\u00e9 alla libera circolazione di tali dati e che abroga la direttiva 95\/46\/CE, di seguito denominato anche Regolamento generale sulla protezione dei dati (GDPR). Tuttavia, se hai precedentemente fornito i tuoi Dati personali, i cookie possono essere direttamente collegati a te, ad esempio collegando i numeri di identificazione nei cookie con altre informazioni.    <\/p>\n\n<p>Di norma, la base giuridica per il trattamento dei tuoi dati personali raccolti tramite cookie e tecnologie simili \u00e8 il <strong>tuo consenso<\/strong> (articolo 6, paragrafo 1, lettera a), del GDPR), tranne nel caso in cui il loro utilizzo sia necessario per il corretto funzionamento del sito web (fornitura di servizi elettronici), dove ci basiamo sull&#8217;articolo 173, paragrafo 3, comma 2, della legge del 16 luglio 2004 &#8211; legge sulle telecomunicazioni e, di conseguenza, sul nostro <strong>legittimo interesse<\/strong> (articolo 6, paragrafo 1, lettera f), del GDPR).<\/p>\n\n<p><strong>Trattiamo i suddetti Dati personali al fine di migliorare la qualit\u00e0 dei nostri Servizi, operazioni e prodotti di Anter System Polska Sp\u00f3\u0142ka z ograniczon\u0105 odpowiedzialno\u015bci\u0105 <\/strong>con sede legale a Wroc\u0142aw<a>, indirizzo: ul. Strzegomska 199, 54-431 Wroc\u0142aw, Polonia<\/a>,<strong> nonch\u00e9 per adattare i contenuti disponibili tramite il Sito web agli interessi dell&#8217;Utente<\/strong> (anche nell&#8217;ambito del trattamento automatizzato dei Dati personali, allo scopo di presentare pubblicit\u00e0 generale, offerte o promozioni relative ai Servizi in modo adeguato agli interessi dell&#8217;Utente, senza tuttavia influenzare significativamente le sue decisioni &#8211; <strong>profilazione<\/strong>). Possiamo leggere le preferenze dell&#8217;Utente, ad esempio analizzando la frequenza con cui visita il Sito, i servizi che utilizza, le estensioni, ecc. Questo ci permette di comprendere meglio le tue aspettative e di adattarci alle tue esigenze. Grazie all&#8217;utilizzo di tecnologie avanzate, le attivit\u00e0 di cui sopra saranno spesso eseguite dal sistema in maniera automatizzata, in modo che i contenuti che ti vengono mostrati siano sempre aggiornati (a tal fine trattiamo i tuoi Dati Personali anche in base al nostro <strong>legittimo interesse &#8211; finalit\u00e0 promozionali\/analitiche\/di performance<\/strong> &#8211; Articolo 6(1)(f) GDPR).   <\/p>\n\n<p>Qualora la base giuridica del trattamento dei Dati Personali sia il tuo consenso, ti ricordiamo che <strong>puoi revocarlo in qualsiasi momento<\/strong>, senza che ci\u00f2 pregiudichi la liceit\u00e0 del trattamento basato sul consenso prima della sua revoca. Se, invece, i tuoi Dati Personali sono trattati sulla base del nostro legittimo interesse, <strong>hai il diritto di opporti a tale trattamento<\/strong>. Una descrizione dei tuoi diritti \u00e8 contenuta nella Parte VI dell&#8217;Informativa sulla Privacy, a cui si fa riferimento di seguito: <a href=\"https:\/\/antersystem.com\/it\/privacy-policy\/\"><u>https:\/\/antersystem.com\/privacy-policy\/<\/u><\/a>  <\/p>\n\n<p>I browser web o altri software installati sul tuo dispositivo di solito consentono l&#8217;utilizzo dei cookie per impostazione predefinita e quindi la raccolta delle informazioni di cui sopra. Puoi modificare le modalit\u00e0 di utilizzo dei cookie, incluso il blocco o l&#8217;eliminazione totale, attraverso il tuo browser web &#8211; maggiori informazioni al riguardo sono disponibili nel manuale dell&#8217;utente. Tieni presente che la disabilitazione o il blocco di alcuni cookie pu\u00f2 impedire o ostacolare in modo significativo il corretto funzionamento del nostro Sito web, ad esempio rallentandolo. Ulteriori informazioni sulle impostazioni dei cookie sono disponibili nelle informazioni del browser o sul nostro Sito web. Puoi anche visitare il sito <a href=\"https:\/\/www.allaboutcookies.org\/\" target=\"_blank\" rel=\"noreferrer noopener\"><u>https:\/\/www.allaboutcookies.org<\/u><\/a> per avere consigli pratici.    <\/p>\n\n<p>In base al dominio da cui provengono, dividiamo i cookie in:<\/p>\n\n<ol style=\"list-style-type:upper-alpha\" class=\"wp-block-list\">\n<li><strong>cookie di prima parte<\/strong> &#8211; impostati dai server web del nostro Sito;<\/li>\n\n\n\n<li><strong>cookie di terze parti<\/strong> &#8211; impostati da server web diversi da quelli del nostro Sito.<\/li>\n<\/ol>\n\n<p>In base alla loro durata, dividiamo i biscotti in:<\/p>\n\n<ol style=\"list-style-type:upper-alpha\" class=\"wp-block-list\">\n<li><strong>sessione<\/strong> &#8211; un cookie di sessione contiene informazioni memorizzate in una posizione temporanea nella memoria e viene poi eliminato al termine della sessione o quando il browser web viene chiuso;<\/li>\n\n\n\n<li><strong>persistente<\/strong> &#8211; chiamato anche cookie permanente o cookie memorizzato; un file cookie che viene memorizzato sul disco rigido dell&#8217;Utente fino alla sua scadenza (i cookie persistenti sono impostati con date di scadenza) o fino a quando il cookie viene eliminato; i cookie persistenti sono utilizzati per raccogliere informazioni che identificano l&#8217;Utente, come il comportamento di navigazione sul sito web o le preferenze dell&#8217;Utente sul sito web.<\/li>\n<\/ol>\n\n<p>Possiamo utilizzare i seguenti tipi di cookie:<\/p>\n\n<ol style=\"list-style-type:upper-alpha\" class=\"wp-block-list\">\n<li>I <strong>cookie necessari<\/strong> contribuiscono all&#8217;usabilit\u00e0 del Sito Web consentendo funzioni di base come la navigazione sul Sito Web e l&#8217;accesso alle aree protette del Sito Web. Il Sito web non pu\u00f2 funzionare correttamente senza questi cookie; <\/li>\n\n\n\n<li><strong>I cookie di preferenza<\/strong> consentono al Sito Web di ricordare informazioni che modificano l&#8217;aspetto o il funzionamento del Sito Web, ad esempio la lingua preferita o la regione in cui si trova l&#8217;Utente;<\/li>\n\n\n\n<li>I <strong>cookie statistici<\/strong> aiutano a capire come i diversi utenti si comportano sul Sito web raccogliendo e riportando informazioni anonime;<\/li>\n\n\n\n<li>I <strong>cookie di marketing<\/strong> sono utilizzati per tracciare gli utenti del Sito e di altri siti web. Lo scopo \u00e8 quello di visualizzare annunci pubblicitari pertinenti e interessanti per l&#8217;Utente e quindi pi\u00f9 validi per gli editori e gli inserzionisti terzi; <\/li>\n\n\n\n<li><strong>cookie non classificati<\/strong>, si tratta di cookie che sono in fase di classificazione, insieme ai fornitori dei singoli cookie.<\/li>\n<\/ol>\n\n<p><strong>In conformit\u00e0 con i requisiti del GDPR, puoi gestire i tuoi consensi relativi a diversi tipi di cookie.<\/strong>  A tal fine, mettiamo a disposizione lo strumento Cookiebot, la cui interfaccia ti permette di decidere quali cookie accettare e puoi modificare queste impostazioni in qualsiasi momento in base alle tue preferenze.<\/p>\n\n<p>Clicca <a href=\"#\" class=\"cky-banner-element\"><u>qui<\/u><\/a> per gestire le tue preferenze sui cookie in conformit\u00e0 con il GDPR o semplicemente per visualizzarle.<\/p>\n\n<p>Le informazioni raccolte in questo modo dipendono dalle finalit\u00e0 e dalle basi legali del trattamento dei cookie; possono essere conservate e trattate per il periodo indicato nella Parte IV dell&#8217;Informativa sulla privacy, il cui testo completo \u00e8 disponibile al seguente link: <a href=\"https:\/\/antersystem.com\/it\/privacy-policy\/\"><u>https:\/\/antersystem.com\/privacy-policy\/<\/u><\/a><\/p>\n\n<p><a id=\"_msocom_1\"><\/a><\/p>\n","protected":false},"excerpt":{"rendered":"<p>I cookie sono piccoli file di dati che vengono inviati al tuo dispositivo quando visiti il nostro sito web e che memorizzano informazioni sull&#8217;uso che ne fai e talvolta tracciano informazioni su di te. I cookie ci permettono di riconoscere il tuo dispositivo e di raccogliere dati quali il nome di dominio del tuo provider [&hellip;]<\/p>\n","protected":false},"author":1,"featured_media":0,"parent":0,"menu_order":0,"comment_status":"closed","ping_status":"closed","template":"","meta":{"inline_featured_image":false,"ngg_post_thumbnail":0,"footnotes":""},"class_list":["post-40172","page","type-page","status-publish","hentry"],"acf":[],"yoast_head":"<!-- This site is optimized with the Yoast SEO plugin v27.0 - https:\/\/yoast.com\/product\/yoast-seo-wordpress\/ -->\n<title>Informativa sui cookie - Anter System<\/title>\n<meta name=\"description\" content=\"I cookie sono piccoli file di dati che vengono inviati al tuo dispositivo quando visiti il nostro sito web e che memorizzano informazioni sull&#039;uso che ne\" \/>\n<meta name=\"robots\" content=\"index, follow, max-snippet:-1, max-image-preview:large, max-video-preview:-1\" \/>\n<link rel=\"canonical\" href=\"https:\/\/antersystem.com\/it\/cookie-policy\/\" \/>\n<meta property=\"og:locale\" content=\"it_IT\" \/>\n<meta property=\"og:type\" content=\"article\" \/>\n<meta property=\"og:title\" content=\"Informativa sui cookie - Anter System\" \/>\n<meta property=\"og:description\" content=\"I cookie sono piccoli file di dati che vengono inviati al tuo dispositivo quando visiti il nostro sito web e che memorizzano informazioni sull&#039;uso che ne\" \/>\n<meta property=\"og:url\" content=\"https:\/\/antersystem.com\/it\/cookie-policy\/\" \/>\n<meta property=\"og:site_name\" content=\"Anter System\" \/>\n<meta property=\"article:modified_time\" content=\"2026-02-19T09:31:57+00:00\" \/>\n<meta name=\"twitter:card\" content=\"summary_large_image\" \/>\n<meta name=\"twitter:label1\" content=\"Tempo di lettura stimato\" \/>\n\t<meta name=\"twitter:data1\" content=\"5 minuti\" \/>\n<script type=\"application\/ld+json\" class=\"yoast-schema-graph\">{\"@context\":\"https:\/\/schema.org\",\"@graph\":[{\"@type\":\"WebPage\",\"@id\":\"https:\/\/antersystem.com\/it\/cookie-policy\/\",\"url\":\"https:\/\/antersystem.com\/it\/cookie-policy\/\",\"name\":\"Informativa sui cookie - Anter System\",\"isPartOf\":{\"@id\":\"https:\/\/antersystem.com\/it\/#website\"},\"datePublished\":\"2022-05-31T12:30:17+00:00\",\"dateModified\":\"2026-02-19T09:31:57+00:00\",\"description\":\"I cookie sono piccoli file di dati che vengono inviati al tuo dispositivo quando visiti il nostro sito web e che memorizzano informazioni sull'uso che ne\",\"breadcrumb\":{\"@id\":\"https:\/\/antersystem.com\/it\/cookie-policy\/#breadcrumb\"},\"inLanguage\":\"it-IT\",\"potentialAction\":[{\"@type\":\"ReadAction\",\"target\":[\"https:\/\/antersystem.com\/it\/cookie-policy\/\"]}]},{\"@type\":\"BreadcrumbList\",\"@id\":\"https:\/\/antersystem.com\/it\/cookie-policy\/#breadcrumb\",\"itemListElement\":[{\"@type\":\"ListItem\",\"position\":1,\"name\":\"AnterSystem\",\"item\":\"https:\/\/antersystem.com\/it\/\"},{\"@type\":\"ListItem\",\"position\":2,\"name\":\"Informativa sui cookie\"}]},{\"@type\":\"WebSite\",\"@id\":\"https:\/\/antersystem.com\/it\/#website\",\"url\":\"https:\/\/antersystem.com\/it\/\",\"name\":\"Anter System\",\"description\":\"Jeste\u015bmy polskim producentem elastycznych barier ochronnych wykonywanych z polimerowych tworzyw sztucznych. Na rynku krajowym i zagranicznym dzia\u0142amy od ponad 15 lat dbaj\u0105c o zapewnienie bezpiecze\u0144stwa w zak\u0142adach produkcyjnych, magazynach oraz centrach logistycznych.\",\"potentialAction\":[{\"@type\":\"SearchAction\",\"target\":{\"@type\":\"EntryPoint\",\"urlTemplate\":\"https:\/\/antersystem.com\/it\/?s={search_term_string}\"},\"query-input\":{\"@type\":\"PropertyValueSpecification\",\"valueRequired\":true,\"valueName\":\"search_term_string\"}}],\"inLanguage\":\"it-IT\"}]}<\/script>\n<!-- \/ Yoast SEO plugin. -->","yoast_head_json":{"title":"Informativa sui cookie - Anter System","description":"I cookie sono piccoli file di dati che vengono inviati al tuo dispositivo quando visiti il nostro sito web e che memorizzano informazioni sull'uso che ne","robots":{"index":"index","follow":"follow","max-snippet":"max-snippet:-1","max-image-preview":"max-image-preview:large","max-video-preview":"max-video-preview:-1"},"canonical":"https:\/\/antersystem.com\/it\/cookie-policy\/","og_locale":"it_IT","og_type":"article","og_title":"Informativa sui cookie - Anter System","og_description":"I cookie sono piccoli file di dati che vengono inviati al tuo dispositivo quando visiti il nostro sito web e che memorizzano informazioni sull'uso che ne","og_url":"https:\/\/antersystem.com\/it\/cookie-policy\/","og_site_name":"Anter System","article_modified_time":"2026-02-19T09:31:57+00:00","twitter_card":"summary_large_image","twitter_misc":{"Tempo di lettura stimato":"5 minuti"},"schema":{"@context":"https:\/\/schema.org","@graph":[{"@type":"WebPage","@id":"https:\/\/antersystem.com\/it\/cookie-policy\/","url":"https:\/\/antersystem.com\/it\/cookie-policy\/","name":"Informativa sui cookie - Anter System","isPartOf":{"@id":"https:\/\/antersystem.com\/it\/#website"},"datePublished":"2022-05-31T12:30:17+00:00","dateModified":"2026-02-19T09:31:57+00:00","description":"I cookie sono piccoli file di dati che vengono inviati al tuo dispositivo quando visiti il nostro sito web e che memorizzano informazioni sull'uso che ne","breadcrumb":{"@id":"https:\/\/antersystem.com\/it\/cookie-policy\/#breadcrumb"},"inLanguage":"it-IT","potentialAction":[{"@type":"ReadAction","target":["https:\/\/antersystem.com\/it\/cookie-policy\/"]}]},{"@type":"BreadcrumbList","@id":"https:\/\/antersystem.com\/it\/cookie-policy\/#breadcrumb","itemListElement":[{"@type":"ListItem","position":1,"name":"AnterSystem","item":"https:\/\/antersystem.com\/it\/"},{"@type":"ListItem","position":2,"name":"Informativa sui cookie"}]},{"@type":"WebSite","@id":"https:\/\/antersystem.com\/it\/#website","url":"https:\/\/antersystem.com\/it\/","name":"Anter System","description":"Jeste\u015bmy polskim producentem elastycznych barier ochronnych wykonywanych z polimerowych tworzyw sztucznych. Na rynku krajowym i zagranicznym dzia\u0142amy od ponad 15 lat dbaj\u0105c o zapewnienie bezpiecze\u0144stwa w zak\u0142adach produkcyjnych, magazynach oraz centrach logistycznych.","potentialAction":[{"@type":"SearchAction","target":{"@type":"EntryPoint","urlTemplate":"https:\/\/antersystem.com\/it\/?s={search_term_string}"},"query-input":{"@type":"PropertyValueSpecification","valueRequired":true,"valueName":"search_term_string"}}],"inLanguage":"it-IT"}]}},"_links":{"self":[{"href":"https:\/\/antersystem.com\/it\/wp-json\/wp\/v2\/pages\/40172","targetHints":{"allow":["GET"]}}],"collection":[{"href":"https:\/\/antersystem.com\/it\/wp-json\/wp\/v2\/pages"}],"about":[{"href":"https:\/\/antersystem.com\/it\/wp-json\/wp\/v2\/types\/page"}],"author":[{"embeddable":true,"href":"https:\/\/antersystem.com\/it\/wp-json\/wp\/v2\/users\/1"}],"replies":[{"embeddable":true,"href":"https:\/\/antersystem.com\/it\/wp-json\/wp\/v2\/comments?post=40172"}],"version-history":[{"count":2,"href":"https:\/\/antersystem.com\/it\/wp-json\/wp\/v2\/pages\/40172\/revisions"}],"predecessor-version":[{"id":40208,"href":"https:\/\/antersystem.com\/it\/wp-json\/wp\/v2\/pages\/40172\/revisions\/40208"}],"wp:attachment":[{"href":"https:\/\/antersystem.com\/it\/wp-json\/wp\/v2\/media?parent=40172"}],"curies":[{"name":"wp","href":"https:\/\/api.w.org\/{rel}","templated":true}]}}