{"id":40322,"date":"2026-02-22T13:05:26","date_gmt":"2026-02-22T12:05:26","guid":{"rendered":"https:\/\/antersystem.com\/notizie\/invitation-to-logimat-2026\/"},"modified":"2026-02-22T21:51:36","modified_gmt":"2026-02-22T20:51:36","slug":"invitation-to-logimat-2026","status":"publish","type":"page","link":"https:\/\/antersystem.com\/it\/notizie\/invitation-to-logimat-2026\/","title":{"rendered":"Invito a LogiMAT 2026"},"content":{"rendered":"<h2>Partecipiamo alla LogiMAT 2026 &#8211; Vieni a trovarci nel padiglione 1<\/h2>\n<p>Siamo lieti di annunciare che <strong>Anter System sar\u00e0 presente a LogiMAT 2026<\/strong>, la principale fiera internazionale per le soluzioni intralogistiche e la gestione dei processi.<\/p>\n<p>LogiMAT riunisce professionisti del settore, fornitori di tecnologia e produttori di sistemi per esplorare gli ultimi sviluppi in materia di automazione del magazzino, movimentazione dei materiali e ottimizzazione dei processi.<\/p>\n<p>\ud83d\udccd <strong>Messe Stuttgart, Germania<\/strong><\/p>\n<p>\ud83d\udcc5 <strong>24-26 marzo 2026<\/strong><\/p>\n<p>\ud83c\udfe2 <strong>Padiglione 1 | Stand 1D10<\/strong><\/p>\n<h3>L&#8217;evento di apertura per l&#8217;Intralogistica in Europa<\/h3>\n<p>LogiMAT \u00e8 riconosciuto come il principale punto di incontro internazionale per l&#8217;intralogistica nel cuore dell&#8217;Europa. Ogni anno, gli espositori internazionali presentano tecnologie, sistemi e soluzioni innovative finalizzate alla razionalizzazione, all&#8217;ottimizzazione dei processi e alla riduzione dei costi nei processi logistici interni. <\/p>\n<p>Dall&#8217;approvvigionamento alla produzione, dallo stoccaggio alla consegna, LogiMAT offre una panoramica completa del mercato e un trasferimento di conoscenze pratiche. Grazie alla struttura compatta del mercato, ai forum di esperti e alle dimostrazioni dal vivo, l&#8217;evento combina: soluzioni concrete, know-how diretto da parte di esperti del settore e presentazioni tecnologiche in tempo reale. \u00c8 il luogo in cui il mercato si incontra.  <\/p>\n<h3>Padiglione 1 &#8211; Tecnologia di movimentazione e stoccaggio dei materiali<\/h3>\n<p>Ci troverai nel <strong>padiglione 1<\/strong>, dedicato a:\n<\/p>\n<ul>\n<li>Tecnologia di movimentazione e stoccaggio dei materiali<\/li>\n<li>Magazzino e attrezzature operative<\/li>\n<li>Fornitori di sistemi e costruzione di sale<\/li>\n<\/ul>\n<p>\u00c8 qui che si uniscono sicurezza, infrastrutture ed efficienza dei trasporti interni: \u00e8 il luogo perfetto per discutere delle moderne strategie di protezione dei magazzini.<\/p>\n<h3>Cosa presenteremo<\/h3>\n<p>\nPresso il nostro stand presenteremo i nostri <strong>sistemi di barriere di sicurezza flessibili in polimeri<\/strong>, progettati per proteggere pedoni, veicoli industriali, infrastrutture di magazzino e ambienti di produzione. Le nostre soluzioni aiutano a creare zone di traffico chiaramente separate, aumentando al contempo la sicurezza e l&#8217;efficienza operativa. In tempi di crescente automazione, veicoli autonomi e trasformazione digitale, la separazione sicura del traffico rimane uno dei pilastri fondamentali di un&#8217;intralogistica efficiente.  <\/p>\n<p>Le nostre soluzioni sono progettate per:\n<\/p>\n<ul>\n<li>Assorbono l&#8217;energia dell&#8217;impatto invece di trasferirla<\/li>\n<li>Ridurre i costi di riparazione<\/li>\n<li>Aumenta la continuit\u00e0 operativa<\/li>\n<li>Supporta una collaborazione uomo-macchina sicura<\/li>\n<\/ul>\n<h3>La sicurezza nell&#8217;era dell&#8217;Industria 4.0<\/h3>\n<p>La digitalizzazione, l&#8217;interconnettivit\u00e0, l&#8217;intelligenza artificiale e i sistemi autonomi intelligenti stanno rimodellando le catene di approvvigionamento. Tuttavia, a prescindere dall&#8217;evoluzione dei sistemi, la protezione fisica e la gestione del traffico restano fondamentali. <\/p>\n<p>Man mano che i sistemi si uniscono in ecosistemi intelligenti, gli <strong>spazi di lavoro chiaramente strutturati e protetti<\/strong> sono essenziali per processi pi\u00f9 rapidi, efficienti dal punto di vista energetico e sicuri.<\/p>\n<p>A LogiMAT non vediamo l&#8217;ora di discutere di come le infrastrutture di sicurezza supportino questa trasformazione.<\/p>\n<h3>Incontriamoci a Stoccarda<\/h3>\n<p>Se hai intenzione di visitare LogiMAT 2026, ti invitiamo a incontrare il nostro team e a scoprire come possiamo aiutarti a migliorare la sicurezza e l&#8217;efficienza della tua struttura. Non vediamo l&#8217;ora di incontrarti di persona. <\/p>\n","protected":false},"excerpt":{"rendered":"<p>Partecipiamo alla LogiMAT 2026 &#8211; Vieni a trovarci nel padiglione 1 Siamo lieti di annunciare che Anter System sar\u00e0 presente a LogiMAT 2026, la principale fiera internazionale per le soluzioni intralogistiche e la gestione dei processi. LogiMAT riunisce professionisti del settore, fornitori di tecnologia e produttori di sistemi per esplorare gli ultimi sviluppi in materia [&hellip;]<\/p>\n","protected":false},"author":11,"featured_media":40224,"parent":30444,"menu_order":0,"comment_status":"closed","ping_status":"closed","template":"","meta":{"inline_featured_image":false,"ngg_post_thumbnail":0,"footnotes":""},"class_list":["post-40322","page","type-page","status-publish","has-post-thumbnail","hentry"],"acf":[],"yoast_head":"<!-- This site is optimized with the Yoast SEO plugin v27.0 - https:\/\/yoast.com\/product\/yoast-seo-wordpress\/ -->\n<title>Invito a LogiMAT 2026 - Anter System<\/title>\n<meta name=\"description\" content=\"Partecipiamo alla LogiMAT 2026 - Vieni a trovarci nel padiglione 1 Siamo lieti di annunciare che Anter System sar\u00e0 presente a LogiMAT 2026, la principale\" \/>\n<meta name=\"robots\" content=\"index, follow, max-snippet:-1, max-image-preview:large, max-video-preview:-1\" \/>\n<link rel=\"canonical\" href=\"https:\/\/antersystem.com\/it\/notizie\/invitation-to-logimat-2026\/\" \/>\n<meta property=\"og:locale\" content=\"it_IT\" \/>\n<meta property=\"og:type\" content=\"article\" \/>\n<meta property=\"og:title\" content=\"Invito a LogiMAT 2026 - Anter System\" \/>\n<meta property=\"og:description\" content=\"Partecipiamo alla LogiMAT 2026 - Vieni a trovarci nel padiglione 1 Siamo lieti di annunciare che Anter System sar\u00e0 presente a LogiMAT 2026, la principale\" \/>\n<meta property=\"og:url\" content=\"https:\/\/antersystem.com\/it\/notizie\/invitation-to-logimat-2026\/\" \/>\n<meta property=\"og:site_name\" content=\"Anter System\" \/>\n<meta property=\"article:modified_time\" content=\"2026-02-22T20:51:36+00:00\" \/>\n<meta property=\"og:image\" content=\"https:\/\/antersystem.com\/wp-content\/uploads\/news-logimat-invitation.webp\" \/>\n\t<meta property=\"og:image:width\" content=\"1920\" \/>\n\t<meta property=\"og:image:height\" content=\"1081\" \/>\n\t<meta property=\"og:image:type\" content=\"image\/webp\" \/>\n<meta name=\"twitter:card\" content=\"summary_large_image\" \/>\n<meta name=\"twitter:label1\" content=\"Tempo di lettura stimato\" \/>\n\t<meta name=\"twitter:data1\" content=\"2 minuti\" \/>\n<script type=\"application\/ld+json\" class=\"yoast-schema-graph\">{\"@context\":\"https:\/\/schema.org\",\"@graph\":[{\"@type\":\"WebPage\",\"@id\":\"https:\/\/antersystem.com\/it\/notizie\/invitation-to-logimat-2026\/\",\"url\":\"https:\/\/antersystem.com\/it\/notizie\/invitation-to-logimat-2026\/\",\"name\":\"Invito a LogiMAT 2026 - Anter System\",\"isPartOf\":{\"@id\":\"https:\/\/antersystem.com\/it\/#website\"},\"primaryImageOfPage\":{\"@id\":\"https:\/\/antersystem.com\/it\/notizie\/invitation-to-logimat-2026\/#primaryimage\"},\"image\":{\"@id\":\"https:\/\/antersystem.com\/it\/notizie\/invitation-to-logimat-2026\/#primaryimage\"},\"thumbnailUrl\":\"https:\/\/antersystem.com\/wp-content\/uploads\/news-logimat-invitation.webp\",\"datePublished\":\"2026-02-22T12:05:26+00:00\",\"dateModified\":\"2026-02-22T20:51:36+00:00\",\"description\":\"Partecipiamo alla LogiMAT 2026 - Vieni a trovarci nel padiglione 1 Siamo lieti di annunciare che Anter System sar\u00e0 presente a LogiMAT 2026, la principale\",\"breadcrumb\":{\"@id\":\"https:\/\/antersystem.com\/it\/notizie\/invitation-to-logimat-2026\/#breadcrumb\"},\"inLanguage\":\"it-IT\",\"potentialAction\":[{\"@type\":\"ReadAction\",\"target\":[\"https:\/\/antersystem.com\/it\/notizie\/invitation-to-logimat-2026\/\"]}]},{\"@type\":\"ImageObject\",\"inLanguage\":\"it-IT\",\"@id\":\"https:\/\/antersystem.com\/it\/notizie\/invitation-to-logimat-2026\/#primaryimage\",\"url\":\"https:\/\/antersystem.com\/wp-content\/uploads\/news-logimat-invitation.webp\",\"contentUrl\":\"https:\/\/antersystem.com\/wp-content\/uploads\/news-logimat-invitation.webp\",\"width\":1920,\"height\":1081},{\"@type\":\"BreadcrumbList\",\"@id\":\"https:\/\/antersystem.com\/it\/notizie\/invitation-to-logimat-2026\/#breadcrumb\",\"itemListElement\":[{\"@type\":\"ListItem\",\"position\":1,\"name\":\"AnterSystem\",\"item\":\"https:\/\/antersystem.com\/it\/\"},{\"@type\":\"ListItem\",\"position\":2,\"name\":\"Notizie\",\"item\":\"https:\/\/antersystem.com\/it\/notizie\/\"},{\"@type\":\"ListItem\",\"position\":3,\"name\":\"Invito a LogiMAT 2026\"}]},{\"@type\":\"WebSite\",\"@id\":\"https:\/\/antersystem.com\/it\/#website\",\"url\":\"https:\/\/antersystem.com\/it\/\",\"name\":\"Anter System\",\"description\":\"Jeste\u015bmy polskim producentem elastycznych barier ochronnych wykonywanych z polimerowych tworzyw sztucznych. Na rynku krajowym i zagranicznym dzia\u0142amy od ponad 15 lat dbaj\u0105c o zapewnienie bezpiecze\u0144stwa w zak\u0142adach produkcyjnych, magazynach oraz centrach logistycznych.\",\"potentialAction\":[{\"@type\":\"SearchAction\",\"target\":{\"@type\":\"EntryPoint\",\"urlTemplate\":\"https:\/\/antersystem.com\/it\/?s={search_term_string}\"},\"query-input\":{\"@type\":\"PropertyValueSpecification\",\"valueRequired\":true,\"valueName\":\"search_term_string\"}}],\"inLanguage\":\"it-IT\"}]}<\/script>\n<!-- \/ Yoast SEO plugin. -->","yoast_head_json":{"title":"Invito a LogiMAT 2026 - Anter System","description":"Partecipiamo alla LogiMAT 2026 - Vieni a trovarci nel padiglione 1 Siamo lieti di annunciare che Anter System sar\u00e0 presente a LogiMAT 2026, la principale","robots":{"index":"index","follow":"follow","max-snippet":"max-snippet:-1","max-image-preview":"max-image-preview:large","max-video-preview":"max-video-preview:-1"},"canonical":"https:\/\/antersystem.com\/it\/notizie\/invitation-to-logimat-2026\/","og_locale":"it_IT","og_type":"article","og_title":"Invito a LogiMAT 2026 - Anter System","og_description":"Partecipiamo alla LogiMAT 2026 - Vieni a trovarci nel padiglione 1 Siamo lieti di annunciare che Anter System sar\u00e0 presente a LogiMAT 2026, la principale","og_url":"https:\/\/antersystem.com\/it\/notizie\/invitation-to-logimat-2026\/","og_site_name":"Anter System","article_modified_time":"2026-02-22T20:51:36+00:00","og_image":[{"width":1920,"height":1081,"url":"https:\/\/antersystem.com\/wp-content\/uploads\/news-logimat-invitation.webp","type":"image\/webp"}],"twitter_card":"summary_large_image","twitter_misc":{"Tempo di lettura stimato":"2 minuti"},"schema":{"@context":"https:\/\/schema.org","@graph":[{"@type":"WebPage","@id":"https:\/\/antersystem.com\/it\/notizie\/invitation-to-logimat-2026\/","url":"https:\/\/antersystem.com\/it\/notizie\/invitation-to-logimat-2026\/","name":"Invito a LogiMAT 2026 - Anter System","isPartOf":{"@id":"https:\/\/antersystem.com\/it\/#website"},"primaryImageOfPage":{"@id":"https:\/\/antersystem.com\/it\/notizie\/invitation-to-logimat-2026\/#primaryimage"},"image":{"@id":"https:\/\/antersystem.com\/it\/notizie\/invitation-to-logimat-2026\/#primaryimage"},"thumbnailUrl":"https:\/\/antersystem.com\/wp-content\/uploads\/news-logimat-invitation.webp","datePublished":"2026-02-22T12:05:26+00:00","dateModified":"2026-02-22T20:51:36+00:00","description":"Partecipiamo alla LogiMAT 2026 - Vieni a trovarci nel padiglione 1 Siamo lieti di annunciare che Anter System sar\u00e0 presente a LogiMAT 2026, la principale","breadcrumb":{"@id":"https:\/\/antersystem.com\/it\/notizie\/invitation-to-logimat-2026\/#breadcrumb"},"inLanguage":"it-IT","potentialAction":[{"@type":"ReadAction","target":["https:\/\/antersystem.com\/it\/notizie\/invitation-to-logimat-2026\/"]}]},{"@type":"ImageObject","inLanguage":"it-IT","@id":"https:\/\/antersystem.com\/it\/notizie\/invitation-to-logimat-2026\/#primaryimage","url":"https:\/\/antersystem.com\/wp-content\/uploads\/news-logimat-invitation.webp","contentUrl":"https:\/\/antersystem.com\/wp-content\/uploads\/news-logimat-invitation.webp","width":1920,"height":1081},{"@type":"BreadcrumbList","@id":"https:\/\/antersystem.com\/it\/notizie\/invitation-to-logimat-2026\/#breadcrumb","itemListElement":[{"@type":"ListItem","position":1,"name":"AnterSystem","item":"https:\/\/antersystem.com\/it\/"},{"@type":"ListItem","position":2,"name":"Notizie","item":"https:\/\/antersystem.com\/it\/notizie\/"},{"@type":"ListItem","position":3,"name":"Invito a LogiMAT 2026"}]},{"@type":"WebSite","@id":"https:\/\/antersystem.com\/it\/#website","url":"https:\/\/antersystem.com\/it\/","name":"Anter System","description":"Jeste\u015bmy polskim producentem elastycznych barier ochronnych wykonywanych z polimerowych tworzyw sztucznych. Na rynku krajowym i zagranicznym dzia\u0142amy od ponad 15 lat dbaj\u0105c o zapewnienie bezpiecze\u0144stwa w zak\u0142adach produkcyjnych, magazynach oraz centrach logistycznych.","potentialAction":[{"@type":"SearchAction","target":{"@type":"EntryPoint","urlTemplate":"https:\/\/antersystem.com\/it\/?s={search_term_string}"},"query-input":{"@type":"PropertyValueSpecification","valueRequired":true,"valueName":"search_term_string"}}],"inLanguage":"it-IT"}]}},"_links":{"self":[{"href":"https:\/\/antersystem.com\/it\/wp-json\/wp\/v2\/pages\/40322","targetHints":{"allow":["GET"]}}],"collection":[{"href":"https:\/\/antersystem.com\/it\/wp-json\/wp\/v2\/pages"}],"about":[{"href":"https:\/\/antersystem.com\/it\/wp-json\/wp\/v2\/types\/page"}],"author":[{"embeddable":true,"href":"https:\/\/antersystem.com\/it\/wp-json\/wp\/v2\/users\/11"}],"replies":[{"embeddable":true,"href":"https:\/\/antersystem.com\/it\/wp-json\/wp\/v2\/comments?post=40322"}],"version-history":[{"count":1,"href":"https:\/\/antersystem.com\/it\/wp-json\/wp\/v2\/pages\/40322\/revisions"}],"predecessor-version":[{"id":40326,"href":"https:\/\/antersystem.com\/it\/wp-json\/wp\/v2\/pages\/40322\/revisions\/40326"}],"up":[{"embeddable":true,"href":"https:\/\/antersystem.com\/it\/wp-json\/wp\/v2\/pages\/30444"}],"wp:featuredmedia":[{"embeddable":true,"href":"https:\/\/antersystem.com\/it\/wp-json\/wp\/v2\/media\/40224"}],"wp:attachment":[{"href":"https:\/\/antersystem.com\/it\/wp-json\/wp\/v2\/media?parent=40322"}],"curies":[{"name":"wp","href":"https:\/\/api.w.org\/{rel}","templated":true}]}}