{"id":40335,"date":"2026-02-13T14:00:03","date_gmt":"2026-02-13T13:00:03","guid":{"rendered":"https:\/\/antersystem.com\/notizie\/mid-magazine-safe-zone\/"},"modified":"2026-02-22T21:52:08","modified_gmt":"2026-02-22T20:52:08","slug":"mid-magazine-safe-zone","status":"publish","type":"page","link":"https:\/\/antersystem.com\/it\/notizie\/mid-magazine-safe-zone\/","title":{"rendered":"Rivista MID &#8211; &#8220;Zona sicura&#8221; &#8211; &#8220;Bezpieczna strefa"},"content":{"rendered":"\n<div class=\"wp-block-columns is-layout-flex wp-container-core-columns-is-layout-9d6595d7 wp-block-columns-is-layout-flex\">\n<div class=\"wp-block-column is-layout-flow wp-block-column-is-layout-flow\" style=\"flex-basis:10%\"><\/div>\n\n\n\n<div class=\"wp-block-column is-layout-flow wp-block-column-is-layout-flow\">\n<h3 class=\"wp-block-heading\">Il commento del nostro esperto nella rivista MID<\/h3>\n\n\n\n<p>Siamo lieti di annunciare che il nostro commento di esperti \u00e8 stato pubblicato su <strong>MID &#8211; Magazyn Intralogistyki i Dystrybucji<\/strong>.<\/p>\n<p>Nell&#8217;articolo si spiega perch\u00e9 la sicurezza dei magazzini moderni <strong>dovrebbe andare oltre le linee dipinte e i cartelli di avvertimento<\/strong>, concentrandosi su una progettazione consapevole degli spazi, una chiara separazione del traffico e sistemi di protezione che assorbono gli impatti e riducono i rischi e i costi operativi.<\/p>\n<p>Il commento dell&#8217;esperto \u00e8 stato fornito da Tomasz Bary\u0142a, il nostro Product Manager, che ha condiviso il suo punto di vista sulla progettazione di ambienti industriali pi\u00f9 sicuri ed efficienti.<\/p>\n<p><strong>\ud83d\udcc4 Ti invitiamo a leggere l&#8217;articolo completo qui sotto (PDF).<\/strong><\/p>\n<p>Se vuoi scoprire come implementare questi principi nella tua struttura, non esitare a contattarci.<\/p>\n<\/div>\n\n\n\n<div class=\"wp-block-column is-layout-flow wp-block-column-is-layout-flow\" style=\"flex-basis:10%\"><\/div>\n<\/div>\n\n<div data-wp-interactive=\"core\/file\" class=\"wp-block-file\"><object data-wp-bind--hidden=\"!state.hasPdfPreview\" hidden class=\"wp-block-file__embed\" data=\"https:\/\/antersystem.com\/wp-content\/uploads\/MID_109_1_2026_Bezpieczny-obszar.pdf\" type=\"application\/pdf\" style=\"width:100%;height:600px\" aria-label=\"Incorporamento di MID_97_1_2024-Anter-System.\"><\/object><a id=\"wp-block-file--media-c4a79965-4313-4b68-8827-3aa81c41db0a\" href=\"https:\/\/antersystem.com\/wp-content\/uploads\/MID_109_1_2026_Bezpieczny-obszar.pdf\">MID_109_1_2026-Anter System<\/a><a href=\"https:\/\/antersystem.com\/wp-content\/uploads\/MID_109_1_2026_Bezpieczny-obszar.pdf\" class=\"wp-block-file__button wp-element-button\" download=\"\" aria-describedby=\"wp-block-file--media-c4a79965-4313-4b68-8827-3aa81c41db0a\">Scarica<\/a><\/div>\n","protected":false},"excerpt":{"rendered":"<p>Il commento del nostro esperto nella rivista MID Siamo lieti di annunciare che il nostro commento di esperti \u00e8 stato pubblicato su MID &#8211; Magazyn Intralogistyki i Dystrybucji. Nell&#8217;articolo si spiega perch\u00e9 la sicurezza dei magazzini moderni dovrebbe andare oltre le linee dipinte e i cartelli di avvertimento, concentrandosi su una progettazione consapevole degli spazi, [&hellip;]<\/p>\n","protected":false},"author":11,"featured_media":40262,"parent":30444,"menu_order":0,"comment_status":"closed","ping_status":"closed","template":"","meta":{"inline_featured_image":false,"ngg_post_thumbnail":0,"footnotes":""},"class_list":["post-40335","page","type-page","status-publish","has-post-thumbnail","hentry"],"acf":[],"yoast_head":"<!-- This site is optimized with the Yoast SEO plugin v27.0 - https:\/\/yoast.com\/product\/yoast-seo-wordpress\/ -->\n<title>Rivista MID - &quot;Zona sicura&quot; - &quot;Bezpieczna strefa - Anter System<\/title>\n<meta name=\"description\" content=\"Il commento del nostro esperto nella rivista MID Siamo lieti di annunciare che il nostro commento di esperti \u00e8 stato pubblicato su MID - Magazyn\" \/>\n<meta name=\"robots\" content=\"index, follow, max-snippet:-1, max-image-preview:large, max-video-preview:-1\" \/>\n<link rel=\"canonical\" href=\"https:\/\/antersystem.com\/it\/notizie\/mid-magazine-safe-zone\/\" \/>\n<meta property=\"og:locale\" content=\"it_IT\" \/>\n<meta property=\"og:type\" content=\"article\" \/>\n<meta property=\"og:title\" content=\"Rivista MID - &quot;Zona sicura&quot; - &quot;Bezpieczna strefa - Anter System\" \/>\n<meta property=\"og:description\" content=\"Il commento del nostro esperto nella rivista MID Siamo lieti di annunciare che il nostro commento di esperti \u00e8 stato pubblicato su MID - Magazyn\" \/>\n<meta property=\"og:url\" content=\"https:\/\/antersystem.com\/it\/notizie\/mid-magazine-safe-zone\/\" \/>\n<meta property=\"og:site_name\" content=\"Anter System\" \/>\n<meta property=\"article:modified_time\" content=\"2026-02-22T20:52:08+00:00\" \/>\n<meta property=\"og:image\" content=\"https:\/\/antersystem.com\/wp-content\/uploads\/MID-1-2026.webp\" \/>\n\t<meta property=\"og:image:width\" content=\"1920\" \/>\n\t<meta property=\"og:image:height\" content=\"1080\" \/>\n\t<meta property=\"og:image:type\" content=\"image\/webp\" \/>\n<meta name=\"twitter:card\" content=\"summary_large_image\" \/>\n<meta name=\"twitter:label1\" content=\"Tempo di lettura stimato\" \/>\n\t<meta name=\"twitter:data1\" content=\"1 minuto\" \/>\n<script type=\"application\/ld+json\" class=\"yoast-schema-graph\">{\"@context\":\"https:\/\/schema.org\",\"@graph\":[{\"@type\":\"WebPage\",\"@id\":\"https:\/\/antersystem.com\/it\/notizie\/mid-magazine-safe-zone\/\",\"url\":\"https:\/\/antersystem.com\/it\/notizie\/mid-magazine-safe-zone\/\",\"name\":\"Rivista MID - \\\"Zona sicura\\\" - \\\"Bezpieczna strefa - Anter System\",\"isPartOf\":{\"@id\":\"https:\/\/antersystem.com\/it\/#website\"},\"primaryImageOfPage\":{\"@id\":\"https:\/\/antersystem.com\/it\/notizie\/mid-magazine-safe-zone\/#primaryimage\"},\"image\":{\"@id\":\"https:\/\/antersystem.com\/it\/notizie\/mid-magazine-safe-zone\/#primaryimage\"},\"thumbnailUrl\":\"https:\/\/antersystem.com\/wp-content\/uploads\/MID-1-2026.webp\",\"datePublished\":\"2026-02-13T13:00:03+00:00\",\"dateModified\":\"2026-02-22T20:52:08+00:00\",\"description\":\"Il commento del nostro esperto nella rivista MID Siamo lieti di annunciare che il nostro commento di esperti \u00e8 stato pubblicato su MID - Magazyn\",\"breadcrumb\":{\"@id\":\"https:\/\/antersystem.com\/it\/notizie\/mid-magazine-safe-zone\/#breadcrumb\"},\"inLanguage\":\"it-IT\",\"potentialAction\":[{\"@type\":\"ReadAction\",\"target\":[\"https:\/\/antersystem.com\/it\/notizie\/mid-magazine-safe-zone\/\"]}]},{\"@type\":\"ImageObject\",\"inLanguage\":\"it-IT\",\"@id\":\"https:\/\/antersystem.com\/it\/notizie\/mid-magazine-safe-zone\/#primaryimage\",\"url\":\"https:\/\/antersystem.com\/wp-content\/uploads\/MID-1-2026.webp\",\"contentUrl\":\"https:\/\/antersystem.com\/wp-content\/uploads\/MID-1-2026.webp\",\"width\":1920,\"height\":1080},{\"@type\":\"BreadcrumbList\",\"@id\":\"https:\/\/antersystem.com\/it\/notizie\/mid-magazine-safe-zone\/#breadcrumb\",\"itemListElement\":[{\"@type\":\"ListItem\",\"position\":1,\"name\":\"AnterSystem\",\"item\":\"https:\/\/antersystem.com\/it\/\"},{\"@type\":\"ListItem\",\"position\":2,\"name\":\"Notizie\",\"item\":\"https:\/\/antersystem.com\/it\/notizie\/\"},{\"@type\":\"ListItem\",\"position\":3,\"name\":\"Rivista MID &#8211; \u00abZona sicura\u00bb &#8211; \u00abBezpieczna strefa\"}]},{\"@type\":\"WebSite\",\"@id\":\"https:\/\/antersystem.com\/it\/#website\",\"url\":\"https:\/\/antersystem.com\/it\/\",\"name\":\"Anter System\",\"description\":\"Jeste\u015bmy polskim producentem elastycznych barier ochronnych wykonywanych z polimerowych tworzyw sztucznych. Na rynku krajowym i zagranicznym dzia\u0142amy od ponad 15 lat dbaj\u0105c o zapewnienie bezpiecze\u0144stwa w zak\u0142adach produkcyjnych, magazynach oraz centrach logistycznych.\",\"potentialAction\":[{\"@type\":\"SearchAction\",\"target\":{\"@type\":\"EntryPoint\",\"urlTemplate\":\"https:\/\/antersystem.com\/it\/?s={search_term_string}\"},\"query-input\":{\"@type\":\"PropertyValueSpecification\",\"valueRequired\":true,\"valueName\":\"search_term_string\"}}],\"inLanguage\":\"it-IT\"}]}<\/script>\n<!-- \/ Yoast SEO plugin. -->","yoast_head_json":{"title":"Rivista MID - \"Zona sicura\" - \"Bezpieczna strefa - Anter System","description":"Il commento del nostro esperto nella rivista MID Siamo lieti di annunciare che il nostro commento di esperti \u00e8 stato pubblicato su MID - Magazyn","robots":{"index":"index","follow":"follow","max-snippet":"max-snippet:-1","max-image-preview":"max-image-preview:large","max-video-preview":"max-video-preview:-1"},"canonical":"https:\/\/antersystem.com\/it\/notizie\/mid-magazine-safe-zone\/","og_locale":"it_IT","og_type":"article","og_title":"Rivista MID - \"Zona sicura\" - \"Bezpieczna strefa - Anter System","og_description":"Il commento del nostro esperto nella rivista MID Siamo lieti di annunciare che il nostro commento di esperti \u00e8 stato pubblicato su MID - Magazyn","og_url":"https:\/\/antersystem.com\/it\/notizie\/mid-magazine-safe-zone\/","og_site_name":"Anter System","article_modified_time":"2026-02-22T20:52:08+00:00","og_image":[{"width":1920,"height":1080,"url":"https:\/\/antersystem.com\/wp-content\/uploads\/MID-1-2026.webp","type":"image\/webp"}],"twitter_card":"summary_large_image","twitter_misc":{"Tempo di lettura stimato":"1 minuto"},"schema":{"@context":"https:\/\/schema.org","@graph":[{"@type":"WebPage","@id":"https:\/\/antersystem.com\/it\/notizie\/mid-magazine-safe-zone\/","url":"https:\/\/antersystem.com\/it\/notizie\/mid-magazine-safe-zone\/","name":"Rivista MID - \"Zona sicura\" - \"Bezpieczna strefa - Anter System","isPartOf":{"@id":"https:\/\/antersystem.com\/it\/#website"},"primaryImageOfPage":{"@id":"https:\/\/antersystem.com\/it\/notizie\/mid-magazine-safe-zone\/#primaryimage"},"image":{"@id":"https:\/\/antersystem.com\/it\/notizie\/mid-magazine-safe-zone\/#primaryimage"},"thumbnailUrl":"https:\/\/antersystem.com\/wp-content\/uploads\/MID-1-2026.webp","datePublished":"2026-02-13T13:00:03+00:00","dateModified":"2026-02-22T20:52:08+00:00","description":"Il commento del nostro esperto nella rivista MID Siamo lieti di annunciare che il nostro commento di esperti \u00e8 stato pubblicato su MID - Magazyn","breadcrumb":{"@id":"https:\/\/antersystem.com\/it\/notizie\/mid-magazine-safe-zone\/#breadcrumb"},"inLanguage":"it-IT","potentialAction":[{"@type":"ReadAction","target":["https:\/\/antersystem.com\/it\/notizie\/mid-magazine-safe-zone\/"]}]},{"@type":"ImageObject","inLanguage":"it-IT","@id":"https:\/\/antersystem.com\/it\/notizie\/mid-magazine-safe-zone\/#primaryimage","url":"https:\/\/antersystem.com\/wp-content\/uploads\/MID-1-2026.webp","contentUrl":"https:\/\/antersystem.com\/wp-content\/uploads\/MID-1-2026.webp","width":1920,"height":1080},{"@type":"BreadcrumbList","@id":"https:\/\/antersystem.com\/it\/notizie\/mid-magazine-safe-zone\/#breadcrumb","itemListElement":[{"@type":"ListItem","position":1,"name":"AnterSystem","item":"https:\/\/antersystem.com\/it\/"},{"@type":"ListItem","position":2,"name":"Notizie","item":"https:\/\/antersystem.com\/it\/notizie\/"},{"@type":"ListItem","position":3,"name":"Rivista MID &#8211; \u00abZona sicura\u00bb &#8211; \u00abBezpieczna strefa"}]},{"@type":"WebSite","@id":"https:\/\/antersystem.com\/it\/#website","url":"https:\/\/antersystem.com\/it\/","name":"Anter System","description":"Jeste\u015bmy polskim producentem elastycznych barier ochronnych wykonywanych z polimerowych tworzyw sztucznych. Na rynku krajowym i zagranicznym dzia\u0142amy od ponad 15 lat dbaj\u0105c o zapewnienie bezpiecze\u0144stwa w zak\u0142adach produkcyjnych, magazynach oraz centrach logistycznych.","potentialAction":[{"@type":"SearchAction","target":{"@type":"EntryPoint","urlTemplate":"https:\/\/antersystem.com\/it\/?s={search_term_string}"},"query-input":{"@type":"PropertyValueSpecification","valueRequired":true,"valueName":"search_term_string"}}],"inLanguage":"it-IT"}]}},"_links":{"self":[{"href":"https:\/\/antersystem.com\/it\/wp-json\/wp\/v2\/pages\/40335","targetHints":{"allow":["GET"]}}],"collection":[{"href":"https:\/\/antersystem.com\/it\/wp-json\/wp\/v2\/pages"}],"about":[{"href":"https:\/\/antersystem.com\/it\/wp-json\/wp\/v2\/types\/page"}],"author":[{"embeddable":true,"href":"https:\/\/antersystem.com\/it\/wp-json\/wp\/v2\/users\/11"}],"replies":[{"embeddable":true,"href":"https:\/\/antersystem.com\/it\/wp-json\/wp\/v2\/comments?post=40335"}],"version-history":[{"count":1,"href":"https:\/\/antersystem.com\/it\/wp-json\/wp\/v2\/pages\/40335\/revisions"}],"predecessor-version":[{"id":40336,"href":"https:\/\/antersystem.com\/it\/wp-json\/wp\/v2\/pages\/40335\/revisions\/40336"}],"up":[{"embeddable":true,"href":"https:\/\/antersystem.com\/it\/wp-json\/wp\/v2\/pages\/30444"}],"wp:featuredmedia":[{"embeddable":true,"href":"https:\/\/antersystem.com\/it\/wp-json\/wp\/v2\/media\/40262"}],"wp:attachment":[{"href":"https:\/\/antersystem.com\/it\/wp-json\/wp\/v2\/media?parent=40335"}],"curies":[{"name":"wp","href":"https:\/\/api.w.org\/{rel}","templated":true}]}}