{"id":40349,"date":"2025-12-22T15:36:00","date_gmt":"2025-12-22T14:36:00","guid":{"rendered":"https:\/\/antersystem.com\/notizie\/handling-expo-2025\/"},"modified":"2026-02-22T22:30:20","modified_gmt":"2026-02-22T21:30:20","slug":"handling-expo-2025","status":"publish","type":"page","link":"https:\/\/antersystem.com\/it\/notizie\/handling-expo-2025\/","title":{"rendered":"Handling Expo 2025"},"content":{"rendered":"<h2>Anter System alla Handling Expo 2025 del Cairo<\/h2>\n<p>Dal 18 al 21 dicembre 2025 abbiamo avuto il piacere di partecipare all&#8217;<strong>Handling Expo &#8211; The International Exhibition for Material Handling &amp; Storage Equipment<\/strong> al Cairo, in Egitto. L&#8217;evento ha segnato una tappa importante nella roadmap internazionale di Anter System e un punto di chiusura importante per la nostra stagione fieristica del 2025. <\/p>\n<p>Tenutosi presso l&#8217;Egypt International Exhibition Center, l&#8217;Handling Expo ha confermato il dinamismo con cui i settori del magazzinaggio, dell&#8217;intralogistica e della sicurezza industriale si stanno sviluppando nei mercati del Medio Oriente e dell&#8217;Africa. Secondo gli organizzatori, l&#8217;edizione di quest&#8217;anno ha riunito <strong>622 espositori provenienti da 27 paesi<\/strong> e ha attirato <strong>24.208 visitatori specializzati<\/strong>, creando una vivace piattaforma per lo scambio di conoscenze e la crescita del business. <\/p>\n<p>Alla fiera abbiamo presentato il nostro approccio ai <strong>sistemi flessibili di protezione dagli impatti<\/strong>, concentrandoci sulle sfide pratiche della sicurezza nei moderni magazzini e impianti di produzione. Insieme al nostro partner <strong>IRack Storage Solution<\/strong>, abbiamo presentato soluzioni progettate per condizioni operative reali, per proteggere persone, infrastrutture e merci in ambienti industriali ad alto traffico. <\/p>\n<p>Ogni evento internazionale ci aiuta a comprendere meglio le esigenze del mercato locale, a scambiare prospettive con i professionisti del settore e a perfezionare le soluzioni che funzionano a livello globale e vengono implementate a livello locale.<\/p>\n<p>Grazie a tutti coloro che sono venuti a trovarci al Cairo e hanno contribuito a conversazioni stimolanti e incontri preziosi. Non vediamo l&#8217;ora di continuare queste discussioni nel 2026. <\/p>\n","protected":false},"excerpt":{"rendered":"<p>Anter System alla Handling Expo 2025 del Cairo Dal 18 al 21 dicembre 2025 abbiamo avuto il piacere di partecipare all&#8217;Handling Expo &#8211; The International Exhibition for Material Handling &amp; Storage Equipment al Cairo, in Egitto. L&#8217;evento ha segnato una tappa importante nella roadmap internazionale di Anter System e un punto di chiusura importante per [&hellip;]<\/p>\n","protected":false},"author":11,"featured_media":40286,"parent":30444,"menu_order":0,"comment_status":"closed","ping_status":"closed","template":"","meta":{"inline_featured_image":false,"ngg_post_thumbnail":0,"footnotes":""},"class_list":["post-40349","page","type-page","status-publish","has-post-thumbnail","hentry"],"acf":[],"yoast_head":"<!-- This site is optimized with the Yoast SEO plugin v27.0 - https:\/\/yoast.com\/product\/yoast-seo-wordpress\/ -->\n<title>Handling Expo 2025 - Anter System<\/title>\n<meta name=\"description\" content=\"Anter System alla Handling Expo 2025 del Cairo Dal 18 al 21 dicembre 2025 abbiamo avuto il piacere di partecipare all&#039;Handling Expo - The International\" \/>\n<meta name=\"robots\" content=\"index, follow, max-snippet:-1, max-image-preview:large, max-video-preview:-1\" \/>\n<link rel=\"canonical\" href=\"https:\/\/antersystem.com\/it\/notizie\/handling-expo-2025\/\" \/>\n<meta property=\"og:locale\" content=\"it_IT\" \/>\n<meta property=\"og:type\" content=\"article\" \/>\n<meta property=\"og:title\" content=\"Handling Expo 2025 - Anter System\" \/>\n<meta property=\"og:description\" content=\"Anter System alla Handling Expo 2025 del Cairo Dal 18 al 21 dicembre 2025 abbiamo avuto il piacere di partecipare all&#039;Handling Expo - The International\" \/>\n<meta property=\"og:url\" content=\"https:\/\/antersystem.com\/it\/notizie\/handling-expo-2025\/\" \/>\n<meta property=\"og:site_name\" content=\"Anter System\" \/>\n<meta property=\"article:modified_time\" content=\"2026-02-22T21:30:20+00:00\" \/>\n<meta property=\"og:image\" content=\"https:\/\/antersystem.com\/wp-content\/uploads\/handling-expo-2025-cover.webp\" \/>\n\t<meta property=\"og:image:width\" content=\"1921\" \/>\n\t<meta property=\"og:image:height\" content=\"1080\" \/>\n\t<meta property=\"og:image:type\" content=\"image\/webp\" \/>\n<meta name=\"twitter:card\" content=\"summary_large_image\" \/>\n<meta name=\"twitter:label1\" content=\"Tempo di lettura stimato\" \/>\n\t<meta name=\"twitter:data1\" content=\"1 minuto\" \/>\n<script type=\"application\/ld+json\" class=\"yoast-schema-graph\">{\"@context\":\"https:\/\/schema.org\",\"@graph\":[{\"@type\":\"WebPage\",\"@id\":\"https:\/\/antersystem.com\/it\/notizie\/handling-expo-2025\/\",\"url\":\"https:\/\/antersystem.com\/it\/notizie\/handling-expo-2025\/\",\"name\":\"Handling Expo 2025 - Anter System\",\"isPartOf\":{\"@id\":\"https:\/\/antersystem.com\/it\/#website\"},\"primaryImageOfPage\":{\"@id\":\"https:\/\/antersystem.com\/it\/notizie\/handling-expo-2025\/#primaryimage\"},\"image\":{\"@id\":\"https:\/\/antersystem.com\/it\/notizie\/handling-expo-2025\/#primaryimage\"},\"thumbnailUrl\":\"https:\/\/antersystem.com\/wp-content\/uploads\/handling-expo-2025-cover.webp\",\"datePublished\":\"2025-12-22T14:36:00+00:00\",\"dateModified\":\"2026-02-22T21:30:20+00:00\",\"description\":\"Anter System alla Handling Expo 2025 del Cairo Dal 18 al 21 dicembre 2025 abbiamo avuto il piacere di partecipare all'Handling Expo - The International\",\"breadcrumb\":{\"@id\":\"https:\/\/antersystem.com\/it\/notizie\/handling-expo-2025\/#breadcrumb\"},\"inLanguage\":\"it-IT\",\"potentialAction\":[{\"@type\":\"ReadAction\",\"target\":[\"https:\/\/antersystem.com\/it\/notizie\/handling-expo-2025\/\"]}]},{\"@type\":\"ImageObject\",\"inLanguage\":\"it-IT\",\"@id\":\"https:\/\/antersystem.com\/it\/notizie\/handling-expo-2025\/#primaryimage\",\"url\":\"https:\/\/antersystem.com\/wp-content\/uploads\/handling-expo-2025-cover.webp\",\"contentUrl\":\"https:\/\/antersystem.com\/wp-content\/uploads\/handling-expo-2025-cover.webp\",\"width\":1921,\"height\":1080},{\"@type\":\"BreadcrumbList\",\"@id\":\"https:\/\/antersystem.com\/it\/notizie\/handling-expo-2025\/#breadcrumb\",\"itemListElement\":[{\"@type\":\"ListItem\",\"position\":1,\"name\":\"AnterSystem\",\"item\":\"https:\/\/antersystem.com\/it\/\"},{\"@type\":\"ListItem\",\"position\":2,\"name\":\"Notizie\",\"item\":\"https:\/\/antersystem.com\/it\/notizie\/\"},{\"@type\":\"ListItem\",\"position\":3,\"name\":\"Handling Expo 2025\"}]},{\"@type\":\"WebSite\",\"@id\":\"https:\/\/antersystem.com\/it\/#website\",\"url\":\"https:\/\/antersystem.com\/it\/\",\"name\":\"Anter System\",\"description\":\"Jeste\u015bmy polskim producentem elastycznych barier ochronnych wykonywanych z polimerowych tworzyw sztucznych. Na rynku krajowym i zagranicznym dzia\u0142amy od ponad 15 lat dbaj\u0105c o zapewnienie bezpiecze\u0144stwa w zak\u0142adach produkcyjnych, magazynach oraz centrach logistycznych.\",\"potentialAction\":[{\"@type\":\"SearchAction\",\"target\":{\"@type\":\"EntryPoint\",\"urlTemplate\":\"https:\/\/antersystem.com\/it\/?s={search_term_string}\"},\"query-input\":{\"@type\":\"PropertyValueSpecification\",\"valueRequired\":true,\"valueName\":\"search_term_string\"}}],\"inLanguage\":\"it-IT\"}]}<\/script>\n<!-- \/ Yoast SEO plugin. -->","yoast_head_json":{"title":"Handling Expo 2025 - Anter System","description":"Anter System alla Handling Expo 2025 del Cairo Dal 18 al 21 dicembre 2025 abbiamo avuto il piacere di partecipare all'Handling Expo - The International","robots":{"index":"index","follow":"follow","max-snippet":"max-snippet:-1","max-image-preview":"max-image-preview:large","max-video-preview":"max-video-preview:-1"},"canonical":"https:\/\/antersystem.com\/it\/notizie\/handling-expo-2025\/","og_locale":"it_IT","og_type":"article","og_title":"Handling Expo 2025 - Anter System","og_description":"Anter System alla Handling Expo 2025 del Cairo Dal 18 al 21 dicembre 2025 abbiamo avuto il piacere di partecipare all'Handling Expo - The International","og_url":"https:\/\/antersystem.com\/it\/notizie\/handling-expo-2025\/","og_site_name":"Anter System","article_modified_time":"2026-02-22T21:30:20+00:00","og_image":[{"width":1921,"height":1080,"url":"https:\/\/antersystem.com\/wp-content\/uploads\/handling-expo-2025-cover.webp","type":"image\/webp"}],"twitter_card":"summary_large_image","twitter_misc":{"Tempo di lettura stimato":"1 minuto"},"schema":{"@context":"https:\/\/schema.org","@graph":[{"@type":"WebPage","@id":"https:\/\/antersystem.com\/it\/notizie\/handling-expo-2025\/","url":"https:\/\/antersystem.com\/it\/notizie\/handling-expo-2025\/","name":"Handling Expo 2025 - Anter System","isPartOf":{"@id":"https:\/\/antersystem.com\/it\/#website"},"primaryImageOfPage":{"@id":"https:\/\/antersystem.com\/it\/notizie\/handling-expo-2025\/#primaryimage"},"image":{"@id":"https:\/\/antersystem.com\/it\/notizie\/handling-expo-2025\/#primaryimage"},"thumbnailUrl":"https:\/\/antersystem.com\/wp-content\/uploads\/handling-expo-2025-cover.webp","datePublished":"2025-12-22T14:36:00+00:00","dateModified":"2026-02-22T21:30:20+00:00","description":"Anter System alla Handling Expo 2025 del Cairo Dal 18 al 21 dicembre 2025 abbiamo avuto il piacere di partecipare all'Handling Expo - The International","breadcrumb":{"@id":"https:\/\/antersystem.com\/it\/notizie\/handling-expo-2025\/#breadcrumb"},"inLanguage":"it-IT","potentialAction":[{"@type":"ReadAction","target":["https:\/\/antersystem.com\/it\/notizie\/handling-expo-2025\/"]}]},{"@type":"ImageObject","inLanguage":"it-IT","@id":"https:\/\/antersystem.com\/it\/notizie\/handling-expo-2025\/#primaryimage","url":"https:\/\/antersystem.com\/wp-content\/uploads\/handling-expo-2025-cover.webp","contentUrl":"https:\/\/antersystem.com\/wp-content\/uploads\/handling-expo-2025-cover.webp","width":1921,"height":1080},{"@type":"BreadcrumbList","@id":"https:\/\/antersystem.com\/it\/notizie\/handling-expo-2025\/#breadcrumb","itemListElement":[{"@type":"ListItem","position":1,"name":"AnterSystem","item":"https:\/\/antersystem.com\/it\/"},{"@type":"ListItem","position":2,"name":"Notizie","item":"https:\/\/antersystem.com\/it\/notizie\/"},{"@type":"ListItem","position":3,"name":"Handling Expo 2025"}]},{"@type":"WebSite","@id":"https:\/\/antersystem.com\/it\/#website","url":"https:\/\/antersystem.com\/it\/","name":"Anter System","description":"Jeste\u015bmy polskim producentem elastycznych barier ochronnych wykonywanych z polimerowych tworzyw sztucznych. Na rynku krajowym i zagranicznym dzia\u0142amy od ponad 15 lat dbaj\u0105c o zapewnienie bezpiecze\u0144stwa w zak\u0142adach produkcyjnych, magazynach oraz centrach logistycznych.","potentialAction":[{"@type":"SearchAction","target":{"@type":"EntryPoint","urlTemplate":"https:\/\/antersystem.com\/it\/?s={search_term_string}"},"query-input":{"@type":"PropertyValueSpecification","valueRequired":true,"valueName":"search_term_string"}}],"inLanguage":"it-IT"}]}},"_links":{"self":[{"href":"https:\/\/antersystem.com\/it\/wp-json\/wp\/v2\/pages\/40349","targetHints":{"allow":["GET"]}}],"collection":[{"href":"https:\/\/antersystem.com\/it\/wp-json\/wp\/v2\/pages"}],"about":[{"href":"https:\/\/antersystem.com\/it\/wp-json\/wp\/v2\/types\/page"}],"author":[{"embeddable":true,"href":"https:\/\/antersystem.com\/it\/wp-json\/wp\/v2\/users\/11"}],"replies":[{"embeddable":true,"href":"https:\/\/antersystem.com\/it\/wp-json\/wp\/v2\/comments?post=40349"}],"version-history":[{"count":1,"href":"https:\/\/antersystem.com\/it\/wp-json\/wp\/v2\/pages\/40349\/revisions"}],"predecessor-version":[{"id":40377,"href":"https:\/\/antersystem.com\/it\/wp-json\/wp\/v2\/pages\/40349\/revisions\/40377"}],"up":[{"embeddable":true,"href":"https:\/\/antersystem.com\/it\/wp-json\/wp\/v2\/pages\/30444"}],"wp:featuredmedia":[{"embeddable":true,"href":"https:\/\/antersystem.com\/it\/wp-json\/wp\/v2\/media\/40286"}],"wp:attachment":[{"href":"https:\/\/antersystem.com\/it\/wp-json\/wp\/v2\/media?parent=40349"}],"curies":[{"name":"wp","href":"https:\/\/api.w.org\/{rel}","templated":true}]}}