{"id":40903,"date":"2026-03-31T10:10:47","date_gmt":"2026-03-31T08:10:47","guid":{"rendered":"https:\/\/antersystem.com\/notizie\/see-you-at-nordbygg-2026\/"},"modified":"2026-04-16T10:59:55","modified_gmt":"2026-04-16T08:59:55","slug":"see-you-at-nordbygg-2026","status":"publish","type":"page","link":"https:\/\/antersystem.com\/it\/notizie\/see-you-at-nordbygg-2026\/","title":{"rendered":"Ci vediamo a Nordbygg 2026 in Svezia"},"content":{"rendered":"<p>Anter System sar\u00e0 presente alla fiera <strong>Nordbygg 2026<\/strong>, che si terr\u00e0 a <strong>Stoccolma, in Svezia<\/strong>. Essendo una delle fiere pi\u00f9 importanti per l&#8217;industria delle costruzioni e dell&#8217;edilizia nella regione nordica, Nordbygg riunisce i professionisti alla ricerca di soluzioni innovative e pratiche. <\/p>\n<p>Durante l&#8217;evento, i visitatori potranno incontrare Anter System presso lo stand dell&#8217;<strong>Agenzia Polacca per lo Sviluppo delle Imprese<\/strong>. Presenteremo le nostre soluzioni di sicurezza industriale progettate per proteggere le persone, le infrastrutture e le operazioni in magazzini, impianti di produzione e ambienti logistici. <\/p>\n<p>Se stai visitando Nordbygg, ti invitiamo caldamente a incontrare il nostro team nel <strong>padiglione C, stand C03:61<\/strong>. Ti aspettiamo in Svezia. <\/p>\n","protected":false},"excerpt":{"rendered":"<p>Anter System sar\u00e0 presente alla fiera Nordbygg 2026, che si terr\u00e0 a Stoccolma, in Svezia. Essendo una delle fiere pi\u00f9 importanti per l&#8217;industria delle costruzioni e dell&#8217;edilizia nella regione nordica, Nordbygg riunisce i professionisti alla ricerca di soluzioni innovative e pratiche. Durante l&#8217;evento, i visitatori potranno incontrare Anter System presso lo stand dell&#8217;Agenzia Polacca per [&hellip;]<\/p>\n","protected":false},"author":11,"featured_media":40832,"parent":30444,"menu_order":0,"comment_status":"closed","ping_status":"closed","template":"","meta":{"inline_featured_image":false,"ngg_post_thumbnail":0,"footnotes":""},"class_list":["post-40903","page","type-page","status-publish","has-post-thumbnail","hentry"],"acf":[],"yoast_head":"<!-- This site is optimized with the Yoast SEO plugin v27.0 - https:\/\/yoast.com\/product\/yoast-seo-wordpress\/ -->\n<title>Ci vediamo a Nordbygg 2026 in Svezia - Anter System<\/title>\n<meta name=\"description\" content=\"Anter System sar\u00e0 presente alla fiera Nordbygg 2026, che si terr\u00e0 a Stoccolma, in Svezia. Essendo una delle fiere pi\u00f9 importanti per l&#039;industria delle\" \/>\n<meta name=\"robots\" content=\"index, follow, max-snippet:-1, max-image-preview:large, max-video-preview:-1\" \/>\n<link rel=\"canonical\" href=\"https:\/\/antersystem.com\/it\/notizie\/see-you-at-nordbygg-2026\/\" \/>\n<meta property=\"og:locale\" content=\"it_IT\" \/>\n<meta property=\"og:type\" content=\"article\" \/>\n<meta property=\"og:title\" content=\"Ci vediamo a Nordbygg 2026 in Svezia - Anter System\" \/>\n<meta property=\"og:description\" content=\"Anter System sar\u00e0 presente alla fiera Nordbygg 2026, che si terr\u00e0 a Stoccolma, in Svezia. Essendo una delle fiere pi\u00f9 importanti per l&#039;industria delle\" \/>\n<meta property=\"og:url\" content=\"https:\/\/antersystem.com\/it\/notizie\/see-you-at-nordbygg-2026\/\" \/>\n<meta property=\"og:site_name\" content=\"Anter System\" \/>\n<meta property=\"article:modified_time\" content=\"2026-04-16T08:59:55+00:00\" \/>\n<meta property=\"og:image\" content=\"https:\/\/antersystem.com\/wp-content\/uploads\/norbygg-logo.webp\" \/>\n\t<meta property=\"og:image:width\" content=\"961\" \/>\n\t<meta property=\"og:image:height\" content=\"541\" \/>\n\t<meta property=\"og:image:type\" content=\"image\/webp\" \/>\n<meta name=\"twitter:card\" content=\"summary_large_image\" \/>\n<meta name=\"twitter:label1\" content=\"Tempo di lettura stimato\" \/>\n\t<meta name=\"twitter:data1\" content=\"1 minuto\" \/>\n<script type=\"application\/ld+json\" class=\"yoast-schema-graph\">{\"@context\":\"https:\/\/schema.org\",\"@graph\":[{\"@type\":\"WebPage\",\"@id\":\"https:\/\/antersystem.com\/it\/notizie\/see-you-at-nordbygg-2026\/\",\"url\":\"https:\/\/antersystem.com\/it\/notizie\/see-you-at-nordbygg-2026\/\",\"name\":\"Ci vediamo a Nordbygg 2026 in Svezia - Anter System\",\"isPartOf\":{\"@id\":\"https:\/\/antersystem.com\/it\/#website\"},\"primaryImageOfPage\":{\"@id\":\"https:\/\/antersystem.com\/it\/notizie\/see-you-at-nordbygg-2026\/#primaryimage\"},\"image\":{\"@id\":\"https:\/\/antersystem.com\/it\/notizie\/see-you-at-nordbygg-2026\/#primaryimage\"},\"thumbnailUrl\":\"https:\/\/antersystem.com\/wp-content\/uploads\/norbygg-logo.webp\",\"datePublished\":\"2026-03-31T08:10:47+00:00\",\"dateModified\":\"2026-04-16T08:59:55+00:00\",\"description\":\"Anter System sar\u00e0 presente alla fiera Nordbygg 2026, che si terr\u00e0 a Stoccolma, in Svezia. Essendo una delle fiere pi\u00f9 importanti per l'industria delle\",\"breadcrumb\":{\"@id\":\"https:\/\/antersystem.com\/it\/notizie\/see-you-at-nordbygg-2026\/#breadcrumb\"},\"inLanguage\":\"it-IT\",\"potentialAction\":[{\"@type\":\"ReadAction\",\"target\":[\"https:\/\/antersystem.com\/it\/notizie\/see-you-at-nordbygg-2026\/\"]}]},{\"@type\":\"ImageObject\",\"inLanguage\":\"it-IT\",\"@id\":\"https:\/\/antersystem.com\/it\/notizie\/see-you-at-nordbygg-2026\/#primaryimage\",\"url\":\"https:\/\/antersystem.com\/wp-content\/uploads\/norbygg-logo.webp\",\"contentUrl\":\"https:\/\/antersystem.com\/wp-content\/uploads\/norbygg-logo.webp\",\"width\":961,\"height\":541},{\"@type\":\"BreadcrumbList\",\"@id\":\"https:\/\/antersystem.com\/it\/notizie\/see-you-at-nordbygg-2026\/#breadcrumb\",\"itemListElement\":[{\"@type\":\"ListItem\",\"position\":1,\"name\":\"AnterSystem\",\"item\":\"https:\/\/antersystem.com\/it\/\"},{\"@type\":\"ListItem\",\"position\":2,\"name\":\"Notizie\",\"item\":\"https:\/\/antersystem.com\/it\/notizie\/\"},{\"@type\":\"ListItem\",\"position\":3,\"name\":\"Ci vediamo a Nordbygg 2026 in Svezia\"}]},{\"@type\":\"WebSite\",\"@id\":\"https:\/\/antersystem.com\/it\/#website\",\"url\":\"https:\/\/antersystem.com\/it\/\",\"name\":\"Anter System\",\"description\":\"Jeste\u015bmy polskim producentem elastycznych barier ochronnych wykonywanych z polimerowych tworzyw sztucznych. Na rynku krajowym i zagranicznym dzia\u0142amy od ponad 15 lat dbaj\u0105c o zapewnienie bezpiecze\u0144stwa w zak\u0142adach produkcyjnych, magazynach oraz centrach logistycznych.\",\"potentialAction\":[{\"@type\":\"SearchAction\",\"target\":{\"@type\":\"EntryPoint\",\"urlTemplate\":\"https:\/\/antersystem.com\/it\/?s={search_term_string}\"},\"query-input\":{\"@type\":\"PropertyValueSpecification\",\"valueRequired\":true,\"valueName\":\"search_term_string\"}}],\"inLanguage\":\"it-IT\"}]}<\/script>\n<!-- \/ Yoast SEO plugin. -->","yoast_head_json":{"title":"Ci vediamo a Nordbygg 2026 in Svezia - Anter System","description":"Anter System sar\u00e0 presente alla fiera Nordbygg 2026, che si terr\u00e0 a Stoccolma, in Svezia. Essendo una delle fiere pi\u00f9 importanti per l'industria delle","robots":{"index":"index","follow":"follow","max-snippet":"max-snippet:-1","max-image-preview":"max-image-preview:large","max-video-preview":"max-video-preview:-1"},"canonical":"https:\/\/antersystem.com\/it\/notizie\/see-you-at-nordbygg-2026\/","og_locale":"it_IT","og_type":"article","og_title":"Ci vediamo a Nordbygg 2026 in Svezia - Anter System","og_description":"Anter System sar\u00e0 presente alla fiera Nordbygg 2026, che si terr\u00e0 a Stoccolma, in Svezia. Essendo una delle fiere pi\u00f9 importanti per l'industria delle","og_url":"https:\/\/antersystem.com\/it\/notizie\/see-you-at-nordbygg-2026\/","og_site_name":"Anter System","article_modified_time":"2026-04-16T08:59:55+00:00","og_image":[{"width":961,"height":541,"url":"https:\/\/antersystem.com\/wp-content\/uploads\/norbygg-logo.webp","type":"image\/webp"}],"twitter_card":"summary_large_image","twitter_misc":{"Tempo di lettura stimato":"1 minuto"},"schema":{"@context":"https:\/\/schema.org","@graph":[{"@type":"WebPage","@id":"https:\/\/antersystem.com\/it\/notizie\/see-you-at-nordbygg-2026\/","url":"https:\/\/antersystem.com\/it\/notizie\/see-you-at-nordbygg-2026\/","name":"Ci vediamo a Nordbygg 2026 in Svezia - Anter System","isPartOf":{"@id":"https:\/\/antersystem.com\/it\/#website"},"primaryImageOfPage":{"@id":"https:\/\/antersystem.com\/it\/notizie\/see-you-at-nordbygg-2026\/#primaryimage"},"image":{"@id":"https:\/\/antersystem.com\/it\/notizie\/see-you-at-nordbygg-2026\/#primaryimage"},"thumbnailUrl":"https:\/\/antersystem.com\/wp-content\/uploads\/norbygg-logo.webp","datePublished":"2026-03-31T08:10:47+00:00","dateModified":"2026-04-16T08:59:55+00:00","description":"Anter System sar\u00e0 presente alla fiera Nordbygg 2026, che si terr\u00e0 a Stoccolma, in Svezia. Essendo una delle fiere pi\u00f9 importanti per l'industria delle","breadcrumb":{"@id":"https:\/\/antersystem.com\/it\/notizie\/see-you-at-nordbygg-2026\/#breadcrumb"},"inLanguage":"it-IT","potentialAction":[{"@type":"ReadAction","target":["https:\/\/antersystem.com\/it\/notizie\/see-you-at-nordbygg-2026\/"]}]},{"@type":"ImageObject","inLanguage":"it-IT","@id":"https:\/\/antersystem.com\/it\/notizie\/see-you-at-nordbygg-2026\/#primaryimage","url":"https:\/\/antersystem.com\/wp-content\/uploads\/norbygg-logo.webp","contentUrl":"https:\/\/antersystem.com\/wp-content\/uploads\/norbygg-logo.webp","width":961,"height":541},{"@type":"BreadcrumbList","@id":"https:\/\/antersystem.com\/it\/notizie\/see-you-at-nordbygg-2026\/#breadcrumb","itemListElement":[{"@type":"ListItem","position":1,"name":"AnterSystem","item":"https:\/\/antersystem.com\/it\/"},{"@type":"ListItem","position":2,"name":"Notizie","item":"https:\/\/antersystem.com\/it\/notizie\/"},{"@type":"ListItem","position":3,"name":"Ci vediamo a Nordbygg 2026 in Svezia"}]},{"@type":"WebSite","@id":"https:\/\/antersystem.com\/it\/#website","url":"https:\/\/antersystem.com\/it\/","name":"Anter System","description":"Jeste\u015bmy polskim producentem elastycznych barier ochronnych wykonywanych z polimerowych tworzyw sztucznych. Na rynku krajowym i zagranicznym dzia\u0142amy od ponad 15 lat dbaj\u0105c o zapewnienie bezpiecze\u0144stwa w zak\u0142adach produkcyjnych, magazynach oraz centrach logistycznych.","potentialAction":[{"@type":"SearchAction","target":{"@type":"EntryPoint","urlTemplate":"https:\/\/antersystem.com\/it\/?s={search_term_string}"},"query-input":{"@type":"PropertyValueSpecification","valueRequired":true,"valueName":"search_term_string"}}],"inLanguage":"it-IT"}]}},"_links":{"self":[{"href":"https:\/\/antersystem.com\/it\/wp-json\/wp\/v2\/pages\/40903","targetHints":{"allow":["GET"]}}],"collection":[{"href":"https:\/\/antersystem.com\/it\/wp-json\/wp\/v2\/pages"}],"about":[{"href":"https:\/\/antersystem.com\/it\/wp-json\/wp\/v2\/types\/page"}],"author":[{"embeddable":true,"href":"https:\/\/antersystem.com\/it\/wp-json\/wp\/v2\/users\/11"}],"replies":[{"embeddable":true,"href":"https:\/\/antersystem.com\/it\/wp-json\/wp\/v2\/comments?post=40903"}],"version-history":[{"count":1,"href":"https:\/\/antersystem.com\/it\/wp-json\/wp\/v2\/pages\/40903\/revisions"}],"predecessor-version":[{"id":40926,"href":"https:\/\/antersystem.com\/it\/wp-json\/wp\/v2\/pages\/40903\/revisions\/40926"}],"up":[{"embeddable":true,"href":"https:\/\/antersystem.com\/it\/wp-json\/wp\/v2\/pages\/30444"}],"wp:featuredmedia":[{"embeddable":true,"href":"https:\/\/antersystem.com\/it\/wp-json\/wp\/v2\/media\/40832"}],"wp:attachment":[{"href":"https:\/\/antersystem.com\/it\/wp-json\/wp\/v2\/media?parent=40903"}],"curies":[{"name":"wp","href":"https:\/\/api.w.org\/{rel}","templated":true}]}}