{"id":12738,"date":"2023-10-16T10:41:27","date_gmt":"2023-10-16T08:41:27","guid":{"rendered":"https:\/\/new.antersystem.com\/bezpieczna-przestrzen-wall-protection\/"},"modified":"2026-01-30T01:30:07","modified_gmt":"2026-01-30T00:30:07","slug":"bezpieczna-przestrzen-wall-protection","status":"publish","type":"page","link":"https:\/\/antersystem.com\/pl\/wiedza-i-nowosci\/bezpieczna-przestrzen-wall-protection\/","title":{"rendered":"Bezpieczna przestrze\u0144"},"content":{"rendered":"\n<div class=\"wp-block-columns is-layout-flex wp-container-core-columns-is-layout-9d6595d7 wp-block-columns-is-layout-flex\">\n<div class=\"wp-block-column is-layout-flow wp-block-column-is-layout-flow\" style=\"flex-basis:10%\"><\/div>\n\n\n\n<div class=\"wp-block-column is-layout-flow wp-block-column-is-layout-flow\">\n<h3 class=\"wp-block-heading\">Bezpieczna przestrze\u0144. Wall Protection \u2013 polimerowe zabezpieczenia ochronne do magazyn\u00f3w i hal przemys\u0142owych<\/h3>\n\n\n\n<p style=\"text-align: left;\">W wydaniu magazynu <em>Top Logistyk<\/em> z czerwca 2019 r. ukaza\u0142 si\u0119 artyku\u0142 o Wall Protection &#8211; pionowych konstrukcjach ochronnych o modu\u0142owej budowie, umo\u017cliwiaj\u0105cych tworzenie \u015bcian ochronnych o dowolnej d\u0142ugo\u015bci i kszta\u0142cie geometrycznym. Dzi\u0119ki nim powstaje rodzaj a\u017curowych \u015bcian bezpiecze\u0144stwa o dowolnej wysoko\u015bci.<\/p>\n<p>Dowiedz si\u0119 wi\u0119cej o zaletach system\u00f3w bezpiecze\u0144stwa opartych na polimerach w poni\u017cszym artykule <em>Top Logistyk<\/em>.<\/p>\n<p>&nbsp;<\/p>\n<p>&nbsp;<\/p>\n<\/div>\n\n\n\n<div class=\"wp-block-column is-layout-flow wp-block-column-is-layout-flow\" style=\"flex-basis:10%\"><\/div>\n<\/div>\n\n<div data-wp-interactive=\"core\/file\" class=\"wp-block-file\"><object data-wp-bind--hidden=\"!state.hasPdfPreview\" hidden class=\"wp-block-file__embed\" data=\"https:\/\/antersystem.com\/wp-content\/uploads\/Anter-System_artykul_Bezpieczna-przestrzen.pdf\" type=\"application\/pdf\" style=\"width:100%;height:600px\" aria-label=\"Osadzone z Anter-System_artykul_Bezpieczna-przestrzen.\"><\/object><a id=\"wp-block-file--media-ee450cea-ca59-4ce4-8c22-729773c7fc8d\" href=\"https:\/\/antersystem.com\/wp-content\/uploads\/Anter-System_artykul_Bezpieczna-przestrzen.pdf\">Anter-System_artykul_Bezpieczna-przestrzen<\/a><a href=\"https:\/\/antersystem.com\/wp-content\/uploads\/Anter-System_artykul_Bezpieczna-przestrzen.pdf\" class=\"wp-block-file__button wp-element-button\" download=\"\" aria-describedby=\"wp-block-file--media-ee450cea-ca59-4ce4-8c22-729773c7fc8d\">Pobierz<\/a><\/div>\n","protected":false},"excerpt":{"rendered":"<p>Bezpieczna przestrze\u0144. Wall Protection \u2013 polimerowe zabezpieczenia ochronne do magazyn\u00f3w i hal przemys\u0142owych W wydaniu magazynu Top Logistyk z czerwca 2019 r. ukaza\u0142 si\u0119 artyku\u0142 o Wall Protection &#8211; pionowych konstrukcjach ochronnych o modu\u0142owej budowie, umo\u017cliwiaj\u0105cych tworzenie \u015bcian ochronnych o dowolnej d\u0142ugo\u015bci i kszta\u0142cie geometrycznym. Dzi\u0119ki nim powstaje rodzaj a\u017curowych \u015bcian bezpiecze\u0144stwa o dowolnej wysoko\u015bci. [&hellip;]<\/p>\n","protected":false},"author":1,"featured_media":0,"parent":12824,"menu_order":0,"comment_status":"closed","ping_status":"closed","template":"","meta":{"inline_featured_image":false,"ngg_post_thumbnail":0,"footnotes":""},"class_list":["post-12738","page","type-page","status-publish","hentry"],"acf":[],"yoast_head":"<!-- This site is optimized with the Yoast SEO plugin v27.0 - https:\/\/yoast.com\/product\/yoast-seo-wordpress\/ -->\n<title>Bezpieczna przestrze\u0144 - Anter System<\/title>\n<meta name=\"description\" content=\"Bezpieczna przestrze\u0144. Wall Protection \u2013 polimerowe zabezpieczenia ochronne do magazyn\u00f3w i hal przemys\u0142owych W wydaniu magazynu Top Logistyk z czerwca\" \/>\n<meta name=\"robots\" content=\"index, follow, max-snippet:-1, max-image-preview:large, max-video-preview:-1\" \/>\n<link rel=\"canonical\" href=\"https:\/\/antersystem.com\/pl\/wiedza-i-nowosci\/bezpieczna-przestrzen-wall-protection\/\" \/>\n<meta property=\"og:locale\" content=\"pl_PL\" \/>\n<meta property=\"og:type\" content=\"article\" \/>\n<meta property=\"og:title\" content=\"Bezpieczna przestrze\u0144 - Anter System\" \/>\n<meta property=\"og:description\" content=\"Bezpieczna przestrze\u0144. Wall Protection \u2013 polimerowe zabezpieczenia ochronne do magazyn\u00f3w i hal przemys\u0142owych W wydaniu magazynu Top Logistyk z czerwca\" \/>\n<meta property=\"og:url\" content=\"https:\/\/antersystem.com\/pl\/wiedza-i-nowosci\/bezpieczna-przestrzen-wall-protection\/\" \/>\n<meta property=\"og:site_name\" content=\"Anter System\" \/>\n<meta property=\"article:modified_time\" content=\"2026-01-30T00:30:07+00:00\" \/>\n<meta name=\"twitter:card\" content=\"summary_large_image\" \/>\n<script type=\"application\/ld+json\" class=\"yoast-schema-graph\">{\"@context\":\"https:\/\/schema.org\",\"@graph\":[{\"@type\":\"WebPage\",\"@id\":\"https:\/\/antersystem.com\/pl\/wiedza-i-nowosci\/bezpieczna-przestrzen-wall-protection\/\",\"url\":\"https:\/\/antersystem.com\/pl\/wiedza-i-nowosci\/bezpieczna-przestrzen-wall-protection\/\",\"name\":\"Bezpieczna przestrze\u0144 - Anter System\",\"isPartOf\":{\"@id\":\"https:\/\/antersystem.com\/pl\/#website\"},\"datePublished\":\"2023-10-16T08:41:27+00:00\",\"dateModified\":\"2026-01-30T00:30:07+00:00\",\"description\":\"Bezpieczna przestrze\u0144. Wall Protection \u2013 polimerowe zabezpieczenia ochronne do magazyn\u00f3w i hal przemys\u0142owych W wydaniu magazynu Top Logistyk z czerwca\",\"breadcrumb\":{\"@id\":\"https:\/\/antersystem.com\/pl\/wiedza-i-nowosci\/bezpieczna-przestrzen-wall-protection\/#breadcrumb\"},\"inLanguage\":\"pl-PL\",\"potentialAction\":[{\"@type\":\"ReadAction\",\"target\":[\"https:\/\/antersystem.com\/pl\/wiedza-i-nowosci\/bezpieczna-przestrzen-wall-protection\/\"]}]},{\"@type\":\"BreadcrumbList\",\"@id\":\"https:\/\/antersystem.com\/pl\/wiedza-i-nowosci\/bezpieczna-przestrzen-wall-protection\/#breadcrumb\",\"itemListElement\":[{\"@type\":\"ListItem\",\"position\":1,\"name\":\"AnterSystem\",\"item\":\"https:\/\/antersystem.com\/pl\/\"},{\"@type\":\"ListItem\",\"position\":2,\"name\":\"Wiedza i nowo\u015bci\",\"item\":\"https:\/\/antersystem.com\/pl\/wiedza-i-nowosci\/\"},{\"@type\":\"ListItem\",\"position\":3,\"name\":\"Bezpieczna przestrze\u0144\"}]},{\"@type\":\"WebSite\",\"@id\":\"https:\/\/antersystem.com\/pl\/#website\",\"url\":\"https:\/\/antersystem.com\/pl\/\",\"name\":\"Anter System\",\"description\":\"Jeste\u015bmy polskim producentem elastycznych barier ochronnych wykonywanych z polimerowych tworzyw sztucznych. Na rynku krajowym i zagranicznym dzia\u0142amy od ponad 15 lat dbaj\u0105c o zapewnienie bezpiecze\u0144stwa w zak\u0142adach produkcyjnych, magazynach oraz centrach logistycznych.\",\"potentialAction\":[{\"@type\":\"SearchAction\",\"target\":{\"@type\":\"EntryPoint\",\"urlTemplate\":\"https:\/\/antersystem.com\/pl\/?s={search_term_string}\"},\"query-input\":{\"@type\":\"PropertyValueSpecification\",\"valueRequired\":true,\"valueName\":\"search_term_string\"}}],\"inLanguage\":\"pl-PL\"}]}<\/script>\n<!-- \/ Yoast SEO plugin. -->","yoast_head_json":{"title":"Bezpieczna przestrze\u0144 - Anter System","description":"Bezpieczna przestrze\u0144. Wall Protection \u2013 polimerowe zabezpieczenia ochronne do magazyn\u00f3w i hal przemys\u0142owych W wydaniu magazynu Top Logistyk z czerwca","robots":{"index":"index","follow":"follow","max-snippet":"max-snippet:-1","max-image-preview":"max-image-preview:large","max-video-preview":"max-video-preview:-1"},"canonical":"https:\/\/antersystem.com\/pl\/wiedza-i-nowosci\/bezpieczna-przestrzen-wall-protection\/","og_locale":"pl_PL","og_type":"article","og_title":"Bezpieczna przestrze\u0144 - Anter System","og_description":"Bezpieczna przestrze\u0144. Wall Protection \u2013 polimerowe zabezpieczenia ochronne do magazyn\u00f3w i hal przemys\u0142owych W wydaniu magazynu Top Logistyk z czerwca","og_url":"https:\/\/antersystem.com\/pl\/wiedza-i-nowosci\/bezpieczna-przestrzen-wall-protection\/","og_site_name":"Anter System","article_modified_time":"2026-01-30T00:30:07+00:00","twitter_card":"summary_large_image","schema":{"@context":"https:\/\/schema.org","@graph":[{"@type":"WebPage","@id":"https:\/\/antersystem.com\/pl\/wiedza-i-nowosci\/bezpieczna-przestrzen-wall-protection\/","url":"https:\/\/antersystem.com\/pl\/wiedza-i-nowosci\/bezpieczna-przestrzen-wall-protection\/","name":"Bezpieczna przestrze\u0144 - Anter System","isPartOf":{"@id":"https:\/\/antersystem.com\/pl\/#website"},"datePublished":"2023-10-16T08:41:27+00:00","dateModified":"2026-01-30T00:30:07+00:00","description":"Bezpieczna przestrze\u0144. Wall Protection \u2013 polimerowe zabezpieczenia ochronne do magazyn\u00f3w i hal przemys\u0142owych W wydaniu magazynu Top Logistyk z czerwca","breadcrumb":{"@id":"https:\/\/antersystem.com\/pl\/wiedza-i-nowosci\/bezpieczna-przestrzen-wall-protection\/#breadcrumb"},"inLanguage":"pl-PL","potentialAction":[{"@type":"ReadAction","target":["https:\/\/antersystem.com\/pl\/wiedza-i-nowosci\/bezpieczna-przestrzen-wall-protection\/"]}]},{"@type":"BreadcrumbList","@id":"https:\/\/antersystem.com\/pl\/wiedza-i-nowosci\/bezpieczna-przestrzen-wall-protection\/#breadcrumb","itemListElement":[{"@type":"ListItem","position":1,"name":"AnterSystem","item":"https:\/\/antersystem.com\/pl\/"},{"@type":"ListItem","position":2,"name":"Wiedza i nowo\u015bci","item":"https:\/\/antersystem.com\/pl\/wiedza-i-nowosci\/"},{"@type":"ListItem","position":3,"name":"Bezpieczna przestrze\u0144"}]},{"@type":"WebSite","@id":"https:\/\/antersystem.com\/pl\/#website","url":"https:\/\/antersystem.com\/pl\/","name":"Anter System","description":"Jeste\u015bmy polskim producentem elastycznych barier ochronnych wykonywanych z polimerowych tworzyw sztucznych. Na rynku krajowym i zagranicznym dzia\u0142amy od ponad 15 lat dbaj\u0105c o zapewnienie bezpiecze\u0144stwa w zak\u0142adach produkcyjnych, magazynach oraz centrach logistycznych.","potentialAction":[{"@type":"SearchAction","target":{"@type":"EntryPoint","urlTemplate":"https:\/\/antersystem.com\/pl\/?s={search_term_string}"},"query-input":{"@type":"PropertyValueSpecification","valueRequired":true,"valueName":"search_term_string"}}],"inLanguage":"pl-PL"}]}},"_links":{"self":[{"href":"https:\/\/antersystem.com\/pl\/wp-json\/wp\/v2\/pages\/12738","targetHints":{"allow":["GET"]}}],"collection":[{"href":"https:\/\/antersystem.com\/pl\/wp-json\/wp\/v2\/pages"}],"about":[{"href":"https:\/\/antersystem.com\/pl\/wp-json\/wp\/v2\/types\/page"}],"author":[{"embeddable":true,"href":"https:\/\/antersystem.com\/pl\/wp-json\/wp\/v2\/users\/1"}],"replies":[{"embeddable":true,"href":"https:\/\/antersystem.com\/pl\/wp-json\/wp\/v2\/comments?post=12738"}],"version-history":[{"count":2,"href":"https:\/\/antersystem.com\/pl\/wp-json\/wp\/v2\/pages\/12738\/revisions"}],"predecessor-version":[{"id":15493,"href":"https:\/\/antersystem.com\/pl\/wp-json\/wp\/v2\/pages\/12738\/revisions\/15493"}],"up":[{"embeddable":true,"href":"https:\/\/antersystem.com\/pl\/wp-json\/wp\/v2\/pages\/12824"}],"wp:attachment":[{"href":"https:\/\/antersystem.com\/pl\/wp-json\/wp\/v2\/media?parent=12738"}],"curies":[{"name":"wp","href":"https:\/\/api.w.org\/{rel}","templated":true}]}}