{"id":12742,"date":"2024-12-06T14:52:25","date_gmt":"2024-12-06T13:52:25","guid":{"rendered":"https:\/\/new.antersystem.com\/realizacje\/slupy-ochronne-pa-i-bariery-gb-w-mrozni\/"},"modified":"2026-01-22T12:29:56","modified_gmt":"2026-01-22T11:29:56","slug":"slupy-ochronne-pa-i-bariery-gb-w-mrozni","status":"publish","type":"page","link":"https:\/\/antersystem.com\/pl\/realizacje\/slupy-ochronne-pa-i-bariery-gb-w-mrozni\/","title":{"rendered":"S\u0142upy ochronne PA i bariery GB w mro\u017ani"},"content":{"rendered":"\n<div class=\"wp-block-columns is-layout-flex wp-container-core-columns-is-layout-9d6595d7 wp-block-columns-is-layout-flex\">\n<div class=\"wp-block-column is-layout-flow wp-block-column-is-layout-flow\" style=\"flex-basis:10%\"><\/div>\n\n\n\n<div class=\"wp-block-column is-layout-flow wp-block-column-is-layout-flow\">\n<h2 class=\"wp-block-heading\">S\u0142upy ochronne PA i bariery GB HD+. Skuteczna ochrona infrastruktury w niskich temperaturach<\/h2>\n\n\n\n<p>W jednym z naszych projekt\u00f3w bezpiecze\u0144stwa przemys\u0142owego, realizowanym dla nowo wybudowanego obiektu ch\u0142odniczego, stan\u0119li\u015bmy przed wyzwaniem ochrony kluczowych element\u00f3w infrastruktury nara\u017conych na potencjalne uszkodzenia. Intensywny ruch w\u00f3zk\u00f3w wid\u0142owych i r\u0119cznych w\u00f3zk\u00f3w transportowych wymaga\u0142 rozwi\u0105za\u0144, kt\u00f3re nie tylko chroni\u0142yby krytyczne obszary obiektu, ale tak\u017ce by\u0142yby <strong>odporne na ekstremalne warunki<\/strong> &#8211; temperatury si\u0119gaj\u0105ce nawet -40\u00b0C.<\/p>\n\n\n\n<p>Zadanie obejmowa\u0142o ochron\u0119 takich element\u00f3w jak bramy wjazdowe, doki prze\u0142adunkowe, urz\u0105dzenia sanitarne oraz \u015bciany w pomieszczeniach produkcyjnych i magazynowych. Dodatkowo, rozwi\u0105zania musia\u0142y spe\u0142nia\u0107 wysokie wymagania sanitarne obowi\u0105zuj\u0105ce w przemy\u015ble spo\u017cywczym.<\/p>\n\n\n\n<h3 class=\"wp-block-heading\">Realizacja<\/h3>\n\n\n\n<p>Proces rozpocz\u0119li\u015bmy od <strong>dok\u0142adnego audytu obiektu<\/strong>, kt\u00f3ry pozwoli\u0142 zidentyfikowa\u0107 miejsca najbardziej nara\u017cone na uszkodzenia. Wsp\u00f3\u0142praca z klientem by\u0142a kluczowa na ka\u017cdym etapie \u2013 od analizy potrzeb po wdro\u017cenie odpowiednich produkt\u00f3w. Naszym zadaniem by\u0142o nie tylko dostarczenie skutecznych zabezpiecze\u0144, ale tak\u017ce zaprojektowanie rozwi\u0105zania, kt\u00f3re b\u0119dzie trwa\u0142e, estetyczne i funkcjonalne w codziennym u\u017cytkowaniu.<\/p>\n\n\n\n<p>Do ochrony infrastruktury wykorzystali\u015bmy elastyczne <a href=\"https:\/\/antersystem.com\/produkty\/elastyczny-slup-ochronny-pa\/\">s\u0142upy ochronne PA<\/a>, bariery Pedestrian R2 GB oraz <a href=\"https:\/\/antersystem.com\/produkty\/elastyczna-bariera-gb-hd\/\">bariery pod\u0142ogowe GB<\/a>. S\u0142upy ochronne PA zosta\u0142y rozmieszczone przy bramach wjazdowych, dokach oraz drzwiach, przez kt\u00f3re przemieszczaj\u0105 si\u0119 pojazdy i r\u0119czne w\u00f3zki transportowe. Stan\u0119\u0142y tak\u017ce w pobli\u017cu urz\u0105dze\u0144 sanitarnych, takich jak zlewy, zabezpieczaj\u0105c je przed przypadkowymi uderzeniami.<\/p>\n\n\n\n<p>Wzd\u0142u\u017c \u015bcian nara\u017conych na kontakt z wid\u0142ami w\u00f3zk\u00f3w wid\u0142owych zainstalowali\u015bmy elastyczne bariery ochronne <a href=\"https:\/\/antersystem.com\/produkty\/elastyczna-bariera-pedestrian-r2-gb\/\">PEDESTRIAN R2 GB<\/a> oraz bariery pod\u0142ogowe GB. Rozwi\u0105zania te zapewniaj\u0105 skuteczn\u0105 ochron\u0119 dolnych sekcji \u015bcian przed uszkodzeniami mechanicznymi.<\/p>\n\n\n\n<p>Wa\u017cnym aspektem wdro\u017cenia by\u0142o wykorzystanie dedykowanej linii produkt\u00f3w zaprojektowanych <strong>do pracy w ekstremalnie niskich temperaturach<\/strong>. Nawet w ch\u0142odniach rozwi\u0105zania te zachowuj\u0105 swoj\u0105 elastyczno\u015b\u0107 i trwa\u0142o\u015b\u0107, co oznacza, \u017ce mog\u0105 wytrzyma\u0107 uderzenia bez p\u0119kania lub rozpadania si\u0119. Zastosowane produkty wykonane s\u0105 z wysokiej jako\u015bci materia\u0142\u00f3w polimerowych, kt\u00f3re s\u0105 r\u00f3wnie\u017c odporne na korozj\u0119 i inne uszkodzenia mechaniczne.<\/p>\n\n\n\n<h3 class=\"wp-block-heading\">Wyniki<\/h3>\n\n\n\n<p>Wdro\u017cone rozwi\u0105zania przynios\u0142y szereg korzy\u015bci. Zapewnili\u015bmy skuteczn\u0105 ochron\u0119 infrastruktury, pozwalaj\u0105c klientowi unikn\u0105\u0107 koszt\u00f3w zwi\u0105zanych z potencjalnymi naprawami bram, dok\u00f3w czy urz\u0105dze\u0144 sanitarnych. Dzi\u0119ki odpowiedniemu rozmieszczeniu element\u00f3w ochronnych, ca\u0142a instalacja funkcjonuje jako sp\u00f3jny system bezpiecze\u0144stwa, kt\u00f3ry minimalizuje ryzyko uszkodze\u0144 podczas codziennej pracy.<\/p>\n\n\n\n<p>Materia\u0142y stosowane przez Anter System w barierach ochronnych i s\u0142upkach s\u0105 \u0142atwe do utrzymania w czysto\u015bci, co ma kluczowe znaczenie w przemy\u015ble spo\u017cywczym. Spe\u0142niaj\u0105 <a href=\"https:\/\/antersystem.com\/wiedza-i-nowosci\/standardy-higieniczne\/\">one surowe wymagania HACCP i FDA<\/a>, potwierdzaj\u0105ce ich bezpiecze\u0144stwo w kontakcie z \u017cywno\u015bci\u0105. Ponadto podczas instalacji zastosowali\u015bmy wewn\u0119trzne rozwi\u0105zania monta\u017cowe, dedykowane do obszar\u00f3w wymagaj\u0105cych najwy\u017cszych standard\u00f3w higieny.<\/p>\n\n\n\n<p>Kluczow\u0105 zalet\u0105 zastosowanego rozwi\u0105zania jest jego odporno\u015b\u0107 na niskie temperatury. Elastyczne bariery Anter System z linii dedykowanej do \u015brodowisk o bardzo niskich temperaturach zachowuj\u0105 pe\u0142n\u0105 funkcjonalno\u015b\u0107 w temperaturach <strong>do -40\u00b0C<\/strong>, co czyni je idealnym wyborem do ch\u0142odni i mro\u017ani.<\/p>\n\n\n\n<h3 class=\"wp-block-heading\">Podsumowanie<\/h3>\n\n\n\n<p>Projekt ch\u0142odni jest kolejnym przyk\u0142adem skutecznego zastosowania system\u00f3w barier ochronnych Anter System w specjalistycznych warunkach. Po\u0142\u0105czenie <strong>elastyczno\u015bci, trwa\u0142o\u015bci i estetyki<\/strong> zapewni\u0142o, \u017ce wdro\u017cone bariery i s\u0142upki ochronne w pe\u0142ni spe\u0142ni\u0142y oczekiwania klienta. Dzi\u0119ki starannemu planowaniu, w\u0142a\u015bciwemu doborowi produkt\u00f3w i profesjonalnemu wykonaniu, obiekt zosta\u0142 kompleksowo zabezpieczony, co zwi\u0119kszy\u0142o bezpiecze\u0144stwo i zmniejszy\u0142o potencjalne koszty napraw.<\/p>\n<\/div>\n\n\n\n<div class=\"wp-block-column is-layout-flow wp-block-column-is-layout-flow\" style=\"flex-basis:10%\"><\/div>\n<\/div>\n\nngg_shortcode_0_placeholder\n","protected":false},"excerpt":{"rendered":"<p>S\u0142upy ochronne PA i bariery GB HD+. Skuteczna ochrona infrastruktury w niskich temperaturach W jednym z naszych projekt\u00f3w bezpiecze\u0144stwa przemys\u0142owego, realizowanym dla nowo wybudowanego obiektu ch\u0142odniczego, stan\u0119li\u015bmy przed wyzwaniem ochrony kluczowych element\u00f3w infrastruktury nara\u017conych na potencjalne uszkodzenia. Intensywny ruch w\u00f3zk\u00f3w wid\u0142owych i r\u0119cznych w\u00f3zk\u00f3w transportowych wymaga\u0142 rozwi\u0105za\u0144, kt\u00f3re nie tylko chroni\u0142yby krytyczne obszary obiektu, ale [&hellip;]<\/p>\n","protected":false},"author":1,"featured_media":0,"parent":12527,"menu_order":0,"comment_status":"closed","ping_status":"closed","template":"","meta":{"inline_featured_image":false,"ngg_post_thumbnail":0,"footnotes":""},"class_list":["post-12742","page","type-page","status-publish","hentry"],"acf":[],"yoast_head":"<!-- This site is optimized with the Yoast SEO plugin v27.0 - https:\/\/yoast.com\/product\/yoast-seo-wordpress\/ -->\n<title>S\u0142upy ochronne PA i bariery GB w mro\u017ani - Anter System<\/title>\n<meta name=\"description\" content=\"S\u0142upy ochronne PA i bariery GB HD+. Skuteczna ochrona infrastruktury w niskich temperaturach W jednym z naszych projekt\u00f3w bezpiecze\u0144stwa przemys\u0142owego,\" \/>\n<meta name=\"robots\" content=\"index, follow, max-snippet:-1, max-image-preview:large, max-video-preview:-1\" \/>\n<link rel=\"canonical\" href=\"https:\/\/antersystem.com\/pl\/realizacje\/slupy-ochronne-pa-i-bariery-gb-w-mrozni\/\" \/>\n<meta property=\"og:locale\" content=\"pl_PL\" \/>\n<meta property=\"og:type\" content=\"article\" \/>\n<meta property=\"og:title\" content=\"S\u0142upy ochronne PA i bariery GB w mro\u017ani - Anter System\" \/>\n<meta property=\"og:description\" content=\"S\u0142upy ochronne PA i bariery GB HD+. Skuteczna ochrona infrastruktury w niskich temperaturach W jednym z naszych projekt\u00f3w bezpiecze\u0144stwa przemys\u0142owego,\" \/>\n<meta property=\"og:url\" content=\"https:\/\/antersystem.com\/pl\/realizacje\/slupy-ochronne-pa-i-bariery-gb-w-mrozni\/\" \/>\n<meta property=\"og:site_name\" content=\"Anter System\" \/>\n<meta property=\"article:modified_time\" content=\"2026-01-22T11:29:56+00:00\" \/>\n<meta name=\"twitter:card\" content=\"summary_large_image\" \/>\n<meta name=\"twitter:label1\" content=\"Szacowany czas czytania\" \/>\n\t<meta name=\"twitter:data1\" content=\"3 minuty\" \/>\n<script type=\"application\/ld+json\" class=\"yoast-schema-graph\">{\"@context\":\"https:\/\/schema.org\",\"@graph\":[{\"@type\":\"WebPage\",\"@id\":\"https:\/\/antersystem.com\/pl\/realizacje\/slupy-ochronne-pa-i-bariery-gb-w-mrozni\/\",\"url\":\"https:\/\/antersystem.com\/pl\/realizacje\/slupy-ochronne-pa-i-bariery-gb-w-mrozni\/\",\"name\":\"S\u0142upy ochronne PA i bariery GB w mro\u017ani - Anter System\",\"isPartOf\":{\"@id\":\"https:\/\/antersystem.com\/pl\/#website\"},\"datePublished\":\"2024-12-06T13:52:25+00:00\",\"dateModified\":\"2026-01-22T11:29:56+00:00\",\"description\":\"S\u0142upy ochronne PA i bariery GB HD+. Skuteczna ochrona infrastruktury w niskich temperaturach W jednym z naszych projekt\u00f3w bezpiecze\u0144stwa przemys\u0142owego,\",\"breadcrumb\":{\"@id\":\"https:\/\/antersystem.com\/pl\/realizacje\/slupy-ochronne-pa-i-bariery-gb-w-mrozni\/#breadcrumb\"},\"inLanguage\":\"pl-PL\",\"potentialAction\":[{\"@type\":\"ReadAction\",\"target\":[\"https:\/\/antersystem.com\/pl\/realizacje\/slupy-ochronne-pa-i-bariery-gb-w-mrozni\/\"]}]},{\"@type\":\"BreadcrumbList\",\"@id\":\"https:\/\/antersystem.com\/pl\/realizacje\/slupy-ochronne-pa-i-bariery-gb-w-mrozni\/#breadcrumb\",\"itemListElement\":[{\"@type\":\"ListItem\",\"position\":1,\"name\":\"AnterSystem\",\"item\":\"https:\/\/antersystem.com\/pl\/\"},{\"@type\":\"ListItem\",\"position\":2,\"name\":\"Realizacje\",\"item\":\"https:\/\/antersystem.com\/pl\/realizacje\/\"},{\"@type\":\"ListItem\",\"position\":3,\"name\":\"S\u0142upy ochronne PA i bariery GB w mro\u017ani\"}]},{\"@type\":\"WebSite\",\"@id\":\"https:\/\/antersystem.com\/pl\/#website\",\"url\":\"https:\/\/antersystem.com\/pl\/\",\"name\":\"Anter System\",\"description\":\"Jeste\u015bmy polskim producentem elastycznych barier ochronnych wykonywanych z polimerowych tworzyw sztucznych. Na rynku krajowym i zagranicznym dzia\u0142amy od ponad 15 lat dbaj\u0105c o zapewnienie bezpiecze\u0144stwa w zak\u0142adach produkcyjnych, magazynach oraz centrach logistycznych.\",\"potentialAction\":[{\"@type\":\"SearchAction\",\"target\":{\"@type\":\"EntryPoint\",\"urlTemplate\":\"https:\/\/antersystem.com\/pl\/?s={search_term_string}\"},\"query-input\":{\"@type\":\"PropertyValueSpecification\",\"valueRequired\":true,\"valueName\":\"search_term_string\"}}],\"inLanguage\":\"pl-PL\"}]}<\/script>\n<!-- \/ Yoast SEO plugin. -->","yoast_head_json":{"title":"S\u0142upy ochronne PA i bariery GB w mro\u017ani - Anter System","description":"S\u0142upy ochronne PA i bariery GB HD+. Skuteczna ochrona infrastruktury w niskich temperaturach W jednym z naszych projekt\u00f3w bezpiecze\u0144stwa przemys\u0142owego,","robots":{"index":"index","follow":"follow","max-snippet":"max-snippet:-1","max-image-preview":"max-image-preview:large","max-video-preview":"max-video-preview:-1"},"canonical":"https:\/\/antersystem.com\/pl\/realizacje\/slupy-ochronne-pa-i-bariery-gb-w-mrozni\/","og_locale":"pl_PL","og_type":"article","og_title":"S\u0142upy ochronne PA i bariery GB w mro\u017ani - Anter System","og_description":"S\u0142upy ochronne PA i bariery GB HD+. Skuteczna ochrona infrastruktury w niskich temperaturach W jednym z naszych projekt\u00f3w bezpiecze\u0144stwa przemys\u0142owego,","og_url":"https:\/\/antersystem.com\/pl\/realizacje\/slupy-ochronne-pa-i-bariery-gb-w-mrozni\/","og_site_name":"Anter System","article_modified_time":"2026-01-22T11:29:56+00:00","twitter_card":"summary_large_image","twitter_misc":{"Szacowany czas czytania":"3 minuty"},"schema":{"@context":"https:\/\/schema.org","@graph":[{"@type":"WebPage","@id":"https:\/\/antersystem.com\/pl\/realizacje\/slupy-ochronne-pa-i-bariery-gb-w-mrozni\/","url":"https:\/\/antersystem.com\/pl\/realizacje\/slupy-ochronne-pa-i-bariery-gb-w-mrozni\/","name":"S\u0142upy ochronne PA i bariery GB w mro\u017ani - Anter System","isPartOf":{"@id":"https:\/\/antersystem.com\/pl\/#website"},"datePublished":"2024-12-06T13:52:25+00:00","dateModified":"2026-01-22T11:29:56+00:00","description":"S\u0142upy ochronne PA i bariery GB HD+. Skuteczna ochrona infrastruktury w niskich temperaturach W jednym z naszych projekt\u00f3w bezpiecze\u0144stwa przemys\u0142owego,","breadcrumb":{"@id":"https:\/\/antersystem.com\/pl\/realizacje\/slupy-ochronne-pa-i-bariery-gb-w-mrozni\/#breadcrumb"},"inLanguage":"pl-PL","potentialAction":[{"@type":"ReadAction","target":["https:\/\/antersystem.com\/pl\/realizacje\/slupy-ochronne-pa-i-bariery-gb-w-mrozni\/"]}]},{"@type":"BreadcrumbList","@id":"https:\/\/antersystem.com\/pl\/realizacje\/slupy-ochronne-pa-i-bariery-gb-w-mrozni\/#breadcrumb","itemListElement":[{"@type":"ListItem","position":1,"name":"AnterSystem","item":"https:\/\/antersystem.com\/pl\/"},{"@type":"ListItem","position":2,"name":"Realizacje","item":"https:\/\/antersystem.com\/pl\/realizacje\/"},{"@type":"ListItem","position":3,"name":"S\u0142upy ochronne PA i bariery GB w mro\u017ani"}]},{"@type":"WebSite","@id":"https:\/\/antersystem.com\/pl\/#website","url":"https:\/\/antersystem.com\/pl\/","name":"Anter System","description":"Jeste\u015bmy polskim producentem elastycznych barier ochronnych wykonywanych z polimerowych tworzyw sztucznych. Na rynku krajowym i zagranicznym dzia\u0142amy od ponad 15 lat dbaj\u0105c o zapewnienie bezpiecze\u0144stwa w zak\u0142adach produkcyjnych, magazynach oraz centrach logistycznych.","potentialAction":[{"@type":"SearchAction","target":{"@type":"EntryPoint","urlTemplate":"https:\/\/antersystem.com\/pl\/?s={search_term_string}"},"query-input":{"@type":"PropertyValueSpecification","valueRequired":true,"valueName":"search_term_string"}}],"inLanguage":"pl-PL"}]}},"_links":{"self":[{"href":"https:\/\/antersystem.com\/pl\/wp-json\/wp\/v2\/pages\/12742","targetHints":{"allow":["GET"]}}],"collection":[{"href":"https:\/\/antersystem.com\/pl\/wp-json\/wp\/v2\/pages"}],"about":[{"href":"https:\/\/antersystem.com\/pl\/wp-json\/wp\/v2\/types\/page"}],"author":[{"embeddable":true,"href":"https:\/\/antersystem.com\/pl\/wp-json\/wp\/v2\/users\/1"}],"replies":[{"embeddable":true,"href":"https:\/\/antersystem.com\/pl\/wp-json\/wp\/v2\/comments?post=12742"}],"version-history":[{"count":1,"href":"https:\/\/antersystem.com\/pl\/wp-json\/wp\/v2\/pages\/12742\/revisions"}],"predecessor-version":[{"id":12745,"href":"https:\/\/antersystem.com\/pl\/wp-json\/wp\/v2\/pages\/12742\/revisions\/12745"}],"up":[{"embeddable":true,"href":"https:\/\/antersystem.com\/pl\/wp-json\/wp\/v2\/pages\/12527"}],"wp:attachment":[{"href":"https:\/\/antersystem.com\/pl\/wp-json\/wp\/v2\/media?parent=12742"}],"curies":[{"name":"wp","href":"https:\/\/api.w.org\/{rel}","templated":true}]}}