{"id":12746,"date":"2024-06-28T09:56:14","date_gmt":"2024-06-28T07:56:14","guid":{"rendered":"https:\/\/new.antersystem.com\/zrownowazone-praktyki\/"},"modified":"2026-01-30T01:26:08","modified_gmt":"2026-01-30T00:26:08","slug":"zrownowazone-praktyki","status":"publish","type":"page","link":"https:\/\/antersystem.com\/pl\/wiedza-i-nowosci\/zrownowazone-praktyki\/","title":{"rendered":"Zr\u00f3wnowa\u017cone praktyki"},"content":{"rendered":"\n<div class=\"wp-block-columns is-layout-flex wp-container-core-columns-is-layout-9d6595d7 wp-block-columns-is-layout-flex\">\n<div class=\"wp-block-column is-layout-flow wp-block-column-is-layout-flow\" style=\"flex-basis:10%\"><\/div>\n\n\n\n<div class=\"wp-block-column is-layout-flow wp-block-column-is-layout-flow\">\n<h2 class=\"wp-block-heading\">Na bie\u017c\u0105co z globalnymi inicjatywami i standardami<\/h2>\n\n\n\n<p><strong>EcoVadis pozwala firmom oceni\u0107 jak skutecznie zarz\u0105dzaj\u0105 swoimi praktykami odpowiedzialno\u015bci spo\u0142ecznej. <\/strong>  Anter System jest zaanga\u017cowany w zapobieganie zanieczyszczeniu \u015brodowiska, dostarczanie etycznych produkt\u00f3w i przyjmowanie zr\u00f3wnowa\u017conych modeli biznesowych. W roku 2024 nasze starania r\u00f3wnie\u017c (jak w roku poprzednim) zosta\u0142y docenione przez przyznanie nam Srebrnego znaku EcoVadis.<\/p>\n\n\n\n<p>\u015awiadczy to o tym, \u017ce firma osi\u0105gn\u0119\u0142a wysokie wyniki w zakresie:<\/p>\n\n\n\n<p><strong>\u015arodowisko (Environment):<\/strong> Polityki i dzia\u0142ania dotycz\u0105ce zarz\u0105dzania wp\u0142ywem firmy na \u015brodowisko, w tym zarz\u0105dzanie emisjami, zu\u017cyciem zasob\u00f3w, oraz podejmowanie inicjatyw na rzecz zr\u00f3wnowa\u017conego rozwoju.<\/p>\n\n\n\n<p><strong>Praktyki pracy (Labor &amp; Human Rights):<\/strong> Warunki pracy, poszanowanie praw pracownik\u00f3w, bezpiecze\u0144stwo i higiena pracy, a tak\u017ce polityki dotycz\u0105ce r\u00f3\u017cnorodno\u015bci i inkluzji.<\/p>\n\n\n\n<p><strong>Etyka (Ethics):<\/strong> Zasady etyczne, przeciwdzia\u0142anie korupcji, transparentno\u015b\u0107 w dzia\u0142aniu oraz zgodno\u015b\u0107 z przepisami prawa.<\/p>\n\n\n\n<p><strong>Zr\u00f3wnowa\u017cone zakupy (Sustainable Procurement):<\/strong> Polityki dotycz\u0105ce etycznych i zr\u00f3wnowa\u017conych praktyk zakupowych, wyb\u00f3r dostawc\u00f3w i zarz\u0105dzanie \u0142a\u0144cuchem dostaw.<\/p>\n\n\n\n<p>Srebrny medal plasuje nas w g\u00f3rnych, 15% firm ocenianych przez EcoVadis, z nasz\u0105 aktywn\u0105 postaw\u0105 wobec zr\u00f3wnowa\u017conego rozwoju i odpowiedzialno\u015bci spo\u0142ecznej. Dzi\u0119kujemy wszystkim, kt\u00f3rzy przyczynili si\u0119 do tych wynik\u00f3w w Anter System &#8211; a naszym klientom za nieustaj\u0105ce zaufanie.<\/p>\n<\/div>\n\n\n\n<div class=\"wp-block-column is-layout-flow wp-block-column-is-layout-flow\" style=\"flex-basis:10%\"><\/div>\n<\/div>\n<div class=\"wp-block-image\">\n<figure class=\"aligncenter size-large is-resized\"><img loading=\"lazy\" decoding=\"async\" width=\"1024\" height=\"535\" src=\"https:\/\/antersystem.com\/wp-content\/uploads\/ECOVADIS-1-1024x535.webp\" alt=\"Zdj&#x119;cie przedstawia Srebrny Medal EcoVadis. Potwierdza on wysokie wyniki w zakresie spo&#x142;ecznej odpowiedzialno&#x15B;ci biznesu, etyki, ochrony &#x15B;rodowiska i zr&#xF3;wnowa&#x17C;onego zarz&#x105;dzania. \" class=\"wp-image-4968\" style=\"width:620px;height:auto\" srcset=\"https:\/\/antersystem.com\/wp-content\/uploads\/ECOVADIS-1-1024x535.webp 1024w, https:\/\/antersystem.com\/wp-content\/uploads\/ECOVADIS-1-300x157.webp 300w, https:\/\/antersystem.com\/wp-content\/uploads\/ECOVADIS-1-768x401.webp 768w, https:\/\/antersystem.com\/wp-content\/uploads\/ECOVADIS-1-450x235.webp 450w, https:\/\/antersystem.com\/wp-content\/uploads\/ECOVADIS-1-330x172.webp 330w, https:\/\/antersystem.com\/wp-content\/uploads\/ECOVADIS-1.webp 1200w\" sizes=\"auto, (max-width: 1024px) 100vw, 1024px\" \/><\/figure><\/div>","protected":false},"excerpt":{"rendered":"<p>Na bie\u017c\u0105co z globalnymi inicjatywami i standardami EcoVadis pozwala firmom oceni\u0107 jak skutecznie zarz\u0105dzaj\u0105 swoimi praktykami odpowiedzialno\u015bci spo\u0142ecznej. Anter System jest zaanga\u017cowany w zapobieganie zanieczyszczeniu \u015brodowiska, dostarczanie etycznych produkt\u00f3w i przyjmowanie zr\u00f3wnowa\u017conych modeli biznesowych. W roku 2024 nasze starania r\u00f3wnie\u017c (jak w roku poprzednim) zosta\u0142y docenione przez przyznanie nam Srebrnego znaku EcoVadis. \u015awiadczy to o [&hellip;]<\/p>\n","protected":false},"author":1,"featured_media":0,"parent":12824,"menu_order":0,"comment_status":"closed","ping_status":"closed","template":"","meta":{"inline_featured_image":false,"ngg_post_thumbnail":0,"footnotes":""},"class_list":["post-12746","page","type-page","status-publish","hentry"],"acf":[],"yoast_head":"<!-- This site is optimized with the Yoast SEO plugin v27.0 - https:\/\/yoast.com\/product\/yoast-seo-wordpress\/ -->\n<title>Zr\u00f3wnowa\u017cone praktyki - Anter System<\/title>\n<meta name=\"description\" content=\"Na bie\u017c\u0105co z globalnymi inicjatywami i standardami EcoVadis pozwala firmom oceni\u0107 jak skutecznie zarz\u0105dzaj\u0105 swoimi praktykami odpowiedzialno\u015bci\" \/>\n<meta name=\"robots\" content=\"index, follow, max-snippet:-1, max-image-preview:large, max-video-preview:-1\" \/>\n<link rel=\"canonical\" href=\"https:\/\/antersystem.com\/pl\/wiedza-i-nowosci\/zrownowazone-praktyki\/\" \/>\n<meta property=\"og:locale\" content=\"pl_PL\" \/>\n<meta property=\"og:type\" content=\"article\" \/>\n<meta property=\"og:title\" content=\"Zr\u00f3wnowa\u017cone praktyki - Anter System\" \/>\n<meta property=\"og:description\" content=\"Na bie\u017c\u0105co z globalnymi inicjatywami i standardami EcoVadis pozwala firmom oceni\u0107 jak skutecznie zarz\u0105dzaj\u0105 swoimi praktykami odpowiedzialno\u015bci\" \/>\n<meta property=\"og:url\" content=\"https:\/\/antersystem.com\/pl\/wiedza-i-nowosci\/zrownowazone-praktyki\/\" \/>\n<meta property=\"og:site_name\" content=\"Anter System\" \/>\n<meta property=\"article:modified_time\" content=\"2026-01-30T00:26:08+00:00\" \/>\n<meta property=\"og:image\" content=\"https:\/\/antersystem.com\/wp-content\/uploads\/ECOVADIS-1-1024x535.webp\" \/>\n<meta name=\"twitter:card\" content=\"summary_large_image\" \/>\n<meta name=\"twitter:label1\" content=\"Szacowany czas czytania\" \/>\n\t<meta name=\"twitter:data1\" content=\"1 minuta\" \/>\n<script type=\"application\/ld+json\" class=\"yoast-schema-graph\">{\"@context\":\"https:\/\/schema.org\",\"@graph\":[{\"@type\":\"WebPage\",\"@id\":\"https:\/\/antersystem.com\/pl\/wiedza-i-nowosci\/zrownowazone-praktyki\/\",\"url\":\"https:\/\/antersystem.com\/pl\/wiedza-i-nowosci\/zrownowazone-praktyki\/\",\"name\":\"Zr\u00f3wnowa\u017cone praktyki - Anter System\",\"isPartOf\":{\"@id\":\"https:\/\/antersystem.com\/pl\/#website\"},\"primaryImageOfPage\":{\"@id\":\"https:\/\/antersystem.com\/pl\/wiedza-i-nowosci\/zrownowazone-praktyki\/#primaryimage\"},\"image\":{\"@id\":\"https:\/\/antersystem.com\/pl\/wiedza-i-nowosci\/zrownowazone-praktyki\/#primaryimage\"},\"thumbnailUrl\":\"https:\/\/antersystem.com\/wp-content\/uploads\/ECOVADIS-1-1024x535.webp\",\"datePublished\":\"2024-06-28T07:56:14+00:00\",\"dateModified\":\"2026-01-30T00:26:08+00:00\",\"description\":\"Na bie\u017c\u0105co z globalnymi inicjatywami i standardami EcoVadis pozwala firmom oceni\u0107 jak skutecznie zarz\u0105dzaj\u0105 swoimi praktykami odpowiedzialno\u015bci\",\"breadcrumb\":{\"@id\":\"https:\/\/antersystem.com\/pl\/wiedza-i-nowosci\/zrownowazone-praktyki\/#breadcrumb\"},\"inLanguage\":\"pl-PL\",\"potentialAction\":[{\"@type\":\"ReadAction\",\"target\":[\"https:\/\/antersystem.com\/pl\/wiedza-i-nowosci\/zrownowazone-praktyki\/\"]}]},{\"@type\":\"ImageObject\",\"inLanguage\":\"pl-PL\",\"@id\":\"https:\/\/antersystem.com\/pl\/wiedza-i-nowosci\/zrownowazone-praktyki\/#primaryimage\",\"url\":\"https:\/\/antersystem.com\/wp-content\/uploads\/ECOVADIS-1-1024x535.webp\",\"contentUrl\":\"https:\/\/antersystem.com\/wp-content\/uploads\/ECOVADIS-1-1024x535.webp\"},{\"@type\":\"BreadcrumbList\",\"@id\":\"https:\/\/antersystem.com\/pl\/wiedza-i-nowosci\/zrownowazone-praktyki\/#breadcrumb\",\"itemListElement\":[{\"@type\":\"ListItem\",\"position\":1,\"name\":\"AnterSystem\",\"item\":\"https:\/\/antersystem.com\/pl\/\"},{\"@type\":\"ListItem\",\"position\":2,\"name\":\"Wiedza i nowo\u015bci\",\"item\":\"https:\/\/antersystem.com\/pl\/wiedza-i-nowosci\/\"},{\"@type\":\"ListItem\",\"position\":3,\"name\":\"Zr\u00f3wnowa\u017cone praktyki\"}]},{\"@type\":\"WebSite\",\"@id\":\"https:\/\/antersystem.com\/pl\/#website\",\"url\":\"https:\/\/antersystem.com\/pl\/\",\"name\":\"Anter System\",\"description\":\"Jeste\u015bmy polskim producentem elastycznych barier ochronnych wykonywanych z polimerowych tworzyw sztucznych. Na rynku krajowym i zagranicznym dzia\u0142amy od ponad 15 lat dbaj\u0105c o zapewnienie bezpiecze\u0144stwa w zak\u0142adach produkcyjnych, magazynach oraz centrach logistycznych.\",\"potentialAction\":[{\"@type\":\"SearchAction\",\"target\":{\"@type\":\"EntryPoint\",\"urlTemplate\":\"https:\/\/antersystem.com\/pl\/?s={search_term_string}\"},\"query-input\":{\"@type\":\"PropertyValueSpecification\",\"valueRequired\":true,\"valueName\":\"search_term_string\"}}],\"inLanguage\":\"pl-PL\"}]}<\/script>\n<!-- \/ Yoast SEO plugin. -->","yoast_head_json":{"title":"Zr\u00f3wnowa\u017cone praktyki - Anter System","description":"Na bie\u017c\u0105co z globalnymi inicjatywami i standardami EcoVadis pozwala firmom oceni\u0107 jak skutecznie zarz\u0105dzaj\u0105 swoimi praktykami odpowiedzialno\u015bci","robots":{"index":"index","follow":"follow","max-snippet":"max-snippet:-1","max-image-preview":"max-image-preview:large","max-video-preview":"max-video-preview:-1"},"canonical":"https:\/\/antersystem.com\/pl\/wiedza-i-nowosci\/zrownowazone-praktyki\/","og_locale":"pl_PL","og_type":"article","og_title":"Zr\u00f3wnowa\u017cone praktyki - Anter System","og_description":"Na bie\u017c\u0105co z globalnymi inicjatywami i standardami EcoVadis pozwala firmom oceni\u0107 jak skutecznie zarz\u0105dzaj\u0105 swoimi praktykami odpowiedzialno\u015bci","og_url":"https:\/\/antersystem.com\/pl\/wiedza-i-nowosci\/zrownowazone-praktyki\/","og_site_name":"Anter System","article_modified_time":"2026-01-30T00:26:08+00:00","og_image":[{"url":"https:\/\/antersystem.com\/wp-content\/uploads\/ECOVADIS-1-1024x535.webp","type":"","width":"","height":""}],"twitter_card":"summary_large_image","twitter_misc":{"Szacowany czas czytania":"1 minuta"},"schema":{"@context":"https:\/\/schema.org","@graph":[{"@type":"WebPage","@id":"https:\/\/antersystem.com\/pl\/wiedza-i-nowosci\/zrownowazone-praktyki\/","url":"https:\/\/antersystem.com\/pl\/wiedza-i-nowosci\/zrownowazone-praktyki\/","name":"Zr\u00f3wnowa\u017cone praktyki - Anter System","isPartOf":{"@id":"https:\/\/antersystem.com\/pl\/#website"},"primaryImageOfPage":{"@id":"https:\/\/antersystem.com\/pl\/wiedza-i-nowosci\/zrownowazone-praktyki\/#primaryimage"},"image":{"@id":"https:\/\/antersystem.com\/pl\/wiedza-i-nowosci\/zrownowazone-praktyki\/#primaryimage"},"thumbnailUrl":"https:\/\/antersystem.com\/wp-content\/uploads\/ECOVADIS-1-1024x535.webp","datePublished":"2024-06-28T07:56:14+00:00","dateModified":"2026-01-30T00:26:08+00:00","description":"Na bie\u017c\u0105co z globalnymi inicjatywami i standardami EcoVadis pozwala firmom oceni\u0107 jak skutecznie zarz\u0105dzaj\u0105 swoimi praktykami odpowiedzialno\u015bci","breadcrumb":{"@id":"https:\/\/antersystem.com\/pl\/wiedza-i-nowosci\/zrownowazone-praktyki\/#breadcrumb"},"inLanguage":"pl-PL","potentialAction":[{"@type":"ReadAction","target":["https:\/\/antersystem.com\/pl\/wiedza-i-nowosci\/zrownowazone-praktyki\/"]}]},{"@type":"ImageObject","inLanguage":"pl-PL","@id":"https:\/\/antersystem.com\/pl\/wiedza-i-nowosci\/zrownowazone-praktyki\/#primaryimage","url":"https:\/\/antersystem.com\/wp-content\/uploads\/ECOVADIS-1-1024x535.webp","contentUrl":"https:\/\/antersystem.com\/wp-content\/uploads\/ECOVADIS-1-1024x535.webp"},{"@type":"BreadcrumbList","@id":"https:\/\/antersystem.com\/pl\/wiedza-i-nowosci\/zrownowazone-praktyki\/#breadcrumb","itemListElement":[{"@type":"ListItem","position":1,"name":"AnterSystem","item":"https:\/\/antersystem.com\/pl\/"},{"@type":"ListItem","position":2,"name":"Wiedza i nowo\u015bci","item":"https:\/\/antersystem.com\/pl\/wiedza-i-nowosci\/"},{"@type":"ListItem","position":3,"name":"Zr\u00f3wnowa\u017cone praktyki"}]},{"@type":"WebSite","@id":"https:\/\/antersystem.com\/pl\/#website","url":"https:\/\/antersystem.com\/pl\/","name":"Anter System","description":"Jeste\u015bmy polskim producentem elastycznych barier ochronnych wykonywanych z polimerowych tworzyw sztucznych. Na rynku krajowym i zagranicznym dzia\u0142amy od ponad 15 lat dbaj\u0105c o zapewnienie bezpiecze\u0144stwa w zak\u0142adach produkcyjnych, magazynach oraz centrach logistycznych.","potentialAction":[{"@type":"SearchAction","target":{"@type":"EntryPoint","urlTemplate":"https:\/\/antersystem.com\/pl\/?s={search_term_string}"},"query-input":{"@type":"PropertyValueSpecification","valueRequired":true,"valueName":"search_term_string"}}],"inLanguage":"pl-PL"}]}},"_links":{"self":[{"href":"https:\/\/antersystem.com\/pl\/wp-json\/wp\/v2\/pages\/12746","targetHints":{"allow":["GET"]}}],"collection":[{"href":"https:\/\/antersystem.com\/pl\/wp-json\/wp\/v2\/pages"}],"about":[{"href":"https:\/\/antersystem.com\/pl\/wp-json\/wp\/v2\/types\/page"}],"author":[{"embeddable":true,"href":"https:\/\/antersystem.com\/pl\/wp-json\/wp\/v2\/users\/1"}],"replies":[{"embeddable":true,"href":"https:\/\/antersystem.com\/pl\/wp-json\/wp\/v2\/comments?post=12746"}],"version-history":[{"count":2,"href":"https:\/\/antersystem.com\/pl\/wp-json\/wp\/v2\/pages\/12746\/revisions"}],"predecessor-version":[{"id":26431,"href":"https:\/\/antersystem.com\/pl\/wp-json\/wp\/v2\/pages\/12746\/revisions\/26431"}],"up":[{"embeddable":true,"href":"https:\/\/antersystem.com\/pl\/wp-json\/wp\/v2\/pages\/12824"}],"wp:attachment":[{"href":"https:\/\/antersystem.com\/pl\/wp-json\/wp\/v2\/media?parent=12746"}],"curies":[{"name":"wp","href":"https:\/\/api.w.org\/{rel}","templated":true}]}}