{"id":12862,"date":"2023-08-28T15:34:49","date_gmt":"2023-08-28T13:34:49","guid":{"rendered":"https:\/\/new.antersystem.com\/realizacje\/bariery-wysokiego-skladowania-wroclaw\/"},"modified":"2026-01-30T01:30:58","modified_gmt":"2026-01-30T00:30:58","slug":"bariery-wysokiego-skladowania-wroclaw","status":"publish","type":"page","link":"https:\/\/antersystem.com\/pl\/realizacje\/bariery-wysokiego-skladowania-wroclaw\/","title":{"rendered":"Bariery wysokiego sk\u0142adowania Wroc\u0142aw"},"content":{"rendered":"\n<div class=\"wp-block-columns is-layout-flex wp-container-core-columns-is-layout-9d6595d7 wp-block-columns-is-layout-flex\">\n<div class=\"wp-block-column is-layout-flow wp-block-column-is-layout-flow\" style=\"flex-basis:10%\"><\/div>\n\n\n\n<div class=\"wp-block-column is-layout-flow wp-block-column-is-layout-flow\" style=\"flex-basis:80%\">\n<p class=\"justify-mru\">Firma b\u0119d\u0105ca liderem produkcji kabli dla bran\u017cy motoryzacyjnej w Europie od d\u0142u\u017cszego czasu boryka\u0142a si\u0119 z problemem zabezpieczenia p\u00f3l sk\u0142adowania w stosach ci\u0119\u017ckich wyrob\u00f3w.<\/p>\n\n\n\n<p class=\"justify-mru\">Przedsi\u0119biorstwo poszukiwa\u0142o i konsultowa\u0142o r\u00f3\u017cne rozwi\u0105zania zabezpiecze\u0144. Ostatecznie zdecydowali si\u0119 na rozwi\u0105zanie Anter System, kt\u00f3re przekona\u0142o ich swoj\u0105 solidn\u0105 konstrukcj\u0105, \u0142atwo\u015bci\u0105 monta\u017cu w ograniczonej przestrzeni, jak r\u00f3wnie\u017c istotn\u0105 dla klienta wysok\u0105 estetyk\u0105 wykonania.<\/p>\n\n\n\n<p class=\"justify-mru\">Dzi\u0119ki zastosowaniu naszego rozwi\u0105zania \u2013 barier wysokiego sk\u0142adowania Wall Protector, firmie nie tylko uda\u0142o si\u0119 zwi\u0119kszy\u0107 bezpiecze\u0144stwo stanowisk pracy i ci\u0105g\u00f3w komunikacyjnych, ale r\u00f3wnie\u017c lepiej wykorzysta\u0107 przestrze\u0144 gdzie s\u0105 sk\u0142adowane kable. Osi\u0105gn\u0119li cel, kt\u00f3rym by\u0142a redukcja ryzyka zwi\u0105zanego z przewr\u00f3ceniem materia\u0142u sk\u0142adowanego w pobli\u017cu stanowisk pracy i ci\u0105g\u00f3w komunikacyjnych. <\/p>\n\n\n\nngg_shortcode_0_placeholder\n<\/div>\n\n\n\n<div class=\"wp-block-column is-layout-flow wp-block-column-is-layout-flow\" style=\"flex-basis:10%\"><\/div>\n<\/div>\n","protected":false},"excerpt":{"rendered":"<p>Firma b\u0119d\u0105ca liderem produkcji kabli dla bran\u017cy motoryzacyjnej w Europie od d\u0142u\u017cszego czasu boryka\u0142a si\u0119 z problemem zabezpieczenia p\u00f3l sk\u0142adowania w stosach ci\u0119\u017ckich wyrob\u00f3w. Przedsi\u0119biorstwo poszukiwa\u0142o i konsultowa\u0142o r\u00f3\u017cne rozwi\u0105zania zabezpiecze\u0144. Ostatecznie zdecydowali si\u0119 na rozwi\u0105zanie Anter System, kt\u00f3re przekona\u0142o ich swoj\u0105 solidn\u0105 konstrukcj\u0105, \u0142atwo\u015bci\u0105 monta\u017cu w ograniczonej przestrzeni, jak r\u00f3wnie\u017c istotn\u0105 dla klienta wysok\u0105 [&hellip;]<\/p>\n","protected":false},"author":1,"featured_media":0,"parent":12527,"menu_order":0,"comment_status":"closed","ping_status":"closed","template":"","meta":{"inline_featured_image":false,"ngg_post_thumbnail":0,"footnotes":""},"class_list":["post-12862","page","type-page","status-publish","hentry"],"acf":[],"yoast_head":"<!-- This site is optimized with the Yoast SEO plugin v27.0 - https:\/\/yoast.com\/product\/yoast-seo-wordpress\/ -->\n<title>Bariery wysokiego sk\u0142adowania Wroc\u0142aw - Anter System<\/title>\n<meta name=\"description\" content=\"Firma b\u0119d\u0105ca liderem produkcji kabli dla bran\u017cy motoryzacyjnej w Europie od d\u0142u\u017cszego czasu boryka\u0142a si\u0119 z problemem zabezpieczenia p\u00f3l sk\u0142adowania w\" \/>\n<meta name=\"robots\" content=\"index, follow, max-snippet:-1, max-image-preview:large, max-video-preview:-1\" \/>\n<link rel=\"canonical\" href=\"https:\/\/antersystem.com\/pl\/realizacje\/bariery-wysokiego-skladowania-wroclaw\/\" \/>\n<meta property=\"og:locale\" content=\"pl_PL\" \/>\n<meta property=\"og:type\" content=\"article\" \/>\n<meta property=\"og:title\" content=\"Bariery wysokiego sk\u0142adowania Wroc\u0142aw - Anter System\" \/>\n<meta property=\"og:description\" content=\"Firma b\u0119d\u0105ca liderem produkcji kabli dla bran\u017cy motoryzacyjnej w Europie od d\u0142u\u017cszego czasu boryka\u0142a si\u0119 z problemem zabezpieczenia p\u00f3l sk\u0142adowania w\" \/>\n<meta property=\"og:url\" content=\"https:\/\/antersystem.com\/pl\/realizacje\/bariery-wysokiego-skladowania-wroclaw\/\" \/>\n<meta property=\"og:site_name\" content=\"Anter System\" \/>\n<meta property=\"article:modified_time\" content=\"2026-01-30T00:30:58+00:00\" \/>\n<meta name=\"twitter:card\" content=\"summary_large_image\" \/>\n<meta name=\"twitter:label1\" content=\"Szacowany czas czytania\" \/>\n\t<meta name=\"twitter:data1\" content=\"1 minuta\" \/>\n<script type=\"application\/ld+json\" class=\"yoast-schema-graph\">{\"@context\":\"https:\/\/schema.org\",\"@graph\":[{\"@type\":\"WebPage\",\"@id\":\"https:\/\/antersystem.com\/pl\/realizacje\/bariery-wysokiego-skladowania-wroclaw\/\",\"url\":\"https:\/\/antersystem.com\/pl\/realizacje\/bariery-wysokiego-skladowania-wroclaw\/\",\"name\":\"Bariery wysokiego sk\u0142adowania Wroc\u0142aw - Anter System\",\"isPartOf\":{\"@id\":\"https:\/\/antersystem.com\/pl\/#website\"},\"datePublished\":\"2023-08-28T13:34:49+00:00\",\"dateModified\":\"2026-01-30T00:30:58+00:00\",\"description\":\"Firma b\u0119d\u0105ca liderem produkcji kabli dla bran\u017cy motoryzacyjnej w Europie od d\u0142u\u017cszego czasu boryka\u0142a si\u0119 z problemem zabezpieczenia p\u00f3l sk\u0142adowania w\",\"breadcrumb\":{\"@id\":\"https:\/\/antersystem.com\/pl\/realizacje\/bariery-wysokiego-skladowania-wroclaw\/#breadcrumb\"},\"inLanguage\":\"pl-PL\",\"potentialAction\":[{\"@type\":\"ReadAction\",\"target\":[\"https:\/\/antersystem.com\/pl\/realizacje\/bariery-wysokiego-skladowania-wroclaw\/\"]}]},{\"@type\":\"BreadcrumbList\",\"@id\":\"https:\/\/antersystem.com\/pl\/realizacje\/bariery-wysokiego-skladowania-wroclaw\/#breadcrumb\",\"itemListElement\":[{\"@type\":\"ListItem\",\"position\":1,\"name\":\"AnterSystem\",\"item\":\"https:\/\/antersystem.com\/pl\/\"},{\"@type\":\"ListItem\",\"position\":2,\"name\":\"Realizacje\",\"item\":\"https:\/\/antersystem.com\/pl\/realizacje\/\"},{\"@type\":\"ListItem\",\"position\":3,\"name\":\"Bariery wysokiego sk\u0142adowania Wroc\u0142aw\"}]},{\"@type\":\"WebSite\",\"@id\":\"https:\/\/antersystem.com\/pl\/#website\",\"url\":\"https:\/\/antersystem.com\/pl\/\",\"name\":\"Anter System\",\"description\":\"Jeste\u015bmy polskim producentem elastycznych barier ochronnych wykonywanych z polimerowych tworzyw sztucznych. Na rynku krajowym i zagranicznym dzia\u0142amy od ponad 15 lat dbaj\u0105c o zapewnienie bezpiecze\u0144stwa w zak\u0142adach produkcyjnych, magazynach oraz centrach logistycznych.\",\"potentialAction\":[{\"@type\":\"SearchAction\",\"target\":{\"@type\":\"EntryPoint\",\"urlTemplate\":\"https:\/\/antersystem.com\/pl\/?s={search_term_string}\"},\"query-input\":{\"@type\":\"PropertyValueSpecification\",\"valueRequired\":true,\"valueName\":\"search_term_string\"}}],\"inLanguage\":\"pl-PL\"}]}<\/script>\n<!-- \/ Yoast SEO plugin. -->","yoast_head_json":{"title":"Bariery wysokiego sk\u0142adowania Wroc\u0142aw - Anter System","description":"Firma b\u0119d\u0105ca liderem produkcji kabli dla bran\u017cy motoryzacyjnej w Europie od d\u0142u\u017cszego czasu boryka\u0142a si\u0119 z problemem zabezpieczenia p\u00f3l sk\u0142adowania w","robots":{"index":"index","follow":"follow","max-snippet":"max-snippet:-1","max-image-preview":"max-image-preview:large","max-video-preview":"max-video-preview:-1"},"canonical":"https:\/\/antersystem.com\/pl\/realizacje\/bariery-wysokiego-skladowania-wroclaw\/","og_locale":"pl_PL","og_type":"article","og_title":"Bariery wysokiego sk\u0142adowania Wroc\u0142aw - Anter System","og_description":"Firma b\u0119d\u0105ca liderem produkcji kabli dla bran\u017cy motoryzacyjnej w Europie od d\u0142u\u017cszego czasu boryka\u0142a si\u0119 z problemem zabezpieczenia p\u00f3l sk\u0142adowania w","og_url":"https:\/\/antersystem.com\/pl\/realizacje\/bariery-wysokiego-skladowania-wroclaw\/","og_site_name":"Anter System","article_modified_time":"2026-01-30T00:30:58+00:00","twitter_card":"summary_large_image","twitter_misc":{"Szacowany czas czytania":"1 minuta"},"schema":{"@context":"https:\/\/schema.org","@graph":[{"@type":"WebPage","@id":"https:\/\/antersystem.com\/pl\/realizacje\/bariery-wysokiego-skladowania-wroclaw\/","url":"https:\/\/antersystem.com\/pl\/realizacje\/bariery-wysokiego-skladowania-wroclaw\/","name":"Bariery wysokiego sk\u0142adowania Wroc\u0142aw - Anter System","isPartOf":{"@id":"https:\/\/antersystem.com\/pl\/#website"},"datePublished":"2023-08-28T13:34:49+00:00","dateModified":"2026-01-30T00:30:58+00:00","description":"Firma b\u0119d\u0105ca liderem produkcji kabli dla bran\u017cy motoryzacyjnej w Europie od d\u0142u\u017cszego czasu boryka\u0142a si\u0119 z problemem zabezpieczenia p\u00f3l sk\u0142adowania w","breadcrumb":{"@id":"https:\/\/antersystem.com\/pl\/realizacje\/bariery-wysokiego-skladowania-wroclaw\/#breadcrumb"},"inLanguage":"pl-PL","potentialAction":[{"@type":"ReadAction","target":["https:\/\/antersystem.com\/pl\/realizacje\/bariery-wysokiego-skladowania-wroclaw\/"]}]},{"@type":"BreadcrumbList","@id":"https:\/\/antersystem.com\/pl\/realizacje\/bariery-wysokiego-skladowania-wroclaw\/#breadcrumb","itemListElement":[{"@type":"ListItem","position":1,"name":"AnterSystem","item":"https:\/\/antersystem.com\/pl\/"},{"@type":"ListItem","position":2,"name":"Realizacje","item":"https:\/\/antersystem.com\/pl\/realizacje\/"},{"@type":"ListItem","position":3,"name":"Bariery wysokiego sk\u0142adowania Wroc\u0142aw"}]},{"@type":"WebSite","@id":"https:\/\/antersystem.com\/pl\/#website","url":"https:\/\/antersystem.com\/pl\/","name":"Anter System","description":"Jeste\u015bmy polskim producentem elastycznych barier ochronnych wykonywanych z polimerowych tworzyw sztucznych. Na rynku krajowym i zagranicznym dzia\u0142amy od ponad 15 lat dbaj\u0105c o zapewnienie bezpiecze\u0144stwa w zak\u0142adach produkcyjnych, magazynach oraz centrach logistycznych.","potentialAction":[{"@type":"SearchAction","target":{"@type":"EntryPoint","urlTemplate":"https:\/\/antersystem.com\/pl\/?s={search_term_string}"},"query-input":{"@type":"PropertyValueSpecification","valueRequired":true,"valueName":"search_term_string"}}],"inLanguage":"pl-PL"}]}},"_links":{"self":[{"href":"https:\/\/antersystem.com\/pl\/wp-json\/wp\/v2\/pages\/12862","targetHints":{"allow":["GET"]}}],"collection":[{"href":"https:\/\/antersystem.com\/pl\/wp-json\/wp\/v2\/pages"}],"about":[{"href":"https:\/\/antersystem.com\/pl\/wp-json\/wp\/v2\/types\/page"}],"author":[{"embeddable":true,"href":"https:\/\/antersystem.com\/pl\/wp-json\/wp\/v2\/users\/1"}],"replies":[{"embeddable":true,"href":"https:\/\/antersystem.com\/pl\/wp-json\/wp\/v2\/comments?post=12862"}],"version-history":[{"count":1,"href":"https:\/\/antersystem.com\/pl\/wp-json\/wp\/v2\/pages\/12862\/revisions"}],"predecessor-version":[{"id":12863,"href":"https:\/\/antersystem.com\/pl\/wp-json\/wp\/v2\/pages\/12862\/revisions\/12863"}],"up":[{"embeddable":true,"href":"https:\/\/antersystem.com\/pl\/wp-json\/wp\/v2\/pages\/12527"}],"wp:attachment":[{"href":"https:\/\/antersystem.com\/pl\/wp-json\/wp\/v2\/media?parent=12862"}],"curies":[{"name":"wp","href":"https:\/\/api.w.org\/{rel}","templated":true}]}}