{"id":12868,"date":"2023-09-01T11:11:31","date_gmt":"2023-09-01T09:11:31","guid":{"rendered":"https:\/\/new.antersystem.com\/realizacje\/bariery-traffic-r3\/"},"modified":"2026-01-30T01:30:58","modified_gmt":"2026-01-30T00:30:58","slug":"bariery-traffic-r3","status":"publish","type":"page","link":"https:\/\/antersystem.com\/pl\/realizacje\/bariery-traffic-r3\/","title":{"rendered":"Bariery Traffic R3"},"content":{"rendered":"\n<div class=\"wp-block-columns is-layout-flex wp-container-core-columns-is-layout-9d6595d7 wp-block-columns-is-layout-flex\">\n<div class=\"wp-block-column is-layout-flow wp-block-column-is-layout-flow\" style=\"flex-basis:10%\"><\/div>\n\n\n\n<div class=\"wp-block-column is-layout-flow wp-block-column-is-layout-flow\" style=\"flex-basis:80%\">\n<p class=\"justify-mru\">Kolejnym projektem dopasowanym do indywidualnych potrzeb klienta by\u0142o zlecenie dla dostawcy cz\u0119\u015bci z bran\u017cy automotive z Niemiec. Zaprojektowano i dostarczono Bariery Traffic R3 oraz Bariery Wall Protector, kt\u00f3rymi wydzielono obszary wysokiego sk\u0142adowania. Rozwi\u0105zaniem zastosowanym, aby wyeliminowa\u0107 ryzyko kolizji w\u00f3zka wid\u0142owego i pieszych by\u0142y bramki bezpiecze\u0144stwa i automatyczne systemy barier Traffic. Szereg zastosowanych rozwi\u0105za\u0144, kt\u00f3rymi wyposa\u017cono przestrze\u0144 nie tylko zwi\u0119kszy\u0142 poziom bezpiecze\u0144stwa, lecz tak\u017ce usprawni\u0142 procesy produkcyjne.<\/p>\n\n\n\nngg_shortcode_0_placeholder\n<\/div>\n\n\n\n<div class=\"wp-block-column is-layout-flow wp-block-column-is-layout-flow\" style=\"flex-basis:10%\"><\/div>\n<\/div>\n","protected":false},"excerpt":{"rendered":"<p>Kolejnym projektem dopasowanym do indywidualnych potrzeb klienta by\u0142o zlecenie dla dostawcy cz\u0119\u015bci z bran\u017cy automotive z Niemiec. Zaprojektowano i dostarczono Bariery Traffic R3 oraz Bariery Wall Protector, kt\u00f3rymi wydzielono obszary wysokiego sk\u0142adowania. Rozwi\u0105zaniem zastosowanym, aby wyeliminowa\u0107 ryzyko kolizji w\u00f3zka wid\u0142owego i pieszych by\u0142y bramki bezpiecze\u0144stwa i automatyczne systemy barier Traffic. Szereg zastosowanych rozwi\u0105za\u0144, kt\u00f3rymi wyposa\u017cono [&hellip;]<\/p>\n","protected":false},"author":1,"featured_media":0,"parent":12527,"menu_order":0,"comment_status":"closed","ping_status":"closed","template":"","meta":{"inline_featured_image":false,"ngg_post_thumbnail":0,"footnotes":""},"class_list":["post-12868","page","type-page","status-publish","hentry"],"acf":[],"yoast_head":"<!-- This site is optimized with the Yoast SEO plugin v27.0 - https:\/\/yoast.com\/product\/yoast-seo-wordpress\/ -->\n<title>Bariery Traffic R3 - Anter System<\/title>\n<meta name=\"description\" content=\"Kolejnym projektem dopasowanym do indywidualnych potrzeb klienta by\u0142o zlecenie dla dostawcy cz\u0119\u015bci z bran\u017cy automotive z Niemiec. Zaprojektowano i\" \/>\n<meta name=\"robots\" content=\"index, follow, max-snippet:-1, max-image-preview:large, max-video-preview:-1\" \/>\n<link rel=\"canonical\" href=\"https:\/\/antersystem.com\/pl\/realizacje\/bariery-traffic-r3\/\" \/>\n<meta property=\"og:locale\" content=\"pl_PL\" \/>\n<meta property=\"og:type\" content=\"article\" \/>\n<meta property=\"og:title\" content=\"Bariery Traffic R3 - Anter System\" \/>\n<meta property=\"og:description\" content=\"Kolejnym projektem dopasowanym do indywidualnych potrzeb klienta by\u0142o zlecenie dla dostawcy cz\u0119\u015bci z bran\u017cy automotive z Niemiec. Zaprojektowano i\" \/>\n<meta property=\"og:url\" content=\"https:\/\/antersystem.com\/pl\/realizacje\/bariery-traffic-r3\/\" \/>\n<meta property=\"og:site_name\" content=\"Anter System\" \/>\n<meta property=\"article:modified_time\" content=\"2026-01-30T00:30:58+00:00\" \/>\n<meta name=\"twitter:card\" content=\"summary_large_image\" \/>\n<script type=\"application\/ld+json\" class=\"yoast-schema-graph\">{\"@context\":\"https:\/\/schema.org\",\"@graph\":[{\"@type\":\"WebPage\",\"@id\":\"https:\/\/antersystem.com\/pl\/realizacje\/bariery-traffic-r3\/\",\"url\":\"https:\/\/antersystem.com\/pl\/realizacje\/bariery-traffic-r3\/\",\"name\":\"Bariery Traffic R3 - Anter System\",\"isPartOf\":{\"@id\":\"https:\/\/antersystem.com\/pl\/#website\"},\"datePublished\":\"2023-09-01T09:11:31+00:00\",\"dateModified\":\"2026-01-30T00:30:58+00:00\",\"description\":\"Kolejnym projektem dopasowanym do indywidualnych potrzeb klienta by\u0142o zlecenie dla dostawcy cz\u0119\u015bci z bran\u017cy automotive z Niemiec. Zaprojektowano i\",\"breadcrumb\":{\"@id\":\"https:\/\/antersystem.com\/pl\/realizacje\/bariery-traffic-r3\/#breadcrumb\"},\"inLanguage\":\"pl-PL\",\"potentialAction\":[{\"@type\":\"ReadAction\",\"target\":[\"https:\/\/antersystem.com\/pl\/realizacje\/bariery-traffic-r3\/\"]}]},{\"@type\":\"BreadcrumbList\",\"@id\":\"https:\/\/antersystem.com\/pl\/realizacje\/bariery-traffic-r3\/#breadcrumb\",\"itemListElement\":[{\"@type\":\"ListItem\",\"position\":1,\"name\":\"AnterSystem\",\"item\":\"https:\/\/antersystem.com\/pl\/\"},{\"@type\":\"ListItem\",\"position\":2,\"name\":\"Realizacje\",\"item\":\"https:\/\/antersystem.com\/pl\/realizacje\/\"},{\"@type\":\"ListItem\",\"position\":3,\"name\":\"Bariery Traffic R3\"}]},{\"@type\":\"WebSite\",\"@id\":\"https:\/\/antersystem.com\/pl\/#website\",\"url\":\"https:\/\/antersystem.com\/pl\/\",\"name\":\"Anter System\",\"description\":\"Jeste\u015bmy polskim producentem elastycznych barier ochronnych wykonywanych z polimerowych tworzyw sztucznych. Na rynku krajowym i zagranicznym dzia\u0142amy od ponad 15 lat dbaj\u0105c o zapewnienie bezpiecze\u0144stwa w zak\u0142adach produkcyjnych, magazynach oraz centrach logistycznych.\",\"potentialAction\":[{\"@type\":\"SearchAction\",\"target\":{\"@type\":\"EntryPoint\",\"urlTemplate\":\"https:\/\/antersystem.com\/pl\/?s={search_term_string}\"},\"query-input\":{\"@type\":\"PropertyValueSpecification\",\"valueRequired\":true,\"valueName\":\"search_term_string\"}}],\"inLanguage\":\"pl-PL\"}]}<\/script>\n<!-- \/ Yoast SEO plugin. -->","yoast_head_json":{"title":"Bariery Traffic R3 - Anter System","description":"Kolejnym projektem dopasowanym do indywidualnych potrzeb klienta by\u0142o zlecenie dla dostawcy cz\u0119\u015bci z bran\u017cy automotive z Niemiec. Zaprojektowano i","robots":{"index":"index","follow":"follow","max-snippet":"max-snippet:-1","max-image-preview":"max-image-preview:large","max-video-preview":"max-video-preview:-1"},"canonical":"https:\/\/antersystem.com\/pl\/realizacje\/bariery-traffic-r3\/","og_locale":"pl_PL","og_type":"article","og_title":"Bariery Traffic R3 - Anter System","og_description":"Kolejnym projektem dopasowanym do indywidualnych potrzeb klienta by\u0142o zlecenie dla dostawcy cz\u0119\u015bci z bran\u017cy automotive z Niemiec. Zaprojektowano i","og_url":"https:\/\/antersystem.com\/pl\/realizacje\/bariery-traffic-r3\/","og_site_name":"Anter System","article_modified_time":"2026-01-30T00:30:58+00:00","twitter_card":"summary_large_image","schema":{"@context":"https:\/\/schema.org","@graph":[{"@type":"WebPage","@id":"https:\/\/antersystem.com\/pl\/realizacje\/bariery-traffic-r3\/","url":"https:\/\/antersystem.com\/pl\/realizacje\/bariery-traffic-r3\/","name":"Bariery Traffic R3 - Anter System","isPartOf":{"@id":"https:\/\/antersystem.com\/pl\/#website"},"datePublished":"2023-09-01T09:11:31+00:00","dateModified":"2026-01-30T00:30:58+00:00","description":"Kolejnym projektem dopasowanym do indywidualnych potrzeb klienta by\u0142o zlecenie dla dostawcy cz\u0119\u015bci z bran\u017cy automotive z Niemiec. Zaprojektowano i","breadcrumb":{"@id":"https:\/\/antersystem.com\/pl\/realizacje\/bariery-traffic-r3\/#breadcrumb"},"inLanguage":"pl-PL","potentialAction":[{"@type":"ReadAction","target":["https:\/\/antersystem.com\/pl\/realizacje\/bariery-traffic-r3\/"]}]},{"@type":"BreadcrumbList","@id":"https:\/\/antersystem.com\/pl\/realizacje\/bariery-traffic-r3\/#breadcrumb","itemListElement":[{"@type":"ListItem","position":1,"name":"AnterSystem","item":"https:\/\/antersystem.com\/pl\/"},{"@type":"ListItem","position":2,"name":"Realizacje","item":"https:\/\/antersystem.com\/pl\/realizacje\/"},{"@type":"ListItem","position":3,"name":"Bariery Traffic R3"}]},{"@type":"WebSite","@id":"https:\/\/antersystem.com\/pl\/#website","url":"https:\/\/antersystem.com\/pl\/","name":"Anter System","description":"Jeste\u015bmy polskim producentem elastycznych barier ochronnych wykonywanych z polimerowych tworzyw sztucznych. Na rynku krajowym i zagranicznym dzia\u0142amy od ponad 15 lat dbaj\u0105c o zapewnienie bezpiecze\u0144stwa w zak\u0142adach produkcyjnych, magazynach oraz centrach logistycznych.","potentialAction":[{"@type":"SearchAction","target":{"@type":"EntryPoint","urlTemplate":"https:\/\/antersystem.com\/pl\/?s={search_term_string}"},"query-input":{"@type":"PropertyValueSpecification","valueRequired":true,"valueName":"search_term_string"}}],"inLanguage":"pl-PL"}]}},"_links":{"self":[{"href":"https:\/\/antersystem.com\/pl\/wp-json\/wp\/v2\/pages\/12868","targetHints":{"allow":["GET"]}}],"collection":[{"href":"https:\/\/antersystem.com\/pl\/wp-json\/wp\/v2\/pages"}],"about":[{"href":"https:\/\/antersystem.com\/pl\/wp-json\/wp\/v2\/types\/page"}],"author":[{"embeddable":true,"href":"https:\/\/antersystem.com\/pl\/wp-json\/wp\/v2\/users\/1"}],"replies":[{"embeddable":true,"href":"https:\/\/antersystem.com\/pl\/wp-json\/wp\/v2\/comments?post=12868"}],"version-history":[{"count":1,"href":"https:\/\/antersystem.com\/pl\/wp-json\/wp\/v2\/pages\/12868\/revisions"}],"predecessor-version":[{"id":12869,"href":"https:\/\/antersystem.com\/pl\/wp-json\/wp\/v2\/pages\/12868\/revisions\/12869"}],"up":[{"embeddable":true,"href":"https:\/\/antersystem.com\/pl\/wp-json\/wp\/v2\/pages\/12527"}],"wp:attachment":[{"href":"https:\/\/antersystem.com\/pl\/wp-json\/wp\/v2\/media?parent=12868"}],"curies":[{"name":"wp","href":"https:\/\/api.w.org\/{rel}","templated":true}]}}