{"id":12873,"date":"2023-10-06T11:50:25","date_gmt":"2023-10-06T09:50:25","guid":{"rendered":"https:\/\/new.antersystem.com\/realizacje\/bariery-podlogowe-kb\/"},"modified":"2026-01-30T01:30:10","modified_gmt":"2026-01-30T00:30:10","slug":"bariery-podlogowe-kb","status":"publish","type":"page","link":"https:\/\/antersystem.com\/pl\/realizacje\/bariery-podlogowe-kb\/","title":{"rendered":"Bariery pod\u0142ogowe KB"},"content":{"rendered":"\n<p><\/p>\n\n<div class=\"wp-block-columns is-layout-flex wp-container-core-columns-is-layout-9d6595d7 wp-block-columns-is-layout-flex\">\n<div class=\"wp-block-column is-layout-flow wp-block-column-is-layout-flow\" style=\"flex-basis:10%\"><\/div>\n\n\n\n<div class=\"wp-block-column is-layout-flow wp-block-column-is-layout-flow\">\n<p>Realizacja monta\u017cu barier KB u klienta z bran\u017cy automotive stanowi\u0142a skuteczne rozwi\u0105zanie w zabezpieczeniu obszaru sk\u0142adowania paletobox\u00f3w. Bariery KB marki Anter System, wykonane z wyj\u0105tkowo trwa\u0142ego materia\u0142u Ertax, okaza\u0142y si\u0119 niezast\u0105pione w zapobieganiu przesuwania si\u0119 i utrzymaniu r\u00f3wnego u\u0142o\u017cenia box\u00f3w.<\/p>\n\n\n\n<p>Materia\u0142 Ertax, ze wzgl\u0119du na swoj\u0105 ekstremaln\u0105 odporno\u015b\u0107 na uderzenia, gwarantuje nie tylko du\u017c\u0105 trwa\u0142o\u015b\u0107, ale tak\u017ce minimalizuje ryzyko uszkodze\u0144, czy deformacji barier. Monta\u017c barier KB przyczyni\u0142 si\u0119 do zwi\u0119kszenia efektywno\u015bci sk\u0142adowania oraz poprawy bezpiecze\u0144stwa obszaru magazynowego. To rozwi\u0105zanie stanowi nie tylko oszcz\u0119dno\u015b\u0107 czasu i koszt\u00f3w, ale tak\u017ce zwi\u0119ksza og\u00f3ln\u0105 funkcjonalno\u015b\u0107 obszaru sk\u0142adowania paletobox\u00f3w.<\/p>\n\n\n\nngg_shortcode_0_placeholder\n<\/div>\n\n\n\n<div class=\"wp-block-column is-layout-flow wp-block-column-is-layout-flow\" style=\"flex-basis:10%\"><\/div>\n<\/div>\n","protected":false},"excerpt":{"rendered":"<p>Realizacja monta\u017cu barier KB u klienta z bran\u017cy automotive stanowi\u0142a skuteczne rozwi\u0105zanie w zabezpieczeniu obszaru sk\u0142adowania paletobox\u00f3w. Bariery KB marki Anter System, wykonane z wyj\u0105tkowo trwa\u0142ego materia\u0142u Ertax, okaza\u0142y si\u0119 niezast\u0105pione w zapobieganiu przesuwania si\u0119 i utrzymaniu r\u00f3wnego u\u0142o\u017cenia box\u00f3w. Materia\u0142 Ertax, ze wzgl\u0119du na swoj\u0105 ekstremaln\u0105 odporno\u015b\u0107 na uderzenia, gwarantuje nie tylko du\u017c\u0105 trwa\u0142o\u015b\u0107, [&hellip;]<\/p>\n","protected":false},"author":1,"featured_media":0,"parent":12527,"menu_order":0,"comment_status":"closed","ping_status":"closed","template":"","meta":{"inline_featured_image":false,"ngg_post_thumbnail":0,"footnotes":""},"class_list":["post-12873","page","type-page","status-publish","hentry"],"acf":[],"yoast_head":"<!-- This site is optimized with the Yoast SEO plugin v27.0 - https:\/\/yoast.com\/product\/yoast-seo-wordpress\/ -->\n<title>Bariery pod\u0142ogowe KB - Anter System<\/title>\n<meta name=\"description\" content=\"Realizacja monta\u017cu barier KB u klienta z bran\u017cy automotive stanowi\u0142a skuteczne rozwi\u0105zanie w zabezpieczeniu obszaru sk\u0142adowania paletobox\u00f3w. Bariery KB\" \/>\n<meta name=\"robots\" content=\"index, follow, max-snippet:-1, max-image-preview:large, max-video-preview:-1\" \/>\n<link rel=\"canonical\" href=\"https:\/\/antersystem.com\/pl\/realizacje\/bariery-podlogowe-kb\/\" \/>\n<meta property=\"og:locale\" content=\"pl_PL\" \/>\n<meta property=\"og:type\" content=\"article\" \/>\n<meta property=\"og:title\" content=\"Bariery pod\u0142ogowe KB - Anter System\" \/>\n<meta property=\"og:description\" content=\"Realizacja monta\u017cu barier KB u klienta z bran\u017cy automotive stanowi\u0142a skuteczne rozwi\u0105zanie w zabezpieczeniu obszaru sk\u0142adowania paletobox\u00f3w. Bariery KB\" \/>\n<meta property=\"og:url\" content=\"https:\/\/antersystem.com\/pl\/realizacje\/bariery-podlogowe-kb\/\" \/>\n<meta property=\"og:site_name\" content=\"Anter System\" \/>\n<meta property=\"article:modified_time\" content=\"2026-01-30T00:30:10+00:00\" \/>\n<meta name=\"twitter:card\" content=\"summary_large_image\" \/>\n<meta name=\"twitter:label1\" content=\"Szacowany czas czytania\" \/>\n\t<meta name=\"twitter:data1\" content=\"1 minuta\" \/>\n<script type=\"application\/ld+json\" class=\"yoast-schema-graph\">{\"@context\":\"https:\/\/schema.org\",\"@graph\":[{\"@type\":\"WebPage\",\"@id\":\"https:\/\/antersystem.com\/pl\/realizacje\/bariery-podlogowe-kb\/\",\"url\":\"https:\/\/antersystem.com\/pl\/realizacje\/bariery-podlogowe-kb\/\",\"name\":\"Bariery pod\u0142ogowe KB - Anter System\",\"isPartOf\":{\"@id\":\"https:\/\/antersystem.com\/pl\/#website\"},\"datePublished\":\"2023-10-06T09:50:25+00:00\",\"dateModified\":\"2026-01-30T00:30:10+00:00\",\"description\":\"Realizacja monta\u017cu barier KB u klienta z bran\u017cy automotive stanowi\u0142a skuteczne rozwi\u0105zanie w zabezpieczeniu obszaru sk\u0142adowania paletobox\u00f3w. Bariery KB\",\"breadcrumb\":{\"@id\":\"https:\/\/antersystem.com\/pl\/realizacje\/bariery-podlogowe-kb\/#breadcrumb\"},\"inLanguage\":\"pl-PL\",\"potentialAction\":[{\"@type\":\"ReadAction\",\"target\":[\"https:\/\/antersystem.com\/pl\/realizacje\/bariery-podlogowe-kb\/\"]}]},{\"@type\":\"BreadcrumbList\",\"@id\":\"https:\/\/antersystem.com\/pl\/realizacje\/bariery-podlogowe-kb\/#breadcrumb\",\"itemListElement\":[{\"@type\":\"ListItem\",\"position\":1,\"name\":\"AnterSystem\",\"item\":\"https:\/\/antersystem.com\/pl\/\"},{\"@type\":\"ListItem\",\"position\":2,\"name\":\"Realizacje\",\"item\":\"https:\/\/antersystem.com\/pl\/realizacje\/\"},{\"@type\":\"ListItem\",\"position\":3,\"name\":\"Bariery pod\u0142ogowe KB\"}]},{\"@type\":\"WebSite\",\"@id\":\"https:\/\/antersystem.com\/pl\/#website\",\"url\":\"https:\/\/antersystem.com\/pl\/\",\"name\":\"Anter System\",\"description\":\"Jeste\u015bmy polskim producentem elastycznych barier ochronnych wykonywanych z polimerowych tworzyw sztucznych. Na rynku krajowym i zagranicznym dzia\u0142amy od ponad 15 lat dbaj\u0105c o zapewnienie bezpiecze\u0144stwa w zak\u0142adach produkcyjnych, magazynach oraz centrach logistycznych.\",\"potentialAction\":[{\"@type\":\"SearchAction\",\"target\":{\"@type\":\"EntryPoint\",\"urlTemplate\":\"https:\/\/antersystem.com\/pl\/?s={search_term_string}\"},\"query-input\":{\"@type\":\"PropertyValueSpecification\",\"valueRequired\":true,\"valueName\":\"search_term_string\"}}],\"inLanguage\":\"pl-PL\"}]}<\/script>\n<!-- \/ Yoast SEO plugin. -->","yoast_head_json":{"title":"Bariery pod\u0142ogowe KB - Anter System","description":"Realizacja monta\u017cu barier KB u klienta z bran\u017cy automotive stanowi\u0142a skuteczne rozwi\u0105zanie w zabezpieczeniu obszaru sk\u0142adowania paletobox\u00f3w. Bariery KB","robots":{"index":"index","follow":"follow","max-snippet":"max-snippet:-1","max-image-preview":"max-image-preview:large","max-video-preview":"max-video-preview:-1"},"canonical":"https:\/\/antersystem.com\/pl\/realizacje\/bariery-podlogowe-kb\/","og_locale":"pl_PL","og_type":"article","og_title":"Bariery pod\u0142ogowe KB - Anter System","og_description":"Realizacja monta\u017cu barier KB u klienta z bran\u017cy automotive stanowi\u0142a skuteczne rozwi\u0105zanie w zabezpieczeniu obszaru sk\u0142adowania paletobox\u00f3w. Bariery KB","og_url":"https:\/\/antersystem.com\/pl\/realizacje\/bariery-podlogowe-kb\/","og_site_name":"Anter System","article_modified_time":"2026-01-30T00:30:10+00:00","twitter_card":"summary_large_image","twitter_misc":{"Szacowany czas czytania":"1 minuta"},"schema":{"@context":"https:\/\/schema.org","@graph":[{"@type":"WebPage","@id":"https:\/\/antersystem.com\/pl\/realizacje\/bariery-podlogowe-kb\/","url":"https:\/\/antersystem.com\/pl\/realizacje\/bariery-podlogowe-kb\/","name":"Bariery pod\u0142ogowe KB - Anter System","isPartOf":{"@id":"https:\/\/antersystem.com\/pl\/#website"},"datePublished":"2023-10-06T09:50:25+00:00","dateModified":"2026-01-30T00:30:10+00:00","description":"Realizacja monta\u017cu barier KB u klienta z bran\u017cy automotive stanowi\u0142a skuteczne rozwi\u0105zanie w zabezpieczeniu obszaru sk\u0142adowania paletobox\u00f3w. Bariery KB","breadcrumb":{"@id":"https:\/\/antersystem.com\/pl\/realizacje\/bariery-podlogowe-kb\/#breadcrumb"},"inLanguage":"pl-PL","potentialAction":[{"@type":"ReadAction","target":["https:\/\/antersystem.com\/pl\/realizacje\/bariery-podlogowe-kb\/"]}]},{"@type":"BreadcrumbList","@id":"https:\/\/antersystem.com\/pl\/realizacje\/bariery-podlogowe-kb\/#breadcrumb","itemListElement":[{"@type":"ListItem","position":1,"name":"AnterSystem","item":"https:\/\/antersystem.com\/pl\/"},{"@type":"ListItem","position":2,"name":"Realizacje","item":"https:\/\/antersystem.com\/pl\/realizacje\/"},{"@type":"ListItem","position":3,"name":"Bariery pod\u0142ogowe KB"}]},{"@type":"WebSite","@id":"https:\/\/antersystem.com\/pl\/#website","url":"https:\/\/antersystem.com\/pl\/","name":"Anter System","description":"Jeste\u015bmy polskim producentem elastycznych barier ochronnych wykonywanych z polimerowych tworzyw sztucznych. Na rynku krajowym i zagranicznym dzia\u0142amy od ponad 15 lat dbaj\u0105c o zapewnienie bezpiecze\u0144stwa w zak\u0142adach produkcyjnych, magazynach oraz centrach logistycznych.","potentialAction":[{"@type":"SearchAction","target":{"@type":"EntryPoint","urlTemplate":"https:\/\/antersystem.com\/pl\/?s={search_term_string}"},"query-input":{"@type":"PropertyValueSpecification","valueRequired":true,"valueName":"search_term_string"}}],"inLanguage":"pl-PL"}]}},"_links":{"self":[{"href":"https:\/\/antersystem.com\/pl\/wp-json\/wp\/v2\/pages\/12873","targetHints":{"allow":["GET"]}}],"collection":[{"href":"https:\/\/antersystem.com\/pl\/wp-json\/wp\/v2\/pages"}],"about":[{"href":"https:\/\/antersystem.com\/pl\/wp-json\/wp\/v2\/types\/page"}],"author":[{"embeddable":true,"href":"https:\/\/antersystem.com\/pl\/wp-json\/wp\/v2\/users\/1"}],"replies":[{"embeddable":true,"href":"https:\/\/antersystem.com\/pl\/wp-json\/wp\/v2\/comments?post=12873"}],"version-history":[{"count":1,"href":"https:\/\/antersystem.com\/pl\/wp-json\/wp\/v2\/pages\/12873\/revisions"}],"predecessor-version":[{"id":12876,"href":"https:\/\/antersystem.com\/pl\/wp-json\/wp\/v2\/pages\/12873\/revisions\/12876"}],"up":[{"embeddable":true,"href":"https:\/\/antersystem.com\/pl\/wp-json\/wp\/v2\/pages\/12527"}],"wp:attachment":[{"href":"https:\/\/antersystem.com\/pl\/wp-json\/wp\/v2\/media?parent=12873"}],"curies":[{"name":"wp","href":"https:\/\/api.w.org\/{rel}","templated":true}]}}