{"id":13018,"date":"2023-09-01T11:16:10","date_gmt":"2023-09-01T09:16:10","guid":{"rendered":"https:\/\/new.antersystem.com\/realizacje\/bramki-lift-gate\/"},"modified":"2026-01-30T01:29:53","modified_gmt":"2026-01-30T00:29:53","slug":"bramki-lift-gate","status":"publish","type":"page","link":"https:\/\/antersystem.com\/pl\/realizacje\/bramki-lift-gate\/","title":{"rendered":"Safety LIFT GATEs"},"content":{"rendered":"\n<div class=\"wp-block-columns is-layout-flex wp-container-core-columns-is-layout-9d6595d7 wp-block-columns-is-layout-flex\">\n<div class=\"wp-block-column is-layout-flow wp-block-column-is-layout-flow\" style=\"flex-basis:10%\"><\/div>\n\n\n\n<div class=\"wp-block-column is-layout-flow wp-block-column-is-layout-flow\" style=\"flex-basis:80%\">\n<p class=\"justify-mru\">Klient z bran\u017cy automotive zg\u0142osi\u0142 si\u0119 do nas z problemem zabezpieczenia ci\u0105g\u00f3w komunikacyjnych, przy jednoczesnym zapewnieniu dost\u0119pu do miejsc odk\u0142adczych. W celu zwi\u0119kszenia bezpiecze\u0144stwa oraz zoptymalizowania czasu pracy zastosowano wzd\u0142u\u017c ci\u0105gu komunikacyjnego bramki Lift Gate. Rozwi\u0105zanie to umo\u017cliwi\u0142o bezpieczne przej\u015bcie wzd\u0142u\u017c \u015bcie\u017cek dla pieszych przy jednoczesnej mo\u017cliwo\u015bci czasowego zamkni\u0119cia przestrzeni. Projekt w ca\u0142o\u015bci spe\u0142ni\u0142 oczekiwania klienta i wp\u0142yn\u0105\u0142 na popraw\u0119 bezpiecze\u0144stwa i czasu operacyjnego.<\/p>\n\n\n\nngg_shortcode_0_placeholder\n<\/div>\n\n\n\n<div class=\"wp-block-column is-layout-flow wp-block-column-is-layout-flow\" style=\"flex-basis:10%\"><\/div>\n<\/div>\n","protected":false},"excerpt":{"rendered":"<p>Klient z bran\u017cy automotive zg\u0142osi\u0142 si\u0119 do nas z problemem zabezpieczenia ci\u0105g\u00f3w komunikacyjnych, przy jednoczesnym zapewnieniu dost\u0119pu do miejsc odk\u0142adczych. W celu zwi\u0119kszenia bezpiecze\u0144stwa oraz zoptymalizowania czasu pracy zastosowano wzd\u0142u\u017c ci\u0105gu komunikacyjnego bramki Lift Gate. Rozwi\u0105zanie to umo\u017cliwi\u0142o bezpieczne przej\u015bcie wzd\u0142u\u017c \u015bcie\u017cek dla pieszych przy jednoczesnej mo\u017cliwo\u015bci czasowego zamkni\u0119cia przestrzeni. Projekt w ca\u0142o\u015bci spe\u0142ni\u0142 oczekiwania [&hellip;]<\/p>\n","protected":false},"author":1,"featured_media":0,"parent":12527,"menu_order":0,"comment_status":"closed","ping_status":"closed","template":"","meta":{"inline_featured_image":false,"ngg_post_thumbnail":0,"footnotes":""},"class_list":["post-13018","page","type-page","status-publish","hentry"],"acf":[],"yoast_head":"<!-- This site is optimized with the Yoast SEO plugin v27.0 - https:\/\/yoast.com\/product\/yoast-seo-wordpress\/ -->\n<title>Safety LIFT GATEs - Anter System<\/title>\n<meta name=\"description\" content=\"Klient z bran\u017cy automotive zg\u0142osi\u0142 si\u0119 do nas z problemem zabezpieczenia ci\u0105g\u00f3w komunikacyjnych, przy jednoczesnym zapewnieniu dost\u0119pu do miejsc\" \/>\n<meta name=\"robots\" content=\"index, follow, max-snippet:-1, max-image-preview:large, max-video-preview:-1\" \/>\n<link rel=\"canonical\" href=\"https:\/\/antersystem.com\/pl\/realizacje\/bramki-lift-gate\/\" \/>\n<meta property=\"og:locale\" content=\"pl_PL\" \/>\n<meta property=\"og:type\" content=\"article\" \/>\n<meta property=\"og:title\" content=\"Safety LIFT GATEs - Anter System\" \/>\n<meta property=\"og:description\" content=\"Klient z bran\u017cy automotive zg\u0142osi\u0142 si\u0119 do nas z problemem zabezpieczenia ci\u0105g\u00f3w komunikacyjnych, przy jednoczesnym zapewnieniu dost\u0119pu do miejsc\" \/>\n<meta property=\"og:url\" content=\"https:\/\/antersystem.com\/pl\/realizacje\/bramki-lift-gate\/\" \/>\n<meta property=\"og:site_name\" content=\"Anter System\" \/>\n<meta property=\"article:modified_time\" content=\"2026-01-30T00:29:53+00:00\" \/>\n<meta name=\"twitter:card\" content=\"summary_large_image\" \/>\n<script type=\"application\/ld+json\" class=\"yoast-schema-graph\">{\"@context\":\"https:\/\/schema.org\",\"@graph\":[{\"@type\":\"WebPage\",\"@id\":\"https:\/\/antersystem.com\/pl\/realizacje\/bramki-lift-gate\/\",\"url\":\"https:\/\/antersystem.com\/pl\/realizacje\/bramki-lift-gate\/\",\"name\":\"Safety LIFT GATEs - Anter System\",\"isPartOf\":{\"@id\":\"https:\/\/antersystem.com\/pl\/#website\"},\"datePublished\":\"2023-09-01T09:16:10+00:00\",\"dateModified\":\"2026-01-30T00:29:53+00:00\",\"description\":\"Klient z bran\u017cy automotive zg\u0142osi\u0142 si\u0119 do nas z problemem zabezpieczenia ci\u0105g\u00f3w komunikacyjnych, przy jednoczesnym zapewnieniu dost\u0119pu do miejsc\",\"breadcrumb\":{\"@id\":\"https:\/\/antersystem.com\/pl\/realizacje\/bramki-lift-gate\/#breadcrumb\"},\"inLanguage\":\"pl-PL\",\"potentialAction\":[{\"@type\":\"ReadAction\",\"target\":[\"https:\/\/antersystem.com\/pl\/realizacje\/bramki-lift-gate\/\"]}]},{\"@type\":\"BreadcrumbList\",\"@id\":\"https:\/\/antersystem.com\/pl\/realizacje\/bramki-lift-gate\/#breadcrumb\",\"itemListElement\":[{\"@type\":\"ListItem\",\"position\":1,\"name\":\"AnterSystem\",\"item\":\"https:\/\/antersystem.com\/pl\/\"},{\"@type\":\"ListItem\",\"position\":2,\"name\":\"Realizacje\",\"item\":\"https:\/\/antersystem.com\/pl\/realizacje\/\"},{\"@type\":\"ListItem\",\"position\":3,\"name\":\"Safety LIFT GATEs\"}]},{\"@type\":\"WebSite\",\"@id\":\"https:\/\/antersystem.com\/pl\/#website\",\"url\":\"https:\/\/antersystem.com\/pl\/\",\"name\":\"Anter System\",\"description\":\"Jeste\u015bmy polskim producentem elastycznych barier ochronnych wykonywanych z polimerowych tworzyw sztucznych. Na rynku krajowym i zagranicznym dzia\u0142amy od ponad 15 lat dbaj\u0105c o zapewnienie bezpiecze\u0144stwa w zak\u0142adach produkcyjnych, magazynach oraz centrach logistycznych.\",\"potentialAction\":[{\"@type\":\"SearchAction\",\"target\":{\"@type\":\"EntryPoint\",\"urlTemplate\":\"https:\/\/antersystem.com\/pl\/?s={search_term_string}\"},\"query-input\":{\"@type\":\"PropertyValueSpecification\",\"valueRequired\":true,\"valueName\":\"search_term_string\"}}],\"inLanguage\":\"pl-PL\"}]}<\/script>\n<!-- \/ Yoast SEO plugin. -->","yoast_head_json":{"title":"Safety LIFT GATEs - Anter System","description":"Klient z bran\u017cy automotive zg\u0142osi\u0142 si\u0119 do nas z problemem zabezpieczenia ci\u0105g\u00f3w komunikacyjnych, przy jednoczesnym zapewnieniu dost\u0119pu do miejsc","robots":{"index":"index","follow":"follow","max-snippet":"max-snippet:-1","max-image-preview":"max-image-preview:large","max-video-preview":"max-video-preview:-1"},"canonical":"https:\/\/antersystem.com\/pl\/realizacje\/bramki-lift-gate\/","og_locale":"pl_PL","og_type":"article","og_title":"Safety LIFT GATEs - Anter System","og_description":"Klient z bran\u017cy automotive zg\u0142osi\u0142 si\u0119 do nas z problemem zabezpieczenia ci\u0105g\u00f3w komunikacyjnych, przy jednoczesnym zapewnieniu dost\u0119pu do miejsc","og_url":"https:\/\/antersystem.com\/pl\/realizacje\/bramki-lift-gate\/","og_site_name":"Anter System","article_modified_time":"2026-01-30T00:29:53+00:00","twitter_card":"summary_large_image","schema":{"@context":"https:\/\/schema.org","@graph":[{"@type":"WebPage","@id":"https:\/\/antersystem.com\/pl\/realizacje\/bramki-lift-gate\/","url":"https:\/\/antersystem.com\/pl\/realizacje\/bramki-lift-gate\/","name":"Safety LIFT GATEs - Anter System","isPartOf":{"@id":"https:\/\/antersystem.com\/pl\/#website"},"datePublished":"2023-09-01T09:16:10+00:00","dateModified":"2026-01-30T00:29:53+00:00","description":"Klient z bran\u017cy automotive zg\u0142osi\u0142 si\u0119 do nas z problemem zabezpieczenia ci\u0105g\u00f3w komunikacyjnych, przy jednoczesnym zapewnieniu dost\u0119pu do miejsc","breadcrumb":{"@id":"https:\/\/antersystem.com\/pl\/realizacje\/bramki-lift-gate\/#breadcrumb"},"inLanguage":"pl-PL","potentialAction":[{"@type":"ReadAction","target":["https:\/\/antersystem.com\/pl\/realizacje\/bramki-lift-gate\/"]}]},{"@type":"BreadcrumbList","@id":"https:\/\/antersystem.com\/pl\/realizacje\/bramki-lift-gate\/#breadcrumb","itemListElement":[{"@type":"ListItem","position":1,"name":"AnterSystem","item":"https:\/\/antersystem.com\/pl\/"},{"@type":"ListItem","position":2,"name":"Realizacje","item":"https:\/\/antersystem.com\/pl\/realizacje\/"},{"@type":"ListItem","position":3,"name":"Safety LIFT GATEs"}]},{"@type":"WebSite","@id":"https:\/\/antersystem.com\/pl\/#website","url":"https:\/\/antersystem.com\/pl\/","name":"Anter System","description":"Jeste\u015bmy polskim producentem elastycznych barier ochronnych wykonywanych z polimerowych tworzyw sztucznych. Na rynku krajowym i zagranicznym dzia\u0142amy od ponad 15 lat dbaj\u0105c o zapewnienie bezpiecze\u0144stwa w zak\u0142adach produkcyjnych, magazynach oraz centrach logistycznych.","potentialAction":[{"@type":"SearchAction","target":{"@type":"EntryPoint","urlTemplate":"https:\/\/antersystem.com\/pl\/?s={search_term_string}"},"query-input":{"@type":"PropertyValueSpecification","valueRequired":true,"valueName":"search_term_string"}}],"inLanguage":"pl-PL"}]}},"_links":{"self":[{"href":"https:\/\/antersystem.com\/pl\/wp-json\/wp\/v2\/pages\/13018","targetHints":{"allow":["GET"]}}],"collection":[{"href":"https:\/\/antersystem.com\/pl\/wp-json\/wp\/v2\/pages"}],"about":[{"href":"https:\/\/antersystem.com\/pl\/wp-json\/wp\/v2\/types\/page"}],"author":[{"embeddable":true,"href":"https:\/\/antersystem.com\/pl\/wp-json\/wp\/v2\/users\/1"}],"replies":[{"embeddable":true,"href":"https:\/\/antersystem.com\/pl\/wp-json\/wp\/v2\/comments?post=13018"}],"version-history":[{"count":1,"href":"https:\/\/antersystem.com\/pl\/wp-json\/wp\/v2\/pages\/13018\/revisions"}],"predecessor-version":[{"id":13019,"href":"https:\/\/antersystem.com\/pl\/wp-json\/wp\/v2\/pages\/13018\/revisions\/13019"}],"up":[{"embeddable":true,"href":"https:\/\/antersystem.com\/pl\/wp-json\/wp\/v2\/pages\/12527"}],"wp:attachment":[{"href":"https:\/\/antersystem.com\/pl\/wp-json\/wp\/v2\/media?parent=13018"}],"curies":[{"name":"wp","href":"https:\/\/api.w.org\/{rel}","templated":true}]}}