{"id":13020,"date":"2023-12-11T12:55:28","date_gmt":"2023-12-11T11:55:28","guid":{"rendered":"https:\/\/new.antersystem.com\/realizacje\/bramka-bezpieczenstwa-sga\/"},"modified":"2026-01-30T01:31:15","modified_gmt":"2026-01-30T00:31:15","slug":"bramki-bezpieczenstwa-sga","status":"publish","type":"page","link":"https:\/\/antersystem.com\/pl\/realizacje\/bramki-bezpieczenstwa-sga\/","title":{"rendered":"Bramki bezpiecze\u0144stwa SGA"},"content":{"rendered":"\n<p><\/p>\n\n<div class=\"wp-block-columns is-layout-flex wp-container-core-columns-is-layout-9d6595d7 wp-block-columns-is-layout-flex\">\n  \n  <div class=\"wp-block-column is-layout-flow wp-block-column-is-layout-flow\" style=\"flex-basis:10%\"><\/div>\n  \n\n  \n  <div class=\"wp-block-column is-layout-flow wp-block-column-is-layout-flow\">\n    \n    <p>Nasze systemy montujemy w oparciu o potrzeby danej przestrzeni magazynowej. Zabezpieczamy tam, gdzie istnieje ryzyko kolizji z udzia\u0142em pojazd\u00f3w magazynowych, ale te\u017c udost\u0119pniamy przej\u015bcie tak, by komunikacja by\u0142a sprawna. Tak\u0105 realizacj\u0119 znajd\u0105 Pa\u0144stwo poni\u017cej. Po\u0142\u0105czenie elastycznych barier Pedestrian z <a href=\"https:\/\/antersystem.com\/produkty\/bramka-bezpieczenstwa-ze-znakiem-stop\/\"><strong>bramk\u0105 SGA ze znakiem ostrzegawczym STOP<\/strong><\/a>.<\/p>\n    \n\n    \n    <p>Klient z naszego rodzinnego miasta mia\u0142 do dyspozycji bariery i bramki stalowe, kt\u00f3re odrapuj\u0105 si\u0119 i niszcz\u0105 przy okazji uderzenia przez w\u00f3zek wid\u0142owy. Pod\u0142oga w miejscu, gdzie stosuje si\u0119 stalowe bariery te\u017c nie zachowuje swojej sp\u00f3jno\u015bci. I wybra\u0142 nas. Nie powiemy, cieszymy si\u0119 \u017ce mo\u017cemy wykazywa\u0107 si\u0119 w takich sytuacjach. <strong>Elastyczne bariery chroni\u0105<\/strong>, a przy tym s\u0105 inwestycj\u0105 w bud\u017cet przedsi\u0119biorstwa. Wok\u00f3\u0142 nich nie ma potrzeby wykonywania tylu zabieg\u00f3w, co w przypadku barier stalowych, np. przemalowywania. Pod\u0142oga w miejscu monta\u017cu te\u017c si\u0119 mniej niszczy, bo materia\u0142 z kt\u00f3rego jest wykonana <strong>bariera polimerowa \u201cpracuje\u201d na ca\u0142ej swojej powierzchni<\/strong>. Nie bez znaczenia jest te\u017c spos\u00f3b montowania do ziemi s\u0142up\u00f3w. Dzi\u0119kujemy za zaufanie i pozostajemy otwarci, gdyby komu\u015b z Pa\u0144stwa potrzebne by\u0142o <a href=\"https:\/\/antersystem.com\/co-zabezpieczamy\/\">fachowe doradztwo w kwestii zabezpiecze\u0144 i wyznaczania ci\u0105g\u00f3w komunikacyjnych<\/a>.<\/p>\n    \n\n    \n    ngg_shortcode_0_placeholder\n    \n  <\/div>\n  \n\n  \n  <div class=\"wp-block-column is-layout-flow wp-block-column-is-layout-flow\" style=\"flex-basis:10%\"><\/div>\n  \n<\/div>\n","protected":false},"excerpt":{"rendered":"<p>Nasze systemy montujemy w oparciu o potrzeby danej przestrzeni magazynowej. Zabezpieczamy tam, gdzie istnieje ryzyko kolizji z udzia\u0142em pojazd\u00f3w magazynowych, ale te\u017c udost\u0119pniamy przej\u015bcie tak, by komunikacja by\u0142a sprawna. Tak\u0105 realizacj\u0119 znajd\u0105 Pa\u0144stwo poni\u017cej. Po\u0142\u0105czenie elastycznych barier Pedestrian z bramk\u0105 SGA ze znakiem ostrzegawczym STOP. Klient z naszego rodzinnego miasta mia\u0142 do dyspozycji bariery i [&hellip;]<\/p>\n","protected":false},"author":1,"featured_media":0,"parent":12527,"menu_order":0,"comment_status":"closed","ping_status":"closed","template":"","meta":{"inline_featured_image":false,"ngg_post_thumbnail":0,"footnotes":""},"class_list":["post-13020","page","type-page","status-publish","hentry"],"acf":[],"yoast_head":"<!-- This site is optimized with the Yoast SEO plugin v27.0 - https:\/\/yoast.com\/product\/yoast-seo-wordpress\/ -->\n<title>Bramki bezpiecze\u0144stwa SGA - Anter System<\/title>\n<meta name=\"description\" content=\"Nasze systemy montujemy w oparciu o potrzeby danej przestrzeni magazynowej. Zabezpieczamy tam, gdzie istnieje ryzyko kolizji z udzia\u0142em pojazd\u00f3w\" \/>\n<meta name=\"robots\" content=\"index, follow, max-snippet:-1, max-image-preview:large, max-video-preview:-1\" \/>\n<link rel=\"canonical\" href=\"https:\/\/antersystem.com\/pl\/realizacje\/bramki-bezpieczenstwa-sga\/\" \/>\n<meta property=\"og:locale\" content=\"pl_PL\" \/>\n<meta property=\"og:type\" content=\"article\" \/>\n<meta property=\"og:title\" content=\"Bramki bezpiecze\u0144stwa SGA - Anter System\" \/>\n<meta property=\"og:description\" content=\"Nasze systemy montujemy w oparciu o potrzeby danej przestrzeni magazynowej. Zabezpieczamy tam, gdzie istnieje ryzyko kolizji z udzia\u0142em pojazd\u00f3w\" \/>\n<meta property=\"og:url\" content=\"https:\/\/antersystem.com\/pl\/realizacje\/bramki-bezpieczenstwa-sga\/\" \/>\n<meta property=\"og:site_name\" content=\"Anter System\" \/>\n<meta property=\"article:modified_time\" content=\"2026-01-30T00:31:15+00:00\" \/>\n<meta name=\"twitter:card\" content=\"summary_large_image\" \/>\n<meta name=\"twitter:label1\" content=\"Szacowany czas czytania\" \/>\n\t<meta name=\"twitter:data1\" content=\"1 minuta\" \/>\n<script type=\"application\/ld+json\" class=\"yoast-schema-graph\">{\"@context\":\"https:\/\/schema.org\",\"@graph\":[{\"@type\":\"WebPage\",\"@id\":\"https:\/\/antersystem.com\/pl\/realizacje\/bramki-bezpieczenstwa-sga\/\",\"url\":\"https:\/\/antersystem.com\/pl\/realizacje\/bramki-bezpieczenstwa-sga\/\",\"name\":\"Bramki bezpiecze\u0144stwa SGA - Anter System\",\"isPartOf\":{\"@id\":\"https:\/\/antersystem.com\/pl\/#website\"},\"datePublished\":\"2023-12-11T11:55:28+00:00\",\"dateModified\":\"2026-01-30T00:31:15+00:00\",\"description\":\"Nasze systemy montujemy w oparciu o potrzeby danej przestrzeni magazynowej. Zabezpieczamy tam, gdzie istnieje ryzyko kolizji z udzia\u0142em pojazd\u00f3w\",\"breadcrumb\":{\"@id\":\"https:\/\/antersystem.com\/pl\/realizacje\/bramki-bezpieczenstwa-sga\/#breadcrumb\"},\"inLanguage\":\"pl-PL\",\"potentialAction\":[{\"@type\":\"ReadAction\",\"target\":[\"https:\/\/antersystem.com\/pl\/realizacje\/bramki-bezpieczenstwa-sga\/\"]}]},{\"@type\":\"BreadcrumbList\",\"@id\":\"https:\/\/antersystem.com\/pl\/realizacje\/bramki-bezpieczenstwa-sga\/#breadcrumb\",\"itemListElement\":[{\"@type\":\"ListItem\",\"position\":1,\"name\":\"AnterSystem\",\"item\":\"https:\/\/antersystem.com\/pl\/\"},{\"@type\":\"ListItem\",\"position\":2,\"name\":\"Realizacje\",\"item\":\"https:\/\/antersystem.com\/pl\/realizacje\/\"},{\"@type\":\"ListItem\",\"position\":3,\"name\":\"Bramki bezpiecze\u0144stwa SGA\"}]},{\"@type\":\"WebSite\",\"@id\":\"https:\/\/antersystem.com\/pl\/#website\",\"url\":\"https:\/\/antersystem.com\/pl\/\",\"name\":\"Anter System\",\"description\":\"Jeste\u015bmy polskim producentem elastycznych barier ochronnych wykonywanych z polimerowych tworzyw sztucznych. Na rynku krajowym i zagranicznym dzia\u0142amy od ponad 15 lat dbaj\u0105c o zapewnienie bezpiecze\u0144stwa w zak\u0142adach produkcyjnych, magazynach oraz centrach logistycznych.\",\"potentialAction\":[{\"@type\":\"SearchAction\",\"target\":{\"@type\":\"EntryPoint\",\"urlTemplate\":\"https:\/\/antersystem.com\/pl\/?s={search_term_string}\"},\"query-input\":{\"@type\":\"PropertyValueSpecification\",\"valueRequired\":true,\"valueName\":\"search_term_string\"}}],\"inLanguage\":\"pl-PL\"}]}<\/script>\n<!-- \/ Yoast SEO plugin. -->","yoast_head_json":{"title":"Bramki bezpiecze\u0144stwa SGA - Anter System","description":"Nasze systemy montujemy w oparciu o potrzeby danej przestrzeni magazynowej. Zabezpieczamy tam, gdzie istnieje ryzyko kolizji z udzia\u0142em pojazd\u00f3w","robots":{"index":"index","follow":"follow","max-snippet":"max-snippet:-1","max-image-preview":"max-image-preview:large","max-video-preview":"max-video-preview:-1"},"canonical":"https:\/\/antersystem.com\/pl\/realizacje\/bramki-bezpieczenstwa-sga\/","og_locale":"pl_PL","og_type":"article","og_title":"Bramki bezpiecze\u0144stwa SGA - Anter System","og_description":"Nasze systemy montujemy w oparciu o potrzeby danej przestrzeni magazynowej. Zabezpieczamy tam, gdzie istnieje ryzyko kolizji z udzia\u0142em pojazd\u00f3w","og_url":"https:\/\/antersystem.com\/pl\/realizacje\/bramki-bezpieczenstwa-sga\/","og_site_name":"Anter System","article_modified_time":"2026-01-30T00:31:15+00:00","twitter_card":"summary_large_image","twitter_misc":{"Szacowany czas czytania":"1 minuta"},"schema":{"@context":"https:\/\/schema.org","@graph":[{"@type":"WebPage","@id":"https:\/\/antersystem.com\/pl\/realizacje\/bramki-bezpieczenstwa-sga\/","url":"https:\/\/antersystem.com\/pl\/realizacje\/bramki-bezpieczenstwa-sga\/","name":"Bramki bezpiecze\u0144stwa SGA - Anter System","isPartOf":{"@id":"https:\/\/antersystem.com\/pl\/#website"},"datePublished":"2023-12-11T11:55:28+00:00","dateModified":"2026-01-30T00:31:15+00:00","description":"Nasze systemy montujemy w oparciu o potrzeby danej przestrzeni magazynowej. Zabezpieczamy tam, gdzie istnieje ryzyko kolizji z udzia\u0142em pojazd\u00f3w","breadcrumb":{"@id":"https:\/\/antersystem.com\/pl\/realizacje\/bramki-bezpieczenstwa-sga\/#breadcrumb"},"inLanguage":"pl-PL","potentialAction":[{"@type":"ReadAction","target":["https:\/\/antersystem.com\/pl\/realizacje\/bramki-bezpieczenstwa-sga\/"]}]},{"@type":"BreadcrumbList","@id":"https:\/\/antersystem.com\/pl\/realizacje\/bramki-bezpieczenstwa-sga\/#breadcrumb","itemListElement":[{"@type":"ListItem","position":1,"name":"AnterSystem","item":"https:\/\/antersystem.com\/pl\/"},{"@type":"ListItem","position":2,"name":"Realizacje","item":"https:\/\/antersystem.com\/pl\/realizacje\/"},{"@type":"ListItem","position":3,"name":"Bramki bezpiecze\u0144stwa SGA"}]},{"@type":"WebSite","@id":"https:\/\/antersystem.com\/pl\/#website","url":"https:\/\/antersystem.com\/pl\/","name":"Anter System","description":"Jeste\u015bmy polskim producentem elastycznych barier ochronnych wykonywanych z polimerowych tworzyw sztucznych. Na rynku krajowym i zagranicznym dzia\u0142amy od ponad 15 lat dbaj\u0105c o zapewnienie bezpiecze\u0144stwa w zak\u0142adach produkcyjnych, magazynach oraz centrach logistycznych.","potentialAction":[{"@type":"SearchAction","target":{"@type":"EntryPoint","urlTemplate":"https:\/\/antersystem.com\/pl\/?s={search_term_string}"},"query-input":{"@type":"PropertyValueSpecification","valueRequired":true,"valueName":"search_term_string"}}],"inLanguage":"pl-PL"}]}},"_links":{"self":[{"href":"https:\/\/antersystem.com\/pl\/wp-json\/wp\/v2\/pages\/13020","targetHints":{"allow":["GET"]}}],"collection":[{"href":"https:\/\/antersystem.com\/pl\/wp-json\/wp\/v2\/pages"}],"about":[{"href":"https:\/\/antersystem.com\/pl\/wp-json\/wp\/v2\/types\/page"}],"author":[{"embeddable":true,"href":"https:\/\/antersystem.com\/pl\/wp-json\/wp\/v2\/users\/1"}],"replies":[{"embeddable":true,"href":"https:\/\/antersystem.com\/pl\/wp-json\/wp\/v2\/comments?post=13020"}],"version-history":[{"count":3,"href":"https:\/\/antersystem.com\/pl\/wp-json\/wp\/v2\/pages\/13020\/revisions"}],"predecessor-version":[{"id":13023,"href":"https:\/\/antersystem.com\/pl\/wp-json\/wp\/v2\/pages\/13020\/revisions\/13023"}],"up":[{"embeddable":true,"href":"https:\/\/antersystem.com\/pl\/wp-json\/wp\/v2\/pages\/12527"}],"wp:attachment":[{"href":"https:\/\/antersystem.com\/pl\/wp-json\/wp\/v2\/media?parent=13020"}],"curies":[{"name":"wp","href":"https:\/\/api.w.org\/{rel}","templated":true}]}}