{"id":13097,"date":"2025-01-28T13:58:17","date_gmt":"2025-01-28T12:58:17","guid":{"rendered":"https:\/\/new.antersystem.com\/realizacje\/pedestrian-lt-dla-ochrony-ludzi-i-maszyn\/"},"modified":"2026-01-30T01:22:09","modified_gmt":"2026-01-30T00:22:09","slug":"pedestrian-lt-dla-ochrony-ludzi-i-maszyn","status":"publish","type":"page","link":"https:\/\/antersystem.com\/pl\/realizacje\/pedestrian-lt-dla-ochrony-ludzi-i-maszyn\/","title":{"rendered":"Pedestrian LT dla ochrony ludzi i maszyn"},"content":{"rendered":"\n<div class=\"wp-block-columns is-layout-flex wp-container-core-columns-is-layout-9d6595d7 wp-block-columns-is-layout-flex\">\n<div class=\"wp-block-column is-layout-flow wp-block-column-is-layout-flow\" style=\"flex-basis:10%\"><\/div>\n\n\n\n<div class=\"wp-block-column is-layout-flow wp-block-column-is-layout-flow\">\n<h2 class=\"wp-block-heading\">Bariery Pedestrian LT dla ochrony ludzi i maszyn w hali o du\u017cym nat\u0119\u017ceniu ruchu<\/h2>\n\n\n\n<p>Bezpiecze\u0144stwo ludzi i maszyn w przestrzeni magazynowej o du\u017cym nat\u0119\u017ceniu ruchu to wyzwanie, kt\u00f3re wymaga kompleksowego podej\u015bcia. Hala magazynowa, kt\u00f3ra potrzebowa\u0142a zabezpieczenia elementami systemu elastycznych barier ochronnych Anter System by\u0142a <strong>miejscem pracy ludzi, operator\u00f3w w\u00f3zk\u00f3w wid\u0142owych<\/strong>, a cz\u0119\u015b\u0107 przestrzeni zajmowa\u0142y tak\u017ce urz\u0105dzenia nale\u017c\u0105ce do automatycznych system\u00f3w logistycznych. Priorytetem by\u0142o zatem oddzielenie pieszych od maszyn. Konieczno\u015bci\u0105 by\u0142o tak\u017ce <strong>zabezpieczenie kluczowych element\u00f3w infrastruktury budynku<\/strong>, takich jak kolumny czy doki za\u0142adunkowe, przed skutkami ewentualnych uderze\u0144 w\u00f3zk\u00f3w wid\u0142owych.<\/p>\n\n\n\n<h3 class=\"wp-block-heading\">Realizacja<\/h3>\n\n\n\n<p>Praca nad projektem zacz\u0119\u0142a si\u0119 od dok\u0142adnego poznania potrzeb klienta i specyfiki dynamicznego \u015brodowiska hali. Dzi\u0119ki analizie ruchu na hali mo\u017cliwe by\u0142o wdro\u017cenie rozwi\u0105za\u0144, kt\u00f3re \u0142\u0105cz\u0105 skuteczno\u015b\u0107 ochrony z funkcjonalno\u015bci\u0105 w przestrzeni, gdzie kluczowe s\u0105 p\u0142ynno\u015b\u0107 pracy i bezpiecze\u0144stwo.<\/p>\n\n\n\n<p>Aby skutecznie <strong>oddzieli\u0107 ludzi od maszyn<\/strong>, zastosowane zosta\u0142y <a href=\"https:\/\/antersystem.com\/produkty\/elastyczna-bariera-pedestrian-r3-lt\/\">ci\u0105gi barier Pedestrian R2 LT<\/a>, kt\u00f3re s\u0105 wyposa\u017cone w doln\u0105, wzmocnion\u0105 barier\u0119. W ten spos\u00f3b dodatkowo chroni\u0105 maszyny przed ewentualnymi uszkodzeniami spowodowanymi nisko opuszczonymi wid\u0142ami pojazd\u00f3w. W innych miejscach o gdzie zagro\u017cenie kolizj\u0105 jest wi\u0119ksze urz\u0105dzenia chroni\u0105 ci\u0105gi barier <a href=\"https:\/\/antersystem.com\/produkty\/elastyczna-bariera-db-hd\/\">DB HD+<\/a>.<\/p>\n\n\n\n<p><strong>Dla ochrony s\u0142up\u00f3w konstrukcyjnych<\/strong> wybrano <a href=\"https:\/\/antersystem.com\/produkty\/elastyczna-ochrona-kolumn-ral4\/\">elastyczne os\u0142ony RAL4<\/a>, kt\u00f3re absorbuj\u0105 energi\u0119 uderze\u0144, minimalizuj\u0105c ryzyko powa\u017cnych uszkodze\u0144 filar\u00f3w. Natomiast bramy na rampach za\u0142adunkowych zabezpieczono <a href=\"https:\/\/antersystem.com\/kategorie-produktow\/slupki-ochronne\/\">s\u0142upkami PA<\/a>. S\u0142upki stanowi\u0105 skuteczn\u0105 ochron\u0119 przed kolizjami w obszarach, gdzie konieczne jest manewrowanie w\u00f3zkiem wid\u0142owym w ograniczonej przestrzeni. Uzupe\u0142nieniem systemu zabezpiecze\u0144 sta\u0142y si\u0119 <a href=\"https:\/\/antersystem.com\/produkty\/corner-bumper\/\">odbojnice Corner Bumper<\/a> chroni\u0105ce \u015bciany w najbardziej nara\u017conych na uszkodzenie miejscach.<\/p>\n\n\n\n<h3 class=\"wp-block-heading\">Wyniki<\/h3>\n\n\n\n<p>Zastosowanie <strong>elastycznych barier ochronnych Anter System<\/strong> przynios\u0142o szereg korzy\u015bci. Materia\u0142y polimerowe, z kt\u00f3rych s\u0105 wykonane, charakteryzuj\u0105 si\u0119 wyj\u0105tkow\u0105 zdolno\u015bci\u0105 absorbowania si\u0142y uderze\u0144, co zmniejsza ryzyko kosztownych napraw sprz\u0119tu i infrastruktury w przypadku kolizji. <strong>Modu\u0142owa konstrukcja systemu barier<\/strong> umo\u017cliwia ich \u0142atwy monta\u017c i demonta\u017c a tym samym dostosowanie do zmieniaj\u0105cych si\u0119 potrzeb. W efekcie, zastosowane rozwi\u0105zania zwi\u0119kszy\u0142y bezpiecze\u0144stwo zar\u00f3wno ludzi, jak i maszyn, minimalizuj\u0105c ryzyko przestoj\u00f3w w pracy.<\/p>\n\n\n\n<h3 class=\"wp-block-heading\">Podsumowanie<\/h3>\n\n\n\n<p>Dzi\u0119ki wdro\u017conym rozwi\u0105zaniom Anter System znacz\u0105co <strong>poprawiono bezpiecze\u0144stwo pracy oraz organizacj\u0119 przestrzeni<\/strong> w hali, w kt\u00f3rej wsp\u00f3\u0142istniej\u0105 piesi pracownicy, pojazdy oraz systemy automatyzacji proces\u00f3w logistycznych. Nowoczesna konstrukcja i mocowanie zabezpiecze\u0144 z\u0142o\u017conych z elastycznych barier ochronnych Anter System nie tylko skutecznie chroni\u0105, ale tak\u017ce przyczyniaj\u0105 si\u0119 do optymalizacji pracy w dynamicznie zmieniaj\u0105cych si\u0119 obecnie \u015brodowiskach przemys\u0142owych.<\/p>\n<\/div>\n\n\n\n<div class=\"wp-block-column is-layout-flow wp-block-column-is-layout-flow\" style=\"flex-basis:10%\"><\/div>\n<\/div>\n\nngg_shortcode_0_placeholder\n","protected":false},"excerpt":{"rendered":"<p>Bariery Pedestrian LT dla ochrony ludzi i maszyn w hali o du\u017cym nat\u0119\u017ceniu ruchu Bezpiecze\u0144stwo ludzi i maszyn w przestrzeni magazynowej o du\u017cym nat\u0119\u017ceniu ruchu to wyzwanie, kt\u00f3re wymaga kompleksowego podej\u015bcia. Hala magazynowa, kt\u00f3ra potrzebowa\u0142a zabezpieczenia elementami systemu elastycznych barier ochronnych Anter System by\u0142a miejscem pracy ludzi, operator\u00f3w w\u00f3zk\u00f3w wid\u0142owych, a cz\u0119\u015b\u0107 przestrzeni zajmowa\u0142y tak\u017ce [&hellip;]<\/p>\n","protected":false},"author":1,"featured_media":0,"parent":12527,"menu_order":0,"comment_status":"closed","ping_status":"closed","template":"","meta":{"inline_featured_image":false,"ngg_post_thumbnail":0,"footnotes":""},"class_list":["post-13097","page","type-page","status-publish","hentry"],"acf":[],"yoast_head":"<!-- This site is optimized with the Yoast SEO plugin v27.0 - https:\/\/yoast.com\/product\/yoast-seo-wordpress\/ -->\n<title>Pedestrian LT dla ochrony ludzi i maszyn - Anter System<\/title>\n<meta name=\"description\" content=\"Bariery Pedestrian LT dla ochrony ludzi i maszyn w hali o du\u017cym nat\u0119\u017ceniu ruchu Bezpiecze\u0144stwo ludzi i maszyn w przestrzeni magazynowej o du\u017cym nat\u0119\u017ceniu\" \/>\n<meta name=\"robots\" content=\"index, follow, max-snippet:-1, max-image-preview:large, max-video-preview:-1\" \/>\n<link rel=\"canonical\" href=\"https:\/\/antersystem.com\/pl\/realizacje\/pedestrian-lt-dla-ochrony-ludzi-i-maszyn\/\" \/>\n<meta property=\"og:locale\" content=\"pl_PL\" \/>\n<meta property=\"og:type\" content=\"article\" \/>\n<meta property=\"og:title\" content=\"Pedestrian LT dla ochrony ludzi i maszyn - Anter System\" \/>\n<meta property=\"og:description\" content=\"Bariery Pedestrian LT dla ochrony ludzi i maszyn w hali o du\u017cym nat\u0119\u017ceniu ruchu Bezpiecze\u0144stwo ludzi i maszyn w przestrzeni magazynowej o du\u017cym nat\u0119\u017ceniu\" \/>\n<meta property=\"og:url\" content=\"https:\/\/antersystem.com\/pl\/realizacje\/pedestrian-lt-dla-ochrony-ludzi-i-maszyn\/\" \/>\n<meta property=\"og:site_name\" content=\"Anter System\" \/>\n<meta property=\"article:modified_time\" content=\"2026-01-30T00:22:09+00:00\" \/>\n<meta name=\"twitter:card\" content=\"summary_large_image\" \/>\n<meta name=\"twitter:label1\" content=\"Szacowany czas czytania\" \/>\n\t<meta name=\"twitter:data1\" content=\"2 minuty\" \/>\n<script type=\"application\/ld+json\" class=\"yoast-schema-graph\">{\"@context\":\"https:\/\/schema.org\",\"@graph\":[{\"@type\":\"WebPage\",\"@id\":\"https:\/\/antersystem.com\/pl\/realizacje\/pedestrian-lt-dla-ochrony-ludzi-i-maszyn\/\",\"url\":\"https:\/\/antersystem.com\/pl\/realizacje\/pedestrian-lt-dla-ochrony-ludzi-i-maszyn\/\",\"name\":\"Pedestrian LT dla ochrony ludzi i maszyn - Anter System\",\"isPartOf\":{\"@id\":\"https:\/\/antersystem.com\/pl\/#website\"},\"datePublished\":\"2025-01-28T12:58:17+00:00\",\"dateModified\":\"2026-01-30T00:22:09+00:00\",\"description\":\"Bariery Pedestrian LT dla ochrony ludzi i maszyn w hali o du\u017cym nat\u0119\u017ceniu ruchu Bezpiecze\u0144stwo ludzi i maszyn w przestrzeni magazynowej o du\u017cym nat\u0119\u017ceniu\",\"breadcrumb\":{\"@id\":\"https:\/\/antersystem.com\/pl\/realizacje\/pedestrian-lt-dla-ochrony-ludzi-i-maszyn\/#breadcrumb\"},\"inLanguage\":\"pl-PL\",\"potentialAction\":[{\"@type\":\"ReadAction\",\"target\":[\"https:\/\/antersystem.com\/pl\/realizacje\/pedestrian-lt-dla-ochrony-ludzi-i-maszyn\/\"]}]},{\"@type\":\"BreadcrumbList\",\"@id\":\"https:\/\/antersystem.com\/pl\/realizacje\/pedestrian-lt-dla-ochrony-ludzi-i-maszyn\/#breadcrumb\",\"itemListElement\":[{\"@type\":\"ListItem\",\"position\":1,\"name\":\"AnterSystem\",\"item\":\"https:\/\/antersystem.com\/pl\/\"},{\"@type\":\"ListItem\",\"position\":2,\"name\":\"Realizacje\",\"item\":\"https:\/\/antersystem.com\/pl\/realizacje\/\"},{\"@type\":\"ListItem\",\"position\":3,\"name\":\"Pedestrian LT dla ochrony ludzi i maszyn\"}]},{\"@type\":\"WebSite\",\"@id\":\"https:\/\/antersystem.com\/pl\/#website\",\"url\":\"https:\/\/antersystem.com\/pl\/\",\"name\":\"Anter System\",\"description\":\"Jeste\u015bmy polskim producentem elastycznych barier ochronnych wykonywanych z polimerowych tworzyw sztucznych. Na rynku krajowym i zagranicznym dzia\u0142amy od ponad 15 lat dbaj\u0105c o zapewnienie bezpiecze\u0144stwa w zak\u0142adach produkcyjnych, magazynach oraz centrach logistycznych.\",\"potentialAction\":[{\"@type\":\"SearchAction\",\"target\":{\"@type\":\"EntryPoint\",\"urlTemplate\":\"https:\/\/antersystem.com\/pl\/?s={search_term_string}\"},\"query-input\":{\"@type\":\"PropertyValueSpecification\",\"valueRequired\":true,\"valueName\":\"search_term_string\"}}],\"inLanguage\":\"pl-PL\"}]}<\/script>\n<!-- \/ Yoast SEO plugin. -->","yoast_head_json":{"title":"Pedestrian LT dla ochrony ludzi i maszyn - Anter System","description":"Bariery Pedestrian LT dla ochrony ludzi i maszyn w hali o du\u017cym nat\u0119\u017ceniu ruchu Bezpiecze\u0144stwo ludzi i maszyn w przestrzeni magazynowej o du\u017cym nat\u0119\u017ceniu","robots":{"index":"index","follow":"follow","max-snippet":"max-snippet:-1","max-image-preview":"max-image-preview:large","max-video-preview":"max-video-preview:-1"},"canonical":"https:\/\/antersystem.com\/pl\/realizacje\/pedestrian-lt-dla-ochrony-ludzi-i-maszyn\/","og_locale":"pl_PL","og_type":"article","og_title":"Pedestrian LT dla ochrony ludzi i maszyn - Anter System","og_description":"Bariery Pedestrian LT dla ochrony ludzi i maszyn w hali o du\u017cym nat\u0119\u017ceniu ruchu Bezpiecze\u0144stwo ludzi i maszyn w przestrzeni magazynowej o du\u017cym nat\u0119\u017ceniu","og_url":"https:\/\/antersystem.com\/pl\/realizacje\/pedestrian-lt-dla-ochrony-ludzi-i-maszyn\/","og_site_name":"Anter System","article_modified_time":"2026-01-30T00:22:09+00:00","twitter_card":"summary_large_image","twitter_misc":{"Szacowany czas czytania":"2 minuty"},"schema":{"@context":"https:\/\/schema.org","@graph":[{"@type":"WebPage","@id":"https:\/\/antersystem.com\/pl\/realizacje\/pedestrian-lt-dla-ochrony-ludzi-i-maszyn\/","url":"https:\/\/antersystem.com\/pl\/realizacje\/pedestrian-lt-dla-ochrony-ludzi-i-maszyn\/","name":"Pedestrian LT dla ochrony ludzi i maszyn - Anter System","isPartOf":{"@id":"https:\/\/antersystem.com\/pl\/#website"},"datePublished":"2025-01-28T12:58:17+00:00","dateModified":"2026-01-30T00:22:09+00:00","description":"Bariery Pedestrian LT dla ochrony ludzi i maszyn w hali o du\u017cym nat\u0119\u017ceniu ruchu Bezpiecze\u0144stwo ludzi i maszyn w przestrzeni magazynowej o du\u017cym nat\u0119\u017ceniu","breadcrumb":{"@id":"https:\/\/antersystem.com\/pl\/realizacje\/pedestrian-lt-dla-ochrony-ludzi-i-maszyn\/#breadcrumb"},"inLanguage":"pl-PL","potentialAction":[{"@type":"ReadAction","target":["https:\/\/antersystem.com\/pl\/realizacje\/pedestrian-lt-dla-ochrony-ludzi-i-maszyn\/"]}]},{"@type":"BreadcrumbList","@id":"https:\/\/antersystem.com\/pl\/realizacje\/pedestrian-lt-dla-ochrony-ludzi-i-maszyn\/#breadcrumb","itemListElement":[{"@type":"ListItem","position":1,"name":"AnterSystem","item":"https:\/\/antersystem.com\/pl\/"},{"@type":"ListItem","position":2,"name":"Realizacje","item":"https:\/\/antersystem.com\/pl\/realizacje\/"},{"@type":"ListItem","position":3,"name":"Pedestrian LT dla ochrony ludzi i maszyn"}]},{"@type":"WebSite","@id":"https:\/\/antersystem.com\/pl\/#website","url":"https:\/\/antersystem.com\/pl\/","name":"Anter System","description":"Jeste\u015bmy polskim producentem elastycznych barier ochronnych wykonywanych z polimerowych tworzyw sztucznych. Na rynku krajowym i zagranicznym dzia\u0142amy od ponad 15 lat dbaj\u0105c o zapewnienie bezpiecze\u0144stwa w zak\u0142adach produkcyjnych, magazynach oraz centrach logistycznych.","potentialAction":[{"@type":"SearchAction","target":{"@type":"EntryPoint","urlTemplate":"https:\/\/antersystem.com\/pl\/?s={search_term_string}"},"query-input":{"@type":"PropertyValueSpecification","valueRequired":true,"valueName":"search_term_string"}}],"inLanguage":"pl-PL"}]}},"_links":{"self":[{"href":"https:\/\/antersystem.com\/pl\/wp-json\/wp\/v2\/pages\/13097","targetHints":{"allow":["GET"]}}],"collection":[{"href":"https:\/\/antersystem.com\/pl\/wp-json\/wp\/v2\/pages"}],"about":[{"href":"https:\/\/antersystem.com\/pl\/wp-json\/wp\/v2\/types\/page"}],"author":[{"embeddable":true,"href":"https:\/\/antersystem.com\/pl\/wp-json\/wp\/v2\/users\/1"}],"replies":[{"embeddable":true,"href":"https:\/\/antersystem.com\/pl\/wp-json\/wp\/v2\/comments?post=13097"}],"version-history":[{"count":1,"href":"https:\/\/antersystem.com\/pl\/wp-json\/wp\/v2\/pages\/13097\/revisions"}],"predecessor-version":[{"id":13098,"href":"https:\/\/antersystem.com\/pl\/wp-json\/wp\/v2\/pages\/13097\/revisions\/13098"}],"up":[{"embeddable":true,"href":"https:\/\/antersystem.com\/pl\/wp-json\/wp\/v2\/pages\/12527"}],"wp:attachment":[{"href":"https:\/\/antersystem.com\/pl\/wp-json\/wp\/v2\/media?parent=13097"}],"curies":[{"name":"wp","href":"https:\/\/api.w.org\/{rel}","templated":true}]}}