{"id":13100,"date":"2025-01-28T14:41:10","date_gmt":"2025-01-28T13:41:10","guid":{"rendered":"https:\/\/new.antersystem.com\/realizacje\/wall-protector-hd-halach-z-obszarami-wysokiego-skladowania\/"},"modified":"2026-01-30T01:22:13","modified_gmt":"2026-01-30T00:22:13","slug":"wall-protector-hd-halach-z-obszarami-wysokiego-skladowania","status":"publish","type":"page","link":"https:\/\/antersystem.com\/pl\/realizacje\/wall-protector-hd-halach-z-obszarami-wysokiego-skladowania\/","title":{"rendered":"Wall Protector HD+w halach z obszarami wysokiego sk\u0142adowania"},"content":{"rendered":"\n<div class=\"wp-block-columns is-layout-flex wp-container-core-columns-is-layout-9d6595d7 wp-block-columns-is-layout-flex\">\n<div class=\"wp-block-column is-layout-flow wp-block-column-is-layout-flow\" style=\"flex-basis:10%\"><\/div>\n\n\n\n<div class=\"wp-block-column is-layout-flow wp-block-column-is-layout-flow\">\n<h2 class=\"wp-block-heading\">Wall Protector HD+ z barierami GB HD+ dla bezpiecze\u0144stwa w halach z obszarami wysokiego sk\u0142adowania<\/h2>\n\n\n\n<p>W dynamicznie funkcjonuj\u0105cej hali przemys\u0142owej, gdzie wsp\u00f3\u0142istniej\u0105 <strong>ludzie, maszyny, roboty oraz obszary wysokiego sk\u0142adowania<\/strong>, konieczne by\u0142o zapewnienie bezpiecze\u0144stwa pracy i efektywnej organizacji przestrzeni. Kluczowym celem by\u0142o oddzielenie ludzi i maszyn od stref sk\u0142adowania. Dodatkowo wyznaczenie wyra\u017anych dr\u00f3g transportowych oraz ochrona infrastruktury przed potencjalnymi uszkodzeniami wynikaj\u0105cymi z intensywnego ruchu i charakteru pracy w tym \u015brodowisku.<\/p>\n\n\n\n<h3 class=\"wp-block-heading\">Realizacja<\/h3>\n\n\n\n<p>Proces wdro\u017cenia rozpocz\u0105\u0142 si\u0119 od wnikliwej analizy potrzeb i potencjalnych zagro\u017ce\u0144 zwi\u0105zanych z u\u017cytkowaniem hali. Na tej podstawie zaproponowano wdro\u017cenie zabezpiecze\u0144 z\u0142o\u017conych z<a href=\"https:\/\/antersystem.com\/produkty\/ciag-elastycznych-barier-wall-protector-hd-m16-z-barierami-gb-hd\/\"> ci\u0105gu elastycznych barier Wall Protector HD+ w po\u0142\u0105czeniu z barierami GB HD+<\/a>.<\/p>\n\n\n\n<p>Wall Protectory zosta\u0142y <strong>strategicznie rozmieszczone<\/strong>, by chroni\u0107 obszary wysokiego sk\u0142adowania przed osuni\u0119ciem przechowywanych towar\u00f3w oraz zabezpieczy\u0107 strefy produkcyjne, w kt\u00f3rych pracuj\u0105 maszyny i roboty przemys\u0142owe. Zastosowanie dolnych, wzmocnionych <a href=\"https:\/\/antersystem.com\/produkty\/elastyczna-bariera-gb-hd\/\">barier ochronnych GB HD+<\/a> umo\u017cliwi\u0142o skuteczn\u0105 ochron\u0119 s\u0105siednich obszar\u00f3w przed nisko opuszczonymi wid\u0142ami w\u00f3zk\u00f3w wid\u0142owych oferuj\u0105cych w strefie.<\/p>\n\n\n\n<p>Wall Protectory pos\u0142u\u017cy\u0142y te\u017c <strong>do ochrony i wydzielenia stref stricte produkcyjnych<\/strong> wyposa\u017conych w roboty, maszyny i inne nowoczesne systemy wspomagaj\u0105ce produkcje i logistyk\u0119. Rozwi\u0105zania te nie tylko zabezpieczy\u0142y kluczowe elementy hali. Pomog\u0142y tak\u017ce w wyznaczeniu czytelnych dr\u00f3g transportowych pomi\u0119dzy strefami roboczymi.<\/p>\n\n\n\n<p>Uzupe\u0142nieniem realizacji by\u0142o zastosowanie <a href=\"https:\/\/antersystem.com\/produkty\/bramka-bezpieczenstwa-sga-ze-znakiem-stop-i-oswietleniem-ostrzegawczym\/\">bramek bezpiecze\u0144stwa SGA<\/a> ze znakiem stop oraz sygna\u0142ami \u015bwietlnymi w ci\u0105gach barier Traffic R3. Reguluj\u0105 one ruch pieszych w newralgicznych miejscach i minimalizuj\u0105 ryzyko wtargni\u0119cia na tras\u0119, kt\u00f3r\u0105 poruszaj\u0105 pojazdy.<\/p>\n\n\n\n<h3 class=\"wp-block-heading\">Wyniki<\/h3>\n\n\n\n<p>Zastosowanie elastycznych barier ochronnych Wall Protector HD+ z barierami GB HD+ przynios\u0142o liczne korzy\u015bci. Dzi\u0119ki wdro\u017conym rozwi\u0105zaniom, obszary wysokiego sk\u0142adowania <strong>zosta\u0142y skutecznie oddzielone od stref transportowych i produkcyjnych<\/strong>, co znacz\u0105co zwi\u0119kszy\u0142o bezpiecze\u0144stwo pracy. Wyra\u017anie wyznaczone drogi transportowe poprawi\u0142y p\u0142ynno\u015b\u0107 i efektywno\u015b\u0107 proces\u00f3w logistycznych, co zminimalizowa\u0142o ryzyko kolizji i przestoj\u00f3w. Modu\u0142owa konstrukcja systemu u\u0142atwi\u0142a znacz\u0105co realizacj\u0119 zadania zgodnie z potrzebami klienta i zapewnienie odpowiedniej ochrony we wskazanych obszarach.<\/p>\n\n\n\n<h3 class=\"wp-block-heading\">Podsumowanie<\/h3>\n\n\n\n<p>Wdro\u017cenie systemu ochronnego Wall Protector HD+ z barierami GB HD+ w hali ze zautomatyzowanymi strefami produkcyjnymi oraz obszarami wysokiego sk\u0142adowania <strong>znacz\u0105co poprawi\u0142o bezpiecze\u0144stwo pracy oraz organizacj\u0119 przestrzeni<\/strong>. Dzi\u0119ki zastosowanym rozwi\u0105zaniom mo\u017cliwe by\u0142o skuteczne zabezpieczenie poszczeg\u00f3lnych cz\u0119\u015bci hali, poprawa organizacji ruchu w dynamicznej przestrzeni przemys\u0142owej oraz zapewnienie bezpiecze\u0144stwa pracownikom w miejscach najbardziej zagro\u017conych wypadkiem.<\/p>\n<\/div>\n\n\n\n<div class=\"wp-block-column is-layout-flow wp-block-column-is-layout-flow\" style=\"flex-basis:10%\"><\/div>\n<\/div>\n\nngg_shortcode_0_placeholder\n","protected":false},"excerpt":{"rendered":"<p>Wall Protector HD+ z barierami GB HD+ dla bezpiecze\u0144stwa w halach z obszarami wysokiego sk\u0142adowania W dynamicznie funkcjonuj\u0105cej hali przemys\u0142owej, gdzie wsp\u00f3\u0142istniej\u0105 ludzie, maszyny, roboty oraz obszary wysokiego sk\u0142adowania, konieczne by\u0142o zapewnienie bezpiecze\u0144stwa pracy i efektywnej organizacji przestrzeni. Kluczowym celem by\u0142o oddzielenie ludzi i maszyn od stref sk\u0142adowania. Dodatkowo wyznaczenie wyra\u017anych dr\u00f3g transportowych oraz ochrona [&hellip;]<\/p>\n","protected":false},"author":1,"featured_media":0,"parent":12527,"menu_order":0,"comment_status":"closed","ping_status":"closed","template":"","meta":{"inline_featured_image":false,"ngg_post_thumbnail":0,"footnotes":""},"class_list":["post-13100","page","type-page","status-publish","hentry"],"acf":[],"yoast_head":"<!-- This site is optimized with the Yoast SEO plugin v27.0 - https:\/\/yoast.com\/product\/yoast-seo-wordpress\/ -->\n<title>Wall Protector HD+w halach z obszarami wysokiego sk\u0142adowania - Anter System<\/title>\n<meta name=\"description\" content=\"Wall Protector HD+ z barierami GB HD+ dla bezpiecze\u0144stwa w halach z obszarami wysokiego sk\u0142adowania W dynamicznie funkcjonuj\u0105cej hali przemys\u0142owej, gdzie\" \/>\n<meta name=\"robots\" content=\"index, follow, max-snippet:-1, max-image-preview:large, max-video-preview:-1\" \/>\n<link rel=\"canonical\" href=\"https:\/\/antersystem.com\/pl\/realizacje\/wall-protector-hd-halach-z-obszarami-wysokiego-skladowania\/\" \/>\n<meta property=\"og:locale\" content=\"pl_PL\" \/>\n<meta property=\"og:type\" content=\"article\" \/>\n<meta property=\"og:title\" content=\"Wall Protector HD+w halach z obszarami wysokiego sk\u0142adowania - Anter System\" \/>\n<meta property=\"og:description\" content=\"Wall Protector HD+ z barierami GB HD+ dla bezpiecze\u0144stwa w halach z obszarami wysokiego sk\u0142adowania W dynamicznie funkcjonuj\u0105cej hali przemys\u0142owej, gdzie\" \/>\n<meta property=\"og:url\" content=\"https:\/\/antersystem.com\/pl\/realizacje\/wall-protector-hd-halach-z-obszarami-wysokiego-skladowania\/\" \/>\n<meta property=\"og:site_name\" content=\"Anter System\" \/>\n<meta property=\"article:modified_time\" content=\"2026-01-30T00:22:13+00:00\" \/>\n<meta name=\"twitter:card\" content=\"summary_large_image\" \/>\n<meta name=\"twitter:label1\" content=\"Szacowany czas czytania\" \/>\n\t<meta name=\"twitter:data1\" content=\"2 minuty\" \/>\n<script type=\"application\/ld+json\" class=\"yoast-schema-graph\">{\"@context\":\"https:\/\/schema.org\",\"@graph\":[{\"@type\":\"WebPage\",\"@id\":\"https:\/\/antersystem.com\/pl\/realizacje\/wall-protector-hd-halach-z-obszarami-wysokiego-skladowania\/\",\"url\":\"https:\/\/antersystem.com\/pl\/realizacje\/wall-protector-hd-halach-z-obszarami-wysokiego-skladowania\/\",\"name\":\"Wall Protector HD+w halach z obszarami wysokiego sk\u0142adowania - Anter System\",\"isPartOf\":{\"@id\":\"https:\/\/antersystem.com\/pl\/#website\"},\"datePublished\":\"2025-01-28T13:41:10+00:00\",\"dateModified\":\"2026-01-30T00:22:13+00:00\",\"description\":\"Wall Protector HD+ z barierami GB HD+ dla bezpiecze\u0144stwa w halach z obszarami wysokiego sk\u0142adowania W dynamicznie funkcjonuj\u0105cej hali przemys\u0142owej, gdzie\",\"breadcrumb\":{\"@id\":\"https:\/\/antersystem.com\/pl\/realizacje\/wall-protector-hd-halach-z-obszarami-wysokiego-skladowania\/#breadcrumb\"},\"inLanguage\":\"pl-PL\",\"potentialAction\":[{\"@type\":\"ReadAction\",\"target\":[\"https:\/\/antersystem.com\/pl\/realizacje\/wall-protector-hd-halach-z-obszarami-wysokiego-skladowania\/\"]}]},{\"@type\":\"BreadcrumbList\",\"@id\":\"https:\/\/antersystem.com\/pl\/realizacje\/wall-protector-hd-halach-z-obszarami-wysokiego-skladowania\/#breadcrumb\",\"itemListElement\":[{\"@type\":\"ListItem\",\"position\":1,\"name\":\"AnterSystem\",\"item\":\"https:\/\/antersystem.com\/pl\/\"},{\"@type\":\"ListItem\",\"position\":2,\"name\":\"Realizacje\",\"item\":\"https:\/\/antersystem.com\/pl\/realizacje\/\"},{\"@type\":\"ListItem\",\"position\":3,\"name\":\"Wall Protector HD+w halach z obszarami wysokiego sk\u0142adowania\"}]},{\"@type\":\"WebSite\",\"@id\":\"https:\/\/antersystem.com\/pl\/#website\",\"url\":\"https:\/\/antersystem.com\/pl\/\",\"name\":\"Anter System\",\"description\":\"Jeste\u015bmy polskim producentem elastycznych barier ochronnych wykonywanych z polimerowych tworzyw sztucznych. Na rynku krajowym i zagranicznym dzia\u0142amy od ponad 15 lat dbaj\u0105c o zapewnienie bezpiecze\u0144stwa w zak\u0142adach produkcyjnych, magazynach oraz centrach logistycznych.\",\"potentialAction\":[{\"@type\":\"SearchAction\",\"target\":{\"@type\":\"EntryPoint\",\"urlTemplate\":\"https:\/\/antersystem.com\/pl\/?s={search_term_string}\"},\"query-input\":{\"@type\":\"PropertyValueSpecification\",\"valueRequired\":true,\"valueName\":\"search_term_string\"}}],\"inLanguage\":\"pl-PL\"}]}<\/script>\n<!-- \/ Yoast SEO plugin. -->","yoast_head_json":{"title":"Wall Protector HD+w halach z obszarami wysokiego sk\u0142adowania - Anter System","description":"Wall Protector HD+ z barierami GB HD+ dla bezpiecze\u0144stwa w halach z obszarami wysokiego sk\u0142adowania W dynamicznie funkcjonuj\u0105cej hali przemys\u0142owej, gdzie","robots":{"index":"index","follow":"follow","max-snippet":"max-snippet:-1","max-image-preview":"max-image-preview:large","max-video-preview":"max-video-preview:-1"},"canonical":"https:\/\/antersystem.com\/pl\/realizacje\/wall-protector-hd-halach-z-obszarami-wysokiego-skladowania\/","og_locale":"pl_PL","og_type":"article","og_title":"Wall Protector HD+w halach z obszarami wysokiego sk\u0142adowania - Anter System","og_description":"Wall Protector HD+ z barierami GB HD+ dla bezpiecze\u0144stwa w halach z obszarami wysokiego sk\u0142adowania W dynamicznie funkcjonuj\u0105cej hali przemys\u0142owej, gdzie","og_url":"https:\/\/antersystem.com\/pl\/realizacje\/wall-protector-hd-halach-z-obszarami-wysokiego-skladowania\/","og_site_name":"Anter System","article_modified_time":"2026-01-30T00:22:13+00:00","twitter_card":"summary_large_image","twitter_misc":{"Szacowany czas czytania":"2 minuty"},"schema":{"@context":"https:\/\/schema.org","@graph":[{"@type":"WebPage","@id":"https:\/\/antersystem.com\/pl\/realizacje\/wall-protector-hd-halach-z-obszarami-wysokiego-skladowania\/","url":"https:\/\/antersystem.com\/pl\/realizacje\/wall-protector-hd-halach-z-obszarami-wysokiego-skladowania\/","name":"Wall Protector HD+w halach z obszarami wysokiego sk\u0142adowania - Anter System","isPartOf":{"@id":"https:\/\/antersystem.com\/pl\/#website"},"datePublished":"2025-01-28T13:41:10+00:00","dateModified":"2026-01-30T00:22:13+00:00","description":"Wall Protector HD+ z barierami GB HD+ dla bezpiecze\u0144stwa w halach z obszarami wysokiego sk\u0142adowania W dynamicznie funkcjonuj\u0105cej hali przemys\u0142owej, gdzie","breadcrumb":{"@id":"https:\/\/antersystem.com\/pl\/realizacje\/wall-protector-hd-halach-z-obszarami-wysokiego-skladowania\/#breadcrumb"},"inLanguage":"pl-PL","potentialAction":[{"@type":"ReadAction","target":["https:\/\/antersystem.com\/pl\/realizacje\/wall-protector-hd-halach-z-obszarami-wysokiego-skladowania\/"]}]},{"@type":"BreadcrumbList","@id":"https:\/\/antersystem.com\/pl\/realizacje\/wall-protector-hd-halach-z-obszarami-wysokiego-skladowania\/#breadcrumb","itemListElement":[{"@type":"ListItem","position":1,"name":"AnterSystem","item":"https:\/\/antersystem.com\/pl\/"},{"@type":"ListItem","position":2,"name":"Realizacje","item":"https:\/\/antersystem.com\/pl\/realizacje\/"},{"@type":"ListItem","position":3,"name":"Wall Protector HD+w halach z obszarami wysokiego sk\u0142adowania"}]},{"@type":"WebSite","@id":"https:\/\/antersystem.com\/pl\/#website","url":"https:\/\/antersystem.com\/pl\/","name":"Anter System","description":"Jeste\u015bmy polskim producentem elastycznych barier ochronnych wykonywanych z polimerowych tworzyw sztucznych. Na rynku krajowym i zagranicznym dzia\u0142amy od ponad 15 lat dbaj\u0105c o zapewnienie bezpiecze\u0144stwa w zak\u0142adach produkcyjnych, magazynach oraz centrach logistycznych.","potentialAction":[{"@type":"SearchAction","target":{"@type":"EntryPoint","urlTemplate":"https:\/\/antersystem.com\/pl\/?s={search_term_string}"},"query-input":{"@type":"PropertyValueSpecification","valueRequired":true,"valueName":"search_term_string"}}],"inLanguage":"pl-PL"}]}},"_links":{"self":[{"href":"https:\/\/antersystem.com\/pl\/wp-json\/wp\/v2\/pages\/13100","targetHints":{"allow":["GET"]}}],"collection":[{"href":"https:\/\/antersystem.com\/pl\/wp-json\/wp\/v2\/pages"}],"about":[{"href":"https:\/\/antersystem.com\/pl\/wp-json\/wp\/v2\/types\/page"}],"author":[{"embeddable":true,"href":"https:\/\/antersystem.com\/pl\/wp-json\/wp\/v2\/users\/1"}],"replies":[{"embeddable":true,"href":"https:\/\/antersystem.com\/pl\/wp-json\/wp\/v2\/comments?post=13100"}],"version-history":[{"count":1,"href":"https:\/\/antersystem.com\/pl\/wp-json\/wp\/v2\/pages\/13100\/revisions"}],"predecessor-version":[{"id":13101,"href":"https:\/\/antersystem.com\/pl\/wp-json\/wp\/v2\/pages\/13100\/revisions\/13101"}],"up":[{"embeddable":true,"href":"https:\/\/antersystem.com\/pl\/wp-json\/wp\/v2\/pages\/12527"}],"wp:attachment":[{"href":"https:\/\/antersystem.com\/pl\/wp-json\/wp\/v2\/media?parent=13100"}],"curies":[{"name":"wp","href":"https:\/\/api.w.org\/{rel}","templated":true}]}}