{"id":13137,"date":"2024-04-24T15:59:43","date_gmt":"2024-04-24T13:59:43","guid":{"rendered":"https:\/\/new.antersystem.com\/news\/standardy-higieniczne\/"},"modified":"2026-01-30T01:30:23","modified_gmt":"2026-01-30T00:30:23","slug":"standardy-higieniczne","status":"publish","type":"page","link":"https:\/\/antersystem.com\/pl\/wiedza-i-nowosci\/standardy-higieniczne\/","title":{"rendered":"Standardy higieniczne"},"content":{"rendered":"\n<div class=\"wp-block-columns is-layout-flex wp-container-core-columns-is-layout-9d6595d7 wp-block-columns-is-layout-flex\">\n<div class=\"wp-block-column is-layout-flow wp-block-column-is-layout-flow\" style=\"flex-basis:10%\"><\/div>\n\n\n\n<div class=\"wp-block-column is-layout-flow wp-block-column-is-layout-flow\">\n<h2 class=\"wp-block-heading\">Standardy higieniczne a dostosowanie elastycznych barier do r\u00f3\u017cnych \u015brodowisk pracy.<\/h2>\n\n\n\n<p>Zabezpieczenia w miejscu pracy uzale\u017cnione s\u0105 od warunk\u00f3w przestrzeni. W kontek\u015bcie naszych, elastycznych barier pojawia si\u0119 stwierdzenie \u201cspe\u0142niaj\u0105 rygory sanitarne\u201d, ale co to w\u0142a\u015bciwie znaczy?<\/p>\n\n\n\n<h3 class=\"wp-block-heading\">Co jest brane pod uwag\u0119, aby standardy higieniczno\u015bci zosta\u0142y spe\u0142nione w przypadku barier ?<\/h3>\n\n\n\n<p>Kiedy m\u00f3wimy o normach sanitarnych, najcz\u0119\u015bciej odnosimy si\u0119 do \u015brodowisk produkcyjnych w <strong>przemy\u015ble spo\u017cywczym i farmaceutycznym<\/strong>. Szereg czynnik\u00f3w jest branych pod uwag\u0119 w celu zapewnienia zar\u00f3wno higieny, jak i bezpiecze\u0144stwa &#8211; nie tylko pracownik\u00f3w, ale tak\u017ce obs\u0142ugiwanych produkt\u00f3w. Poni\u017cej przedstawiamy kluczowe aspekty, kt\u00f3re definiuj\u0105 bezpiecze\u0144stwo higieniczne barier ochronnych:  <\/p>\n\n<p><strong>Czysto\u015b\u0107<\/strong>: bariery ochronne powinny by\u0107 \u0142atwe do czyszczenia i utrzymania w czysto\u015bci, a tak\u017ce regularnie dezynfekowane.<\/p>\n<p><strong>Zgodno\u015b\u0107 z przepisami dotycz\u0105cymi bezpiecze\u0144stwa \u017cywno\u015bci:<\/strong> W obiektach, w kt\u00f3rych bariery s\u0105 instalowane w pobli\u017cu stref przetwarzania \u017cywno\u015bci, musz\u0105 one by\u0107 zgodne z przepisami dotycz\u0105cymi bezpiecze\u0144stwa \u017cywno\u015bci, takimi jak <strong>HACCP<\/strong> i innymi lokalnymi normami sanitarnymi. Materia\u0142y powinny by\u0107 nietoksyczne, odporne na korozj\u0119 i certyfikowane do u\u017cytku w higienicznych \u015brodowiskach. <\/p>\n<p><strong>Odporno\u015b\u0107 na \u015brodki chemiczne<\/strong>: zabezpieczenia powinny by\u0107 odporne na dzia\u0142anie \u015brodk\u00f3w dezynfekcyjnych, kt\u00f3re s\u0105 stosowane w celu utrzymania higieny w miejscach produkcyjnych.<\/p>\n<p><strong>Bezpiecze\u0144stwo \u017cywno\u015bci<\/strong>: je\u015bli s\u0105 stosowane w miejscach, gdzie maj\u0105 kontakt z \u017cywno\u015bci\u0105, musz\u0105 spe\u0142nia\u0107 odpowiednie normy bezpiecze\u0144stwa \u017cywno\u015bci, takie jak wymogi HACCP i inne regulacje sanitarno-epidemiologiczne obowi\u0105zuj\u0105ce w danym regionie. Powinny by\u0107 wykonane z materia\u0142\u00f3w, kt\u00f3re s\u0105 \u0142atwe do czyszczenia i dezynfekcji, oraz kt\u00f3re s\u0105 zatwierdzone do kontaktu z \u017cywno\u015bci\u0105.<\/p>\n<p><strong>Certyfikacja i zgodno\u015b\u0107 z normami<\/strong>: w zale\u017cno\u015bci od bran\u017cy oraz obszaru zastosowania, elastyczne bariery ochronne powinny by\u0107 poddane r\u00f3\u017cnym certyfikacjom i testom, aby potwierdzi\u0107 ich zgodno\u015b\u0107 z okre\u015blonymi normami i wymogami sanitarnymi.<\/p>\n\n\n\n<h3 class=\"wp-block-heading\"><strong>Normy dopuszczalno\u015bci barier ochronnych w \u015brodowiskach z wymaganiami<\/strong><\/h3>\n\n\n\n<p>Bariery bezpiecze\u0144stwa stosowane w \u015brodowiskach, w kt\u00f3rych przetwarzana jest \u017cywno\u015b\u0107, musz\u0105 spe\u0142nia\u0107 szereg norm w celu zapewnienia ochrony przed zanieczyszczeniem i zagro\u017ceniami dla zdrowia. Poni\u017cej znajduj\u0105 si\u0119 najwa\u017cniejsze ramy reguluj\u0105ce tak\u0105 zgodno\u015b\u0107: <\/p>\n\n\n\n<p><strong>HACCP (Analiza Zagro\u017ce\u0144 i Krytyczne Punkty Kontroli)<\/strong>: HACCP to system zarz\u0105dzania bezpiecze\u0144stwem \u017cywno\u015bci, kt\u00f3ry identyfikuje, ocenia i kontroluje zagro\u017cenia dla bezpiecze\u0144stwa \u017cywno\u015bci w ca\u0142ym procesie produkcyjnym. Bariery bezpiecze\u0144stwa powinny by\u0107 zgodne z zasadami HACCP, aby zapewni\u0107 minimalizacj\u0119 ryzyka zanieczyszczenia \u017cywno\u015bci. W kontek\u015bcie HACCP, bariera elastyczna musia\u0142aby by\u0107 zgodna z wytycznymi dotycz\u0105cymi kontroli bezpiecze\u0144stwa \u017cywno\u015bci, co obejmuje identyfikacj\u0119 potencjalnych zagro\u017ce\u0144 zdrowotnych zwi\u0105zanych z produkcj\u0105, przechowywaniem i obs\u0142ug\u0105 \u017cywno\u015bci oraz okre\u015blenie krytycznych punkt\u00f3w kontroli w procesie produkcji, aby minimalizowa\u0107 ryzyko wyst\u0105pienia tych zagro\u017ce\u0144.<\/p>\n\n\n\n<p><strong>FDA (Food and Drug Administration)<\/strong> &#8211; w przypadku zastosowa\u0144 w Stanach Zjednoczonych bariery musz\u0105 by\u0107 zgodne z przepisami FDA dotycz\u0105cymi bezpiecze\u0144stwa i higieny \u017cywno\u015bci. Oznacza to stosowanie materia\u0142\u00f3w, kt\u00f3re s\u0105 nietoksyczne, niezanieczyszczaj\u0105ce i bezpieczne do po\u015bredniego kontaktu z \u017cywno\u015bci\u0105, zgodnie z federalnymi standardami przemys\u0142u spo\u017cywczego. <\/p>\n\n\n\n<p><strong>ISO 22000<\/strong>: ISO 22000 jest mi\u0119dzynarodowym standardem dotycz\u0105cym zarz\u0105dzania bezpiecze\u0144stwem \u017cywno\u015bci, kt\u00f3ry okre\u015bla wymagania dotycz\u0105ce systemu zarz\u0105dzania bezpiecze\u0144stwem \u017cywno\u015bci na ca\u0142ym \u015bwiecie.<\/p>\n\n\n\n<p>Certyfikacje bran\u017cowe: istniej\u0105 r\u00f3wnie\u017c specyficzne certyfikacje bran\u017cowe, kt\u00f3re mog\u0105 by\u0107 wymagane w zale\u017cno\u015bci od rodzaju \u017cywno\u015bci przetwarzanej lub bran\u017cy, w kt\u00f3rej dzia\u0142a dana firma. Na przyk\u0142ad, w przypadku produkcji organicznej, bariery bezpiecze\u0144stwa mog\u0105 by\u0107 poddawane certyfikacji organicznej, takiej jak certyfikacja <strong>USDA Organic<\/strong>.<\/p>\n\n\n\n<p><strong>Przepisy lokalne i krajowe:<\/strong> Ka\u017cdy kraj ma w\u0142asne przepisy sanitarne i epidemiologiczne okre\u015blaj\u0105ce wymagania higieniczne w \u015brodowiskach produkcji i przetwarzania \u017cywno\u015bci. Bariery musz\u0105 spe\u0142nia\u0107 te lokalne przepisy, aby mog\u0142y by\u0107 legalnie zatwierdzone do u\u017cytku w takich obiektach. <\/p>\n\n\n\n<p>Wszystkie te czynniki s\u0105 istotne dla utrzymania wysokich standard\u00f3w sanitarnych na przyk\u0142ad w produkcji \u017cywno\u015bci czy lek\u00f3w i minimalizuj\u0105 ryzyko utraty zdrowia konsument\u00f3w.<\/p>\n\n\n\n<p><a href=\"https:\/\/antersystem.com\/nasze-systemy\/\">Elastyczne bariery Anter System<\/a> s\u0105 projektowane i produkowane tak, aby spe\u0142nia\u0142y najwy\u017csze standardy higieny i bezpiecze\u0144stwa \u017cywno\u015bci, w pe\u0142ni zgodne z wymaganiami <strong>HACCP, FDA i ISO 22000<\/strong>. Ich jako\u015b\u0107 i bezpiecze\u0144stwo s\u0105 dodatkowo weryfikowane przez <strong>certyfikat T\u00dcV Rheinland.<\/strong><\/p>\n\n\n<div class=\"wp-block-image\">\n<figure class=\"aligncenter size-large is-resized\"><a href=\"https:\/\/antersystem.com\/nasze-systemy\/\"><img loading=\"lazy\" decoding=\"async\" width=\"768\" height=\"1024\" src=\"https:\/\/antersystem.com\/wp-content\/uploads\/mroznia-768x1024.webp\" alt=\"Elastyczne bariery bezpiecze&#x144;stwa w &#x15B;rodowiskach higienicznych\" class=\"wp-image-4652\" style=\"width:462px;height:auto\" srcset=\"https:\/\/antersystem.com\/wp-content\/uploads\/mroznia-768x1024.webp 768w, https:\/\/antersystem.com\/wp-content\/uploads\/mroznia-225x300.webp 225w, https:\/\/antersystem.com\/wp-content\/uploads\/mroznia-450x600.webp 450w, https:\/\/antersystem.com\/wp-content\/uploads\/mroznia-330x440.webp 330w, https:\/\/antersystem.com\/wp-content\/uploads\/mroznia.webp 900w\" sizes=\"auto, (max-width: 768px) 100vw, 768px\" \/><\/a><\/figure><\/div><\/div>\n\n\n\n<div class=\"wp-block-column is-layout-flow wp-block-column-is-layout-flow\" style=\"flex-basis:10%\"><\/div>\n<\/div>\n","protected":false},"excerpt":{"rendered":"<p>Standardy higieniczne a dostosowanie elastycznych barier do r\u00f3\u017cnych \u015brodowisk pracy. Zabezpieczenia w miejscu pracy uzale\u017cnione s\u0105 od warunk\u00f3w przestrzeni. W kontek\u015bcie naszych, elastycznych barier pojawia si\u0119 stwierdzenie \u201cspe\u0142niaj\u0105 rygory sanitarne\u201d, ale co to w\u0142a\u015bciwie znaczy? Co jest brane pod uwag\u0119, aby standardy higieniczno\u015bci zosta\u0142y spe\u0142nione w przypadku barier ? Kiedy m\u00f3wimy o normach sanitarnych, najcz\u0119\u015bciej [&hellip;]<\/p>\n","protected":false},"author":1,"featured_media":0,"parent":12824,"menu_order":0,"comment_status":"closed","ping_status":"closed","template":"","meta":{"inline_featured_image":false,"ngg_post_thumbnail":0,"footnotes":""},"class_list":["post-13137","page","type-page","status-publish","hentry"],"acf":[],"yoast_head":"<!-- This site is optimized with the Yoast SEO plugin v27.0 - https:\/\/yoast.com\/product\/yoast-seo-wordpress\/ -->\n<title>Standardy higieniczne - Anter System<\/title>\n<meta name=\"description\" content=\"Rozwi\u0105zania w zakresie bezpiecze\u0144stwa w miejscu pracy zale\u017c\u0105 od konkretnych warunk\u00f3w otoczenia. W przypadku naszych elastycznych barier obejmuje to r\u00f3wnie\u017c standardy higieny.\" \/>\n<meta name=\"robots\" content=\"index, follow, max-snippet:-1, max-image-preview:large, max-video-preview:-1\" \/>\n<link rel=\"canonical\" href=\"https:\/\/antersystem.com\/pl\/wiedza-i-nowosci\/standardy-higieniczne\/\" \/>\n<meta property=\"og:locale\" content=\"pl_PL\" \/>\n<meta property=\"og:type\" content=\"article\" \/>\n<meta property=\"og:title\" content=\"Standardy higieniczne - Anter System\" \/>\n<meta property=\"og:description\" content=\"Rozwi\u0105zania w zakresie bezpiecze\u0144stwa w miejscu pracy zale\u017c\u0105 od konkretnych warunk\u00f3w otoczenia. W przypadku naszych elastycznych barier obejmuje to r\u00f3wnie\u017c standardy higieny.\" \/>\n<meta property=\"og:url\" content=\"https:\/\/antersystem.com\/pl\/wiedza-i-nowosci\/standardy-higieniczne\/\" \/>\n<meta property=\"og:site_name\" content=\"Anter System\" \/>\n<meta property=\"article:modified_time\" content=\"2026-01-30T00:30:23+00:00\" \/>\n<meta property=\"og:image\" content=\"https:\/\/antersystem.com\/wp-content\/uploads\/mroznia-768x1024.webp\" \/>\n<meta name=\"twitter:card\" content=\"summary_large_image\" \/>\n<meta name=\"twitter:label1\" content=\"Szacowany czas czytania\" \/>\n\t<meta name=\"twitter:data1\" content=\"4 minuty\" \/>\n<script type=\"application\/ld+json\" class=\"yoast-schema-graph\">{\"@context\":\"https:\/\/schema.org\",\"@graph\":[{\"@type\":\"WebPage\",\"@id\":\"https:\/\/antersystem.com\/pl\/wiedza-i-nowosci\/standardy-higieniczne\/\",\"url\":\"https:\/\/antersystem.com\/pl\/wiedza-i-nowosci\/standardy-higieniczne\/\",\"name\":\"Standardy higieniczne - Anter System\",\"isPartOf\":{\"@id\":\"https:\/\/antersystem.com\/pl\/#website\"},\"primaryImageOfPage\":{\"@id\":\"https:\/\/antersystem.com\/pl\/wiedza-i-nowosci\/standardy-higieniczne\/#primaryimage\"},\"image\":{\"@id\":\"https:\/\/antersystem.com\/pl\/wiedza-i-nowosci\/standardy-higieniczne\/#primaryimage\"},\"thumbnailUrl\":\"https:\/\/antersystem.com\/wp-content\/uploads\/mroznia-768x1024.webp\",\"datePublished\":\"2024-04-24T13:59:43+00:00\",\"dateModified\":\"2026-01-30T00:30:23+00:00\",\"description\":\"Rozwi\u0105zania w zakresie bezpiecze\u0144stwa w miejscu pracy zale\u017c\u0105 od konkretnych warunk\u00f3w otoczenia. W przypadku naszych elastycznych barier obejmuje to r\u00f3wnie\u017c standardy higieny.\",\"breadcrumb\":{\"@id\":\"https:\/\/antersystem.com\/pl\/wiedza-i-nowosci\/standardy-higieniczne\/#breadcrumb\"},\"inLanguage\":\"pl-PL\",\"potentialAction\":[{\"@type\":\"ReadAction\",\"target\":[\"https:\/\/antersystem.com\/pl\/wiedza-i-nowosci\/standardy-higieniczne\/\"]}]},{\"@type\":\"ImageObject\",\"inLanguage\":\"pl-PL\",\"@id\":\"https:\/\/antersystem.com\/pl\/wiedza-i-nowosci\/standardy-higieniczne\/#primaryimage\",\"url\":\"https:\/\/antersystem.com\/wp-content\/uploads\/mroznia-768x1024.webp\",\"contentUrl\":\"https:\/\/antersystem.com\/wp-content\/uploads\/mroznia-768x1024.webp\"},{\"@type\":\"BreadcrumbList\",\"@id\":\"https:\/\/antersystem.com\/pl\/wiedza-i-nowosci\/standardy-higieniczne\/#breadcrumb\",\"itemListElement\":[{\"@type\":\"ListItem\",\"position\":1,\"name\":\"AnterSystem\",\"item\":\"https:\/\/antersystem.com\/pl\/\"},{\"@type\":\"ListItem\",\"position\":2,\"name\":\"Wiedza i nowo\u015bci\",\"item\":\"https:\/\/antersystem.com\/pl\/wiedza-i-nowosci\/\"},{\"@type\":\"ListItem\",\"position\":3,\"name\":\"Standardy higieniczne\"}]},{\"@type\":\"WebSite\",\"@id\":\"https:\/\/antersystem.com\/pl\/#website\",\"url\":\"https:\/\/antersystem.com\/pl\/\",\"name\":\"Anter System\",\"description\":\"Jeste\u015bmy polskim producentem elastycznych barier ochronnych wykonywanych z polimerowych tworzyw sztucznych. Na rynku krajowym i zagranicznym dzia\u0142amy od ponad 15 lat dbaj\u0105c o zapewnienie bezpiecze\u0144stwa w zak\u0142adach produkcyjnych, magazynach oraz centrach logistycznych.\",\"potentialAction\":[{\"@type\":\"SearchAction\",\"target\":{\"@type\":\"EntryPoint\",\"urlTemplate\":\"https:\/\/antersystem.com\/pl\/?s={search_term_string}\"},\"query-input\":{\"@type\":\"PropertyValueSpecification\",\"valueRequired\":true,\"valueName\":\"search_term_string\"}}],\"inLanguage\":\"pl-PL\"}]}<\/script>\n<!-- \/ Yoast SEO plugin. -->","yoast_head_json":{"title":"Standardy higieniczne - Anter System","description":"Rozwi\u0105zania w zakresie bezpiecze\u0144stwa w miejscu pracy zale\u017c\u0105 od konkretnych warunk\u00f3w otoczenia. W przypadku naszych elastycznych barier obejmuje to r\u00f3wnie\u017c standardy higieny.","robots":{"index":"index","follow":"follow","max-snippet":"max-snippet:-1","max-image-preview":"max-image-preview:large","max-video-preview":"max-video-preview:-1"},"canonical":"https:\/\/antersystem.com\/pl\/wiedza-i-nowosci\/standardy-higieniczne\/","og_locale":"pl_PL","og_type":"article","og_title":"Standardy higieniczne - Anter System","og_description":"Rozwi\u0105zania w zakresie bezpiecze\u0144stwa w miejscu pracy zale\u017c\u0105 od konkretnych warunk\u00f3w otoczenia. W przypadku naszych elastycznych barier obejmuje to r\u00f3wnie\u017c standardy higieny.","og_url":"https:\/\/antersystem.com\/pl\/wiedza-i-nowosci\/standardy-higieniczne\/","og_site_name":"Anter System","article_modified_time":"2026-01-30T00:30:23+00:00","og_image":[{"url":"https:\/\/antersystem.com\/wp-content\/uploads\/mroznia-768x1024.webp","type":"","width":"","height":""}],"twitter_card":"summary_large_image","twitter_misc":{"Szacowany czas czytania":"4 minuty"},"schema":{"@context":"https:\/\/schema.org","@graph":[{"@type":"WebPage","@id":"https:\/\/antersystem.com\/pl\/wiedza-i-nowosci\/standardy-higieniczne\/","url":"https:\/\/antersystem.com\/pl\/wiedza-i-nowosci\/standardy-higieniczne\/","name":"Standardy higieniczne - Anter System","isPartOf":{"@id":"https:\/\/antersystem.com\/pl\/#website"},"primaryImageOfPage":{"@id":"https:\/\/antersystem.com\/pl\/wiedza-i-nowosci\/standardy-higieniczne\/#primaryimage"},"image":{"@id":"https:\/\/antersystem.com\/pl\/wiedza-i-nowosci\/standardy-higieniczne\/#primaryimage"},"thumbnailUrl":"https:\/\/antersystem.com\/wp-content\/uploads\/mroznia-768x1024.webp","datePublished":"2024-04-24T13:59:43+00:00","dateModified":"2026-01-30T00:30:23+00:00","description":"Rozwi\u0105zania w zakresie bezpiecze\u0144stwa w miejscu pracy zale\u017c\u0105 od konkretnych warunk\u00f3w otoczenia. W przypadku naszych elastycznych barier obejmuje to r\u00f3wnie\u017c standardy higieny.","breadcrumb":{"@id":"https:\/\/antersystem.com\/pl\/wiedza-i-nowosci\/standardy-higieniczne\/#breadcrumb"},"inLanguage":"pl-PL","potentialAction":[{"@type":"ReadAction","target":["https:\/\/antersystem.com\/pl\/wiedza-i-nowosci\/standardy-higieniczne\/"]}]},{"@type":"ImageObject","inLanguage":"pl-PL","@id":"https:\/\/antersystem.com\/pl\/wiedza-i-nowosci\/standardy-higieniczne\/#primaryimage","url":"https:\/\/antersystem.com\/wp-content\/uploads\/mroznia-768x1024.webp","contentUrl":"https:\/\/antersystem.com\/wp-content\/uploads\/mroznia-768x1024.webp"},{"@type":"BreadcrumbList","@id":"https:\/\/antersystem.com\/pl\/wiedza-i-nowosci\/standardy-higieniczne\/#breadcrumb","itemListElement":[{"@type":"ListItem","position":1,"name":"AnterSystem","item":"https:\/\/antersystem.com\/pl\/"},{"@type":"ListItem","position":2,"name":"Wiedza i nowo\u015bci","item":"https:\/\/antersystem.com\/pl\/wiedza-i-nowosci\/"},{"@type":"ListItem","position":3,"name":"Standardy higieniczne"}]},{"@type":"WebSite","@id":"https:\/\/antersystem.com\/pl\/#website","url":"https:\/\/antersystem.com\/pl\/","name":"Anter System","description":"Jeste\u015bmy polskim producentem elastycznych barier ochronnych wykonywanych z polimerowych tworzyw sztucznych. Na rynku krajowym i zagranicznym dzia\u0142amy od ponad 15 lat dbaj\u0105c o zapewnienie bezpiecze\u0144stwa w zak\u0142adach produkcyjnych, magazynach oraz centrach logistycznych.","potentialAction":[{"@type":"SearchAction","target":{"@type":"EntryPoint","urlTemplate":"https:\/\/antersystem.com\/pl\/?s={search_term_string}"},"query-input":{"@type":"PropertyValueSpecification","valueRequired":true,"valueName":"search_term_string"}}],"inLanguage":"pl-PL"}]}},"_links":{"self":[{"href":"https:\/\/antersystem.com\/pl\/wp-json\/wp\/v2\/pages\/13137","targetHints":{"allow":["GET"]}}],"collection":[{"href":"https:\/\/antersystem.com\/pl\/wp-json\/wp\/v2\/pages"}],"about":[{"href":"https:\/\/antersystem.com\/pl\/wp-json\/wp\/v2\/types\/page"}],"author":[{"embeddable":true,"href":"https:\/\/antersystem.com\/pl\/wp-json\/wp\/v2\/users\/1"}],"replies":[{"embeddable":true,"href":"https:\/\/antersystem.com\/pl\/wp-json\/wp\/v2\/comments?post=13137"}],"version-history":[{"count":2,"href":"https:\/\/antersystem.com\/pl\/wp-json\/wp\/v2\/pages\/13137\/revisions"}],"predecessor-version":[{"id":26447,"href":"https:\/\/antersystem.com\/pl\/wp-json\/wp\/v2\/pages\/13137\/revisions\/26447"}],"up":[{"embeddable":true,"href":"https:\/\/antersystem.com\/pl\/wp-json\/wp\/v2\/pages\/12824"}],"wp:attachment":[{"href":"https:\/\/antersystem.com\/pl\/wp-json\/wp\/v2\/media?parent=13137"}],"curies":[{"name":"wp","href":"https:\/\/api.w.org\/{rel}","templated":true}]}}