{"id":13142,"date":"2025-06-11T10:14:00","date_gmt":"2025-06-11T08:14:00","guid":{"rendered":"https:\/\/new.antersystem.com\/news\/anter-system-z-polska-nagroda-inteligentnego-rozwoju\/"},"modified":"2026-01-23T15:42:11","modified_gmt":"2026-01-23T14:42:11","slug":"anter-system-z-polska-nagroda-inteligentnego-rozwoju","status":"publish","type":"page","link":"https:\/\/antersystem.com\/pl\/wiedza-i-nowosci\/anter-system-z-polska-nagroda-inteligentnego-rozwoju\/","title":{"rendered":"Anter System z Polsk\u0105 Nagrod\u0105 Inteligentnego Rozwoju"},"content":{"rendered":"\n<div class=\"wp-block-columns is-layout-flex wp-container-core-columns-is-layout-9d6595d7 wp-block-columns-is-layout-flex\">\n<div class=\"wp-block-column is-layout-flow wp-block-column-is-layout-flow\">\n<div class=\"wp-block-columns is-layout-flex wp-container-core-columns-is-layout-9d6595d7 wp-block-columns-is-layout-flex\">\n<div class=\"wp-block-column is-layout-flow wp-block-column-is-layout-flow\">\n<p>Z rado\u015bci\u0105 dzielimy si\u0119 informacj\u0105, \u017ce podczas jubileuszowego 10. Forum Inteligentnego Rozwoju w Uniejowie, firma Anter System zosta\u0142a uhonorowana presti\u017cow\u0105 Polsk\u0105 Nagrod\u0105 Inteligentnego Rozwoju. Nagroda ta przyznawana jest osobom, firmom i organizacjom, kt\u00f3rych dzia\u0142ania przyczyniaj\u0105 si\u0119 do tworzenia innowacyjnych rozwi\u0105za\u0144 wspieraj\u0105cych zr\u00f3wnowa\u017cony rozw\u00f3j spo\u0142ecze\u0144stwa i gospodarki.<\/p>\n\n\n\n<p>Wyr\u00f3\u017cnienie to jest dla nas ogromnym zaszczytem i potwierdzeniem, \u017ce kierunek, jaki obrali\u015bmy \u2013 rozw\u00f3j inteligentnych technologii chroni\u0105cych ludzi i infrastruktur\u0119 w przestrzeniach przemys\u0142owych \u2013 znajduje uznanie nie tylko w\u015br\u00f3d naszych klient\u00f3w, ale r\u00f3wnie\u017c w\u015br\u00f3d ekspert\u00f3w i lider\u00f3w innowacji w Polsce.<\/p>\n\n\n\n<h2 class=\"wp-block-heading\">Forum przysz\u0142o\u015bci, kt\u00f3re \u0142\u0105czy nauk\u0119, technologi\u0119 i biznes<\/h2>\n\n\n\n<p>Forum Inteligentnego Rozwoju to jedno z najbardziej inspiruj\u0105cych wydarze\u0144 gospodarczo-technologicznych w Polsce. Kongres skupia przedstawicieli biznesu, nauki, samorz\u0105d\u00f3w i \u015brodowisk inwestorskich, kt\u00f3rzy wsp\u00f3lnie poszukuj\u0105 odpowiedzi na pytanie, jak nowoczesne technologie mog\u0105 realnie wp\u0142yn\u0105\u0107 na jako\u015b\u0107 \u017cycia i rozw\u00f3j gospodarki. Udzia\u0142 w tym wydarzeniu to dla nas nie tylko wyr\u00f3\u017cnienie, ale tak\u017ce szansa na wymian\u0119 do\u015bwiadcze\u0144 i inspiracji z innymi liderami innowacji.  <\/p>\n\n\n\n<h2 class=\"wp-block-heading\">Prezentacja o technologii, kt\u00f3ra chroni<\/h2>\n\n\n\n<p>W ramach Forum mieli\u015bmy r\u00f3wnie\u017c okazj\u0119 wyst\u0105pi\u0107 w cz\u0119\u015bci merytorycznej. Tomasz Bary\u0142a, mened\u017cer produktu w naszej firmie, wzi\u0105\u0142 udzia\u0142 w panelu \u201eTechnologie przysz\u0142o\u015bci w dzia\u0142aniu \u2013 jak innowacje kszta\u0142tuj\u0105 nauk\u0119, biznes i spo\u0142ecze\u0144stwo\u201d, gdzie wyg\u0142osi\u0142 prezentacj\u0119 pt. \u201eTechnologia, kt\u00f3ra chroni \u2013 inteligentne systemy bezpiecze\u0144stwa w przestrzeni przemys\u0142owej\u201d. <\/p>\n\n\n\n<p>Podczas wyst\u0105pienia Tomasz m\u00f3wi\u0142 m.in. o tym:<\/p>\n\n\n\n<ul class=\"wp-block-list\">\n<li>z jakimi wyzwaniami mierzy si\u0119 obecnie intralogistyka w obszarze bezpiecze\u0144stwa,<\/li>\n\n\n\n<li>jak elastyczne bariery ochronne po\u0142\u0105czone z elementami automatyki wp\u0142ywaj\u0105 na bezpiecze\u0144stwo i efektywno\u015b\u0107 pracy.<\/li>\n<\/ul>\n\n\n\n<h2 class=\"wp-block-heading\">Motywacja do dalszego dzia\u0142ania<\/h2>\n\n\n\n<p>Otrzymana nagroda to nie tylko presti\u017c \u2013 to tak\u017ce zobowi\u0105zanie do dalszego rozwoju, wprowadzania kolejnych innowacji i nieustannego podnoszenia standard\u00f3w bezpiecze\u0144stwa w przemy\u015ble. Dzi\u0119kujemy Kapitule Konkursu za zaufanie i wyr\u00f3\u017cnienie, a wszystkim uczestnikom Forum za warto\u015bciowe rozmowy i inspiruj\u0105ce spotkania. <\/p>\n<\/div>\n<\/div>\n<\/div>\n<\/div>\n\n<p><\/p>\n","protected":false},"excerpt":{"rendered":"<p>Z rado\u015bci\u0105 dzielimy si\u0119 informacj\u0105, \u017ce podczas jubileuszowego 10. Forum Inteligentnego Rozwoju w Uniejowie, firma Anter System zosta\u0142a uhonorowana presti\u017cow\u0105 Polsk\u0105 Nagrod\u0105 Inteligentnego Rozwoju. Nagroda ta przyznawana jest osobom, firmom i organizacjom, kt\u00f3rych dzia\u0142ania przyczyniaj\u0105 si\u0119 do tworzenia innowacyjnych rozwi\u0105za\u0144 wspieraj\u0105cych zr\u00f3wnowa\u017cony rozw\u00f3j spo\u0142ecze\u0144stwa i gospodarki. Wyr\u00f3\u017cnienie to jest dla nas ogromnym zaszczytem i potwierdzeniem, [&hellip;]<\/p>\n","protected":false},"author":11,"featured_media":0,"parent":12824,"menu_order":0,"comment_status":"closed","ping_status":"closed","template":"","meta":{"inline_featured_image":false,"ngg_post_thumbnail":0,"footnotes":""},"class_list":["post-13142","page","type-page","status-publish","hentry"],"acf":[],"yoast_head":"<!-- This site is optimized with the Yoast SEO plugin v27.0 - https:\/\/yoast.com\/product\/yoast-seo-wordpress\/ -->\n<title>Anter System z Polsk\u0105 Nagrod\u0105 Inteligentnego Rozwoju - Anter System<\/title>\n<meta name=\"description\" content=\"Z rado\u015bci\u0105 dzielimy si\u0119 informacj\u0105, \u017ce podczas jubileuszowego 10. Forum Inteligentnego Rozwoju w Uniejowie, firma Anter System zosta\u0142a uhonorowana\" \/>\n<meta name=\"robots\" content=\"index, follow, max-snippet:-1, max-image-preview:large, max-video-preview:-1\" \/>\n<link rel=\"canonical\" href=\"https:\/\/antersystem.com\/pl\/wiedza-i-nowosci\/anter-system-z-polska-nagroda-inteligentnego-rozwoju\/\" \/>\n<meta property=\"og:locale\" content=\"pl_PL\" \/>\n<meta property=\"og:type\" content=\"article\" \/>\n<meta property=\"og:title\" content=\"Anter System z Polsk\u0105 Nagrod\u0105 Inteligentnego Rozwoju - Anter System\" \/>\n<meta property=\"og:description\" content=\"Z rado\u015bci\u0105 dzielimy si\u0119 informacj\u0105, \u017ce podczas jubileuszowego 10. Forum Inteligentnego Rozwoju w Uniejowie, firma Anter System zosta\u0142a uhonorowana\" \/>\n<meta property=\"og:url\" content=\"https:\/\/antersystem.com\/pl\/wiedza-i-nowosci\/anter-system-z-polska-nagroda-inteligentnego-rozwoju\/\" \/>\n<meta property=\"og:site_name\" content=\"Anter System\" \/>\n<meta property=\"article:modified_time\" content=\"2026-01-23T14:42:11+00:00\" \/>\n<meta name=\"twitter:card\" content=\"summary_large_image\" \/>\n<meta name=\"twitter:label1\" content=\"Szacowany czas czytania\" \/>\n\t<meta name=\"twitter:data1\" content=\"2 minuty\" \/>\n<script type=\"application\/ld+json\" class=\"yoast-schema-graph\">{\"@context\":\"https:\/\/schema.org\",\"@graph\":[{\"@type\":\"WebPage\",\"@id\":\"https:\/\/antersystem.com\/pl\/wiedza-i-nowosci\/anter-system-z-polska-nagroda-inteligentnego-rozwoju\/\",\"url\":\"https:\/\/antersystem.com\/pl\/wiedza-i-nowosci\/anter-system-z-polska-nagroda-inteligentnego-rozwoju\/\",\"name\":\"Anter System z Polsk\u0105 Nagrod\u0105 Inteligentnego Rozwoju - Anter System\",\"isPartOf\":{\"@id\":\"https:\/\/antersystem.com\/pl\/#website\"},\"datePublished\":\"2025-06-11T08:14:00+00:00\",\"dateModified\":\"2026-01-23T14:42:11+00:00\",\"description\":\"Z rado\u015bci\u0105 dzielimy si\u0119 informacj\u0105, \u017ce podczas jubileuszowego 10. Forum Inteligentnego Rozwoju w Uniejowie, firma Anter System zosta\u0142a uhonorowana\",\"breadcrumb\":{\"@id\":\"https:\/\/antersystem.com\/pl\/wiedza-i-nowosci\/anter-system-z-polska-nagroda-inteligentnego-rozwoju\/#breadcrumb\"},\"inLanguage\":\"pl-PL\",\"potentialAction\":[{\"@type\":\"ReadAction\",\"target\":[\"https:\/\/antersystem.com\/pl\/wiedza-i-nowosci\/anter-system-z-polska-nagroda-inteligentnego-rozwoju\/\"]}]},{\"@type\":\"BreadcrumbList\",\"@id\":\"https:\/\/antersystem.com\/pl\/wiedza-i-nowosci\/anter-system-z-polska-nagroda-inteligentnego-rozwoju\/#breadcrumb\",\"itemListElement\":[{\"@type\":\"ListItem\",\"position\":1,\"name\":\"AnterSystem\",\"item\":\"https:\/\/antersystem.com\/pl\/\"},{\"@type\":\"ListItem\",\"position\":2,\"name\":\"Wiedza i nowo\u015bci\",\"item\":\"https:\/\/antersystem.com\/pl\/wiedza-i-nowosci\/\"},{\"@type\":\"ListItem\",\"position\":3,\"name\":\"Anter System z Polsk\u0105 Nagrod\u0105 Inteligentnego Rozwoju\"}]},{\"@type\":\"WebSite\",\"@id\":\"https:\/\/antersystem.com\/pl\/#website\",\"url\":\"https:\/\/antersystem.com\/pl\/\",\"name\":\"Anter System\",\"description\":\"Jeste\u015bmy polskim producentem elastycznych barier ochronnych wykonywanych z polimerowych tworzyw sztucznych. Na rynku krajowym i zagranicznym dzia\u0142amy od ponad 15 lat dbaj\u0105c o zapewnienie bezpiecze\u0144stwa w zak\u0142adach produkcyjnych, magazynach oraz centrach logistycznych.\",\"potentialAction\":[{\"@type\":\"SearchAction\",\"target\":{\"@type\":\"EntryPoint\",\"urlTemplate\":\"https:\/\/antersystem.com\/pl\/?s={search_term_string}\"},\"query-input\":{\"@type\":\"PropertyValueSpecification\",\"valueRequired\":true,\"valueName\":\"search_term_string\"}}],\"inLanguage\":\"pl-PL\"}]}<\/script>\n<!-- \/ Yoast SEO plugin. -->","yoast_head_json":{"title":"Anter System z Polsk\u0105 Nagrod\u0105 Inteligentnego Rozwoju - Anter System","description":"Z rado\u015bci\u0105 dzielimy si\u0119 informacj\u0105, \u017ce podczas jubileuszowego 10. Forum Inteligentnego Rozwoju w Uniejowie, firma Anter System zosta\u0142a uhonorowana","robots":{"index":"index","follow":"follow","max-snippet":"max-snippet:-1","max-image-preview":"max-image-preview:large","max-video-preview":"max-video-preview:-1"},"canonical":"https:\/\/antersystem.com\/pl\/wiedza-i-nowosci\/anter-system-z-polska-nagroda-inteligentnego-rozwoju\/","og_locale":"pl_PL","og_type":"article","og_title":"Anter System z Polsk\u0105 Nagrod\u0105 Inteligentnego Rozwoju - Anter System","og_description":"Z rado\u015bci\u0105 dzielimy si\u0119 informacj\u0105, \u017ce podczas jubileuszowego 10. Forum Inteligentnego Rozwoju w Uniejowie, firma Anter System zosta\u0142a uhonorowana","og_url":"https:\/\/antersystem.com\/pl\/wiedza-i-nowosci\/anter-system-z-polska-nagroda-inteligentnego-rozwoju\/","og_site_name":"Anter System","article_modified_time":"2026-01-23T14:42:11+00:00","twitter_card":"summary_large_image","twitter_misc":{"Szacowany czas czytania":"2 minuty"},"schema":{"@context":"https:\/\/schema.org","@graph":[{"@type":"WebPage","@id":"https:\/\/antersystem.com\/pl\/wiedza-i-nowosci\/anter-system-z-polska-nagroda-inteligentnego-rozwoju\/","url":"https:\/\/antersystem.com\/pl\/wiedza-i-nowosci\/anter-system-z-polska-nagroda-inteligentnego-rozwoju\/","name":"Anter System z Polsk\u0105 Nagrod\u0105 Inteligentnego Rozwoju - Anter System","isPartOf":{"@id":"https:\/\/antersystem.com\/pl\/#website"},"datePublished":"2025-06-11T08:14:00+00:00","dateModified":"2026-01-23T14:42:11+00:00","description":"Z rado\u015bci\u0105 dzielimy si\u0119 informacj\u0105, \u017ce podczas jubileuszowego 10. Forum Inteligentnego Rozwoju w Uniejowie, firma Anter System zosta\u0142a uhonorowana","breadcrumb":{"@id":"https:\/\/antersystem.com\/pl\/wiedza-i-nowosci\/anter-system-z-polska-nagroda-inteligentnego-rozwoju\/#breadcrumb"},"inLanguage":"pl-PL","potentialAction":[{"@type":"ReadAction","target":["https:\/\/antersystem.com\/pl\/wiedza-i-nowosci\/anter-system-z-polska-nagroda-inteligentnego-rozwoju\/"]}]},{"@type":"BreadcrumbList","@id":"https:\/\/antersystem.com\/pl\/wiedza-i-nowosci\/anter-system-z-polska-nagroda-inteligentnego-rozwoju\/#breadcrumb","itemListElement":[{"@type":"ListItem","position":1,"name":"AnterSystem","item":"https:\/\/antersystem.com\/pl\/"},{"@type":"ListItem","position":2,"name":"Wiedza i nowo\u015bci","item":"https:\/\/antersystem.com\/pl\/wiedza-i-nowosci\/"},{"@type":"ListItem","position":3,"name":"Anter System z Polsk\u0105 Nagrod\u0105 Inteligentnego Rozwoju"}]},{"@type":"WebSite","@id":"https:\/\/antersystem.com\/pl\/#website","url":"https:\/\/antersystem.com\/pl\/","name":"Anter System","description":"Jeste\u015bmy polskim producentem elastycznych barier ochronnych wykonywanych z polimerowych tworzyw sztucznych. Na rynku krajowym i zagranicznym dzia\u0142amy od ponad 15 lat dbaj\u0105c o zapewnienie bezpiecze\u0144stwa w zak\u0142adach produkcyjnych, magazynach oraz centrach logistycznych.","potentialAction":[{"@type":"SearchAction","target":{"@type":"EntryPoint","urlTemplate":"https:\/\/antersystem.com\/pl\/?s={search_term_string}"},"query-input":{"@type":"PropertyValueSpecification","valueRequired":true,"valueName":"search_term_string"}}],"inLanguage":"pl-PL"}]}},"_links":{"self":[{"href":"https:\/\/antersystem.com\/pl\/wp-json\/wp\/v2\/pages\/13142","targetHints":{"allow":["GET"]}}],"collection":[{"href":"https:\/\/antersystem.com\/pl\/wp-json\/wp\/v2\/pages"}],"about":[{"href":"https:\/\/antersystem.com\/pl\/wp-json\/wp\/v2\/types\/page"}],"author":[{"embeddable":true,"href":"https:\/\/antersystem.com\/pl\/wp-json\/wp\/v2\/users\/11"}],"replies":[{"embeddable":true,"href":"https:\/\/antersystem.com\/pl\/wp-json\/wp\/v2\/comments?post=13142"}],"version-history":[{"count":1,"href":"https:\/\/antersystem.com\/pl\/wp-json\/wp\/v2\/pages\/13142\/revisions"}],"predecessor-version":[{"id":13144,"href":"https:\/\/antersystem.com\/pl\/wp-json\/wp\/v2\/pages\/13142\/revisions\/13144"}],"up":[{"embeddable":true,"href":"https:\/\/antersystem.com\/pl\/wp-json\/wp\/v2\/pages\/12824"}],"wp:attachment":[{"href":"https:\/\/antersystem.com\/pl\/wp-json\/wp\/v2\/media?parent=13142"}],"curies":[{"name":"wp","href":"https:\/\/api.w.org\/{rel}","templated":true}]}}