{"id":15370,"date":"2024-04-11T13:02:00","date_gmt":"2024-04-11T11:02:00","guid":{"rendered":"https:\/\/new.antersystem.com\/news\/podpory-bezpieczenstwa\/"},"modified":"2026-01-30T01:30:43","modified_gmt":"2026-01-30T00:30:43","slug":"podpory-bezpieczenstwa","status":"publish","type":"page","link":"https:\/\/antersystem.com\/pl\/wiedza-i-nowosci\/podpory-bezpieczenstwa\/","title":{"rendered":"Podpory bezpiecze\u0144stwa"},"content":{"rendered":"\n<div class=\"wp-block-columns is-layout-flex wp-container-core-columns-is-layout-9d6595d7 wp-block-columns-is-layout-flex\">\n<div class=\"wp-block-column is-layout-flow wp-block-column-is-layout-flow\" style=\"flex-basis:10px\"><\/div>\n\n\n\n<div class=\"wp-block-column is-layout-flow wp-block-column-is-layout-flow\">\n<h3 class=\"wp-block-heading\">Jak zwi\u0119kszy\u0107 bezpiecze\u0144stwo w dokach za\u0142adunkowych? <br\/>Podpory bezpiecze\u0144stwa dla naczep kluczem do stabilno\u015bci w logistyce.<\/h3>\n\n\n\n<figure class=\"wp-block-embed aligncenter is-type-video is-provider-youtube wp-block-embed-youtube wp-embed-aspect-16-9 wp-has-aspect-ratio\"><div class=\"wp-block-embed__wrapper\">\n<iframe loading=\"lazy\" title=\"AnterSystem demonstration of trailer support -JST and JST. R. Products for loadnig technique.\" width=\"500\" height=\"281\" src=\"https:\/\/www.youtube.com\/embed\/rS78QAlo6eM?feature=oembed\" frameborder=\"0\" allow=\"accelerometer; autoplay; clipboard-write; encrypted-media; gyroscope; picture-in-picture; web-share\" referrerpolicy=\"strict-origin-when-cross-origin\" allowfullscreen><\/iframe>\n<\/div><\/figure>\n\n\n\n<p>W globalnej logistyce ka\u017cda cz\u0119\u015b\u0107 \u0142a\u0144cucha dostaw odgrywa istotn\u0105 rol\u0119 w zapewnianiu wydajno\u015bci i bezpiecze\u0144stwa. Jednak jednym z cz\u0119sto pomijanych, ale kluczowych element\u00f3w jest <strong>stojak bezpiecze\u0144stwa przyczepy<\/strong>. Ten prosty, ale niezb\u0119dny element jest niezb\u0119dny do utrzymania stabilno\u015bci i bezpiecze\u0144stwa podczas operacji w dokach za\u0142adunkowych.<\/p>\n\n\n\n<p><strong>Kluczowa rola stojak\u00f3w bezpiecze\u0144stwa przyczepy<\/strong><\/p>\n\n\n\n<p><a href=\"https:\/\/antersystem.com\/kategorie_produktow\/technika-zaladunkowa\/\"><strong>Stojaki zabezpieczaj\u0105ce do przyczep &#8211; JST (Jack Stand Trailer)<\/strong> i <strong>JST.R<\/strong><\/a> &#8211; zapobiegaj\u0105 przechylaniu si\u0119 lub zapadaniu przyczep pod ci\u0119\u017carem w\u00f3zk\u00f3w wid\u0142owych podczas za\u0142adunku i roz\u0142adunku. Dzi\u0119ki zastosowaniu stojak\u00f3w zabezpieczaj\u0105cych procesy te mog\u0105 by\u0107 wykonywane <strong>szybko i bezpiecznie, bez konieczno\u015bci stosowania ci\u0105gnika s<\/strong>iod\u0142owego. Pojazdy, kt\u00f3re s\u0105 zwykle u\u017cywane do innych cel\u00f3w, mog\u0105 by\u0107 efektywnie wykorzystywane, gdy na miejscu znajduje si\u0119 stojak na przyczep\u0119. W trakcie ca\u0142ego procesu <strong>stabilno\u015b\u0107 naczepy jest w pe\u0142ni zachowana<\/strong>, co minimalizuje ryzyko uszkodzenia pojazd\u00f3w, towar\u00f3w lub ludzi &#8211; a czasem nawet samych dok\u00f3w. Kr\u00f3tko m\u00f3wi\u0105c, <strong>potencjalne konsekwencje niew\u0142a\u015bciwego zabezpieczenia przyczepy s\u0105 wyeliminowane<\/strong>, chroni\u0105c zar\u00f3wno operator\u00f3w, jak i firm\u0119.<\/p>\n\n\n\n<p><strong>Co definiuje idealny stojak bezpiecze\u0144stwa przyczepy?<\/strong><\/p>\n\n\n\n<p>Stojaki zabezpieczaj\u0105ce do przyczep musz\u0105 spe\u0142nia\u0107 rygorystyczne normy jako\u015bci i trwa\u0142o\u015bci, aby zapewni\u0107 optymalne warunki pracy. Po pierwsze, musz\u0105 by\u0107 wykonane z wysokiej jako\u015bci materia\u0142\u00f3w, kt\u00f3re mog\u0105 wytrzyma\u0107 ekstremalne warunki pogodowe i du\u017ce obci\u0105\u017cenia. R\u00f3wnie wa\u017cne s\u0105 <strong>stabilno\u015b\u0107 i regulowana wysoko\u015b\u0107<\/strong>, umo\u017cliwiaj\u0105ce dostosowanie do r\u00f3\u017cnych typ\u00f3w przyczep i warunk\u00f3w pod\u0142o\u017ca. Aby zagwarantowa\u0107 bezpiecze\u0144stwo operatora, stojaki powinny by\u0107 wyposa\u017cone w <strong>mechanizmy blokuj\u0105ce<\/strong>, kt\u00f3re zapobiegaj\u0105 przypadkowym ruchom podczas u\u017cytkowania.<\/p>\n\n\n\n<p>Stojaki do przyczep Anter System zosta\u0142y zaprojektowane z my\u015bl\u0105 o <strong>\u0142atwo\u015bci u\u017cytkowania<\/strong> i trwa\u0142o\u015bci. Posiadaj\u0105 one <strong>mechanizm samopoziomuj\u0105cy<\/strong> i regulowan\u0105 wysoko\u015b\u0107. Ka\u017cda jednostka mo\u017ce wytrzyma\u0107 obci\u0105\u017cenie do <strong>45 ton<\/strong> i posiada dodatkowe funkcje, takie jak <strong>systemy kontrolowanego dost\u0119pu<\/strong> i <strong>oznaczenia o wysokiej widoczno\u015bci<\/strong>. Materia\u0142y u\u017cyte do ich produkcji mog\u0105 by\u0107 r\u00f3wnie\u017c wyposa\u017cone w <strong>pow\u0142ok\u0119 antykorozyjn\u0105<\/strong> dla wyd\u0142u\u017cenia \u017cywotno\u015bci i niezawodno\u015bci. Je\u015bli nadal nie masz pewno\u015bci, w jaki spos\u00f3b stojaki zabezpieczaj\u0105ce przyczepy mog\u0105 poprawi\u0107 wydajno\u015b\u0107 i bezpiecze\u0144stwo w Twoim magazynie &#8211; obejrzyj powy\u017cszy film.<\/p>\n\n\n\n<p>Sami producenci naczep <strong>zalecaj\u0105 stosowanie podp\u00f3r bezpiecze\u0144stwa<\/strong> jako cz\u0119\u015bci standardowej praktyki operacyjnej.<\/p>\n\n\n\n<p>Dowiedz si\u0119 wi\u0119cej o ich dzia\u0142aniu: <strong><a href=\"https:\/\/antersystem.com\/wiedza-i-nowosci\/podpora-pod-naczepe-tira\/\">podpora pod naczep\u0119 tira<\/a><\/strong><\/p>\n<\/div>\n\n\n\n<div class=\"wp-block-column is-layout-flow wp-block-column-is-layout-flow\" style=\"flex-basis:10px\"><\/div>\n<\/div>\n","protected":false},"excerpt":{"rendered":"<p>Jak zwi\u0119kszy\u0107 bezpiecze\u0144stwo w dokach za\u0142adunkowych? Podpory bezpiecze\u0144stwa dla naczep kluczem do stabilno\u015bci w logistyce. W globalnej logistyce ka\u017cda cz\u0119\u015b\u0107 \u0142a\u0144cucha dostaw odgrywa istotn\u0105 rol\u0119 w zapewnianiu wydajno\u015bci i bezpiecze\u0144stwa. Jednak jednym z cz\u0119sto pomijanych, ale kluczowych element\u00f3w jest stojak bezpiecze\u0144stwa przyczepy. Ten prosty, ale niezb\u0119dny element jest niezb\u0119dny do utrzymania stabilno\u015bci i bezpiecze\u0144stwa podczas [&hellip;]<\/p>\n","protected":false},"author":1,"featured_media":0,"parent":12824,"menu_order":0,"comment_status":"closed","ping_status":"closed","template":"","meta":{"inline_featured_image":false,"ngg_post_thumbnail":0,"footnotes":""},"class_list":["post-15370","page","type-page","status-publish","hentry"],"acf":[],"yoast_head":"<!-- This site is optimized with the Yoast SEO plugin v27.0 - https:\/\/yoast.com\/product\/yoast-seo-wordpress\/ -->\n<title>Podpory bezpiecze\u0144stwa - Anter System<\/title>\n<meta name=\"description\" content=\"Kluczow\u0105 rol\u0119 w zapewnieniu skuteczno\u015bci i bezpiecze\u0144stwa pracy w dokach za\u0142adunkowych zapewniaj\u0105 podpory bezpiecze\u0144stwa dla naczep.\" \/>\n<meta name=\"robots\" content=\"index, follow, max-snippet:-1, max-image-preview:large, max-video-preview:-1\" \/>\n<link rel=\"canonical\" href=\"https:\/\/antersystem.com\/pl\/wiedza-i-nowosci\/podpory-bezpieczenstwa\/\" \/>\n<meta property=\"og:locale\" content=\"pl_PL\" \/>\n<meta property=\"og:type\" content=\"article\" \/>\n<meta property=\"og:title\" content=\"Podpory bezpiecze\u0144stwa - Anter System\" \/>\n<meta property=\"og:description\" content=\"Kluczow\u0105 rol\u0119 w zapewnieniu skuteczno\u015bci i bezpiecze\u0144stwa pracy w dokach za\u0142adunkowych zapewniaj\u0105 podpory bezpiecze\u0144stwa dla naczep.\" \/>\n<meta property=\"og:url\" content=\"https:\/\/antersystem.com\/pl\/wiedza-i-nowosci\/podpory-bezpieczenstwa\/\" \/>\n<meta property=\"og:site_name\" content=\"Anter System\" \/>\n<meta property=\"article:modified_time\" content=\"2026-01-30T00:30:43+00:00\" \/>\n<meta name=\"twitter:card\" content=\"summary_large_image\" \/>\n<meta name=\"twitter:label1\" content=\"Szacowany czas czytania\" \/>\n\t<meta name=\"twitter:data1\" content=\"2 minuty\" \/>\n<script type=\"application\/ld+json\" class=\"yoast-schema-graph\">{\"@context\":\"https:\/\/schema.org\",\"@graph\":[{\"@type\":\"WebPage\",\"@id\":\"https:\/\/antersystem.com\/pl\/wiedza-i-nowosci\/podpory-bezpieczenstwa\/\",\"url\":\"https:\/\/antersystem.com\/pl\/wiedza-i-nowosci\/podpory-bezpieczenstwa\/\",\"name\":\"Podpory bezpiecze\u0144stwa - Anter System\",\"isPartOf\":{\"@id\":\"https:\/\/antersystem.com\/pl\/#website\"},\"datePublished\":\"2024-04-11T11:02:00+00:00\",\"dateModified\":\"2026-01-30T00:30:43+00:00\",\"description\":\"Kluczow\u0105 rol\u0119 w zapewnieniu skuteczno\u015bci i bezpiecze\u0144stwa pracy w dokach za\u0142adunkowych zapewniaj\u0105 podpory bezpiecze\u0144stwa dla naczep.\",\"breadcrumb\":{\"@id\":\"https:\/\/antersystem.com\/pl\/wiedza-i-nowosci\/podpory-bezpieczenstwa\/#breadcrumb\"},\"inLanguage\":\"pl-PL\",\"potentialAction\":[{\"@type\":\"ReadAction\",\"target\":[\"https:\/\/antersystem.com\/pl\/wiedza-i-nowosci\/podpory-bezpieczenstwa\/\"]}]},{\"@type\":\"BreadcrumbList\",\"@id\":\"https:\/\/antersystem.com\/pl\/wiedza-i-nowosci\/podpory-bezpieczenstwa\/#breadcrumb\",\"itemListElement\":[{\"@type\":\"ListItem\",\"position\":1,\"name\":\"AnterSystem\",\"item\":\"https:\/\/antersystem.com\/pl\/\"},{\"@type\":\"ListItem\",\"position\":2,\"name\":\"Wiedza i nowo\u015bci\",\"item\":\"https:\/\/antersystem.com\/pl\/wiedza-i-nowosci\/\"},{\"@type\":\"ListItem\",\"position\":3,\"name\":\"Podpory bezpiecze\u0144stwa\"}]},{\"@type\":\"WebSite\",\"@id\":\"https:\/\/antersystem.com\/pl\/#website\",\"url\":\"https:\/\/antersystem.com\/pl\/\",\"name\":\"Anter System\",\"description\":\"Jeste\u015bmy polskim producentem elastycznych barier ochronnych wykonywanych z polimerowych tworzyw sztucznych. Na rynku krajowym i zagranicznym dzia\u0142amy od ponad 15 lat dbaj\u0105c o zapewnienie bezpiecze\u0144stwa w zak\u0142adach produkcyjnych, magazynach oraz centrach logistycznych.\",\"potentialAction\":[{\"@type\":\"SearchAction\",\"target\":{\"@type\":\"EntryPoint\",\"urlTemplate\":\"https:\/\/antersystem.com\/pl\/?s={search_term_string}\"},\"query-input\":{\"@type\":\"PropertyValueSpecification\",\"valueRequired\":true,\"valueName\":\"search_term_string\"}}],\"inLanguage\":\"pl-PL\"}]}<\/script>\n<!-- \/ Yoast SEO plugin. -->","yoast_head_json":{"title":"Podpory bezpiecze\u0144stwa - Anter System","description":"Kluczow\u0105 rol\u0119 w zapewnieniu skuteczno\u015bci i bezpiecze\u0144stwa pracy w dokach za\u0142adunkowych zapewniaj\u0105 podpory bezpiecze\u0144stwa dla naczep.","robots":{"index":"index","follow":"follow","max-snippet":"max-snippet:-1","max-image-preview":"max-image-preview:large","max-video-preview":"max-video-preview:-1"},"canonical":"https:\/\/antersystem.com\/pl\/wiedza-i-nowosci\/podpory-bezpieczenstwa\/","og_locale":"pl_PL","og_type":"article","og_title":"Podpory bezpiecze\u0144stwa - Anter System","og_description":"Kluczow\u0105 rol\u0119 w zapewnieniu skuteczno\u015bci i bezpiecze\u0144stwa pracy w dokach za\u0142adunkowych zapewniaj\u0105 podpory bezpiecze\u0144stwa dla naczep.","og_url":"https:\/\/antersystem.com\/pl\/wiedza-i-nowosci\/podpory-bezpieczenstwa\/","og_site_name":"Anter System","article_modified_time":"2026-01-30T00:30:43+00:00","twitter_card":"summary_large_image","twitter_misc":{"Szacowany czas czytania":"2 minuty"},"schema":{"@context":"https:\/\/schema.org","@graph":[{"@type":"WebPage","@id":"https:\/\/antersystem.com\/pl\/wiedza-i-nowosci\/podpory-bezpieczenstwa\/","url":"https:\/\/antersystem.com\/pl\/wiedza-i-nowosci\/podpory-bezpieczenstwa\/","name":"Podpory bezpiecze\u0144stwa - Anter System","isPartOf":{"@id":"https:\/\/antersystem.com\/pl\/#website"},"datePublished":"2024-04-11T11:02:00+00:00","dateModified":"2026-01-30T00:30:43+00:00","description":"Kluczow\u0105 rol\u0119 w zapewnieniu skuteczno\u015bci i bezpiecze\u0144stwa pracy w dokach za\u0142adunkowych zapewniaj\u0105 podpory bezpiecze\u0144stwa dla naczep.","breadcrumb":{"@id":"https:\/\/antersystem.com\/pl\/wiedza-i-nowosci\/podpory-bezpieczenstwa\/#breadcrumb"},"inLanguage":"pl-PL","potentialAction":[{"@type":"ReadAction","target":["https:\/\/antersystem.com\/pl\/wiedza-i-nowosci\/podpory-bezpieczenstwa\/"]}]},{"@type":"BreadcrumbList","@id":"https:\/\/antersystem.com\/pl\/wiedza-i-nowosci\/podpory-bezpieczenstwa\/#breadcrumb","itemListElement":[{"@type":"ListItem","position":1,"name":"AnterSystem","item":"https:\/\/antersystem.com\/pl\/"},{"@type":"ListItem","position":2,"name":"Wiedza i nowo\u015bci","item":"https:\/\/antersystem.com\/pl\/wiedza-i-nowosci\/"},{"@type":"ListItem","position":3,"name":"Podpory bezpiecze\u0144stwa"}]},{"@type":"WebSite","@id":"https:\/\/antersystem.com\/pl\/#website","url":"https:\/\/antersystem.com\/pl\/","name":"Anter System","description":"Jeste\u015bmy polskim producentem elastycznych barier ochronnych wykonywanych z polimerowych tworzyw sztucznych. Na rynku krajowym i zagranicznym dzia\u0142amy od ponad 15 lat dbaj\u0105c o zapewnienie bezpiecze\u0144stwa w zak\u0142adach produkcyjnych, magazynach oraz centrach logistycznych.","potentialAction":[{"@type":"SearchAction","target":{"@type":"EntryPoint","urlTemplate":"https:\/\/antersystem.com\/pl\/?s={search_term_string}"},"query-input":{"@type":"PropertyValueSpecification","valueRequired":true,"valueName":"search_term_string"}}],"inLanguage":"pl-PL"}]}},"_links":{"self":[{"href":"https:\/\/antersystem.com\/pl\/wp-json\/wp\/v2\/pages\/15370","targetHints":{"allow":["GET"]}}],"collection":[{"href":"https:\/\/antersystem.com\/pl\/wp-json\/wp\/v2\/pages"}],"about":[{"href":"https:\/\/antersystem.com\/pl\/wp-json\/wp\/v2\/types\/page"}],"author":[{"embeddable":true,"href":"https:\/\/antersystem.com\/pl\/wp-json\/wp\/v2\/users\/1"}],"replies":[{"embeddable":true,"href":"https:\/\/antersystem.com\/pl\/wp-json\/wp\/v2\/comments?post=15370"}],"version-history":[{"count":1,"href":"https:\/\/antersystem.com\/pl\/wp-json\/wp\/v2\/pages\/15370\/revisions"}],"predecessor-version":[{"id":15372,"href":"https:\/\/antersystem.com\/pl\/wp-json\/wp\/v2\/pages\/15370\/revisions\/15372"}],"up":[{"embeddable":true,"href":"https:\/\/antersystem.com\/pl\/wp-json\/wp\/v2\/pages\/12824"}],"wp:attachment":[{"href":"https:\/\/antersystem.com\/pl\/wp-json\/wp\/v2\/media?parent=15370"}],"curies":[{"name":"wp","href":"https:\/\/api.w.org\/{rel}","templated":true}]}}