{"id":15399,"date":"2024-10-07T13:21:59","date_gmt":"2024-10-07T11:21:59","guid":{"rendered":"https:\/\/new.antersystem.com\/news\/warsaw-industry-week-2024\/"},"modified":"2026-01-30T01:26:04","modified_gmt":"2026-01-30T00:26:04","slug":"warsaw-industry-week-2024","status":"publish","type":"page","link":"https:\/\/antersystem.com\/pl\/wiedza-i-nowosci\/warsaw-industry-week-2024\/","title":{"rendered":"Warsaw Industry Week 2024"},"content":{"rendered":"\n<div class=\"wp-block-columns is-layout-flex wp-container-core-columns-is-layout-9d6595d7 wp-block-columns-is-layout-flex\">\n<div class=\"wp-block-column is-layout-flow wp-block-column-is-layout-flow\" style=\"flex-basis:10%\"><\/div>\n\n\n\n<div class=\"wp-block-column is-layout-flow wp-block-column-is-layout-flow\">\n<h2 class=\"wp-block-heading\">Spotkajmy si\u0119 podczas Warsaw Industry Week!<\/h2>\n\n\n\n<p>Ju\u017c niebawem kolejna edycja najwi\u0119kszych targ\u00f3w przemys\u0142owych w Polsce! W dniach <strong>5-7 listopada<\/strong> w Warszawie liderzy bran\u017cy zaprezentuj\u0105 najnowsze rozwi\u0105zania w przemy\u015ble na 65 000 m2 powierzchni wystawienniczej Ptak Expo. W targach zapowiedzia\u0142o sw\u00f3j udzia\u0142 <strong>ponad 370 firm<\/strong> oferuj\u0105cych zaawansowane technologie i narz\u0119dzia wspieraj\u0105ce rozw\u00f3j r\u00f3\u017cnych sektor\u00f3w przemys\u0142u.<\/p>\n\n\n\n<p><strong>Anter System r\u00f3wnie\u017c b\u0119dzie tam obecny, aby zaprezentowa\u0107 swoje innowacyjne rozwi\u0105zania<\/strong> &#8211; modu\u0142owy system elastycznych barier polimerowych zaprojektowanych z my\u015bl\u0105 o bezpiecze\u0144stwie przemys\u0142owym, w tym <strong>nowoczesne automatyczne bramki bezpiecze\u0144stwa<\/strong>. Zapraszamy do odwiedzenia naszego stoiska i rozmowy z naszymi ekspertami na temat skutecznej ochrony infrastruktury, maszyn i pracownik\u00f3w w halach produkcyjnych, magazynach i dokach za\u0142adunkowych.<\/p>\n\n\n\n<p><strong><a href=\"https:\/\/industryweek.pl\/\" target=\"_blank\" rel=\"noreferrer noopener\">Warsaw Industry Week<\/a><\/strong> to nie tylko najwi\u0119ksze targi przemys\u0142owe w kraju, ale tak\u017ce wyj\u0105tkowa inicjatywa stworzona <strong>dla bran\u017cy i z my\u015bl\u0105 o jej rozwoju<\/strong>. Wydarzeniu towarzyszy profesjonalny kongres, daj\u0105cy uczestnikom mo\u017cliwo\u015b\u0107 zaktualizowania swojej wiedzy, zdobycia nowych umiej\u0119tno\u015bci i poznania najnowszych trend\u00f3w rynkowych. To tak\u017ce <strong>doskona\u0142e miejsce do budowania relacji biznesowych<\/strong> poprzez bezpo\u015brednie spotkania i prezentacje na \u017cywo innowacyjnych rozwi\u0105za\u0144. Dla wystawc\u00f3w jest to <strong>wyj\u0105tkowa okazja do om\u00f3wienia potrzeb, wyzwa\u0144 i oczekiwa\u0144 bran\u017cy<\/strong> wobec dostawc\u00f3w i ich produkt\u00f3w.<\/p>\n\n\n\n<p><strong>Anter System znajdziesz w hali C, na stoisku C2.41a.<\/strong> B\u0119dziemy tam od <strong>10:00 do 17:00<\/strong> &#8211; do zobaczenia w Warszawie!<\/p>\n\n\n\n<p>Chcesz <strong>um\u00f3wi\u0107 si\u0119 na spotkanie<\/strong> ze specjalistami Anter System podczas targ\u00f3w? Napisz do nas na adres: <a href=\"mailto:contact@antersystem.com\">contact@antersystem.com<\/a><\/p>\n\n\n\n<p><\/p>\n<\/div>\n\n\n\n<div class=\"wp-block-column is-layout-flow wp-block-column-is-layout-flow\" style=\"flex-basis:10%\"><\/div>\n<\/div>\n<div class=\"wp-block-image\">\n<figure class=\"aligncenter size-large is-resized\"><img loading=\"lazy\" decoding=\"async\" width=\"1024\" height=\"576\" src=\"https:\/\/antersystem.com\/wp-content\/uploads\/warsaw_industry_week2-1-1024x576.jpg\" alt=\"Anter System na Warsaw Industry Week 2024\" class=\"wp-image-5501\" style=\"width:620px;height:auto\" srcset=\"https:\/\/antersystem.com\/wp-content\/uploads\/warsaw_industry_week2-1-1024x576.jpg 1024w, https:\/\/antersystem.com\/wp-content\/uploads\/warsaw_industry_week2-1-300x169.jpg 300w, https:\/\/antersystem.com\/wp-content\/uploads\/warsaw_industry_week2-1-768x432.jpg 768w, https:\/\/antersystem.com\/wp-content\/uploads\/warsaw_industry_week2-1-450x253.jpg 450w, https:\/\/antersystem.com\/wp-content\/uploads\/warsaw_industry_week2-1-330x186.jpg 330w, https:\/\/antersystem.com\/wp-content\/uploads\/warsaw_industry_week2-1.jpg 1115w\" sizes=\"auto, (max-width: 1024px) 100vw, 1024px\" \/><\/figure><\/div>","protected":false},"excerpt":{"rendered":"<p>Spotkajmy si\u0119 podczas Warsaw Industry Week! Ju\u017c niebawem kolejna edycja najwi\u0119kszych targ\u00f3w przemys\u0142owych w Polsce! W dniach 5-7 listopada w Warszawie liderzy bran\u017cy zaprezentuj\u0105 najnowsze rozwi\u0105zania w przemy\u015ble na 65 000 m2 powierzchni wystawienniczej Ptak Expo. W targach zapowiedzia\u0142o sw\u00f3j udzia\u0142 ponad 370 firm oferuj\u0105cych zaawansowane technologie i narz\u0119dzia wspieraj\u0105ce rozw\u00f3j r\u00f3\u017cnych sektor\u00f3w przemys\u0142u. Anter [&hellip;]<\/p>\n","protected":false},"author":1,"featured_media":0,"parent":12824,"menu_order":0,"comment_status":"closed","ping_status":"closed","template":"","meta":{"inline_featured_image":false,"ngg_post_thumbnail":0,"footnotes":""},"class_list":["post-15399","page","type-page","status-publish","hentry"],"acf":[],"yoast_head":"<!-- This site is optimized with the Yoast SEO plugin v27.0 - https:\/\/yoast.com\/product\/yoast-seo-wordpress\/ -->\n<title>Warsaw Industry Week 2024 - Anter System<\/title>\n<meta name=\"description\" content=\"Spotkajmy si\u0119 podczas Warsaw Industry Week! Ju\u017c niebawem kolejna edycja najwi\u0119kszych targ\u00f3w przemys\u0142owych w Polsce! W dniach 5-7 listopada w Warszawie\" \/>\n<meta name=\"robots\" content=\"index, follow, max-snippet:-1, max-image-preview:large, max-video-preview:-1\" \/>\n<link rel=\"canonical\" href=\"https:\/\/antersystem.com\/pl\/wiedza-i-nowosci\/warsaw-industry-week-2024\/\" \/>\n<meta property=\"og:locale\" content=\"pl_PL\" \/>\n<meta property=\"og:type\" content=\"article\" \/>\n<meta property=\"og:title\" content=\"Warsaw Industry Week 2024 - Anter System\" \/>\n<meta property=\"og:description\" content=\"Spotkajmy si\u0119 podczas Warsaw Industry Week! Ju\u017c niebawem kolejna edycja najwi\u0119kszych targ\u00f3w przemys\u0142owych w Polsce! W dniach 5-7 listopada w Warszawie\" \/>\n<meta property=\"og:url\" content=\"https:\/\/antersystem.com\/pl\/wiedza-i-nowosci\/warsaw-industry-week-2024\/\" \/>\n<meta property=\"og:site_name\" content=\"Anter System\" \/>\n<meta property=\"article:modified_time\" content=\"2026-01-30T00:26:04+00:00\" \/>\n<meta property=\"og:image\" content=\"https:\/\/antersystem.com\/wp-content\/uploads\/warsaw_industry_week2-1-1024x576.jpg\" \/>\n<meta name=\"twitter:card\" content=\"summary_large_image\" \/>\n<meta name=\"twitter:label1\" content=\"Szacowany czas czytania\" \/>\n\t<meta name=\"twitter:data1\" content=\"1 minuta\" \/>\n<script type=\"application\/ld+json\" class=\"yoast-schema-graph\">{\"@context\":\"https:\/\/schema.org\",\"@graph\":[{\"@type\":\"WebPage\",\"@id\":\"https:\/\/antersystem.com\/pl\/wiedza-i-nowosci\/warsaw-industry-week-2024\/\",\"url\":\"https:\/\/antersystem.com\/pl\/wiedza-i-nowosci\/warsaw-industry-week-2024\/\",\"name\":\"Warsaw Industry Week 2024 - Anter System\",\"isPartOf\":{\"@id\":\"https:\/\/antersystem.com\/pl\/#website\"},\"primaryImageOfPage\":{\"@id\":\"https:\/\/antersystem.com\/pl\/wiedza-i-nowosci\/warsaw-industry-week-2024\/#primaryimage\"},\"image\":{\"@id\":\"https:\/\/antersystem.com\/pl\/wiedza-i-nowosci\/warsaw-industry-week-2024\/#primaryimage\"},\"thumbnailUrl\":\"https:\/\/antersystem.com\/wp-content\/uploads\/warsaw_industry_week2-1-1024x576.jpg\",\"datePublished\":\"2024-10-07T11:21:59+00:00\",\"dateModified\":\"2026-01-30T00:26:04+00:00\",\"description\":\"Spotkajmy si\u0119 podczas Warsaw Industry Week! Ju\u017c niebawem kolejna edycja najwi\u0119kszych targ\u00f3w przemys\u0142owych w Polsce! W dniach 5-7 listopada w Warszawie\",\"breadcrumb\":{\"@id\":\"https:\/\/antersystem.com\/pl\/wiedza-i-nowosci\/warsaw-industry-week-2024\/#breadcrumb\"},\"inLanguage\":\"pl-PL\",\"potentialAction\":[{\"@type\":\"ReadAction\",\"target\":[\"https:\/\/antersystem.com\/pl\/wiedza-i-nowosci\/warsaw-industry-week-2024\/\"]}]},{\"@type\":\"ImageObject\",\"inLanguage\":\"pl-PL\",\"@id\":\"https:\/\/antersystem.com\/pl\/wiedza-i-nowosci\/warsaw-industry-week-2024\/#primaryimage\",\"url\":\"https:\/\/antersystem.com\/wp-content\/uploads\/warsaw_industry_week2-1-1024x576.jpg\",\"contentUrl\":\"https:\/\/antersystem.com\/wp-content\/uploads\/warsaw_industry_week2-1-1024x576.jpg\"},{\"@type\":\"BreadcrumbList\",\"@id\":\"https:\/\/antersystem.com\/pl\/wiedza-i-nowosci\/warsaw-industry-week-2024\/#breadcrumb\",\"itemListElement\":[{\"@type\":\"ListItem\",\"position\":1,\"name\":\"AnterSystem\",\"item\":\"https:\/\/antersystem.com\/pl\/\"},{\"@type\":\"ListItem\",\"position\":2,\"name\":\"Wiedza i nowo\u015bci\",\"item\":\"https:\/\/antersystem.com\/pl\/wiedza-i-nowosci\/\"},{\"@type\":\"ListItem\",\"position\":3,\"name\":\"Warsaw Industry Week 2024\"}]},{\"@type\":\"WebSite\",\"@id\":\"https:\/\/antersystem.com\/pl\/#website\",\"url\":\"https:\/\/antersystem.com\/pl\/\",\"name\":\"Anter System\",\"description\":\"Jeste\u015bmy polskim producentem elastycznych barier ochronnych wykonywanych z polimerowych tworzyw sztucznych. Na rynku krajowym i zagranicznym dzia\u0142amy od ponad 15 lat dbaj\u0105c o zapewnienie bezpiecze\u0144stwa w zak\u0142adach produkcyjnych, magazynach oraz centrach logistycznych.\",\"potentialAction\":[{\"@type\":\"SearchAction\",\"target\":{\"@type\":\"EntryPoint\",\"urlTemplate\":\"https:\/\/antersystem.com\/pl\/?s={search_term_string}\"},\"query-input\":{\"@type\":\"PropertyValueSpecification\",\"valueRequired\":true,\"valueName\":\"search_term_string\"}}],\"inLanguage\":\"pl-PL\"}]}<\/script>\n<!-- \/ Yoast SEO plugin. -->","yoast_head_json":{"title":"Warsaw Industry Week 2024 - Anter System","description":"Spotkajmy si\u0119 podczas Warsaw Industry Week! Ju\u017c niebawem kolejna edycja najwi\u0119kszych targ\u00f3w przemys\u0142owych w Polsce! W dniach 5-7 listopada w Warszawie","robots":{"index":"index","follow":"follow","max-snippet":"max-snippet:-1","max-image-preview":"max-image-preview:large","max-video-preview":"max-video-preview:-1"},"canonical":"https:\/\/antersystem.com\/pl\/wiedza-i-nowosci\/warsaw-industry-week-2024\/","og_locale":"pl_PL","og_type":"article","og_title":"Warsaw Industry Week 2024 - Anter System","og_description":"Spotkajmy si\u0119 podczas Warsaw Industry Week! Ju\u017c niebawem kolejna edycja najwi\u0119kszych targ\u00f3w przemys\u0142owych w Polsce! W dniach 5-7 listopada w Warszawie","og_url":"https:\/\/antersystem.com\/pl\/wiedza-i-nowosci\/warsaw-industry-week-2024\/","og_site_name":"Anter System","article_modified_time":"2026-01-30T00:26:04+00:00","og_image":[{"url":"https:\/\/antersystem.com\/wp-content\/uploads\/warsaw_industry_week2-1-1024x576.jpg","type":"","width":"","height":""}],"twitter_card":"summary_large_image","twitter_misc":{"Szacowany czas czytania":"1 minuta"},"schema":{"@context":"https:\/\/schema.org","@graph":[{"@type":"WebPage","@id":"https:\/\/antersystem.com\/pl\/wiedza-i-nowosci\/warsaw-industry-week-2024\/","url":"https:\/\/antersystem.com\/pl\/wiedza-i-nowosci\/warsaw-industry-week-2024\/","name":"Warsaw Industry Week 2024 - Anter System","isPartOf":{"@id":"https:\/\/antersystem.com\/pl\/#website"},"primaryImageOfPage":{"@id":"https:\/\/antersystem.com\/pl\/wiedza-i-nowosci\/warsaw-industry-week-2024\/#primaryimage"},"image":{"@id":"https:\/\/antersystem.com\/pl\/wiedza-i-nowosci\/warsaw-industry-week-2024\/#primaryimage"},"thumbnailUrl":"https:\/\/antersystem.com\/wp-content\/uploads\/warsaw_industry_week2-1-1024x576.jpg","datePublished":"2024-10-07T11:21:59+00:00","dateModified":"2026-01-30T00:26:04+00:00","description":"Spotkajmy si\u0119 podczas Warsaw Industry Week! Ju\u017c niebawem kolejna edycja najwi\u0119kszych targ\u00f3w przemys\u0142owych w Polsce! W dniach 5-7 listopada w Warszawie","breadcrumb":{"@id":"https:\/\/antersystem.com\/pl\/wiedza-i-nowosci\/warsaw-industry-week-2024\/#breadcrumb"},"inLanguage":"pl-PL","potentialAction":[{"@type":"ReadAction","target":["https:\/\/antersystem.com\/pl\/wiedza-i-nowosci\/warsaw-industry-week-2024\/"]}]},{"@type":"ImageObject","inLanguage":"pl-PL","@id":"https:\/\/antersystem.com\/pl\/wiedza-i-nowosci\/warsaw-industry-week-2024\/#primaryimage","url":"https:\/\/antersystem.com\/wp-content\/uploads\/warsaw_industry_week2-1-1024x576.jpg","contentUrl":"https:\/\/antersystem.com\/wp-content\/uploads\/warsaw_industry_week2-1-1024x576.jpg"},{"@type":"BreadcrumbList","@id":"https:\/\/antersystem.com\/pl\/wiedza-i-nowosci\/warsaw-industry-week-2024\/#breadcrumb","itemListElement":[{"@type":"ListItem","position":1,"name":"AnterSystem","item":"https:\/\/antersystem.com\/pl\/"},{"@type":"ListItem","position":2,"name":"Wiedza i nowo\u015bci","item":"https:\/\/antersystem.com\/pl\/wiedza-i-nowosci\/"},{"@type":"ListItem","position":3,"name":"Warsaw Industry Week 2024"}]},{"@type":"WebSite","@id":"https:\/\/antersystem.com\/pl\/#website","url":"https:\/\/antersystem.com\/pl\/","name":"Anter System","description":"Jeste\u015bmy polskim producentem elastycznych barier ochronnych wykonywanych z polimerowych tworzyw sztucznych. Na rynku krajowym i zagranicznym dzia\u0142amy od ponad 15 lat dbaj\u0105c o zapewnienie bezpiecze\u0144stwa w zak\u0142adach produkcyjnych, magazynach oraz centrach logistycznych.","potentialAction":[{"@type":"SearchAction","target":{"@type":"EntryPoint","urlTemplate":"https:\/\/antersystem.com\/pl\/?s={search_term_string}"},"query-input":{"@type":"PropertyValueSpecification","valueRequired":true,"valueName":"search_term_string"}}],"inLanguage":"pl-PL"}]}},"_links":{"self":[{"href":"https:\/\/antersystem.com\/pl\/wp-json\/wp\/v2\/pages\/15399","targetHints":{"allow":["GET"]}}],"collection":[{"href":"https:\/\/antersystem.com\/pl\/wp-json\/wp\/v2\/pages"}],"about":[{"href":"https:\/\/antersystem.com\/pl\/wp-json\/wp\/v2\/types\/page"}],"author":[{"embeddable":true,"href":"https:\/\/antersystem.com\/pl\/wp-json\/wp\/v2\/users\/1"}],"replies":[{"embeddable":true,"href":"https:\/\/antersystem.com\/pl\/wp-json\/wp\/v2\/comments?post=15399"}],"version-history":[{"count":1,"href":"https:\/\/antersystem.com\/pl\/wp-json\/wp\/v2\/pages\/15399\/revisions"}],"predecessor-version":[{"id":15402,"href":"https:\/\/antersystem.com\/pl\/wp-json\/wp\/v2\/pages\/15399\/revisions\/15402"}],"up":[{"embeddable":true,"href":"https:\/\/antersystem.com\/pl\/wp-json\/wp\/v2\/pages\/12824"}],"wp:attachment":[{"href":"https:\/\/antersystem.com\/pl\/wp-json\/wp\/v2\/media?parent=15399"}],"curies":[{"name":"wp","href":"https:\/\/api.w.org\/{rel}","templated":true}]}}