{"id":15434,"date":"2024-11-08T10:12:51","date_gmt":"2024-11-08T09:12:51","guid":{"rendered":"https:\/\/new.antersystem.com\/news\/warsaw-industry-week-2024-2\/"},"modified":"2026-02-02T14:15:40","modified_gmt":"2026-02-02T13:15:40","slug":"warsaw-industry-week-2024-2","status":"publish","type":"page","link":"https:\/\/antersystem.com\/pl\/wiedza-i-nowosci\/warsaw-industry-week-2024-2\/","title":{"rendered":"Warsaw Industry Week 2024"},"content":{"rendered":"\n<div class=\"wp-block-columns is-layout-flex wp-container-core-columns-is-layout-9d6595d7 wp-block-columns-is-layout-flex\">\n<div class=\"wp-block-column is-layout-flow wp-block-column-is-layout-flow\">\n<h2 class=\"wp-block-heading\">Relacja z Warsaw Industry Week 5-7.11.2024 r.<\/h2>\n\n\n\n<div class=\"wp-block-columns is-layout-flex wp-container-core-columns-is-layout-9d6595d7 wp-block-columns-is-layout-flex\">\n<div class=\"wp-block-column is-layout-flow wp-block-column-is-layout-flow\" style=\"flex-basis:10%\"><\/div>\n\n\n\n<div class=\"wp-block-column is-layout-flow wp-block-column-is-layout-flow\" style=\"flex-basis:10%\"><\/div>\n<\/div>\n\n\n\n<div class=\"wp-block-columns is-layout-flex wp-container-core-columns-is-layout-9d6595d7 wp-block-columns-is-layout-flex\">\n<div class=\"wp-block-column is-layout-flow wp-block-column-is-layout-flow\" style=\"flex-basis:10%\"><\/div>\n\n\n\n<div class=\"wp-block-column is-layout-flow wp-block-column-is-layout-flow\">\n<p>Edycja <strong>Warsaw Industry Week<\/strong> 2024 by\u0142a \u00f3sm\u0105 i kolejn\u0105 bardzo udan\u0105 ods\u0142on\u0105 jednego z najwa\u017cniejszych wydarze\u0144 przemys\u0142owych w Europie \u015arodkowo-Wschodniej. <strong>Anter System, jako wystawca,<\/strong> mia\u0142 zaszczyt uczestniczy\u0107 w tych presti\u017cowych targach, kt\u00f3re zgromadzi\u0142y ponad 370 wystawc\u00f3w i tysi\u0105ce profesjonalist\u00f3w z ca\u0142ej bran\u017cy. Wydarzenie to stanowi\u0142o doskona\u0142\u0105 platform\u0119 do zaprezentowania naszych innowacyjnych rozwi\u0105za\u0144 przemys\u0142owych i intralogistycznych, w tym zaawansowanych system\u00f3w wspieraj\u0105cych bezpiecze\u0144stwo w miejscu pracy i wydajno\u015b\u0107 proces\u00f3w. Kolejn\u0105 atrakcj\u0105 targ\u00f3w by\u0142a mo\u017cliwo\u015b\u0107 uczestnictwa w wydarzeniach towarzysz\u0105cych, takich jak Mi\u0119dzynarodowa Konferencja Bran\u017cowa.<\/p>\n\n\n\n<p>Nasze stoisko cieszy\u0142o si\u0119 du\u017cym zainteresowaniem, szczeg\u00f3lnie dzi\u0119ki prezentacji produkt\u00f3w takich jak <a href=\"https:\/\/antersystem.com\/kategorie-produktow\/bramki-bezpieczenstwa\/\">automatyczne bramki bezpiecze\u0144stwa<\/a> oraz <a href=\"https:\/\/antersystem.com\/kategorie-produktow\/odbojnice-regalowe\/\">ochraniacze kolumn i rega\u0142\u00f3w<\/a>. Rozwi\u0105zania te, zaprojektowane w celu poprawy bezpiecze\u0144stwa i organizacji pracy w zak\u0142adach produkcyjnych, doskonale wpisuj\u0105 si\u0119 w dominuj\u0105ce trendy automatyzacji i optymalizacji przestrzeni roboczej prezentowane na tegorocznych targach.<\/p>\n\n\n\n<p>Udzia\u0142 w <strong>Warsaw Industry Week<\/strong> pozwoli\u0142 nam nie tylko podzieli\u0107 si\u0119 nasz\u0105 wiedz\u0105, ale tak\u017ce nawi\u0105za\u0107 cenne relacje biznesowe i wymieni\u0107 si\u0119 wiedz\u0105 z ekspertami z bran\u017cy. Stanowi to siln\u0105 inspiracj\u0119 do dalszego rozwoju naszych produkt\u00f3w zgodnie z ewoluuj\u0105cymi oczekiwaniami rynku i przemianami w bran\u017cy. Jeste\u015bmy dumni, \u017ce nasze innowacje nadal odpowiadaj\u0105 na dynamiczne potrzeby rynku i przyczyniaj\u0105 si\u0119 do poprawy wydajno\u015bci i bezpiecze\u0144stwa w ca\u0142ym sektorze przemys\u0142owym.<\/p>\n\n\n\n<p>Dzi\u0119kujemy wszystkim, kt\u00f3rzy <strong>odwiedzili nasze stoisko<\/strong> &#8211; do zobaczenia na kolejnej edycji!<\/p>\n\n\n\n<div class=\"wp-block-columns is-layout-flex wp-container-core-columns-is-layout-9d6595d7 wp-block-columns-is-layout-flex\">\n<div class=\"wp-block-column is-layout-flow wp-block-column-is-layout-flow\"><\/div>\n\n\n\n<div class=\"wp-block-column is-layout-flow wp-block-column-is-layout-flow\"><\/div>\n\n\n\n<div class=\"wp-block-column is-layout-flow wp-block-column-is-layout-flow\"><\/div>\n<\/div>\n<\/div>\n\n\n\n<div class=\"wp-block-column is-layout-flow wp-block-column-is-layout-flow\" style=\"flex-basis:10%\"><\/div>\n<\/div>\n\n\n\nngg_shortcode_0_placeholder\n<\/div>\n<\/div>\n\n<p><\/p>\n","protected":false},"excerpt":{"rendered":"<p>Relacja z Warsaw Industry Week 5-7.11.2024 r. Edycja Warsaw Industry Week 2024 by\u0142a \u00f3sm\u0105 i kolejn\u0105 bardzo udan\u0105 ods\u0142on\u0105 jednego z najwa\u017cniejszych wydarze\u0144 przemys\u0142owych w Europie \u015arodkowo-Wschodniej. Anter System, jako wystawca, mia\u0142 zaszczyt uczestniczy\u0107 w tych presti\u017cowych targach, kt\u00f3re zgromadzi\u0142y ponad 370 wystawc\u00f3w i tysi\u0105ce profesjonalist\u00f3w z ca\u0142ej bran\u017cy. Wydarzenie to stanowi\u0142o doskona\u0142\u0105 platform\u0119 do [&hellip;]<\/p>\n","protected":false},"author":1,"featured_media":0,"parent":12824,"menu_order":0,"comment_status":"closed","ping_status":"closed","template":"","meta":{"inline_featured_image":false,"ngg_post_thumbnail":0,"footnotes":""},"class_list":["post-15434","page","type-page","status-publish","hentry"],"acf":[],"yoast_head":"<!-- This site is optimized with the Yoast SEO plugin v27.0 - https:\/\/yoast.com\/product\/yoast-seo-wordpress\/ -->\n<title>Warsaw Industry Week 2024 - Anter System<\/title>\n<meta name=\"description\" content=\"W dniach 5-7listopada odby\u0142a si\u0119 \u00f3sma edycja targ\u00f3w Warsaw Industry Week, podczas kt\u00f3rej nie mog\u0142o zabrakn\u0105\u0107 stoiska Anter System\" \/>\n<meta name=\"robots\" content=\"index, follow, max-snippet:-1, max-image-preview:large, max-video-preview:-1\" \/>\n<link rel=\"canonical\" href=\"https:\/\/antersystem.com\/pl\/wiedza-i-nowosci\/warsaw-industry-week-2024-2\/\" \/>\n<meta property=\"og:locale\" content=\"pl_PL\" \/>\n<meta property=\"og:type\" content=\"article\" \/>\n<meta property=\"og:title\" content=\"Warsaw Industry Week 2024 - Anter System\" \/>\n<meta property=\"og:description\" content=\"W dniach 5-7listopada odby\u0142a si\u0119 \u00f3sma edycja targ\u00f3w Warsaw Industry Week, podczas kt\u00f3rej nie mog\u0142o zabrakn\u0105\u0107 stoiska Anter System\" \/>\n<meta property=\"og:url\" content=\"https:\/\/antersystem.com\/pl\/wiedza-i-nowosci\/warsaw-industry-week-2024-2\/\" \/>\n<meta property=\"og:site_name\" content=\"Anter System\" \/>\n<meta property=\"article:modified_time\" content=\"2026-02-02T13:15:40+00:00\" \/>\n<meta name=\"twitter:card\" content=\"summary_large_image\" \/>\n<meta name=\"twitter:label1\" content=\"Szacowany czas czytania\" \/>\n\t<meta name=\"twitter:data1\" content=\"1 minuta\" \/>\n<script type=\"application\/ld+json\" class=\"yoast-schema-graph\">{\"@context\":\"https:\/\/schema.org\",\"@graph\":[{\"@type\":\"WebPage\",\"@id\":\"https:\/\/antersystem.com\/pl\/wiedza-i-nowosci\/warsaw-industry-week-2024-2\/\",\"url\":\"https:\/\/antersystem.com\/pl\/wiedza-i-nowosci\/warsaw-industry-week-2024-2\/\",\"name\":\"Warsaw Industry Week 2024 - Anter System\",\"isPartOf\":{\"@id\":\"https:\/\/antersystem.com\/pl\/#website\"},\"datePublished\":\"2024-11-08T09:12:51+00:00\",\"dateModified\":\"2026-02-02T13:15:40+00:00\",\"description\":\"W dniach 5-7listopada odby\u0142a si\u0119 \u00f3sma edycja targ\u00f3w Warsaw Industry Week, podczas kt\u00f3rej nie mog\u0142o zabrakn\u0105\u0107 stoiska Anter System\",\"breadcrumb\":{\"@id\":\"https:\/\/antersystem.com\/pl\/wiedza-i-nowosci\/warsaw-industry-week-2024-2\/#breadcrumb\"},\"inLanguage\":\"pl-PL\",\"potentialAction\":[{\"@type\":\"ReadAction\",\"target\":[\"https:\/\/antersystem.com\/pl\/wiedza-i-nowosci\/warsaw-industry-week-2024-2\/\"]}]},{\"@type\":\"BreadcrumbList\",\"@id\":\"https:\/\/antersystem.com\/pl\/wiedza-i-nowosci\/warsaw-industry-week-2024-2\/#breadcrumb\",\"itemListElement\":[{\"@type\":\"ListItem\",\"position\":1,\"name\":\"AnterSystem\",\"item\":\"https:\/\/antersystem.com\/pl\/\"},{\"@type\":\"ListItem\",\"position\":2,\"name\":\"Wiedza i nowo\u015bci\",\"item\":\"https:\/\/antersystem.com\/pl\/wiedza-i-nowosci\/\"},{\"@type\":\"ListItem\",\"position\":3,\"name\":\"Warsaw Industry Week 2024\"}]},{\"@type\":\"WebSite\",\"@id\":\"https:\/\/antersystem.com\/pl\/#website\",\"url\":\"https:\/\/antersystem.com\/pl\/\",\"name\":\"Anter System\",\"description\":\"Jeste\u015bmy polskim producentem elastycznych barier ochronnych wykonywanych z polimerowych tworzyw sztucznych. Na rynku krajowym i zagranicznym dzia\u0142amy od ponad 15 lat dbaj\u0105c o zapewnienie bezpiecze\u0144stwa w zak\u0142adach produkcyjnych, magazynach oraz centrach logistycznych.\",\"potentialAction\":[{\"@type\":\"SearchAction\",\"target\":{\"@type\":\"EntryPoint\",\"urlTemplate\":\"https:\/\/antersystem.com\/pl\/?s={search_term_string}\"},\"query-input\":{\"@type\":\"PropertyValueSpecification\",\"valueRequired\":true,\"valueName\":\"search_term_string\"}}],\"inLanguage\":\"pl-PL\"}]}<\/script>\n<!-- \/ Yoast SEO plugin. -->","yoast_head_json":{"title":"Warsaw Industry Week 2024 - Anter System","description":"W dniach 5-7listopada odby\u0142a si\u0119 \u00f3sma edycja targ\u00f3w Warsaw Industry Week, podczas kt\u00f3rej nie mog\u0142o zabrakn\u0105\u0107 stoiska Anter System","robots":{"index":"index","follow":"follow","max-snippet":"max-snippet:-1","max-image-preview":"max-image-preview:large","max-video-preview":"max-video-preview:-1"},"canonical":"https:\/\/antersystem.com\/pl\/wiedza-i-nowosci\/warsaw-industry-week-2024-2\/","og_locale":"pl_PL","og_type":"article","og_title":"Warsaw Industry Week 2024 - Anter System","og_description":"W dniach 5-7listopada odby\u0142a si\u0119 \u00f3sma edycja targ\u00f3w Warsaw Industry Week, podczas kt\u00f3rej nie mog\u0142o zabrakn\u0105\u0107 stoiska Anter System","og_url":"https:\/\/antersystem.com\/pl\/wiedza-i-nowosci\/warsaw-industry-week-2024-2\/","og_site_name":"Anter System","article_modified_time":"2026-02-02T13:15:40+00:00","twitter_card":"summary_large_image","twitter_misc":{"Szacowany czas czytania":"1 minuta"},"schema":{"@context":"https:\/\/schema.org","@graph":[{"@type":"WebPage","@id":"https:\/\/antersystem.com\/pl\/wiedza-i-nowosci\/warsaw-industry-week-2024-2\/","url":"https:\/\/antersystem.com\/pl\/wiedza-i-nowosci\/warsaw-industry-week-2024-2\/","name":"Warsaw Industry Week 2024 - Anter System","isPartOf":{"@id":"https:\/\/antersystem.com\/pl\/#website"},"datePublished":"2024-11-08T09:12:51+00:00","dateModified":"2026-02-02T13:15:40+00:00","description":"W dniach 5-7listopada odby\u0142a si\u0119 \u00f3sma edycja targ\u00f3w Warsaw Industry Week, podczas kt\u00f3rej nie mog\u0142o zabrakn\u0105\u0107 stoiska Anter System","breadcrumb":{"@id":"https:\/\/antersystem.com\/pl\/wiedza-i-nowosci\/warsaw-industry-week-2024-2\/#breadcrumb"},"inLanguage":"pl-PL","potentialAction":[{"@type":"ReadAction","target":["https:\/\/antersystem.com\/pl\/wiedza-i-nowosci\/warsaw-industry-week-2024-2\/"]}]},{"@type":"BreadcrumbList","@id":"https:\/\/antersystem.com\/pl\/wiedza-i-nowosci\/warsaw-industry-week-2024-2\/#breadcrumb","itemListElement":[{"@type":"ListItem","position":1,"name":"AnterSystem","item":"https:\/\/antersystem.com\/pl\/"},{"@type":"ListItem","position":2,"name":"Wiedza i nowo\u015bci","item":"https:\/\/antersystem.com\/pl\/wiedza-i-nowosci\/"},{"@type":"ListItem","position":3,"name":"Warsaw Industry Week 2024"}]},{"@type":"WebSite","@id":"https:\/\/antersystem.com\/pl\/#website","url":"https:\/\/antersystem.com\/pl\/","name":"Anter System","description":"Jeste\u015bmy polskim producentem elastycznych barier ochronnych wykonywanych z polimerowych tworzyw sztucznych. Na rynku krajowym i zagranicznym dzia\u0142amy od ponad 15 lat dbaj\u0105c o zapewnienie bezpiecze\u0144stwa w zak\u0142adach produkcyjnych, magazynach oraz centrach logistycznych.","potentialAction":[{"@type":"SearchAction","target":{"@type":"EntryPoint","urlTemplate":"https:\/\/antersystem.com\/pl\/?s={search_term_string}"},"query-input":{"@type":"PropertyValueSpecification","valueRequired":true,"valueName":"search_term_string"}}],"inLanguage":"pl-PL"}]}},"_links":{"self":[{"href":"https:\/\/antersystem.com\/pl\/wp-json\/wp\/v2\/pages\/15434","targetHints":{"allow":["GET"]}}],"collection":[{"href":"https:\/\/antersystem.com\/pl\/wp-json\/wp\/v2\/pages"}],"about":[{"href":"https:\/\/antersystem.com\/pl\/wp-json\/wp\/v2\/types\/page"}],"author":[{"embeddable":true,"href":"https:\/\/antersystem.com\/pl\/wp-json\/wp\/v2\/users\/1"}],"replies":[{"embeddable":true,"href":"https:\/\/antersystem.com\/pl\/wp-json\/wp\/v2\/comments?post=15434"}],"version-history":[{"count":1,"href":"https:\/\/antersystem.com\/pl\/wp-json\/wp\/v2\/pages\/15434\/revisions"}],"predecessor-version":[{"id":15436,"href":"https:\/\/antersystem.com\/pl\/wp-json\/wp\/v2\/pages\/15434\/revisions\/15436"}],"up":[{"embeddable":true,"href":"https:\/\/antersystem.com\/pl\/wp-json\/wp\/v2\/pages\/12824"}],"wp:attachment":[{"href":"https:\/\/antersystem.com\/pl\/wp-json\/wp\/v2\/media?parent=15434"}],"curies":[{"name":"wp","href":"https:\/\/api.w.org\/{rel}","templated":true}]}}