{"id":15521,"date":"2023-11-15T15:46:20","date_gmt":"2023-11-15T14:46:20","guid":{"rendered":"https:\/\/new.antersystem.com\/news\/axon-intralogistyka-magazynowanie-2023\/"},"modified":"2026-01-30T01:26:21","modified_gmt":"2026-01-30T00:26:21","slug":"axon-intralogistyka-magazynowanie-2023","status":"publish","type":"page","link":"https:\/\/antersystem.com\/pl\/wiedza-i-nowosci\/axon-intralogistyka-magazynowanie-2023\/","title":{"rendered":"Jak efektywnie wykorzysta\u0107 przestrze\u0144 i bezpiecznie przechowywa\u0107?"},"content":{"rendered":"\n<div class=\"wp-block-columns is-layout-flex wp-container-core-columns-is-layout-9d6595d7 wp-block-columns-is-layout-flex\">\n  \n  <div class=\"wp-block-column is-layout-flow wp-block-column-is-layout-flow\" style=\"flex-basis:10%\"><\/div>\n  \n\n  \n  <div class=\"wp-block-column is-layout-flow wp-block-column-is-layout-flow\">\n    \n    <h3 class=\"wp-block-heading\">Jak efektywnie wykorzysta\u0107 przestrze\u0144 i zapewni\u0107 bezpieczne przechowywanie?<\/h3>\n    \n\n    \n    <p><strong>Do\u0142\u0105cz do nas 23 listopada na bezp\u0142atnej Konferencji Technicznej w <\/strong><strong>Terminal Hotel \/ Wroc\u0142aw &#8211; <\/strong><strong><a href=\"https:\/\/www.axonmedia.pl\/konferencje\/program\/intralogistyka-magazynowanie-2023-wroclaw\/\">&#8222;Rozwi\u0105zania intralogistyczne i magazynowe&#8221;<\/a><\/strong><\/p>\n    <p>Tutaj praktycy i eksperci z r\u00f3\u017cnych bran\u017c podziel\u0105 si\u0119 swoj\u0105 wiedz\u0105 i do\u015bwiadczeniem w zakresie usprawniania proces\u00f3w wewn\u0119trznych, a tak\u017ce om\u00f3wi\u0105 wyzwania i b\u0142\u0119dy, kt\u00f3re pojawiaj\u0105 si\u0119 podczas dostosowywania operacji logistycznych do potrzeb nowoczesnych obiekt\u00f3w.<\/p>\n    <p>Eksperci z Anter System b\u0119d\u0105 na miejscu, aby zademonstrowa\u0107, jak wdro\u017cy\u0107 rozwi\u0105zania, kt\u00f3re oszcz\u0119dzaj\u0105 zar\u00f3wno czas, jak i pieni\u0105dze. Znajdziesz je w salonie elastycznych barier ochronnych. <a href=\"https:\/\/antersystem.com\/wiedza-i-nowosci\/bariery-ochronne-z-polimerowych-tworzyw\/\">Najnowsze produkty<\/a> z tej kategorii b\u0119d\u0105 prezentowane przez ca\u0142y dzie\u0144. Je\u015bli jeste\u015b w trakcie przeprojektowywania \u0142a\u0144cucha dostaw, optymalizacji uk\u0142ad\u00f3w produkcyjnych lub wdra\u017cania automatyzacji proces\u00f3w &#8211; do\u0142\u0105cz do nas! Porozmawiajmy o tym, jak podnie\u015b\u0107 standardy bezpiecze\u0144stwa w obiektach i zintegrowa\u0107 sprz\u0119t ochronny z systemami automatyki budynkowej. Nawet je\u015bli dopiero zaczynasz zg\u0142\u0119bia\u0107 te tematy, bariery ochronne i produkty takie jak stojaki na przyczepy mog\u0105 pom\u00f3c Ci zobaczy\u0107, jak takie ulepszenia poprawiaj\u0105 zar\u00f3wno jako\u015b\u0107 miejsca pracy, jak i efektywno\u015b\u0107 finansow\u0105.<\/p>\n    <p><strong>Program konferencji<\/strong> obejmuje szeroki zakres temat\u00f3w, dzi\u0119ki czemu ka\u017cdy uczestnik mo\u017ce znale\u017a\u0107 rozwi\u0105zania technologiczne dostosowane do swoich potrzeb.<\/p>\n    <p>Dzie\u0144 wcze\u015bniej, <strong>22 listopada<\/strong>, w tym samym miejscu odb\u0119dzie si\u0119 kolejna Konferencja Techniczna &#8211; <strong>&#8222;Niezawodno\u015b\u0107 i Utrzymanie Ruchu w Zak\u0142adach Produkcyjnych<\/strong> &#8221; &#8211; kt\u00f3r\u0105 r\u00f3wnie\u017c gor\u0105co polecamy w imieniu organizatora, firmy Axon Media.<\/p>\n    <p>&nbsp;<\/p>\n    <p>Hotel Terminal &#8211; Dynamiczne Centrum Kongresowe<br>Rakietowa 33<br>54-615 Wroc\u0142aw<\/p>\n    <p>&nbsp;<\/p>\n    \n\n    <div class=\"wp-block-image\">\n    <figure class=\"aligncenter size-large is-resized\"><img loading=\"lazy\" decoding=\"async\" width=\"1024\" height=\"535\" src=\"https:\/\/antersystem.com\/wp-content\/uploads\/Konferencja-Axon-Media-Anter-System-2023-2-1024x535.jpg\" alt=\"Anter System na konferencji technicznej Axon Media 2023\" class=\"wp-image-3540\" style=\"width:714px;height:auto\" srcset=\"https:\/\/antersystem.com\/wp-content\/uploads\/Konferencja-Axon-Media-Anter-System-2023-2-1024x535.jpg 1024w, https:\/\/antersystem.com\/wp-content\/uploads\/Konferencja-Axon-Media-Anter-System-2023-2-300x157.jpg 300w, https:\/\/antersystem.com\/wp-content\/uploads\/Konferencja-Axon-Media-Anter-System-2023-2-768x401.jpg 768w, https:\/\/antersystem.com\/wp-content\/uploads\/Konferencja-Axon-Media-Anter-System-2023-2-450x235.jpg 450w, https:\/\/antersystem.com\/wp-content\/uploads\/Konferencja-Axon-Media-Anter-System-2023-2-330x172.jpg 330w, https:\/\/antersystem.com\/wp-content\/uploads\/Konferencja-Axon-Media-Anter-System-2023-2.jpg 1200w\" sizes=\"auto, (max-width: 1024px) 100vw, 1024px\" \/><\/figure><\/div>\n  <\/div>\n  \n\n  \n  <div class=\"wp-block-column is-layout-flow wp-block-column-is-layout-flow\" style=\"flex-basis:10%\"><\/div>\n  \n<\/div>\n","protected":false},"excerpt":{"rendered":"<p>Jak efektywnie wykorzysta\u0107 przestrze\u0144 i zapewni\u0107 bezpieczne przechowywanie? Do\u0142\u0105cz do nas 23 listopada na bezp\u0142atnej Konferencji Technicznej w Terminal Hotel \/ Wroc\u0142aw &#8211; &#8222;Rozwi\u0105zania intralogistyczne i magazynowe&#8221; Tutaj praktycy i eksperci z r\u00f3\u017cnych bran\u017c podziel\u0105 si\u0119 swoj\u0105 wiedz\u0105 i do\u015bwiadczeniem w zakresie usprawniania proces\u00f3w wewn\u0119trznych, a tak\u017ce om\u00f3wi\u0105 wyzwania i b\u0142\u0119dy, kt\u00f3re pojawiaj\u0105 si\u0119 podczas [&hellip;]<\/p>\n","protected":false},"author":1,"featured_media":0,"parent":12824,"menu_order":0,"comment_status":"closed","ping_status":"closed","template":"","meta":{"inline_featured_image":false,"ngg_post_thumbnail":0,"footnotes":""},"class_list":["post-15521","page","type-page","status-publish","hentry"],"acf":[],"yoast_head":"<!-- This site is optimized with the Yoast SEO plugin v27.0 - https:\/\/yoast.com\/product\/yoast-seo-wordpress\/ -->\n<title>Jak efektywnie wykorzysta\u0107 przestrze\u0144 i bezpiecznie przechowywa\u0107? - Anter System<\/title>\n<meta name=\"description\" content=\"Jak efektywnie wykorzysta\u0107 przestrze\u0144 i zapewni\u0107 bezpieczne przechowywanie? Do\u0142\u0105cz do nas 23 listopada na bezp\u0142atnej Konferencji Technicznej w Terminal\" \/>\n<meta name=\"robots\" content=\"index, follow, max-snippet:-1, max-image-preview:large, max-video-preview:-1\" \/>\n<link rel=\"canonical\" href=\"https:\/\/antersystem.com\/pl\/wiedza-i-nowosci\/axon-intralogistyka-magazynowanie-2023\/\" \/>\n<meta property=\"og:locale\" content=\"pl_PL\" \/>\n<meta property=\"og:type\" content=\"article\" \/>\n<meta property=\"og:title\" content=\"Jak efektywnie wykorzysta\u0107 przestrze\u0144 i bezpiecznie przechowywa\u0107? - Anter System\" \/>\n<meta property=\"og:description\" content=\"Jak efektywnie wykorzysta\u0107 przestrze\u0144 i zapewni\u0107 bezpieczne przechowywanie? Do\u0142\u0105cz do nas 23 listopada na bezp\u0142atnej Konferencji Technicznej w Terminal\" \/>\n<meta property=\"og:url\" content=\"https:\/\/antersystem.com\/pl\/wiedza-i-nowosci\/axon-intralogistyka-magazynowanie-2023\/\" \/>\n<meta property=\"og:site_name\" content=\"Anter System\" \/>\n<meta property=\"article:modified_time\" content=\"2026-01-30T00:26:21+00:00\" \/>\n<meta property=\"og:image\" content=\"https:\/\/antersystem.com\/wp-content\/uploads\/Konferencja-Axon-Media-Anter-System-2023-2-1024x535.jpg\" \/>\n<meta name=\"twitter:card\" content=\"summary_large_image\" \/>\n<meta name=\"twitter:label1\" content=\"Szacowany czas czytania\" \/>\n\t<meta name=\"twitter:data1\" content=\"1 minuta\" \/>\n<script type=\"application\/ld+json\" class=\"yoast-schema-graph\">{\"@context\":\"https:\/\/schema.org\",\"@graph\":[{\"@type\":\"WebPage\",\"@id\":\"https:\/\/antersystem.com\/pl\/wiedza-i-nowosci\/axon-intralogistyka-magazynowanie-2023\/\",\"url\":\"https:\/\/antersystem.com\/pl\/wiedza-i-nowosci\/axon-intralogistyka-magazynowanie-2023\/\",\"name\":\"Jak efektywnie wykorzysta\u0107 przestrze\u0144 i bezpiecznie przechowywa\u0107? - Anter System\",\"isPartOf\":{\"@id\":\"https:\/\/antersystem.com\/pl\/#website\"},\"primaryImageOfPage\":{\"@id\":\"https:\/\/antersystem.com\/pl\/wiedza-i-nowosci\/axon-intralogistyka-magazynowanie-2023\/#primaryimage\"},\"image\":{\"@id\":\"https:\/\/antersystem.com\/pl\/wiedza-i-nowosci\/axon-intralogistyka-magazynowanie-2023\/#primaryimage\"},\"thumbnailUrl\":\"https:\/\/antersystem.com\/wp-content\/uploads\/Konferencja-Axon-Media-Anter-System-2023-2-1024x535.jpg\",\"datePublished\":\"2023-11-15T14:46:20+00:00\",\"dateModified\":\"2026-01-30T00:26:21+00:00\",\"description\":\"Jak efektywnie wykorzysta\u0107 przestrze\u0144 i zapewni\u0107 bezpieczne przechowywanie? Do\u0142\u0105cz do nas 23 listopada na bezp\u0142atnej Konferencji Technicznej w Terminal\",\"breadcrumb\":{\"@id\":\"https:\/\/antersystem.com\/pl\/wiedza-i-nowosci\/axon-intralogistyka-magazynowanie-2023\/#breadcrumb\"},\"inLanguage\":\"pl-PL\",\"potentialAction\":[{\"@type\":\"ReadAction\",\"target\":[\"https:\/\/antersystem.com\/pl\/wiedza-i-nowosci\/axon-intralogistyka-magazynowanie-2023\/\"]}]},{\"@type\":\"ImageObject\",\"inLanguage\":\"pl-PL\",\"@id\":\"https:\/\/antersystem.com\/pl\/wiedza-i-nowosci\/axon-intralogistyka-magazynowanie-2023\/#primaryimage\",\"url\":\"https:\/\/antersystem.com\/wp-content\/uploads\/Konferencja-Axon-Media-Anter-System-2023-2-1024x535.jpg\",\"contentUrl\":\"https:\/\/antersystem.com\/wp-content\/uploads\/Konferencja-Axon-Media-Anter-System-2023-2-1024x535.jpg\"},{\"@type\":\"BreadcrumbList\",\"@id\":\"https:\/\/antersystem.com\/pl\/wiedza-i-nowosci\/axon-intralogistyka-magazynowanie-2023\/#breadcrumb\",\"itemListElement\":[{\"@type\":\"ListItem\",\"position\":1,\"name\":\"AnterSystem\",\"item\":\"https:\/\/antersystem.com\/pl\/\"},{\"@type\":\"ListItem\",\"position\":2,\"name\":\"Wiedza i nowo\u015bci\",\"item\":\"https:\/\/antersystem.com\/pl\/wiedza-i-nowosci\/\"},{\"@type\":\"ListItem\",\"position\":3,\"name\":\"Jak efektywnie wykorzysta\u0107 przestrze\u0144 i bezpiecznie przechowywa\u0107?\"}]},{\"@type\":\"WebSite\",\"@id\":\"https:\/\/antersystem.com\/pl\/#website\",\"url\":\"https:\/\/antersystem.com\/pl\/\",\"name\":\"Anter System\",\"description\":\"Jeste\u015bmy polskim producentem elastycznych barier ochronnych wykonywanych z polimerowych tworzyw sztucznych. Na rynku krajowym i zagranicznym dzia\u0142amy od ponad 15 lat dbaj\u0105c o zapewnienie bezpiecze\u0144stwa w zak\u0142adach produkcyjnych, magazynach oraz centrach logistycznych.\",\"potentialAction\":[{\"@type\":\"SearchAction\",\"target\":{\"@type\":\"EntryPoint\",\"urlTemplate\":\"https:\/\/antersystem.com\/pl\/?s={search_term_string}\"},\"query-input\":{\"@type\":\"PropertyValueSpecification\",\"valueRequired\":true,\"valueName\":\"search_term_string\"}}],\"inLanguage\":\"pl-PL\"}]}<\/script>\n<!-- \/ Yoast SEO plugin. -->","yoast_head_json":{"title":"Jak efektywnie wykorzysta\u0107 przestrze\u0144 i bezpiecznie przechowywa\u0107? - Anter System","description":"Jak efektywnie wykorzysta\u0107 przestrze\u0144 i zapewni\u0107 bezpieczne przechowywanie? Do\u0142\u0105cz do nas 23 listopada na bezp\u0142atnej Konferencji Technicznej w Terminal","robots":{"index":"index","follow":"follow","max-snippet":"max-snippet:-1","max-image-preview":"max-image-preview:large","max-video-preview":"max-video-preview:-1"},"canonical":"https:\/\/antersystem.com\/pl\/wiedza-i-nowosci\/axon-intralogistyka-magazynowanie-2023\/","og_locale":"pl_PL","og_type":"article","og_title":"Jak efektywnie wykorzysta\u0107 przestrze\u0144 i bezpiecznie przechowywa\u0107? - Anter System","og_description":"Jak efektywnie wykorzysta\u0107 przestrze\u0144 i zapewni\u0107 bezpieczne przechowywanie? Do\u0142\u0105cz do nas 23 listopada na bezp\u0142atnej Konferencji Technicznej w Terminal","og_url":"https:\/\/antersystem.com\/pl\/wiedza-i-nowosci\/axon-intralogistyka-magazynowanie-2023\/","og_site_name":"Anter System","article_modified_time":"2026-01-30T00:26:21+00:00","og_image":[{"url":"https:\/\/antersystem.com\/wp-content\/uploads\/Konferencja-Axon-Media-Anter-System-2023-2-1024x535.jpg","type":"","width":"","height":""}],"twitter_card":"summary_large_image","twitter_misc":{"Szacowany czas czytania":"1 minuta"},"schema":{"@context":"https:\/\/schema.org","@graph":[{"@type":"WebPage","@id":"https:\/\/antersystem.com\/pl\/wiedza-i-nowosci\/axon-intralogistyka-magazynowanie-2023\/","url":"https:\/\/antersystem.com\/pl\/wiedza-i-nowosci\/axon-intralogistyka-magazynowanie-2023\/","name":"Jak efektywnie wykorzysta\u0107 przestrze\u0144 i bezpiecznie przechowywa\u0107? - Anter System","isPartOf":{"@id":"https:\/\/antersystem.com\/pl\/#website"},"primaryImageOfPage":{"@id":"https:\/\/antersystem.com\/pl\/wiedza-i-nowosci\/axon-intralogistyka-magazynowanie-2023\/#primaryimage"},"image":{"@id":"https:\/\/antersystem.com\/pl\/wiedza-i-nowosci\/axon-intralogistyka-magazynowanie-2023\/#primaryimage"},"thumbnailUrl":"https:\/\/antersystem.com\/wp-content\/uploads\/Konferencja-Axon-Media-Anter-System-2023-2-1024x535.jpg","datePublished":"2023-11-15T14:46:20+00:00","dateModified":"2026-01-30T00:26:21+00:00","description":"Jak efektywnie wykorzysta\u0107 przestrze\u0144 i zapewni\u0107 bezpieczne przechowywanie? Do\u0142\u0105cz do nas 23 listopada na bezp\u0142atnej Konferencji Technicznej w Terminal","breadcrumb":{"@id":"https:\/\/antersystem.com\/pl\/wiedza-i-nowosci\/axon-intralogistyka-magazynowanie-2023\/#breadcrumb"},"inLanguage":"pl-PL","potentialAction":[{"@type":"ReadAction","target":["https:\/\/antersystem.com\/pl\/wiedza-i-nowosci\/axon-intralogistyka-magazynowanie-2023\/"]}]},{"@type":"ImageObject","inLanguage":"pl-PL","@id":"https:\/\/antersystem.com\/pl\/wiedza-i-nowosci\/axon-intralogistyka-magazynowanie-2023\/#primaryimage","url":"https:\/\/antersystem.com\/wp-content\/uploads\/Konferencja-Axon-Media-Anter-System-2023-2-1024x535.jpg","contentUrl":"https:\/\/antersystem.com\/wp-content\/uploads\/Konferencja-Axon-Media-Anter-System-2023-2-1024x535.jpg"},{"@type":"BreadcrumbList","@id":"https:\/\/antersystem.com\/pl\/wiedza-i-nowosci\/axon-intralogistyka-magazynowanie-2023\/#breadcrumb","itemListElement":[{"@type":"ListItem","position":1,"name":"AnterSystem","item":"https:\/\/antersystem.com\/pl\/"},{"@type":"ListItem","position":2,"name":"Wiedza i nowo\u015bci","item":"https:\/\/antersystem.com\/pl\/wiedza-i-nowosci\/"},{"@type":"ListItem","position":3,"name":"Jak efektywnie wykorzysta\u0107 przestrze\u0144 i bezpiecznie przechowywa\u0107?"}]},{"@type":"WebSite","@id":"https:\/\/antersystem.com\/pl\/#website","url":"https:\/\/antersystem.com\/pl\/","name":"Anter System","description":"Jeste\u015bmy polskim producentem elastycznych barier ochronnych wykonywanych z polimerowych tworzyw sztucznych. Na rynku krajowym i zagranicznym dzia\u0142amy od ponad 15 lat dbaj\u0105c o zapewnienie bezpiecze\u0144stwa w zak\u0142adach produkcyjnych, magazynach oraz centrach logistycznych.","potentialAction":[{"@type":"SearchAction","target":{"@type":"EntryPoint","urlTemplate":"https:\/\/antersystem.com\/pl\/?s={search_term_string}"},"query-input":{"@type":"PropertyValueSpecification","valueRequired":true,"valueName":"search_term_string"}}],"inLanguage":"pl-PL"}]}},"_links":{"self":[{"href":"https:\/\/antersystem.com\/pl\/wp-json\/wp\/v2\/pages\/15521","targetHints":{"allow":["GET"]}}],"collection":[{"href":"https:\/\/antersystem.com\/pl\/wp-json\/wp\/v2\/pages"}],"about":[{"href":"https:\/\/antersystem.com\/pl\/wp-json\/wp\/v2\/types\/page"}],"author":[{"embeddable":true,"href":"https:\/\/antersystem.com\/pl\/wp-json\/wp\/v2\/users\/1"}],"replies":[{"embeddable":true,"href":"https:\/\/antersystem.com\/pl\/wp-json\/wp\/v2\/comments?post=15521"}],"version-history":[{"count":1,"href":"https:\/\/antersystem.com\/pl\/wp-json\/wp\/v2\/pages\/15521\/revisions"}],"predecessor-version":[{"id":15524,"href":"https:\/\/antersystem.com\/pl\/wp-json\/wp\/v2\/pages\/15521\/revisions\/15524"}],"up":[{"embeddable":true,"href":"https:\/\/antersystem.com\/pl\/wp-json\/wp\/v2\/pages\/12824"}],"wp:attachment":[{"href":"https:\/\/antersystem.com\/pl\/wp-json\/wp\/v2\/media?parent=15521"}],"curies":[{"name":"wp","href":"https:\/\/api.w.org\/{rel}","templated":true}]}}