{"id":15528,"date":"2024-03-26T13:03:30","date_gmt":"2024-03-26T12:03:30","guid":{"rendered":"https:\/\/new.antersystem.com\/news\/sawo-2024\/"},"modified":"2026-01-30T01:30:34","modified_gmt":"2026-01-30T00:30:34","slug":"sawo-2024","status":"publish","type":"page","link":"https:\/\/antersystem.com\/pl\/wiedza-i-nowosci\/sawo-2024\/","title":{"rendered":"Targi SAWO"},"content":{"rendered":"\n<div class=\"wp-block-columns is-layout-flex wp-container-core-columns-is-layout-9d6595d7 wp-block-columns-is-layout-flex\">\n<div class=\"wp-block-column is-layout-flow wp-block-column-is-layout-flow\" style=\"flex-basis:10%\"><\/div>\n\n\n\n<div class=\"wp-block-column is-layout-flow wp-block-column-is-layout-flow\">\n<h3 class=\"wp-block-heading\">Bezpiecze\u0144stwo pracy i reagowanie kryzysowe &#8211; targi SAWO&#8217;24 w Poznaniu.<\/h3>\n\n\n\n<p>Gdyby hale produkcyjne, magazyny i inne obiekty przemys\u0142owe by\u0142y lepiej chronione, liczba wypadk\u00f3w z pewno\u015bci\u0105 by\u0142aby znacznie ni\u017csza. Wydaje si\u0119, \u017ce poszerzanie wiedzy w tej dziedzinie mo\u017ce by\u0107 niesko\u0144czone &#8211; i to jest dobra rzecz. Kolejna okazja ku temu b\u0119dzie mia\u0142a miejsce w drugiej po\u0142owie kwietnia, w dniach 23-25 kwietnia w Poznaniu. <strong>Mi\u0119dzynarodowe Targi Bezpiecze\u0144stwa Pracy, Ochrony Przeciwpo\u017carowej i Ratownictwa SAWO<\/strong> to najwi\u0119ksze targi BHP w Europie \u015arodkowo-Wschodniej.<\/p>\n\n\n\n<p>Podczas wydarzenia zaprezentowane zostan\u0105 najnowsze osi\u0105gni\u0119cia polskich i mi\u0119dzynarodowych <strong>producent\u00f3w sprz\u0119tu i rozwi\u0105za\u0144 dedykowanych bezpiecze\u0144stwu, ochronie zdrowia i pracy<\/strong>. Targi SAWO to r\u00f3wnie\u017c przestrze\u0144 do zaprezentowania zaawansowanych technologii wykorzystywanych w ratownictwie specjalistycznym. Odwiedzaj\u0105cy mog\u0105 spodziewa\u0107 si\u0119 nie tylko r\u00f3\u017cnorodnej wystawy, ale tak\u017ce mo\u017cliwo\u015bci wzi\u0119cia udzia\u0142u w konferencjach tematycznych i spektakularnych pokazach na \u017cywo.<\/p>\n\n\n\n<p>Dyskusje na temat tego, jak w\u0142a\u015bciwie chroni\u0107 pracownik\u00f3w i aktywa firmy przed konsekwencjami ludzkich b\u0142\u0119d\u00f3w i wypadk\u00f3w trwaj\u0105 od lat. Jednym z kluczowych wyzwa\u0144 stoj\u0105cych przed wsp\u00f3\u0142czesnymi pracodawcami jest konieczno\u015b\u0107 dostosowania ochrony obiekt\u00f3w do dynamicznie zmieniaj\u0105cych si\u0119 warunk\u00f3w rynkowych, a tak\u017ce nowych rozwi\u0105za\u0144 i technologii. Zamierzamy podzieli\u0107 si\u0119 nasz\u0105 wiedz\u0105 na ten temat podczas targ\u00f3w SAWO.<\/p>\n\n\n\n<p>W\u015br\u00f3d najwi\u0119kszych <a href=\"https:\/\/antersystem.com\/nasze-systemy\/\"><strong>zalet elastycznych system\u00f3w barierowych Anter System<\/strong><\/a> jest ich solidna konstrukcja i mo\u017cliwo\u015b\u0107 elastycznej rozbudowy o dodatkowe modu\u0142y. Nie bez znaczenia jest tak\u017ce ich przyst\u0119pna cena &#8211; zw\u0142aszcza w stosunku do jako\u015bci produktu. Elastyczne bariery zwi\u0119kszaj\u0105 poziom bezpiecze\u0144stwa operacji z udzia\u0142em w\u00f3zk\u00f3w wid\u0142owych, pomagaj\u0105c chroni\u0107 innych pracownik\u00f3w przed konsekwencjami b\u0142\u0119d\u00f3w operatora. Jednocze\u015bnie zastosowanie barier energoch\u0142onnych w obiektach przemys\u0142owych prowadzi do wymiernych i d\u0142ugoterminowych redukcji koszt\u00f3w, dzi\u0119ki lepszej ochronie \u0142adunku i optymalizacji przestrzeni magazynowej. Produkty te umo\u017cliwiaj\u0105 bezpieczne i wygodne przechowywanie towar\u00f3w na du\u017cych wysoko\u015bciach, bez ryzyka np. przypadkowego przesuni\u0119cia.<\/p>\n\n\n\n<p>Do zobaczenia na nadchodz\u0105cej edycji! Zapraszamy do obejrzenia naszych produkt\u00f3w z bliska: <strong>Hala 3A (parter), stoisko nr 121<\/strong>.<\/p>\n\n\n\n<p>Link do wydarzenia: <a href=\"https:\/\/targisawo.pl\/pl\/program-wydarzen\/\"><strong>targisawo.pl<\/strong><\/a><\/p>\n\n\n\n<p><strong>#SAWO #tradefair #rescue #OHS<\/strong> <strong>#flexiblesafetybarriers<\/strong><\/p>\n<\/div>\n\n\n\n<div class=\"wp-block-column is-layout-flow wp-block-column-is-layout-flow\" style=\"flex-basis:10%\"><\/div>\n<\/div>\n<div class=\"wp-block-image\">\n<figure class=\"aligncenter size-large is-resized\"><img loading=\"lazy\" decoding=\"async\" width=\"1024\" height=\"535\" src=\"https:\/\/antersystem.com\/wp-content\/uploads\/SAWO-targi-ochrony-pracy-pozarnictwa-i-ratownictwa-Anter-System-1024x535.webp\" alt=\"\" class=\"wp-image-4389\" style=\"width:720px;height:auto\" srcset=\"https:\/\/antersystem.com\/wp-content\/uploads\/SAWO-targi-ochrony-pracy-pozarnictwa-i-ratownictwa-Anter-System-1024x535.webp 1024w, https:\/\/antersystem.com\/wp-content\/uploads\/SAWO-targi-ochrony-pracy-pozarnictwa-i-ratownictwa-Anter-System-300x157.webp 300w, https:\/\/antersystem.com\/wp-content\/uploads\/SAWO-targi-ochrony-pracy-pozarnictwa-i-ratownictwa-Anter-System-768x401.webp 768w, https:\/\/antersystem.com\/wp-content\/uploads\/SAWO-targi-ochrony-pracy-pozarnictwa-i-ratownictwa-Anter-System-450x235.webp 450w, https:\/\/antersystem.com\/wp-content\/uploads\/SAWO-targi-ochrony-pracy-pozarnictwa-i-ratownictwa-Anter-System-330x172.webp 330w, https:\/\/antersystem.com\/wp-content\/uploads\/SAWO-targi-ochrony-pracy-pozarnictwa-i-ratownictwa-Anter-System.webp 1200w\" sizes=\"auto, (max-width: 1024px) 100vw, 1024px\" \/><\/figure><\/div>","protected":false},"excerpt":{"rendered":"<p>Bezpiecze\u0144stwo pracy i reagowanie kryzysowe &#8211; targi SAWO&#8217;24 w Poznaniu. Gdyby hale produkcyjne, magazyny i inne obiekty przemys\u0142owe by\u0142y lepiej chronione, liczba wypadk\u00f3w z pewno\u015bci\u0105 by\u0142aby znacznie ni\u017csza. Wydaje si\u0119, \u017ce poszerzanie wiedzy w tej dziedzinie mo\u017ce by\u0107 niesko\u0144czone &#8211; i to jest dobra rzecz. Kolejna okazja ku temu b\u0119dzie mia\u0142a miejsce w drugiej po\u0142owie [&hellip;]<\/p>\n","protected":false},"author":1,"featured_media":0,"parent":12824,"menu_order":0,"comment_status":"closed","ping_status":"closed","template":"","meta":{"inline_featured_image":false,"ngg_post_thumbnail":0,"footnotes":""},"class_list":["post-15528","page","type-page","status-publish","hentry"],"acf":[],"yoast_head":"<!-- This site is optimized with the Yoast SEO plugin v27.0 - https:\/\/yoast.com\/product\/yoast-seo-wordpress\/ -->\n<title>Targi SAWO - Anter System<\/title>\n<meta name=\"description\" content=\"Bezpiecze\u0144stwo pracy i reagowanie kryzysowe - targi SAWO&#039;24 w Poznaniu. Gdyby hale produkcyjne, magazyny i inne obiekty przemys\u0142owe by\u0142y lepiej chronione,\" \/>\n<meta name=\"robots\" content=\"index, follow, max-snippet:-1, max-image-preview:large, max-video-preview:-1\" \/>\n<link rel=\"canonical\" href=\"https:\/\/antersystem.com\/pl\/wiedza-i-nowosci\/sawo-2024\/\" \/>\n<meta property=\"og:locale\" content=\"pl_PL\" \/>\n<meta property=\"og:type\" content=\"article\" \/>\n<meta property=\"og:title\" content=\"Targi SAWO - Anter System\" \/>\n<meta property=\"og:description\" content=\"Bezpiecze\u0144stwo pracy i reagowanie kryzysowe - targi SAWO&#039;24 w Poznaniu. Gdyby hale produkcyjne, magazyny i inne obiekty przemys\u0142owe by\u0142y lepiej chronione,\" \/>\n<meta property=\"og:url\" content=\"https:\/\/antersystem.com\/pl\/wiedza-i-nowosci\/sawo-2024\/\" \/>\n<meta property=\"og:site_name\" content=\"Anter System\" \/>\n<meta property=\"article:modified_time\" content=\"2026-01-30T00:30:34+00:00\" \/>\n<meta property=\"og:image\" content=\"https:\/\/antersystem.com\/wp-content\/uploads\/SAWO-targi-ochrony-pracy-pozarnictwa-i-ratownictwa-Anter-System-1024x535.webp\" \/>\n<meta name=\"twitter:card\" content=\"summary_large_image\" \/>\n<meta name=\"twitter:label1\" content=\"Szacowany czas czytania\" \/>\n\t<meta name=\"twitter:data1\" content=\"2 minuty\" \/>\n<script type=\"application\/ld+json\" class=\"yoast-schema-graph\">{\"@context\":\"https:\/\/schema.org\",\"@graph\":[{\"@type\":\"WebPage\",\"@id\":\"https:\/\/antersystem.com\/pl\/wiedza-i-nowosci\/sawo-2024\/\",\"url\":\"https:\/\/antersystem.com\/pl\/wiedza-i-nowosci\/sawo-2024\/\",\"name\":\"Targi SAWO - Anter System\",\"isPartOf\":{\"@id\":\"https:\/\/antersystem.com\/pl\/#website\"},\"primaryImageOfPage\":{\"@id\":\"https:\/\/antersystem.com\/pl\/wiedza-i-nowosci\/sawo-2024\/#primaryimage\"},\"image\":{\"@id\":\"https:\/\/antersystem.com\/pl\/wiedza-i-nowosci\/sawo-2024\/#primaryimage\"},\"thumbnailUrl\":\"https:\/\/antersystem.com\/wp-content\/uploads\/SAWO-targi-ochrony-pracy-pozarnictwa-i-ratownictwa-Anter-System-1024x535.webp\",\"datePublished\":\"2024-03-26T12:03:30+00:00\",\"dateModified\":\"2026-01-30T00:30:34+00:00\",\"description\":\"Bezpiecze\u0144stwo pracy i reagowanie kryzysowe - targi SAWO'24 w Poznaniu. Gdyby hale produkcyjne, magazyny i inne obiekty przemys\u0142owe by\u0142y lepiej chronione,\",\"breadcrumb\":{\"@id\":\"https:\/\/antersystem.com\/pl\/wiedza-i-nowosci\/sawo-2024\/#breadcrumb\"},\"inLanguage\":\"pl-PL\",\"potentialAction\":[{\"@type\":\"ReadAction\",\"target\":[\"https:\/\/antersystem.com\/pl\/wiedza-i-nowosci\/sawo-2024\/\"]}]},{\"@type\":\"ImageObject\",\"inLanguage\":\"pl-PL\",\"@id\":\"https:\/\/antersystem.com\/pl\/wiedza-i-nowosci\/sawo-2024\/#primaryimage\",\"url\":\"https:\/\/antersystem.com\/wp-content\/uploads\/SAWO-targi-ochrony-pracy-pozarnictwa-i-ratownictwa-Anter-System-1024x535.webp\",\"contentUrl\":\"https:\/\/antersystem.com\/wp-content\/uploads\/SAWO-targi-ochrony-pracy-pozarnictwa-i-ratownictwa-Anter-System-1024x535.webp\"},{\"@type\":\"BreadcrumbList\",\"@id\":\"https:\/\/antersystem.com\/pl\/wiedza-i-nowosci\/sawo-2024\/#breadcrumb\",\"itemListElement\":[{\"@type\":\"ListItem\",\"position\":1,\"name\":\"AnterSystem\",\"item\":\"https:\/\/antersystem.com\/pl\/\"},{\"@type\":\"ListItem\",\"position\":2,\"name\":\"Wiedza i nowo\u015bci\",\"item\":\"https:\/\/antersystem.com\/pl\/wiedza-i-nowosci\/\"},{\"@type\":\"ListItem\",\"position\":3,\"name\":\"Targi SAWO\"}]},{\"@type\":\"WebSite\",\"@id\":\"https:\/\/antersystem.com\/pl\/#website\",\"url\":\"https:\/\/antersystem.com\/pl\/\",\"name\":\"Anter System\",\"description\":\"Jeste\u015bmy polskim producentem elastycznych barier ochronnych wykonywanych z polimerowych tworzyw sztucznych. Na rynku krajowym i zagranicznym dzia\u0142amy od ponad 15 lat dbaj\u0105c o zapewnienie bezpiecze\u0144stwa w zak\u0142adach produkcyjnych, magazynach oraz centrach logistycznych.\",\"potentialAction\":[{\"@type\":\"SearchAction\",\"target\":{\"@type\":\"EntryPoint\",\"urlTemplate\":\"https:\/\/antersystem.com\/pl\/?s={search_term_string}\"},\"query-input\":{\"@type\":\"PropertyValueSpecification\",\"valueRequired\":true,\"valueName\":\"search_term_string\"}}],\"inLanguage\":\"pl-PL\"}]}<\/script>\n<!-- \/ Yoast SEO plugin. -->","yoast_head_json":{"title":"Targi SAWO - Anter System","description":"Bezpiecze\u0144stwo pracy i reagowanie kryzysowe - targi SAWO'24 w Poznaniu. Gdyby hale produkcyjne, magazyny i inne obiekty przemys\u0142owe by\u0142y lepiej chronione,","robots":{"index":"index","follow":"follow","max-snippet":"max-snippet:-1","max-image-preview":"max-image-preview:large","max-video-preview":"max-video-preview:-1"},"canonical":"https:\/\/antersystem.com\/pl\/wiedza-i-nowosci\/sawo-2024\/","og_locale":"pl_PL","og_type":"article","og_title":"Targi SAWO - Anter System","og_description":"Bezpiecze\u0144stwo pracy i reagowanie kryzysowe - targi SAWO'24 w Poznaniu. Gdyby hale produkcyjne, magazyny i inne obiekty przemys\u0142owe by\u0142y lepiej chronione,","og_url":"https:\/\/antersystem.com\/pl\/wiedza-i-nowosci\/sawo-2024\/","og_site_name":"Anter System","article_modified_time":"2026-01-30T00:30:34+00:00","og_image":[{"url":"https:\/\/antersystem.com\/wp-content\/uploads\/SAWO-targi-ochrony-pracy-pozarnictwa-i-ratownictwa-Anter-System-1024x535.webp","type":"","width":"","height":""}],"twitter_card":"summary_large_image","twitter_misc":{"Szacowany czas czytania":"2 minuty"},"schema":{"@context":"https:\/\/schema.org","@graph":[{"@type":"WebPage","@id":"https:\/\/antersystem.com\/pl\/wiedza-i-nowosci\/sawo-2024\/","url":"https:\/\/antersystem.com\/pl\/wiedza-i-nowosci\/sawo-2024\/","name":"Targi SAWO - Anter System","isPartOf":{"@id":"https:\/\/antersystem.com\/pl\/#website"},"primaryImageOfPage":{"@id":"https:\/\/antersystem.com\/pl\/wiedza-i-nowosci\/sawo-2024\/#primaryimage"},"image":{"@id":"https:\/\/antersystem.com\/pl\/wiedza-i-nowosci\/sawo-2024\/#primaryimage"},"thumbnailUrl":"https:\/\/antersystem.com\/wp-content\/uploads\/SAWO-targi-ochrony-pracy-pozarnictwa-i-ratownictwa-Anter-System-1024x535.webp","datePublished":"2024-03-26T12:03:30+00:00","dateModified":"2026-01-30T00:30:34+00:00","description":"Bezpiecze\u0144stwo pracy i reagowanie kryzysowe - targi SAWO'24 w Poznaniu. Gdyby hale produkcyjne, magazyny i inne obiekty przemys\u0142owe by\u0142y lepiej chronione,","breadcrumb":{"@id":"https:\/\/antersystem.com\/pl\/wiedza-i-nowosci\/sawo-2024\/#breadcrumb"},"inLanguage":"pl-PL","potentialAction":[{"@type":"ReadAction","target":["https:\/\/antersystem.com\/pl\/wiedza-i-nowosci\/sawo-2024\/"]}]},{"@type":"ImageObject","inLanguage":"pl-PL","@id":"https:\/\/antersystem.com\/pl\/wiedza-i-nowosci\/sawo-2024\/#primaryimage","url":"https:\/\/antersystem.com\/wp-content\/uploads\/SAWO-targi-ochrony-pracy-pozarnictwa-i-ratownictwa-Anter-System-1024x535.webp","contentUrl":"https:\/\/antersystem.com\/wp-content\/uploads\/SAWO-targi-ochrony-pracy-pozarnictwa-i-ratownictwa-Anter-System-1024x535.webp"},{"@type":"BreadcrumbList","@id":"https:\/\/antersystem.com\/pl\/wiedza-i-nowosci\/sawo-2024\/#breadcrumb","itemListElement":[{"@type":"ListItem","position":1,"name":"AnterSystem","item":"https:\/\/antersystem.com\/pl\/"},{"@type":"ListItem","position":2,"name":"Wiedza i nowo\u015bci","item":"https:\/\/antersystem.com\/pl\/wiedza-i-nowosci\/"},{"@type":"ListItem","position":3,"name":"Targi SAWO"}]},{"@type":"WebSite","@id":"https:\/\/antersystem.com\/pl\/#website","url":"https:\/\/antersystem.com\/pl\/","name":"Anter System","description":"Jeste\u015bmy polskim producentem elastycznych barier ochronnych wykonywanych z polimerowych tworzyw sztucznych. Na rynku krajowym i zagranicznym dzia\u0142amy od ponad 15 lat dbaj\u0105c o zapewnienie bezpiecze\u0144stwa w zak\u0142adach produkcyjnych, magazynach oraz centrach logistycznych.","potentialAction":[{"@type":"SearchAction","target":{"@type":"EntryPoint","urlTemplate":"https:\/\/antersystem.com\/pl\/?s={search_term_string}"},"query-input":{"@type":"PropertyValueSpecification","valueRequired":true,"valueName":"search_term_string"}}],"inLanguage":"pl-PL"}]}},"_links":{"self":[{"href":"https:\/\/antersystem.com\/pl\/wp-json\/wp\/v2\/pages\/15528","targetHints":{"allow":["GET"]}}],"collection":[{"href":"https:\/\/antersystem.com\/pl\/wp-json\/wp\/v2\/pages"}],"about":[{"href":"https:\/\/antersystem.com\/pl\/wp-json\/wp\/v2\/types\/page"}],"author":[{"embeddable":true,"href":"https:\/\/antersystem.com\/pl\/wp-json\/wp\/v2\/users\/1"}],"replies":[{"embeddable":true,"href":"https:\/\/antersystem.com\/pl\/wp-json\/wp\/v2\/comments?post=15528"}],"version-history":[{"count":1,"href":"https:\/\/antersystem.com\/pl\/wp-json\/wp\/v2\/pages\/15528\/revisions"}],"predecessor-version":[{"id":15531,"href":"https:\/\/antersystem.com\/pl\/wp-json\/wp\/v2\/pages\/15528\/revisions\/15531"}],"up":[{"embeddable":true,"href":"https:\/\/antersystem.com\/pl\/wp-json\/wp\/v2\/pages\/12824"}],"wp:attachment":[{"href":"https:\/\/antersystem.com\/pl\/wp-json\/wp\/v2\/media?parent=15528"}],"curies":[{"name":"wp","href":"https:\/\/api.w.org\/{rel}","templated":true}]}}