{"id":15533,"date":"2023-12-07T09:34:39","date_gmt":"2023-12-07T08:34:39","guid":{"rendered":"https:\/\/new.antersystem.com\/news\/diamenty-forbesa-2024\/"},"modified":"2026-01-30T01:31:02","modified_gmt":"2026-01-30T00:31:02","slug":"diamenty-forbesa-2024","status":"publish","type":"page","link":"https:\/\/antersystem.com\/pl\/wiedza-i-nowosci\/diamenty-forbesa-2024\/","title":{"rendered":"Diamenty Forbesa 2024"},"content":{"rendered":"\n<div class=\"wp-block-columns is-layout-flex wp-container-core-columns-is-layout-9d6595d7 wp-block-columns-is-layout-flex\">\n  \n  <div class=\"wp-block-column is-layout-flow wp-block-column-is-layout-flow\" style=\"flex-basis:10%\"><\/div>\n  \n\n  \n  <div class=\"wp-block-column is-layout-flow wp-block-column-is-layout-flow\">\n    \n    <h3 class=\"wp-block-heading\"><strong>Anter System wyr\u00f3\u017cniony Diamentami Forbesa Polska 2024 jako jedna z najdynamiczniej rozwijaj\u0105cych si\u0119 firm.<\/strong><\/h3>\n    \n\n    \n    <h4>S\u0142owo od nas<\/h4>\n    <p>Nasza historia nie jest jak scenariusz filmowy. Nie ma tu dramatycznych zwrot\u00f3w akcji ani nieprawdopodobnych zbieg\u00f3w okoliczno\u015bci &#8211; cho\u0107, podobnie jak wielu przedsi\u0119biorc\u00f3w w Polsce, z pewno\u015bci\u0105 stawili\u015bmy czo\u0142a wielu wyzwaniom. Za\u0142o\u017cyciele i wsp\u00f3\u0142w\u0142a\u015bciciele nie staraj\u0105 si\u0119 odgrywa\u0107 roli superbohater\u00f3w, a mimo to marka Anter System wci\u0105\u017c ro\u015bnie w si\u0142\u0119. Opiera si\u0119 na sp\u00f3jnych relacjach z klientami i zaspokajaniu ich rzeczywistych potrzeb. Nieustannie dostosowujemy si\u0119 do zmieniaj\u0105cych si\u0119 warunk\u00f3w i wk\u0142adamy wiele wysi\u0142ku w utrzymanie naszej widoczno\u015bci na rynku. Koncepcja elastycznych barier ochronnych jest wci\u0105\u017c daleka od oczywisto\u015bci w naszej bran\u017cy, wi\u0119c nasza misja edukacyjna pozostaje wa\u017cn\u0105 cz\u0119\u015bci\u0105 tego, co robimy.<\/p>\n\n    <p>Dlatego jeste\u015bmy szczeg\u00f3lnie wdzi\u0119czni za to wyr\u00f3\u017cnienie &#8211; znalezienie si\u0119 na li\u015bcie Diament\u00f3w Forbesa 2024. Ta presti\u017cowa nagroda wzmacnia nasz\u0105 wiarygodno\u015b\u0107 w oczach naszych partner\u00f3w i dystrybutor\u00f3w, a tak\u017ce zach\u0119ca nas do dalszego udoskonalania naszego modelu innowacji i docierania do szerszych rynk\u00f3w. Jeste\u015bmy zainspirowani do ci\u0105g\u0142ego ulepszania naszej oferty i opracowywania rozwi\u0105za\u0144, kt\u00f3re jeszcze lepiej s\u0142u\u017c\u0105 naszym klientom.<\/p>\n\n    <h4>Czym s\u0105 Diamenty Forbesa?<\/h4>\n    <p>Lista Diament\u00f3w Forbesa jest tworzona w imieniu zespo\u0142u redakcyjnego magazynu Forbes. Jego celem jest wyr\u00f3\u017cnienie i nagrodzenie najdynamiczniej rozwijaj\u0105cych si\u0119 firm w Polsce. Ranking klasyfikuje firmy na podstawie ich tempa wzrostu i wynik\u00f3w finansowych w ci\u0105gu ostatnich trzech lat, podkre\u015blaj\u0105c stabilno\u015b\u0107 i potencja\u0142 ka\u017cdej firmy. S\u0142u\u017cy jako wa\u017cne \u017ar\u00f3d\u0142o informacji dla inwestor\u00f3w i partner\u00f3w biznesowych. Firmy nagradzane s\u0105 w trzech kategoriach wed\u0142ug przychod\u00f3w: od 5 do 50 mln z\u0142, od 50 do 250 mln z\u0142 oraz powy\u017cej 250 mln z\u0142. Instytucje finansowe, takie jak banki, s\u0105 wy\u0142\u0105czone z rankingu.<\/p>\n\n    <p><em>&#8222;Obecno\u015b\u0107 w rankingu Diament\u00f3w Forbesa to dow\u00f3d odwagi i skutecznych strategii biznesowych, dobrze dostosowanych do burzliwych czas\u00f3w&#8221; &#8211;<\/em> powiedzia\u0142a Ewa \u0141uniewska, Wiceprezes Zarz\u0105du ING Banku \u015al\u0105skiego, partnera strategicznego konkursu.<\/p>\n    <p>&nbsp;<\/p>\n    \n\n    <div class=\"wp-block-image\">\n    <figure class=\"aligncenter size-large is-resized\"><img loading=\"lazy\" decoding=\"async\" width=\"1024\" height=\"535\" src=\"https:\/\/antersystem.com\/wp-content\/uploads\/Diamenty-Forbes-2024-Anter-System-1024x535.jpg\" alt=\"Anter System - nagroda Diamenty Forbesa 2024\" class=\"wp-image-3741\" style=\"width:709px;height:auto\" srcset=\"https:\/\/antersystem.com\/wp-content\/uploads\/Diamenty-Forbes-2024-Anter-System-1024x535.jpg 1024w, https:\/\/antersystem.com\/wp-content\/uploads\/Diamenty-Forbes-2024-Anter-System-300x157.jpg 300w, https:\/\/antersystem.com\/wp-content\/uploads\/Diamenty-Forbes-2024-Anter-System-768x401.jpg 768w, https:\/\/antersystem.com\/wp-content\/uploads\/Diamenty-Forbes-2024-Anter-System-450x235.jpg 450w, https:\/\/antersystem.com\/wp-content\/uploads\/Diamenty-Forbes-2024-Anter-System-330x172.jpg 330w, https:\/\/antersystem.com\/wp-content\/uploads\/Diamenty-Forbes-2024-Anter-System.jpg 1200w\" sizes=\"auto, (max-width: 1024px) 100vw, 1024px\" \/><\/figure><\/div>\n  <\/div>\n  \n\n  \n  <div class=\"wp-block-column is-layout-flow wp-block-column-is-layout-flow\" style=\"flex-basis:10%\"><\/div>\n  \n<\/div>\n","protected":false},"excerpt":{"rendered":"<p>Anter System wyr\u00f3\u017cniony Diamentami Forbesa Polska 2024 jako jedna z najdynamiczniej rozwijaj\u0105cych si\u0119 firm. S\u0142owo od nas Nasza historia nie jest jak scenariusz filmowy. Nie ma tu dramatycznych zwrot\u00f3w akcji ani nieprawdopodobnych zbieg\u00f3w okoliczno\u015bci &#8211; cho\u0107, podobnie jak wielu przedsi\u0119biorc\u00f3w w Polsce, z pewno\u015bci\u0105 stawili\u015bmy czo\u0142a wielu wyzwaniom. Za\u0142o\u017cyciele i wsp\u00f3\u0142w\u0142a\u015bciciele nie staraj\u0105 si\u0119 odgrywa\u0107 [&hellip;]<\/p>\n","protected":false},"author":1,"featured_media":0,"parent":12824,"menu_order":0,"comment_status":"closed","ping_status":"closed","template":"","meta":{"inline_featured_image":false,"ngg_post_thumbnail":0,"footnotes":""},"class_list":["post-15533","page","type-page","status-publish","hentry"],"acf":[],"yoast_head":"<!-- This site is optimized with the Yoast SEO plugin v27.0 - https:\/\/yoast.com\/product\/yoast-seo-wordpress\/ -->\n<title>Diamenty Forbesa 2024 - Anter System<\/title>\n<meta name=\"description\" content=\"Anter System wyr\u00f3\u017cniony Diamentami Forbesa Polska 2024 jako jedna z najdynamiczniej rozwijaj\u0105cych si\u0119 firm. S\u0142owo od nas Nasza historia nie jest jak\" \/>\n<meta name=\"robots\" content=\"index, follow, max-snippet:-1, max-image-preview:large, max-video-preview:-1\" \/>\n<link rel=\"canonical\" href=\"https:\/\/antersystem.com\/pl\/wiedza-i-nowosci\/diamenty-forbesa-2024\/\" \/>\n<meta property=\"og:locale\" content=\"pl_PL\" \/>\n<meta property=\"og:type\" content=\"article\" \/>\n<meta property=\"og:title\" content=\"Diamenty Forbesa 2024 - Anter System\" \/>\n<meta property=\"og:description\" content=\"Anter System wyr\u00f3\u017cniony Diamentami Forbesa Polska 2024 jako jedna z najdynamiczniej rozwijaj\u0105cych si\u0119 firm. S\u0142owo od nas Nasza historia nie jest jak\" \/>\n<meta property=\"og:url\" content=\"https:\/\/antersystem.com\/pl\/wiedza-i-nowosci\/diamenty-forbesa-2024\/\" \/>\n<meta property=\"og:site_name\" content=\"Anter System\" \/>\n<meta property=\"article:modified_time\" content=\"2026-01-30T00:31:02+00:00\" \/>\n<meta property=\"og:image\" content=\"https:\/\/antersystem.com\/wp-content\/uploads\/Diamenty-Forbes-2024-Anter-System-1024x535.jpg\" \/>\n<meta name=\"twitter:card\" content=\"summary_large_image\" \/>\n<meta name=\"twitter:label1\" content=\"Szacowany czas czytania\" \/>\n\t<meta name=\"twitter:data1\" content=\"2 minuty\" \/>\n<script type=\"application\/ld+json\" class=\"yoast-schema-graph\">{\"@context\":\"https:\/\/schema.org\",\"@graph\":[{\"@type\":\"WebPage\",\"@id\":\"https:\/\/antersystem.com\/pl\/wiedza-i-nowosci\/diamenty-forbesa-2024\/\",\"url\":\"https:\/\/antersystem.com\/pl\/wiedza-i-nowosci\/diamenty-forbesa-2024\/\",\"name\":\"Diamenty Forbesa 2024 - Anter System\",\"isPartOf\":{\"@id\":\"https:\/\/antersystem.com\/pl\/#website\"},\"primaryImageOfPage\":{\"@id\":\"https:\/\/antersystem.com\/pl\/wiedza-i-nowosci\/diamenty-forbesa-2024\/#primaryimage\"},\"image\":{\"@id\":\"https:\/\/antersystem.com\/pl\/wiedza-i-nowosci\/diamenty-forbesa-2024\/#primaryimage\"},\"thumbnailUrl\":\"https:\/\/antersystem.com\/wp-content\/uploads\/Diamenty-Forbes-2024-Anter-System-1024x535.jpg\",\"datePublished\":\"2023-12-07T08:34:39+00:00\",\"dateModified\":\"2026-01-30T00:31:02+00:00\",\"description\":\"Anter System wyr\u00f3\u017cniony Diamentami Forbesa Polska 2024 jako jedna z najdynamiczniej rozwijaj\u0105cych si\u0119 firm. S\u0142owo od nas Nasza historia nie jest jak\",\"breadcrumb\":{\"@id\":\"https:\/\/antersystem.com\/pl\/wiedza-i-nowosci\/diamenty-forbesa-2024\/#breadcrumb\"},\"inLanguage\":\"pl-PL\",\"potentialAction\":[{\"@type\":\"ReadAction\",\"target\":[\"https:\/\/antersystem.com\/pl\/wiedza-i-nowosci\/diamenty-forbesa-2024\/\"]}]},{\"@type\":\"ImageObject\",\"inLanguage\":\"pl-PL\",\"@id\":\"https:\/\/antersystem.com\/pl\/wiedza-i-nowosci\/diamenty-forbesa-2024\/#primaryimage\",\"url\":\"https:\/\/antersystem.com\/wp-content\/uploads\/Diamenty-Forbes-2024-Anter-System-1024x535.jpg\",\"contentUrl\":\"https:\/\/antersystem.com\/wp-content\/uploads\/Diamenty-Forbes-2024-Anter-System-1024x535.jpg\"},{\"@type\":\"BreadcrumbList\",\"@id\":\"https:\/\/antersystem.com\/pl\/wiedza-i-nowosci\/diamenty-forbesa-2024\/#breadcrumb\",\"itemListElement\":[{\"@type\":\"ListItem\",\"position\":1,\"name\":\"AnterSystem\",\"item\":\"https:\/\/antersystem.com\/pl\/\"},{\"@type\":\"ListItem\",\"position\":2,\"name\":\"Wiedza i nowo\u015bci\",\"item\":\"https:\/\/antersystem.com\/pl\/wiedza-i-nowosci\/\"},{\"@type\":\"ListItem\",\"position\":3,\"name\":\"Diamenty Forbesa 2024\"}]},{\"@type\":\"WebSite\",\"@id\":\"https:\/\/antersystem.com\/pl\/#website\",\"url\":\"https:\/\/antersystem.com\/pl\/\",\"name\":\"Anter System\",\"description\":\"Jeste\u015bmy polskim producentem elastycznych barier ochronnych wykonywanych z polimerowych tworzyw sztucznych. Na rynku krajowym i zagranicznym dzia\u0142amy od ponad 15 lat dbaj\u0105c o zapewnienie bezpiecze\u0144stwa w zak\u0142adach produkcyjnych, magazynach oraz centrach logistycznych.\",\"potentialAction\":[{\"@type\":\"SearchAction\",\"target\":{\"@type\":\"EntryPoint\",\"urlTemplate\":\"https:\/\/antersystem.com\/pl\/?s={search_term_string}\"},\"query-input\":{\"@type\":\"PropertyValueSpecification\",\"valueRequired\":true,\"valueName\":\"search_term_string\"}}],\"inLanguage\":\"pl-PL\"}]}<\/script>\n<!-- \/ Yoast SEO plugin. -->","yoast_head_json":{"title":"Diamenty Forbesa 2024 - Anter System","description":"Anter System wyr\u00f3\u017cniony Diamentami Forbesa Polska 2024 jako jedna z najdynamiczniej rozwijaj\u0105cych si\u0119 firm. S\u0142owo od nas Nasza historia nie jest jak","robots":{"index":"index","follow":"follow","max-snippet":"max-snippet:-1","max-image-preview":"max-image-preview:large","max-video-preview":"max-video-preview:-1"},"canonical":"https:\/\/antersystem.com\/pl\/wiedza-i-nowosci\/diamenty-forbesa-2024\/","og_locale":"pl_PL","og_type":"article","og_title":"Diamenty Forbesa 2024 - Anter System","og_description":"Anter System wyr\u00f3\u017cniony Diamentami Forbesa Polska 2024 jako jedna z najdynamiczniej rozwijaj\u0105cych si\u0119 firm. S\u0142owo od nas Nasza historia nie jest jak","og_url":"https:\/\/antersystem.com\/pl\/wiedza-i-nowosci\/diamenty-forbesa-2024\/","og_site_name":"Anter System","article_modified_time":"2026-01-30T00:31:02+00:00","og_image":[{"url":"https:\/\/antersystem.com\/wp-content\/uploads\/Diamenty-Forbes-2024-Anter-System-1024x535.jpg","type":"","width":"","height":""}],"twitter_card":"summary_large_image","twitter_misc":{"Szacowany czas czytania":"2 minuty"},"schema":{"@context":"https:\/\/schema.org","@graph":[{"@type":"WebPage","@id":"https:\/\/antersystem.com\/pl\/wiedza-i-nowosci\/diamenty-forbesa-2024\/","url":"https:\/\/antersystem.com\/pl\/wiedza-i-nowosci\/diamenty-forbesa-2024\/","name":"Diamenty Forbesa 2024 - Anter System","isPartOf":{"@id":"https:\/\/antersystem.com\/pl\/#website"},"primaryImageOfPage":{"@id":"https:\/\/antersystem.com\/pl\/wiedza-i-nowosci\/diamenty-forbesa-2024\/#primaryimage"},"image":{"@id":"https:\/\/antersystem.com\/pl\/wiedza-i-nowosci\/diamenty-forbesa-2024\/#primaryimage"},"thumbnailUrl":"https:\/\/antersystem.com\/wp-content\/uploads\/Diamenty-Forbes-2024-Anter-System-1024x535.jpg","datePublished":"2023-12-07T08:34:39+00:00","dateModified":"2026-01-30T00:31:02+00:00","description":"Anter System wyr\u00f3\u017cniony Diamentami Forbesa Polska 2024 jako jedna z najdynamiczniej rozwijaj\u0105cych si\u0119 firm. S\u0142owo od nas Nasza historia nie jest jak","breadcrumb":{"@id":"https:\/\/antersystem.com\/pl\/wiedza-i-nowosci\/diamenty-forbesa-2024\/#breadcrumb"},"inLanguage":"pl-PL","potentialAction":[{"@type":"ReadAction","target":["https:\/\/antersystem.com\/pl\/wiedza-i-nowosci\/diamenty-forbesa-2024\/"]}]},{"@type":"ImageObject","inLanguage":"pl-PL","@id":"https:\/\/antersystem.com\/pl\/wiedza-i-nowosci\/diamenty-forbesa-2024\/#primaryimage","url":"https:\/\/antersystem.com\/wp-content\/uploads\/Diamenty-Forbes-2024-Anter-System-1024x535.jpg","contentUrl":"https:\/\/antersystem.com\/wp-content\/uploads\/Diamenty-Forbes-2024-Anter-System-1024x535.jpg"},{"@type":"BreadcrumbList","@id":"https:\/\/antersystem.com\/pl\/wiedza-i-nowosci\/diamenty-forbesa-2024\/#breadcrumb","itemListElement":[{"@type":"ListItem","position":1,"name":"AnterSystem","item":"https:\/\/antersystem.com\/pl\/"},{"@type":"ListItem","position":2,"name":"Wiedza i nowo\u015bci","item":"https:\/\/antersystem.com\/pl\/wiedza-i-nowosci\/"},{"@type":"ListItem","position":3,"name":"Diamenty Forbesa 2024"}]},{"@type":"WebSite","@id":"https:\/\/antersystem.com\/pl\/#website","url":"https:\/\/antersystem.com\/pl\/","name":"Anter System","description":"Jeste\u015bmy polskim producentem elastycznych barier ochronnych wykonywanych z polimerowych tworzyw sztucznych. Na rynku krajowym i zagranicznym dzia\u0142amy od ponad 15 lat dbaj\u0105c o zapewnienie bezpiecze\u0144stwa w zak\u0142adach produkcyjnych, magazynach oraz centrach logistycznych.","potentialAction":[{"@type":"SearchAction","target":{"@type":"EntryPoint","urlTemplate":"https:\/\/antersystem.com\/pl\/?s={search_term_string}"},"query-input":{"@type":"PropertyValueSpecification","valueRequired":true,"valueName":"search_term_string"}}],"inLanguage":"pl-PL"}]}},"_links":{"self":[{"href":"https:\/\/antersystem.com\/pl\/wp-json\/wp\/v2\/pages\/15533","targetHints":{"allow":["GET"]}}],"collection":[{"href":"https:\/\/antersystem.com\/pl\/wp-json\/wp\/v2\/pages"}],"about":[{"href":"https:\/\/antersystem.com\/pl\/wp-json\/wp\/v2\/types\/page"}],"author":[{"embeddable":true,"href":"https:\/\/antersystem.com\/pl\/wp-json\/wp\/v2\/users\/1"}],"replies":[{"embeddable":true,"href":"https:\/\/antersystem.com\/pl\/wp-json\/wp\/v2\/comments?post=15533"}],"version-history":[{"count":1,"href":"https:\/\/antersystem.com\/pl\/wp-json\/wp\/v2\/pages\/15533\/revisions"}],"predecessor-version":[{"id":15539,"href":"https:\/\/antersystem.com\/pl\/wp-json\/wp\/v2\/pages\/15533\/revisions\/15539"}],"up":[{"embeddable":true,"href":"https:\/\/antersystem.com\/pl\/wp-json\/wp\/v2\/pages\/12824"}],"wp:attachment":[{"href":"https:\/\/antersystem.com\/pl\/wp-json\/wp\/v2\/media?parent=15533"}],"curies":[{"name":"wp","href":"https:\/\/api.w.org\/{rel}","templated":true}]}}