{"id":15603,"date":"2023-10-09T09:58:06","date_gmt":"2023-10-09T07:58:06","guid":{"rendered":"https:\/\/new.antersystem.com\/news\/modernlog-2023\/"},"modified":"2026-01-30T01:30:10","modified_gmt":"2026-01-30T00:30:10","slug":"modernlog-2023","status":"publish","type":"page","link":"https:\/\/antersystem.com\/pl\/wiedza-i-nowosci\/modernlog-2023\/","title":{"rendered":"Modernlog 2023"},"content":{"rendered":"\n<div class=\"wp-block-columns is-layout-flex wp-container-core-columns-is-layout-9d6595d7 wp-block-columns-is-layout-flex\">\n<div class=\"wp-block-column is-layout-flow wp-block-column-is-layout-flow\" style=\"flex-basis:10%\"><\/div>\n\n\n\n<div class=\"wp-block-column is-layout-flow wp-block-column-is-layout-flow\">\n<h3 class=\"wp-block-heading\">Anter System na Modernlog 2023<\/h3>\n\n\n\n<p style=\"text-align: left;\">Cieszymy si\u0119, \u017ce mogli\u015bmy uczestniczy\u0107 w Modernlog &#8211; wiod\u0105cych targach dla sektora logistyki, magazynowania i transportu. Jako renomowany producent elastycznych barier ochronnych, Anter System mia\u0142 doskona\u0142\u0105 okazj\u0119 do zaprezentowania swoich innowacyjnych rozwi\u0105za\u0144 szerokiemu gronu profesjonalist\u00f3w.<\/p>\n<p style=\"text-align: left;\">Zapraszamy do obejrzenia naszego filmu podsumowuj\u0105cego wydarzenie. Dowiedz si\u0119, jak prezentujemy nasze rozwi\u0105zania zaprojektowane w celu optymalizacji operacji logistycznych poprzez zwi\u0119kszenie bezpiecze\u0144stwa i wydajno\u015bci w \u015brodowiskach magazynowych. Film przedstawia r\u00f3wnie\u017c nasze interakcje z klientami i partnerami, a tak\u017ce nasz udzia\u0142 w inspiruj\u0105cych dyskusjach na temat przysz\u0142o\u015bci bran\u017cy.<\/p>\n<p style=\"text-align: left;\">Podczas targ\u00f3w Modernlog nasze elastyczne bariery ochronne zyska\u0142y uznanie wielu specjalist\u00f3w z bran\u017cy, potwierdzaj\u0105c, \u017ce Anter System jest w czo\u0142\u00f3wce innowacji w zakresie bezpiecze\u0144stwa w magazynach.<\/p>\n<p style=\"text-align: left;\">Serdecznie zapraszamy do obejrzenia materia\u0142u wideo i poczucia atmosfery tego inspiruj\u0105cego wydarzenia. Zobacz, jak Anter System przyczynia si\u0119 do kszta\u0142towania przysz\u0142o\u015bci sektora logistycznego.<\/p>\n\n\n<p><video style=\"width: 100%; height: auto;\" controls><source src=\"https:\/\/antersystem.com\/wp-content\/uploads\/antersystem_small_Modernlog.mp4\" type=\"video\/mp4\"><\/video><\/p>\n<\/div>\n\n\n\n<div class=\"wp-block-column is-layout-flow wp-block-column-is-layout-flow\" style=\"flex-basis:10%\"><\/div>\n<\/div>\n","protected":false},"excerpt":{"rendered":"<p>Anter System na Modernlog 2023 Cieszymy si\u0119, \u017ce mogli\u015bmy uczestniczy\u0107 w Modernlog &#8211; wiod\u0105cych targach dla sektora logistyki, magazynowania i transportu. Jako renomowany producent elastycznych barier ochronnych, Anter System mia\u0142 doskona\u0142\u0105 okazj\u0119 do zaprezentowania swoich innowacyjnych rozwi\u0105za\u0144 szerokiemu gronu profesjonalist\u00f3w. Zapraszamy do obejrzenia naszego filmu podsumowuj\u0105cego wydarzenie. Dowiedz si\u0119, jak prezentujemy nasze rozwi\u0105zania zaprojektowane w [&hellip;]<\/p>\n","protected":false},"author":1,"featured_media":0,"parent":12824,"menu_order":0,"comment_status":"closed","ping_status":"closed","template":"","meta":{"inline_featured_image":false,"ngg_post_thumbnail":0,"footnotes":""},"class_list":["post-15603","page","type-page","status-publish","hentry"],"acf":[],"yoast_head":"<!-- This site is optimized with the Yoast SEO plugin v27.0 - https:\/\/yoast.com\/product\/yoast-seo-wordpress\/ -->\n<title>Modernlog 2023 - Anter System<\/title>\n<meta name=\"description\" content=\"Anter System, jako renomowany producent elastycznych barier ochronnych, mia\u0142 niezwyk\u0142\u0105 okazj\u0119, aby zaprezentowa\u0107 swoje innowacyjne rozwi\u0105zania szerokiej publiczno\u015bci z bran\u017cy podczas targ\u00f3w Modernlog 2023.\" \/>\n<meta name=\"robots\" content=\"index, follow, max-snippet:-1, max-image-preview:large, max-video-preview:-1\" \/>\n<link rel=\"canonical\" href=\"https:\/\/antersystem.com\/pl\/wiedza-i-nowosci\/modernlog-2023\/\" \/>\n<meta property=\"og:locale\" content=\"pl_PL\" \/>\n<meta property=\"og:type\" content=\"article\" \/>\n<meta property=\"og:title\" content=\"Modernlog 2023 - Anter System\" \/>\n<meta property=\"og:description\" content=\"Anter System, jako renomowany producent elastycznych barier ochronnych, mia\u0142 niezwyk\u0142\u0105 okazj\u0119, aby zaprezentowa\u0107 swoje innowacyjne rozwi\u0105zania szerokiej publiczno\u015bci z bran\u017cy podczas targ\u00f3w Modernlog 2023.\" \/>\n<meta property=\"og:url\" content=\"https:\/\/antersystem.com\/pl\/wiedza-i-nowosci\/modernlog-2023\/\" \/>\n<meta property=\"og:site_name\" content=\"Anter System\" \/>\n<meta property=\"article:modified_time\" content=\"2026-01-30T00:30:10+00:00\" \/>\n<meta name=\"twitter:card\" content=\"summary_large_image\" \/>\n<meta name=\"twitter:label1\" content=\"Szacowany czas czytania\" \/>\n\t<meta name=\"twitter:data1\" content=\"1 minuta\" \/>\n<script type=\"application\/ld+json\" class=\"yoast-schema-graph\">{\"@context\":\"https:\/\/schema.org\",\"@graph\":[{\"@type\":\"WebPage\",\"@id\":\"https:\/\/antersystem.com\/pl\/wiedza-i-nowosci\/modernlog-2023\/\",\"url\":\"https:\/\/antersystem.com\/pl\/wiedza-i-nowosci\/modernlog-2023\/\",\"name\":\"Modernlog 2023 - Anter System\",\"isPartOf\":{\"@id\":\"https:\/\/antersystem.com\/pl\/#website\"},\"datePublished\":\"2023-10-09T07:58:06+00:00\",\"dateModified\":\"2026-01-30T00:30:10+00:00\",\"description\":\"Anter System, jako renomowany producent elastycznych barier ochronnych, mia\u0142 niezwyk\u0142\u0105 okazj\u0119, aby zaprezentowa\u0107 swoje innowacyjne rozwi\u0105zania szerokiej publiczno\u015bci z bran\u017cy podczas targ\u00f3w Modernlog 2023.\",\"breadcrumb\":{\"@id\":\"https:\/\/antersystem.com\/pl\/wiedza-i-nowosci\/modernlog-2023\/#breadcrumb\"},\"inLanguage\":\"pl-PL\",\"potentialAction\":[{\"@type\":\"ReadAction\",\"target\":[\"https:\/\/antersystem.com\/pl\/wiedza-i-nowosci\/modernlog-2023\/\"]}]},{\"@type\":\"BreadcrumbList\",\"@id\":\"https:\/\/antersystem.com\/pl\/wiedza-i-nowosci\/modernlog-2023\/#breadcrumb\",\"itemListElement\":[{\"@type\":\"ListItem\",\"position\":1,\"name\":\"AnterSystem\",\"item\":\"https:\/\/antersystem.com\/pl\/\"},{\"@type\":\"ListItem\",\"position\":2,\"name\":\"Wiedza i nowo\u015bci\",\"item\":\"https:\/\/antersystem.com\/pl\/wiedza-i-nowosci\/\"},{\"@type\":\"ListItem\",\"position\":3,\"name\":\"Modernlog 2023\"}]},{\"@type\":\"WebSite\",\"@id\":\"https:\/\/antersystem.com\/pl\/#website\",\"url\":\"https:\/\/antersystem.com\/pl\/\",\"name\":\"Anter System\",\"description\":\"Jeste\u015bmy polskim producentem elastycznych barier ochronnych wykonywanych z polimerowych tworzyw sztucznych. Na rynku krajowym i zagranicznym dzia\u0142amy od ponad 15 lat dbaj\u0105c o zapewnienie bezpiecze\u0144stwa w zak\u0142adach produkcyjnych, magazynach oraz centrach logistycznych.\",\"potentialAction\":[{\"@type\":\"SearchAction\",\"target\":{\"@type\":\"EntryPoint\",\"urlTemplate\":\"https:\/\/antersystem.com\/pl\/?s={search_term_string}\"},\"query-input\":{\"@type\":\"PropertyValueSpecification\",\"valueRequired\":true,\"valueName\":\"search_term_string\"}}],\"inLanguage\":\"pl-PL\"}]}<\/script>\n<!-- \/ Yoast SEO plugin. -->","yoast_head_json":{"title":"Modernlog 2023 - Anter System","description":"Anter System, jako renomowany producent elastycznych barier ochronnych, mia\u0142 niezwyk\u0142\u0105 okazj\u0119, aby zaprezentowa\u0107 swoje innowacyjne rozwi\u0105zania szerokiej publiczno\u015bci z bran\u017cy podczas targ\u00f3w Modernlog 2023.","robots":{"index":"index","follow":"follow","max-snippet":"max-snippet:-1","max-image-preview":"max-image-preview:large","max-video-preview":"max-video-preview:-1"},"canonical":"https:\/\/antersystem.com\/pl\/wiedza-i-nowosci\/modernlog-2023\/","og_locale":"pl_PL","og_type":"article","og_title":"Modernlog 2023 - Anter System","og_description":"Anter System, jako renomowany producent elastycznych barier ochronnych, mia\u0142 niezwyk\u0142\u0105 okazj\u0119, aby zaprezentowa\u0107 swoje innowacyjne rozwi\u0105zania szerokiej publiczno\u015bci z bran\u017cy podczas targ\u00f3w Modernlog 2023.","og_url":"https:\/\/antersystem.com\/pl\/wiedza-i-nowosci\/modernlog-2023\/","og_site_name":"Anter System","article_modified_time":"2026-01-30T00:30:10+00:00","twitter_card":"summary_large_image","twitter_misc":{"Szacowany czas czytania":"1 minuta"},"schema":{"@context":"https:\/\/schema.org","@graph":[{"@type":"WebPage","@id":"https:\/\/antersystem.com\/pl\/wiedza-i-nowosci\/modernlog-2023\/","url":"https:\/\/antersystem.com\/pl\/wiedza-i-nowosci\/modernlog-2023\/","name":"Modernlog 2023 - Anter System","isPartOf":{"@id":"https:\/\/antersystem.com\/pl\/#website"},"datePublished":"2023-10-09T07:58:06+00:00","dateModified":"2026-01-30T00:30:10+00:00","description":"Anter System, jako renomowany producent elastycznych barier ochronnych, mia\u0142 niezwyk\u0142\u0105 okazj\u0119, aby zaprezentowa\u0107 swoje innowacyjne rozwi\u0105zania szerokiej publiczno\u015bci z bran\u017cy podczas targ\u00f3w Modernlog 2023.","breadcrumb":{"@id":"https:\/\/antersystem.com\/pl\/wiedza-i-nowosci\/modernlog-2023\/#breadcrumb"},"inLanguage":"pl-PL","potentialAction":[{"@type":"ReadAction","target":["https:\/\/antersystem.com\/pl\/wiedza-i-nowosci\/modernlog-2023\/"]}]},{"@type":"BreadcrumbList","@id":"https:\/\/antersystem.com\/pl\/wiedza-i-nowosci\/modernlog-2023\/#breadcrumb","itemListElement":[{"@type":"ListItem","position":1,"name":"AnterSystem","item":"https:\/\/antersystem.com\/pl\/"},{"@type":"ListItem","position":2,"name":"Wiedza i nowo\u015bci","item":"https:\/\/antersystem.com\/pl\/wiedza-i-nowosci\/"},{"@type":"ListItem","position":3,"name":"Modernlog 2023"}]},{"@type":"WebSite","@id":"https:\/\/antersystem.com\/pl\/#website","url":"https:\/\/antersystem.com\/pl\/","name":"Anter System","description":"Jeste\u015bmy polskim producentem elastycznych barier ochronnych wykonywanych z polimerowych tworzyw sztucznych. Na rynku krajowym i zagranicznym dzia\u0142amy od ponad 15 lat dbaj\u0105c o zapewnienie bezpiecze\u0144stwa w zak\u0142adach produkcyjnych, magazynach oraz centrach logistycznych.","potentialAction":[{"@type":"SearchAction","target":{"@type":"EntryPoint","urlTemplate":"https:\/\/antersystem.com\/pl\/?s={search_term_string}"},"query-input":{"@type":"PropertyValueSpecification","valueRequired":true,"valueName":"search_term_string"}}],"inLanguage":"pl-PL"}]}},"_links":{"self":[{"href":"https:\/\/antersystem.com\/pl\/wp-json\/wp\/v2\/pages\/15603","targetHints":{"allow":["GET"]}}],"collection":[{"href":"https:\/\/antersystem.com\/pl\/wp-json\/wp\/v2\/pages"}],"about":[{"href":"https:\/\/antersystem.com\/pl\/wp-json\/wp\/v2\/types\/page"}],"author":[{"embeddable":true,"href":"https:\/\/antersystem.com\/pl\/wp-json\/wp\/v2\/users\/1"}],"replies":[{"embeddable":true,"href":"https:\/\/antersystem.com\/pl\/wp-json\/wp\/v2\/comments?post=15603"}],"version-history":[{"count":1,"href":"https:\/\/antersystem.com\/pl\/wp-json\/wp\/v2\/pages\/15603\/revisions"}],"predecessor-version":[{"id":15606,"href":"https:\/\/antersystem.com\/pl\/wp-json\/wp\/v2\/pages\/15603\/revisions\/15606"}],"up":[{"embeddable":true,"href":"https:\/\/antersystem.com\/pl\/wp-json\/wp\/v2\/pages\/12824"}],"wp:attachment":[{"href":"https:\/\/antersystem.com\/pl\/wp-json\/wp\/v2\/media?parent=15603"}],"curies":[{"name":"wp","href":"https:\/\/api.w.org\/{rel}","templated":true}]}}