{"id":15668,"date":"2023-10-20T11:06:59","date_gmt":"2023-10-20T09:06:59","guid":{"rendered":"https:\/\/new.antersystem.com\/news\/ecovadis-2023-anter-system\/"},"modified":"2026-01-30T01:26:25","modified_gmt":"2026-01-30T00:26:25","slug":"ecovadis-2023-anter-system","status":"publish","type":"page","link":"https:\/\/antersystem.com\/pl\/wiedza-i-nowosci\/ecovadis-2023-anter-system\/","title":{"rendered":"EcoVadis Silver Sustainability Certificate"},"content":{"rendered":"\n<div class=\"wp-block-columns is-layout-flex wp-container-core-columns-is-layout-9d6595d7 wp-block-columns-is-layout-flex\">\n  \n  <div class=\"wp-block-column is-layout-flow wp-block-column-is-layout-flow\" style=\"flex-basis:10%\"><\/div>\n  \n\n  \n  <div class=\"wp-block-column is-layout-flow wp-block-column-is-layout-flow\">\n    \n    <h3 class=\"wp-block-heading\">Biznes powinien szanowa\u0107 \u015brodowisko!  <br\/>W 2023 r. otrzymali\u015bmy srebrny certyfikat zr\u00f3wnowa\u017conego rozwoju EcoVadis.<\/h3>\n    \n\n    \n    <p>To wielki zaszczyt, kt\u00f3ry wie\u0144czy nasze wysi\u0142ki w zakresie ochrony \u015brodowiska i odpowiedzialno\u015bci spo\u0142ecznej. Je\u015bli chcemy nadal zamieszkiwa\u0107 to miejsce, musimy utrzymywa\u0107 jasne i pe\u0142ne szacunku relacje mi\u0119dzy spo\u0142ecze\u0144stwem, natur\u0105 i jej komercyjnym wykorzystaniem.<\/p>\n\n    <h4>Certyfikat EcoVadis &#8211; co on oznacza?<\/h4>\n    <p>Certyfikat EcoVadis potwierdza, \u017ce firma skutecznie zarz\u0105dza swoimi praktykami <strong>CSR<\/strong> <strong>(<\/strong> <strong>Corporate Social Responsibility)<\/strong> i <strong>ESG (Environmental, Social, and Governance)<\/strong>. Ocenia wyniki w odniesieniu do mi\u0119dzynarodowych standard\u00f3w w obszarach takich jak <strong>prawa pracownicze, wp\u0142yw na \u015brodowisko, etyka, zr\u00f3wnowa\u017cone zam\u00f3wienia i prawa cz\u0142owieka<\/strong> &#8211; w 200 kategoriach.<\/p>\n\n    <p>Globalny zesp\u00f3\u0142 ekspert\u00f3w z r\u00f3\u017cnych dziedzin, pracuj\u0105cy za po\u015brednictwem platformy technologicznej EcoVadis, ocenia firmy w oparciu o kompleksow\u0105 kart\u0119 wynik\u00f3w zr\u00f3wnowa\u017conego rozwoju.  <strong>Tylko 25% firm na ca\u0142ym \u015bwiecie, kt\u00f3re przechodz\u0105 ten proces oceny, otrzymuje Srebrny Certyfikat &#8211; i jeste\u015bmy dumni, \u017ce jeste\u015bmy w\u015br\u00f3d nich.<\/strong><\/p>\n\n    <p>Pomy\u015blnie uko\u0144czyli\u015bmy ocen\u0119, demonstruj\u0105c silny system zarz\u0105dzania zgodny z metodologi\u0105 EcoVadis. Certyfikacja uwzgl\u0119dnia nast\u0119puj\u0105ce mi\u0119dzynarodowe standardy:<\/p>\n    <ul>\n      <li>Sie\u0107 UN Global Compact<\/li>\n      <li>Globalna Inicjatywa Sprawozdawcza (GRI)<\/li>\n      <li>Konwencje Mi\u0119dzynarodowej Organizacji Pracy (MOP)<\/li>\n      <li>Norma ISO 26000<\/li>\n      <li>Wytyczne ONZ dotycz\u0105ce biznesu i praw cz\u0142owieka<\/li>\n      <li>Mapa drogowa CERES<\/li>\n    <\/ul>\n\n    <p><strong>Dzi\u0119kujemy wszystkim naszym pracownikom i partnerom za ich wk\u0142ad w osi\u0105gni\u0119cie tego kamienia milowego.<\/strong><\/p>\n    <p>&nbsp;<\/p>\n    \n  <\/div>\n  \n\n  \n  <div class=\"wp-block-column is-layout-flow wp-block-column-is-layout-flow\" style=\"flex-basis:10%\"><\/div>\n  \n<\/div>\n<div class=\"wp-block-image\">\n<figure class=\"aligncenter size-full is-resized\"><img loading=\"lazy\" decoding=\"async\" width=\"720\" height=\"480\" src=\"https:\/\/antersystem.com\/wp-content\/uploads\/eco-vadis-111-eng-edited.jpg\" alt=\"Srebrny certyfikat zr&#xF3;wnowa&#x17C;onego rozwoju EcoVadis 2023\" class=\"wp-image-3096\" style=\"aspect-ratio:1.5;object-fit:cover;width:504px;height:auto\" srcset=\"https:\/\/antersystem.com\/wp-content\/uploads\/eco-vadis-111-eng-edited.jpg 720w, https:\/\/antersystem.com\/wp-content\/uploads\/eco-vadis-111-eng-edited-300x200.jpg 300w, https:\/\/antersystem.com\/wp-content\/uploads\/eco-vadis-111-eng-edited-450x300.jpg 450w, https:\/\/antersystem.com\/wp-content\/uploads\/eco-vadis-111-eng-edited-330x220.jpg 330w\" sizes=\"auto, (max-width: 720px) 100vw, 720px\" \/><\/figure><\/div>","protected":false},"excerpt":{"rendered":"<p>Biznes powinien szanowa\u0107 \u015brodowisko! W 2023 r. otrzymali\u015bmy srebrny certyfikat zr\u00f3wnowa\u017conego rozwoju EcoVadis. To wielki zaszczyt, kt\u00f3ry wie\u0144czy nasze wysi\u0142ki w zakresie ochrony \u015brodowiska i odpowiedzialno\u015bci spo\u0142ecznej. Je\u015bli chcemy nadal zamieszkiwa\u0107 to miejsce, musimy utrzymywa\u0107 jasne i pe\u0142ne szacunku relacje mi\u0119dzy spo\u0142ecze\u0144stwem, natur\u0105 i jej komercyjnym wykorzystaniem. Certyfikat EcoVadis &#8211; co on oznacza? Certyfikat EcoVadis [&hellip;]<\/p>\n","protected":false},"author":1,"featured_media":0,"parent":12824,"menu_order":0,"comment_status":"closed","ping_status":"closed","template":"","meta":{"inline_featured_image":false,"ngg_post_thumbnail":0,"footnotes":""},"class_list":["post-15668","page","type-page","status-publish","hentry"],"acf":[],"yoast_head":"<!-- This site is optimized with the Yoast SEO plugin v27.0 - https:\/\/yoast.com\/product\/yoast-seo-wordpress\/ -->\n<title>EcoVadis Silver Sustainability Certificate - Anter System<\/title>\n<meta name=\"description\" content=\"Biznes powinien szanowa\u0107 \u015brodowisko! W 2023 r. otrzymali\u015bmy srebrny certyfikat zr\u00f3wnowa\u017conego rozwoju EcoVadis. To wielki zaszczyt, kt\u00f3ry wie\u0144czy nasze\" \/>\n<meta name=\"robots\" content=\"index, follow, max-snippet:-1, max-image-preview:large, max-video-preview:-1\" \/>\n<link rel=\"canonical\" href=\"https:\/\/antersystem.com\/pl\/wiedza-i-nowosci\/ecovadis-2023-anter-system\/\" \/>\n<meta property=\"og:locale\" content=\"pl_PL\" \/>\n<meta property=\"og:type\" content=\"article\" \/>\n<meta property=\"og:title\" content=\"EcoVadis Silver Sustainability Certificate - Anter System\" \/>\n<meta property=\"og:description\" content=\"Biznes powinien szanowa\u0107 \u015brodowisko! W 2023 r. otrzymali\u015bmy srebrny certyfikat zr\u00f3wnowa\u017conego rozwoju EcoVadis. To wielki zaszczyt, kt\u00f3ry wie\u0144czy nasze\" \/>\n<meta property=\"og:url\" content=\"https:\/\/antersystem.com\/pl\/wiedza-i-nowosci\/ecovadis-2023-anter-system\/\" \/>\n<meta property=\"og:site_name\" content=\"Anter System\" \/>\n<meta property=\"article:modified_time\" content=\"2026-01-30T00:26:25+00:00\" \/>\n<meta property=\"og:image\" content=\"https:\/\/antersystem.com\/wp-content\/uploads\/eco-vadis-111-eng-edited.jpg\" \/>\n<meta name=\"twitter:card\" content=\"summary_large_image\" \/>\n<meta name=\"twitter:label1\" content=\"Szacowany czas czytania\" \/>\n\t<meta name=\"twitter:data1\" content=\"1 minuta\" \/>\n<script type=\"application\/ld+json\" class=\"yoast-schema-graph\">{\"@context\":\"https:\/\/schema.org\",\"@graph\":[{\"@type\":\"WebPage\",\"@id\":\"https:\/\/antersystem.com\/pl\/wiedza-i-nowosci\/ecovadis-2023-anter-system\/\",\"url\":\"https:\/\/antersystem.com\/pl\/wiedza-i-nowosci\/ecovadis-2023-anter-system\/\",\"name\":\"EcoVadis Silver Sustainability Certificate - Anter System\",\"isPartOf\":{\"@id\":\"https:\/\/antersystem.com\/pl\/#website\"},\"primaryImageOfPage\":{\"@id\":\"https:\/\/antersystem.com\/pl\/wiedza-i-nowosci\/ecovadis-2023-anter-system\/#primaryimage\"},\"image\":{\"@id\":\"https:\/\/antersystem.com\/pl\/wiedza-i-nowosci\/ecovadis-2023-anter-system\/#primaryimage\"},\"thumbnailUrl\":\"https:\/\/antersystem.com\/wp-content\/uploads\/eco-vadis-111-eng-edited.jpg\",\"datePublished\":\"2023-10-20T09:06:59+00:00\",\"dateModified\":\"2026-01-30T00:26:25+00:00\",\"description\":\"Biznes powinien szanowa\u0107 \u015brodowisko! W 2023 r. otrzymali\u015bmy srebrny certyfikat zr\u00f3wnowa\u017conego rozwoju EcoVadis. To wielki zaszczyt, kt\u00f3ry wie\u0144czy nasze\",\"breadcrumb\":{\"@id\":\"https:\/\/antersystem.com\/pl\/wiedza-i-nowosci\/ecovadis-2023-anter-system\/#breadcrumb\"},\"inLanguage\":\"pl-PL\",\"potentialAction\":[{\"@type\":\"ReadAction\",\"target\":[\"https:\/\/antersystem.com\/pl\/wiedza-i-nowosci\/ecovadis-2023-anter-system\/\"]}]},{\"@type\":\"ImageObject\",\"inLanguage\":\"pl-PL\",\"@id\":\"https:\/\/antersystem.com\/pl\/wiedza-i-nowosci\/ecovadis-2023-anter-system\/#primaryimage\",\"url\":\"https:\/\/antersystem.com\/wp-content\/uploads\/eco-vadis-111-eng-edited.jpg\",\"contentUrl\":\"https:\/\/antersystem.com\/wp-content\/uploads\/eco-vadis-111-eng-edited.jpg\"},{\"@type\":\"BreadcrumbList\",\"@id\":\"https:\/\/antersystem.com\/pl\/wiedza-i-nowosci\/ecovadis-2023-anter-system\/#breadcrumb\",\"itemListElement\":[{\"@type\":\"ListItem\",\"position\":1,\"name\":\"AnterSystem\",\"item\":\"https:\/\/antersystem.com\/pl\/\"},{\"@type\":\"ListItem\",\"position\":2,\"name\":\"Wiedza i nowo\u015bci\",\"item\":\"https:\/\/antersystem.com\/pl\/wiedza-i-nowosci\/\"},{\"@type\":\"ListItem\",\"position\":3,\"name\":\"EcoVadis Silver Sustainability Certificate\"}]},{\"@type\":\"WebSite\",\"@id\":\"https:\/\/antersystem.com\/pl\/#website\",\"url\":\"https:\/\/antersystem.com\/pl\/\",\"name\":\"Anter System\",\"description\":\"Jeste\u015bmy polskim producentem elastycznych barier ochronnych wykonywanych z polimerowych tworzyw sztucznych. Na rynku krajowym i zagranicznym dzia\u0142amy od ponad 15 lat dbaj\u0105c o zapewnienie bezpiecze\u0144stwa w zak\u0142adach produkcyjnych, magazynach oraz centrach logistycznych.\",\"potentialAction\":[{\"@type\":\"SearchAction\",\"target\":{\"@type\":\"EntryPoint\",\"urlTemplate\":\"https:\/\/antersystem.com\/pl\/?s={search_term_string}\"},\"query-input\":{\"@type\":\"PropertyValueSpecification\",\"valueRequired\":true,\"valueName\":\"search_term_string\"}}],\"inLanguage\":\"pl-PL\"}]}<\/script>\n<!-- \/ Yoast SEO plugin. -->","yoast_head_json":{"title":"EcoVadis Silver Sustainability Certificate - Anter System","description":"Biznes powinien szanowa\u0107 \u015brodowisko! W 2023 r. otrzymali\u015bmy srebrny certyfikat zr\u00f3wnowa\u017conego rozwoju EcoVadis. To wielki zaszczyt, kt\u00f3ry wie\u0144czy nasze","robots":{"index":"index","follow":"follow","max-snippet":"max-snippet:-1","max-image-preview":"max-image-preview:large","max-video-preview":"max-video-preview:-1"},"canonical":"https:\/\/antersystem.com\/pl\/wiedza-i-nowosci\/ecovadis-2023-anter-system\/","og_locale":"pl_PL","og_type":"article","og_title":"EcoVadis Silver Sustainability Certificate - Anter System","og_description":"Biznes powinien szanowa\u0107 \u015brodowisko! W 2023 r. otrzymali\u015bmy srebrny certyfikat zr\u00f3wnowa\u017conego rozwoju EcoVadis. To wielki zaszczyt, kt\u00f3ry wie\u0144czy nasze","og_url":"https:\/\/antersystem.com\/pl\/wiedza-i-nowosci\/ecovadis-2023-anter-system\/","og_site_name":"Anter System","article_modified_time":"2026-01-30T00:26:25+00:00","og_image":[{"url":"https:\/\/antersystem.com\/wp-content\/uploads\/eco-vadis-111-eng-edited.jpg","type":"","width":"","height":""}],"twitter_card":"summary_large_image","twitter_misc":{"Szacowany czas czytania":"1 minuta"},"schema":{"@context":"https:\/\/schema.org","@graph":[{"@type":"WebPage","@id":"https:\/\/antersystem.com\/pl\/wiedza-i-nowosci\/ecovadis-2023-anter-system\/","url":"https:\/\/antersystem.com\/pl\/wiedza-i-nowosci\/ecovadis-2023-anter-system\/","name":"EcoVadis Silver Sustainability Certificate - Anter System","isPartOf":{"@id":"https:\/\/antersystem.com\/pl\/#website"},"primaryImageOfPage":{"@id":"https:\/\/antersystem.com\/pl\/wiedza-i-nowosci\/ecovadis-2023-anter-system\/#primaryimage"},"image":{"@id":"https:\/\/antersystem.com\/pl\/wiedza-i-nowosci\/ecovadis-2023-anter-system\/#primaryimage"},"thumbnailUrl":"https:\/\/antersystem.com\/wp-content\/uploads\/eco-vadis-111-eng-edited.jpg","datePublished":"2023-10-20T09:06:59+00:00","dateModified":"2026-01-30T00:26:25+00:00","description":"Biznes powinien szanowa\u0107 \u015brodowisko! W 2023 r. otrzymali\u015bmy srebrny certyfikat zr\u00f3wnowa\u017conego rozwoju EcoVadis. To wielki zaszczyt, kt\u00f3ry wie\u0144czy nasze","breadcrumb":{"@id":"https:\/\/antersystem.com\/pl\/wiedza-i-nowosci\/ecovadis-2023-anter-system\/#breadcrumb"},"inLanguage":"pl-PL","potentialAction":[{"@type":"ReadAction","target":["https:\/\/antersystem.com\/pl\/wiedza-i-nowosci\/ecovadis-2023-anter-system\/"]}]},{"@type":"ImageObject","inLanguage":"pl-PL","@id":"https:\/\/antersystem.com\/pl\/wiedza-i-nowosci\/ecovadis-2023-anter-system\/#primaryimage","url":"https:\/\/antersystem.com\/wp-content\/uploads\/eco-vadis-111-eng-edited.jpg","contentUrl":"https:\/\/antersystem.com\/wp-content\/uploads\/eco-vadis-111-eng-edited.jpg"},{"@type":"BreadcrumbList","@id":"https:\/\/antersystem.com\/pl\/wiedza-i-nowosci\/ecovadis-2023-anter-system\/#breadcrumb","itemListElement":[{"@type":"ListItem","position":1,"name":"AnterSystem","item":"https:\/\/antersystem.com\/pl\/"},{"@type":"ListItem","position":2,"name":"Wiedza i nowo\u015bci","item":"https:\/\/antersystem.com\/pl\/wiedza-i-nowosci\/"},{"@type":"ListItem","position":3,"name":"EcoVadis Silver Sustainability Certificate"}]},{"@type":"WebSite","@id":"https:\/\/antersystem.com\/pl\/#website","url":"https:\/\/antersystem.com\/pl\/","name":"Anter System","description":"Jeste\u015bmy polskim producentem elastycznych barier ochronnych wykonywanych z polimerowych tworzyw sztucznych. Na rynku krajowym i zagranicznym dzia\u0142amy od ponad 15 lat dbaj\u0105c o zapewnienie bezpiecze\u0144stwa w zak\u0142adach produkcyjnych, magazynach oraz centrach logistycznych.","potentialAction":[{"@type":"SearchAction","target":{"@type":"EntryPoint","urlTemplate":"https:\/\/antersystem.com\/pl\/?s={search_term_string}"},"query-input":{"@type":"PropertyValueSpecification","valueRequired":true,"valueName":"search_term_string"}}],"inLanguage":"pl-PL"}]}},"_links":{"self":[{"href":"https:\/\/antersystem.com\/pl\/wp-json\/wp\/v2\/pages\/15668","targetHints":{"allow":["GET"]}}],"collection":[{"href":"https:\/\/antersystem.com\/pl\/wp-json\/wp\/v2\/pages"}],"about":[{"href":"https:\/\/antersystem.com\/pl\/wp-json\/wp\/v2\/types\/page"}],"author":[{"embeddable":true,"href":"https:\/\/antersystem.com\/pl\/wp-json\/wp\/v2\/users\/1"}],"replies":[{"embeddable":true,"href":"https:\/\/antersystem.com\/pl\/wp-json\/wp\/v2\/comments?post=15668"}],"version-history":[{"count":1,"href":"https:\/\/antersystem.com\/pl\/wp-json\/wp\/v2\/pages\/15668\/revisions"}],"predecessor-version":[{"id":15671,"href":"https:\/\/antersystem.com\/pl\/wp-json\/wp\/v2\/pages\/15668\/revisions\/15671"}],"up":[{"embeddable":true,"href":"https:\/\/antersystem.com\/pl\/wp-json\/wp\/v2\/pages\/12824"}],"wp:attachment":[{"href":"https:\/\/antersystem.com\/pl\/wp-json\/wp\/v2\/media?parent=15668"}],"curies":[{"name":"wp","href":"https:\/\/api.w.org\/{rel}","templated":true}]}}