{"id":15722,"date":"2024-05-28T10:54:04","date_gmt":"2024-05-28T08:54:04","guid":{"rendered":"https:\/\/new.antersystem.com\/news\/modernlog24\/"},"modified":"2026-01-30T01:25:49","modified_gmt":"2026-01-30T00:25:49","slug":"modernlog24","status":"publish","type":"page","link":"https:\/\/antersystem.com\/pl\/wiedza-i-nowosci\/modernlog24\/","title":{"rendered":"MODERNLOG&#8217;24"},"content":{"rendered":"\n<div class=\"wp-block-columns is-layout-flex wp-container-core-columns-is-layout-9d6595d7 wp-block-columns-is-layout-flex\">\n<div class=\"wp-block-column is-layout-flow wp-block-column-is-layout-flow\" style=\"flex-basis:10%\"><\/div>\n\n\n\n<div class=\"wp-block-column is-layout-flow wp-block-column-is-layout-flow\">\n<h2 class=\"wp-block-heading\">Anter System &#8211; partner technologiczny IN4LOG<\/h2>\n\n\n\n<h2 class=\"wp-block-heading\"><br\/>Targi Modernlog odb\u0119d\u0105 si\u0119 w dniach 4-7 czerwca 2024 roku na terenie Mi\u0119dzynarodowych Targ\u00f3w Pozna\u0144skich, w pawilonach 7, 7A i 8.<\/h2>\n\n\n\n<p>Pocz\u0105tek czerwca zapowiada si\u0119 ekscytuj\u0105co na terenie Mi\u0119dzynarodowych Targ\u00f3w Pozna\u0144skich. <strong>Modernlog<\/strong> i <strong>Konferencja Smart Warehouse<\/strong> odbywaj\u0105 si\u0119 r\u00f3wnolegle z <strong>ITM Industry Europe<\/strong> &#8211; du\u017cymi targami prezentuj\u0105cymi osi\u0105gni\u0119cia polskiego i \u015bwiatowego przemys\u0142u. W\u015br\u00f3d wydarze\u0144 towarzysz\u0105cych znajduj\u0105 si\u0119 r\u00f3wnie\u017c <strong>Targi Kooperacji Przemys\u0142owej Subcontracting<\/strong>. <a href=\"https:\/\/modernlog.pl\/pl\/aktualnosci\/wieksze-potrzeby-wieksza-powierzchnia-targi-modernlog-i-konferencja-smart-warehouse-z-nowa-lokalizacja\/\">Wi\u0119cej informacji dost\u0119pnych jest na stronie organizatora.<\/a> Odwiedzaj\u0105cy, kt\u00f3rzy planuj\u0105 wzi\u0105\u0107 udzia\u0142 w wydarzeniu, powinni dok\u0142adnie zaplanowa\u0107 tras\u0119!<\/p>\n\n\n\n<p>A teraz wracamy do Modernlog. Kluczow\u0105 atrakcj\u0105 <strong>Targ\u00f3w Logistyki, Magazynowania i Transportu<\/strong> s\u0105 pokazy maszyn na \u017cywo w <strong>strefie In4Log<\/strong>, organizowane we wsp\u00f3\u0142pracy z partnerami technologicznymi. <strong>To w\u0142a\u015bnie tam b\u0119dzie mo\u017cna nas znale\u017a\u0107 &#8211; prezentuj\u0105cych nasze elastyczne bariery ochronne.<\/strong> Jako partner technologiczny strefy i konferencji, <strong>Anter System<\/strong> dostarczy systemy bezpiecze\u0144stwa do strefy In4Log. Wiele rozwi\u0105za\u0144 ochronnych, kt\u00f3re opisujemy tutaj na bie\u017c\u0105co, b\u0119dzie dost\u0119pnych na miejscu w celu uzyskania praktycznego do\u015bwiadczenia.<\/p>\n\n\n\n<h3 class=\"wp-block-heading\">Optymalizacja w dzia\u0142aniu<\/h3>\n\n\n\n<p><strong>In4Log<\/strong> to prezentacja na \u017cywo proces\u00f3w intralogistycznych, odtwarzaj\u0105ca krytyczne operacje ze \u015brodowisk magazynowych i logistycznych. To idealne miejsce, aby spojrze\u0107 na obecny sprz\u0119t z nowej perspektywy i odblokowa\u0107 wi\u0119ksz\u0105 produktywno\u015b\u0107 dzi\u0119ki lepszemu wykorzystaniu zasob\u00f3w. Dobre praktyki i produkty wspieraj\u0105ce mog\u0105 inspirowa\u0107 do bardziej kreatywnego podej\u015bcia do logistyki. Pokazy b\u0119d\u0105 odbywa\u0107 si\u0119 ka\u017cdego dnia imprezy.<\/p>\n\n\n\n<h3 class=\"wp-block-heading\">Technologie przysz\u0142o\u015bci w logistyce<\/h3>\n\n\n\n<p>Tegoroczny Modernlog jest pe\u0142en wiedzy. Odwiedzaj\u0105cy s\u0105 zaproszeni do udzia\u0142u w <strong>konferencji Smart Warehouse<\/strong>, kt\u00f3ra obejmuje praktyczne studia przypadk\u00f3w, wgl\u0105d w <strong>Logistyk\u0119 4.0<\/strong> oraz nowoczesne rozwi\u0105zania dla magazyn\u00f3w przysz\u0142o\u015bci. W programie znalaz\u0142y si\u0119 panele tematyczne takie jak:<\/p>\n\n\n\n<ul>\n<li>Mened\u017cerowie stawiaj\u0105cy czo\u0142a wyzwaniom logistyki przysz\u0142o\u015bci<\/li>\n<li>Cyfryzacja i IoT &#8211; wsparcie w procesach magazynowych<\/li>\n<li>Inteligentne magazyny &#8211; automatyzacja i transformacja<\/li>\n<li>Roboty i technologie przysz\u0142o\u015bci<\/li>\n<li>Obs\u0142uga handlu elektronicznego &#8211; rosn\u0105ce potrzeby, nowe wyzwania<\/li>\n<\/ul>\n\n\n\n<p>Szczeg\u00f3lnie intryguj\u0105cym wydarzeniem dla os\u00f3b zainteresowanych wp\u0142ywem sztucznej inteligencji na miejsce pracy b\u0119dzie wyk\u0142ad pt: <em>&#8222;Between Sense and Nonsense &#8211; How Technological Development Will Change Our Work Experience&#8221;<\/em> (Dzie\u0144 1, prelegent: Bart\u0142omiej Brach).<\/p>\n\n\n\n<p>Nasze <strong>elastyczne bariery<\/strong> s\u0105 bezpo\u015bredni\u0105 odpowiedzi\u0105 na wyzwania szybko ewoluuj\u0105cego, nap\u0119dzanego technologi\u0105 \u015bwiata. Umo\u017cliwiaj\u0105 dynamiczn\u0105 adaptacj\u0119 do zmieniaj\u0105cych si\u0119 warunk\u00f3w operacyjnych, oferuj\u0105c zar\u00f3wno kontrol\u0119, jak i ochron\u0119, jednocze\u015bnie pozwalaj\u0105c na rozw\u00f3j korzy\u015bci p\u0142yn\u0105cych z automatyzacji.<\/p>\n\n\n\n<p>Zapraszamy do zapoznania si\u0119 z zaletami barier elastycznych &#8211; produkt\u00f3w o wielu innowacyjnych funkcjach, kt\u00f3re dopiero zostan\u0105 odkryte. Zaprezentujemy r\u00f3wnie\u017c <strong>wielokrotnie nagradzane innowacje Anter<\/strong> System, wyr\u00f3\u017cnione w najwa\u017cniejszych konkursach bran\u017cowych. <strong>Spodziewaj si\u0119 porad ekspert\u00f3w i anga\u017cuj\u0105cego, praktycznego do\u015bwiadczenia.<\/strong> A dla tych, kt\u00f3rzy chc\u0105 zobaczy\u0107, co nas czeka &#8211; oto nasze <strong><a href=\"https:\/\/antersystem.com\/wiedza-i-nowosci\/modernlog-targi-logistyki-magazynowania-i-transportu\/\">podsumowanie poprzedniej edycji.<\/a><\/strong><\/p>\n\n\n\n<p>Do zobaczenia wkr\u00f3tce na targach <strong>Modernlog 2024!<\/strong> Odkryj, jak rozwi\u0105zania Anter System mog\u0105 zmieni\u0107 Tw\u00f3j biznes: <strong>Pawilon 7A, Stoisko 44.<\/strong><\/p>\n\n\n\n<p>Link do wydarzenia: <strong><a href=\"https:\/\/modernlog.pl\/pl\/\">MODERNLOG<\/a><\/strong><\/p>\n\n\n\n<p><strong>#MODERNLOG #tradeshow #safety #OHS #flexiblebarriers<\/strong><\/p>\n<\/div>\n\n\n\n<div class=\"wp-block-column is-layout-flow wp-block-column-is-layout-flow\" style=\"flex-basis:10%\"><\/div>\n<\/div>\n<div class=\"wp-block-image\">\n<figure class=\"aligncenter size-large is-resized\"><img loading=\"lazy\" decoding=\"async\" width=\"1024\" height=\"535\" src=\"https:\/\/antersystem.com\/wp-content\/uploads\/ZAJAWKA-MODERNLOG-1024x535.webp\" alt=\"Anter System na targach Modernlog 2024\" class=\"wp-image-4733\" style=\"width:720px;height:auto\" srcset=\"https:\/\/antersystem.com\/wp-content\/uploads\/ZAJAWKA-MODERNLOG-1024x535.webp 1024w, https:\/\/antersystem.com\/wp-content\/uploads\/ZAJAWKA-MODERNLOG-300x157.webp 300w, https:\/\/antersystem.com\/wp-content\/uploads\/ZAJAWKA-MODERNLOG-768x401.webp 768w, https:\/\/antersystem.com\/wp-content\/uploads\/ZAJAWKA-MODERNLOG-450x235.webp 450w, https:\/\/antersystem.com\/wp-content\/uploads\/ZAJAWKA-MODERNLOG-330x172.webp 330w, https:\/\/antersystem.com\/wp-content\/uploads\/ZAJAWKA-MODERNLOG.webp 1200w\" sizes=\"auto, (max-width: 1024px) 100vw, 1024px\" \/><\/figure><\/div>","protected":false},"excerpt":{"rendered":"<p>Anter System &#8211; partner technologiczny IN4LOG Targi Modernlog odb\u0119d\u0105 si\u0119 w dniach 4-7 czerwca 2024 roku na terenie Mi\u0119dzynarodowych Targ\u00f3w Pozna\u0144skich, w pawilonach 7, 7A i 8. Pocz\u0105tek czerwca zapowiada si\u0119 ekscytuj\u0105co na terenie Mi\u0119dzynarodowych Targ\u00f3w Pozna\u0144skich. Modernlog i Konferencja Smart Warehouse odbywaj\u0105 si\u0119 r\u00f3wnolegle z ITM Industry Europe &#8211; du\u017cymi targami prezentuj\u0105cymi osi\u0105gni\u0119cia polskiego [&hellip;]<\/p>\n","protected":false},"author":1,"featured_media":0,"parent":12824,"menu_order":0,"comment_status":"closed","ping_status":"closed","template":"","meta":{"inline_featured_image":false,"ngg_post_thumbnail":0,"footnotes":""},"class_list":["post-15722","page","type-page","status-publish","hentry"],"acf":[],"yoast_head":"<!-- This site is optimized with the Yoast SEO plugin v27.0 - https:\/\/yoast.com\/product\/yoast-seo-wordpress\/ -->\n<title>MODERNLOG&#039;24 - Anter System<\/title>\n<meta name=\"description\" content=\"Targi Modernlog potrwaj\u0105 od 4 do 7 czerwca&#039;24 na terenie Mi\u0119dzynarodowych Targ\u00f3w Pozna\u0144skich. Anter System zabezpieczy tam stref\u0119 In4Log.\" \/>\n<meta name=\"robots\" content=\"index, follow, max-snippet:-1, max-image-preview:large, max-video-preview:-1\" \/>\n<link rel=\"canonical\" href=\"https:\/\/antersystem.com\/pl\/wiedza-i-nowosci\/modernlog24\/\" \/>\n<meta property=\"og:locale\" content=\"pl_PL\" \/>\n<meta property=\"og:type\" content=\"article\" \/>\n<meta property=\"og:title\" content=\"MODERNLOG&#039;24 - Anter System\" \/>\n<meta property=\"og:description\" content=\"Targi Modernlog potrwaj\u0105 od 4 do 7 czerwca&#039;24 na terenie Mi\u0119dzynarodowych Targ\u00f3w Pozna\u0144skich. Anter System zabezpieczy tam stref\u0119 In4Log.\" \/>\n<meta property=\"og:url\" content=\"https:\/\/antersystem.com\/pl\/wiedza-i-nowosci\/modernlog24\/\" \/>\n<meta property=\"og:site_name\" content=\"Anter System\" \/>\n<meta property=\"article:modified_time\" content=\"2026-01-30T00:25:49+00:00\" \/>\n<meta property=\"og:image\" content=\"https:\/\/antersystem.com\/wp-content\/uploads\/ZAJAWKA-MODERNLOG-1024x535.webp\" \/>\n<meta name=\"twitter:card\" content=\"summary_large_image\" \/>\n<meta name=\"twitter:label1\" content=\"Szacowany czas czytania\" \/>\n\t<meta name=\"twitter:data1\" content=\"3 minuty\" \/>\n<script type=\"application\/ld+json\" class=\"yoast-schema-graph\">{\"@context\":\"https:\/\/schema.org\",\"@graph\":[{\"@type\":\"WebPage\",\"@id\":\"https:\/\/antersystem.com\/pl\/wiedza-i-nowosci\/modernlog24\/\",\"url\":\"https:\/\/antersystem.com\/pl\/wiedza-i-nowosci\/modernlog24\/\",\"name\":\"MODERNLOG'24 - Anter System\",\"isPartOf\":{\"@id\":\"https:\/\/antersystem.com\/pl\/#website\"},\"primaryImageOfPage\":{\"@id\":\"https:\/\/antersystem.com\/pl\/wiedza-i-nowosci\/modernlog24\/#primaryimage\"},\"image\":{\"@id\":\"https:\/\/antersystem.com\/pl\/wiedza-i-nowosci\/modernlog24\/#primaryimage\"},\"thumbnailUrl\":\"https:\/\/antersystem.com\/wp-content\/uploads\/ZAJAWKA-MODERNLOG-1024x535.webp\",\"datePublished\":\"2024-05-28T08:54:04+00:00\",\"dateModified\":\"2026-01-30T00:25:49+00:00\",\"description\":\"Targi Modernlog potrwaj\u0105 od 4 do 7 czerwca'24 na terenie Mi\u0119dzynarodowych Targ\u00f3w Pozna\u0144skich. Anter System zabezpieczy tam stref\u0119 In4Log.\",\"breadcrumb\":{\"@id\":\"https:\/\/antersystem.com\/pl\/wiedza-i-nowosci\/modernlog24\/#breadcrumb\"},\"inLanguage\":\"pl-PL\",\"potentialAction\":[{\"@type\":\"ReadAction\",\"target\":[\"https:\/\/antersystem.com\/pl\/wiedza-i-nowosci\/modernlog24\/\"]}]},{\"@type\":\"ImageObject\",\"inLanguage\":\"pl-PL\",\"@id\":\"https:\/\/antersystem.com\/pl\/wiedza-i-nowosci\/modernlog24\/#primaryimage\",\"url\":\"https:\/\/antersystem.com\/wp-content\/uploads\/ZAJAWKA-MODERNLOG-1024x535.webp\",\"contentUrl\":\"https:\/\/antersystem.com\/wp-content\/uploads\/ZAJAWKA-MODERNLOG-1024x535.webp\"},{\"@type\":\"BreadcrumbList\",\"@id\":\"https:\/\/antersystem.com\/pl\/wiedza-i-nowosci\/modernlog24\/#breadcrumb\",\"itemListElement\":[{\"@type\":\"ListItem\",\"position\":1,\"name\":\"AnterSystem\",\"item\":\"https:\/\/antersystem.com\/pl\/\"},{\"@type\":\"ListItem\",\"position\":2,\"name\":\"Wiedza i nowo\u015bci\",\"item\":\"https:\/\/antersystem.com\/pl\/wiedza-i-nowosci\/\"},{\"@type\":\"ListItem\",\"position\":3,\"name\":\"MODERNLOG&#8217;24\"}]},{\"@type\":\"WebSite\",\"@id\":\"https:\/\/antersystem.com\/pl\/#website\",\"url\":\"https:\/\/antersystem.com\/pl\/\",\"name\":\"Anter System\",\"description\":\"Jeste\u015bmy polskim producentem elastycznych barier ochronnych wykonywanych z polimerowych tworzyw sztucznych. Na rynku krajowym i zagranicznym dzia\u0142amy od ponad 15 lat dbaj\u0105c o zapewnienie bezpiecze\u0144stwa w zak\u0142adach produkcyjnych, magazynach oraz centrach logistycznych.\",\"potentialAction\":[{\"@type\":\"SearchAction\",\"target\":{\"@type\":\"EntryPoint\",\"urlTemplate\":\"https:\/\/antersystem.com\/pl\/?s={search_term_string}\"},\"query-input\":{\"@type\":\"PropertyValueSpecification\",\"valueRequired\":true,\"valueName\":\"search_term_string\"}}],\"inLanguage\":\"pl-PL\"}]}<\/script>\n<!-- \/ Yoast SEO plugin. -->","yoast_head_json":{"title":"MODERNLOG'24 - Anter System","description":"Targi Modernlog potrwaj\u0105 od 4 do 7 czerwca'24 na terenie Mi\u0119dzynarodowych Targ\u00f3w Pozna\u0144skich. Anter System zabezpieczy tam stref\u0119 In4Log.","robots":{"index":"index","follow":"follow","max-snippet":"max-snippet:-1","max-image-preview":"max-image-preview:large","max-video-preview":"max-video-preview:-1"},"canonical":"https:\/\/antersystem.com\/pl\/wiedza-i-nowosci\/modernlog24\/","og_locale":"pl_PL","og_type":"article","og_title":"MODERNLOG'24 - Anter System","og_description":"Targi Modernlog potrwaj\u0105 od 4 do 7 czerwca'24 na terenie Mi\u0119dzynarodowych Targ\u00f3w Pozna\u0144skich. Anter System zabezpieczy tam stref\u0119 In4Log.","og_url":"https:\/\/antersystem.com\/pl\/wiedza-i-nowosci\/modernlog24\/","og_site_name":"Anter System","article_modified_time":"2026-01-30T00:25:49+00:00","og_image":[{"url":"https:\/\/antersystem.com\/wp-content\/uploads\/ZAJAWKA-MODERNLOG-1024x535.webp","type":"","width":"","height":""}],"twitter_card":"summary_large_image","twitter_misc":{"Szacowany czas czytania":"3 minuty"},"schema":{"@context":"https:\/\/schema.org","@graph":[{"@type":"WebPage","@id":"https:\/\/antersystem.com\/pl\/wiedza-i-nowosci\/modernlog24\/","url":"https:\/\/antersystem.com\/pl\/wiedza-i-nowosci\/modernlog24\/","name":"MODERNLOG'24 - Anter System","isPartOf":{"@id":"https:\/\/antersystem.com\/pl\/#website"},"primaryImageOfPage":{"@id":"https:\/\/antersystem.com\/pl\/wiedza-i-nowosci\/modernlog24\/#primaryimage"},"image":{"@id":"https:\/\/antersystem.com\/pl\/wiedza-i-nowosci\/modernlog24\/#primaryimage"},"thumbnailUrl":"https:\/\/antersystem.com\/wp-content\/uploads\/ZAJAWKA-MODERNLOG-1024x535.webp","datePublished":"2024-05-28T08:54:04+00:00","dateModified":"2026-01-30T00:25:49+00:00","description":"Targi Modernlog potrwaj\u0105 od 4 do 7 czerwca'24 na terenie Mi\u0119dzynarodowych Targ\u00f3w Pozna\u0144skich. Anter System zabezpieczy tam stref\u0119 In4Log.","breadcrumb":{"@id":"https:\/\/antersystem.com\/pl\/wiedza-i-nowosci\/modernlog24\/#breadcrumb"},"inLanguage":"pl-PL","potentialAction":[{"@type":"ReadAction","target":["https:\/\/antersystem.com\/pl\/wiedza-i-nowosci\/modernlog24\/"]}]},{"@type":"ImageObject","inLanguage":"pl-PL","@id":"https:\/\/antersystem.com\/pl\/wiedza-i-nowosci\/modernlog24\/#primaryimage","url":"https:\/\/antersystem.com\/wp-content\/uploads\/ZAJAWKA-MODERNLOG-1024x535.webp","contentUrl":"https:\/\/antersystem.com\/wp-content\/uploads\/ZAJAWKA-MODERNLOG-1024x535.webp"},{"@type":"BreadcrumbList","@id":"https:\/\/antersystem.com\/pl\/wiedza-i-nowosci\/modernlog24\/#breadcrumb","itemListElement":[{"@type":"ListItem","position":1,"name":"AnterSystem","item":"https:\/\/antersystem.com\/pl\/"},{"@type":"ListItem","position":2,"name":"Wiedza i nowo\u015bci","item":"https:\/\/antersystem.com\/pl\/wiedza-i-nowosci\/"},{"@type":"ListItem","position":3,"name":"MODERNLOG&#8217;24"}]},{"@type":"WebSite","@id":"https:\/\/antersystem.com\/pl\/#website","url":"https:\/\/antersystem.com\/pl\/","name":"Anter System","description":"Jeste\u015bmy polskim producentem elastycznych barier ochronnych wykonywanych z polimerowych tworzyw sztucznych. Na rynku krajowym i zagranicznym dzia\u0142amy od ponad 15 lat dbaj\u0105c o zapewnienie bezpiecze\u0144stwa w zak\u0142adach produkcyjnych, magazynach oraz centrach logistycznych.","potentialAction":[{"@type":"SearchAction","target":{"@type":"EntryPoint","urlTemplate":"https:\/\/antersystem.com\/pl\/?s={search_term_string}"},"query-input":{"@type":"PropertyValueSpecification","valueRequired":true,"valueName":"search_term_string"}}],"inLanguage":"pl-PL"}]}},"_links":{"self":[{"href":"https:\/\/antersystem.com\/pl\/wp-json\/wp\/v2\/pages\/15722","targetHints":{"allow":["GET"]}}],"collection":[{"href":"https:\/\/antersystem.com\/pl\/wp-json\/wp\/v2\/pages"}],"about":[{"href":"https:\/\/antersystem.com\/pl\/wp-json\/wp\/v2\/types\/page"}],"author":[{"embeddable":true,"href":"https:\/\/antersystem.com\/pl\/wp-json\/wp\/v2\/users\/1"}],"replies":[{"embeddable":true,"href":"https:\/\/antersystem.com\/pl\/wp-json\/wp\/v2\/comments?post=15722"}],"version-history":[{"count":1,"href":"https:\/\/antersystem.com\/pl\/wp-json\/wp\/v2\/pages\/15722\/revisions"}],"predecessor-version":[{"id":15725,"href":"https:\/\/antersystem.com\/pl\/wp-json\/wp\/v2\/pages\/15722\/revisions\/15725"}],"up":[{"embeddable":true,"href":"https:\/\/antersystem.com\/pl\/wp-json\/wp\/v2\/pages\/12824"}],"wp:attachment":[{"href":"https:\/\/antersystem.com\/pl\/wp-json\/wp\/v2\/media?parent=15722"}],"curies":[{"name":"wp","href":"https:\/\/api.w.org\/{rel}","templated":true}]}}