{"id":38121,"date":"2024-02-15T10:41:35","date_gmt":"2024-02-15T09:41:35","guid":{"rendered":"https:\/\/new.antersystem.com\/news\/logimat-2024\/"},"modified":"2026-01-31T13:46:07","modified_gmt":"2026-01-31T12:46:07","slug":"logimat-2024","status":"publish","type":"page","link":"https:\/\/antersystem.com\/pl\/wiedza-i-nowosci\/logimat-2024\/","title":{"rendered":"LogiMAT 2024"},"content":{"rendered":"\n<div class=\"wp-block-columns is-layout-flex wp-container-core-columns-is-layout-9d6595d7 wp-block-columns-is-layout-flex\">\n  \n  <div class=\"wp-block-column is-layout-flow wp-block-column-is-layout-flow\" style=\"flex-basis:10%\"><\/div>\n  \n\n  \n  <div class=\"wp-block-column is-layout-flow wp-block-column-is-layout-flow\">\n    \n    <h3 class=\"wp-block-heading\">Zaproszenie na LogiMAT!<\/h3>\n    \n\n    \n    <p>Ju\u017c za miesi\u0105c w Stuttgarcie rozpoczn\u0105 si\u0119 mi\u0119dzynarodowe targi <strong>LogiMAT<\/strong>. W dniach <strong>19-21 marca<\/strong> zaprezentujemy nasze systemy zwi\u0119kszaj\u0105ce bezpiecze\u0144stwo w magazynach i centrach logistycznych. Wydarzenie zaprasza do zapoznania si\u0119 z nowymi trendami w bran\u017cy i najnowocze\u015bniejszymi produktami. Temat przewodni tegorocznej platformy biznesowej: <strong>WSP\u00d3LNE KSZTA\u0141TOWANIE ZMIAN<\/strong>.<\/p>\n    \n\n    \n    <h4 class=\"wp-block-heading\"><strong>Czego mo\u017cna si\u0119 spodziewa\u0107 na LogiMAT 2024?<\/strong><\/h4>\n    \n\n    \n    <p>Opr\u00f3cz \u015bwiatowych i europejskich premier, profesjonali\u015bci z bran\u017cy na <strong>LogiMAT 2024<\/strong> odkryj\u0105 szerok\u0105 gam\u0119 nowych i ulepszonych rozwi\u0105za\u0144 zaprojektowanych w celu optymalizacji proces\u00f3w intralogistycznych. <strong>Mobilno\u015b\u0107 magazyn\u00f3w<\/strong> b\u0119dzie w tym roku tematem przewodnim, podkre\u015blanym przez produkty i rozwi\u0105zania prezentowane przez r\u00f3\u017cnych wystawc\u00f3w &#8211; od producent\u00f3w maszyn i urz\u0105dze\u0144, przez tw\u00f3rc\u00f3w autonomicznych robot\u00f3w mobilnych (AMR), po producent\u00f3w w\u00f3zk\u00f3w przemys\u0142owych i firmy takie jak my &#8211; <a href=\"https:\/\/antersystem.com\/produkty\/\">producent\u00f3w mobilnych i elastycznych barier ochronnych<\/a>.<\/p>\n    \n\n    \n    <p>Bilety na wydarzenie mo\u017cna zarezerwowa\u0107 tutaj: <a href=\"https:\/\/www.logimat-messe.de\/en\"><strong>logimat-messe.de\/en<\/strong><\/a><\/p>\n    \n\n    \n    <p><em>&#8222;Dzi\u0119ki pe\u0142nemu spektrum innowacji, kt\u00f3re wystawcy przywioz\u0105 do Stuttgartu, LogiMAT 2024 odzwierciedla aktualne trendy kszta\u0142tuj\u0105ce ca\u0142y sektor intralogistyki&#8221; &#8211;<\/em> podsumowuje dyrektor targ\u00f3w <strong>Michael Ruchty<\/strong>. <em>&#8222;LogiMAT daje profesjonalistom mo\u017cliwo\u015b\u0107 poznania najnowocze\u015bniejszych rozwi\u0105za\u0144, kt\u00f3re zdefiniuj\u0105 bran\u017c\u0119 w nadchodz\u0105cych latach&#8221;.<\/em><\/p>\n    \n\n    \n    <h4 class=\"wp-block-heading\"><strong>Dzielenie si\u0119 wiedz\u0105<\/strong><\/h4>\n    \n\n    \n    <p>Zapewniamy specjalistyczne rozwi\u0105zania w celu zwi\u0119kszenia bezpiecze\u0144stwa w miejscu pracy w Twojej firmie. Je\u015bli jeste\u015b zainteresowany wsp\u00f3\u0142prac\u0105 z nami, z przyjemno\u015bci\u0105 spotkamy si\u0119 i om\u00f3wimy szczeg\u00f3\u0142owo konkretne opcje. Odwied\u017a nas w <strong>hali 9, stoisko 9A17<\/strong>. Nadal oferujemy r\u00f3wnie\u017c <strong>bezp\u0142atny audyt bezpiecze\u0144stwa na miejscu<\/strong>, koncentruj\u0105cy si\u0119 na poprawie stabilno\u015bci i niezawodno\u015bci obszar\u00f3w roboczych &#8211; aby um\u00f3wi\u0107 si\u0119 na audyt, zadzwo\u0144 do nas pod numer <a href=\"tel:+48%20606%20116%20171\"><strong>+48 606 116 171<\/strong><\/a>.<\/p>\n    \n\n    \n    <hr class=\"wp-block-separator has-text-color has-white-color has-alpha-channel-opacity has-white-background-color has-background is-style-default\"\/>\n    \n  <\/div>\n  \n\n  \n  <div class=\"wp-block-column is-layout-flow wp-block-column-is-layout-flow\" style=\"flex-basis:10%\"><\/div>\n  \n<\/div>\n<div class=\"wp-block-image\">\n<figure class=\"aligncenter size-large is-resized\"><img loading=\"lazy\" decoding=\"async\" width=\"1024\" height=\"535\" src=\"https:\/\/antersystem.com\/wp-content\/uploads\/Logimat2024-Anter-System-invitation-2-1024x535.jpg\" alt=\"Anter System na zaproszeniu na LogiMAT 2024\" class=\"wp-image-4227\" style=\"width:720px;height:auto\" srcset=\"https:\/\/antersystem.com\/wp-content\/uploads\/Logimat2024-Anter-System-invitation-2-1024x535.jpg 1024w, https:\/\/antersystem.com\/wp-content\/uploads\/Logimat2024-Anter-System-invitation-2-300x157.jpg 300w, https:\/\/antersystem.com\/wp-content\/uploads\/Logimat2024-Anter-System-invitation-2-768x401.jpg 768w, https:\/\/antersystem.com\/wp-content\/uploads\/Logimat2024-Anter-System-invitation-2-450x235.jpg 450w, https:\/\/antersystem.com\/wp-content\/uploads\/Logimat2024-Anter-System-invitation-2-330x172.jpg 330w, https:\/\/antersystem.com\/wp-content\/uploads\/Logimat2024-Anter-System-invitation-2.jpg 1200w\" sizes=\"auto, (max-width: 1024px) 100vw, 1024px\" \/><\/figure><\/div>","protected":false},"excerpt":{"rendered":"<p>Zaproszenie na LogiMAT! Ju\u017c za miesi\u0105c w Stuttgarcie rozpoczn\u0105 si\u0119 mi\u0119dzynarodowe targi LogiMAT. W dniach 19-21 marca zaprezentujemy nasze systemy zwi\u0119kszaj\u0105ce bezpiecze\u0144stwo w magazynach i centrach logistycznych. Wydarzenie zaprasza do zapoznania si\u0119 z nowymi trendami w bran\u017cy i najnowocze\u015bniejszymi produktami. Temat przewodni tegorocznej platformy biznesowej: WSP\u00d3LNE KSZTA\u0141TOWANIE ZMIAN. Czego mo\u017cna si\u0119 spodziewa\u0107 na LogiMAT 2024? [&hellip;]<\/p>\n","protected":false},"author":1,"featured_media":0,"parent":12824,"menu_order":0,"comment_status":"closed","ping_status":"closed","template":"","meta":{"inline_featured_image":false,"ngg_post_thumbnail":0,"footnotes":""},"class_list":["post-38121","page","type-page","status-publish","hentry"],"acf":[],"yoast_head":"<!-- This site is optimized with the Yoast SEO plugin v27.0 - https:\/\/yoast.com\/product\/yoast-seo-wordpress\/ -->\n<title>LogiMAT 2024 - Anter System<\/title>\n<meta name=\"description\" content=\"Ju\u017c za miesi\u0105c rozpoczynaj\u0105 si\u0119 mi\u0119dzynarodowe Targi Logimat w Stuttgarcie. W dniach 19-21.03 b\u0119dziemy prezentowa\u0107 tam nasze systemy.\" \/>\n<meta name=\"robots\" content=\"index, follow, max-snippet:-1, max-image-preview:large, max-video-preview:-1\" \/>\n<link rel=\"canonical\" href=\"https:\/\/antersystem.com\/pl\/wiedza-i-nowosci\/logimat-2024\/\" \/>\n<meta property=\"og:locale\" content=\"pl_PL\" \/>\n<meta property=\"og:type\" content=\"article\" \/>\n<meta property=\"og:title\" content=\"LogiMAT 2024 - Anter System\" \/>\n<meta property=\"og:description\" content=\"Ju\u017c za miesi\u0105c rozpoczynaj\u0105 si\u0119 mi\u0119dzynarodowe Targi Logimat w Stuttgarcie. W dniach 19-21.03 b\u0119dziemy prezentowa\u0107 tam nasze systemy.\" \/>\n<meta property=\"og:url\" content=\"https:\/\/antersystem.com\/pl\/wiedza-i-nowosci\/logimat-2024\/\" \/>\n<meta property=\"og:site_name\" content=\"Anter System\" \/>\n<meta property=\"article:modified_time\" content=\"2026-01-31T12:46:07+00:00\" \/>\n<meta property=\"og:image\" content=\"https:\/\/antersystem.com\/wp-content\/uploads\/Logimat2024-Anter-System-invitation-2-1024x535.jpg\" \/>\n<meta name=\"twitter:card\" content=\"summary_large_image\" \/>\n<meta name=\"twitter:label1\" content=\"Szacowany czas czytania\" \/>\n\t<meta name=\"twitter:data1\" content=\"1 minuta\" \/>\n<script type=\"application\/ld+json\" class=\"yoast-schema-graph\">{\"@context\":\"https:\/\/schema.org\",\"@graph\":[{\"@type\":\"WebPage\",\"@id\":\"https:\/\/antersystem.com\/pl\/wiedza-i-nowosci\/logimat-2024\/\",\"url\":\"https:\/\/antersystem.com\/pl\/wiedza-i-nowosci\/logimat-2024\/\",\"name\":\"LogiMAT 2024 - Anter System\",\"isPartOf\":{\"@id\":\"https:\/\/antersystem.com\/pl\/#website\"},\"primaryImageOfPage\":{\"@id\":\"https:\/\/antersystem.com\/pl\/wiedza-i-nowosci\/logimat-2024\/#primaryimage\"},\"image\":{\"@id\":\"https:\/\/antersystem.com\/pl\/wiedza-i-nowosci\/logimat-2024\/#primaryimage\"},\"thumbnailUrl\":\"https:\/\/antersystem.com\/wp-content\/uploads\/Logimat2024-Anter-System-invitation-2-1024x535.jpg\",\"datePublished\":\"2024-02-15T09:41:35+00:00\",\"dateModified\":\"2026-01-31T12:46:07+00:00\",\"description\":\"Ju\u017c za miesi\u0105c rozpoczynaj\u0105 si\u0119 mi\u0119dzynarodowe Targi Logimat w Stuttgarcie. W dniach 19-21.03 b\u0119dziemy prezentowa\u0107 tam nasze systemy.\",\"breadcrumb\":{\"@id\":\"https:\/\/antersystem.com\/pl\/wiedza-i-nowosci\/logimat-2024\/#breadcrumb\"},\"inLanguage\":\"pl-PL\",\"potentialAction\":[{\"@type\":\"ReadAction\",\"target\":[\"https:\/\/antersystem.com\/pl\/wiedza-i-nowosci\/logimat-2024\/\"]}]},{\"@type\":\"ImageObject\",\"inLanguage\":\"pl-PL\",\"@id\":\"https:\/\/antersystem.com\/pl\/wiedza-i-nowosci\/logimat-2024\/#primaryimage\",\"url\":\"https:\/\/antersystem.com\/wp-content\/uploads\/Logimat2024-Anter-System-invitation-2-1024x535.jpg\",\"contentUrl\":\"https:\/\/antersystem.com\/wp-content\/uploads\/Logimat2024-Anter-System-invitation-2-1024x535.jpg\"},{\"@type\":\"BreadcrumbList\",\"@id\":\"https:\/\/antersystem.com\/pl\/wiedza-i-nowosci\/logimat-2024\/#breadcrumb\",\"itemListElement\":[{\"@type\":\"ListItem\",\"position\":1,\"name\":\"AnterSystem\",\"item\":\"https:\/\/antersystem.com\/pl\/\"},{\"@type\":\"ListItem\",\"position\":2,\"name\":\"Wiedza i nowo\u015bci\",\"item\":\"https:\/\/antersystem.com\/pl\/wiedza-i-nowosci\/\"},{\"@type\":\"ListItem\",\"position\":3,\"name\":\"LogiMAT 2024\"}]},{\"@type\":\"WebSite\",\"@id\":\"https:\/\/antersystem.com\/pl\/#website\",\"url\":\"https:\/\/antersystem.com\/pl\/\",\"name\":\"Anter System\",\"description\":\"Jeste\u015bmy polskim producentem elastycznych barier ochronnych wykonywanych z polimerowych tworzyw sztucznych. Na rynku krajowym i zagranicznym dzia\u0142amy od ponad 15 lat dbaj\u0105c o zapewnienie bezpiecze\u0144stwa w zak\u0142adach produkcyjnych, magazynach oraz centrach logistycznych.\",\"potentialAction\":[{\"@type\":\"SearchAction\",\"target\":{\"@type\":\"EntryPoint\",\"urlTemplate\":\"https:\/\/antersystem.com\/pl\/?s={search_term_string}\"},\"query-input\":{\"@type\":\"PropertyValueSpecification\",\"valueRequired\":true,\"valueName\":\"search_term_string\"}}],\"inLanguage\":\"pl-PL\"}]}<\/script>\n<!-- \/ Yoast SEO plugin. -->","yoast_head_json":{"title":"LogiMAT 2024 - Anter System","description":"Ju\u017c za miesi\u0105c rozpoczynaj\u0105 si\u0119 mi\u0119dzynarodowe Targi Logimat w Stuttgarcie. W dniach 19-21.03 b\u0119dziemy prezentowa\u0107 tam nasze systemy.","robots":{"index":"index","follow":"follow","max-snippet":"max-snippet:-1","max-image-preview":"max-image-preview:large","max-video-preview":"max-video-preview:-1"},"canonical":"https:\/\/antersystem.com\/pl\/wiedza-i-nowosci\/logimat-2024\/","og_locale":"pl_PL","og_type":"article","og_title":"LogiMAT 2024 - Anter System","og_description":"Ju\u017c za miesi\u0105c rozpoczynaj\u0105 si\u0119 mi\u0119dzynarodowe Targi Logimat w Stuttgarcie. W dniach 19-21.03 b\u0119dziemy prezentowa\u0107 tam nasze systemy.","og_url":"https:\/\/antersystem.com\/pl\/wiedza-i-nowosci\/logimat-2024\/","og_site_name":"Anter System","article_modified_time":"2026-01-31T12:46:07+00:00","og_image":[{"url":"https:\/\/antersystem.com\/wp-content\/uploads\/Logimat2024-Anter-System-invitation-2-1024x535.jpg","type":"","width":"","height":""}],"twitter_card":"summary_large_image","twitter_misc":{"Szacowany czas czytania":"1 minuta"},"schema":{"@context":"https:\/\/schema.org","@graph":[{"@type":"WebPage","@id":"https:\/\/antersystem.com\/pl\/wiedza-i-nowosci\/logimat-2024\/","url":"https:\/\/antersystem.com\/pl\/wiedza-i-nowosci\/logimat-2024\/","name":"LogiMAT 2024 - Anter System","isPartOf":{"@id":"https:\/\/antersystem.com\/pl\/#website"},"primaryImageOfPage":{"@id":"https:\/\/antersystem.com\/pl\/wiedza-i-nowosci\/logimat-2024\/#primaryimage"},"image":{"@id":"https:\/\/antersystem.com\/pl\/wiedza-i-nowosci\/logimat-2024\/#primaryimage"},"thumbnailUrl":"https:\/\/antersystem.com\/wp-content\/uploads\/Logimat2024-Anter-System-invitation-2-1024x535.jpg","datePublished":"2024-02-15T09:41:35+00:00","dateModified":"2026-01-31T12:46:07+00:00","description":"Ju\u017c za miesi\u0105c rozpoczynaj\u0105 si\u0119 mi\u0119dzynarodowe Targi Logimat w Stuttgarcie. W dniach 19-21.03 b\u0119dziemy prezentowa\u0107 tam nasze systemy.","breadcrumb":{"@id":"https:\/\/antersystem.com\/pl\/wiedza-i-nowosci\/logimat-2024\/#breadcrumb"},"inLanguage":"pl-PL","potentialAction":[{"@type":"ReadAction","target":["https:\/\/antersystem.com\/pl\/wiedza-i-nowosci\/logimat-2024\/"]}]},{"@type":"ImageObject","inLanguage":"pl-PL","@id":"https:\/\/antersystem.com\/pl\/wiedza-i-nowosci\/logimat-2024\/#primaryimage","url":"https:\/\/antersystem.com\/wp-content\/uploads\/Logimat2024-Anter-System-invitation-2-1024x535.jpg","contentUrl":"https:\/\/antersystem.com\/wp-content\/uploads\/Logimat2024-Anter-System-invitation-2-1024x535.jpg"},{"@type":"BreadcrumbList","@id":"https:\/\/antersystem.com\/pl\/wiedza-i-nowosci\/logimat-2024\/#breadcrumb","itemListElement":[{"@type":"ListItem","position":1,"name":"AnterSystem","item":"https:\/\/antersystem.com\/pl\/"},{"@type":"ListItem","position":2,"name":"Wiedza i nowo\u015bci","item":"https:\/\/antersystem.com\/pl\/wiedza-i-nowosci\/"},{"@type":"ListItem","position":3,"name":"LogiMAT 2024"}]},{"@type":"WebSite","@id":"https:\/\/antersystem.com\/pl\/#website","url":"https:\/\/antersystem.com\/pl\/","name":"Anter System","description":"Jeste\u015bmy polskim producentem elastycznych barier ochronnych wykonywanych z polimerowych tworzyw sztucznych. Na rynku krajowym i zagranicznym dzia\u0142amy od ponad 15 lat dbaj\u0105c o zapewnienie bezpiecze\u0144stwa w zak\u0142adach produkcyjnych, magazynach oraz centrach logistycznych.","potentialAction":[{"@type":"SearchAction","target":{"@type":"EntryPoint","urlTemplate":"https:\/\/antersystem.com\/pl\/?s={search_term_string}"},"query-input":{"@type":"PropertyValueSpecification","valueRequired":true,"valueName":"search_term_string"}}],"inLanguage":"pl-PL"}]}},"_links":{"self":[{"href":"https:\/\/antersystem.com\/pl\/wp-json\/wp\/v2\/pages\/38121","targetHints":{"allow":["GET"]}}],"collection":[{"href":"https:\/\/antersystem.com\/pl\/wp-json\/wp\/v2\/pages"}],"about":[{"href":"https:\/\/antersystem.com\/pl\/wp-json\/wp\/v2\/types\/page"}],"author":[{"embeddable":true,"href":"https:\/\/antersystem.com\/pl\/wp-json\/wp\/v2\/users\/1"}],"replies":[{"embeddable":true,"href":"https:\/\/antersystem.com\/pl\/wp-json\/wp\/v2\/comments?post=38121"}],"version-history":[{"count":1,"href":"https:\/\/antersystem.com\/pl\/wp-json\/wp\/v2\/pages\/38121\/revisions"}],"predecessor-version":[{"id":38122,"href":"https:\/\/antersystem.com\/pl\/wp-json\/wp\/v2\/pages\/38121\/revisions\/38122"}],"up":[{"embeddable":true,"href":"https:\/\/antersystem.com\/pl\/wp-json\/wp\/v2\/pages\/12824"}],"wp:attachment":[{"href":"https:\/\/antersystem.com\/pl\/wp-json\/wp\/v2\/media?parent=38121"}],"curies":[{"name":"wp","href":"https:\/\/api.w.org\/{rel}","templated":true}]}}