{"id":38834,"date":"2024-11-25T09:14:04","date_gmt":"2024-11-25T08:14:04","guid":{"rendered":"https:\/\/antersystem.com\/wiedza-i-nowosci\/anter-system-na-konferencji-intralogistyka-i-magazynowanie-2024\/"},"modified":"2026-02-02T14:10:16","modified_gmt":"2026-02-02T13:10:16","slug":"anter-system-na-konferencji-intralogistyka-i-magazynowanie-2024","status":"publish","type":"page","link":"https:\/\/antersystem.com\/pl\/wiedza-i-nowosci\/anter-system-na-konferencji-intralogistyka-i-magazynowanie-2024\/","title":{"rendered":"Anter System na konferencji &#8222;Intralogistyka i magazynowanie&#8221;"},"content":{"rendered":"\n<div class=\"wp-block-columns is-layout-flex wp-container-core-columns-is-layout-9d6595d7 wp-block-columns-is-layout-flex\">\n<div class=\"wp-block-column is-layout-flow wp-block-column-is-layout-flow\" style=\"flex-basis:10%\"><\/div>\n\n\n\n<div class=\"wp-block-column is-layout-flow wp-block-column-is-layout-flow\">\n<h2 class=\"wp-block-heading\">Odkryj najnowsze trendy w intralogistyce!<\/h2>\n\n\n\n<p>Mi\u0142o nam poinformowa\u0107, \u017ce Anter System jest partnerem konferencji <strong>&#8222;Optymalizacja proces\u00f3w intralogistycznych i magazynowych&#8221;<\/strong>, kt\u00f3ra odb\u0119dzie si\u0119 <strong>5 grudnia 2024<\/strong> roku w Swarz\u0119dzu ko\u0142o Poznania. G\u0142\u00f3wnym celem wydarzenia jest zgromadzenie ekspert\u00f3w z bran\u017cy logistyki magazynowej, przemys\u0142owej i automatyki, stworzenie platformy wymiany wiedzy i prezentacji najnowszych rozwi\u0105za\u0144. <\/p>\n\n\n\n<p><strong>Wyk\u0142ady, warsztaty, networking biznesowy<\/strong><\/p>\n\n\n\n<p>Podczas konferencji poruszone zostan\u0105 kluczowe tematy zwi\u0105zane z <strong>automatyzacj\u0105 proces\u00f3w magazynowych, wdra\u017caniem innowacyjnych technologii<\/strong> oraz <strong>popraw\u0105 bezpiecze\u0144stwa<\/strong> w \u015brodowisku magazynowym. Om\u00f3wione zostan\u0105 m.in. systemy transportu wewn\u0119trznego, roboty magazynowe, zautomatyzowane systemy sk\u0142adowania i kompletacji zam\u00f3wie\u0144, technologie RFID i identyfikacji bezprzewodowej, a tak\u017ce programowanie dla intralogistyki. Uczestnicy b\u0119d\u0105 mieli r\u00f3wnie\u017c mo\u017cliwo\u015b\u0107 wzi\u0119cia udzia\u0142u w warsztatach technicznych &#8211; to doskona\u0142a okazja do pog\u0142\u0119bienia praktycznych umiej\u0119tno\u015bci zwi\u0105zanych z tematyk\u0105 konferencji. Dodatkowym atutem wydarzenia b\u0119dzie <strong>mo\u017cliwo\u015b\u0107 nawi\u0105zania cennych relacji biznesowych<\/strong>, kt\u00f3re mog\u0105 wesprze\u0107 rozw\u00f3j zawodowy lub doprowadzi\u0107 do nawi\u0105zania nowych partnerstw.   <\/p>\n\n\n\n<p><strong>Porozmawiajmy o bezpiecze\u0144stwie<\/strong><\/p>\n\n\n\n<p><strong>Anter System<\/strong>, jako <strong>partner wydarzenia, b\u0119dzie obecny na konferencji<\/strong>, by odpowiedzie\u0107 na pytania dotycz\u0105ce najnowocze\u015bniejszych rozwi\u0105za\u0144 wspieraj\u0105cych efektywno\u015b\u0107 i bezpiecze\u0144stwo intralogistyki. Uczestnicy b\u0119d\u0105 mieli okazj\u0119 dowiedzie\u0107 si\u0119 wi\u0119cej o naszych systemach ochrony infrastruktury, produktach do zarz\u0105dzania przestrzeni\u0105 magazynow\u0105 oraz rozwi\u0105zaniach bezpiecze\u0144stwa przeznaczonych dla obiekt\u00f3w przemys\u0142owych i magazynowych. <\/p>\n\n\n\n<p>Serdecznie zapraszamy do udzia\u0142u w konferencji i rozmowy z naszymi przedstawicielami.<\/p>\n\n\n\n<p><strong>Data:<\/strong> 5 grudnia 2024 r., Swarz\u0119dz k. Poznania, godz. 8:00 &#8211; 15:30<br\/><strong>Miejsce:<\/strong> Hampton by Hilton Pozna\u0144 Swarz\u0119dz, ul. Antoniego Tabaki 1, Swarz\u0119dz<\/p>\n\n\n\n<p>Udzia\u0142 w konferencji jest bezp\u0142atny.<\/p>\n\n\n\n<p><strong>Wi\u0119cej informacji i rejestracja:<\/strong> <em><a href=\"https:\/\/www.axonmedia.pl\/konferencje\/aktualne\/intralogistyka-magazynowanie-2024-poznan\/\">&#8222;Intralogistyka i Magazynowanie&#8221;<\/a><\/em><\/p>\n\n\n\n<p>Do zobaczenia w Swarz\u0119dzu &#8211; wsp\u00f3lnie kszta\u0142tujmy przysz\u0142o\u015b\u0107 nowoczesnych magazyn\u00f3w!<\/p>\n\n\n\n<p><\/p>\n\n\n\n<p><\/p>\n<\/div>\n\n\n\n<div class=\"wp-block-column is-layout-flow wp-block-column-is-layout-flow\" style=\"flex-basis:10%\"><\/div>\n<\/div>\n<div class=\"wp-block-image\">\n<figure class=\"aligncenter size-large is-resized\"><img loading=\"lazy\" decoding=\"async\" width=\"1024\" height=\"576\" src=\"https:\/\/antersystem.com\/wp-content\/uploads\/axon_12_2024_konferencja_Intralogistyka-1024x576.jpg\" alt=\"\" class=\"wp-image-5650\" style=\"width:620px;height:auto\" srcset=\"https:\/\/antersystem.com\/wp-content\/uploads\/axon_12_2024_konferencja_Intralogistyka-1024x576.jpg 1024w, https:\/\/antersystem.com\/wp-content\/uploads\/axon_12_2024_konferencja_Intralogistyka-300x169.jpg 300w, https:\/\/antersystem.com\/wp-content\/uploads\/axon_12_2024_konferencja_Intralogistyka-768x432.jpg 768w, https:\/\/antersystem.com\/wp-content\/uploads\/axon_12_2024_konferencja_Intralogistyka-450x253.jpg 450w, https:\/\/antersystem.com\/wp-content\/uploads\/axon_12_2024_konferencja_Intralogistyka-330x186.jpg 330w, https:\/\/antersystem.com\/wp-content\/uploads\/axon_12_2024_konferencja_Intralogistyka.jpg 1115w\" sizes=\"auto, (max-width: 1024px) 100vw, 1024px\" \/><\/figure><\/div>","protected":false},"excerpt":{"rendered":"<p>Odkryj najnowsze trendy w intralogistyce! Mi\u0142o nam poinformowa\u0107, \u017ce Anter System jest partnerem konferencji &#8222;Optymalizacja proces\u00f3w intralogistycznych i magazynowych&#8221;, kt\u00f3ra odb\u0119dzie si\u0119 5 grudnia 2024 roku w Swarz\u0119dzu ko\u0142o Poznania. G\u0142\u00f3wnym celem wydarzenia jest zgromadzenie ekspert\u00f3w z bran\u017cy logistyki magazynowej, przemys\u0142owej i automatyki, stworzenie platformy wymiany wiedzy i prezentacji najnowszych rozwi\u0105za\u0144. Wyk\u0142ady, warsztaty, networking biznesowy [&hellip;]<\/p>\n","protected":false},"author":1,"featured_media":0,"parent":12824,"menu_order":0,"comment_status":"closed","ping_status":"closed","template":"","meta":{"inline_featured_image":false,"ngg_post_thumbnail":0,"footnotes":""},"class_list":["post-38834","page","type-page","status-publish","hentry"],"acf":[],"yoast_head":"<!-- This site is optimized with the Yoast SEO plugin v27.0 - https:\/\/yoast.com\/product\/yoast-seo-wordpress\/ -->\n<title>Anter System na konferencji &quot;Intralogistyka i magazynowanie&quot; - Anter System<\/title>\n<meta name=\"description\" content=\"Zapraszamy na konferencj\u0119 &quot;Intralogistyka i magazynowanie, kt\u00f3rej tematyka obejmuje mi\u0119dzy innymi zagadnienia zwi\u0105zane z bezpiecznym magazynem\" \/>\n<meta name=\"robots\" content=\"index, follow, max-snippet:-1, max-image-preview:large, max-video-preview:-1\" \/>\n<link rel=\"canonical\" href=\"https:\/\/antersystem.com\/pl\/wiedza-i-nowosci\/anter-system-na-konferencji-intralogistyka-i-magazynowanie-2024\/\" \/>\n<meta property=\"og:locale\" content=\"pl_PL\" \/>\n<meta property=\"og:type\" content=\"article\" \/>\n<meta property=\"og:title\" content=\"Anter System na konferencji &quot;Intralogistyka i magazynowanie&quot; - Anter System\" \/>\n<meta property=\"og:description\" content=\"Zapraszamy na konferencj\u0119 &quot;Intralogistyka i magazynowanie, kt\u00f3rej tematyka obejmuje mi\u0119dzy innymi zagadnienia zwi\u0105zane z bezpiecznym magazynem\" \/>\n<meta property=\"og:url\" content=\"https:\/\/antersystem.com\/pl\/wiedza-i-nowosci\/anter-system-na-konferencji-intralogistyka-i-magazynowanie-2024\/\" \/>\n<meta property=\"og:site_name\" content=\"Anter System\" \/>\n<meta property=\"article:modified_time\" content=\"2026-02-02T13:10:16+00:00\" \/>\n<meta property=\"og:image\" content=\"https:\/\/antersystem.com\/wp-content\/uploads\/axon_12_2024_konferencja_Intralogistyka-1024x576.jpg\" \/>\n<meta name=\"twitter:card\" content=\"summary_large_image\" \/>\n<meta name=\"twitter:label1\" content=\"Szacowany czas czytania\" \/>\n\t<meta name=\"twitter:data1\" content=\"2 minuty\" \/>\n<script type=\"application\/ld+json\" class=\"yoast-schema-graph\">{\"@context\":\"https:\/\/schema.org\",\"@graph\":[{\"@type\":\"WebPage\",\"@id\":\"https:\/\/antersystem.com\/pl\/wiedza-i-nowosci\/anter-system-na-konferencji-intralogistyka-i-magazynowanie-2024\/\",\"url\":\"https:\/\/antersystem.com\/pl\/wiedza-i-nowosci\/anter-system-na-konferencji-intralogistyka-i-magazynowanie-2024\/\",\"name\":\"Anter System na konferencji \\\"Intralogistyka i magazynowanie\\\" - Anter System\",\"isPartOf\":{\"@id\":\"https:\/\/antersystem.com\/pl\/#website\"},\"primaryImageOfPage\":{\"@id\":\"https:\/\/antersystem.com\/pl\/wiedza-i-nowosci\/anter-system-na-konferencji-intralogistyka-i-magazynowanie-2024\/#primaryimage\"},\"image\":{\"@id\":\"https:\/\/antersystem.com\/pl\/wiedza-i-nowosci\/anter-system-na-konferencji-intralogistyka-i-magazynowanie-2024\/#primaryimage\"},\"thumbnailUrl\":\"https:\/\/antersystem.com\/wp-content\/uploads\/axon_12_2024_konferencja_Intralogistyka-1024x576.jpg\",\"datePublished\":\"2024-11-25T08:14:04+00:00\",\"dateModified\":\"2026-02-02T13:10:16+00:00\",\"description\":\"Zapraszamy na konferencj\u0119 \\\"Intralogistyka i magazynowanie, kt\u00f3rej tematyka obejmuje mi\u0119dzy innymi zagadnienia zwi\u0105zane z bezpiecznym magazynem\",\"breadcrumb\":{\"@id\":\"https:\/\/antersystem.com\/pl\/wiedza-i-nowosci\/anter-system-na-konferencji-intralogistyka-i-magazynowanie-2024\/#breadcrumb\"},\"inLanguage\":\"pl-PL\",\"potentialAction\":[{\"@type\":\"ReadAction\",\"target\":[\"https:\/\/antersystem.com\/pl\/wiedza-i-nowosci\/anter-system-na-konferencji-intralogistyka-i-magazynowanie-2024\/\"]}]},{\"@type\":\"ImageObject\",\"inLanguage\":\"pl-PL\",\"@id\":\"https:\/\/antersystem.com\/pl\/wiedza-i-nowosci\/anter-system-na-konferencji-intralogistyka-i-magazynowanie-2024\/#primaryimage\",\"url\":\"https:\/\/antersystem.com\/wp-content\/uploads\/axon_12_2024_konferencja_Intralogistyka-1024x576.jpg\",\"contentUrl\":\"https:\/\/antersystem.com\/wp-content\/uploads\/axon_12_2024_konferencja_Intralogistyka-1024x576.jpg\"},{\"@type\":\"BreadcrumbList\",\"@id\":\"https:\/\/antersystem.com\/pl\/wiedza-i-nowosci\/anter-system-na-konferencji-intralogistyka-i-magazynowanie-2024\/#breadcrumb\",\"itemListElement\":[{\"@type\":\"ListItem\",\"position\":1,\"name\":\"AnterSystem\",\"item\":\"https:\/\/antersystem.com\/pl\/\"},{\"@type\":\"ListItem\",\"position\":2,\"name\":\"Wiedza i nowo\u015bci\",\"item\":\"https:\/\/antersystem.com\/pl\/wiedza-i-nowosci\/\"},{\"@type\":\"ListItem\",\"position\":3,\"name\":\"Anter System na konferencji &#8220;Intralogistyka i magazynowanie&#8221;\"}]},{\"@type\":\"WebSite\",\"@id\":\"https:\/\/antersystem.com\/pl\/#website\",\"url\":\"https:\/\/antersystem.com\/pl\/\",\"name\":\"Anter System\",\"description\":\"Jeste\u015bmy polskim producentem elastycznych barier ochronnych wykonywanych z polimerowych tworzyw sztucznych. Na rynku krajowym i zagranicznym dzia\u0142amy od ponad 15 lat dbaj\u0105c o zapewnienie bezpiecze\u0144stwa w zak\u0142adach produkcyjnych, magazynach oraz centrach logistycznych.\",\"potentialAction\":[{\"@type\":\"SearchAction\",\"target\":{\"@type\":\"EntryPoint\",\"urlTemplate\":\"https:\/\/antersystem.com\/pl\/?s={search_term_string}\"},\"query-input\":{\"@type\":\"PropertyValueSpecification\",\"valueRequired\":true,\"valueName\":\"search_term_string\"}}],\"inLanguage\":\"pl-PL\"}]}<\/script>\n<!-- \/ Yoast SEO plugin. -->","yoast_head_json":{"title":"Anter System na konferencji \"Intralogistyka i magazynowanie\" - Anter System","description":"Zapraszamy na konferencj\u0119 \"Intralogistyka i magazynowanie, kt\u00f3rej tematyka obejmuje mi\u0119dzy innymi zagadnienia zwi\u0105zane z bezpiecznym magazynem","robots":{"index":"index","follow":"follow","max-snippet":"max-snippet:-1","max-image-preview":"max-image-preview:large","max-video-preview":"max-video-preview:-1"},"canonical":"https:\/\/antersystem.com\/pl\/wiedza-i-nowosci\/anter-system-na-konferencji-intralogistyka-i-magazynowanie-2024\/","og_locale":"pl_PL","og_type":"article","og_title":"Anter System na konferencji \"Intralogistyka i magazynowanie\" - Anter System","og_description":"Zapraszamy na konferencj\u0119 \"Intralogistyka i magazynowanie, kt\u00f3rej tematyka obejmuje mi\u0119dzy innymi zagadnienia zwi\u0105zane z bezpiecznym magazynem","og_url":"https:\/\/antersystem.com\/pl\/wiedza-i-nowosci\/anter-system-na-konferencji-intralogistyka-i-magazynowanie-2024\/","og_site_name":"Anter System","article_modified_time":"2026-02-02T13:10:16+00:00","og_image":[{"url":"https:\/\/antersystem.com\/wp-content\/uploads\/axon_12_2024_konferencja_Intralogistyka-1024x576.jpg","type":"","width":"","height":""}],"twitter_card":"summary_large_image","twitter_misc":{"Szacowany czas czytania":"2 minuty"},"schema":{"@context":"https:\/\/schema.org","@graph":[{"@type":"WebPage","@id":"https:\/\/antersystem.com\/pl\/wiedza-i-nowosci\/anter-system-na-konferencji-intralogistyka-i-magazynowanie-2024\/","url":"https:\/\/antersystem.com\/pl\/wiedza-i-nowosci\/anter-system-na-konferencji-intralogistyka-i-magazynowanie-2024\/","name":"Anter System na konferencji \"Intralogistyka i magazynowanie\" - Anter System","isPartOf":{"@id":"https:\/\/antersystem.com\/pl\/#website"},"primaryImageOfPage":{"@id":"https:\/\/antersystem.com\/pl\/wiedza-i-nowosci\/anter-system-na-konferencji-intralogistyka-i-magazynowanie-2024\/#primaryimage"},"image":{"@id":"https:\/\/antersystem.com\/pl\/wiedza-i-nowosci\/anter-system-na-konferencji-intralogistyka-i-magazynowanie-2024\/#primaryimage"},"thumbnailUrl":"https:\/\/antersystem.com\/wp-content\/uploads\/axon_12_2024_konferencja_Intralogistyka-1024x576.jpg","datePublished":"2024-11-25T08:14:04+00:00","dateModified":"2026-02-02T13:10:16+00:00","description":"Zapraszamy na konferencj\u0119 \"Intralogistyka i magazynowanie, kt\u00f3rej tematyka obejmuje mi\u0119dzy innymi zagadnienia zwi\u0105zane z bezpiecznym magazynem","breadcrumb":{"@id":"https:\/\/antersystem.com\/pl\/wiedza-i-nowosci\/anter-system-na-konferencji-intralogistyka-i-magazynowanie-2024\/#breadcrumb"},"inLanguage":"pl-PL","potentialAction":[{"@type":"ReadAction","target":["https:\/\/antersystem.com\/pl\/wiedza-i-nowosci\/anter-system-na-konferencji-intralogistyka-i-magazynowanie-2024\/"]}]},{"@type":"ImageObject","inLanguage":"pl-PL","@id":"https:\/\/antersystem.com\/pl\/wiedza-i-nowosci\/anter-system-na-konferencji-intralogistyka-i-magazynowanie-2024\/#primaryimage","url":"https:\/\/antersystem.com\/wp-content\/uploads\/axon_12_2024_konferencja_Intralogistyka-1024x576.jpg","contentUrl":"https:\/\/antersystem.com\/wp-content\/uploads\/axon_12_2024_konferencja_Intralogistyka-1024x576.jpg"},{"@type":"BreadcrumbList","@id":"https:\/\/antersystem.com\/pl\/wiedza-i-nowosci\/anter-system-na-konferencji-intralogistyka-i-magazynowanie-2024\/#breadcrumb","itemListElement":[{"@type":"ListItem","position":1,"name":"AnterSystem","item":"https:\/\/antersystem.com\/pl\/"},{"@type":"ListItem","position":2,"name":"Wiedza i nowo\u015bci","item":"https:\/\/antersystem.com\/pl\/wiedza-i-nowosci\/"},{"@type":"ListItem","position":3,"name":"Anter System na konferencji &#8220;Intralogistyka i magazynowanie&#8221;"}]},{"@type":"WebSite","@id":"https:\/\/antersystem.com\/pl\/#website","url":"https:\/\/antersystem.com\/pl\/","name":"Anter System","description":"Jeste\u015bmy polskim producentem elastycznych barier ochronnych wykonywanych z polimerowych tworzyw sztucznych. Na rynku krajowym i zagranicznym dzia\u0142amy od ponad 15 lat dbaj\u0105c o zapewnienie bezpiecze\u0144stwa w zak\u0142adach produkcyjnych, magazynach oraz centrach logistycznych.","potentialAction":[{"@type":"SearchAction","target":{"@type":"EntryPoint","urlTemplate":"https:\/\/antersystem.com\/pl\/?s={search_term_string}"},"query-input":{"@type":"PropertyValueSpecification","valueRequired":true,"valueName":"search_term_string"}}],"inLanguage":"pl-PL"}]}},"_links":{"self":[{"href":"https:\/\/antersystem.com\/pl\/wp-json\/wp\/v2\/pages\/38834","targetHints":{"allow":["GET"]}}],"collection":[{"href":"https:\/\/antersystem.com\/pl\/wp-json\/wp\/v2\/pages"}],"about":[{"href":"https:\/\/antersystem.com\/pl\/wp-json\/wp\/v2\/types\/page"}],"author":[{"embeddable":true,"href":"https:\/\/antersystem.com\/pl\/wp-json\/wp\/v2\/users\/1"}],"replies":[{"embeddable":true,"href":"https:\/\/antersystem.com\/pl\/wp-json\/wp\/v2\/comments?post=38834"}],"version-history":[{"count":1,"href":"https:\/\/antersystem.com\/pl\/wp-json\/wp\/v2\/pages\/38834\/revisions"}],"predecessor-version":[{"id":38835,"href":"https:\/\/antersystem.com\/pl\/wp-json\/wp\/v2\/pages\/38834\/revisions\/38835"}],"up":[{"embeddable":true,"href":"https:\/\/antersystem.com\/pl\/wp-json\/wp\/v2\/pages\/12824"}],"wp:attachment":[{"href":"https:\/\/antersystem.com\/pl\/wp-json\/wp\/v2\/media?parent=38834"}],"curies":[{"name":"wp","href":"https:\/\/api.w.org\/{rel}","templated":true}]}}