{"id":38847,"date":"2024-06-14T14:17:21","date_gmt":"2024-06-14T12:17:21","guid":{"rendered":"https:\/\/antersystem.com\/wiedza-i-nowosci\/modernlog-2024\/"},"modified":"2026-02-02T14:14:45","modified_gmt":"2026-02-02T13:14:45","slug":"modernlog-2024","status":"publish","type":"page","link":"https:\/\/antersystem.com\/pl\/wiedza-i-nowosci\/modernlog-2024\/","title":{"rendered":"Modernlog 2024"},"content":{"rendered":"\n<div class=\"wp-block-columns is-layout-flex wp-container-core-columns-is-layout-9d6595d7 wp-block-columns-is-layout-flex\">\n<div class=\"wp-block-column is-layout-flow wp-block-column-is-layout-flow\">\n<h2 class=\"wp-block-heading\">Raport z Modernlog, 4-7 czerwca 2024 r.<\/h2>\n\n\n\n<div class=\"wp-block-columns is-layout-flex wp-container-core-columns-is-layout-9d6595d7 wp-block-columns-is-layout-flex\">\n<div class=\"wp-block-column is-layout-flow wp-block-column-is-layout-flow\" style=\"flex-basis:10%\"><\/div>\n\n\n\n<div class=\"wp-block-column is-layout-flow wp-block-column-is-layout-flow\">\n<div class=\"wp-block-media-text has-media-on-the-right is-stacked-on-mobile\"><div class=\"wp-block-media-text__content\">\n<p>Zako\u0144czy\u0142o si\u0119 \u015bwi\u0119to bran\u017cy logistycznej w Poznaniu &#8211; cz\u0119\u015b\u0107 najwi\u0119kszego w Polsce bloku wydarze\u0144 dla Przemys\u0142u 4.0. W dniach 4-7 czerwca na terenie Mi\u0119dzynarodowych Targ\u00f3w Pozna\u0144skich odby\u0142y si\u0119 <strong>Targi Modernlog<\/strong>, podczas kt\u00f3rych mia\u0142y miejsce specjalistyczne konferencje, pokazy na \u017cywo oraz sesje networkingowe. Uczestnicy mieli okazj\u0119 zapozna\u0107 si\u0119 z szerok\u0105 ofert\u0105 wystawc\u00f3w, co zaowocowa\u0142o licznymi nowymi relacjami biznesowymi z firmami poszukuj\u0105cymi innowacyjnych rozwi\u0105za\u0144 logistycznych.  <\/p>\n<\/div><figure class=\"wp-block-media-text__media\"><img loading=\"lazy\" decoding=\"async\" width=\"1024\" height=\"683\" src=\"https:\/\/antersystem.com\/wp-content\/uploads\/2024-06-05_modernlog_fotobueno_-1836-1-1024x683.jpg\" alt=\"Targi Modernlog 2024 w Poznaniu\" class=\"wp-image-4800 size-full\" srcset=\"https:\/\/antersystem.com\/wp-content\/uploads\/2024-06-05_modernlog_fotobueno_-1836-1-1024x683.jpg 1024w, https:\/\/antersystem.com\/wp-content\/uploads\/2024-06-05_modernlog_fotobueno_-1836-1-300x200.jpg 300w, https:\/\/antersystem.com\/wp-content\/uploads\/2024-06-05_modernlog_fotobueno_-1836-1-768x512.jpg 768w, https:\/\/antersystem.com\/wp-content\/uploads\/2024-06-05_modernlog_fotobueno_-1836-1-1536x1024.jpg 1536w, https:\/\/antersystem.com\/wp-content\/uploads\/2024-06-05_modernlog_fotobueno_-1836-1-2048x1365.jpg 2048w, https:\/\/antersystem.com\/wp-content\/uploads\/2024-06-05_modernlog_fotobueno_-1836-1-450x300.jpg 450w, https:\/\/antersystem.com\/wp-content\/uploads\/2024-06-05_modernlog_fotobueno_-1836-1-330x220.jpg 330w\" sizes=\"auto, (max-width: 1024px) 100vw, 1024px\" \/><\/figure><\/div>\n\n\n\n<div class=\"wp-block-media-text is-stacked-on-mobile\"><figure class=\"wp-block-media-text__media\"><img loading=\"lazy\" decoding=\"async\" width=\"1024\" height=\"683\" src=\"https:\/\/antersystem.com\/wp-content\/uploads\/2024-06-05_modernlog_fotobueno_-1976-1-1024x683.jpg\" alt=\"Konferencja Smart Warehouse na targach Modernlog 2024\" class=\"wp-image-4794 size-full\" srcset=\"https:\/\/antersystem.com\/wp-content\/uploads\/2024-06-05_modernlog_fotobueno_-1976-1-1024x683.jpg 1024w, https:\/\/antersystem.com\/wp-content\/uploads\/2024-06-05_modernlog_fotobueno_-1976-1-300x200.jpg 300w, https:\/\/antersystem.com\/wp-content\/uploads\/2024-06-05_modernlog_fotobueno_-1976-1-768x512.jpg 768w, https:\/\/antersystem.com\/wp-content\/uploads\/2024-06-05_modernlog_fotobueno_-1976-1-1536x1024.jpg 1536w, https:\/\/antersystem.com\/wp-content\/uploads\/2024-06-05_modernlog_fotobueno_-1976-1-2048x1365.jpg 2048w, https:\/\/antersystem.com\/wp-content\/uploads\/2024-06-05_modernlog_fotobueno_-1976-1-450x300.jpg 450w, https:\/\/antersystem.com\/wp-content\/uploads\/2024-06-05_modernlog_fotobueno_-1976-1-330x220.jpg 330w\" sizes=\"auto, (max-width: 1024px) 100vw, 1024px\" \/><\/figure><div class=\"wp-block-media-text__content\">\n<p>Podczas konferencji <strong>Smart Warehouse<\/strong> prelegenci i uczestnicy dyskutowali o przysz\u0142o\u015bci polskiego magazynowania &#8211; skupiaj\u0105c si\u0119 na robotyce, automatyzacji i wykorzystaniu sztucznej inteligencji. Odwiedzaj\u0105cy mogli zapozna\u0107 si\u0119 z technologiami logistycznymi prezentowanymi przez ponad 100 wystawc\u00f3w. W <strong>Strefie In4Log<\/strong>, stworzonej we wsp\u00f3\u0142pracy z Wydawnictwem MEDIALOG i partnerami technologicznymi, odby\u0142y si\u0119 pokazy maszyn na \u017cywo. Symulowany obiekt logistyczny prezentowa\u0142 najnowocze\u015bniejsze rozwi\u0105zania magazynowe na miar\u0119 XXI wieku &#8211; w tym technologie dostarczane przez <strong>Anter System<\/strong>.   <\/p>\n<\/div><\/div>\n\n\n\n<div class=\"wp-block-media-text has-media-on-the-right is-stacked-on-mobile\"><div class=\"wp-block-media-text__content\">\n<p>Tegoroczne wydarzenie by\u0142o r\u00f3wnie\u017c okazj\u0105 do podj\u0119cia kluczowych wyzwa\u0144 stoj\u0105cych przed sektorem logistycznym. Aby pozosta\u0107 konkurencyjnym, bran\u017ca musi skutecznie przej\u015b\u0107 transformacj\u0119 technologiczn\u0105 i cyfrow\u0105 w kierunku <strong>Przemys\u0142u 4.0<\/strong> oraz transformacj\u0119 ekologiczn\u0105 w kierunku <strong>produkcji niskoemisyjnej<\/strong>. Polska, jako jeden z lider\u00f3w reindustrializacji w Europie, wci\u0105\u017c ma znacz\u0105cy potencja\u0142 do rozwoju zaawansowanej technologicznie, zautomatyzowanej i zrobotyzowanej bazy przemys\u0142owej.  <\/p>\n<\/div><figure class=\"wp-block-media-text__media\"><img loading=\"lazy\" decoding=\"async\" width=\"840\" height=\"560\" src=\"https:\/\/antersystem.com\/wp-content\/uploads\/2024-06-05_modernlog_fotobueno_-3154.jpg\" alt=\"Panel dyskusyjny na Modernlog 2024\" class=\"wp-image-4795 size-full\" srcset=\"https:\/\/antersystem.com\/wp-content\/uploads\/2024-06-05_modernlog_fotobueno_-3154.jpg 840w, https:\/\/antersystem.com\/wp-content\/uploads\/2024-06-05_modernlog_fotobueno_-3154-300x200.jpg 300w, https:\/\/antersystem.com\/wp-content\/uploads\/2024-06-05_modernlog_fotobueno_-3154-768x512.jpg 768w, https:\/\/antersystem.com\/wp-content\/uploads\/2024-06-05_modernlog_fotobueno_-3154-450x300.jpg 450w, https:\/\/antersystem.com\/wp-content\/uploads\/2024-06-05_modernlog_fotobueno_-3154-330x220.jpg 330w\" sizes=\"auto, (max-width: 840px) 100vw, 840px\" \/><\/figure><\/div>\n\n\n\n<div class=\"wp-block-media-text is-stacked-on-mobile\"><figure class=\"wp-block-media-text__media\"><img loading=\"lazy\" decoding=\"async\" width=\"1024\" height=\"683\" src=\"https:\/\/antersystem.com\/wp-content\/uploads\/2024-06-05_modernlog_fotobueno_-2950-1-1024x683.jpg\" alt=\"Ceremonia otwarcia Modernlog 2024\" class=\"wp-image-4797 size-full\" srcset=\"https:\/\/antersystem.com\/wp-content\/uploads\/2024-06-05_modernlog_fotobueno_-2950-1-1024x683.jpg 1024w, https:\/\/antersystem.com\/wp-content\/uploads\/2024-06-05_modernlog_fotobueno_-2950-1-300x200.jpg 300w, https:\/\/antersystem.com\/wp-content\/uploads\/2024-06-05_modernlog_fotobueno_-2950-1-768x512.jpg 768w, https:\/\/antersystem.com\/wp-content\/uploads\/2024-06-05_modernlog_fotobueno_-2950-1-1536x1024.jpg 1536w, https:\/\/antersystem.com\/wp-content\/uploads\/2024-06-05_modernlog_fotobueno_-2950-1-2048x1365.jpg 2048w, https:\/\/antersystem.com\/wp-content\/uploads\/2024-06-05_modernlog_fotobueno_-2950-1-450x300.jpg 450w, https:\/\/antersystem.com\/wp-content\/uploads\/2024-06-05_modernlog_fotobueno_-2950-1-330x220.jpg 330w\" sizes=\"auto, (max-width: 1024px) 100vw, 1024px\" \/><\/figure><div class=\"wp-block-media-text__content\">\n<p>Otwarcie targ\u00f3w u\u015bwietni\u0142 swoj\u0105 obecno\u015bci\u0105 <strong>Ignacy Niemczycki<\/strong>, Podsekretarz Stanu w Ministerstwie Rozwoju i Technologii. Wydarzenie obejmowa\u0142o dynamiczne dyskusje panelowe, anga\u017cuj\u0105ce studia przypadk\u00f3w i cenne mo\u017cliwo\u015bci nawi\u0105zywania kontakt\u00f3w. Uczestnicy poszerzali swoje kontakty zawodowe &#8211; w\u015br\u00f3d dostawc\u00f3w, konsultant\u00f3w i operator\u00f3w logistycznych &#8211; poznaj\u0105c najnowsze trendy i por\u00f3wnuj\u0105c je z realiami w\u0142asnych organizacji.  <\/p>\n<\/div><\/div>\n\n\n\n<div class=\"wp-block-media-text has-media-on-the-right is-stacked-on-mobile\"><div class=\"wp-block-media-text__content\">\n<p><strong>Modernlog 2024<\/strong> by\u0142 wyj\u0105tkow\u0105 okazj\u0105 do zapoznania si\u0119 z najnowszymi technologiami logistycznymi i trendami Przemys\u0142u 4.0, a tak\u017ce do nawi\u0105zania cennych kontakt\u00f3w biznesowych i wymiany do\u015bwiadcze\u0144 z liderami bran\u017cy. Zapraszamy do zapoznania si\u0119 z galeri\u0105 zdj\u0119\u0107 poni\u017cej: <\/p>\n<\/div><figure class=\"wp-block-media-text__media\"><img loading=\"lazy\" decoding=\"async\" width=\"1024\" height=\"683\" src=\"https:\/\/antersystem.com\/wp-content\/uploads\/2024-06-05_modernlog_fotobueno_-1954-1-1024x683.jpg\" alt=\"Fotorelacja z Modernlog 2024\" class=\"wp-image-4798 size-full\" srcset=\"https:\/\/antersystem.com\/wp-content\/uploads\/2024-06-05_modernlog_fotobueno_-1954-1-1024x683.jpg 1024w, https:\/\/antersystem.com\/wp-content\/uploads\/2024-06-05_modernlog_fotobueno_-1954-1-300x200.jpg 300w, https:\/\/antersystem.com\/wp-content\/uploads\/2024-06-05_modernlog_fotobueno_-1954-1-768x512.jpg 768w, https:\/\/antersystem.com\/wp-content\/uploads\/2024-06-05_modernlog_fotobueno_-1954-1-1536x1024.jpg 1536w, https:\/\/antersystem.com\/wp-content\/uploads\/2024-06-05_modernlog_fotobueno_-1954-1-2048x1365.jpg 2048w, https:\/\/antersystem.com\/wp-content\/uploads\/2024-06-05_modernlog_fotobueno_-1954-1-450x300.jpg 450w, https:\/\/antersystem.com\/wp-content\/uploads\/2024-06-05_modernlog_fotobueno_-1954-1-330x220.jpg 330w\" sizes=\"auto, (max-width: 1024px) 100vw, 1024px\" \/><\/figure><\/div>\n<\/div>\n\n\n\n<div class=\"wp-block-column is-layout-flow wp-block-column-is-layout-flow\" style=\"flex-basis:10%\"><\/div>\n<\/div>\n\n\n\nngg_shortcode_0_placeholder\n<\/div>\n<\/div>\n\n<p><\/p>\n","protected":false},"excerpt":{"rendered":"<p>Raport z Modernlog, 4-7 czerwca 2024 r. Zako\u0144czy\u0142o si\u0119 \u015bwi\u0119to bran\u017cy logistycznej w Poznaniu &#8211; cz\u0119\u015b\u0107 najwi\u0119kszego w Polsce bloku wydarze\u0144 dla Przemys\u0142u 4.0. W dniach 4-7 czerwca na terenie Mi\u0119dzynarodowych Targ\u00f3w Pozna\u0144skich odby\u0142y si\u0119 Targi Modernlog, podczas kt\u00f3rych mia\u0142y miejsce specjalistyczne konferencje, pokazy na \u017cywo oraz sesje networkingowe. Uczestnicy mieli okazj\u0119 zapozna\u0107 si\u0119 z [&hellip;]<\/p>\n","protected":false},"author":1,"featured_media":0,"parent":12824,"menu_order":0,"comment_status":"closed","ping_status":"closed","template":"","meta":{"inline_featured_image":false,"ngg_post_thumbnail":0,"footnotes":""},"class_list":["post-38847","page","type-page","status-publish","hentry"],"acf":[],"yoast_head":"<!-- This site is optimized with the Yoast SEO plugin v27.0 - https:\/\/yoast.com\/product\/yoast-seo-wordpress\/ -->\n<title>Modernlog 2024 - Anter System<\/title>\n<meta name=\"description\" content=\"W dniach 4-7 czerwca odby\u0142 si\u0119 Modernlog, kt\u00f3ry wype\u0142niony by\u0142 specjalistycznymi konferencjami i pokazami.\" \/>\n<meta name=\"robots\" content=\"index, follow, max-snippet:-1, max-image-preview:large, max-video-preview:-1\" \/>\n<link rel=\"canonical\" href=\"https:\/\/antersystem.com\/pl\/wiedza-i-nowosci\/modernlog-2024\/\" \/>\n<meta property=\"og:locale\" content=\"pl_PL\" \/>\n<meta property=\"og:type\" content=\"article\" \/>\n<meta property=\"og:title\" content=\"Modernlog 2024 - Anter System\" \/>\n<meta property=\"og:description\" content=\"W dniach 4-7 czerwca odby\u0142 si\u0119 Modernlog, kt\u00f3ry wype\u0142niony by\u0142 specjalistycznymi konferencjami i pokazami.\" \/>\n<meta property=\"og:url\" content=\"https:\/\/antersystem.com\/pl\/wiedza-i-nowosci\/modernlog-2024\/\" \/>\n<meta property=\"og:site_name\" content=\"Anter System\" \/>\n<meta property=\"article:modified_time\" content=\"2026-02-02T13:14:45+00:00\" \/>\n<meta property=\"og:image\" content=\"https:\/\/antersystem.com\/wp-content\/uploads\/2024-06-05_modernlog_fotobueno_-1836-1-1024x683.jpg\" \/>\n<meta name=\"twitter:card\" content=\"summary_large_image\" \/>\n<meta name=\"twitter:label1\" content=\"Szacowany czas czytania\" \/>\n\t<meta name=\"twitter:data1\" content=\"2 minuty\" \/>\n<script type=\"application\/ld+json\" class=\"yoast-schema-graph\">{\"@context\":\"https:\/\/schema.org\",\"@graph\":[{\"@type\":\"WebPage\",\"@id\":\"https:\/\/antersystem.com\/pl\/wiedza-i-nowosci\/modernlog-2024\/\",\"url\":\"https:\/\/antersystem.com\/pl\/wiedza-i-nowosci\/modernlog-2024\/\",\"name\":\"Modernlog 2024 - Anter System\",\"isPartOf\":{\"@id\":\"https:\/\/antersystem.com\/pl\/#website\"},\"primaryImageOfPage\":{\"@id\":\"https:\/\/antersystem.com\/pl\/wiedza-i-nowosci\/modernlog-2024\/#primaryimage\"},\"image\":{\"@id\":\"https:\/\/antersystem.com\/pl\/wiedza-i-nowosci\/modernlog-2024\/#primaryimage\"},\"thumbnailUrl\":\"https:\/\/antersystem.com\/wp-content\/uploads\/2024-06-05_modernlog_fotobueno_-1836-1-1024x683.jpg\",\"datePublished\":\"2024-06-14T12:17:21+00:00\",\"dateModified\":\"2026-02-02T13:14:45+00:00\",\"description\":\"W dniach 4-7 czerwca odby\u0142 si\u0119 Modernlog, kt\u00f3ry wype\u0142niony by\u0142 specjalistycznymi konferencjami i pokazami.\",\"breadcrumb\":{\"@id\":\"https:\/\/antersystem.com\/pl\/wiedza-i-nowosci\/modernlog-2024\/#breadcrumb\"},\"inLanguage\":\"pl-PL\",\"potentialAction\":[{\"@type\":\"ReadAction\",\"target\":[\"https:\/\/antersystem.com\/pl\/wiedza-i-nowosci\/modernlog-2024\/\"]}]},{\"@type\":\"ImageObject\",\"inLanguage\":\"pl-PL\",\"@id\":\"https:\/\/antersystem.com\/pl\/wiedza-i-nowosci\/modernlog-2024\/#primaryimage\",\"url\":\"https:\/\/antersystem.com\/wp-content\/uploads\/2024-06-05_modernlog_fotobueno_-1836-1-1024x683.jpg\",\"contentUrl\":\"https:\/\/antersystem.com\/wp-content\/uploads\/2024-06-05_modernlog_fotobueno_-1836-1-1024x683.jpg\"},{\"@type\":\"BreadcrumbList\",\"@id\":\"https:\/\/antersystem.com\/pl\/wiedza-i-nowosci\/modernlog-2024\/#breadcrumb\",\"itemListElement\":[{\"@type\":\"ListItem\",\"position\":1,\"name\":\"AnterSystem\",\"item\":\"https:\/\/antersystem.com\/pl\/\"},{\"@type\":\"ListItem\",\"position\":2,\"name\":\"Wiedza i nowo\u015bci\",\"item\":\"https:\/\/antersystem.com\/pl\/wiedza-i-nowosci\/\"},{\"@type\":\"ListItem\",\"position\":3,\"name\":\"Modernlog 2024\"}]},{\"@type\":\"WebSite\",\"@id\":\"https:\/\/antersystem.com\/pl\/#website\",\"url\":\"https:\/\/antersystem.com\/pl\/\",\"name\":\"Anter System\",\"description\":\"Jeste\u015bmy polskim producentem elastycznych barier ochronnych wykonywanych z polimerowych tworzyw sztucznych. Na rynku krajowym i zagranicznym dzia\u0142amy od ponad 15 lat dbaj\u0105c o zapewnienie bezpiecze\u0144stwa w zak\u0142adach produkcyjnych, magazynach oraz centrach logistycznych.\",\"potentialAction\":[{\"@type\":\"SearchAction\",\"target\":{\"@type\":\"EntryPoint\",\"urlTemplate\":\"https:\/\/antersystem.com\/pl\/?s={search_term_string}\"},\"query-input\":{\"@type\":\"PropertyValueSpecification\",\"valueRequired\":true,\"valueName\":\"search_term_string\"}}],\"inLanguage\":\"pl-PL\"}]}<\/script>\n<!-- \/ Yoast SEO plugin. -->","yoast_head_json":{"title":"Modernlog 2024 - Anter System","description":"W dniach 4-7 czerwca odby\u0142 si\u0119 Modernlog, kt\u00f3ry wype\u0142niony by\u0142 specjalistycznymi konferencjami i pokazami.","robots":{"index":"index","follow":"follow","max-snippet":"max-snippet:-1","max-image-preview":"max-image-preview:large","max-video-preview":"max-video-preview:-1"},"canonical":"https:\/\/antersystem.com\/pl\/wiedza-i-nowosci\/modernlog-2024\/","og_locale":"pl_PL","og_type":"article","og_title":"Modernlog 2024 - Anter System","og_description":"W dniach 4-7 czerwca odby\u0142 si\u0119 Modernlog, kt\u00f3ry wype\u0142niony by\u0142 specjalistycznymi konferencjami i pokazami.","og_url":"https:\/\/antersystem.com\/pl\/wiedza-i-nowosci\/modernlog-2024\/","og_site_name":"Anter System","article_modified_time":"2026-02-02T13:14:45+00:00","og_image":[{"url":"https:\/\/antersystem.com\/wp-content\/uploads\/2024-06-05_modernlog_fotobueno_-1836-1-1024x683.jpg","type":"","width":"","height":""}],"twitter_card":"summary_large_image","twitter_misc":{"Szacowany czas czytania":"2 minuty"},"schema":{"@context":"https:\/\/schema.org","@graph":[{"@type":"WebPage","@id":"https:\/\/antersystem.com\/pl\/wiedza-i-nowosci\/modernlog-2024\/","url":"https:\/\/antersystem.com\/pl\/wiedza-i-nowosci\/modernlog-2024\/","name":"Modernlog 2024 - Anter System","isPartOf":{"@id":"https:\/\/antersystem.com\/pl\/#website"},"primaryImageOfPage":{"@id":"https:\/\/antersystem.com\/pl\/wiedza-i-nowosci\/modernlog-2024\/#primaryimage"},"image":{"@id":"https:\/\/antersystem.com\/pl\/wiedza-i-nowosci\/modernlog-2024\/#primaryimage"},"thumbnailUrl":"https:\/\/antersystem.com\/wp-content\/uploads\/2024-06-05_modernlog_fotobueno_-1836-1-1024x683.jpg","datePublished":"2024-06-14T12:17:21+00:00","dateModified":"2026-02-02T13:14:45+00:00","description":"W dniach 4-7 czerwca odby\u0142 si\u0119 Modernlog, kt\u00f3ry wype\u0142niony by\u0142 specjalistycznymi konferencjami i pokazami.","breadcrumb":{"@id":"https:\/\/antersystem.com\/pl\/wiedza-i-nowosci\/modernlog-2024\/#breadcrumb"},"inLanguage":"pl-PL","potentialAction":[{"@type":"ReadAction","target":["https:\/\/antersystem.com\/pl\/wiedza-i-nowosci\/modernlog-2024\/"]}]},{"@type":"ImageObject","inLanguage":"pl-PL","@id":"https:\/\/antersystem.com\/pl\/wiedza-i-nowosci\/modernlog-2024\/#primaryimage","url":"https:\/\/antersystem.com\/wp-content\/uploads\/2024-06-05_modernlog_fotobueno_-1836-1-1024x683.jpg","contentUrl":"https:\/\/antersystem.com\/wp-content\/uploads\/2024-06-05_modernlog_fotobueno_-1836-1-1024x683.jpg"},{"@type":"BreadcrumbList","@id":"https:\/\/antersystem.com\/pl\/wiedza-i-nowosci\/modernlog-2024\/#breadcrumb","itemListElement":[{"@type":"ListItem","position":1,"name":"AnterSystem","item":"https:\/\/antersystem.com\/pl\/"},{"@type":"ListItem","position":2,"name":"Wiedza i nowo\u015bci","item":"https:\/\/antersystem.com\/pl\/wiedza-i-nowosci\/"},{"@type":"ListItem","position":3,"name":"Modernlog 2024"}]},{"@type":"WebSite","@id":"https:\/\/antersystem.com\/pl\/#website","url":"https:\/\/antersystem.com\/pl\/","name":"Anter System","description":"Jeste\u015bmy polskim producentem elastycznych barier ochronnych wykonywanych z polimerowych tworzyw sztucznych. Na rynku krajowym i zagranicznym dzia\u0142amy od ponad 15 lat dbaj\u0105c o zapewnienie bezpiecze\u0144stwa w zak\u0142adach produkcyjnych, magazynach oraz centrach logistycznych.","potentialAction":[{"@type":"SearchAction","target":{"@type":"EntryPoint","urlTemplate":"https:\/\/antersystem.com\/pl\/?s={search_term_string}"},"query-input":{"@type":"PropertyValueSpecification","valueRequired":true,"valueName":"search_term_string"}}],"inLanguage":"pl-PL"}]}},"_links":{"self":[{"href":"https:\/\/antersystem.com\/pl\/wp-json\/wp\/v2\/pages\/38847","targetHints":{"allow":["GET"]}}],"collection":[{"href":"https:\/\/antersystem.com\/pl\/wp-json\/wp\/v2\/pages"}],"about":[{"href":"https:\/\/antersystem.com\/pl\/wp-json\/wp\/v2\/types\/page"}],"author":[{"embeddable":true,"href":"https:\/\/antersystem.com\/pl\/wp-json\/wp\/v2\/users\/1"}],"replies":[{"embeddable":true,"href":"https:\/\/antersystem.com\/pl\/wp-json\/wp\/v2\/comments?post=38847"}],"version-history":[{"count":1,"href":"https:\/\/antersystem.com\/pl\/wp-json\/wp\/v2\/pages\/38847\/revisions"}],"predecessor-version":[{"id":38850,"href":"https:\/\/antersystem.com\/pl\/wp-json\/wp\/v2\/pages\/38847\/revisions\/38850"}],"up":[{"embeddable":true,"href":"https:\/\/antersystem.com\/pl\/wp-json\/wp\/v2\/pages\/12824"}],"wp:attachment":[{"href":"https:\/\/antersystem.com\/pl\/wp-json\/wp\/v2\/media?parent=38847"}],"curies":[{"name":"wp","href":"https:\/\/api.w.org\/{rel}","templated":true}]}}