{"id":38918,"date":"2023-11-22T10:15:28","date_gmt":"2023-11-22T09:15:28","guid":{"rendered":"https:\/\/antersystem.com\/wiedza-i-nowosci\/big-5-global-2023\/"},"modified":"2026-02-02T15:06:42","modified_gmt":"2026-02-02T14:06:42","slug":"big-5-global-2023","status":"publish","type":"page","link":"https:\/\/antersystem.com\/pl\/wiedza-i-nowosci\/big-5-global-2023\/","title":{"rendered":"Anter System na Big 5 Global&#8217;23"},"content":{"rendered":"\n<div class=\"wp-block-columns is-layout-flex wp-container-core-columns-is-layout-9d6595d7 wp-block-columns-is-layout-flex\">\n<div class=\"wp-block-column is-layout-flow wp-block-column-is-layout-flow\" style=\"flex-basis:10%\"><\/div>\n\n\n\n<div class=\"wp-block-column is-layout-flow wp-block-column-is-layout-flow\">\n<h3 class=\"wp-block-heading\"><strong>Anter System we wsp\u00f3\u0142pracy z Polsk\u0105 Agencj\u0105 Inwestycji i Handlu w Dubaju<\/strong><\/h3>\n\n\n\n<p>W coraz wi\u0119kszym stopniu korzystamy z cyfryzacji i Internetu rzeczy. Cyfrowy obieg dokument\u00f3w i powszechne korzystanie z GPS sta\u0142y si\u0119 standardem. Ale poza nowymi technologiami, mi\u0119dzynarodowe partnerstwa i wchodzenie na odleg\u0142e rynki to tak\u017ce sposoby na odkrywanie nieznanego. Co tak naprawd\u0119 wiemy o rynkach Bliskiego Wschodu? Na ile globalna bran\u017ca jest \u015bwiadoma specjalizacji polskich firm?    <\/p>\n\n\n\n<p>Wkr\u00f3tce si\u0119 o tym przekonamy! Jako producent elastycznych barier ochronnych przyj\u0119li\u015bmy zaproszenie od PAIH do udzia\u0142u w targach budowlanych Big 5 Global 2023. Wydarzenie odb\u0119dzie si\u0119 w dniach 4-7 grudnia 2023 roku w Dubaju (Zjednoczone Emiraty Arabskie).  <\/p>\n\n\n\n<h4 class=\"wp-block-heading\">Big 5 Global<\/h4>\n\n\n\n<p>Targi <a href=\"https:\/\/www.big5global.com\/\">Big 5 Global<\/a> to jedno z najwa\u017cniejszych wydarze\u0144 w globalnej bran\u017cy budowlanej i infrastrukturalnej. Poprzednia edycja go\u015bci\u0142a 2200 wystawc\u00f3w ze 150 kraj\u00f3w i ponad 68 000 odwiedzaj\u0105cych. Wydarzenie obejmuje r\u00f3wnie\u017c liczne dodatkowe inicjatywy, konferencje i sesje tematyczne.  <\/p>\n\n\n\n<p>Jeste\u015bmy bardzo zadowoleni z mo\u017cliwo\u015bci zaprezentowania polskich produkt\u00f3w i us\u0142ug szerokiemu gronu potencjalnych klient\u00f3w. Czujemy si\u0119 zaszczyceni odzewem ze strony Polskiej Agencji Inwestycji i Handlu. Anter System, jako firma specjalizuj\u0105ca si\u0119 w systemach bezpiecze\u0144stwa, powsta\u0142a w oparciu o bogate do\u015bwiadczenie jej za\u0142o\u017cycieli w tej dziedzinie. Doradztwo w zakresie rozwi\u0105za\u0144 podnosz\u0105cych jako\u015b\u0107 i bezpiecze\u0144stwo pracy jest jednym z fundament\u00f3w naszego rozwoju. Wierzymy, \u017ce umiej\u0119tno\u015b\u0107 organizacji przestrzeni przy u\u017cyciu elastycznych barier ochronnych jest silnym atutem na konkurencyjnym rynku.    <\/p>\n\n\n\n<p>Zapraszamy do odwiedzenia naszego stoiska i podzielenia si\u0119 swoimi pomys\u0142ami!<\/p>\n<\/div>\n\n\n\n<div class=\"wp-block-column is-layout-flow wp-block-column-is-layout-flow\" style=\"flex-basis:10%\"><\/div>\n<\/div>\n\n<p><\/p>\n<div class=\"wp-block-image\">\n<figure class=\"aligncenter size-large is-resized\"><img loading=\"lazy\" decoding=\"async\" width=\"1024\" height=\"535\" src=\"https:\/\/antersystem.com\/wp-content\/uploads\/4-7-December-2023-Dubai-World-Trade-Centre-1-1024x535.jpg\" alt=\"\" class=\"wp-image-3635\" style=\"width:720px;height:auto\" srcset=\"https:\/\/antersystem.com\/wp-content\/uploads\/4-7-December-2023-Dubai-World-Trade-Centre-1-1024x535.jpg 1024w, https:\/\/antersystem.com\/wp-content\/uploads\/4-7-December-2023-Dubai-World-Trade-Centre-1-300x157.jpg 300w, https:\/\/antersystem.com\/wp-content\/uploads\/4-7-December-2023-Dubai-World-Trade-Centre-1-768x401.jpg 768w, https:\/\/antersystem.com\/wp-content\/uploads\/4-7-December-2023-Dubai-World-Trade-Centre-1-450x235.jpg 450w, https:\/\/antersystem.com\/wp-content\/uploads\/4-7-December-2023-Dubai-World-Trade-Centre-1-330x172.jpg 330w, https:\/\/antersystem.com\/wp-content\/uploads\/4-7-December-2023-Dubai-World-Trade-Centre-1.jpg 1200w\" sizes=\"auto, (max-width: 1024px) 100vw, 1024px\" \/><\/figure><\/div>","protected":false},"excerpt":{"rendered":"<p>Anter System we wsp\u00f3\u0142pracy z Polsk\u0105 Agencj\u0105 Inwestycji i Handlu w Dubaju W coraz wi\u0119kszym stopniu korzystamy z cyfryzacji i Internetu rzeczy. Cyfrowy obieg dokument\u00f3w i powszechne korzystanie z GPS sta\u0142y si\u0119 standardem. Ale poza nowymi technologiami, mi\u0119dzynarodowe partnerstwa i wchodzenie na odleg\u0142e rynki to tak\u017ce sposoby na odkrywanie nieznanego. Co tak naprawd\u0119 wiemy o [&hellip;]<\/p>\n","protected":false},"author":1,"featured_media":0,"parent":12824,"menu_order":0,"comment_status":"closed","ping_status":"closed","template":"","meta":{"inline_featured_image":false,"ngg_post_thumbnail":0,"footnotes":""},"class_list":["post-38918","page","type-page","status-publish","hentry"],"acf":[],"yoast_head":"<!-- This site is optimized with the Yoast SEO plugin v27.0 - https:\/\/yoast.com\/product\/yoast-seo-wordpress\/ -->\n<title>Anter System na Big 5 Global&#039;23 - Anter System<\/title>\n<meta name=\"description\" content=\"Jako producent elastycznych barier ochronnych przyj\u0119li\u015bmy zaproszenie PAIH do udzia\u0142u w targach budowlanych Big 5 Global 2023.\" \/>\n<meta name=\"robots\" content=\"index, follow, max-snippet:-1, max-image-preview:large, max-video-preview:-1\" \/>\n<link rel=\"canonical\" href=\"https:\/\/antersystem.com\/pl\/wiedza-i-nowosci\/big-5-global-2023\/\" \/>\n<meta property=\"og:locale\" content=\"pl_PL\" \/>\n<meta property=\"og:type\" content=\"article\" \/>\n<meta property=\"og:title\" content=\"Anter System na Big 5 Global&#039;23 - Anter System\" \/>\n<meta property=\"og:description\" content=\"Jako producent elastycznych barier ochronnych przyj\u0119li\u015bmy zaproszenie PAIH do udzia\u0142u w targach budowlanych Big 5 Global 2023.\" \/>\n<meta property=\"og:url\" content=\"https:\/\/antersystem.com\/pl\/wiedza-i-nowosci\/big-5-global-2023\/\" \/>\n<meta property=\"og:site_name\" content=\"Anter System\" \/>\n<meta property=\"article:modified_time\" content=\"2026-02-02T14:06:42+00:00\" \/>\n<meta property=\"og:image\" content=\"https:\/\/antersystem.com\/wp-content\/uploads\/4-7-December-2023-Dubai-World-Trade-Centre-1-1024x535.jpg\" \/>\n<meta name=\"twitter:card\" content=\"summary_large_image\" \/>\n<meta name=\"twitter:label1\" content=\"Szacowany czas czytania\" \/>\n\t<meta name=\"twitter:data1\" content=\"1 minuta\" \/>\n<script type=\"application\/ld+json\" class=\"yoast-schema-graph\">{\"@context\":\"https:\/\/schema.org\",\"@graph\":[{\"@type\":\"WebPage\",\"@id\":\"https:\/\/antersystem.com\/pl\/wiedza-i-nowosci\/big-5-global-2023\/\",\"url\":\"https:\/\/antersystem.com\/pl\/wiedza-i-nowosci\/big-5-global-2023\/\",\"name\":\"Anter System na Big 5 Global'23 - Anter System\",\"isPartOf\":{\"@id\":\"https:\/\/antersystem.com\/pl\/#website\"},\"primaryImageOfPage\":{\"@id\":\"https:\/\/antersystem.com\/pl\/wiedza-i-nowosci\/big-5-global-2023\/#primaryimage\"},\"image\":{\"@id\":\"https:\/\/antersystem.com\/pl\/wiedza-i-nowosci\/big-5-global-2023\/#primaryimage\"},\"thumbnailUrl\":\"https:\/\/antersystem.com\/wp-content\/uploads\/4-7-December-2023-Dubai-World-Trade-Centre-1-1024x535.jpg\",\"datePublished\":\"2023-11-22T09:15:28+00:00\",\"dateModified\":\"2026-02-02T14:06:42+00:00\",\"description\":\"Jako producent elastycznych barier ochronnych przyj\u0119li\u015bmy zaproszenie PAIH do udzia\u0142u w targach budowlanych Big 5 Global 2023.\",\"breadcrumb\":{\"@id\":\"https:\/\/antersystem.com\/pl\/wiedza-i-nowosci\/big-5-global-2023\/#breadcrumb\"},\"inLanguage\":\"pl-PL\",\"potentialAction\":[{\"@type\":\"ReadAction\",\"target\":[\"https:\/\/antersystem.com\/pl\/wiedza-i-nowosci\/big-5-global-2023\/\"]}]},{\"@type\":\"ImageObject\",\"inLanguage\":\"pl-PL\",\"@id\":\"https:\/\/antersystem.com\/pl\/wiedza-i-nowosci\/big-5-global-2023\/#primaryimage\",\"url\":\"https:\/\/antersystem.com\/wp-content\/uploads\/4-7-December-2023-Dubai-World-Trade-Centre-1-1024x535.jpg\",\"contentUrl\":\"https:\/\/antersystem.com\/wp-content\/uploads\/4-7-December-2023-Dubai-World-Trade-Centre-1-1024x535.jpg\"},{\"@type\":\"BreadcrumbList\",\"@id\":\"https:\/\/antersystem.com\/pl\/wiedza-i-nowosci\/big-5-global-2023\/#breadcrumb\",\"itemListElement\":[{\"@type\":\"ListItem\",\"position\":1,\"name\":\"AnterSystem\",\"item\":\"https:\/\/antersystem.com\/pl\/\"},{\"@type\":\"ListItem\",\"position\":2,\"name\":\"Wiedza i nowo\u015bci\",\"item\":\"https:\/\/antersystem.com\/pl\/wiedza-i-nowosci\/\"},{\"@type\":\"ListItem\",\"position\":3,\"name\":\"Anter System na Big 5 Global&#8217;23\"}]},{\"@type\":\"WebSite\",\"@id\":\"https:\/\/antersystem.com\/pl\/#website\",\"url\":\"https:\/\/antersystem.com\/pl\/\",\"name\":\"Anter System\",\"description\":\"Jeste\u015bmy polskim producentem elastycznych barier ochronnych wykonywanych z polimerowych tworzyw sztucznych. Na rynku krajowym i zagranicznym dzia\u0142amy od ponad 15 lat dbaj\u0105c o zapewnienie bezpiecze\u0144stwa w zak\u0142adach produkcyjnych, magazynach oraz centrach logistycznych.\",\"potentialAction\":[{\"@type\":\"SearchAction\",\"target\":{\"@type\":\"EntryPoint\",\"urlTemplate\":\"https:\/\/antersystem.com\/pl\/?s={search_term_string}\"},\"query-input\":{\"@type\":\"PropertyValueSpecification\",\"valueRequired\":true,\"valueName\":\"search_term_string\"}}],\"inLanguage\":\"pl-PL\"}]}<\/script>\n<!-- \/ Yoast SEO plugin. -->","yoast_head_json":{"title":"Anter System na Big 5 Global'23 - Anter System","description":"Jako producent elastycznych barier ochronnych przyj\u0119li\u015bmy zaproszenie PAIH do udzia\u0142u w targach budowlanych Big 5 Global 2023.","robots":{"index":"index","follow":"follow","max-snippet":"max-snippet:-1","max-image-preview":"max-image-preview:large","max-video-preview":"max-video-preview:-1"},"canonical":"https:\/\/antersystem.com\/pl\/wiedza-i-nowosci\/big-5-global-2023\/","og_locale":"pl_PL","og_type":"article","og_title":"Anter System na Big 5 Global'23 - Anter System","og_description":"Jako producent elastycznych barier ochronnych przyj\u0119li\u015bmy zaproszenie PAIH do udzia\u0142u w targach budowlanych Big 5 Global 2023.","og_url":"https:\/\/antersystem.com\/pl\/wiedza-i-nowosci\/big-5-global-2023\/","og_site_name":"Anter System","article_modified_time":"2026-02-02T14:06:42+00:00","og_image":[{"url":"https:\/\/antersystem.com\/wp-content\/uploads\/4-7-December-2023-Dubai-World-Trade-Centre-1-1024x535.jpg","type":"","width":"","height":""}],"twitter_card":"summary_large_image","twitter_misc":{"Szacowany czas czytania":"1 minuta"},"schema":{"@context":"https:\/\/schema.org","@graph":[{"@type":"WebPage","@id":"https:\/\/antersystem.com\/pl\/wiedza-i-nowosci\/big-5-global-2023\/","url":"https:\/\/antersystem.com\/pl\/wiedza-i-nowosci\/big-5-global-2023\/","name":"Anter System na Big 5 Global'23 - Anter System","isPartOf":{"@id":"https:\/\/antersystem.com\/pl\/#website"},"primaryImageOfPage":{"@id":"https:\/\/antersystem.com\/pl\/wiedza-i-nowosci\/big-5-global-2023\/#primaryimage"},"image":{"@id":"https:\/\/antersystem.com\/pl\/wiedza-i-nowosci\/big-5-global-2023\/#primaryimage"},"thumbnailUrl":"https:\/\/antersystem.com\/wp-content\/uploads\/4-7-December-2023-Dubai-World-Trade-Centre-1-1024x535.jpg","datePublished":"2023-11-22T09:15:28+00:00","dateModified":"2026-02-02T14:06:42+00:00","description":"Jako producent elastycznych barier ochronnych przyj\u0119li\u015bmy zaproszenie PAIH do udzia\u0142u w targach budowlanych Big 5 Global 2023.","breadcrumb":{"@id":"https:\/\/antersystem.com\/pl\/wiedza-i-nowosci\/big-5-global-2023\/#breadcrumb"},"inLanguage":"pl-PL","potentialAction":[{"@type":"ReadAction","target":["https:\/\/antersystem.com\/pl\/wiedza-i-nowosci\/big-5-global-2023\/"]}]},{"@type":"ImageObject","inLanguage":"pl-PL","@id":"https:\/\/antersystem.com\/pl\/wiedza-i-nowosci\/big-5-global-2023\/#primaryimage","url":"https:\/\/antersystem.com\/wp-content\/uploads\/4-7-December-2023-Dubai-World-Trade-Centre-1-1024x535.jpg","contentUrl":"https:\/\/antersystem.com\/wp-content\/uploads\/4-7-December-2023-Dubai-World-Trade-Centre-1-1024x535.jpg"},{"@type":"BreadcrumbList","@id":"https:\/\/antersystem.com\/pl\/wiedza-i-nowosci\/big-5-global-2023\/#breadcrumb","itemListElement":[{"@type":"ListItem","position":1,"name":"AnterSystem","item":"https:\/\/antersystem.com\/pl\/"},{"@type":"ListItem","position":2,"name":"Wiedza i nowo\u015bci","item":"https:\/\/antersystem.com\/pl\/wiedza-i-nowosci\/"},{"@type":"ListItem","position":3,"name":"Anter System na Big 5 Global&#8217;23"}]},{"@type":"WebSite","@id":"https:\/\/antersystem.com\/pl\/#website","url":"https:\/\/antersystem.com\/pl\/","name":"Anter System","description":"Jeste\u015bmy polskim producentem elastycznych barier ochronnych wykonywanych z polimerowych tworzyw sztucznych. Na rynku krajowym i zagranicznym dzia\u0142amy od ponad 15 lat dbaj\u0105c o zapewnienie bezpiecze\u0144stwa w zak\u0142adach produkcyjnych, magazynach oraz centrach logistycznych.","potentialAction":[{"@type":"SearchAction","target":{"@type":"EntryPoint","urlTemplate":"https:\/\/antersystem.com\/pl\/?s={search_term_string}"},"query-input":{"@type":"PropertyValueSpecification","valueRequired":true,"valueName":"search_term_string"}}],"inLanguage":"pl-PL"}]}},"_links":{"self":[{"href":"https:\/\/antersystem.com\/pl\/wp-json\/wp\/v2\/pages\/38918","targetHints":{"allow":["GET"]}}],"collection":[{"href":"https:\/\/antersystem.com\/pl\/wp-json\/wp\/v2\/pages"}],"about":[{"href":"https:\/\/antersystem.com\/pl\/wp-json\/wp\/v2\/types\/page"}],"author":[{"embeddable":true,"href":"https:\/\/antersystem.com\/pl\/wp-json\/wp\/v2\/users\/1"}],"replies":[{"embeddable":true,"href":"https:\/\/antersystem.com\/pl\/wp-json\/wp\/v2\/comments?post=38918"}],"version-history":[{"count":1,"href":"https:\/\/antersystem.com\/pl\/wp-json\/wp\/v2\/pages\/38918\/revisions"}],"predecessor-version":[{"id":38919,"href":"https:\/\/antersystem.com\/pl\/wp-json\/wp\/v2\/pages\/38918\/revisions\/38919"}],"up":[{"embeddable":true,"href":"https:\/\/antersystem.com\/pl\/wp-json\/wp\/v2\/pages\/12824"}],"wp:attachment":[{"href":"https:\/\/antersystem.com\/pl\/wp-json\/wp\/v2\/media?parent=38918"}],"curies":[{"name":"wp","href":"https:\/\/api.w.org\/{rel}","templated":true}]}}