{"id":38922,"date":"2023-10-16T11:07:01","date_gmt":"2023-10-16T09:07:01","guid":{"rendered":"https:\/\/antersystem.com\/wiedza-i-nowosci\/odpowiednie-zabezpieczenie-naczepy-bez-ciagnika\/"},"modified":"2026-02-02T15:12:00","modified_gmt":"2026-02-02T14:12:00","slug":"odpowiednie-zabezpieczenie-naczepy-bez-ciagnika","status":"publish","type":"page","link":"https:\/\/antersystem.com\/pl\/wiedza-i-nowosci\/odpowiednie-zabezpieczenie-naczepy-bez-ciagnika\/","title":{"rendered":"Punkt podparcia w magazynie MID"},"content":{"rendered":"\n<div class=\"wp-block-columns is-layout-flex wp-container-core-columns-is-layout-9d6595d7 wp-block-columns-is-layout-flex\">\n<div class=\"wp-block-column is-layout-flow wp-block-column-is-layout-flow\" style=\"flex-basis:10%\"><\/div>\n\n\n\n<div class=\"wp-block-column is-layout-flow wp-block-column-is-layout-flow\">\n<h3 class=\"wp-block-heading\">Punkt wsparcia<\/h3>\n\n\n\n<p style=\"text-align: left;\">W sierpniu 2019 r. w czasopi\u015bmie &#8222;Magazynowanie i Dystrybucja&#8221; ukaza\u0142 si\u0119 artyku\u0142 opisuj\u0105cy funkcje i zastosowania podp\u00f3r naczepowych, kt\u00f3re umo\u017cliwiaj\u0105 za\u0142adunek i roz\u0142adunek towar\u00f3w bez u\u017cycia ci\u0105gnika siod\u0142owego.<\/p>\n<p>Bezpiecze\u0144stwo przede wszystkim &#8211; zach\u0119camy do lektury.<\/p>\n<p>&nbsp;<\/p>\n<\/div>\n\n\n\n<div class=\"wp-block-column is-layout-flow wp-block-column-is-layout-flow\" style=\"flex-basis:10%\"><\/div>\n<\/div>\n\n<div data-wp-interactive=\"core\/file\" class=\"wp-block-file\"><object data-wp-bind--hidden=\"!state.hasPdfPreview\" hidden class=\"wp-block-file__embed\" data=\"https:\/\/antersystem.com\/wp-content\/uploads\/MID70_antersystem_punkt-podparcia.pdf\" type=\"application\/pdf\" style=\"width:100%;height:600px\" aria-label=\"Osadzone z MID70_antersystem_punkt-podparcia.\"><\/object><a id=\"wp-block-file--media-ee450cea-ca59-4ce4-8c22-729773c7fc8d\" href=\"https:\/\/antersystem.com\/wp-content\/uploads\/MID70_antersystem_punkt-podparcia.pdf\">MID70_antersystem_punkt-podparcia<\/a><a href=\"https:\/\/antersystem.com\/wp-content\/uploads\/MID70_antersystem_punkt-podparcia.pdf\" class=\"wp-block-file__button wp-element-button\" download=\"\" aria-describedby=\"wp-block-file--media-ee450cea-ca59-4ce4-8c22-729773c7fc8d\">Pobierz<\/a><\/div>\n","protected":false},"excerpt":{"rendered":"<p>Punkt wsparcia W sierpniu 2019 r. w czasopi\u015bmie &#8222;Magazynowanie i Dystrybucja&#8221; ukaza\u0142 si\u0119 artyku\u0142 opisuj\u0105cy funkcje i zastosowania podp\u00f3r naczepowych, kt\u00f3re umo\u017cliwiaj\u0105 za\u0142adunek i roz\u0142adunek towar\u00f3w bez u\u017cycia ci\u0105gnika siod\u0142owego. Bezpiecze\u0144stwo przede wszystkim &#8211; zach\u0119camy do lektury. &nbsp;<\/p>\n","protected":false},"author":1,"featured_media":0,"parent":12824,"menu_order":0,"comment_status":"closed","ping_status":"closed","template":"","meta":{"inline_featured_image":false,"ngg_post_thumbnail":0,"footnotes":""},"class_list":["post-38922","page","type-page","status-publish","hentry"],"acf":[],"yoast_head":"<!-- This site is optimized with the Yoast SEO plugin v27.0 - https:\/\/yoast.com\/product\/yoast-seo-wordpress\/ -->\n<title>Punkt podparcia w magazynie MID - Anter System<\/title>\n<meta name=\"description\" content=\"Stosuj\u0105c podpory pod naczepy, ograniczamy do minimum ryzyko uszkodzenia pojazdu, a pracownicy w spokoju i bezpiecznie mog\u0105 pracowa\u0107.\" \/>\n<meta name=\"robots\" content=\"index, follow, max-snippet:-1, max-image-preview:large, max-video-preview:-1\" \/>\n<link rel=\"canonical\" href=\"https:\/\/antersystem.com\/pl\/wiedza-i-nowosci\/odpowiednie-zabezpieczenie-naczepy-bez-ciagnika\/\" \/>\n<meta property=\"og:locale\" content=\"pl_PL\" \/>\n<meta property=\"og:type\" content=\"article\" \/>\n<meta property=\"og:title\" content=\"Punkt podparcia w magazynie MID - Anter System\" \/>\n<meta property=\"og:description\" content=\"Stosuj\u0105c podpory pod naczepy, ograniczamy do minimum ryzyko uszkodzenia pojazdu, a pracownicy w spokoju i bezpiecznie mog\u0105 pracowa\u0107.\" \/>\n<meta property=\"og:url\" content=\"https:\/\/antersystem.com\/pl\/wiedza-i-nowosci\/odpowiednie-zabezpieczenie-naczepy-bez-ciagnika\/\" \/>\n<meta property=\"og:site_name\" content=\"Anter System\" \/>\n<meta property=\"article:modified_time\" content=\"2026-02-02T14:12:00+00:00\" \/>\n<meta name=\"twitter:card\" content=\"summary_large_image\" \/>\n<script type=\"application\/ld+json\" class=\"yoast-schema-graph\">{\"@context\":\"https:\/\/schema.org\",\"@graph\":[{\"@type\":\"WebPage\",\"@id\":\"https:\/\/antersystem.com\/pl\/wiedza-i-nowosci\/odpowiednie-zabezpieczenie-naczepy-bez-ciagnika\/\",\"url\":\"https:\/\/antersystem.com\/pl\/wiedza-i-nowosci\/odpowiednie-zabezpieczenie-naczepy-bez-ciagnika\/\",\"name\":\"Punkt podparcia w magazynie MID - Anter System\",\"isPartOf\":{\"@id\":\"https:\/\/antersystem.com\/pl\/#website\"},\"datePublished\":\"2023-10-16T09:07:01+00:00\",\"dateModified\":\"2026-02-02T14:12:00+00:00\",\"description\":\"Stosuj\u0105c podpory pod naczepy, ograniczamy do minimum ryzyko uszkodzenia pojazdu, a pracownicy w spokoju i bezpiecznie mog\u0105 pracowa\u0107.\",\"breadcrumb\":{\"@id\":\"https:\/\/antersystem.com\/pl\/wiedza-i-nowosci\/odpowiednie-zabezpieczenie-naczepy-bez-ciagnika\/#breadcrumb\"},\"inLanguage\":\"pl-PL\",\"potentialAction\":[{\"@type\":\"ReadAction\",\"target\":[\"https:\/\/antersystem.com\/pl\/wiedza-i-nowosci\/odpowiednie-zabezpieczenie-naczepy-bez-ciagnika\/\"]}]},{\"@type\":\"BreadcrumbList\",\"@id\":\"https:\/\/antersystem.com\/pl\/wiedza-i-nowosci\/odpowiednie-zabezpieczenie-naczepy-bez-ciagnika\/#breadcrumb\",\"itemListElement\":[{\"@type\":\"ListItem\",\"position\":1,\"name\":\"AnterSystem\",\"item\":\"https:\/\/antersystem.com\/pl\/\"},{\"@type\":\"ListItem\",\"position\":2,\"name\":\"Wiedza i nowo\u015bci\",\"item\":\"https:\/\/antersystem.com\/pl\/wiedza-i-nowosci\/\"},{\"@type\":\"ListItem\",\"position\":3,\"name\":\"Punkt podparcia w magazynie MID\"}]},{\"@type\":\"WebSite\",\"@id\":\"https:\/\/antersystem.com\/pl\/#website\",\"url\":\"https:\/\/antersystem.com\/pl\/\",\"name\":\"Anter System\",\"description\":\"Jeste\u015bmy polskim producentem elastycznych barier ochronnych wykonywanych z polimerowych tworzyw sztucznych. Na rynku krajowym i zagranicznym dzia\u0142amy od ponad 15 lat dbaj\u0105c o zapewnienie bezpiecze\u0144stwa w zak\u0142adach produkcyjnych, magazynach oraz centrach logistycznych.\",\"potentialAction\":[{\"@type\":\"SearchAction\",\"target\":{\"@type\":\"EntryPoint\",\"urlTemplate\":\"https:\/\/antersystem.com\/pl\/?s={search_term_string}\"},\"query-input\":{\"@type\":\"PropertyValueSpecification\",\"valueRequired\":true,\"valueName\":\"search_term_string\"}}],\"inLanguage\":\"pl-PL\"}]}<\/script>\n<!-- \/ Yoast SEO plugin. -->","yoast_head_json":{"title":"Punkt podparcia w magazynie MID - Anter System","description":"Stosuj\u0105c podpory pod naczepy, ograniczamy do minimum ryzyko uszkodzenia pojazdu, a pracownicy w spokoju i bezpiecznie mog\u0105 pracowa\u0107.","robots":{"index":"index","follow":"follow","max-snippet":"max-snippet:-1","max-image-preview":"max-image-preview:large","max-video-preview":"max-video-preview:-1"},"canonical":"https:\/\/antersystem.com\/pl\/wiedza-i-nowosci\/odpowiednie-zabezpieczenie-naczepy-bez-ciagnika\/","og_locale":"pl_PL","og_type":"article","og_title":"Punkt podparcia w magazynie MID - Anter System","og_description":"Stosuj\u0105c podpory pod naczepy, ograniczamy do minimum ryzyko uszkodzenia pojazdu, a pracownicy w spokoju i bezpiecznie mog\u0105 pracowa\u0107.","og_url":"https:\/\/antersystem.com\/pl\/wiedza-i-nowosci\/odpowiednie-zabezpieczenie-naczepy-bez-ciagnika\/","og_site_name":"Anter System","article_modified_time":"2026-02-02T14:12:00+00:00","twitter_card":"summary_large_image","schema":{"@context":"https:\/\/schema.org","@graph":[{"@type":"WebPage","@id":"https:\/\/antersystem.com\/pl\/wiedza-i-nowosci\/odpowiednie-zabezpieczenie-naczepy-bez-ciagnika\/","url":"https:\/\/antersystem.com\/pl\/wiedza-i-nowosci\/odpowiednie-zabezpieczenie-naczepy-bez-ciagnika\/","name":"Punkt podparcia w magazynie MID - Anter System","isPartOf":{"@id":"https:\/\/antersystem.com\/pl\/#website"},"datePublished":"2023-10-16T09:07:01+00:00","dateModified":"2026-02-02T14:12:00+00:00","description":"Stosuj\u0105c podpory pod naczepy, ograniczamy do minimum ryzyko uszkodzenia pojazdu, a pracownicy w spokoju i bezpiecznie mog\u0105 pracowa\u0107.","breadcrumb":{"@id":"https:\/\/antersystem.com\/pl\/wiedza-i-nowosci\/odpowiednie-zabezpieczenie-naczepy-bez-ciagnika\/#breadcrumb"},"inLanguage":"pl-PL","potentialAction":[{"@type":"ReadAction","target":["https:\/\/antersystem.com\/pl\/wiedza-i-nowosci\/odpowiednie-zabezpieczenie-naczepy-bez-ciagnika\/"]}]},{"@type":"BreadcrumbList","@id":"https:\/\/antersystem.com\/pl\/wiedza-i-nowosci\/odpowiednie-zabezpieczenie-naczepy-bez-ciagnika\/#breadcrumb","itemListElement":[{"@type":"ListItem","position":1,"name":"AnterSystem","item":"https:\/\/antersystem.com\/pl\/"},{"@type":"ListItem","position":2,"name":"Wiedza i nowo\u015bci","item":"https:\/\/antersystem.com\/pl\/wiedza-i-nowosci\/"},{"@type":"ListItem","position":3,"name":"Punkt podparcia w magazynie MID"}]},{"@type":"WebSite","@id":"https:\/\/antersystem.com\/pl\/#website","url":"https:\/\/antersystem.com\/pl\/","name":"Anter System","description":"Jeste\u015bmy polskim producentem elastycznych barier ochronnych wykonywanych z polimerowych tworzyw sztucznych. Na rynku krajowym i zagranicznym dzia\u0142amy od ponad 15 lat dbaj\u0105c o zapewnienie bezpiecze\u0144stwa w zak\u0142adach produkcyjnych, magazynach oraz centrach logistycznych.","potentialAction":[{"@type":"SearchAction","target":{"@type":"EntryPoint","urlTemplate":"https:\/\/antersystem.com\/pl\/?s={search_term_string}"},"query-input":{"@type":"PropertyValueSpecification","valueRequired":true,"valueName":"search_term_string"}}],"inLanguage":"pl-PL"}]}},"_links":{"self":[{"href":"https:\/\/antersystem.com\/pl\/wp-json\/wp\/v2\/pages\/38922","targetHints":{"allow":["GET"]}}],"collection":[{"href":"https:\/\/antersystem.com\/pl\/wp-json\/wp\/v2\/pages"}],"about":[{"href":"https:\/\/antersystem.com\/pl\/wp-json\/wp\/v2\/types\/page"}],"author":[{"embeddable":true,"href":"https:\/\/antersystem.com\/pl\/wp-json\/wp\/v2\/users\/1"}],"replies":[{"embeddable":true,"href":"https:\/\/antersystem.com\/pl\/wp-json\/wp\/v2\/comments?post=38922"}],"version-history":[{"count":1,"href":"https:\/\/antersystem.com\/pl\/wp-json\/wp\/v2\/pages\/38922\/revisions"}],"predecessor-version":[{"id":38923,"href":"https:\/\/antersystem.com\/pl\/wp-json\/wp\/v2\/pages\/38922\/revisions\/38923"}],"up":[{"embeddable":true,"href":"https:\/\/antersystem.com\/pl\/wp-json\/wp\/v2\/pages\/12824"}],"wp:attachment":[{"href":"https:\/\/antersystem.com\/pl\/wp-json\/wp\/v2\/media?parent=38922"}],"curies":[{"name":"wp","href":"https:\/\/api.w.org\/{rel}","templated":true}]}}