{"id":38930,"date":"2023-10-11T15:11:24","date_gmt":"2023-10-11T13:11:24","guid":{"rendered":"https:\/\/antersystem.com\/wiedza-i-nowosci\/produkt-roku-2019\/"},"modified":"2026-02-02T15:17:18","modified_gmt":"2026-02-02T14:17:18","slug":"produkt-roku-2019","status":"publish","type":"page","link":"https:\/\/antersystem.com\/pl\/wiedza-i-nowosci\/produkt-roku-2019\/","title":{"rendered":"Produkt roku 2019"},"content":{"rendered":"\n<div class=\"wp-block-columns is-layout-flex wp-container-core-columns-is-layout-9d6595d7 wp-block-columns-is-layout-flex\">\n<div class=\"wp-block-column is-layout-flow wp-block-column-is-layout-flow\" style=\"flex-basis:10%\"><\/div>\n\n\n\n<div class=\"wp-block-column is-layout-flow wp-block-column-is-layout-flow\">\n<h3 class=\"wp-block-heading\">Wspornik naczepy JST 1.2 zwyci\u0119\u017ca w plebiscycie In\u017cynieria &amp; Utrzymanie Ruchu &#8211; Produkt Roku 2019<\/h3>\n\n\n\n<p style=\"text-align: left;\">Podpora naczepy JST 1.2 zosta\u0142a zaprojektowana w celu zapewnienia bezpiecze\u0144stwa podczas za\u0142adunku i roz\u0142adunku towar\u00f3w z naczepy bez u\u017cycia ci\u0105gnika siod\u0142owego. Podpora skutecznie zapobiega przechyleniu lub przewr\u00f3ceniu si\u0119 naczepy, minimalizuj\u0105c ryzyko wypadk\u00f3w. <strong>Korzy\u015bci p\u0142yn\u0105ce z inwestycji w odpowiednie rozwi\u0105zania bezpiecze\u0144stwa na stacjach prze\u0142adunkowych zosta\u0142y docenione w plebiscycie Engineering &amp; Maintenance, <a href=\"https:\/\/utrzymanieruchu.pl\/konkurs-produkt-roku-2019-rozstrzygniety\/\">a podpora naczepy JST 1.2 otrzyma\u0142a nagrod\u0119 Produkt Roku 2019 w kategorii: Sprz\u0119t Transportowy.<\/a><\/strong> <\/p>\n<p style=\"text-align: left;\">Produkt posiada system samopoziomowania, a jego wysoko\u015b\u0107 mo\u017cna regulowa\u0107 w zale\u017cno\u015bci od potrzeb. System mobilno\u015bci pozwala na \u0142atwe umieszczenie podpory pod naczep\u0105. Producenci naczep zalecaj\u0105 stosowanie podp\u00f3r podczas za\u0142adunku bez ci\u0105gnik\u00f3w siod\u0142owych &#8211; co wi\u0119cej, na niekt\u00f3rych naczepach mo\u017cna znale\u017a\u0107 naklejki ostrzegawcze zalecaj\u0105ce stosowanie dodatkowych podp\u00f3r.  <\/p>\n\n\n<div class=\"wp-block-image\">\n<figure class=\"aligncenter size-full is-resized\"><img loading=\"lazy\" decoding=\"async\" src=\"https:\/\/antersystem.com\/wp-content\/uploads\/Produkt-roku-2019-1.png\" alt=\"\" class=\"wp-image-2832\" style=\"width:485px;height:451px\" width=\"485\" height=\"451\" srcset=\"https:\/\/antersystem.com\/wp-content\/uploads\/Produkt-roku-2019-1.png 648w, https:\/\/antersystem.com\/wp-content\/uploads\/Produkt-roku-2019-1-300x279.png 300w, https:\/\/antersystem.com\/wp-content\/uploads\/Produkt-roku-2019-1-450x419.png 450w, https:\/\/antersystem.com\/wp-content\/uploads\/Produkt-roku-2019-1-330x307.png 330w\" sizes=\"auto, (max-width: 485px) 100vw, 485px\" \/><\/figure><\/div><\/div>\n\n\n\n<div class=\"wp-block-column is-layout-flow wp-block-column-is-layout-flow\" style=\"flex-basis:10%\"><\/div>\n<\/div>\n","protected":false},"excerpt":{"rendered":"<p>Wspornik naczepy JST 1.2 zwyci\u0119\u017ca w plebiscycie In\u017cynieria &amp; Utrzymanie Ruchu &#8211; Produkt Roku 2019 Podpora naczepy JST 1.2 zosta\u0142a zaprojektowana w celu zapewnienia bezpiecze\u0144stwa podczas za\u0142adunku i roz\u0142adunku towar\u00f3w z naczepy bez u\u017cycia ci\u0105gnika siod\u0142owego. Podpora skutecznie zapobiega przechyleniu lub przewr\u00f3ceniu si\u0119 naczepy, minimalizuj\u0105c ryzyko wypadk\u00f3w. Korzy\u015bci p\u0142yn\u0105ce z inwestycji w odpowiednie rozwi\u0105zania bezpiecze\u0144stwa [&hellip;]<\/p>\n","protected":false},"author":1,"featured_media":0,"parent":12824,"menu_order":0,"comment_status":"closed","ping_status":"closed","template":"","meta":{"inline_featured_image":false,"ngg_post_thumbnail":0,"footnotes":""},"class_list":["post-38930","page","type-page","status-publish","hentry"],"acf":[],"yoast_head":"<!-- This site is optimized with the Yoast SEO plugin v27.0 - https:\/\/yoast.com\/product\/yoast-seo-wordpress\/ -->\n<title>Produkt roku 2019 - Anter System<\/title>\n<meta name=\"description\" content=\"Wspornik naczepy JST 1.2 zwyci\u0119\u017ca w plebiscycie In\u017cynieria &amp; Utrzymanie Ruchu - Produkt Roku 2019 Podpora naczepy JST 1.2 zosta\u0142a zaprojektowana w\" \/>\n<meta name=\"robots\" content=\"index, follow, max-snippet:-1, max-image-preview:large, max-video-preview:-1\" \/>\n<link rel=\"canonical\" href=\"https:\/\/antersystem.com\/pl\/wiedza-i-nowosci\/produkt-roku-2019\/\" \/>\n<meta property=\"og:locale\" content=\"pl_PL\" \/>\n<meta property=\"og:type\" content=\"article\" \/>\n<meta property=\"og:title\" content=\"Produkt roku 2019 - Anter System\" \/>\n<meta property=\"og:description\" content=\"Wspornik naczepy JST 1.2 zwyci\u0119\u017ca w plebiscycie In\u017cynieria &amp; Utrzymanie Ruchu - Produkt Roku 2019 Podpora naczepy JST 1.2 zosta\u0142a zaprojektowana w\" \/>\n<meta property=\"og:url\" content=\"https:\/\/antersystem.com\/pl\/wiedza-i-nowosci\/produkt-roku-2019\/\" \/>\n<meta property=\"og:site_name\" content=\"Anter System\" \/>\n<meta property=\"article:modified_time\" content=\"2026-02-02T14:17:18+00:00\" \/>\n<meta property=\"og:image\" content=\"https:\/\/antersystem.com\/wp-content\/uploads\/Produkt-roku-2019-1.png\" \/>\n<meta name=\"twitter:card\" content=\"summary_large_image\" \/>\n<meta name=\"twitter:label1\" content=\"Szacowany czas czytania\" \/>\n\t<meta name=\"twitter:data1\" content=\"1 minuta\" \/>\n<script type=\"application\/ld+json\" class=\"yoast-schema-graph\">{\"@context\":\"https:\/\/schema.org\",\"@graph\":[{\"@type\":\"WebPage\",\"@id\":\"https:\/\/antersystem.com\/pl\/wiedza-i-nowosci\/produkt-roku-2019\/\",\"url\":\"https:\/\/antersystem.com\/pl\/wiedza-i-nowosci\/produkt-roku-2019\/\",\"name\":\"Produkt roku 2019 - Anter System\",\"isPartOf\":{\"@id\":\"https:\/\/antersystem.com\/pl\/#website\"},\"primaryImageOfPage\":{\"@id\":\"https:\/\/antersystem.com\/pl\/wiedza-i-nowosci\/produkt-roku-2019\/#primaryimage\"},\"image\":{\"@id\":\"https:\/\/antersystem.com\/pl\/wiedza-i-nowosci\/produkt-roku-2019\/#primaryimage\"},\"thumbnailUrl\":\"https:\/\/antersystem.com\/wp-content\/uploads\/Produkt-roku-2019-1.png\",\"datePublished\":\"2023-10-11T13:11:24+00:00\",\"dateModified\":\"2026-02-02T14:17:18+00:00\",\"description\":\"Wspornik naczepy JST 1.2 zwyci\u0119\u017ca w plebiscycie In\u017cynieria &amp; Utrzymanie Ruchu - Produkt Roku 2019 Podpora naczepy JST 1.2 zosta\u0142a zaprojektowana w\",\"breadcrumb\":{\"@id\":\"https:\/\/antersystem.com\/pl\/wiedza-i-nowosci\/produkt-roku-2019\/#breadcrumb\"},\"inLanguage\":\"pl-PL\",\"potentialAction\":[{\"@type\":\"ReadAction\",\"target\":[\"https:\/\/antersystem.com\/pl\/wiedza-i-nowosci\/produkt-roku-2019\/\"]}]},{\"@type\":\"ImageObject\",\"inLanguage\":\"pl-PL\",\"@id\":\"https:\/\/antersystem.com\/pl\/wiedza-i-nowosci\/produkt-roku-2019\/#primaryimage\",\"url\":\"https:\/\/antersystem.com\/wp-content\/uploads\/Produkt-roku-2019-1.png\",\"contentUrl\":\"https:\/\/antersystem.com\/wp-content\/uploads\/Produkt-roku-2019-1.png\"},{\"@type\":\"BreadcrumbList\",\"@id\":\"https:\/\/antersystem.com\/pl\/wiedza-i-nowosci\/produkt-roku-2019\/#breadcrumb\",\"itemListElement\":[{\"@type\":\"ListItem\",\"position\":1,\"name\":\"AnterSystem\",\"item\":\"https:\/\/antersystem.com\/pl\/\"},{\"@type\":\"ListItem\",\"position\":2,\"name\":\"Wiedza i nowo\u015bci\",\"item\":\"https:\/\/antersystem.com\/pl\/wiedza-i-nowosci\/\"},{\"@type\":\"ListItem\",\"position\":3,\"name\":\"Produkt roku 2019\"}]},{\"@type\":\"WebSite\",\"@id\":\"https:\/\/antersystem.com\/pl\/#website\",\"url\":\"https:\/\/antersystem.com\/pl\/\",\"name\":\"Anter System\",\"description\":\"Jeste\u015bmy polskim producentem elastycznych barier ochronnych wykonywanych z polimerowych tworzyw sztucznych. Na rynku krajowym i zagranicznym dzia\u0142amy od ponad 15 lat dbaj\u0105c o zapewnienie bezpiecze\u0144stwa w zak\u0142adach produkcyjnych, magazynach oraz centrach logistycznych.\",\"potentialAction\":[{\"@type\":\"SearchAction\",\"target\":{\"@type\":\"EntryPoint\",\"urlTemplate\":\"https:\/\/antersystem.com\/pl\/?s={search_term_string}\"},\"query-input\":{\"@type\":\"PropertyValueSpecification\",\"valueRequired\":true,\"valueName\":\"search_term_string\"}}],\"inLanguage\":\"pl-PL\"}]}<\/script>\n<!-- \/ Yoast SEO plugin. -->","yoast_head_json":{"title":"Produkt roku 2019 - Anter System","description":"Wspornik naczepy JST 1.2 zwyci\u0119\u017ca w plebiscycie In\u017cynieria &amp; Utrzymanie Ruchu - Produkt Roku 2019 Podpora naczepy JST 1.2 zosta\u0142a zaprojektowana w","robots":{"index":"index","follow":"follow","max-snippet":"max-snippet:-1","max-image-preview":"max-image-preview:large","max-video-preview":"max-video-preview:-1"},"canonical":"https:\/\/antersystem.com\/pl\/wiedza-i-nowosci\/produkt-roku-2019\/","og_locale":"pl_PL","og_type":"article","og_title":"Produkt roku 2019 - Anter System","og_description":"Wspornik naczepy JST 1.2 zwyci\u0119\u017ca w plebiscycie In\u017cynieria &amp; Utrzymanie Ruchu - Produkt Roku 2019 Podpora naczepy JST 1.2 zosta\u0142a zaprojektowana w","og_url":"https:\/\/antersystem.com\/pl\/wiedza-i-nowosci\/produkt-roku-2019\/","og_site_name":"Anter System","article_modified_time":"2026-02-02T14:17:18+00:00","og_image":[{"url":"https:\/\/antersystem.com\/wp-content\/uploads\/Produkt-roku-2019-1.png","type":"","width":"","height":""}],"twitter_card":"summary_large_image","twitter_misc":{"Szacowany czas czytania":"1 minuta"},"schema":{"@context":"https:\/\/schema.org","@graph":[{"@type":"WebPage","@id":"https:\/\/antersystem.com\/pl\/wiedza-i-nowosci\/produkt-roku-2019\/","url":"https:\/\/antersystem.com\/pl\/wiedza-i-nowosci\/produkt-roku-2019\/","name":"Produkt roku 2019 - Anter System","isPartOf":{"@id":"https:\/\/antersystem.com\/pl\/#website"},"primaryImageOfPage":{"@id":"https:\/\/antersystem.com\/pl\/wiedza-i-nowosci\/produkt-roku-2019\/#primaryimage"},"image":{"@id":"https:\/\/antersystem.com\/pl\/wiedza-i-nowosci\/produkt-roku-2019\/#primaryimage"},"thumbnailUrl":"https:\/\/antersystem.com\/wp-content\/uploads\/Produkt-roku-2019-1.png","datePublished":"2023-10-11T13:11:24+00:00","dateModified":"2026-02-02T14:17:18+00:00","description":"Wspornik naczepy JST 1.2 zwyci\u0119\u017ca w plebiscycie In\u017cynieria &amp; Utrzymanie Ruchu - Produkt Roku 2019 Podpora naczepy JST 1.2 zosta\u0142a zaprojektowana w","breadcrumb":{"@id":"https:\/\/antersystem.com\/pl\/wiedza-i-nowosci\/produkt-roku-2019\/#breadcrumb"},"inLanguage":"pl-PL","potentialAction":[{"@type":"ReadAction","target":["https:\/\/antersystem.com\/pl\/wiedza-i-nowosci\/produkt-roku-2019\/"]}]},{"@type":"ImageObject","inLanguage":"pl-PL","@id":"https:\/\/antersystem.com\/pl\/wiedza-i-nowosci\/produkt-roku-2019\/#primaryimage","url":"https:\/\/antersystem.com\/wp-content\/uploads\/Produkt-roku-2019-1.png","contentUrl":"https:\/\/antersystem.com\/wp-content\/uploads\/Produkt-roku-2019-1.png"},{"@type":"BreadcrumbList","@id":"https:\/\/antersystem.com\/pl\/wiedza-i-nowosci\/produkt-roku-2019\/#breadcrumb","itemListElement":[{"@type":"ListItem","position":1,"name":"AnterSystem","item":"https:\/\/antersystem.com\/pl\/"},{"@type":"ListItem","position":2,"name":"Wiedza i nowo\u015bci","item":"https:\/\/antersystem.com\/pl\/wiedza-i-nowosci\/"},{"@type":"ListItem","position":3,"name":"Produkt roku 2019"}]},{"@type":"WebSite","@id":"https:\/\/antersystem.com\/pl\/#website","url":"https:\/\/antersystem.com\/pl\/","name":"Anter System","description":"Jeste\u015bmy polskim producentem elastycznych barier ochronnych wykonywanych z polimerowych tworzyw sztucznych. Na rynku krajowym i zagranicznym dzia\u0142amy od ponad 15 lat dbaj\u0105c o zapewnienie bezpiecze\u0144stwa w zak\u0142adach produkcyjnych, magazynach oraz centrach logistycznych.","potentialAction":[{"@type":"SearchAction","target":{"@type":"EntryPoint","urlTemplate":"https:\/\/antersystem.com\/pl\/?s={search_term_string}"},"query-input":{"@type":"PropertyValueSpecification","valueRequired":true,"valueName":"search_term_string"}}],"inLanguage":"pl-PL"}]}},"_links":{"self":[{"href":"https:\/\/antersystem.com\/pl\/wp-json\/wp\/v2\/pages\/38930","targetHints":{"allow":["GET"]}}],"collection":[{"href":"https:\/\/antersystem.com\/pl\/wp-json\/wp\/v2\/pages"}],"about":[{"href":"https:\/\/antersystem.com\/pl\/wp-json\/wp\/v2\/types\/page"}],"author":[{"embeddable":true,"href":"https:\/\/antersystem.com\/pl\/wp-json\/wp\/v2\/users\/1"}],"replies":[{"embeddable":true,"href":"https:\/\/antersystem.com\/pl\/wp-json\/wp\/v2\/comments?post=38930"}],"version-history":[{"count":1,"href":"https:\/\/antersystem.com\/pl\/wp-json\/wp\/v2\/pages\/38930\/revisions"}],"predecessor-version":[{"id":38931,"href":"https:\/\/antersystem.com\/pl\/wp-json\/wp\/v2\/pages\/38930\/revisions\/38931"}],"up":[{"embeddable":true,"href":"https:\/\/antersystem.com\/pl\/wp-json\/wp\/v2\/pages\/12824"}],"wp:attachment":[{"href":"https:\/\/antersystem.com\/pl\/wp-json\/wp\/v2\/media?parent=38930"}],"curies":[{"name":"wp","href":"https:\/\/api.w.org\/{rel}","templated":true}]}}