{"id":39040,"date":"2023-10-24T15:40:36","date_gmt":"2023-10-24T13:40:36","guid":{"rendered":"https:\/\/antersystem.com\/wiedza-i-nowosci\/targi-w-toronto-7-9-listopada-2023\/"},"modified":"2026-02-02T15:36:38","modified_gmt":"2026-02-02T14:36:38","slug":"targi-w-toronto-7-9-listopada-2023","status":"publish","type":"page","link":"https:\/\/antersystem.com\/pl\/wiedza-i-nowosci\/targi-w-toronto-7-9-listopada-2023\/","title":{"rendered":"Targi w Toronto 7-9 listopada, 2023"},"content":{"rendered":"\n<div class=\"wp-block-columns is-layout-flex wp-container-core-columns-is-layout-9d6595d7 wp-block-columns-is-layout-flex\">\n<div class=\"wp-block-column is-layout-flow wp-block-column-is-layout-flow\" style=\"flex-basis:10%\"><\/div>\n\n\n\n<div class=\"wp-block-column is-layout-flow wp-block-column-is-layout-flow\">\n<h3 class=\"wp-block-heading\">Targi w Toronto 7-9 listopada, 2023<\/h3>\n\n\n\n<p style=\"text-align: left;\"><strong>Na pocz\u0105tku listopada zanurzamy si\u0119 w innowacjach ze \u015bwiata produkcji na Targach PACK EX w Toronto.<\/strong>  Anter System r\u00f3wnie\u017c b\u0119dzie wystawc\u0105 na tym wydarzeniu. W dniach 7-9 listopada b\u0119dzie mo\u017cna spotka\u0107 si\u0119 z nami i zobaczy\u0107 nasze produkty, takie jak <a href=\"https:\/\/antersystem.com\/kategorie_produktow\/slupki-ochronne\/\">pacho\u0142ki PA<\/a>, bariery ochronne KB oraz <a href=\"https:\/\/antersystem.com\/pl\/elastyczna-bariera-pedestrian-r3-hd-flexi-2\/\">elastyczne bariery dla pieszych R3<\/a> <strong>na stoisku: 2318.<\/strong> Zapraszamy wszystkich zainteresowanych systemami poprawiaj\u0105cymi bezpiecze\u0144stwo. <\/p>\n<h3><strong>Czym jest PACK EX?<\/strong><\/h3>\n<p>PACK EX jest cz\u0119\u015bci\u0105 du\u017cych targ\u00f3w in\u017cynieryjnych w ramach ADM Toronto dostarczaj\u0105cych rozwi\u0105za\u0144 od projektu do produkcji, na ka\u017cdym etapie procesu produkcyjnego. To jedyne takie wydarzenie w Kanadzie po\u015bwi\u0119cone opakowaniom. W ramach targ\u00f3w dostawcy i nabywcy mog\u0105 odkrywa\u0107 innowacje w przemy\u015ble, opracowywa\u0107 nowe technologie i nawi\u0105zywa\u0107 relacje z ekspertami. Z naszymi barierami ochronnymi wpisujemy si\u0119 w nowoczesny krajobraz przemys\u0142u uwa\u017cnego na \u015brodowisko.   <\/p>\n<h3><strong>Tematy tej edycji.<\/strong><\/h3>\n<p>G\u0142\u00f3wne tematy tegorocznej edycji:<\/p>\n<ul>\n<li style=\"text-align: left;\">liderzy w bran\u017cy poka\u017c\u0105 naj\u015bwie\u017csze projekty i rozwi\u0105zania F&amp;B, by sprosta\u0107 dzisiejszym wyzwaniom czy regulacjom zwi\u0105zanym z odpadami<\/li>\n<li style=\"text-align: left;\">najnowocze\u015bniejsze tre\u015bci od inteligentnej produkcji po automatyzacj\u0119 pakowania w najlepszych sektorach produkcyjnych: \u017cywno\u015bci i napoj\u00f3w, elektronice, maszynach, przemy\u015ble lotniczym, motoryzacyjnym<\/li>\n<\/ul>\n<p>Wydarzenia PACK EX skierowane s\u0105 do: producent\u00f3w, in\u017cynier\u00f3w, menad\u017cer\u00f3w, ekip serwisowych, dostawc\u00f3w, operator\u00f3w maszyn. Inspiracj\u0119 b\u0119dzie mo\u017cna czerpa\u0107 od: DHL, Estee Lauder, Ferrero Canada, Unilever Canada, Kellogg i wielu innych. <\/p>\n<p>&nbsp;<\/p>\n\n\n<div class=\"wp-block-image\">\n<figure class=\"aligncenter size-large is-resized\"><a href=\"https:\/\/amto23.mapyourshow.com\/8_0\/exhibitor\/exhibitor-details.cfm?exhid=974402\"><img loading=\"lazy\" decoding=\"async\" width=\"1024\" height=\"535\" src=\"https:\/\/antersystem.com\/wp-content\/uploads\/FLEXIBLE-SAFETY-BARIERS-1-1024x535.jpg\" alt=\"\" class=\"wp-image-3125\" style=\"aspect-ratio:1.9140186915887851;width:647px;height:auto\" srcset=\"https:\/\/antersystem.com\/wp-content\/uploads\/FLEXIBLE-SAFETY-BARIERS-1-1024x535.jpg 1024w, https:\/\/antersystem.com\/wp-content\/uploads\/FLEXIBLE-SAFETY-BARIERS-1-300x157.jpg 300w, https:\/\/antersystem.com\/wp-content\/uploads\/FLEXIBLE-SAFETY-BARIERS-1-768x401.jpg 768w, https:\/\/antersystem.com\/wp-content\/uploads\/FLEXIBLE-SAFETY-BARIERS-1-450x235.jpg 450w, https:\/\/antersystem.com\/wp-content\/uploads\/FLEXIBLE-SAFETY-BARIERS-1-330x172.jpg 330w, https:\/\/antersystem.com\/wp-content\/uploads\/FLEXIBLE-SAFETY-BARIERS-1.jpg 1200w\" sizes=\"auto, (max-width: 1024px) 100vw, 1024px\" \/><\/a><\/figure><\/div><\/div>\n\n\n\n<div class=\"wp-block-column is-layout-flow wp-block-column-is-layout-flow\" style=\"flex-basis:10%\"><\/div>\n<\/div>\n","protected":false},"excerpt":{"rendered":"<p>Targi w Toronto 7-9 listopada, 2023 Na pocz\u0105tku listopada zanurzamy si\u0119 w innowacjach ze \u015bwiata produkcji na Targach PACK EX w Toronto. Anter System r\u00f3wnie\u017c b\u0119dzie wystawc\u0105 na tym wydarzeniu. W dniach 7-9 listopada b\u0119dzie mo\u017cna spotka\u0107 si\u0119 z nami i zobaczy\u0107 nasze produkty, takie jak pacho\u0142ki PA, bariery ochronne KB oraz elastyczne bariery dla [&hellip;]<\/p>\n","protected":false},"author":1,"featured_media":0,"parent":12824,"menu_order":0,"comment_status":"closed","ping_status":"closed","template":"","meta":{"inline_featured_image":false,"ngg_post_thumbnail":0,"footnotes":""},"class_list":["post-39040","page","type-page","status-publish","hentry"],"acf":[],"yoast_head":"<!-- This site is optimized with the Yoast SEO plugin v27.0 - https:\/\/yoast.com\/product\/yoast-seo-wordpress\/ -->\n<title>Targi w Toronto 7-9 listopada, 2023 - Anter System<\/title>\n<meta name=\"description\" content=\"Targi w Toronto 7-9 listopada, 2023 Na pocz\u0105tku listopada zanurzamy si\u0119 w innowacjach ze \u015bwiata produkcji na Targach PACK EX w Toronto. Anter System\" \/>\n<meta name=\"robots\" content=\"index, follow, max-snippet:-1, max-image-preview:large, max-video-preview:-1\" \/>\n<link rel=\"canonical\" href=\"https:\/\/antersystem.com\/pl\/wiedza-i-nowosci\/targi-w-toronto-7-9-listopada-2023\/\" \/>\n<meta property=\"og:locale\" content=\"pl_PL\" \/>\n<meta property=\"og:type\" content=\"article\" \/>\n<meta property=\"og:title\" content=\"Targi w Toronto 7-9 listopada, 2023 - Anter System\" \/>\n<meta property=\"og:description\" content=\"Targi w Toronto 7-9 listopada, 2023 Na pocz\u0105tku listopada zanurzamy si\u0119 w innowacjach ze \u015bwiata produkcji na Targach PACK EX w Toronto. Anter System\" \/>\n<meta property=\"og:url\" content=\"https:\/\/antersystem.com\/pl\/wiedza-i-nowosci\/targi-w-toronto-7-9-listopada-2023\/\" \/>\n<meta property=\"og:site_name\" content=\"Anter System\" \/>\n<meta property=\"article:modified_time\" content=\"2026-02-02T14:36:38+00:00\" \/>\n<meta property=\"og:image\" content=\"https:\/\/antersystem.com\/wp-content\/uploads\/FLEXIBLE-SAFETY-BARIERS-1-1024x535.jpg\" \/>\n<meta name=\"twitter:card\" content=\"summary_large_image\" \/>\n<meta name=\"twitter:label1\" content=\"Szacowany czas czytania\" \/>\n\t<meta name=\"twitter:data1\" content=\"1 minuta\" \/>\n<script type=\"application\/ld+json\" class=\"yoast-schema-graph\">{\"@context\":\"https:\/\/schema.org\",\"@graph\":[{\"@type\":\"WebPage\",\"@id\":\"https:\/\/antersystem.com\/pl\/wiedza-i-nowosci\/targi-w-toronto-7-9-listopada-2023\/\",\"url\":\"https:\/\/antersystem.com\/pl\/wiedza-i-nowosci\/targi-w-toronto-7-9-listopada-2023\/\",\"name\":\"Targi w Toronto 7-9 listopada, 2023 - Anter System\",\"isPartOf\":{\"@id\":\"https:\/\/antersystem.com\/pl\/#website\"},\"primaryImageOfPage\":{\"@id\":\"https:\/\/antersystem.com\/pl\/wiedza-i-nowosci\/targi-w-toronto-7-9-listopada-2023\/#primaryimage\"},\"image\":{\"@id\":\"https:\/\/antersystem.com\/pl\/wiedza-i-nowosci\/targi-w-toronto-7-9-listopada-2023\/#primaryimage\"},\"thumbnailUrl\":\"https:\/\/antersystem.com\/wp-content\/uploads\/FLEXIBLE-SAFETY-BARIERS-1-1024x535.jpg\",\"datePublished\":\"2023-10-24T13:40:36+00:00\",\"dateModified\":\"2026-02-02T14:36:38+00:00\",\"description\":\"Targi w Toronto 7-9 listopada, 2023 Na pocz\u0105tku listopada zanurzamy si\u0119 w innowacjach ze \u015bwiata produkcji na Targach PACK EX w Toronto. Anter System\",\"breadcrumb\":{\"@id\":\"https:\/\/antersystem.com\/pl\/wiedza-i-nowosci\/targi-w-toronto-7-9-listopada-2023\/#breadcrumb\"},\"inLanguage\":\"pl-PL\",\"potentialAction\":[{\"@type\":\"ReadAction\",\"target\":[\"https:\/\/antersystem.com\/pl\/wiedza-i-nowosci\/targi-w-toronto-7-9-listopada-2023\/\"]}]},{\"@type\":\"ImageObject\",\"inLanguage\":\"pl-PL\",\"@id\":\"https:\/\/antersystem.com\/pl\/wiedza-i-nowosci\/targi-w-toronto-7-9-listopada-2023\/#primaryimage\",\"url\":\"https:\/\/antersystem.com\/wp-content\/uploads\/FLEXIBLE-SAFETY-BARIERS-1-1024x535.jpg\",\"contentUrl\":\"https:\/\/antersystem.com\/wp-content\/uploads\/FLEXIBLE-SAFETY-BARIERS-1-1024x535.jpg\"},{\"@type\":\"BreadcrumbList\",\"@id\":\"https:\/\/antersystem.com\/pl\/wiedza-i-nowosci\/targi-w-toronto-7-9-listopada-2023\/#breadcrumb\",\"itemListElement\":[{\"@type\":\"ListItem\",\"position\":1,\"name\":\"AnterSystem\",\"item\":\"https:\/\/antersystem.com\/pl\/\"},{\"@type\":\"ListItem\",\"position\":2,\"name\":\"Wiedza i nowo\u015bci\",\"item\":\"https:\/\/antersystem.com\/pl\/wiedza-i-nowosci\/\"},{\"@type\":\"ListItem\",\"position\":3,\"name\":\"Targi w Toronto 7-9 listopada, 2023\"}]},{\"@type\":\"WebSite\",\"@id\":\"https:\/\/antersystem.com\/pl\/#website\",\"url\":\"https:\/\/antersystem.com\/pl\/\",\"name\":\"Anter System\",\"description\":\"Jeste\u015bmy polskim producentem elastycznych barier ochronnych wykonywanych z polimerowych tworzyw sztucznych. Na rynku krajowym i zagranicznym dzia\u0142amy od ponad 15 lat dbaj\u0105c o zapewnienie bezpiecze\u0144stwa w zak\u0142adach produkcyjnych, magazynach oraz centrach logistycznych.\",\"potentialAction\":[{\"@type\":\"SearchAction\",\"target\":{\"@type\":\"EntryPoint\",\"urlTemplate\":\"https:\/\/antersystem.com\/pl\/?s={search_term_string}\"},\"query-input\":{\"@type\":\"PropertyValueSpecification\",\"valueRequired\":true,\"valueName\":\"search_term_string\"}}],\"inLanguage\":\"pl-PL\"}]}<\/script>\n<!-- \/ Yoast SEO plugin. -->","yoast_head_json":{"title":"Targi w Toronto 7-9 listopada, 2023 - Anter System","description":"Targi w Toronto 7-9 listopada, 2023 Na pocz\u0105tku listopada zanurzamy si\u0119 w innowacjach ze \u015bwiata produkcji na Targach PACK EX w Toronto. Anter System","robots":{"index":"index","follow":"follow","max-snippet":"max-snippet:-1","max-image-preview":"max-image-preview:large","max-video-preview":"max-video-preview:-1"},"canonical":"https:\/\/antersystem.com\/pl\/wiedza-i-nowosci\/targi-w-toronto-7-9-listopada-2023\/","og_locale":"pl_PL","og_type":"article","og_title":"Targi w Toronto 7-9 listopada, 2023 - Anter System","og_description":"Targi w Toronto 7-9 listopada, 2023 Na pocz\u0105tku listopada zanurzamy si\u0119 w innowacjach ze \u015bwiata produkcji na Targach PACK EX w Toronto. Anter System","og_url":"https:\/\/antersystem.com\/pl\/wiedza-i-nowosci\/targi-w-toronto-7-9-listopada-2023\/","og_site_name":"Anter System","article_modified_time":"2026-02-02T14:36:38+00:00","og_image":[{"url":"https:\/\/antersystem.com\/wp-content\/uploads\/FLEXIBLE-SAFETY-BARIERS-1-1024x535.jpg","type":"","width":"","height":""}],"twitter_card":"summary_large_image","twitter_misc":{"Szacowany czas czytania":"1 minuta"},"schema":{"@context":"https:\/\/schema.org","@graph":[{"@type":"WebPage","@id":"https:\/\/antersystem.com\/pl\/wiedza-i-nowosci\/targi-w-toronto-7-9-listopada-2023\/","url":"https:\/\/antersystem.com\/pl\/wiedza-i-nowosci\/targi-w-toronto-7-9-listopada-2023\/","name":"Targi w Toronto 7-9 listopada, 2023 - Anter System","isPartOf":{"@id":"https:\/\/antersystem.com\/pl\/#website"},"primaryImageOfPage":{"@id":"https:\/\/antersystem.com\/pl\/wiedza-i-nowosci\/targi-w-toronto-7-9-listopada-2023\/#primaryimage"},"image":{"@id":"https:\/\/antersystem.com\/pl\/wiedza-i-nowosci\/targi-w-toronto-7-9-listopada-2023\/#primaryimage"},"thumbnailUrl":"https:\/\/antersystem.com\/wp-content\/uploads\/FLEXIBLE-SAFETY-BARIERS-1-1024x535.jpg","datePublished":"2023-10-24T13:40:36+00:00","dateModified":"2026-02-02T14:36:38+00:00","description":"Targi w Toronto 7-9 listopada, 2023 Na pocz\u0105tku listopada zanurzamy si\u0119 w innowacjach ze \u015bwiata produkcji na Targach PACK EX w Toronto. Anter System","breadcrumb":{"@id":"https:\/\/antersystem.com\/pl\/wiedza-i-nowosci\/targi-w-toronto-7-9-listopada-2023\/#breadcrumb"},"inLanguage":"pl-PL","potentialAction":[{"@type":"ReadAction","target":["https:\/\/antersystem.com\/pl\/wiedza-i-nowosci\/targi-w-toronto-7-9-listopada-2023\/"]}]},{"@type":"ImageObject","inLanguage":"pl-PL","@id":"https:\/\/antersystem.com\/pl\/wiedza-i-nowosci\/targi-w-toronto-7-9-listopada-2023\/#primaryimage","url":"https:\/\/antersystem.com\/wp-content\/uploads\/FLEXIBLE-SAFETY-BARIERS-1-1024x535.jpg","contentUrl":"https:\/\/antersystem.com\/wp-content\/uploads\/FLEXIBLE-SAFETY-BARIERS-1-1024x535.jpg"},{"@type":"BreadcrumbList","@id":"https:\/\/antersystem.com\/pl\/wiedza-i-nowosci\/targi-w-toronto-7-9-listopada-2023\/#breadcrumb","itemListElement":[{"@type":"ListItem","position":1,"name":"AnterSystem","item":"https:\/\/antersystem.com\/pl\/"},{"@type":"ListItem","position":2,"name":"Wiedza i nowo\u015bci","item":"https:\/\/antersystem.com\/pl\/wiedza-i-nowosci\/"},{"@type":"ListItem","position":3,"name":"Targi w Toronto 7-9 listopada, 2023"}]},{"@type":"WebSite","@id":"https:\/\/antersystem.com\/pl\/#website","url":"https:\/\/antersystem.com\/pl\/","name":"Anter System","description":"Jeste\u015bmy polskim producentem elastycznych barier ochronnych wykonywanych z polimerowych tworzyw sztucznych. Na rynku krajowym i zagranicznym dzia\u0142amy od ponad 15 lat dbaj\u0105c o zapewnienie bezpiecze\u0144stwa w zak\u0142adach produkcyjnych, magazynach oraz centrach logistycznych.","potentialAction":[{"@type":"SearchAction","target":{"@type":"EntryPoint","urlTemplate":"https:\/\/antersystem.com\/pl\/?s={search_term_string}"},"query-input":{"@type":"PropertyValueSpecification","valueRequired":true,"valueName":"search_term_string"}}],"inLanguage":"pl-PL"}]}},"_links":{"self":[{"href":"https:\/\/antersystem.com\/pl\/wp-json\/wp\/v2\/pages\/39040","targetHints":{"allow":["GET"]}}],"collection":[{"href":"https:\/\/antersystem.com\/pl\/wp-json\/wp\/v2\/pages"}],"about":[{"href":"https:\/\/antersystem.com\/pl\/wp-json\/wp\/v2\/types\/page"}],"author":[{"embeddable":true,"href":"https:\/\/antersystem.com\/pl\/wp-json\/wp\/v2\/users\/1"}],"replies":[{"embeddable":true,"href":"https:\/\/antersystem.com\/pl\/wp-json\/wp\/v2\/comments?post=39040"}],"version-history":[{"count":1,"href":"https:\/\/antersystem.com\/pl\/wp-json\/wp\/v2\/pages\/39040\/revisions"}],"predecessor-version":[{"id":39041,"href":"https:\/\/antersystem.com\/pl\/wp-json\/wp\/v2\/pages\/39040\/revisions\/39041"}],"up":[{"embeddable":true,"href":"https:\/\/antersystem.com\/pl\/wp-json\/wp\/v2\/pages\/12824"}],"wp:attachment":[{"href":"https:\/\/antersystem.com\/pl\/wp-json\/wp\/v2\/media?parent=39040"}],"curies":[{"name":"wp","href":"https:\/\/api.w.org\/{rel}","templated":true}]}}