{"id":39044,"date":"2024-04-29T13:41:44","date_gmt":"2024-04-29T11:41:44","guid":{"rendered":"https:\/\/antersystem.com\/wiedza-i-nowosci\/relacja-z-targow-sawo24\/"},"modified":"2026-02-02T15:39:22","modified_gmt":"2026-02-02T14:39:22","slug":"relacja-z-targow-sawo24","status":"publish","type":"page","link":"https:\/\/antersystem.com\/pl\/wiedza-i-nowosci\/relacja-z-targow-sawo24\/","title":{"rendered":"Relacja z targ\u00f3w SAWO&#8217;24"},"content":{"rendered":"\n<div class=\"wp-block-columns is-layout-flex wp-container-core-columns-is-layout-9d6595d7 wp-block-columns-is-layout-flex\">\n<div class=\"wp-block-column is-layout-flow wp-block-column-is-layout-flow\" style=\"flex-basis:10%\"><\/div>\n\n\n\n<div class=\"wp-block-column is-layout-flow wp-block-column-is-layout-flow\">\n<h2 class=\"wp-block-heading\">Raport wizualny z targ\u00f3w SAWO&#8217;24<\/h2>\n\n\n\n<p>Mi\u0119dzynarodowe Targi Bezpiecze\u0144stwa Pracy, Ochrony Przeciwpo\u017carowej i Ratownictwa SAWO to najwi\u0119ksze targi BHP w Europie \u015arodkowo-Wschodniej. Wydarzenie odbywa si\u0119 co dwa lata. SAWO to unikalne w skali kraju wydarzenie, kt\u00f3re bezpo\u015brednio przyczynia si\u0119 do wdra\u017cania zaawansowanych technologii i rozwi\u0105za\u0144 w firmach, poprawy jako\u015bci pracy i bezpiecze\u0144stwa pracownik\u00f3w.  <\/p>\n\n\n\n<p>Podczas tegorocznej edycji otrzymali\u015bmy od organizator\u00f3w Z\u0142oty Medal za <strong><a href=\"https:\/\/antersystem.com\/pl\/produkty\/bramka-traffic-dock-gate\/bramka-dock-gate-3-2\/\">Automatyczn\u0105 Bram\u0119 R2 TRAFFIC DOCK GATE<\/a><\/strong>. To innowacyjne rozwi\u0105zanie zapewnia bezpieczn\u0105 i wydajn\u0105 obs\u0142ug\u0119 towar\u00f3w w dokach prze\u0142adunkowych, na placach sk\u0142adowych i w magazynach. Nasz zesp\u00f3\u0142 przeprowadzi\u0142 liczne rozmowy i zaprezentowa\u0142 rozwi\u0105zania Anter System setkom odwiedzaj\u0105cych, a wszystkim przy\u015bwieca\u0142 jeden cel &#8211; uczyni\u0107 bezpieczn\u0105 prac\u0119 standardem.  <\/p>\n\n\n\n<p>Dzi\u0119kujemy za odwiedzenie naszego stoiska i mo\u017cliwo\u015b\u0107 zaprezentowania rozwi\u0105za\u0144 oferowanych przez Anter System <a href=\"https:\/\/www.youtube.com\/channel\/UC1zGnGoW-aY0v1ZrDd3KHLA\">@antersystem_pl<\/a>.<\/p>\n\n\n\n<p>Zapraszamy do kontaktu z nami i obejrzenia filmu\/zdj\u0119\u0107 oddaj\u0105cych atmosfer\u0119 wydarzenia!<\/p>\n\n\n\nngg_shortcode_0_placeholder\n\n\n\n<figure class=\"wp-block-embed aligncenter is-type-video is-provider-youtube wp-block-embed-youtube wp-embed-aspect-16-9 wp-has-aspect-ratio\"><div class=\"wp-block-embed__wrapper\">\n<iframe loading=\"lazy\" title=\"Relacja z targ\u00f3w SAWO 2024 Anter System. [Report from the SAWO 2024 Anter System fair.]\" width=\"500\" height=\"281\" src=\"https:\/\/www.youtube.com\/embed\/sRi9QEKJonk?feature=oembed\" frameborder=\"0\" allow=\"accelerometer; autoplay; clipboard-write; encrypted-media; gyroscope; picture-in-picture; web-share\" referrerpolicy=\"strict-origin-when-cross-origin\" allowfullscreen><\/iframe>\n<\/div><\/figure>\n\n\n\n<h3 class=\"wp-block-heading\"><\/h3>\n<\/div>\n\n\n\n<div class=\"wp-block-column is-layout-flow wp-block-column-is-layout-flow\" style=\"flex-basis:10%\"><\/div>\n<\/div>\n","protected":false},"excerpt":{"rendered":"<p>Raport wizualny z targ\u00f3w SAWO&#8217;24 Mi\u0119dzynarodowe Targi Bezpiecze\u0144stwa Pracy, Ochrony Przeciwpo\u017carowej i Ratownictwa SAWO to najwi\u0119ksze targi BHP w Europie \u015arodkowo-Wschodniej. Wydarzenie odbywa si\u0119 co dwa lata. SAWO to unikalne w skali kraju wydarzenie, kt\u00f3re bezpo\u015brednio przyczynia si\u0119 do wdra\u017cania zaawansowanych technologii i rozwi\u0105za\u0144 w firmach, poprawy jako\u015bci pracy i bezpiecze\u0144stwa pracownik\u00f3w. Podczas tegorocznej edycji [&hellip;]<\/p>\n","protected":false},"author":1,"featured_media":0,"parent":12824,"menu_order":0,"comment_status":"closed","ping_status":"closed","template":"","meta":{"inline_featured_image":false,"ngg_post_thumbnail":0,"footnotes":""},"class_list":["post-39044","page","type-page","status-publish","hentry"],"acf":[],"yoast_head":"<!-- This site is optimized with the Yoast SEO plugin v27.0 - https:\/\/yoast.com\/product\/yoast-seo-wordpress\/ -->\n<title>Relacja z targ\u00f3w SAWO&#039;24 - Anter System<\/title>\n<meta name=\"description\" content=\"Raport wizualny z targ\u00f3w SAWO&#039;24 Mi\u0119dzynarodowe Targi Bezpiecze\u0144stwa Pracy, Ochrony Przeciwpo\u017carowej i Ratownictwa SAWO to najwi\u0119ksze targi BHP w Europie\" \/>\n<meta name=\"robots\" content=\"index, follow, max-snippet:-1, max-image-preview:large, max-video-preview:-1\" \/>\n<link rel=\"canonical\" href=\"https:\/\/antersystem.com\/pl\/wiedza-i-nowosci\/relacja-z-targow-sawo24\/\" \/>\n<meta property=\"og:locale\" content=\"pl_PL\" \/>\n<meta property=\"og:type\" content=\"article\" \/>\n<meta property=\"og:title\" content=\"Relacja z targ\u00f3w SAWO&#039;24 - Anter System\" \/>\n<meta property=\"og:description\" content=\"Raport wizualny z targ\u00f3w SAWO&#039;24 Mi\u0119dzynarodowe Targi Bezpiecze\u0144stwa Pracy, Ochrony Przeciwpo\u017carowej i Ratownictwa SAWO to najwi\u0119ksze targi BHP w Europie\" \/>\n<meta property=\"og:url\" content=\"https:\/\/antersystem.com\/pl\/wiedza-i-nowosci\/relacja-z-targow-sawo24\/\" \/>\n<meta property=\"og:site_name\" content=\"Anter System\" \/>\n<meta property=\"article:modified_time\" content=\"2026-02-02T14:39:22+00:00\" \/>\n<meta name=\"twitter:card\" content=\"summary_large_image\" \/>\n<meta name=\"twitter:label1\" content=\"Szacowany czas czytania\" \/>\n\t<meta name=\"twitter:data1\" content=\"1 minuta\" \/>\n<script type=\"application\/ld+json\" class=\"yoast-schema-graph\">{\"@context\":\"https:\/\/schema.org\",\"@graph\":[{\"@type\":\"WebPage\",\"@id\":\"https:\/\/antersystem.com\/pl\/wiedza-i-nowosci\/relacja-z-targow-sawo24\/\",\"url\":\"https:\/\/antersystem.com\/pl\/wiedza-i-nowosci\/relacja-z-targow-sawo24\/\",\"name\":\"Relacja z targ\u00f3w SAWO'24 - Anter System\",\"isPartOf\":{\"@id\":\"https:\/\/antersystem.com\/pl\/#website\"},\"datePublished\":\"2024-04-29T11:41:44+00:00\",\"dateModified\":\"2026-02-02T14:39:22+00:00\",\"description\":\"Raport wizualny z targ\u00f3w SAWO'24 Mi\u0119dzynarodowe Targi Bezpiecze\u0144stwa Pracy, Ochrony Przeciwpo\u017carowej i Ratownictwa SAWO to najwi\u0119ksze targi BHP w Europie\",\"breadcrumb\":{\"@id\":\"https:\/\/antersystem.com\/pl\/wiedza-i-nowosci\/relacja-z-targow-sawo24\/#breadcrumb\"},\"inLanguage\":\"pl-PL\",\"potentialAction\":[{\"@type\":\"ReadAction\",\"target\":[\"https:\/\/antersystem.com\/pl\/wiedza-i-nowosci\/relacja-z-targow-sawo24\/\"]}]},{\"@type\":\"BreadcrumbList\",\"@id\":\"https:\/\/antersystem.com\/pl\/wiedza-i-nowosci\/relacja-z-targow-sawo24\/#breadcrumb\",\"itemListElement\":[{\"@type\":\"ListItem\",\"position\":1,\"name\":\"AnterSystem\",\"item\":\"https:\/\/antersystem.com\/pl\/\"},{\"@type\":\"ListItem\",\"position\":2,\"name\":\"Wiedza i nowo\u015bci\",\"item\":\"https:\/\/antersystem.com\/pl\/wiedza-i-nowosci\/\"},{\"@type\":\"ListItem\",\"position\":3,\"name\":\"Relacja z targ\u00f3w SAWO&#8217;24\"}]},{\"@type\":\"WebSite\",\"@id\":\"https:\/\/antersystem.com\/pl\/#website\",\"url\":\"https:\/\/antersystem.com\/pl\/\",\"name\":\"Anter System\",\"description\":\"Jeste\u015bmy polskim producentem elastycznych barier ochronnych wykonywanych z polimerowych tworzyw sztucznych. Na rynku krajowym i zagranicznym dzia\u0142amy od ponad 15 lat dbaj\u0105c o zapewnienie bezpiecze\u0144stwa w zak\u0142adach produkcyjnych, magazynach oraz centrach logistycznych.\",\"potentialAction\":[{\"@type\":\"SearchAction\",\"target\":{\"@type\":\"EntryPoint\",\"urlTemplate\":\"https:\/\/antersystem.com\/pl\/?s={search_term_string}\"},\"query-input\":{\"@type\":\"PropertyValueSpecification\",\"valueRequired\":true,\"valueName\":\"search_term_string\"}}],\"inLanguage\":\"pl-PL\"}]}<\/script>\n<!-- \/ Yoast SEO plugin. -->","yoast_head_json":{"title":"Relacja z targ\u00f3w SAWO'24 - Anter System","description":"Raport wizualny z targ\u00f3w SAWO'24 Mi\u0119dzynarodowe Targi Bezpiecze\u0144stwa Pracy, Ochrony Przeciwpo\u017carowej i Ratownictwa SAWO to najwi\u0119ksze targi BHP w Europie","robots":{"index":"index","follow":"follow","max-snippet":"max-snippet:-1","max-image-preview":"max-image-preview:large","max-video-preview":"max-video-preview:-1"},"canonical":"https:\/\/antersystem.com\/pl\/wiedza-i-nowosci\/relacja-z-targow-sawo24\/","og_locale":"pl_PL","og_type":"article","og_title":"Relacja z targ\u00f3w SAWO'24 - Anter System","og_description":"Raport wizualny z targ\u00f3w SAWO'24 Mi\u0119dzynarodowe Targi Bezpiecze\u0144stwa Pracy, Ochrony Przeciwpo\u017carowej i Ratownictwa SAWO to najwi\u0119ksze targi BHP w Europie","og_url":"https:\/\/antersystem.com\/pl\/wiedza-i-nowosci\/relacja-z-targow-sawo24\/","og_site_name":"Anter System","article_modified_time":"2026-02-02T14:39:22+00:00","twitter_card":"summary_large_image","twitter_misc":{"Szacowany czas czytania":"1 minuta"},"schema":{"@context":"https:\/\/schema.org","@graph":[{"@type":"WebPage","@id":"https:\/\/antersystem.com\/pl\/wiedza-i-nowosci\/relacja-z-targow-sawo24\/","url":"https:\/\/antersystem.com\/pl\/wiedza-i-nowosci\/relacja-z-targow-sawo24\/","name":"Relacja z targ\u00f3w SAWO'24 - Anter System","isPartOf":{"@id":"https:\/\/antersystem.com\/pl\/#website"},"datePublished":"2024-04-29T11:41:44+00:00","dateModified":"2026-02-02T14:39:22+00:00","description":"Raport wizualny z targ\u00f3w SAWO'24 Mi\u0119dzynarodowe Targi Bezpiecze\u0144stwa Pracy, Ochrony Przeciwpo\u017carowej i Ratownictwa SAWO to najwi\u0119ksze targi BHP w Europie","breadcrumb":{"@id":"https:\/\/antersystem.com\/pl\/wiedza-i-nowosci\/relacja-z-targow-sawo24\/#breadcrumb"},"inLanguage":"pl-PL","potentialAction":[{"@type":"ReadAction","target":["https:\/\/antersystem.com\/pl\/wiedza-i-nowosci\/relacja-z-targow-sawo24\/"]}]},{"@type":"BreadcrumbList","@id":"https:\/\/antersystem.com\/pl\/wiedza-i-nowosci\/relacja-z-targow-sawo24\/#breadcrumb","itemListElement":[{"@type":"ListItem","position":1,"name":"AnterSystem","item":"https:\/\/antersystem.com\/pl\/"},{"@type":"ListItem","position":2,"name":"Wiedza i nowo\u015bci","item":"https:\/\/antersystem.com\/pl\/wiedza-i-nowosci\/"},{"@type":"ListItem","position":3,"name":"Relacja z targ\u00f3w SAWO&#8217;24"}]},{"@type":"WebSite","@id":"https:\/\/antersystem.com\/pl\/#website","url":"https:\/\/antersystem.com\/pl\/","name":"Anter System","description":"Jeste\u015bmy polskim producentem elastycznych barier ochronnych wykonywanych z polimerowych tworzyw sztucznych. Na rynku krajowym i zagranicznym dzia\u0142amy od ponad 15 lat dbaj\u0105c o zapewnienie bezpiecze\u0144stwa w zak\u0142adach produkcyjnych, magazynach oraz centrach logistycznych.","potentialAction":[{"@type":"SearchAction","target":{"@type":"EntryPoint","urlTemplate":"https:\/\/antersystem.com\/pl\/?s={search_term_string}"},"query-input":{"@type":"PropertyValueSpecification","valueRequired":true,"valueName":"search_term_string"}}],"inLanguage":"pl-PL"}]}},"_links":{"self":[{"href":"https:\/\/antersystem.com\/pl\/wp-json\/wp\/v2\/pages\/39044","targetHints":{"allow":["GET"]}}],"collection":[{"href":"https:\/\/antersystem.com\/pl\/wp-json\/wp\/v2\/pages"}],"about":[{"href":"https:\/\/antersystem.com\/pl\/wp-json\/wp\/v2\/types\/page"}],"author":[{"embeddable":true,"href":"https:\/\/antersystem.com\/pl\/wp-json\/wp\/v2\/users\/1"}],"replies":[{"embeddable":true,"href":"https:\/\/antersystem.com\/pl\/wp-json\/wp\/v2\/comments?post=39044"}],"version-history":[{"count":1,"href":"https:\/\/antersystem.com\/pl\/wp-json\/wp\/v2\/pages\/39044\/revisions"}],"predecessor-version":[{"id":39045,"href":"https:\/\/antersystem.com\/pl\/wp-json\/wp\/v2\/pages\/39044\/revisions\/39045"}],"up":[{"embeddable":true,"href":"https:\/\/antersystem.com\/pl\/wp-json\/wp\/v2\/pages\/12824"}],"wp:attachment":[{"href":"https:\/\/antersystem.com\/pl\/wp-json\/wp\/v2\/media?parent=39044"}],"curies":[{"name":"wp","href":"https:\/\/api.w.org\/{rel}","templated":true}]}}