{"id":39339,"date":"2023-10-10T10:31:28","date_gmt":"2023-10-10T08:31:28","guid":{"rendered":"https:\/\/antersystem.com\/wiedza-i-nowosci\/magazyn-mid-zdarzenia-niebezpieczne\/"},"modified":"2026-02-04T11:37:42","modified_gmt":"2026-02-04T10:37:42","slug":"magazyn-mid-zdarzenia-niebezpieczne","status":"publish","type":"page","link":"https:\/\/antersystem.com\/pl\/wiedza-i-nowosci\/magazyn-mid-zdarzenia-niebezpieczne\/","title":{"rendered":"Magazyn MID &#8222;Zdarzenia niebezpieczne&#8221;"},"content":{"rendered":"\n<div class=\"wp-block-columns is-layout-flex wp-container-core-columns-is-layout-9d6595d7 wp-block-columns-is-layout-flex\">\n<div class=\"wp-block-column is-layout-flow wp-block-column-is-layout-flow\" style=\"flex-basis:10%\"><\/div>\n\n\n\n<div class=\"wp-block-column is-layout-flow wp-block-column-is-layout-flow\">\n<h3 class=\"wp-block-heading\">Magazyn MID 1\/2023 &#8211; artyku\u0142 &#8222;Zdarzenia niebezpieczne&#8221;<\/h3>\n\n\n\n<p style=\"text-align: left;\">Zapraszamy do lektury artyku\u0142u S\u0142awomira Erkierta pt. &#8222;Niebezpieczne zdarzenia&#8221;, kt\u00f3ry opatrzony jest komentarzem naszej Project Manager, Natalii Margatis. W tek\u015bcie Pani Natalia dzieli si\u0119 swoimi spostrze\u017ceniami na temat zmian w bran\u017cy wp\u0142ywaj\u0105cych na bezpiecze\u0144stwo pracy. <\/p>\n<p>&nbsp;<\/p>\n<\/div>\n\n\n\n<div class=\"wp-block-column is-layout-flow wp-block-column-is-layout-flow\" style=\"flex-basis:10%\"><\/div>\n<\/div>\n\n<div data-wp-interactive=\"core\/file\" class=\"wp-block-file\"><object data-wp-bind--hidden=\"!state.hasPdfPreview\" hidden class=\"wp-block-file__embed\" data=\"https:\/\/antersystem.com\/wp-content\/uploads\/MID_91_1_2023-net.pdf\" type=\"application\/pdf\" style=\"width:100%;height:600px\" aria-label=\"Osadzone z MID_91_1_2023-net.\"><\/object><a id=\"wp-block-file--media-c4a79965-4313-4b68-8827-3aa81c41db0a\" href=\"https:\/\/antersystem.com\/wp-content\/uploads\/MID_91_1_2023-net.pdf\">MID_91_1_2023-net<\/a><a href=\"https:\/\/antersystem.com\/wp-content\/uploads\/MID_91_1_2023-net.pdf\" class=\"wp-block-file__button wp-element-button\" download=\"\" aria-describedby=\"wp-block-file--media-c4a79965-4313-4b68-8827-3aa81c41db0a\">Pobierz<\/a><\/div>\n","protected":false},"excerpt":{"rendered":"<p>Magazyn MID 1\/2023 &#8211; artyku\u0142 &#8222;Zdarzenia niebezpieczne&#8221; Zapraszamy do lektury artyku\u0142u S\u0142awomira Erkierta pt. &#8222;Niebezpieczne zdarzenia&#8221;, kt\u00f3ry opatrzony jest komentarzem naszej Project Manager, Natalii Margatis. W tek\u015bcie Pani Natalia dzieli si\u0119 swoimi spostrze\u017ceniami na temat zmian w bran\u017cy wp\u0142ywaj\u0105cych na bezpiecze\u0144stwo pracy. &nbsp;<\/p>\n","protected":false},"author":1,"featured_media":0,"parent":12824,"menu_order":0,"comment_status":"closed","ping_status":"closed","template":"","meta":{"inline_featured_image":false,"ngg_post_thumbnail":0,"footnotes":""},"class_list":["post-39339","page","type-page","status-publish","hentry"],"acf":[],"yoast_head":"<!-- This site is optimized with the Yoast SEO plugin v27.0 - https:\/\/yoast.com\/product\/yoast-seo-wordpress\/ -->\n<title>Magazyn MID &quot;Zdarzenia niebezpieczne&quot; - Anter System<\/title>\n<meta name=\"description\" content=\"Magazyn MID 1\/2023 - artyku\u0142 &quot;Zdarzenia niebezpieczne&quot; Zapraszamy do lektury artyku\u0142u S\u0142awomira Erkierta pt. &quot;Niebezpieczne zdarzenia&quot;, kt\u00f3ry opatrzony\" \/>\n<meta name=\"robots\" content=\"index, follow, max-snippet:-1, max-image-preview:large, max-video-preview:-1\" \/>\n<link rel=\"canonical\" href=\"https:\/\/antersystem.com\/pl\/wiedza-i-nowosci\/magazyn-mid-zdarzenia-niebezpieczne\/\" \/>\n<meta property=\"og:locale\" content=\"pl_PL\" \/>\n<meta property=\"og:type\" content=\"article\" \/>\n<meta property=\"og:title\" content=\"Magazyn MID &quot;Zdarzenia niebezpieczne&quot; - Anter System\" \/>\n<meta property=\"og:description\" content=\"Magazyn MID 1\/2023 - artyku\u0142 &quot;Zdarzenia niebezpieczne&quot; Zapraszamy do lektury artyku\u0142u S\u0142awomira Erkierta pt. &quot;Niebezpieczne zdarzenia&quot;, kt\u00f3ry opatrzony\" \/>\n<meta property=\"og:url\" content=\"https:\/\/antersystem.com\/pl\/wiedza-i-nowosci\/magazyn-mid-zdarzenia-niebezpieczne\/\" \/>\n<meta property=\"og:site_name\" content=\"Anter System\" \/>\n<meta property=\"article:modified_time\" content=\"2026-02-04T10:37:42+00:00\" \/>\n<meta name=\"twitter:card\" content=\"summary_large_image\" \/>\n<script type=\"application\/ld+json\" class=\"yoast-schema-graph\">{\"@context\":\"https:\/\/schema.org\",\"@graph\":[{\"@type\":\"WebPage\",\"@id\":\"https:\/\/antersystem.com\/pl\/wiedza-i-nowosci\/magazyn-mid-zdarzenia-niebezpieczne\/\",\"url\":\"https:\/\/antersystem.com\/pl\/wiedza-i-nowosci\/magazyn-mid-zdarzenia-niebezpieczne\/\",\"name\":\"Magazyn MID \\\"Zdarzenia niebezpieczne\\\" - Anter System\",\"isPartOf\":{\"@id\":\"https:\/\/antersystem.com\/pl\/#website\"},\"datePublished\":\"2023-10-10T08:31:28+00:00\",\"dateModified\":\"2026-02-04T10:37:42+00:00\",\"description\":\"Magazyn MID 1\/2023 - artyku\u0142 \\\"Zdarzenia niebezpieczne\\\" Zapraszamy do lektury artyku\u0142u S\u0142awomira Erkierta pt. \\\"Niebezpieczne zdarzenia\\\", kt\u00f3ry opatrzony\",\"breadcrumb\":{\"@id\":\"https:\/\/antersystem.com\/pl\/wiedza-i-nowosci\/magazyn-mid-zdarzenia-niebezpieczne\/#breadcrumb\"},\"inLanguage\":\"pl-PL\",\"potentialAction\":[{\"@type\":\"ReadAction\",\"target\":[\"https:\/\/antersystem.com\/pl\/wiedza-i-nowosci\/magazyn-mid-zdarzenia-niebezpieczne\/\"]}]},{\"@type\":\"BreadcrumbList\",\"@id\":\"https:\/\/antersystem.com\/pl\/wiedza-i-nowosci\/magazyn-mid-zdarzenia-niebezpieczne\/#breadcrumb\",\"itemListElement\":[{\"@type\":\"ListItem\",\"position\":1,\"name\":\"AnterSystem\",\"item\":\"https:\/\/antersystem.com\/pl\/\"},{\"@type\":\"ListItem\",\"position\":2,\"name\":\"Wiedza i nowo\u015bci\",\"item\":\"https:\/\/antersystem.com\/pl\/wiedza-i-nowosci\/\"},{\"@type\":\"ListItem\",\"position\":3,\"name\":\"Magazyn MID &#8220;Zdarzenia niebezpieczne&#8221;\"}]},{\"@type\":\"WebSite\",\"@id\":\"https:\/\/antersystem.com\/pl\/#website\",\"url\":\"https:\/\/antersystem.com\/pl\/\",\"name\":\"Anter System\",\"description\":\"Jeste\u015bmy polskim producentem elastycznych barier ochronnych wykonywanych z polimerowych tworzyw sztucznych. Na rynku krajowym i zagranicznym dzia\u0142amy od ponad 15 lat dbaj\u0105c o zapewnienie bezpiecze\u0144stwa w zak\u0142adach produkcyjnych, magazynach oraz centrach logistycznych.\",\"potentialAction\":[{\"@type\":\"SearchAction\",\"target\":{\"@type\":\"EntryPoint\",\"urlTemplate\":\"https:\/\/antersystem.com\/pl\/?s={search_term_string}\"},\"query-input\":{\"@type\":\"PropertyValueSpecification\",\"valueRequired\":true,\"valueName\":\"search_term_string\"}}],\"inLanguage\":\"pl-PL\"}]}<\/script>\n<!-- \/ Yoast SEO plugin. -->","yoast_head_json":{"title":"Magazyn MID \"Zdarzenia niebezpieczne\" - Anter System","description":"Magazyn MID 1\/2023 - artyku\u0142 \"Zdarzenia niebezpieczne\" Zapraszamy do lektury artyku\u0142u S\u0142awomira Erkierta pt. \"Niebezpieczne zdarzenia\", kt\u00f3ry opatrzony","robots":{"index":"index","follow":"follow","max-snippet":"max-snippet:-1","max-image-preview":"max-image-preview:large","max-video-preview":"max-video-preview:-1"},"canonical":"https:\/\/antersystem.com\/pl\/wiedza-i-nowosci\/magazyn-mid-zdarzenia-niebezpieczne\/","og_locale":"pl_PL","og_type":"article","og_title":"Magazyn MID \"Zdarzenia niebezpieczne\" - Anter System","og_description":"Magazyn MID 1\/2023 - artyku\u0142 \"Zdarzenia niebezpieczne\" Zapraszamy do lektury artyku\u0142u S\u0142awomira Erkierta pt. \"Niebezpieczne zdarzenia\", kt\u00f3ry opatrzony","og_url":"https:\/\/antersystem.com\/pl\/wiedza-i-nowosci\/magazyn-mid-zdarzenia-niebezpieczne\/","og_site_name":"Anter System","article_modified_time":"2026-02-04T10:37:42+00:00","twitter_card":"summary_large_image","schema":{"@context":"https:\/\/schema.org","@graph":[{"@type":"WebPage","@id":"https:\/\/antersystem.com\/pl\/wiedza-i-nowosci\/magazyn-mid-zdarzenia-niebezpieczne\/","url":"https:\/\/antersystem.com\/pl\/wiedza-i-nowosci\/magazyn-mid-zdarzenia-niebezpieczne\/","name":"Magazyn MID \"Zdarzenia niebezpieczne\" - Anter System","isPartOf":{"@id":"https:\/\/antersystem.com\/pl\/#website"},"datePublished":"2023-10-10T08:31:28+00:00","dateModified":"2026-02-04T10:37:42+00:00","description":"Magazyn MID 1\/2023 - artyku\u0142 \"Zdarzenia niebezpieczne\" Zapraszamy do lektury artyku\u0142u S\u0142awomira Erkierta pt. \"Niebezpieczne zdarzenia\", kt\u00f3ry opatrzony","breadcrumb":{"@id":"https:\/\/antersystem.com\/pl\/wiedza-i-nowosci\/magazyn-mid-zdarzenia-niebezpieczne\/#breadcrumb"},"inLanguage":"pl-PL","potentialAction":[{"@type":"ReadAction","target":["https:\/\/antersystem.com\/pl\/wiedza-i-nowosci\/magazyn-mid-zdarzenia-niebezpieczne\/"]}]},{"@type":"BreadcrumbList","@id":"https:\/\/antersystem.com\/pl\/wiedza-i-nowosci\/magazyn-mid-zdarzenia-niebezpieczne\/#breadcrumb","itemListElement":[{"@type":"ListItem","position":1,"name":"AnterSystem","item":"https:\/\/antersystem.com\/pl\/"},{"@type":"ListItem","position":2,"name":"Wiedza i nowo\u015bci","item":"https:\/\/antersystem.com\/pl\/wiedza-i-nowosci\/"},{"@type":"ListItem","position":3,"name":"Magazyn MID &#8220;Zdarzenia niebezpieczne&#8221;"}]},{"@type":"WebSite","@id":"https:\/\/antersystem.com\/pl\/#website","url":"https:\/\/antersystem.com\/pl\/","name":"Anter System","description":"Jeste\u015bmy polskim producentem elastycznych barier ochronnych wykonywanych z polimerowych tworzyw sztucznych. Na rynku krajowym i zagranicznym dzia\u0142amy od ponad 15 lat dbaj\u0105c o zapewnienie bezpiecze\u0144stwa w zak\u0142adach produkcyjnych, magazynach oraz centrach logistycznych.","potentialAction":[{"@type":"SearchAction","target":{"@type":"EntryPoint","urlTemplate":"https:\/\/antersystem.com\/pl\/?s={search_term_string}"},"query-input":{"@type":"PropertyValueSpecification","valueRequired":true,"valueName":"search_term_string"}}],"inLanguage":"pl-PL"}]}},"_links":{"self":[{"href":"https:\/\/antersystem.com\/pl\/wp-json\/wp\/v2\/pages\/39339","targetHints":{"allow":["GET"]}}],"collection":[{"href":"https:\/\/antersystem.com\/pl\/wp-json\/wp\/v2\/pages"}],"about":[{"href":"https:\/\/antersystem.com\/pl\/wp-json\/wp\/v2\/types\/page"}],"author":[{"embeddable":true,"href":"https:\/\/antersystem.com\/pl\/wp-json\/wp\/v2\/users\/1"}],"replies":[{"embeddable":true,"href":"https:\/\/antersystem.com\/pl\/wp-json\/wp\/v2\/comments?post=39339"}],"version-history":[{"count":1,"href":"https:\/\/antersystem.com\/pl\/wp-json\/wp\/v2\/pages\/39339\/revisions"}],"predecessor-version":[{"id":39340,"href":"https:\/\/antersystem.com\/pl\/wp-json\/wp\/v2\/pages\/39339\/revisions\/39340"}],"up":[{"embeddable":true,"href":"https:\/\/antersystem.com\/pl\/wp-json\/wp\/v2\/pages\/12824"}],"wp:attachment":[{"href":"https:\/\/antersystem.com\/pl\/wp-json\/wp\/v2\/media?parent=39339"}],"curies":[{"name":"wp","href":"https:\/\/api.w.org\/{rel}","templated":true}]}}