{"id":39342,"date":"2023-10-12T09:31:59","date_gmt":"2023-10-12T07:31:59","guid":{"rendered":"https:\/\/antersystem.com\/wiedza-i-nowosci\/bariery-ochronne-z-polimerowych-tworzyw\/"},"modified":"2026-02-04T11:41:20","modified_gmt":"2026-02-04T10:41:20","slug":"bariery-ochronne-z-polimerowych-tworzyw","status":"publish","type":"page","link":"https:\/\/antersystem.com\/pl\/wiedza-i-nowosci\/bariery-ochronne-z-polimerowych-tworzyw\/","title":{"rendered":"Bariery ochronne z polimerowych tworzyw"},"content":{"rendered":"\n<div class=\"wp-block-columns is-layout-flex wp-container-core-columns-is-layout-9d6595d7 wp-block-columns-is-layout-flex\">\n<div class=\"wp-block-column is-layout-flow wp-block-column-is-layout-flow\" style=\"flex-basis:10%\"><\/div>\n\n<div class=\"wp-block-columns is-layout-flex wp-container-core-columns-is-layout-9d6595d7 wp-block-columns-is-layout-flex\">\n<div class=\"wp-block-column is-layout-flow wp-block-column-is-layout-flow\" style=\"flex-basis:10%\"><\/div>\n\n\n\n<div class=\"wp-block-column is-layout-flow wp-block-column-is-layout-flow\">\n<h2 class=\"wp-block-heading\">Polimerowe czy stalowe barierki ochronne &#8211; kt\u00f3re wybra\u0107?<\/h2>\n\n\n\n<p>Zapewnienie bezpiecze\u0144stwa pracownikom oraz ochrona sprz\u0119tu i maszyn to najwa\u017cniejsze priorytety dla os\u00f3b zarz\u0105dzaj\u0105cych <a href=\"https:\/\/antersystem.com\/co-zabezpieczamy\/hale-magazynowe\/\">magazynami<\/a> lub <a href=\"https:\/\/antersystem.com\/co-zabezpieczamy\/hale-produkcyjne\/\">zak\u0142adami produkcyjnymi<\/a>. Ludzkie zdrowie i \u017cycie s\u0105 bezcenne, dlatego przy wyborze rozwi\u0105za\u0144 bezpiecze\u0144stwa nie ma miejsca na p\u00f3\u0142\u015brodki czy kompromisy. Jednym z najcz\u0119\u015bciej stosowanych i wszechstronnych element\u00f3w ochronnych, zar\u00f3wno do zastosowa\u0144 wewn\u0119trznych, jak i zewn\u0119trznych, s\u0105 barierki ochronne. Oto jak wybra\u0107 odpowiednie dla swojego zak\u0142adu.   <\/p>\n\n\n\n<h3 class=\"wp-block-heading\">Czym s\u0105 przemys\u0142owe bariery ochronne (znane r\u00f3wnie\u017c jako os\u0142ony lub zderzaki)?<\/h3>\n\n\n\n<p>Bariery bezpiecze\u0144stwa, powszechnie nazywane odbojnicami lub os\u0142onami, s\u0105 przeznaczone do ochrony ci\u0105g\u00f3w pieszych, rega\u0142\u00f3w magazynowych, robot\u00f3w, stanowisk pracy i innych krytycznych obszar\u00f3w. Stosowane s\u0105 wsz\u0119dzie tam, gdzie maszyny, ludzie i pojazdy poruszaj\u0105 si\u0119 w bliskiej odleg\u0142o\u015bci. Na rynku dost\u0119pne s\u0105 warianty stalowe, plastikowe, gumowe i drewniane &#8211; ka\u017cdy z nich ma swoje zalety. Jednak ze wzgl\u0119du na ich trwa\u0142o\u015b\u0107 i szeroki zakres zastosowa\u0144, najpopularniejszymi opcjami s\u0105 bariery stalowe i polimerowe.   <\/p>\n\n\n\n<h3 class=\"wp-block-heading\">Zalety i zastosowania polimerowych barier ochronnych<\/h3>\n\n\n\n<p>W produkcji <a href=\"https:\/\/antersystem.pl\/pl\/bariery\/178-bariera-podlogowa-de.html\">polimerowych barier ochronnych<\/a> wykorzystywane s\u0105 najtrwalsze polimery o wysokiej wydajno\u015bci, aby zapewni\u0107 skuteczn\u0105 absorpcj\u0119 uderze\u0144. Jednocze\u015bnie bariery te s\u0105 znacznie l\u017cejsze ni\u017c tradycyjne bariery stalowe. Dzi\u0119ki swojej elastyczno\u015bci mog\u0105 wytrzyma\u0107 wiele silnych uderze\u0144 bez deformacji. Zachowuj\u0105 sw\u00f3j kolor &#8211; w przeciwie\u0144stwie do stali &#8211; i nie wymagaj\u0105 ponownego malowania ani konserwacji. S\u0105 r\u00f3wnie\u017c odporne na korozj\u0119 i zmniejszaj\u0105 ryzyko uszkodzenia pod\u0142ogi w punktach monta\u017cowych.    <\/p>\n\n\n\n<p>Bariery polimerowe s\u0105 odporne na warunki atmosferyczne, w tym promieniowanie UV i mr\u00f3z, dzi\u0119ki czemu nadaj\u0105 si\u0119 zar\u00f3wno do monta\u017cu wewn\u0105trz, jak i na zewn\u0105trz budynk\u00f3w. Doskonale sprawdzaj\u0105 si\u0119 w miejscach takich jak parkingi, place, rampy za\u0142adunkowe i wszelkie inne strefy wymagaj\u0105ce ochrony ruchu lub sprz\u0119tu. Idealnie nadaj\u0105 si\u0119 r\u00f3wnie\u017c do magazyn\u00f3w &#8211; na przyk\u0142ad do ochrony rega\u0142\u00f3w magazynowych lub obszar\u00f3w wysokiego sk\u0142adowania &#8211; a tak\u017ce w zak\u0142adach produkcyjnych do zabezpieczania maszyn i stanowisk pracy.  <\/p>\n\n\n\n<p>Dzi\u0119ki modu\u0142owej konstrukcji, bariery polimerowe mog\u0105 by\u0107 \u0142atwo rozbudowywane, przestawiane lub przenoszone w miar\u0119 zmieniaj\u0105cych si\u0119 potrzeb operacyjnych.<\/p>\n\n\n\n<h3 class=\"wp-block-heading\">Polski producent przemys\u0142owych system\u00f3w zabezpiecze\u0144<\/h3>\n\n\n\n<p>Niezale\u017cnie od wybranego rozwi\u0105zania, warto polega\u0107 na sprawdzonych, renomowanych producentach. Anter System oferuje jeden z najszerszych wybor\u00f3w certyfikowanych, wysokiej jako\u015bci i nowoczesnych barier ochronnych. W asortymencie firmy znajduj\u0105 si\u0119 r\u00f3wnie\u017c podpory do naczep &#8211; doceniane w konkursach za innowacyjno\u015b\u0107, korzy\u015bci ekonomiczne i ekologiczne. Bogaty katalog pozwala na precyzyjne dopasowanie system\u00f3w zabezpiecze\u0144 do specyficznych potrzeb ka\u017cdego magazynu, hali produkcyjnej czy parkingu.   <\/p>\n\n\n\n<p>Jako producent z wieloletnim do\u015bwiadczeniem i dog\u0142\u0119bnym zrozumieniem wyzwa\u0144 zwi\u0105zanych z bezpiecze\u0144stwem w miejscu pracy, Anter System zapewnia fachowe doradztwo w zakresie doboru rozwi\u0105za\u0144 idealnie dopasowanych do indywidualnych wymaga\u0144.<\/p>\n\n\n\n<p>&nbsp;<\/p>\n<p>&nbsp;<\/p>\n<\/div>\n\n\n\n<div class=\"wp-block-column is-layout-flow wp-block-column-is-layout-flow\" style=\"flex-basis:10%\"><\/div>\n<\/div>\n","protected":false},"excerpt":{"rendered":"<p>Polimerowe czy stalowe barierki ochronne &#8211; kt\u00f3re wybra\u0107? Zapewnienie bezpiecze\u0144stwa pracownikom oraz ochrona sprz\u0119tu i maszyn to najwa\u017cniejsze priorytety dla os\u00f3b zarz\u0105dzaj\u0105cych magazynami lub zak\u0142adami produkcyjnymi. Ludzkie zdrowie i \u017cycie s\u0105 bezcenne, dlatego przy wyborze rozwi\u0105za\u0144 bezpiecze\u0144stwa nie ma miejsca na p\u00f3\u0142\u015brodki czy kompromisy. Jednym z najcz\u0119\u015bciej stosowanych i wszechstronnych element\u00f3w ochronnych, zar\u00f3wno do zastosowa\u0144 [&hellip;]<\/p>\n","protected":false},"author":1,"featured_media":0,"parent":12824,"menu_order":0,"comment_status":"closed","ping_status":"closed","template":"","meta":{"inline_featured_image":false,"ngg_post_thumbnail":0,"footnotes":""},"class_list":["post-39342","page","type-page","status-publish","hentry"],"acf":[],"yoast_head":"<!-- This site is optimized with the Yoast SEO plugin v27.0 - https:\/\/yoast.com\/product\/yoast-seo-wordpress\/ -->\n<title>Bariery ochronne z polimerowych tworzyw - Anter System<\/title>\n<meta name=\"description\" content=\"Bez wzgl\u0119du na typ wybranego zabezpieczenia, warto polega\u0107 na asortymencie od czo\u0142owych producent\u00f3w. Anter System oferuje najwi\u0119kszy wyb\u00f3r certyfikowanych, solidnie wykonanych, nowoczesnych barier ochronnych.\" \/>\n<meta name=\"robots\" content=\"index, follow, max-snippet:-1, max-image-preview:large, max-video-preview:-1\" \/>\n<link rel=\"canonical\" href=\"https:\/\/antersystem.com\/pl\/wiedza-i-nowosci\/bariery-ochronne-z-polimerowych-tworzyw\/\" \/>\n<meta property=\"og:locale\" content=\"pl_PL\" \/>\n<meta property=\"og:type\" content=\"article\" \/>\n<meta property=\"og:title\" content=\"Bariery ochronne z polimerowych tworzyw - Anter System\" \/>\n<meta property=\"og:description\" content=\"Bez wzgl\u0119du na typ wybranego zabezpieczenia, warto polega\u0107 na asortymencie od czo\u0142owych producent\u00f3w. Anter System oferuje najwi\u0119kszy wyb\u00f3r certyfikowanych, solidnie wykonanych, nowoczesnych barier ochronnych.\" \/>\n<meta property=\"og:url\" content=\"https:\/\/antersystem.com\/pl\/wiedza-i-nowosci\/bariery-ochronne-z-polimerowych-tworzyw\/\" \/>\n<meta property=\"og:site_name\" content=\"Anter System\" \/>\n<meta property=\"article:modified_time\" content=\"2026-02-04T10:41:20+00:00\" \/>\n<meta name=\"twitter:card\" content=\"summary_large_image\" \/>\n<meta name=\"twitter:label1\" content=\"Szacowany czas czytania\" \/>\n\t<meta name=\"twitter:data1\" content=\"2 minuty\" \/>\n<script type=\"application\/ld+json\" class=\"yoast-schema-graph\">{\"@context\":\"https:\/\/schema.org\",\"@graph\":[{\"@type\":\"WebPage\",\"@id\":\"https:\/\/antersystem.com\/pl\/wiedza-i-nowosci\/bariery-ochronne-z-polimerowych-tworzyw\/\",\"url\":\"https:\/\/antersystem.com\/pl\/wiedza-i-nowosci\/bariery-ochronne-z-polimerowych-tworzyw\/\",\"name\":\"Bariery ochronne z polimerowych tworzyw - Anter System\",\"isPartOf\":{\"@id\":\"https:\/\/antersystem.com\/pl\/#website\"},\"datePublished\":\"2023-10-12T07:31:59+00:00\",\"dateModified\":\"2026-02-04T10:41:20+00:00\",\"description\":\"Bez wzgl\u0119du na typ wybranego zabezpieczenia, warto polega\u0107 na asortymencie od czo\u0142owych producent\u00f3w. Anter System oferuje najwi\u0119kszy wyb\u00f3r certyfikowanych, solidnie wykonanych, nowoczesnych barier ochronnych.\",\"breadcrumb\":{\"@id\":\"https:\/\/antersystem.com\/pl\/wiedza-i-nowosci\/bariery-ochronne-z-polimerowych-tworzyw\/#breadcrumb\"},\"inLanguage\":\"pl-PL\",\"potentialAction\":[{\"@type\":\"ReadAction\",\"target\":[\"https:\/\/antersystem.com\/pl\/wiedza-i-nowosci\/bariery-ochronne-z-polimerowych-tworzyw\/\"]}]},{\"@type\":\"BreadcrumbList\",\"@id\":\"https:\/\/antersystem.com\/pl\/wiedza-i-nowosci\/bariery-ochronne-z-polimerowych-tworzyw\/#breadcrumb\",\"itemListElement\":[{\"@type\":\"ListItem\",\"position\":1,\"name\":\"AnterSystem\",\"item\":\"https:\/\/antersystem.com\/pl\/\"},{\"@type\":\"ListItem\",\"position\":2,\"name\":\"Wiedza i nowo\u015bci\",\"item\":\"https:\/\/antersystem.com\/pl\/wiedza-i-nowosci\/\"},{\"@type\":\"ListItem\",\"position\":3,\"name\":\"Bariery ochronne z polimerowych tworzyw\"}]},{\"@type\":\"WebSite\",\"@id\":\"https:\/\/antersystem.com\/pl\/#website\",\"url\":\"https:\/\/antersystem.com\/pl\/\",\"name\":\"Anter System\",\"description\":\"Jeste\u015bmy polskim producentem elastycznych barier ochronnych wykonywanych z polimerowych tworzyw sztucznych. Na rynku krajowym i zagranicznym dzia\u0142amy od ponad 15 lat dbaj\u0105c o zapewnienie bezpiecze\u0144stwa w zak\u0142adach produkcyjnych, magazynach oraz centrach logistycznych.\",\"potentialAction\":[{\"@type\":\"SearchAction\",\"target\":{\"@type\":\"EntryPoint\",\"urlTemplate\":\"https:\/\/antersystem.com\/pl\/?s={search_term_string}\"},\"query-input\":{\"@type\":\"PropertyValueSpecification\",\"valueRequired\":true,\"valueName\":\"search_term_string\"}}],\"inLanguage\":\"pl-PL\"}]}<\/script>\n<!-- \/ Yoast SEO plugin. -->","yoast_head_json":{"title":"Bariery ochronne z polimerowych tworzyw - Anter System","description":"Bez wzgl\u0119du na typ wybranego zabezpieczenia, warto polega\u0107 na asortymencie od czo\u0142owych producent\u00f3w. Anter System oferuje najwi\u0119kszy wyb\u00f3r certyfikowanych, solidnie wykonanych, nowoczesnych barier ochronnych.","robots":{"index":"index","follow":"follow","max-snippet":"max-snippet:-1","max-image-preview":"max-image-preview:large","max-video-preview":"max-video-preview:-1"},"canonical":"https:\/\/antersystem.com\/pl\/wiedza-i-nowosci\/bariery-ochronne-z-polimerowych-tworzyw\/","og_locale":"pl_PL","og_type":"article","og_title":"Bariery ochronne z polimerowych tworzyw - Anter System","og_description":"Bez wzgl\u0119du na typ wybranego zabezpieczenia, warto polega\u0107 na asortymencie od czo\u0142owych producent\u00f3w. Anter System oferuje najwi\u0119kszy wyb\u00f3r certyfikowanych, solidnie wykonanych, nowoczesnych barier ochronnych.","og_url":"https:\/\/antersystem.com\/pl\/wiedza-i-nowosci\/bariery-ochronne-z-polimerowych-tworzyw\/","og_site_name":"Anter System","article_modified_time":"2026-02-04T10:41:20+00:00","twitter_card":"summary_large_image","twitter_misc":{"Szacowany czas czytania":"2 minuty"},"schema":{"@context":"https:\/\/schema.org","@graph":[{"@type":"WebPage","@id":"https:\/\/antersystem.com\/pl\/wiedza-i-nowosci\/bariery-ochronne-z-polimerowych-tworzyw\/","url":"https:\/\/antersystem.com\/pl\/wiedza-i-nowosci\/bariery-ochronne-z-polimerowych-tworzyw\/","name":"Bariery ochronne z polimerowych tworzyw - Anter System","isPartOf":{"@id":"https:\/\/antersystem.com\/pl\/#website"},"datePublished":"2023-10-12T07:31:59+00:00","dateModified":"2026-02-04T10:41:20+00:00","description":"Bez wzgl\u0119du na typ wybranego zabezpieczenia, warto polega\u0107 na asortymencie od czo\u0142owych producent\u00f3w. Anter System oferuje najwi\u0119kszy wyb\u00f3r certyfikowanych, solidnie wykonanych, nowoczesnych barier ochronnych.","breadcrumb":{"@id":"https:\/\/antersystem.com\/pl\/wiedza-i-nowosci\/bariery-ochronne-z-polimerowych-tworzyw\/#breadcrumb"},"inLanguage":"pl-PL","potentialAction":[{"@type":"ReadAction","target":["https:\/\/antersystem.com\/pl\/wiedza-i-nowosci\/bariery-ochronne-z-polimerowych-tworzyw\/"]}]},{"@type":"BreadcrumbList","@id":"https:\/\/antersystem.com\/pl\/wiedza-i-nowosci\/bariery-ochronne-z-polimerowych-tworzyw\/#breadcrumb","itemListElement":[{"@type":"ListItem","position":1,"name":"AnterSystem","item":"https:\/\/antersystem.com\/pl\/"},{"@type":"ListItem","position":2,"name":"Wiedza i nowo\u015bci","item":"https:\/\/antersystem.com\/pl\/wiedza-i-nowosci\/"},{"@type":"ListItem","position":3,"name":"Bariery ochronne z polimerowych tworzyw"}]},{"@type":"WebSite","@id":"https:\/\/antersystem.com\/pl\/#website","url":"https:\/\/antersystem.com\/pl\/","name":"Anter System","description":"Jeste\u015bmy polskim producentem elastycznych barier ochronnych wykonywanych z polimerowych tworzyw sztucznych. Na rynku krajowym i zagranicznym dzia\u0142amy od ponad 15 lat dbaj\u0105c o zapewnienie bezpiecze\u0144stwa w zak\u0142adach produkcyjnych, magazynach oraz centrach logistycznych.","potentialAction":[{"@type":"SearchAction","target":{"@type":"EntryPoint","urlTemplate":"https:\/\/antersystem.com\/pl\/?s={search_term_string}"},"query-input":{"@type":"PropertyValueSpecification","valueRequired":true,"valueName":"search_term_string"}}],"inLanguage":"pl-PL"}]}},"_links":{"self":[{"href":"https:\/\/antersystem.com\/pl\/wp-json\/wp\/v2\/pages\/39342","targetHints":{"allow":["GET"]}}],"collection":[{"href":"https:\/\/antersystem.com\/pl\/wp-json\/wp\/v2\/pages"}],"about":[{"href":"https:\/\/antersystem.com\/pl\/wp-json\/wp\/v2\/types\/page"}],"author":[{"embeddable":true,"href":"https:\/\/antersystem.com\/pl\/wp-json\/wp\/v2\/users\/1"}],"replies":[{"embeddable":true,"href":"https:\/\/antersystem.com\/pl\/wp-json\/wp\/v2\/comments?post=39342"}],"version-history":[{"count":1,"href":"https:\/\/antersystem.com\/pl\/wp-json\/wp\/v2\/pages\/39342\/revisions"}],"predecessor-version":[{"id":39343,"href":"https:\/\/antersystem.com\/pl\/wp-json\/wp\/v2\/pages\/39342\/revisions\/39343"}],"up":[{"embeddable":true,"href":"https:\/\/antersystem.com\/pl\/wp-json\/wp\/v2\/pages\/12824"}],"wp:attachment":[{"href":"https:\/\/antersystem.com\/pl\/wp-json\/wp\/v2\/media?parent=39342"}],"curies":[{"name":"wp","href":"https:\/\/api.w.org\/{rel}","templated":true}]}}