{"id":39345,"date":"2023-10-10T12:12:18","date_gmt":"2023-10-10T10:12:18","guid":{"rendered":"https:\/\/antersystem.com\/wiedza-i-nowosci\/magazyn-mid-logistyka-4-0-zobaczyc-i-sprobowac\/"},"modified":"2026-02-04T11:45:39","modified_gmt":"2026-02-04T10:45:39","slug":"magazyn-mid-logistyka-4-0-zobaczyc-i-sprobowac","status":"publish","type":"page","link":"https:\/\/antersystem.com\/pl\/wiedza-i-nowosci\/magazyn-mid-logistyka-4-0-zobaczyc-i-sprobowac\/","title":{"rendered":"Magazine MID &#8222;Logistyka 4.0 &#8211; zobaczy\u0107 i spr\u00f3bowa\u0107&#8221;"},"content":{"rendered":"\n<div class=\"wp-block-columns is-layout-flex wp-container-core-columns-is-layout-9d6595d7 wp-block-columns-is-layout-flex\">\n<div class=\"wp-block-column is-layout-flow wp-block-column-is-layout-flow\" style=\"flex-basis:10%\"><\/div>\n\n\n\n<div class=\"wp-block-column is-layout-flow wp-block-column-is-layout-flow\">\n<h3 class=\"wp-block-heading\">MID Magazyn 3\/2023 &#8211; relacja z 11. edycji projektu In4Log na targach Modernlog w Poznaniu<\/h3>\n\n\n\n<p style=\"text-align: left;\">Nowe produkty, stare wyzwania. Pod tym has\u0142em przebiega narracja projektu In4Log zaprezentowanego na Modernlog&#8217;23. W trzecim tegorocznym numerze magazynu MID, Anter System pojawi\u0142 si\u0119 jako partner technologiczny 11. edycji projektu In4Log. Przypad\u0142a nam zaszczytna rola zaprezentowania trend\u00f3w rynkowych w kategorii najnowszych rozwi\u0105za\u0144 sprz\u0119towych podnosz\u0105cych jako\u015b\u0107 i wydajno\u015b\u0107 pracy.   <\/p>\n<p>Wraz ze zmieniaj\u0105c\u0105 si\u0119 dynamik\u0105 rynku, a co za tym idzie ewoluuj\u0105cymi potrzebami przedsi\u0119biorstw, modyfikacji ulega r\u00f3wnie\u017c sama infrastruktura magazynowa. Powierzchnie magazynowe cz\u0119sto przybieraj\u0105 form\u0119 tymczasowych hal namiotowych (niekiedy o rozpi\u0119to\u015bci do 60 m i wysoko\u015bci \u015bcian do 8 m), kt\u00f3re pod wzgl\u0119dem obci\u0105\u017cenia wiatrem i \u015bniegiem nie ust\u0119puj\u0105 tradycyjnym budynkom (wytrzymuj\u0105cym obci\u0105\u017cenie do 300 kg\/m\u00b2). W takich warunkach stosuje si\u0119 odbojnice i elastyczne bariery ochronne, kt\u00f3re mo\u017cna dostosowywa\u0107 do zmieniaj\u0105cych si\u0119 wymaga\u0144.  <\/p>\n<p>Aby uzyska\u0107 wi\u0119cej informacji, zapraszamy do lektury poni\u017cej.<\/p>\n<p>&nbsp;<\/p>\n<p>&nbsp;<\/p>\n<\/div>\n\n\n\n<div class=\"wp-block-column is-layout-flow wp-block-column-is-layout-flow\" style=\"flex-basis:10%\"><\/div>\n<\/div>\n\n<div data-wp-interactive=\"core\/file\" class=\"wp-block-file\"><object data-wp-bind--hidden=\"!state.hasPdfPreview\" hidden class=\"wp-block-file__embed\" data=\"https:\/\/antersystem.com\/wp-content\/uploads\/MID_93_3_2023.pdf\" type=\"application\/pdf\" style=\"width:100%;height:600px\" aria-label=\"Osadzone z MID_93_3_2023.\"><\/object><a id=\"wp-block-file--media-c4a79965-4313-4b68-8827-3aa81c41db0a\" href=\"https:\/\/antersystem.com\/wp-content\/uploads\/MID_93_3_2023.pdf\">MID_93_3_2023<\/a><a href=\"https:\/\/antersystem.com\/wp-content\/uploads\/MID_93_3_2023.pdf\" class=\"wp-block-file__button wp-element-button\" download=\"\" aria-describedby=\"wp-block-file--media-c4a79965-4313-4b68-8827-3aa81c41db0a\">Pobierz<\/a><\/div>\n","protected":false},"excerpt":{"rendered":"<p>MID Magazyn 3\/2023 &#8211; relacja z 11. edycji projektu In4Log na targach Modernlog w Poznaniu Nowe produkty, stare wyzwania. Pod tym has\u0142em przebiega narracja projektu In4Log zaprezentowanego na Modernlog&#8217;23. W trzecim tegorocznym numerze magazynu MID, Anter System pojawi\u0142 si\u0119 jako partner technologiczny 11. edycji projektu In4Log. Przypad\u0142a nam zaszczytna rola zaprezentowania trend\u00f3w rynkowych w kategorii [&hellip;]<\/p>\n","protected":false},"author":1,"featured_media":0,"parent":12824,"menu_order":0,"comment_status":"closed","ping_status":"closed","template":"","meta":{"inline_featured_image":false,"ngg_post_thumbnail":0,"footnotes":""},"class_list":["post-39345","page","type-page","status-publish","hentry"],"acf":[],"yoast_head":"<!-- This site is optimized with the Yoast SEO plugin v27.0 - https:\/\/yoast.com\/product\/yoast-seo-wordpress\/ -->\n<title>Magazine MID &quot;Logistyka 4.0 - zobaczy\u0107 i spr\u00f3bowa\u0107&quot; - Anter System<\/title>\n<meta name=\"description\" content=\"W trzecim numerze magazynu MID na ten rok Anter System pojawi\u0142 si\u0119 jako partner technologiczny XI edycji projektu In4Log. Przypad\u0142a nam zaszczytna rola prezentowania trend\u00f3w na rynku w kategorii: najnowszych rozwi\u0105za\u0144 sprz\u0119towych, poprawiaj\u0105cych jako\u015b\u0107 i wydajno\u015b\u0107 pracy.\" \/>\n<meta name=\"robots\" content=\"index, follow, max-snippet:-1, max-image-preview:large, max-video-preview:-1\" \/>\n<link rel=\"canonical\" href=\"https:\/\/antersystem.com\/pl\/wiedza-i-nowosci\/magazyn-mid-logistyka-4-0-zobaczyc-i-sprobowac\/\" \/>\n<meta property=\"og:locale\" content=\"pl_PL\" \/>\n<meta property=\"og:type\" content=\"article\" \/>\n<meta property=\"og:title\" content=\"Magazine MID &quot;Logistyka 4.0 - zobaczy\u0107 i spr\u00f3bowa\u0107&quot; - Anter System\" \/>\n<meta property=\"og:description\" content=\"W trzecim numerze magazynu MID na ten rok Anter System pojawi\u0142 si\u0119 jako partner technologiczny XI edycji projektu In4Log. Przypad\u0142a nam zaszczytna rola prezentowania trend\u00f3w na rynku w kategorii: najnowszych rozwi\u0105za\u0144 sprz\u0119towych, poprawiaj\u0105cych jako\u015b\u0107 i wydajno\u015b\u0107 pracy.\" \/>\n<meta property=\"og:url\" content=\"https:\/\/antersystem.com\/pl\/wiedza-i-nowosci\/magazyn-mid-logistyka-4-0-zobaczyc-i-sprobowac\/\" \/>\n<meta property=\"og:site_name\" content=\"Anter System\" \/>\n<meta property=\"article:modified_time\" content=\"2026-02-04T10:45:39+00:00\" \/>\n<meta name=\"twitter:card\" content=\"summary_large_image\" \/>\n<meta name=\"twitter:label1\" content=\"Szacowany czas czytania\" \/>\n\t<meta name=\"twitter:data1\" content=\"1 minuta\" \/>\n<script type=\"application\/ld+json\" class=\"yoast-schema-graph\">{\"@context\":\"https:\/\/schema.org\",\"@graph\":[{\"@type\":\"WebPage\",\"@id\":\"https:\/\/antersystem.com\/pl\/wiedza-i-nowosci\/magazyn-mid-logistyka-4-0-zobaczyc-i-sprobowac\/\",\"url\":\"https:\/\/antersystem.com\/pl\/wiedza-i-nowosci\/magazyn-mid-logistyka-4-0-zobaczyc-i-sprobowac\/\",\"name\":\"Magazine MID \\\"Logistyka 4.0 - zobaczy\u0107 i spr\u00f3bowa\u0107\\\" - Anter System\",\"isPartOf\":{\"@id\":\"https:\/\/antersystem.com\/pl\/#website\"},\"datePublished\":\"2023-10-10T10:12:18+00:00\",\"dateModified\":\"2026-02-04T10:45:39+00:00\",\"description\":\"W trzecim numerze magazynu MID na ten rok Anter System pojawi\u0142 si\u0119 jako partner technologiczny XI edycji projektu In4Log. Przypad\u0142a nam zaszczytna rola prezentowania trend\u00f3w na rynku w kategorii: najnowszych rozwi\u0105za\u0144 sprz\u0119towych, poprawiaj\u0105cych jako\u015b\u0107 i wydajno\u015b\u0107 pracy.\",\"breadcrumb\":{\"@id\":\"https:\/\/antersystem.com\/pl\/wiedza-i-nowosci\/magazyn-mid-logistyka-4-0-zobaczyc-i-sprobowac\/#breadcrumb\"},\"inLanguage\":\"pl-PL\",\"potentialAction\":[{\"@type\":\"ReadAction\",\"target\":[\"https:\/\/antersystem.com\/pl\/wiedza-i-nowosci\/magazyn-mid-logistyka-4-0-zobaczyc-i-sprobowac\/\"]}]},{\"@type\":\"BreadcrumbList\",\"@id\":\"https:\/\/antersystem.com\/pl\/wiedza-i-nowosci\/magazyn-mid-logistyka-4-0-zobaczyc-i-sprobowac\/#breadcrumb\",\"itemListElement\":[{\"@type\":\"ListItem\",\"position\":1,\"name\":\"AnterSystem\",\"item\":\"https:\/\/antersystem.com\/pl\/\"},{\"@type\":\"ListItem\",\"position\":2,\"name\":\"Wiedza i nowo\u015bci\",\"item\":\"https:\/\/antersystem.com\/pl\/wiedza-i-nowosci\/\"},{\"@type\":\"ListItem\",\"position\":3,\"name\":\"Magazine MID &#8220;Logistyka 4.0 &#8211; zobaczy\u0107 i spr\u00f3bowa\u0107&#8221;\"}]},{\"@type\":\"WebSite\",\"@id\":\"https:\/\/antersystem.com\/pl\/#website\",\"url\":\"https:\/\/antersystem.com\/pl\/\",\"name\":\"Anter System\",\"description\":\"Jeste\u015bmy polskim producentem elastycznych barier ochronnych wykonywanych z polimerowych tworzyw sztucznych. Na rynku krajowym i zagranicznym dzia\u0142amy od ponad 15 lat dbaj\u0105c o zapewnienie bezpiecze\u0144stwa w zak\u0142adach produkcyjnych, magazynach oraz centrach logistycznych.\",\"potentialAction\":[{\"@type\":\"SearchAction\",\"target\":{\"@type\":\"EntryPoint\",\"urlTemplate\":\"https:\/\/antersystem.com\/pl\/?s={search_term_string}\"},\"query-input\":{\"@type\":\"PropertyValueSpecification\",\"valueRequired\":true,\"valueName\":\"search_term_string\"}}],\"inLanguage\":\"pl-PL\"}]}<\/script>\n<!-- \/ Yoast SEO plugin. -->","yoast_head_json":{"title":"Magazine MID \"Logistyka 4.0 - zobaczy\u0107 i spr\u00f3bowa\u0107\" - Anter System","description":"W trzecim numerze magazynu MID na ten rok Anter System pojawi\u0142 si\u0119 jako partner technologiczny XI edycji projektu In4Log. Przypad\u0142a nam zaszczytna rola prezentowania trend\u00f3w na rynku w kategorii: najnowszych rozwi\u0105za\u0144 sprz\u0119towych, poprawiaj\u0105cych jako\u015b\u0107 i wydajno\u015b\u0107 pracy.","robots":{"index":"index","follow":"follow","max-snippet":"max-snippet:-1","max-image-preview":"max-image-preview:large","max-video-preview":"max-video-preview:-1"},"canonical":"https:\/\/antersystem.com\/pl\/wiedza-i-nowosci\/magazyn-mid-logistyka-4-0-zobaczyc-i-sprobowac\/","og_locale":"pl_PL","og_type":"article","og_title":"Magazine MID \"Logistyka 4.0 - zobaczy\u0107 i spr\u00f3bowa\u0107\" - Anter System","og_description":"W trzecim numerze magazynu MID na ten rok Anter System pojawi\u0142 si\u0119 jako partner technologiczny XI edycji projektu In4Log. Przypad\u0142a nam zaszczytna rola prezentowania trend\u00f3w na rynku w kategorii: najnowszych rozwi\u0105za\u0144 sprz\u0119towych, poprawiaj\u0105cych jako\u015b\u0107 i wydajno\u015b\u0107 pracy.","og_url":"https:\/\/antersystem.com\/pl\/wiedza-i-nowosci\/magazyn-mid-logistyka-4-0-zobaczyc-i-sprobowac\/","og_site_name":"Anter System","article_modified_time":"2026-02-04T10:45:39+00:00","twitter_card":"summary_large_image","twitter_misc":{"Szacowany czas czytania":"1 minuta"},"schema":{"@context":"https:\/\/schema.org","@graph":[{"@type":"WebPage","@id":"https:\/\/antersystem.com\/pl\/wiedza-i-nowosci\/magazyn-mid-logistyka-4-0-zobaczyc-i-sprobowac\/","url":"https:\/\/antersystem.com\/pl\/wiedza-i-nowosci\/magazyn-mid-logistyka-4-0-zobaczyc-i-sprobowac\/","name":"Magazine MID \"Logistyka 4.0 - zobaczy\u0107 i spr\u00f3bowa\u0107\" - Anter System","isPartOf":{"@id":"https:\/\/antersystem.com\/pl\/#website"},"datePublished":"2023-10-10T10:12:18+00:00","dateModified":"2026-02-04T10:45:39+00:00","description":"W trzecim numerze magazynu MID na ten rok Anter System pojawi\u0142 si\u0119 jako partner technologiczny XI edycji projektu In4Log. Przypad\u0142a nam zaszczytna rola prezentowania trend\u00f3w na rynku w kategorii: najnowszych rozwi\u0105za\u0144 sprz\u0119towych, poprawiaj\u0105cych jako\u015b\u0107 i wydajno\u015b\u0107 pracy.","breadcrumb":{"@id":"https:\/\/antersystem.com\/pl\/wiedza-i-nowosci\/magazyn-mid-logistyka-4-0-zobaczyc-i-sprobowac\/#breadcrumb"},"inLanguage":"pl-PL","potentialAction":[{"@type":"ReadAction","target":["https:\/\/antersystem.com\/pl\/wiedza-i-nowosci\/magazyn-mid-logistyka-4-0-zobaczyc-i-sprobowac\/"]}]},{"@type":"BreadcrumbList","@id":"https:\/\/antersystem.com\/pl\/wiedza-i-nowosci\/magazyn-mid-logistyka-4-0-zobaczyc-i-sprobowac\/#breadcrumb","itemListElement":[{"@type":"ListItem","position":1,"name":"AnterSystem","item":"https:\/\/antersystem.com\/pl\/"},{"@type":"ListItem","position":2,"name":"Wiedza i nowo\u015bci","item":"https:\/\/antersystem.com\/pl\/wiedza-i-nowosci\/"},{"@type":"ListItem","position":3,"name":"Magazine MID &#8220;Logistyka 4.0 &#8211; zobaczy\u0107 i spr\u00f3bowa\u0107&#8221;"}]},{"@type":"WebSite","@id":"https:\/\/antersystem.com\/pl\/#website","url":"https:\/\/antersystem.com\/pl\/","name":"Anter System","description":"Jeste\u015bmy polskim producentem elastycznych barier ochronnych wykonywanych z polimerowych tworzyw sztucznych. Na rynku krajowym i zagranicznym dzia\u0142amy od ponad 15 lat dbaj\u0105c o zapewnienie bezpiecze\u0144stwa w zak\u0142adach produkcyjnych, magazynach oraz centrach logistycznych.","potentialAction":[{"@type":"SearchAction","target":{"@type":"EntryPoint","urlTemplate":"https:\/\/antersystem.com\/pl\/?s={search_term_string}"},"query-input":{"@type":"PropertyValueSpecification","valueRequired":true,"valueName":"search_term_string"}}],"inLanguage":"pl-PL"}]}},"_links":{"self":[{"href":"https:\/\/antersystem.com\/pl\/wp-json\/wp\/v2\/pages\/39345","targetHints":{"allow":["GET"]}}],"collection":[{"href":"https:\/\/antersystem.com\/pl\/wp-json\/wp\/v2\/pages"}],"about":[{"href":"https:\/\/antersystem.com\/pl\/wp-json\/wp\/v2\/types\/page"}],"author":[{"embeddable":true,"href":"https:\/\/antersystem.com\/pl\/wp-json\/wp\/v2\/users\/1"}],"replies":[{"embeddable":true,"href":"https:\/\/antersystem.com\/pl\/wp-json\/wp\/v2\/comments?post=39345"}],"version-history":[{"count":1,"href":"https:\/\/antersystem.com\/pl\/wp-json\/wp\/v2\/pages\/39345\/revisions"}],"predecessor-version":[{"id":39346,"href":"https:\/\/antersystem.com\/pl\/wp-json\/wp\/v2\/pages\/39345\/revisions\/39346"}],"up":[{"embeddable":true,"href":"https:\/\/antersystem.com\/pl\/wp-json\/wp\/v2\/pages\/12824"}],"wp:attachment":[{"href":"https:\/\/antersystem.com\/pl\/wp-json\/wp\/v2\/media?parent=39345"}],"curies":[{"name":"wp","href":"https:\/\/api.w.org\/{rel}","templated":true}]}}