{"id":39349,"date":"2023-10-12T12:02:34","date_gmt":"2023-10-12T10:02:34","guid":{"rendered":"https:\/\/antersystem.com\/wiedza-i-nowosci\/podpora-pod-naczepe-tira\/"},"modified":"2026-02-04T11:52:39","modified_gmt":"2026-02-04T10:52:39","slug":"podpora-pod-naczepe-tira","status":"publish","type":"page","link":"https:\/\/antersystem.com\/pl\/wiedza-i-nowosci\/podpora-pod-naczepe-tira\/","title":{"rendered":"Podpora pod naczep\u0119 Tira JST"},"content":{"rendered":"\n<div class=\"wp-block-columns is-layout-flex wp-container-core-columns-is-layout-9d6595d7 wp-block-columns-is-layout-flex\">\n<div class=\"wp-block-column is-layout-flow wp-block-column-is-layout-flow\" style=\"flex-basis:10%\"><\/div>\n\n\n\n<div class=\"wp-block-column is-layout-flow wp-block-column-is-layout-flow\">\n<h2 class=\"wp-block-heading\">Podpora pod naczep\u0119 Tira JST \u2013 bezpieczny i komfortowy roz\u0142adunek bez ci\u0105gnika siod\u0142owego<\/h2>\n\n\n\n<p>Zastosowanie nowoczesnych, sprawdzonych rozwi\u0105za\u0144, takich jak <a href=\"https:\/\/antersystem.com\/kategorie_produktow\/technika-zaladunkowa\/\">podpory naczepowe<\/a>, pomaga usprawni\u0107 procesy magazynowe. Dzi\u0119ki nim operatorzy w\u00f3zk\u00f3w wid\u0142owych mog\u0105 swobodnie wykonywa\u0107 niezb\u0119dne operacje, a ca\u0142y proces za\u0142adunku i roz\u0142adunku mo\u017ce odbywa\u0107 si\u0119 bez udzia\u0142u ci\u0105gnika siod\u0142owego. <\/p>\n<h3>Podpory do naczep &#8211; zalety i zastosowania<\/h3>\n<p>Podstawowym celem stosowania profesjonalnych podp\u00f3r jest odpowiednie zabezpieczenie naczep pojazdu dostawczego podczas przyj\u0119cia towaru do magazynu. Urz\u0105dzenie doskonale sprawdza si\u0119 r\u00f3wnie\u017c podczas operacji za\u0142adunkowych, zapewniaj\u0105c bezpiecze\u0144stwo wszystkim osobom zaanga\u017cowanym w proces logistyczny, operatorom w\u00f3zk\u00f3w wid\u0142owych oraz wszystkim obecnym w pobli\u017cu. Jego zastosowanie zapobiega przechyleniu lub przewr\u00f3ceniu si\u0119 naczepy podczas operacji roz\u0142adunku lub za\u0142adunku.  <\/p>\n<p>Opr\u00f3cz zapewnienia bezpiecznej i wygodnej obs\u0142ugi magazynu, podpory naczep oferuj\u0105 wiele dodatkowych korzy\u015bci. Jedn\u0105 z najwa\u017cniejszych jest optymalizacja wykorzystania ci\u0105gnik\u00f3w siod\u0142owych, gdy\u017c mog\u0105 one wsp\u00f3\u0142pracowa\u0107 z innymi naczepami w tym samym czasie, realizuj\u0105c dodatkowe przejazdy transportowe. Na uwag\u0119 zas\u0142uguje r\u00f3wnie\u017c \u0142atwo\u015b\u0107 obs\u0142ugi podp\u00f3r wyposa\u017conych w system samopoziomowania i szerokie mo\u017cliwo\u015bci regulacji wysoko\u015bci.  <\/p>\n<h3>Podpory do naczep &#8211; polski producent<\/h3>\n<p>Czo\u0142owi producenci oferuj\u0105 swoim klientom indywidualne podej\u015bcie, dostarczaj\u0105c systemy w pe\u0142ni dostosowane do wymaga\u0144 danej bran\u017cy i organizacji pracy w magazynie. W\u015br\u00f3d wielu modeli dost\u0119pnych na rynku, na szczeg\u00f3ln\u0105 uwag\u0119 zas\u0142uguje <a href=\"https:\/\/antersystem.com\/produkty\/podpora-pod-naczepe-tira-jst1-1\/\">podpora naczepy TIR Jack Trailer Stand produkowana przez firm\u0119 Anter System<\/a>. W tym modelu kwestie stabilizacji naczepy i minimalizacji ryzyka wywrotki zosta\u0142y dopracowane na najwy\u017cszym poziomie.  <\/p>\n<p>Urz\u0105dzenie z \u0142atwo\u015bci\u0105 obs\u0142uguje \u0142adunki o masie do 45 ton, podczas gdy konkurencyjne produkty zwykle oferuj\u0105 ud\u017awig 25-40 ton &#8211; umo\u017cliwiaj\u0105c obs\u0142ug\u0119 naczep z ci\u0119\u017cszymi \u0142adunkami. Wysoko\u015b\u0107 mo\u017cna regulowa\u0107 w zakresie od 916 mm do 1366 mm, co pozwala na lepsze pozycjonowanie podpory i wygodniejsze operacje za\u0142adunku. Ponadto urz\u0105dzenie charakteryzuje si\u0119 du\u017c\u0105 powierzchni\u0105 podstawy, co zapewnia lepsz\u0105 stabilno\u015b\u0107 pod\u0142o\u017ca i wi\u0119ksz\u0105 powierzchni\u0119 styku z naczep\u0105 (lepsza stabilizacja naczepy). Sprawne pozycjonowanie podpory umo\u017cliwiaj\u0105 gumowe ko\u0142a o \u015brednicy 400 mm, wi\u0119kszej ni\u017c w wi\u0119kszo\u015bci tego typu urz\u0105dze\u0144 dost\u0119pnych na rynku. Podpora mo\u017ce by\u0107 \u0142atwo podnoszona za pomoc\u0105 intuicyjnego mechanizmu korbowego &#8211; mo\u017ce by\u0107 obs\u0142ugiwana przez ka\u017cdego bez konieczno\u015bci u\u017cycia nadmiernej si\u0142y, a szybki mechanizm blokuj\u0105cy zapobiega dost\u0119powi os\u00f3b nieupowa\u017cnionych.    <\/p>\n<p>Coraz wi\u0119cej producent\u00f3w naczep zaleca stosowanie specjalistycznych podp\u00f3r, dlatego mo\u017cna \u015bmia\u0142o stwierdzi\u0107, \u017ce w ci\u0105gu najbli\u017cszych kilku lat <a href=\"https:\/\/antersystem.com\/pl\/wiedza-i-nowosci\/produkt-roku-2019\/produkt-roku-2019-3\/\">rozwi\u0105zania takie jak to prezentowane przez Anter System stan\u0105 si\u0119 standardem w bran\u017cy logistycznej<\/a>.<\/p>\n<h3>Inwestycja w bezpiecze\u0144stwo &#8211; zaplanuj j\u0105 ju\u017c dzi\u015b<\/h3>\n<p>Rozwa\u017caj\u0105c zakup wsparcia naczepy TIR dla swojej firmy, warto my\u015ble\u0107 w skali makro, pami\u0119taj\u0105c, \u017ce jednorazowa inwestycja w bezpiecze\u0144stwo mo\u017ce okaza\u0107 si\u0119 bezcenna. Koszty zakupu profesjonalnych system\u00f3w bezpiecze\u0144stwa zazwyczaj okazuj\u0105 si\u0119 niewsp\u00f3\u0142miernie niskie w por\u00f3wnaniu do konsekwencji potencjalnego wypadku lub innego nieszcz\u0119\u015bliwego zdarzenia. <\/p>\n<p>&nbsp;<\/p>\n<\/div>\n\n\n\n<div class=\"wp-block-column is-layout-flow wp-block-column-is-layout-flow\" style=\"flex-basis:10%\"><\/div>\n<\/div>\n","protected":false},"excerpt":{"rendered":"<p>Podpora pod naczep\u0119 Tira JST \u2013 bezpieczny i komfortowy roz\u0142adunek bez ci\u0105gnika siod\u0142owego Zastosowanie nowoczesnych, sprawdzonych rozwi\u0105za\u0144, takich jak podpory naczepowe, pomaga usprawni\u0107 procesy magazynowe. Dzi\u0119ki nim operatorzy w\u00f3zk\u00f3w wid\u0142owych mog\u0105 swobodnie wykonywa\u0107 niezb\u0119dne operacje, a ca\u0142y proces za\u0142adunku i roz\u0142adunku mo\u017ce odbywa\u0107 si\u0119 bez udzia\u0142u ci\u0105gnika siod\u0142owego. Podpory do naczep &#8211; zalety i zastosowania [&hellip;]<\/p>\n","protected":false},"author":1,"featured_media":0,"parent":12824,"menu_order":0,"comment_status":"closed","ping_status":"closed","template":"","meta":{"inline_featured_image":false,"ngg_post_thumbnail":0,"footnotes":""},"class_list":["post-39349","page","type-page","status-publish","hentry"],"acf":[],"yoast_head":"<!-- This site is optimized with the Yoast SEO plugin v27.0 - https:\/\/yoast.com\/product\/yoast-seo-wordpress\/ -->\n<title>Podpora pod naczep\u0119 Tira JST - Anter System<\/title>\n<meta name=\"description\" content=\"Podpora pod naczep\u0119 Tira JST \u2013 bezpieczny i komfortowy roz\u0142adunek bez ci\u0105gnika siod\u0142owego Zastosowanie nowoczesnych, sprawdzonych rozwi\u0105za\u0144, takich jak\" \/>\n<meta name=\"robots\" content=\"index, follow, max-snippet:-1, max-image-preview:large, max-video-preview:-1\" \/>\n<link rel=\"canonical\" href=\"https:\/\/antersystem.com\/pl\/wiedza-i-nowosci\/podpora-pod-naczepe-tira\/\" \/>\n<meta property=\"og:locale\" content=\"pl_PL\" \/>\n<meta property=\"og:type\" content=\"article\" \/>\n<meta property=\"og:title\" content=\"Podpora pod naczep\u0119 Tira JST - Anter System\" \/>\n<meta property=\"og:description\" content=\"Podpora pod naczep\u0119 Tira JST \u2013 bezpieczny i komfortowy roz\u0142adunek bez ci\u0105gnika siod\u0142owego Zastosowanie nowoczesnych, sprawdzonych rozwi\u0105za\u0144, takich jak\" \/>\n<meta property=\"og:url\" content=\"https:\/\/antersystem.com\/pl\/wiedza-i-nowosci\/podpora-pod-naczepe-tira\/\" \/>\n<meta property=\"og:site_name\" content=\"Anter System\" \/>\n<meta property=\"article:modified_time\" content=\"2026-02-04T10:52:39+00:00\" \/>\n<meta name=\"twitter:card\" content=\"summary_large_image\" \/>\n<meta name=\"twitter:label1\" content=\"Szacowany czas czytania\" \/>\n\t<meta name=\"twitter:data1\" content=\"3 minuty\" \/>\n<script type=\"application\/ld+json\" class=\"yoast-schema-graph\">{\"@context\":\"https:\/\/schema.org\",\"@graph\":[{\"@type\":\"WebPage\",\"@id\":\"https:\/\/antersystem.com\/pl\/wiedza-i-nowosci\/podpora-pod-naczepe-tira\/\",\"url\":\"https:\/\/antersystem.com\/pl\/wiedza-i-nowosci\/podpora-pod-naczepe-tira\/\",\"name\":\"Podpora pod naczep\u0119 Tira JST - Anter System\",\"isPartOf\":{\"@id\":\"https:\/\/antersystem.com\/pl\/#website\"},\"datePublished\":\"2023-10-12T10:02:34+00:00\",\"dateModified\":\"2026-02-04T10:52:39+00:00\",\"description\":\"Podpora pod naczep\u0119 Tira JST \u2013 bezpieczny i komfortowy roz\u0142adunek bez ci\u0105gnika siod\u0142owego Zastosowanie nowoczesnych, sprawdzonych rozwi\u0105za\u0144, takich jak\",\"breadcrumb\":{\"@id\":\"https:\/\/antersystem.com\/pl\/wiedza-i-nowosci\/podpora-pod-naczepe-tira\/#breadcrumb\"},\"inLanguage\":\"pl-PL\",\"potentialAction\":[{\"@type\":\"ReadAction\",\"target\":[\"https:\/\/antersystem.com\/pl\/wiedza-i-nowosci\/podpora-pod-naczepe-tira\/\"]}]},{\"@type\":\"BreadcrumbList\",\"@id\":\"https:\/\/antersystem.com\/pl\/wiedza-i-nowosci\/podpora-pod-naczepe-tira\/#breadcrumb\",\"itemListElement\":[{\"@type\":\"ListItem\",\"position\":1,\"name\":\"AnterSystem\",\"item\":\"https:\/\/antersystem.com\/pl\/\"},{\"@type\":\"ListItem\",\"position\":2,\"name\":\"Wiedza i nowo\u015bci\",\"item\":\"https:\/\/antersystem.com\/pl\/wiedza-i-nowosci\/\"},{\"@type\":\"ListItem\",\"position\":3,\"name\":\"Podpora pod naczep\u0119 Tira JST\"}]},{\"@type\":\"WebSite\",\"@id\":\"https:\/\/antersystem.com\/pl\/#website\",\"url\":\"https:\/\/antersystem.com\/pl\/\",\"name\":\"Anter System\",\"description\":\"Jeste\u015bmy polskim producentem elastycznych barier ochronnych wykonywanych z polimerowych tworzyw sztucznych. Na rynku krajowym i zagranicznym dzia\u0142amy od ponad 15 lat dbaj\u0105c o zapewnienie bezpiecze\u0144stwa w zak\u0142adach produkcyjnych, magazynach oraz centrach logistycznych.\",\"potentialAction\":[{\"@type\":\"SearchAction\",\"target\":{\"@type\":\"EntryPoint\",\"urlTemplate\":\"https:\/\/antersystem.com\/pl\/?s={search_term_string}\"},\"query-input\":{\"@type\":\"PropertyValueSpecification\",\"valueRequired\":true,\"valueName\":\"search_term_string\"}}],\"inLanguage\":\"pl-PL\"}]}<\/script>\n<!-- \/ Yoast SEO plugin. -->","yoast_head_json":{"title":"Podpora pod naczep\u0119 Tira JST - Anter System","description":"Podpora pod naczep\u0119 Tira JST \u2013 bezpieczny i komfortowy roz\u0142adunek bez ci\u0105gnika siod\u0142owego Zastosowanie nowoczesnych, sprawdzonych rozwi\u0105za\u0144, takich jak","robots":{"index":"index","follow":"follow","max-snippet":"max-snippet:-1","max-image-preview":"max-image-preview:large","max-video-preview":"max-video-preview:-1"},"canonical":"https:\/\/antersystem.com\/pl\/wiedza-i-nowosci\/podpora-pod-naczepe-tira\/","og_locale":"pl_PL","og_type":"article","og_title":"Podpora pod naczep\u0119 Tira JST - Anter System","og_description":"Podpora pod naczep\u0119 Tira JST \u2013 bezpieczny i komfortowy roz\u0142adunek bez ci\u0105gnika siod\u0142owego Zastosowanie nowoczesnych, sprawdzonych rozwi\u0105za\u0144, takich jak","og_url":"https:\/\/antersystem.com\/pl\/wiedza-i-nowosci\/podpora-pod-naczepe-tira\/","og_site_name":"Anter System","article_modified_time":"2026-02-04T10:52:39+00:00","twitter_card":"summary_large_image","twitter_misc":{"Szacowany czas czytania":"3 minuty"},"schema":{"@context":"https:\/\/schema.org","@graph":[{"@type":"WebPage","@id":"https:\/\/antersystem.com\/pl\/wiedza-i-nowosci\/podpora-pod-naczepe-tira\/","url":"https:\/\/antersystem.com\/pl\/wiedza-i-nowosci\/podpora-pod-naczepe-tira\/","name":"Podpora pod naczep\u0119 Tira JST - Anter System","isPartOf":{"@id":"https:\/\/antersystem.com\/pl\/#website"},"datePublished":"2023-10-12T10:02:34+00:00","dateModified":"2026-02-04T10:52:39+00:00","description":"Podpora pod naczep\u0119 Tira JST \u2013 bezpieczny i komfortowy roz\u0142adunek bez ci\u0105gnika siod\u0142owego Zastosowanie nowoczesnych, sprawdzonych rozwi\u0105za\u0144, takich jak","breadcrumb":{"@id":"https:\/\/antersystem.com\/pl\/wiedza-i-nowosci\/podpora-pod-naczepe-tira\/#breadcrumb"},"inLanguage":"pl-PL","potentialAction":[{"@type":"ReadAction","target":["https:\/\/antersystem.com\/pl\/wiedza-i-nowosci\/podpora-pod-naczepe-tira\/"]}]},{"@type":"BreadcrumbList","@id":"https:\/\/antersystem.com\/pl\/wiedza-i-nowosci\/podpora-pod-naczepe-tira\/#breadcrumb","itemListElement":[{"@type":"ListItem","position":1,"name":"AnterSystem","item":"https:\/\/antersystem.com\/pl\/"},{"@type":"ListItem","position":2,"name":"Wiedza i nowo\u015bci","item":"https:\/\/antersystem.com\/pl\/wiedza-i-nowosci\/"},{"@type":"ListItem","position":3,"name":"Podpora pod naczep\u0119 Tira JST"}]},{"@type":"WebSite","@id":"https:\/\/antersystem.com\/pl\/#website","url":"https:\/\/antersystem.com\/pl\/","name":"Anter System","description":"Jeste\u015bmy polskim producentem elastycznych barier ochronnych wykonywanych z polimerowych tworzyw sztucznych. Na rynku krajowym i zagranicznym dzia\u0142amy od ponad 15 lat dbaj\u0105c o zapewnienie bezpiecze\u0144stwa w zak\u0142adach produkcyjnych, magazynach oraz centrach logistycznych.","potentialAction":[{"@type":"SearchAction","target":{"@type":"EntryPoint","urlTemplate":"https:\/\/antersystem.com\/pl\/?s={search_term_string}"},"query-input":{"@type":"PropertyValueSpecification","valueRequired":true,"valueName":"search_term_string"}}],"inLanguage":"pl-PL"}]}},"_links":{"self":[{"href":"https:\/\/antersystem.com\/pl\/wp-json\/wp\/v2\/pages\/39349","targetHints":{"allow":["GET"]}}],"collection":[{"href":"https:\/\/antersystem.com\/pl\/wp-json\/wp\/v2\/pages"}],"about":[{"href":"https:\/\/antersystem.com\/pl\/wp-json\/wp\/v2\/types\/page"}],"author":[{"embeddable":true,"href":"https:\/\/antersystem.com\/pl\/wp-json\/wp\/v2\/users\/1"}],"replies":[{"embeddable":true,"href":"https:\/\/antersystem.com\/pl\/wp-json\/wp\/v2\/comments?post=39349"}],"version-history":[{"count":1,"href":"https:\/\/antersystem.com\/pl\/wp-json\/wp\/v2\/pages\/39349\/revisions"}],"predecessor-version":[{"id":39350,"href":"https:\/\/antersystem.com\/pl\/wp-json\/wp\/v2\/pages\/39349\/revisions\/39350"}],"up":[{"embeddable":true,"href":"https:\/\/antersystem.com\/pl\/wp-json\/wp\/v2\/pages\/12824"}],"wp:attachment":[{"href":"https:\/\/antersystem.com\/pl\/wp-json\/wp\/v2\/media?parent=39349"}],"curies":[{"name":"wp","href":"https:\/\/api.w.org\/{rel}","templated":true}]}}