{"id":39351,"date":"2025-01-29T15:15:00","date_gmt":"2025-01-29T14:15:00","guid":{"rendered":"https:\/\/antersystem.com\/wiedza-i-nowosci\/wywiad-z-przedstawicielami-anter-system-w-monitorze-rynkowym\/"},"modified":"2026-02-04T11:55:41","modified_gmt":"2026-02-04T10:55:41","slug":"wywiad-z-przedstawicielami-anter-system-w-monitorze-rynkowym","status":"publish","type":"page","link":"https:\/\/antersystem.com\/pl\/wiedza-i-nowosci\/wywiad-z-przedstawicielami-anter-system-w-monitorze-rynkowym\/","title":{"rendered":"Wywiad z przedstawicielami Anter System w Monitorze Rynkowym"},"content":{"rendered":"\n<div class=\"wp-block-columns is-layout-flex wp-container-core-columns-is-layout-9d6595d7 wp-block-columns-is-layout-flex\">\n<div class=\"wp-block-column is-layout-flow wp-block-column-is-layout-flow\" style=\"flex-basis:10%\"><\/div>\n\n\n\n<div class=\"wp-block-column is-layout-flow wp-block-column-is-layout-flow\">\n<p>Mi\u0142o nam poinformowa\u0107, \u017ce na stronie <em>Monitora Rynkowego<\/em> ukaza\u0142 si\u0119 wywiad z przedstawicielami naszej firmy &#8211; <strong>Natali\u0105 Margatis<\/strong>, CEO Anter System oraz <strong>Tomaszem Bary\u0142\u0105<\/strong>, Product Managerem.<\/p>\n\n\n\n<p>Rozmowa koncentrowa\u0142a si\u0119 na kluczowych kwestiach zwi\u0105zanych z bezpiecze\u0144stwem w \u015brodowiskach przemys\u0142owych i magazynowych, a tak\u017ce na kluczowej roli, jak\u0105 elastyczne bariery polimerowe odgrywaj\u0105 w nowoczesnych przestrzeniach produkcyjnych. Odpowiedzieli\u015bmy na pytania takie jak: <\/p>\n\n\n\n<ul class=\"wp-block-list\">\n<li>Jakie prawdziwe wyzwania w zakresie bezpiecze\u0144stwa stoj\u0105 obecnie przed sektorem przemys\u0142owym,<\/li>\n\n\n\n<li>Jak automatyzacja i inteligentne technologie zintegrowane z naszymi produktami zwi\u0119kszaj\u0105 bezpiecze\u0144stwo w miejscu pracy,<\/li>\n\n\n\n<li>Co sprawia, \u017ce bariery elastyczne s\u0105 wyj\u0105tkowe pod wzgl\u0119dem technicznym &#8211; w tym ich w\u0142a\u015bciwo\u015bci poch\u0142aniania energii uderzenia,<\/li>\n\n\n\n<li>W jaki spos\u00f3b nasze rozwi\u0105zania przyczyniaj\u0105 si\u0119 do zr\u00f3wnowa\u017conego rozwoju \u015brodowiska i pomagaj\u0105 zmniejszy\u0107 \u015blad w\u0119glowy.<\/li>\n<\/ul>\n\n\n\n<p>Zapraszamy do lektury pe\u0142nego wywiadu, kt\u00f3ry jest ju\u017c dost\u0119pny na stronie <em>Monitora Rynkowego<\/em>: \ud83d\udc49 <a href=\"https:\/\/monitorrynkowy.pl\/polski-pomysl-na-globalne-potrzeby\/\"><strong>Przeczytaj wywiad<\/strong><\/a><\/p>\n<\/div>\n\n\n\n<div class=\"wp-block-column is-layout-flow wp-block-column-is-layout-flow\" style=\"flex-basis:10%\"><\/div>\n<\/div>\n","protected":false},"excerpt":{"rendered":"<p>Mi\u0142o nam poinformowa\u0107, \u017ce na stronie Monitora Rynkowego ukaza\u0142 si\u0119 wywiad z przedstawicielami naszej firmy &#8211; Natali\u0105 Margatis, CEO Anter System oraz Tomaszem Bary\u0142\u0105, Product Managerem. Rozmowa koncentrowa\u0142a si\u0119 na kluczowych kwestiach zwi\u0105zanych z bezpiecze\u0144stwem w \u015brodowiskach przemys\u0142owych i magazynowych, a tak\u017ce na kluczowej roli, jak\u0105 elastyczne bariery polimerowe odgrywaj\u0105 w nowoczesnych przestrzeniach produkcyjnych. Odpowiedzieli\u015bmy [&hellip;]<\/p>\n","protected":false},"author":11,"featured_media":0,"parent":12824,"menu_order":0,"comment_status":"closed","ping_status":"closed","template":"","meta":{"inline_featured_image":false,"ngg_post_thumbnail":0,"footnotes":""},"class_list":["post-39351","page","type-page","status-publish","hentry"],"acf":[],"yoast_head":"<!-- This site is optimized with the Yoast SEO plugin v27.0 - https:\/\/yoast.com\/product\/yoast-seo-wordpress\/ -->\n<title>Wywiad z przedstawicielami Anter System w Monitorze Rynkowym - Anter System<\/title>\n<meta name=\"description\" content=\"Zapraszamy do lektury najnowszego wydania magazynu KAIZEN, w kt\u00f3rym ukaza\u0142 si\u0119 komentarz ekspercki firmy Anter System\" \/>\n<meta name=\"robots\" content=\"index, follow, max-snippet:-1, max-image-preview:large, max-video-preview:-1\" \/>\n<link rel=\"canonical\" href=\"https:\/\/antersystem.com\/pl\/wiedza-i-nowosci\/wywiad-z-przedstawicielami-anter-system-w-monitorze-rynkowym\/\" \/>\n<meta property=\"og:locale\" content=\"pl_PL\" \/>\n<meta property=\"og:type\" content=\"article\" \/>\n<meta property=\"og:title\" content=\"Wywiad z przedstawicielami Anter System w Monitorze Rynkowym - Anter System\" \/>\n<meta property=\"og:description\" content=\"Zapraszamy do lektury najnowszego wydania magazynu KAIZEN, w kt\u00f3rym ukaza\u0142 si\u0119 komentarz ekspercki firmy Anter System\" \/>\n<meta property=\"og:url\" content=\"https:\/\/antersystem.com\/pl\/wiedza-i-nowosci\/wywiad-z-przedstawicielami-anter-system-w-monitorze-rynkowym\/\" \/>\n<meta property=\"og:site_name\" content=\"Anter System\" \/>\n<meta property=\"article:modified_time\" content=\"2026-02-04T10:55:41+00:00\" \/>\n<meta name=\"twitter:card\" content=\"summary_large_image\" \/>\n<meta name=\"twitter:label1\" content=\"Szacowany czas czytania\" \/>\n\t<meta name=\"twitter:data1\" content=\"1 minuta\" \/>\n<script type=\"application\/ld+json\" class=\"yoast-schema-graph\">{\"@context\":\"https:\/\/schema.org\",\"@graph\":[{\"@type\":\"WebPage\",\"@id\":\"https:\/\/antersystem.com\/pl\/wiedza-i-nowosci\/wywiad-z-przedstawicielami-anter-system-w-monitorze-rynkowym\/\",\"url\":\"https:\/\/antersystem.com\/pl\/wiedza-i-nowosci\/wywiad-z-przedstawicielami-anter-system-w-monitorze-rynkowym\/\",\"name\":\"Wywiad z przedstawicielami Anter System w Monitorze Rynkowym - Anter System\",\"isPartOf\":{\"@id\":\"https:\/\/antersystem.com\/pl\/#website\"},\"datePublished\":\"2025-01-29T14:15:00+00:00\",\"dateModified\":\"2026-02-04T10:55:41+00:00\",\"description\":\"Zapraszamy do lektury najnowszego wydania magazynu KAIZEN, w kt\u00f3rym ukaza\u0142 si\u0119 komentarz ekspercki firmy Anter System\",\"breadcrumb\":{\"@id\":\"https:\/\/antersystem.com\/pl\/wiedza-i-nowosci\/wywiad-z-przedstawicielami-anter-system-w-monitorze-rynkowym\/#breadcrumb\"},\"inLanguage\":\"pl-PL\",\"potentialAction\":[{\"@type\":\"ReadAction\",\"target\":[\"https:\/\/antersystem.com\/pl\/wiedza-i-nowosci\/wywiad-z-przedstawicielami-anter-system-w-monitorze-rynkowym\/\"]}]},{\"@type\":\"BreadcrumbList\",\"@id\":\"https:\/\/antersystem.com\/pl\/wiedza-i-nowosci\/wywiad-z-przedstawicielami-anter-system-w-monitorze-rynkowym\/#breadcrumb\",\"itemListElement\":[{\"@type\":\"ListItem\",\"position\":1,\"name\":\"AnterSystem\",\"item\":\"https:\/\/antersystem.com\/pl\/\"},{\"@type\":\"ListItem\",\"position\":2,\"name\":\"Wiedza i nowo\u015bci\",\"item\":\"https:\/\/antersystem.com\/pl\/wiedza-i-nowosci\/\"},{\"@type\":\"ListItem\",\"position\":3,\"name\":\"Wywiad z przedstawicielami Anter System w Monitorze Rynkowym\"}]},{\"@type\":\"WebSite\",\"@id\":\"https:\/\/antersystem.com\/pl\/#website\",\"url\":\"https:\/\/antersystem.com\/pl\/\",\"name\":\"Anter System\",\"description\":\"Jeste\u015bmy polskim producentem elastycznych barier ochronnych wykonywanych z polimerowych tworzyw sztucznych. Na rynku krajowym i zagranicznym dzia\u0142amy od ponad 15 lat dbaj\u0105c o zapewnienie bezpiecze\u0144stwa w zak\u0142adach produkcyjnych, magazynach oraz centrach logistycznych.\",\"potentialAction\":[{\"@type\":\"SearchAction\",\"target\":{\"@type\":\"EntryPoint\",\"urlTemplate\":\"https:\/\/antersystem.com\/pl\/?s={search_term_string}\"},\"query-input\":{\"@type\":\"PropertyValueSpecification\",\"valueRequired\":true,\"valueName\":\"search_term_string\"}}],\"inLanguage\":\"pl-PL\"}]}<\/script>\n<!-- \/ Yoast SEO plugin. -->","yoast_head_json":{"title":"Wywiad z przedstawicielami Anter System w Monitorze Rynkowym - Anter System","description":"Zapraszamy do lektury najnowszego wydania magazynu KAIZEN, w kt\u00f3rym ukaza\u0142 si\u0119 komentarz ekspercki firmy Anter System","robots":{"index":"index","follow":"follow","max-snippet":"max-snippet:-1","max-image-preview":"max-image-preview:large","max-video-preview":"max-video-preview:-1"},"canonical":"https:\/\/antersystem.com\/pl\/wiedza-i-nowosci\/wywiad-z-przedstawicielami-anter-system-w-monitorze-rynkowym\/","og_locale":"pl_PL","og_type":"article","og_title":"Wywiad z przedstawicielami Anter System w Monitorze Rynkowym - Anter System","og_description":"Zapraszamy do lektury najnowszego wydania magazynu KAIZEN, w kt\u00f3rym ukaza\u0142 si\u0119 komentarz ekspercki firmy Anter System","og_url":"https:\/\/antersystem.com\/pl\/wiedza-i-nowosci\/wywiad-z-przedstawicielami-anter-system-w-monitorze-rynkowym\/","og_site_name":"Anter System","article_modified_time":"2026-02-04T10:55:41+00:00","twitter_card":"summary_large_image","twitter_misc":{"Szacowany czas czytania":"1 minuta"},"schema":{"@context":"https:\/\/schema.org","@graph":[{"@type":"WebPage","@id":"https:\/\/antersystem.com\/pl\/wiedza-i-nowosci\/wywiad-z-przedstawicielami-anter-system-w-monitorze-rynkowym\/","url":"https:\/\/antersystem.com\/pl\/wiedza-i-nowosci\/wywiad-z-przedstawicielami-anter-system-w-monitorze-rynkowym\/","name":"Wywiad z przedstawicielami Anter System w Monitorze Rynkowym - Anter System","isPartOf":{"@id":"https:\/\/antersystem.com\/pl\/#website"},"datePublished":"2025-01-29T14:15:00+00:00","dateModified":"2026-02-04T10:55:41+00:00","description":"Zapraszamy do lektury najnowszego wydania magazynu KAIZEN, w kt\u00f3rym ukaza\u0142 si\u0119 komentarz ekspercki firmy Anter System","breadcrumb":{"@id":"https:\/\/antersystem.com\/pl\/wiedza-i-nowosci\/wywiad-z-przedstawicielami-anter-system-w-monitorze-rynkowym\/#breadcrumb"},"inLanguage":"pl-PL","potentialAction":[{"@type":"ReadAction","target":["https:\/\/antersystem.com\/pl\/wiedza-i-nowosci\/wywiad-z-przedstawicielami-anter-system-w-monitorze-rynkowym\/"]}]},{"@type":"BreadcrumbList","@id":"https:\/\/antersystem.com\/pl\/wiedza-i-nowosci\/wywiad-z-przedstawicielami-anter-system-w-monitorze-rynkowym\/#breadcrumb","itemListElement":[{"@type":"ListItem","position":1,"name":"AnterSystem","item":"https:\/\/antersystem.com\/pl\/"},{"@type":"ListItem","position":2,"name":"Wiedza i nowo\u015bci","item":"https:\/\/antersystem.com\/pl\/wiedza-i-nowosci\/"},{"@type":"ListItem","position":3,"name":"Wywiad z przedstawicielami Anter System w Monitorze Rynkowym"}]},{"@type":"WebSite","@id":"https:\/\/antersystem.com\/pl\/#website","url":"https:\/\/antersystem.com\/pl\/","name":"Anter System","description":"Jeste\u015bmy polskim producentem elastycznych barier ochronnych wykonywanych z polimerowych tworzyw sztucznych. Na rynku krajowym i zagranicznym dzia\u0142amy od ponad 15 lat dbaj\u0105c o zapewnienie bezpiecze\u0144stwa w zak\u0142adach produkcyjnych, magazynach oraz centrach logistycznych.","potentialAction":[{"@type":"SearchAction","target":{"@type":"EntryPoint","urlTemplate":"https:\/\/antersystem.com\/pl\/?s={search_term_string}"},"query-input":{"@type":"PropertyValueSpecification","valueRequired":true,"valueName":"search_term_string"}}],"inLanguage":"pl-PL"}]}},"_links":{"self":[{"href":"https:\/\/antersystem.com\/pl\/wp-json\/wp\/v2\/pages\/39351","targetHints":{"allow":["GET"]}}],"collection":[{"href":"https:\/\/antersystem.com\/pl\/wp-json\/wp\/v2\/pages"}],"about":[{"href":"https:\/\/antersystem.com\/pl\/wp-json\/wp\/v2\/types\/page"}],"author":[{"embeddable":true,"href":"https:\/\/antersystem.com\/pl\/wp-json\/wp\/v2\/users\/11"}],"replies":[{"embeddable":true,"href":"https:\/\/antersystem.com\/pl\/wp-json\/wp\/v2\/comments?post=39351"}],"version-history":[{"count":1,"href":"https:\/\/antersystem.com\/pl\/wp-json\/wp\/v2\/pages\/39351\/revisions"}],"predecessor-version":[{"id":39352,"href":"https:\/\/antersystem.com\/pl\/wp-json\/wp\/v2\/pages\/39351\/revisions\/39352"}],"up":[{"embeddable":true,"href":"https:\/\/antersystem.com\/pl\/wp-json\/wp\/v2\/pages\/12824"}],"wp:attachment":[{"href":"https:\/\/antersystem.com\/pl\/wp-json\/wp\/v2\/media?parent=39351"}],"curies":[{"name":"wp","href":"https:\/\/api.w.org\/{rel}","templated":true}]}}