{"id":39360,"date":"2024-12-10T10:04:39","date_gmt":"2024-12-10T09:04:39","guid":{"rendered":"https:\/\/antersystem.com\/wiedza-i-nowosci\/podsumowanie-konferencji-w-swarzedzu\/"},"modified":"2026-02-04T12:36:17","modified_gmt":"2026-02-04T11:36:17","slug":"podsumowanie-konferencji-w-swarzedzu","status":"publish","type":"page","link":"https:\/\/antersystem.com\/pl\/wiedza-i-nowosci\/podsumowanie-konferencji-w-swarzedzu\/","title":{"rendered":"Podsumowanie konferencji technicznej w Swarz\u0119dzu"},"content":{"rendered":"\n<div class=\"wp-block-columns is-layout-flex wp-container-core-columns-is-layout-9d6595d7 wp-block-columns-is-layout-flex\">\n<div class=\"wp-block-column is-layout-flow wp-block-column-is-layout-flow\">\n<h2 class=\"wp-block-heading\">Podsumowanie Konferencji Technicznej w Swarz\u0119dzu z dnia 5 grudnia 2024<\/h2>\n\n\n\n<div class=\"wp-block-columns is-layout-flex wp-container-core-columns-is-layout-9d6595d7 wp-block-columns-is-layout-flex\">\n<div class=\"wp-block-column is-layout-flow wp-block-column-is-layout-flow\" style=\"flex-basis:10%\"><\/div>\n\n\n\n<div class=\"wp-block-column is-layout-flow wp-block-column-is-layout-flow\">\n<p>5 grudnia w Swarz\u0119dzu k. Poznania odby\u0142a si\u0119 Konferencja Techniczna pt. <strong>\u201eOptymalizacja proces\u00f3w intralogistycznych i magazynowych\u201d<\/strong> zorganizowana przez Axon Media, kt\u00f3rej partnerem by\u0142 Anter System. W wydarzeniu wzi\u0119li udzia\u0142 specjali\u015bci z bran\u017cy logistycznej, kt\u00f3rzy dzielili si\u0119 swoj\u0105 wiedz\u0105 i do\u015bwiadczeniem w zakresie innowacyjnych technologii usprawniaj\u0105cych procesy magazynowe. <\/p>\n\n\n\n<p><strong>W\u015br\u00f3d poruszanych temat\u00f3w znalaz\u0142y si\u0119 m.in.:<\/strong><\/p>\n\n\n\n<p>1. <strong>Automatyzacja i robotyzacja magazyn\u00f3w<\/strong> \u2013 podczas prelekcji uczestnicy poznali takie rozwi\u0105zania jak automatyczne rega\u0142y magazynowe, roboty magazynowe i autonomiczne systemy transportowe.<\/p>\n\n\n\n<p>2. <strong>Technologie przysz\u0142o\u015bci<\/strong> \u2013 prowadz\u0105cy om\u00f3wili m.in. zastosowanie sztucznej inteligencji w systemach WMS, zaawansowane technologie identyfikacyjne, takie jak RFID, oraz inteligentne rozwi\u0105zania mobilne.<\/p>\n\n\n\n<p>3. <strong>Efektywno\u015b\u0107 energetyczna i ekologiczna<\/strong> \u2013 zaprezentowane zosta\u0142y innowacyjne rozwi\u0105zania, np. modernizacj\u0119 o\u015bwietlenia magazynowego czy ekologiczne procesy produkcyjne.<\/p>\n\n\n\n<p>4. <strong>Projektowanie magazyn\u00f3w i zarz\u0105dzanie zapasami<\/strong> \u2013 prezentacja obj\u0119\u0142a zagadnienia projektowania przestrzeni magazynowej, zarz\u0105dzania zapasami w magazynach konsygnacyjnych oraz doradztwa projektowego.<\/p>\n\n\n\n<ol class=\"wp-block-list\"><\/ol>\n\n\n<p>Konferencja mia\u0142a form\u0119 wyk\u0142adowo-konsultacyjn\u0105, dlatego uczestnicy mogli pozna\u0107 liczne studia przypadk\u00f3w i zapozna\u0107 si\u0119 z praktycznymi przyk\u0142adami wdra\u017cania nowoczesnych technologii, dostosowanymi do specyfiki firm produkcyjnych i ich zasob\u00f3w.<\/p>\n\n\n\n<p><strong>Spotkania i rozmowy o przysz\u0142o\u015bci bran\u017cy<\/strong><\/p>\n\n\n\n<p>Wydarzenie by\u0142o r\u00f3wnie\u017c <strong>doskona\u0142\u0105 okazj\u0105 do wymiany do\u015bwiadcze\u0144<\/strong> i nawi\u0105zania kontakt\u00f3w biznesowych, oferuj\u0105c przegl\u0105d najnowszych trend\u00f3w w logistyce. Rozmowy specjalist\u00f3w Anter System z ekspertami w tak sprzyjaj\u0105cej atmosferze s\u0105 zawsze <strong>cenne w kontek\u015bcie doskonalenia naszej oferty<\/strong> modu\u0142owych system\u00f3w elastycznych barier ochronnych pod k\u0105tem potrzeb dynamicznie zmieniaj\u0105cej si\u0119 bran\u017cy, jak\u0105 jest obecnie intralogistyka. <\/p>\n\n\n\n<p>Dzi\u0119kujemy za wszystkie rozmowy o kierunkach rozwoju i oczekiwaniach wobec zabezpiecze\u0144 przestrzeni magazynowych. Do zobaczenia na kolejnych konferencjach bran\u017cowych!  <\/p>\n\n\n\n<div class=\"wp-block-columns is-layout-flex wp-container-core-columns-is-layout-9d6595d7 wp-block-columns-is-layout-flex\">\n<div class=\"wp-block-column is-layout-flow wp-block-column-is-layout-flow\"><\/div>\n\n\n\n<div class=\"wp-block-column is-layout-flow wp-block-column-is-layout-flow\"><\/div>\n\n\n\n<div class=\"wp-block-column is-layout-flow wp-block-column-is-layout-flow\"><\/div>\n<\/div>\n<\/div>\n\n\n\n<div class=\"wp-block-column is-layout-flow wp-block-column-is-layout-flow\" style=\"flex-basis:10%\"><\/div>\n<\/div>\n\n\n\nngg_shortcode_0_placeholder\n<\/div>\n<\/div>\n","protected":false},"excerpt":{"rendered":"<p>Podsumowanie Konferencji Technicznej w Swarz\u0119dzu z dnia 5 grudnia 2024 5 grudnia w Swarz\u0119dzu k. Poznania odby\u0142a si\u0119 Konferencja Techniczna pt. \u201eOptymalizacja proces\u00f3w intralogistycznych i magazynowych\u201d zorganizowana przez Axon Media, kt\u00f3rej partnerem by\u0142 Anter System. W wydarzeniu wzi\u0119li udzia\u0142 specjali\u015bci z bran\u017cy logistycznej, kt\u00f3rzy dzielili si\u0119 swoj\u0105 wiedz\u0105 i do\u015bwiadczeniem w zakresie innowacyjnych technologii usprawniaj\u0105cych [&hellip;]<\/p>\n","protected":false},"author":1,"featured_media":0,"parent":12824,"menu_order":0,"comment_status":"closed","ping_status":"closed","template":"","meta":{"inline_featured_image":false,"ngg_post_thumbnail":0,"footnotes":""},"class_list":["post-39360","page","type-page","status-publish","hentry"],"acf":[],"yoast_head":"<!-- This site is optimized with the Yoast SEO plugin v27.0 - https:\/\/yoast.com\/product\/yoast-seo-wordpress\/ -->\n<title>Podsumowanie konferencji technicznej w Swarz\u0119dzu - Anter System<\/title>\n<meta name=\"description\" content=\"5 grudnia jako partner wydarzenia Anter System bra\u0142 udzia\u0142 w konferencji Optymalizacja proces\u00f3w intralogistycznych i magazynowych\" \/>\n<meta name=\"robots\" content=\"index, follow, max-snippet:-1, max-image-preview:large, max-video-preview:-1\" \/>\n<link rel=\"canonical\" href=\"https:\/\/antersystem.com\/pl\/wiedza-i-nowosci\/podsumowanie-konferencji-w-swarzedzu\/\" \/>\n<meta property=\"og:locale\" content=\"pl_PL\" \/>\n<meta property=\"og:type\" content=\"article\" \/>\n<meta property=\"og:title\" content=\"Podsumowanie konferencji technicznej w Swarz\u0119dzu - Anter System\" \/>\n<meta property=\"og:description\" content=\"5 grudnia jako partner wydarzenia Anter System bra\u0142 udzia\u0142 w konferencji Optymalizacja proces\u00f3w intralogistycznych i magazynowych\" \/>\n<meta property=\"og:url\" content=\"https:\/\/antersystem.com\/pl\/wiedza-i-nowosci\/podsumowanie-konferencji-w-swarzedzu\/\" \/>\n<meta property=\"og:site_name\" content=\"Anter System\" \/>\n<meta property=\"article:modified_time\" content=\"2026-02-04T11:36:17+00:00\" \/>\n<meta name=\"twitter:card\" content=\"summary_large_image\" \/>\n<meta name=\"twitter:label1\" content=\"Szacowany czas czytania\" \/>\n\t<meta name=\"twitter:data1\" content=\"2 minuty\" \/>\n<script type=\"application\/ld+json\" class=\"yoast-schema-graph\">{\"@context\":\"https:\/\/schema.org\",\"@graph\":[{\"@type\":\"WebPage\",\"@id\":\"https:\/\/antersystem.com\/pl\/wiedza-i-nowosci\/podsumowanie-konferencji-w-swarzedzu\/\",\"url\":\"https:\/\/antersystem.com\/pl\/wiedza-i-nowosci\/podsumowanie-konferencji-w-swarzedzu\/\",\"name\":\"Podsumowanie konferencji technicznej w Swarz\u0119dzu - Anter System\",\"isPartOf\":{\"@id\":\"https:\/\/antersystem.com\/pl\/#website\"},\"datePublished\":\"2024-12-10T09:04:39+00:00\",\"dateModified\":\"2026-02-04T11:36:17+00:00\",\"description\":\"5 grudnia jako partner wydarzenia Anter System bra\u0142 udzia\u0142 w konferencji Optymalizacja proces\u00f3w intralogistycznych i magazynowych\",\"breadcrumb\":{\"@id\":\"https:\/\/antersystem.com\/pl\/wiedza-i-nowosci\/podsumowanie-konferencji-w-swarzedzu\/#breadcrumb\"},\"inLanguage\":\"pl-PL\",\"potentialAction\":[{\"@type\":\"ReadAction\",\"target\":[\"https:\/\/antersystem.com\/pl\/wiedza-i-nowosci\/podsumowanie-konferencji-w-swarzedzu\/\"]}]},{\"@type\":\"BreadcrumbList\",\"@id\":\"https:\/\/antersystem.com\/pl\/wiedza-i-nowosci\/podsumowanie-konferencji-w-swarzedzu\/#breadcrumb\",\"itemListElement\":[{\"@type\":\"ListItem\",\"position\":1,\"name\":\"AnterSystem\",\"item\":\"https:\/\/antersystem.com\/pl\/\"},{\"@type\":\"ListItem\",\"position\":2,\"name\":\"Wiedza i nowo\u015bci\",\"item\":\"https:\/\/antersystem.com\/pl\/wiedza-i-nowosci\/\"},{\"@type\":\"ListItem\",\"position\":3,\"name\":\"Podsumowanie konferencji technicznej w Swarz\u0119dzu\"}]},{\"@type\":\"WebSite\",\"@id\":\"https:\/\/antersystem.com\/pl\/#website\",\"url\":\"https:\/\/antersystem.com\/pl\/\",\"name\":\"Anter System\",\"description\":\"Jeste\u015bmy polskim producentem elastycznych barier ochronnych wykonywanych z polimerowych tworzyw sztucznych. Na rynku krajowym i zagranicznym dzia\u0142amy od ponad 15 lat dbaj\u0105c o zapewnienie bezpiecze\u0144stwa w zak\u0142adach produkcyjnych, magazynach oraz centrach logistycznych.\",\"potentialAction\":[{\"@type\":\"SearchAction\",\"target\":{\"@type\":\"EntryPoint\",\"urlTemplate\":\"https:\/\/antersystem.com\/pl\/?s={search_term_string}\"},\"query-input\":{\"@type\":\"PropertyValueSpecification\",\"valueRequired\":true,\"valueName\":\"search_term_string\"}}],\"inLanguage\":\"pl-PL\"}]}<\/script>\n<!-- \/ Yoast SEO plugin. -->","yoast_head_json":{"title":"Podsumowanie konferencji technicznej w Swarz\u0119dzu - Anter System","description":"5 grudnia jako partner wydarzenia Anter System bra\u0142 udzia\u0142 w konferencji Optymalizacja proces\u00f3w intralogistycznych i magazynowych","robots":{"index":"index","follow":"follow","max-snippet":"max-snippet:-1","max-image-preview":"max-image-preview:large","max-video-preview":"max-video-preview:-1"},"canonical":"https:\/\/antersystem.com\/pl\/wiedza-i-nowosci\/podsumowanie-konferencji-w-swarzedzu\/","og_locale":"pl_PL","og_type":"article","og_title":"Podsumowanie konferencji technicznej w Swarz\u0119dzu - Anter System","og_description":"5 grudnia jako partner wydarzenia Anter System bra\u0142 udzia\u0142 w konferencji Optymalizacja proces\u00f3w intralogistycznych i magazynowych","og_url":"https:\/\/antersystem.com\/pl\/wiedza-i-nowosci\/podsumowanie-konferencji-w-swarzedzu\/","og_site_name":"Anter System","article_modified_time":"2026-02-04T11:36:17+00:00","twitter_card":"summary_large_image","twitter_misc":{"Szacowany czas czytania":"2 minuty"},"schema":{"@context":"https:\/\/schema.org","@graph":[{"@type":"WebPage","@id":"https:\/\/antersystem.com\/pl\/wiedza-i-nowosci\/podsumowanie-konferencji-w-swarzedzu\/","url":"https:\/\/antersystem.com\/pl\/wiedza-i-nowosci\/podsumowanie-konferencji-w-swarzedzu\/","name":"Podsumowanie konferencji technicznej w Swarz\u0119dzu - Anter System","isPartOf":{"@id":"https:\/\/antersystem.com\/pl\/#website"},"datePublished":"2024-12-10T09:04:39+00:00","dateModified":"2026-02-04T11:36:17+00:00","description":"5 grudnia jako partner wydarzenia Anter System bra\u0142 udzia\u0142 w konferencji Optymalizacja proces\u00f3w intralogistycznych i magazynowych","breadcrumb":{"@id":"https:\/\/antersystem.com\/pl\/wiedza-i-nowosci\/podsumowanie-konferencji-w-swarzedzu\/#breadcrumb"},"inLanguage":"pl-PL","potentialAction":[{"@type":"ReadAction","target":["https:\/\/antersystem.com\/pl\/wiedza-i-nowosci\/podsumowanie-konferencji-w-swarzedzu\/"]}]},{"@type":"BreadcrumbList","@id":"https:\/\/antersystem.com\/pl\/wiedza-i-nowosci\/podsumowanie-konferencji-w-swarzedzu\/#breadcrumb","itemListElement":[{"@type":"ListItem","position":1,"name":"AnterSystem","item":"https:\/\/antersystem.com\/pl\/"},{"@type":"ListItem","position":2,"name":"Wiedza i nowo\u015bci","item":"https:\/\/antersystem.com\/pl\/wiedza-i-nowosci\/"},{"@type":"ListItem","position":3,"name":"Podsumowanie konferencji technicznej w Swarz\u0119dzu"}]},{"@type":"WebSite","@id":"https:\/\/antersystem.com\/pl\/#website","url":"https:\/\/antersystem.com\/pl\/","name":"Anter System","description":"Jeste\u015bmy polskim producentem elastycznych barier ochronnych wykonywanych z polimerowych tworzyw sztucznych. Na rynku krajowym i zagranicznym dzia\u0142amy od ponad 15 lat dbaj\u0105c o zapewnienie bezpiecze\u0144stwa w zak\u0142adach produkcyjnych, magazynach oraz centrach logistycznych.","potentialAction":[{"@type":"SearchAction","target":{"@type":"EntryPoint","urlTemplate":"https:\/\/antersystem.com\/pl\/?s={search_term_string}"},"query-input":{"@type":"PropertyValueSpecification","valueRequired":true,"valueName":"search_term_string"}}],"inLanguage":"pl-PL"}]}},"_links":{"self":[{"href":"https:\/\/antersystem.com\/pl\/wp-json\/wp\/v2\/pages\/39360","targetHints":{"allow":["GET"]}}],"collection":[{"href":"https:\/\/antersystem.com\/pl\/wp-json\/wp\/v2\/pages"}],"about":[{"href":"https:\/\/antersystem.com\/pl\/wp-json\/wp\/v2\/types\/page"}],"author":[{"embeddable":true,"href":"https:\/\/antersystem.com\/pl\/wp-json\/wp\/v2\/users\/1"}],"replies":[{"embeddable":true,"href":"https:\/\/antersystem.com\/pl\/wp-json\/wp\/v2\/comments?post=39360"}],"version-history":[{"count":1,"href":"https:\/\/antersystem.com\/pl\/wp-json\/wp\/v2\/pages\/39360\/revisions"}],"predecessor-version":[{"id":39361,"href":"https:\/\/antersystem.com\/pl\/wp-json\/wp\/v2\/pages\/39360\/revisions\/39361"}],"up":[{"embeddable":true,"href":"https:\/\/antersystem.com\/pl\/wp-json\/wp\/v2\/pages\/12824"}],"wp:attachment":[{"href":"https:\/\/antersystem.com\/pl\/wp-json\/wp\/v2\/media?parent=39360"}],"curies":[{"name":"wp","href":"https:\/\/api.w.org\/{rel}","templated":true}]}}