{"id":39443,"date":"2024-06-18T10:35:57","date_gmt":"2024-06-18T08:35:57","guid":{"rendered":"https:\/\/antersystem.com\/wiedza-i-nowosci\/magazyn-mid-wystawowa-mieszanka\/"},"modified":"2026-02-04T13:08:30","modified_gmt":"2026-02-04T12:08:30","slug":"magazyn-mid-wystawowa-mieszanka","status":"publish","type":"page","link":"https:\/\/antersystem.com\/pl\/wiedza-i-nowosci\/magazyn-mid-wystawowa-mieszanka\/","title":{"rendered":"Magazyn MID \u201cWystawowa mieszanka\u201d"},"content":{"rendered":"\n<div class=\"wp-block-columns is-layout-flex wp-container-core-columns-is-layout-9d6595d7 wp-block-columns-is-layout-flex\">\n<div class=\"wp-block-column is-layout-flow wp-block-column-is-layout-flow\" style=\"flex-basis:10%\"><\/div>\n\n\n\n<div class=\"wp-block-column is-layout-flow wp-block-column-is-layout-flow\">\n<h2 class=\"wp-block-heading\">MID 3\/2024. Przegl\u0105d produkt\u00f3w prezentowanych na targach logistycznych w ostatnim czasie.<\/h2>\n\n\n\n<p>Najnowszy magazyn MID pokusi\u0142 si\u0119 o zebranie wa\u017cnych wskaza\u0144 ofertowych, dla tych, kt\u00f3rzy chc\u0105 by\u0107 na bie\u017c\u0105co z nowinkami bran\u017cy logistycznej, a nie uczestniczyli w targach bran\u017cowych, chocia\u017cby Targach Ochrony Pracy SAWO (gdzie nota bene zostali\u015bmy nagrodzeni Z\u0142otym Medalem \u2013 <a href=\"https:\/\/antersystem.com\/pl\/wiedza-i-nowosci\/zloty-medal-traffic-dock-gate\/zloty-medal-4\/\"><strong><span style=\"color: #000080;\">przeczytasz o tym tu<\/span><\/strong><\/a>). Redakcja wskazuje te\u017c m.in. na produkty Anter System, jako kompleksowe zabezpieczenie proces\u00f3w produkcyjnych i pracownik\u00f3w na magazynie przed kolizjami z w\u00f3zkami wid\u0142owymi. Fakt, \u017ce w ostatnim czasie pokazywali\u015bmy wiele na r\u00f3\u017cnych wydarzeniach, sprawi\u0142, \u017ce na pewno jeste\u015bmy lepiej rozpoznawalni na rynku. Lecz je\u015bli jest to tw\u00f3j pierwszy kontakt z nasz\u0105 firm\u0105 i dopiero budujesz sw\u00f3j obraz przeobra\u017ce\u0144 w przestrzeni logistycznej, zwr\u00f3\u0107 uwag\u0119 na kilka kluczowych cech Anter System, kt\u00f3re mog\u0105 przeku\u0107 si\u0119 bezpo\u015brednio w jako\u015b\u0107 pracy na Twojej hali.   <\/p>\n\n<p><strong>Co nas wyr\u00f3\u017cnia?<\/strong><\/p>\n<ul>\n<li>Wysoka wytrzyma\u0142o\u015b\u0107 produkt\u00f3w \u2013 nasze produkty wytrzymuj\u0105 wielokrotnie wi\u0119ksze uderzenie ni\u017c produkty wykonane ze stali, co zosta\u0142o potwierdzone testami PAS 13 oraz opiniami klient\u00f3w<\/li>\n<li>Jako\u015b\u0107 i zgodno\u015b\u0107 z europejskimi normami \u2013 produkty Anter System przechodz\u0105 staranne testy i posiadaj\u0105 certyfikacj\u0119 renomowanej instytucji T\u00dcV Rheinland<\/li>\n<li>Szeroka gama produkt\u00f3w \u2013 dostosowana do indywidualnych potrzeb firmy i specyfiki miejsca, w kt\u00f3rym zabezpieczenia maj\u0105 by\u0107 zainstalowane. Pocz\u0105wszy od ochrony tu\u017c nad poziomem pod\u0142ogi, a\u017c po bariery wysokiego sk\u0142adowania, z uwzgl\u0119dnieniem pojazd\u00f3w poruszaj\u0105cych si\u0119 po przestrzeni<\/li>\n<li>Innowacyjno\u015b\u0107 \u2013 stawiamy na nowoczesne rozwi\u0105zania, dlatego stosujemy automatyczne systemy poprawiaj\u0105ce bezpiecze\u0144stwo. Ca\u0142y czas te\u017c udoskonalamy produkty<\/li>\n<li>Modu\u0142owo\u015b\u0107 \u2013 bariery mo\u017cna ze sob\u0105 \u0142atwo \u0142\u0105czy\u0107, przenosi\u0107, rozbudowywa\u0107, dopasowuj\u0105c do zmieniaj\u0105cych warunk\u00f3w produkcyjnych lub magazynowych<\/li>\n<li>Ekologia \u2013 nasze produkty nadaj\u0105 si\u0119 w 100% do recyklingu, zmniejszaj\u0105 \u015blad w\u0119glowy<\/li>\n<\/ul>\n\n<p>Materia\u0142, kt\u00f3ry zebra\u0142 zesp\u00f3\u0142 MID z ca\u0142\u0105 pewno\u015bci\u0105 pomo\u017ce Wam podj\u0105\u0107 \u015bwiadome decyzje zakupowe, nie tylko w zakresie doboru barier ochronnych, ale te\u017c np. urz\u0105dze\u0144 wykorzystuj\u0105cych AI. Mo\u017cna zatem przeczyta\u0107!:) Artyku\u0142 poni\u017cej, ca\u0142e wydanie na stronie wydawcy.  <\/p>\n<\/div>\n\n\n\n<div class=\"wp-block-column is-layout-flow wp-block-column-is-layout-flow\" style=\"flex-basis:10%\"><\/div>\n<\/div>\n\n<div data-wp-interactive=\"core\/file\" class=\"wp-block-file\"><object data-wp-bind--hidden=\"!state.hasPdfPreview\" hidden class=\"wp-block-file__embed\" data=\"https:\/\/antersystem.com\/wp-content\/uploads\/MID_99_3_2024_Anter-System.pdf\" type=\"application\/pdf\" style=\"width:100%;height:600px\" aria-label=\"Osadzone z MID_99_3_2024_Anter-System.\"><\/object><a id=\"wp-block-file--media-81b055e1-ad38-4bf5-98d8-870bb86c3edb\" href=\"https:\/\/antersystem.com\/wp-content\/uploads\/MID_99_3_2024_Anter-System.pdf\">MID_99_3_2024_Anter-System<\/a><a href=\"https:\/\/antersystem.com\/wp-content\/uploads\/MID_99_3_2024_Anter-System.pdf\" class=\"wp-block-file__button wp-element-button\" download=\"\" aria-describedby=\"wp-block-file--media-81b055e1-ad38-4bf5-98d8-870bb86c3edb\">Pobierz<\/a><\/div>\n","protected":false},"excerpt":{"rendered":"<p>MID 3\/2024. Przegl\u0105d produkt\u00f3w prezentowanych na targach logistycznych w ostatnim czasie. Najnowszy magazyn MID pokusi\u0142 si\u0119 o zebranie wa\u017cnych wskaza\u0144 ofertowych, dla tych, kt\u00f3rzy chc\u0105 by\u0107 na bie\u017c\u0105co z nowinkami bran\u017cy logistycznej, a nie uczestniczyli w targach bran\u017cowych, chocia\u017cby Targach Ochrony Pracy SAWO (gdzie nota bene zostali\u015bmy nagrodzeni Z\u0142otym Medalem \u2013 przeczytasz o tym tu). [&hellip;]<\/p>\n","protected":false},"author":1,"featured_media":0,"parent":12824,"menu_order":0,"comment_status":"closed","ping_status":"closed","template":"","meta":{"inline_featured_image":false,"ngg_post_thumbnail":0,"footnotes":""},"class_list":["post-39443","page","type-page","status-publish","hentry"],"acf":[],"yoast_head":"<!-- This site is optimized with the Yoast SEO plugin v27.0 - https:\/\/yoast.com\/product\/yoast-seo-wordpress\/ -->\n<title>Magazyn MID \u201cWystawowa mieszanka\u201d - Anter System<\/title>\n<meta name=\"description\" content=\"Najnowszy magazyn MID pokusi\u0142 si\u0119 o zebranie wa\u017cnych wskaza\u0144 ofertowych, dla tych, kt\u00f3rzy chc\u0105 by\u0107 na bie\u017c\u0105co z nowinkami bran\u017cy logistycznej\" \/>\n<meta name=\"robots\" content=\"index, follow, max-snippet:-1, max-image-preview:large, max-video-preview:-1\" \/>\n<link rel=\"canonical\" href=\"https:\/\/antersystem.com\/pl\/wiedza-i-nowosci\/magazyn-mid-wystawowa-mieszanka\/\" \/>\n<meta property=\"og:locale\" content=\"pl_PL\" \/>\n<meta property=\"og:type\" content=\"article\" \/>\n<meta property=\"og:title\" content=\"Magazyn MID \u201cWystawowa mieszanka\u201d - Anter System\" \/>\n<meta property=\"og:description\" content=\"Najnowszy magazyn MID pokusi\u0142 si\u0119 o zebranie wa\u017cnych wskaza\u0144 ofertowych, dla tych, kt\u00f3rzy chc\u0105 by\u0107 na bie\u017c\u0105co z nowinkami bran\u017cy logistycznej\" \/>\n<meta property=\"og:url\" content=\"https:\/\/antersystem.com\/pl\/wiedza-i-nowosci\/magazyn-mid-wystawowa-mieszanka\/\" \/>\n<meta property=\"og:site_name\" content=\"Anter System\" \/>\n<meta property=\"article:modified_time\" content=\"2026-02-04T12:08:30+00:00\" \/>\n<meta name=\"twitter:card\" content=\"summary_large_image\" \/>\n<meta name=\"twitter:label1\" content=\"Szacowany czas czytania\" \/>\n\t<meta name=\"twitter:data1\" content=\"2 minuty\" \/>\n<script type=\"application\/ld+json\" class=\"yoast-schema-graph\">{\"@context\":\"https:\/\/schema.org\",\"@graph\":[{\"@type\":\"WebPage\",\"@id\":\"https:\/\/antersystem.com\/pl\/wiedza-i-nowosci\/magazyn-mid-wystawowa-mieszanka\/\",\"url\":\"https:\/\/antersystem.com\/pl\/wiedza-i-nowosci\/magazyn-mid-wystawowa-mieszanka\/\",\"name\":\"Magazyn MID \u201cWystawowa mieszanka\u201d - Anter System\",\"isPartOf\":{\"@id\":\"https:\/\/antersystem.com\/pl\/#website\"},\"datePublished\":\"2024-06-18T08:35:57+00:00\",\"dateModified\":\"2026-02-04T12:08:30+00:00\",\"description\":\"Najnowszy magazyn MID pokusi\u0142 si\u0119 o zebranie wa\u017cnych wskaza\u0144 ofertowych, dla tych, kt\u00f3rzy chc\u0105 by\u0107 na bie\u017c\u0105co z nowinkami bran\u017cy logistycznej\",\"breadcrumb\":{\"@id\":\"https:\/\/antersystem.com\/pl\/wiedza-i-nowosci\/magazyn-mid-wystawowa-mieszanka\/#breadcrumb\"},\"inLanguage\":\"pl-PL\",\"potentialAction\":[{\"@type\":\"ReadAction\",\"target\":[\"https:\/\/antersystem.com\/pl\/wiedza-i-nowosci\/magazyn-mid-wystawowa-mieszanka\/\"]}]},{\"@type\":\"BreadcrumbList\",\"@id\":\"https:\/\/antersystem.com\/pl\/wiedza-i-nowosci\/magazyn-mid-wystawowa-mieszanka\/#breadcrumb\",\"itemListElement\":[{\"@type\":\"ListItem\",\"position\":1,\"name\":\"AnterSystem\",\"item\":\"https:\/\/antersystem.com\/pl\/\"},{\"@type\":\"ListItem\",\"position\":2,\"name\":\"Wiedza i nowo\u015bci\",\"item\":\"https:\/\/antersystem.com\/pl\/wiedza-i-nowosci\/\"},{\"@type\":\"ListItem\",\"position\":3,\"name\":\"Magazyn MID \u201cWystawowa mieszanka\u201d\"}]},{\"@type\":\"WebSite\",\"@id\":\"https:\/\/antersystem.com\/pl\/#website\",\"url\":\"https:\/\/antersystem.com\/pl\/\",\"name\":\"Anter System\",\"description\":\"Jeste\u015bmy polskim producentem elastycznych barier ochronnych wykonywanych z polimerowych tworzyw sztucznych. Na rynku krajowym i zagranicznym dzia\u0142amy od ponad 15 lat dbaj\u0105c o zapewnienie bezpiecze\u0144stwa w zak\u0142adach produkcyjnych, magazynach oraz centrach logistycznych.\",\"potentialAction\":[{\"@type\":\"SearchAction\",\"target\":{\"@type\":\"EntryPoint\",\"urlTemplate\":\"https:\/\/antersystem.com\/pl\/?s={search_term_string}\"},\"query-input\":{\"@type\":\"PropertyValueSpecification\",\"valueRequired\":true,\"valueName\":\"search_term_string\"}}],\"inLanguage\":\"pl-PL\"}]}<\/script>\n<!-- \/ Yoast SEO plugin. -->","yoast_head_json":{"title":"Magazyn MID \u201cWystawowa mieszanka\u201d - Anter System","description":"Najnowszy magazyn MID pokusi\u0142 si\u0119 o zebranie wa\u017cnych wskaza\u0144 ofertowych, dla tych, kt\u00f3rzy chc\u0105 by\u0107 na bie\u017c\u0105co z nowinkami bran\u017cy logistycznej","robots":{"index":"index","follow":"follow","max-snippet":"max-snippet:-1","max-image-preview":"max-image-preview:large","max-video-preview":"max-video-preview:-1"},"canonical":"https:\/\/antersystem.com\/pl\/wiedza-i-nowosci\/magazyn-mid-wystawowa-mieszanka\/","og_locale":"pl_PL","og_type":"article","og_title":"Magazyn MID \u201cWystawowa mieszanka\u201d - Anter System","og_description":"Najnowszy magazyn MID pokusi\u0142 si\u0119 o zebranie wa\u017cnych wskaza\u0144 ofertowych, dla tych, kt\u00f3rzy chc\u0105 by\u0107 na bie\u017c\u0105co z nowinkami bran\u017cy logistycznej","og_url":"https:\/\/antersystem.com\/pl\/wiedza-i-nowosci\/magazyn-mid-wystawowa-mieszanka\/","og_site_name":"Anter System","article_modified_time":"2026-02-04T12:08:30+00:00","twitter_card":"summary_large_image","twitter_misc":{"Szacowany czas czytania":"2 minuty"},"schema":{"@context":"https:\/\/schema.org","@graph":[{"@type":"WebPage","@id":"https:\/\/antersystem.com\/pl\/wiedza-i-nowosci\/magazyn-mid-wystawowa-mieszanka\/","url":"https:\/\/antersystem.com\/pl\/wiedza-i-nowosci\/magazyn-mid-wystawowa-mieszanka\/","name":"Magazyn MID \u201cWystawowa mieszanka\u201d - Anter System","isPartOf":{"@id":"https:\/\/antersystem.com\/pl\/#website"},"datePublished":"2024-06-18T08:35:57+00:00","dateModified":"2026-02-04T12:08:30+00:00","description":"Najnowszy magazyn MID pokusi\u0142 si\u0119 o zebranie wa\u017cnych wskaza\u0144 ofertowych, dla tych, kt\u00f3rzy chc\u0105 by\u0107 na bie\u017c\u0105co z nowinkami bran\u017cy logistycznej","breadcrumb":{"@id":"https:\/\/antersystem.com\/pl\/wiedza-i-nowosci\/magazyn-mid-wystawowa-mieszanka\/#breadcrumb"},"inLanguage":"pl-PL","potentialAction":[{"@type":"ReadAction","target":["https:\/\/antersystem.com\/pl\/wiedza-i-nowosci\/magazyn-mid-wystawowa-mieszanka\/"]}]},{"@type":"BreadcrumbList","@id":"https:\/\/antersystem.com\/pl\/wiedza-i-nowosci\/magazyn-mid-wystawowa-mieszanka\/#breadcrumb","itemListElement":[{"@type":"ListItem","position":1,"name":"AnterSystem","item":"https:\/\/antersystem.com\/pl\/"},{"@type":"ListItem","position":2,"name":"Wiedza i nowo\u015bci","item":"https:\/\/antersystem.com\/pl\/wiedza-i-nowosci\/"},{"@type":"ListItem","position":3,"name":"Magazyn MID \u201cWystawowa mieszanka\u201d"}]},{"@type":"WebSite","@id":"https:\/\/antersystem.com\/pl\/#website","url":"https:\/\/antersystem.com\/pl\/","name":"Anter System","description":"Jeste\u015bmy polskim producentem elastycznych barier ochronnych wykonywanych z polimerowych tworzyw sztucznych. Na rynku krajowym i zagranicznym dzia\u0142amy od ponad 15 lat dbaj\u0105c o zapewnienie bezpiecze\u0144stwa w zak\u0142adach produkcyjnych, magazynach oraz centrach logistycznych.","potentialAction":[{"@type":"SearchAction","target":{"@type":"EntryPoint","urlTemplate":"https:\/\/antersystem.com\/pl\/?s={search_term_string}"},"query-input":{"@type":"PropertyValueSpecification","valueRequired":true,"valueName":"search_term_string"}}],"inLanguage":"pl-PL"}]}},"_links":{"self":[{"href":"https:\/\/antersystem.com\/pl\/wp-json\/wp\/v2\/pages\/39443","targetHints":{"allow":["GET"]}}],"collection":[{"href":"https:\/\/antersystem.com\/pl\/wp-json\/wp\/v2\/pages"}],"about":[{"href":"https:\/\/antersystem.com\/pl\/wp-json\/wp\/v2\/types\/page"}],"author":[{"embeddable":true,"href":"https:\/\/antersystem.com\/pl\/wp-json\/wp\/v2\/users\/1"}],"replies":[{"embeddable":true,"href":"https:\/\/antersystem.com\/pl\/wp-json\/wp\/v2\/comments?post=39443"}],"version-history":[{"count":1,"href":"https:\/\/antersystem.com\/pl\/wp-json\/wp\/v2\/pages\/39443\/revisions"}],"predecessor-version":[{"id":39444,"href":"https:\/\/antersystem.com\/pl\/wp-json\/wp\/v2\/pages\/39443\/revisions\/39444"}],"up":[{"embeddable":true,"href":"https:\/\/antersystem.com\/pl\/wp-json\/wp\/v2\/pages\/12824"}],"wp:attachment":[{"href":"https:\/\/antersystem.com\/pl\/wp-json\/wp\/v2\/media?parent=39443"}],"curies":[{"name":"wp","href":"https:\/\/api.w.org\/{rel}","templated":true}]}}