{"id":39445,"date":"2024-03-27T16:28:30","date_gmt":"2024-03-27T15:28:30","guid":{"rendered":"https:\/\/antersystem.com\/wiedza-i-nowosci\/automotive-cee-day\/"},"modified":"2026-02-04T13:11:13","modified_gmt":"2026-02-04T12:11:13","slug":"automotive-cee-day","status":"publish","type":"page","link":"https:\/\/antersystem.com\/pl\/wiedza-i-nowosci\/automotive-cee-day\/","title":{"rendered":"Automotive CEE Day"},"content":{"rendered":"\n<div class=\"wp-block-columns is-layout-flex wp-container-core-columns-is-layout-9d6595d7 wp-block-columns-is-layout-flex\">\n<div class=\"wp-block-column is-layout-flow wp-block-column-is-layout-flow\" style=\"flex-basis:10%\"><\/div>\n\n\n\n<div class=\"wp-block-column is-layout-flow wp-block-column-is-layout-flow\">\n<h3 class=\"wp-block-heading\">9. spotkania zakupowe dla przemys\u0142u motoryzacyjnego 18-19 kwietnia 2024<\/h3>\n\n\n\n<p><strong>Automotive CEE Day &#8211; wydarzenie organizowane przez AutomotiveSuppliers.pl i samorz\u0105d miasta Opole &#8211; to doskona\u0142a okazja do spotka\u0144 z najwa\u017cniejszymi firmami motoryzacyjnymi.<\/strong> W Opolu 18 i 19 kwietnia mo\u017cemy si\u0119 spodziewa\u0107 zar\u00f3wno przedstawicieli koncern\u00f3w samochodowych, jak i dostawc\u00f3w TIER 1.<\/p>\n\n\n\n<p>W ci\u0105gu dw\u00f3ch dni mamy mo\u017cliwo\u015b\u0107 spotka\u0107 klient\u00f3w, na kt\u00f3rych nam najbardziej zale\u017cy i przedstawi\u0107 im swoj\u0105 ofert\u0119 produkcyjn\u0105 i us\u0142ugow\u0105, jak podaj\u0105 tw\u00f3rcy. Organizator dostosowa\u0142 r\u00f3wnie\u017c narz\u0119dzie do precyzyjnego dobierania partner\u00f3w do rozm\u00f3w, dzi\u0119ki interaktywnej platformie B2B. W kr\u00f3tkim czasie czeka nas nie ma\u0142e zamieszanie w biznesowym \u015bwiecie, miejmy nadziej\u0119, \u017ce z doskona\u0142ym skutkiem. Przedstawicieli koncern\u00f3w \u015bwiatowych, jak i z rynk\u00f3w lokalnych zapowiada si\u0119 nie ma\u0142a ilo\u015b\u0107.   <\/p>\n\n\n\n<p>R\u00f3wnie\u017c zamierzamy si\u0119 spotka\u0107 z potencjalnymi partnerami handlowymi i technologicznymi, by inspirowa\u0107 si\u0119 nawzajem impresjami i know-how. Od 15 lat zbieramy do\u015bwiadczenie <strong>w bran\u017cy automotive, zaopatruj\u0105c najwi\u0119kszych producent\u00f3w w systemy poprawiaj\u0105ce bezpiecze\u0144stwo i adaptuj\u0105ce si\u0119 do dynamicznych zmian<\/strong>. Nasze <a href=\"https:\/\/antersystem.com\/pl\/kategorie-produktow\/bariery-bezpieczenstwa-dla-pieszych\/\">produkty pozwalaj\u0105 na niezawodne wygrodzenie stref produkcyjnych od logistyki<\/a> oraz bezpiecze\u0144stwo w strefach prze\u0142adunkowych. <a href=\"https:\/\/antersystem.com\/pl\/kategorie-produktow\/technika-zaladunkowa\/\"><strong>Podpory stabilizuj\u0105ce prz\u00f3d i ty\u0142 naczep<\/strong> <\/a>podczas operacji logistycznych, chroni\u0105 ludzi, towar i infrastruktur\u0119 przed uszkodzeniami. Skracaj\u0105 te\u017c czas pracy przy prze\u0142adunku i pozwalaj\u0105 na lepsze wykorzystanie pojazd\u00f3w, kt\u00f3re okazyjnie \u015bwiadczy\u0142y prac\u0119 przeznaczon\u0105 dla podp\u00f3r.  <\/p>\n\n\n\n<p>Skorzystaj z okazji, aby wymieni\u0107 si\u0119 spostrze\u017ceniami i do\u015bwiadczeniami z innymi uczestnikami! Odwied\u017a nas na <strong>stoisku B<\/strong>, aby zobaczy\u0107 <strong>produkty Anter System<\/strong> w akcji. <\/p>\n\n\n\n<p>Program wydarzenia: <strong><a href=\"https:\/\/www.automotiveceeday.eu\/page-3761\">automotiveceeday.eu<\/a><\/strong><\/p>\n\n\n\n<p><strong>#AutomotiveCEEDay #automotive #BHP #produkcja<\/strong><\/p>\n<\/div>\n\n\n\n<div class=\"wp-block-column is-layout-flow wp-block-column-is-layout-flow\" style=\"flex-basis:10%\"><\/div>\n<\/div>\n<div class=\"wp-block-image\">\n<figure class=\"aligncenter size-large is-resized\"><img loading=\"lazy\" decoding=\"async\" width=\"1024\" height=\"535\" src=\"https:\/\/antersystem.com\/wp-content\/uploads\/CEE-DAY-18-19-kwieccien-Anter-System-3-1024x535.jpg\" alt=\"Zdj&#x119;cie przedstawia zaproszenie od Anter System do udzia&#x142;u w spotkaniach zakupowych CEE Day w Opolu, w dniach 18-19 kwietnia 2024 roku.\" class=\"wp-image-4335\" style=\"width:720px;height:auto\" srcset=\"https:\/\/antersystem.com\/wp-content\/uploads\/CEE-DAY-18-19-kwieccien-Anter-System-3-1024x535.jpg 1024w, https:\/\/antersystem.com\/wp-content\/uploads\/CEE-DAY-18-19-kwieccien-Anter-System-3-300x157.jpg 300w, https:\/\/antersystem.com\/wp-content\/uploads\/CEE-DAY-18-19-kwieccien-Anter-System-3-768x401.jpg 768w, https:\/\/antersystem.com\/wp-content\/uploads\/CEE-DAY-18-19-kwieccien-Anter-System-3-450x235.jpg 450w, https:\/\/antersystem.com\/wp-content\/uploads\/CEE-DAY-18-19-kwieccien-Anter-System-3-330x172.jpg 330w, https:\/\/antersystem.com\/wp-content\/uploads\/CEE-DAY-18-19-kwieccien-Anter-System-3.jpg 1200w\" sizes=\"auto, (max-width: 1024px) 100vw, 1024px\" \/><\/figure><\/div>","protected":false},"excerpt":{"rendered":"<p>9. spotkania zakupowe dla przemys\u0142u motoryzacyjnego 18-19 kwietnia 2024 Automotive CEE Day &#8211; wydarzenie organizowane przez AutomotiveSuppliers.pl i samorz\u0105d miasta Opole &#8211; to doskona\u0142a okazja do spotka\u0144 z najwa\u017cniejszymi firmami motoryzacyjnymi. W Opolu 18 i 19 kwietnia mo\u017cemy si\u0119 spodziewa\u0107 zar\u00f3wno przedstawicieli koncern\u00f3w samochodowych, jak i dostawc\u00f3w TIER 1. W ci\u0105gu dw\u00f3ch dni mamy mo\u017cliwo\u015b\u0107 [&hellip;]<\/p>\n","protected":false},"author":1,"featured_media":0,"parent":12824,"menu_order":0,"comment_status":"closed","ping_status":"closed","template":"","meta":{"inline_featured_image":false,"ngg_post_thumbnail":0,"footnotes":""},"class_list":["post-39445","page","type-page","status-publish","hentry"],"acf":[],"yoast_head":"<!-- This site is optimized with the Yoast SEO plugin v27.0 - https:\/\/yoast.com\/product\/yoast-seo-wordpress\/ -->\n<title>Automotive CEE Day - Anter System<\/title>\n<meta name=\"description\" content=\"Automotive CEE Day - wydarzenie organizowane przez AutomotiveSuppliers.pl i samorz\u0105d miasta Opole - to doskona\u0142a okazja do spotka\u0144\" \/>\n<meta name=\"robots\" content=\"index, follow, max-snippet:-1, max-image-preview:large, max-video-preview:-1\" \/>\n<link rel=\"canonical\" href=\"https:\/\/antersystem.com\/pl\/wiedza-i-nowosci\/automotive-cee-day\/\" \/>\n<meta property=\"og:locale\" content=\"pl_PL\" \/>\n<meta property=\"og:type\" content=\"article\" \/>\n<meta property=\"og:title\" content=\"Automotive CEE Day - Anter System\" \/>\n<meta property=\"og:description\" content=\"Automotive CEE Day - wydarzenie organizowane przez AutomotiveSuppliers.pl i samorz\u0105d miasta Opole - to doskona\u0142a okazja do spotka\u0144\" \/>\n<meta property=\"og:url\" content=\"https:\/\/antersystem.com\/pl\/wiedza-i-nowosci\/automotive-cee-day\/\" \/>\n<meta property=\"og:site_name\" content=\"Anter System\" \/>\n<meta property=\"article:modified_time\" content=\"2026-02-04T12:11:13+00:00\" \/>\n<meta property=\"og:image\" content=\"https:\/\/antersystem.com\/wp-content\/uploads\/CEE-DAY-18-19-kwieccien-Anter-System-3-1024x535.jpg\" \/>\n<meta name=\"twitter:card\" content=\"summary_large_image\" \/>\n<meta name=\"twitter:label1\" content=\"Szacowany czas czytania\" \/>\n\t<meta name=\"twitter:data1\" content=\"1 minuta\" \/>\n<script type=\"application\/ld+json\" class=\"yoast-schema-graph\">{\"@context\":\"https:\/\/schema.org\",\"@graph\":[{\"@type\":\"WebPage\",\"@id\":\"https:\/\/antersystem.com\/pl\/wiedza-i-nowosci\/automotive-cee-day\/\",\"url\":\"https:\/\/antersystem.com\/pl\/wiedza-i-nowosci\/automotive-cee-day\/\",\"name\":\"Automotive CEE Day - Anter System\",\"isPartOf\":{\"@id\":\"https:\/\/antersystem.com\/pl\/#website\"},\"primaryImageOfPage\":{\"@id\":\"https:\/\/antersystem.com\/pl\/wiedza-i-nowosci\/automotive-cee-day\/#primaryimage\"},\"image\":{\"@id\":\"https:\/\/antersystem.com\/pl\/wiedza-i-nowosci\/automotive-cee-day\/#primaryimage\"},\"thumbnailUrl\":\"https:\/\/antersystem.com\/wp-content\/uploads\/CEE-DAY-18-19-kwieccien-Anter-System-3-1024x535.jpg\",\"datePublished\":\"2024-03-27T15:28:30+00:00\",\"dateModified\":\"2026-02-04T12:11:13+00:00\",\"description\":\"Automotive CEE Day - wydarzenie organizowane przez AutomotiveSuppliers.pl i samorz\u0105d miasta Opole - to doskona\u0142a okazja do spotka\u0144\",\"breadcrumb\":{\"@id\":\"https:\/\/antersystem.com\/pl\/wiedza-i-nowosci\/automotive-cee-day\/#breadcrumb\"},\"inLanguage\":\"pl-PL\",\"potentialAction\":[{\"@type\":\"ReadAction\",\"target\":[\"https:\/\/antersystem.com\/pl\/wiedza-i-nowosci\/automotive-cee-day\/\"]}]},{\"@type\":\"ImageObject\",\"inLanguage\":\"pl-PL\",\"@id\":\"https:\/\/antersystem.com\/pl\/wiedza-i-nowosci\/automotive-cee-day\/#primaryimage\",\"url\":\"https:\/\/antersystem.com\/wp-content\/uploads\/CEE-DAY-18-19-kwieccien-Anter-System-3-1024x535.jpg\",\"contentUrl\":\"https:\/\/antersystem.com\/wp-content\/uploads\/CEE-DAY-18-19-kwieccien-Anter-System-3-1024x535.jpg\"},{\"@type\":\"BreadcrumbList\",\"@id\":\"https:\/\/antersystem.com\/pl\/wiedza-i-nowosci\/automotive-cee-day\/#breadcrumb\",\"itemListElement\":[{\"@type\":\"ListItem\",\"position\":1,\"name\":\"AnterSystem\",\"item\":\"https:\/\/antersystem.com\/pl\/\"},{\"@type\":\"ListItem\",\"position\":2,\"name\":\"Wiedza i nowo\u015bci\",\"item\":\"https:\/\/antersystem.com\/pl\/wiedza-i-nowosci\/\"},{\"@type\":\"ListItem\",\"position\":3,\"name\":\"Automotive CEE Day\"}]},{\"@type\":\"WebSite\",\"@id\":\"https:\/\/antersystem.com\/pl\/#website\",\"url\":\"https:\/\/antersystem.com\/pl\/\",\"name\":\"Anter System\",\"description\":\"Jeste\u015bmy polskim producentem elastycznych barier ochronnych wykonywanych z polimerowych tworzyw sztucznych. Na rynku krajowym i zagranicznym dzia\u0142amy od ponad 15 lat dbaj\u0105c o zapewnienie bezpiecze\u0144stwa w zak\u0142adach produkcyjnych, magazynach oraz centrach logistycznych.\",\"potentialAction\":[{\"@type\":\"SearchAction\",\"target\":{\"@type\":\"EntryPoint\",\"urlTemplate\":\"https:\/\/antersystem.com\/pl\/?s={search_term_string}\"},\"query-input\":{\"@type\":\"PropertyValueSpecification\",\"valueRequired\":true,\"valueName\":\"search_term_string\"}}],\"inLanguage\":\"pl-PL\"}]}<\/script>\n<!-- \/ Yoast SEO plugin. -->","yoast_head_json":{"title":"Automotive CEE Day - Anter System","description":"Automotive CEE Day - wydarzenie organizowane przez AutomotiveSuppliers.pl i samorz\u0105d miasta Opole - to doskona\u0142a okazja do spotka\u0144","robots":{"index":"index","follow":"follow","max-snippet":"max-snippet:-1","max-image-preview":"max-image-preview:large","max-video-preview":"max-video-preview:-1"},"canonical":"https:\/\/antersystem.com\/pl\/wiedza-i-nowosci\/automotive-cee-day\/","og_locale":"pl_PL","og_type":"article","og_title":"Automotive CEE Day - Anter System","og_description":"Automotive CEE Day - wydarzenie organizowane przez AutomotiveSuppliers.pl i samorz\u0105d miasta Opole - to doskona\u0142a okazja do spotka\u0144","og_url":"https:\/\/antersystem.com\/pl\/wiedza-i-nowosci\/automotive-cee-day\/","og_site_name":"Anter System","article_modified_time":"2026-02-04T12:11:13+00:00","og_image":[{"url":"https:\/\/antersystem.com\/wp-content\/uploads\/CEE-DAY-18-19-kwieccien-Anter-System-3-1024x535.jpg","type":"","width":"","height":""}],"twitter_card":"summary_large_image","twitter_misc":{"Szacowany czas czytania":"1 minuta"},"schema":{"@context":"https:\/\/schema.org","@graph":[{"@type":"WebPage","@id":"https:\/\/antersystem.com\/pl\/wiedza-i-nowosci\/automotive-cee-day\/","url":"https:\/\/antersystem.com\/pl\/wiedza-i-nowosci\/automotive-cee-day\/","name":"Automotive CEE Day - Anter System","isPartOf":{"@id":"https:\/\/antersystem.com\/pl\/#website"},"primaryImageOfPage":{"@id":"https:\/\/antersystem.com\/pl\/wiedza-i-nowosci\/automotive-cee-day\/#primaryimage"},"image":{"@id":"https:\/\/antersystem.com\/pl\/wiedza-i-nowosci\/automotive-cee-day\/#primaryimage"},"thumbnailUrl":"https:\/\/antersystem.com\/wp-content\/uploads\/CEE-DAY-18-19-kwieccien-Anter-System-3-1024x535.jpg","datePublished":"2024-03-27T15:28:30+00:00","dateModified":"2026-02-04T12:11:13+00:00","description":"Automotive CEE Day - wydarzenie organizowane przez AutomotiveSuppliers.pl i samorz\u0105d miasta Opole - to doskona\u0142a okazja do spotka\u0144","breadcrumb":{"@id":"https:\/\/antersystem.com\/pl\/wiedza-i-nowosci\/automotive-cee-day\/#breadcrumb"},"inLanguage":"pl-PL","potentialAction":[{"@type":"ReadAction","target":["https:\/\/antersystem.com\/pl\/wiedza-i-nowosci\/automotive-cee-day\/"]}]},{"@type":"ImageObject","inLanguage":"pl-PL","@id":"https:\/\/antersystem.com\/pl\/wiedza-i-nowosci\/automotive-cee-day\/#primaryimage","url":"https:\/\/antersystem.com\/wp-content\/uploads\/CEE-DAY-18-19-kwieccien-Anter-System-3-1024x535.jpg","contentUrl":"https:\/\/antersystem.com\/wp-content\/uploads\/CEE-DAY-18-19-kwieccien-Anter-System-3-1024x535.jpg"},{"@type":"BreadcrumbList","@id":"https:\/\/antersystem.com\/pl\/wiedza-i-nowosci\/automotive-cee-day\/#breadcrumb","itemListElement":[{"@type":"ListItem","position":1,"name":"AnterSystem","item":"https:\/\/antersystem.com\/pl\/"},{"@type":"ListItem","position":2,"name":"Wiedza i nowo\u015bci","item":"https:\/\/antersystem.com\/pl\/wiedza-i-nowosci\/"},{"@type":"ListItem","position":3,"name":"Automotive CEE Day"}]},{"@type":"WebSite","@id":"https:\/\/antersystem.com\/pl\/#website","url":"https:\/\/antersystem.com\/pl\/","name":"Anter System","description":"Jeste\u015bmy polskim producentem elastycznych barier ochronnych wykonywanych z polimerowych tworzyw sztucznych. Na rynku krajowym i zagranicznym dzia\u0142amy od ponad 15 lat dbaj\u0105c o zapewnienie bezpiecze\u0144stwa w zak\u0142adach produkcyjnych, magazynach oraz centrach logistycznych.","potentialAction":[{"@type":"SearchAction","target":{"@type":"EntryPoint","urlTemplate":"https:\/\/antersystem.com\/pl\/?s={search_term_string}"},"query-input":{"@type":"PropertyValueSpecification","valueRequired":true,"valueName":"search_term_string"}}],"inLanguage":"pl-PL"}]}},"_links":{"self":[{"href":"https:\/\/antersystem.com\/pl\/wp-json\/wp\/v2\/pages\/39445","targetHints":{"allow":["GET"]}}],"collection":[{"href":"https:\/\/antersystem.com\/pl\/wp-json\/wp\/v2\/pages"}],"about":[{"href":"https:\/\/antersystem.com\/pl\/wp-json\/wp\/v2\/types\/page"}],"author":[{"embeddable":true,"href":"https:\/\/antersystem.com\/pl\/wp-json\/wp\/v2\/users\/1"}],"replies":[{"embeddable":true,"href":"https:\/\/antersystem.com\/pl\/wp-json\/wp\/v2\/comments?post=39445"}],"version-history":[{"count":1,"href":"https:\/\/antersystem.com\/pl\/wp-json\/wp\/v2\/pages\/39445\/revisions"}],"predecessor-version":[{"id":39446,"href":"https:\/\/antersystem.com\/pl\/wp-json\/wp\/v2\/pages\/39445\/revisions\/39446"}],"up":[{"embeddable":true,"href":"https:\/\/antersystem.com\/pl\/wp-json\/wp\/v2\/pages\/12824"}],"wp:attachment":[{"href":"https:\/\/antersystem.com\/pl\/wp-json\/wp\/v2\/media?parent=39445"}],"curies":[{"name":"wp","href":"https:\/\/api.w.org\/{rel}","templated":true}]}}