{"id":39523,"date":"2024-03-01T14:25:26","date_gmt":"2024-03-01T13:25:26","guid":{"rendered":"https:\/\/antersystem.com\/wiedza-i-nowosci\/konferencje-techniczne-2024\/"},"modified":"2026-02-04T13:51:35","modified_gmt":"2026-02-04T12:51:35","slug":"konferencje-techniczne-2024","status":"publish","type":"page","link":"https:\/\/antersystem.com\/pl\/wiedza-i-nowosci\/konferencje-techniczne-2024\/","title":{"rendered":"Konferencje Techniczne"},"content":{"rendered":"\n<div class=\"wp-block-columns is-layout-flex wp-container-core-columns-is-layout-9d6595d7 wp-block-columns-is-layout-flex\">\n  \n  <div class=\"wp-block-column is-layout-flow wp-block-column-is-layout-flow\" style=\"flex-basis:10%\"><\/div>\n  \n\n  \n  <div class=\"wp-block-column is-layout-flow wp-block-column-is-layout-flow\">\n    \n    <h3 class=\"wp-block-heading\">Zaproszenie na konferencj\u0119 organizowan\u0105 przez Axon Media.<\/h3>\n    \n\n    \n    <p>Kolejne zaproszenie od Axon Media, kt\u00f3re aktywnie wspiera bran\u017c\u0119 logistyczn\u0105 w rozwoju. Sie\u0107 konferencji w ca\u0142ej Polsce jest okazj\u0105 do nawi\u0105zania biznesowych znajomo\u015bci, sprawdzenia opinii o swoich produktach i zaprezentowania ich szerszemu gronu odbiorc\u00f3w. <\/p>\n    \n\n    \n    <p>Ka\u017cda dziedzina gospodarki ma swoj\u0105 specyfik\u0119 zwi\u0105zan\u0105 ze sposobem produkcji i magazynowania. Pa\u0144stwa wyzwania, jakie pojawiaj\u0105 si\u0119 w codziennej pracy oraz nasze do\u015bwiadczenie w wyposa\u017caniu r\u00f3\u017cnych przestrzeni -sk\u0142adaj\u0105 si\u0119 na <a href=\"https:\/\/antersystem.com\/pl\/realizacje\/\">rozwi\u0105zania, kt\u00f3re chcemy wprowadza\u0107 do przemys\u0142u<\/a>. B\u0119dzie nas mo\u017cna spotka\u0107 14 marca w: Hotel Dworek Tryumf, ul. Klepacka 1, Ksi\u0119\u017cyno (Bia\u0142ystok) z <a href=\"https:\/\/antersystem.com\/pl\/kategorie-produktow\/bariery-ochronne\/\">elastycznymi barierami<\/a>, kt\u00f3re chroni\u0105 przed wypadkami tam, gdzie ryzyko kolizji wzrasta.   <\/p>\n    \n\n    \n    <p>Rozpi\u0119to\u015b\u0107 temat\u00f3w na konferencji <em>\u201eOptymalizacja proces\u00f3w intralogistycznych i magazynowych\u201d<\/em> b\u0119dzie do\u015b\u0107 szeroka. Od pojazd\u00f3w\/urz\u0105dze\u0144 do transportu wewn\u0119trznego, po systemy RFID i identyfikacji bezprzewodowej. Zagadnienia dotycz\u0105ce bezpiecze\u0144stwa i higieny pracy (BHP) w magazynach i halach b\u0119d\u0105 r\u00f3wnie\u017c przy\u015bwieca\u0142y prezentacjom eksperckim w ramach wydarzenia. <\/p>\n    \n\n    \n    <p>Kiedy: 14 marca (czwartek) | 8:00 \u2013 15:30 | <a href=\"https:\/\/www.axonmedia.pl\/konferencje\/program\/intralogistyka-magazynowanie-2024-bialystok\/\"><strong>Program<\/strong><\/a><\/p>\n    \n\n    \n    <p>Gdzie: Hotel Dworek Tryumf, ul. Klepacka 1, Ksi\u0119\u017cyno (Bia\u0142ystok) | bezp\u0142atny parking <\/p>\n    \n\n    \n    <p><strong>Udzia\u0142 bezp\u0142atny<\/strong><\/p>\n    \n\n    \n    <p>Jako partnerzy wydarzenia, serdecznie zapraszamy!<\/p>\n    \n\n    \n    <p><strong>#KonferencjeTechniczne #AxonMedia #Intralogistyka #Magazynowanie<\/strong><\/p>\n    \n  <\/div>\n  \n\n  \n  <div class=\"wp-block-column is-layout-flow wp-block-column-is-layout-flow\" style=\"flex-basis:10%\"><\/div>\n  \n<\/div>\n<div class=\"wp-block-image\">\n<figure class=\"aligncenter size-large is-resized\"><img loading=\"lazy\" decoding=\"async\" width=\"1024\" height=\"535\" src=\"https:\/\/antersystem.com\/wp-content\/uploads\/Axon-Media-Bialystok-2024_zaproszenie-od-Anter-System-1024x535.jpg\" alt=\"Axon Media Bia&#x142;ystok 2024 invitation from Anter System\" class=\"wp-image-4284\" style=\"width:720px;height:auto\" srcset=\"https:\/\/antersystem.com\/wp-content\/uploads\/Axon-Media-Bialystok-2024_zaproszenie-od-Anter-System-1024x535.jpg 1024w, https:\/\/antersystem.com\/wp-content\/uploads\/Axon-Media-Bialystok-2024_zaproszenie-od-Anter-System-300x157.jpg 300w, https:\/\/antersystem.com\/wp-content\/uploads\/Axon-Media-Bialystok-2024_zaproszenie-od-Anter-System-768x401.jpg 768w, https:\/\/antersystem.com\/wp-content\/uploads\/Axon-Media-Bialystok-2024_zaproszenie-od-Anter-System-450x235.jpg 450w, https:\/\/antersystem.com\/wp-content\/uploads\/Axon-Media-Bialystok-2024_zaproszenie-od-Anter-System-330x172.jpg 330w, https:\/\/antersystem.com\/wp-content\/uploads\/Axon-Media-Bialystok-2024_zaproszenie-od-Anter-System.jpg 1200w\" sizes=\"auto, (max-width: 1024px) 100vw, 1024px\" \/><\/figure><\/div>","protected":false},"excerpt":{"rendered":"<p>Zaproszenie na konferencj\u0119 organizowan\u0105 przez Axon Media. Kolejne zaproszenie od Axon Media, kt\u00f3re aktywnie wspiera bran\u017c\u0119 logistyczn\u0105 w rozwoju. Sie\u0107 konferencji w ca\u0142ej Polsce jest okazj\u0105 do nawi\u0105zania biznesowych znajomo\u015bci, sprawdzenia opinii o swoich produktach i zaprezentowania ich szerszemu gronu odbiorc\u00f3w. Ka\u017cda dziedzina gospodarki ma swoj\u0105 specyfik\u0119 zwi\u0105zan\u0105 ze sposobem produkcji i magazynowania. Pa\u0144stwa wyzwania, [&hellip;]<\/p>\n","protected":false},"author":1,"featured_media":0,"parent":12824,"menu_order":0,"comment_status":"closed","ping_status":"closed","template":"","meta":{"inline_featured_image":false,"ngg_post_thumbnail":0,"footnotes":""},"class_list":["post-39523","page","type-page","status-publish","hentry"],"acf":[],"yoast_head":"<!-- This site is optimized with the Yoast SEO plugin v27.0 - https:\/\/yoast.com\/product\/yoast-seo-wordpress\/ -->\n<title>Konferencje Techniczne - Anter System<\/title>\n<meta name=\"description\" content=\"Kolejne zaproszenie od AxonMedia, kt\u00f3re aktywnie wspiera bran\u017c\u0119 logistyczn\u0105 w rozwoju. Sie\u0107 konferencji w ca\u0142ej Polsce\" \/>\n<meta name=\"robots\" content=\"index, follow, max-snippet:-1, max-image-preview:large, max-video-preview:-1\" \/>\n<link rel=\"canonical\" href=\"https:\/\/antersystem.com\/pl\/wiedza-i-nowosci\/konferencje-techniczne-2024\/\" \/>\n<meta property=\"og:locale\" content=\"pl_PL\" \/>\n<meta property=\"og:type\" content=\"article\" \/>\n<meta property=\"og:title\" content=\"Konferencje Techniczne - Anter System\" \/>\n<meta property=\"og:description\" content=\"Kolejne zaproszenie od AxonMedia, kt\u00f3re aktywnie wspiera bran\u017c\u0119 logistyczn\u0105 w rozwoju. Sie\u0107 konferencji w ca\u0142ej Polsce\" \/>\n<meta property=\"og:url\" content=\"https:\/\/antersystem.com\/pl\/wiedza-i-nowosci\/konferencje-techniczne-2024\/\" \/>\n<meta property=\"og:site_name\" content=\"Anter System\" \/>\n<meta property=\"article:modified_time\" content=\"2026-02-04T12:51:35+00:00\" \/>\n<meta property=\"og:image\" content=\"https:\/\/antersystem.com\/wp-content\/uploads\/Axon-Media-Bialystok-2024_zaproszenie-od-Anter-System-1024x535.jpg\" \/>\n<meta name=\"twitter:card\" content=\"summary_large_image\" \/>\n<meta name=\"twitter:label1\" content=\"Szacowany czas czytania\" \/>\n\t<meta name=\"twitter:data1\" content=\"1 minuta\" \/>\n<script type=\"application\/ld+json\" class=\"yoast-schema-graph\">{\"@context\":\"https:\/\/schema.org\",\"@graph\":[{\"@type\":\"WebPage\",\"@id\":\"https:\/\/antersystem.com\/pl\/wiedza-i-nowosci\/konferencje-techniczne-2024\/\",\"url\":\"https:\/\/antersystem.com\/pl\/wiedza-i-nowosci\/konferencje-techniczne-2024\/\",\"name\":\"Konferencje Techniczne - Anter System\",\"isPartOf\":{\"@id\":\"https:\/\/antersystem.com\/pl\/#website\"},\"primaryImageOfPage\":{\"@id\":\"https:\/\/antersystem.com\/pl\/wiedza-i-nowosci\/konferencje-techniczne-2024\/#primaryimage\"},\"image\":{\"@id\":\"https:\/\/antersystem.com\/pl\/wiedza-i-nowosci\/konferencje-techniczne-2024\/#primaryimage\"},\"thumbnailUrl\":\"https:\/\/antersystem.com\/wp-content\/uploads\/Axon-Media-Bialystok-2024_zaproszenie-od-Anter-System-1024x535.jpg\",\"datePublished\":\"2024-03-01T13:25:26+00:00\",\"dateModified\":\"2026-02-04T12:51:35+00:00\",\"description\":\"Kolejne zaproszenie od AxonMedia, kt\u00f3re aktywnie wspiera bran\u017c\u0119 logistyczn\u0105 w rozwoju. Sie\u0107 konferencji w ca\u0142ej Polsce\",\"breadcrumb\":{\"@id\":\"https:\/\/antersystem.com\/pl\/wiedza-i-nowosci\/konferencje-techniczne-2024\/#breadcrumb\"},\"inLanguage\":\"pl-PL\",\"potentialAction\":[{\"@type\":\"ReadAction\",\"target\":[\"https:\/\/antersystem.com\/pl\/wiedza-i-nowosci\/konferencje-techniczne-2024\/\"]}]},{\"@type\":\"ImageObject\",\"inLanguage\":\"pl-PL\",\"@id\":\"https:\/\/antersystem.com\/pl\/wiedza-i-nowosci\/konferencje-techniczne-2024\/#primaryimage\",\"url\":\"https:\/\/antersystem.com\/wp-content\/uploads\/Axon-Media-Bialystok-2024_zaproszenie-od-Anter-System-1024x535.jpg\",\"contentUrl\":\"https:\/\/antersystem.com\/wp-content\/uploads\/Axon-Media-Bialystok-2024_zaproszenie-od-Anter-System-1024x535.jpg\"},{\"@type\":\"BreadcrumbList\",\"@id\":\"https:\/\/antersystem.com\/pl\/wiedza-i-nowosci\/konferencje-techniczne-2024\/#breadcrumb\",\"itemListElement\":[{\"@type\":\"ListItem\",\"position\":1,\"name\":\"AnterSystem\",\"item\":\"https:\/\/antersystem.com\/pl\/\"},{\"@type\":\"ListItem\",\"position\":2,\"name\":\"Wiedza i nowo\u015bci\",\"item\":\"https:\/\/antersystem.com\/pl\/wiedza-i-nowosci\/\"},{\"@type\":\"ListItem\",\"position\":3,\"name\":\"Konferencje Techniczne\"}]},{\"@type\":\"WebSite\",\"@id\":\"https:\/\/antersystem.com\/pl\/#website\",\"url\":\"https:\/\/antersystem.com\/pl\/\",\"name\":\"Anter System\",\"description\":\"Jeste\u015bmy polskim producentem elastycznych barier ochronnych wykonywanych z polimerowych tworzyw sztucznych. Na rynku krajowym i zagranicznym dzia\u0142amy od ponad 15 lat dbaj\u0105c o zapewnienie bezpiecze\u0144stwa w zak\u0142adach produkcyjnych, magazynach oraz centrach logistycznych.\",\"potentialAction\":[{\"@type\":\"SearchAction\",\"target\":{\"@type\":\"EntryPoint\",\"urlTemplate\":\"https:\/\/antersystem.com\/pl\/?s={search_term_string}\"},\"query-input\":{\"@type\":\"PropertyValueSpecification\",\"valueRequired\":true,\"valueName\":\"search_term_string\"}}],\"inLanguage\":\"pl-PL\"}]}<\/script>\n<!-- \/ Yoast SEO plugin. -->","yoast_head_json":{"title":"Konferencje Techniczne - Anter System","description":"Kolejne zaproszenie od AxonMedia, kt\u00f3re aktywnie wspiera bran\u017c\u0119 logistyczn\u0105 w rozwoju. Sie\u0107 konferencji w ca\u0142ej Polsce","robots":{"index":"index","follow":"follow","max-snippet":"max-snippet:-1","max-image-preview":"max-image-preview:large","max-video-preview":"max-video-preview:-1"},"canonical":"https:\/\/antersystem.com\/pl\/wiedza-i-nowosci\/konferencje-techniczne-2024\/","og_locale":"pl_PL","og_type":"article","og_title":"Konferencje Techniczne - Anter System","og_description":"Kolejne zaproszenie od AxonMedia, kt\u00f3re aktywnie wspiera bran\u017c\u0119 logistyczn\u0105 w rozwoju. Sie\u0107 konferencji w ca\u0142ej Polsce","og_url":"https:\/\/antersystem.com\/pl\/wiedza-i-nowosci\/konferencje-techniczne-2024\/","og_site_name":"Anter System","article_modified_time":"2026-02-04T12:51:35+00:00","og_image":[{"url":"https:\/\/antersystem.com\/wp-content\/uploads\/Axon-Media-Bialystok-2024_zaproszenie-od-Anter-System-1024x535.jpg","type":"","width":"","height":""}],"twitter_card":"summary_large_image","twitter_misc":{"Szacowany czas czytania":"1 minuta"},"schema":{"@context":"https:\/\/schema.org","@graph":[{"@type":"WebPage","@id":"https:\/\/antersystem.com\/pl\/wiedza-i-nowosci\/konferencje-techniczne-2024\/","url":"https:\/\/antersystem.com\/pl\/wiedza-i-nowosci\/konferencje-techniczne-2024\/","name":"Konferencje Techniczne - Anter System","isPartOf":{"@id":"https:\/\/antersystem.com\/pl\/#website"},"primaryImageOfPage":{"@id":"https:\/\/antersystem.com\/pl\/wiedza-i-nowosci\/konferencje-techniczne-2024\/#primaryimage"},"image":{"@id":"https:\/\/antersystem.com\/pl\/wiedza-i-nowosci\/konferencje-techniczne-2024\/#primaryimage"},"thumbnailUrl":"https:\/\/antersystem.com\/wp-content\/uploads\/Axon-Media-Bialystok-2024_zaproszenie-od-Anter-System-1024x535.jpg","datePublished":"2024-03-01T13:25:26+00:00","dateModified":"2026-02-04T12:51:35+00:00","description":"Kolejne zaproszenie od AxonMedia, kt\u00f3re aktywnie wspiera bran\u017c\u0119 logistyczn\u0105 w rozwoju. Sie\u0107 konferencji w ca\u0142ej Polsce","breadcrumb":{"@id":"https:\/\/antersystem.com\/pl\/wiedza-i-nowosci\/konferencje-techniczne-2024\/#breadcrumb"},"inLanguage":"pl-PL","potentialAction":[{"@type":"ReadAction","target":["https:\/\/antersystem.com\/pl\/wiedza-i-nowosci\/konferencje-techniczne-2024\/"]}]},{"@type":"ImageObject","inLanguage":"pl-PL","@id":"https:\/\/antersystem.com\/pl\/wiedza-i-nowosci\/konferencje-techniczne-2024\/#primaryimage","url":"https:\/\/antersystem.com\/wp-content\/uploads\/Axon-Media-Bialystok-2024_zaproszenie-od-Anter-System-1024x535.jpg","contentUrl":"https:\/\/antersystem.com\/wp-content\/uploads\/Axon-Media-Bialystok-2024_zaproszenie-od-Anter-System-1024x535.jpg"},{"@type":"BreadcrumbList","@id":"https:\/\/antersystem.com\/pl\/wiedza-i-nowosci\/konferencje-techniczne-2024\/#breadcrumb","itemListElement":[{"@type":"ListItem","position":1,"name":"AnterSystem","item":"https:\/\/antersystem.com\/pl\/"},{"@type":"ListItem","position":2,"name":"Wiedza i nowo\u015bci","item":"https:\/\/antersystem.com\/pl\/wiedza-i-nowosci\/"},{"@type":"ListItem","position":3,"name":"Konferencje Techniczne"}]},{"@type":"WebSite","@id":"https:\/\/antersystem.com\/pl\/#website","url":"https:\/\/antersystem.com\/pl\/","name":"Anter System","description":"Jeste\u015bmy polskim producentem elastycznych barier ochronnych wykonywanych z polimerowych tworzyw sztucznych. Na rynku krajowym i zagranicznym dzia\u0142amy od ponad 15 lat dbaj\u0105c o zapewnienie bezpiecze\u0144stwa w zak\u0142adach produkcyjnych, magazynach oraz centrach logistycznych.","potentialAction":[{"@type":"SearchAction","target":{"@type":"EntryPoint","urlTemplate":"https:\/\/antersystem.com\/pl\/?s={search_term_string}"},"query-input":{"@type":"PropertyValueSpecification","valueRequired":true,"valueName":"search_term_string"}}],"inLanguage":"pl-PL"}]}},"_links":{"self":[{"href":"https:\/\/antersystem.com\/pl\/wp-json\/wp\/v2\/pages\/39523","targetHints":{"allow":["GET"]}}],"collection":[{"href":"https:\/\/antersystem.com\/pl\/wp-json\/wp\/v2\/pages"}],"about":[{"href":"https:\/\/antersystem.com\/pl\/wp-json\/wp\/v2\/types\/page"}],"author":[{"embeddable":true,"href":"https:\/\/antersystem.com\/pl\/wp-json\/wp\/v2\/users\/1"}],"replies":[{"embeddable":true,"href":"https:\/\/antersystem.com\/pl\/wp-json\/wp\/v2\/comments?post=39523"}],"version-history":[{"count":1,"href":"https:\/\/antersystem.com\/pl\/wp-json\/wp\/v2\/pages\/39523\/revisions"}],"predecessor-version":[{"id":39526,"href":"https:\/\/antersystem.com\/pl\/wp-json\/wp\/v2\/pages\/39523\/revisions\/39526"}],"up":[{"embeddable":true,"href":"https:\/\/antersystem.com\/pl\/wp-json\/wp\/v2\/pages\/12824"}],"wp:attachment":[{"href":"https:\/\/antersystem.com\/pl\/wp-json\/wp\/v2\/media?parent=39523"}],"curies":[{"name":"wp","href":"https:\/\/api.w.org\/{rel}","templated":true}]}}