{"id":39531,"date":"2024-03-25T16:20:11","date_gmt":"2024-03-25T15:20:11","guid":{"rendered":"https:\/\/antersystem.com\/wiedza-i-nowosci\/konferencja-techniczna-szczecin\/"},"modified":"2026-02-04T13:57:20","modified_gmt":"2026-02-04T12:57:20","slug":"konferencja-techniczna-szczecin","status":"publish","type":"page","link":"https:\/\/antersystem.com\/pl\/wiedza-i-nowosci\/konferencja-techniczna-szczecin\/","title":{"rendered":"Konferencje Techniczne, Szczecin 18.04"},"content":{"rendered":"\n<div class=\"wp-block-columns is-layout-flex wp-container-core-columns-is-layout-9d6595d7 wp-block-columns-is-layout-flex\">\n  \n  <div class=\"wp-block-column is-layout-flow wp-block-column-is-layout-flow\" style=\"flex-basis:10%\"><\/div>\n  \n\n  \n  <div class=\"wp-block-column is-layout-flow wp-block-column-is-layout-flow\">\n    \n    <h3 class=\"wp-block-heading\">Spotykamy si\u0119 zn\u00f3w, dzi\u0119ki Axon Media.<\/h3>\n    \n\n    \n    <p>Axon Media, organizator Konferencji Technicznych, przyzwyczai\u0142 ju\u017c nas do comiesi\u0119cznych, networkingowych spotka\u0144. Ich dynamika i cz\u0119stotliwo\u015b\u0107 nie spada. Kolejna konferencja zapowiada si\u0119 <a href=\"https:\/\/www.axonmedia.pl\/konferencje\/aktualne\/intralogistyka-magazynowanie-2024-szczecin\/\">18 kwietnia w Szczecinie<\/a>, z my\u015bl\u0105 przewodni\u0105: jak wprowadzi\u0107 niewielkie modyfikacje pozwalaj\u0105ce oszcz\u0119dzi\u0107 czas i zasoby finansowe.  <\/p>\n    \n\n    \n    <p>W tej edycji r\u00f3wnie\u017c we\u017amiemy udzia\u0142, aby zaprezentowa\u0107 mo\u017cliwo\u015bci rozwi\u0105za\u0144 technicznych dostosowanych do indywidualnych potrzeb. Od <a href=\"https:\/\/antersystem.com\/kategorie_produktow\/ochrona-kolumny\/\">ochrony krytycznych konstrukcji<\/a> i <a href=\"https:\/\/antersystem.com\/produkty\/plyta-zderzeniowa-ertax\/\">stref uderzeniowych, w kt\u00f3rych nie ma miejsca na standardowe bariery ochronne<\/a>, po zabezpieczanie ci\u0105g\u00f3w pieszych oraz ochron\u0119 maszyn i infrastruktury przed kolizjami z w\u00f3zkami wid\u0142owymi &#8211; to nasza wiedza i codzienna praktyka. Ch\u0119tnie podzielimy si\u0119 studiami przypadk\u00f3w z projekt\u00f3w, w kt\u00f3rych aktywnie uczestniczyli\u015bmy w projektowaniu i wdra\u017caniu niestandardowych rozwi\u0105za\u0144 bezpiecze\u0144stwa.  <\/p>\n    \n\n    \n    <p>Zach\u0119camy r\u00f3wnie\u017c do udzia\u0142u w sesjach konferencyjnych i wys\u0142uchania prezentacji ekspert\u00f3w &#8211; bez konieczno\u015bci interakcji. Program konferencji <em>&#8222;Optymalizacja proces\u00f3w intralogistycznych i magazynowych&#8221;<\/em> obejmuje takie tematy jak systemy transportu wewn\u0119trznego, robotyka magazynowa, zautomatyzowane systemy sk\u0142adowania i kompletacji zam\u00f3wie\u0144, RFID i identyfikacja bezprzewodowa, oprogramowanie intralogistyczne, projektowanie i doradztwo logistyczne, maszyny etykietuj\u0105ce oraz bezpiecze\u0144stwo i higiena pracy (BHP) w obiektach przemys\u0142owych i magazynowych. <\/p>\n    \n\n    \n    <p><strong>Kiedy:<\/strong> 18 kwietnia (czwartek) | 8:00 &#8211; 15:30 | <a href=\"https:\/\/www.axonmedia.pl\/konferencje\/program\/intralogistyka-magazynowanie-2024-szczecin\/\">Program<\/a><\/p>\n    \n\n    \n    <p><strong>Gdzie:<\/strong> Hotel VULCAN, ul. F.K. Druckiego-Lubeckiego 6a, Szczecin | bezp\u0142atny parking <\/p>\n    \n\n    \n    <p><strong>Udzia\u0142 bezp\u0142atny<\/strong><\/p>\n    \n\n    \n    <p>Jako partnerzy wydarzenia, serdecznie zapraszamy!<\/p>\n    \n\n    \n    <p><strong>#KonferencjeTechniczne #AxonMedia #Intralogistyka #Magazynowanie<\/strong><\/p>\n    \n  <\/div>\n  \n\n  \n  <div class=\"wp-block-column is-layout-flow wp-block-column-is-layout-flow\" style=\"flex-basis:10%\"><\/div>\n  \n<\/div>\n<div class=\"wp-block-image\">\n<figure class=\"aligncenter size-large is-resized\"><img loading=\"lazy\" decoding=\"async\" width=\"1024\" height=\"535\" src=\"https:\/\/antersystem.com\/wp-content\/uploads\/18-KWIETNIA-ANTER-SYSTEM-partnerem-konferencji-technicznych-Axon-Media-1-1024x535.jpg\" alt=\"Anter System - Konferencja Techniczna w Szczecinie, 18 kwietnia 2024 r.\" class=\"wp-image-4321\" style=\"width:720px;height:auto\" srcset=\"https:\/\/antersystem.com\/wp-content\/uploads\/18-KWIETNIA-ANTER-SYSTEM-partnerem-konferencji-technicznych-Axon-Media-1-1024x535.jpg 1024w, https:\/\/antersystem.com\/wp-content\/uploads\/18-KWIETNIA-ANTER-SYSTEM-partnerem-konferencji-technicznych-Axon-Media-1-300x157.jpg 300w, https:\/\/antersystem.com\/wp-content\/uploads\/18-KWIETNIA-ANTER-SYSTEM-partnerem-konferencji-technicznych-Axon-Media-1-768x401.jpg 768w, https:\/\/antersystem.com\/wp-content\/uploads\/18-KWIETNIA-ANTER-SYSTEM-partnerem-konferencji-technicznych-Axon-Media-1-450x235.jpg 450w, https:\/\/antersystem.com\/wp-content\/uploads\/18-KWIETNIA-ANTER-SYSTEM-partnerem-konferencji-technicznych-Axon-Media-1-330x172.jpg 330w, https:\/\/antersystem.com\/wp-content\/uploads\/18-KWIETNIA-ANTER-SYSTEM-partnerem-konferencji-technicznych-Axon-Media-1.jpg 1200w\" sizes=\"auto, (max-width: 1024px) 100vw, 1024px\" \/><\/figure><\/div>","protected":false},"excerpt":{"rendered":"<p>Spotykamy si\u0119 zn\u00f3w, dzi\u0119ki Axon Media. Axon Media, organizator Konferencji Technicznych, przyzwyczai\u0142 ju\u017c nas do comiesi\u0119cznych, networkingowych spotka\u0144. Ich dynamika i cz\u0119stotliwo\u015b\u0107 nie spada. Kolejna konferencja zapowiada si\u0119 18 kwietnia w Szczecinie, z my\u015bl\u0105 przewodni\u0105: jak wprowadzi\u0107 niewielkie modyfikacje pozwalaj\u0105ce oszcz\u0119dzi\u0107 czas i zasoby finansowe. W tej edycji r\u00f3wnie\u017c we\u017amiemy udzia\u0142, aby zaprezentowa\u0107 mo\u017cliwo\u015bci rozwi\u0105za\u0144 [&hellip;]<\/p>\n","protected":false},"author":1,"featured_media":0,"parent":12824,"menu_order":0,"comment_status":"closed","ping_status":"closed","template":"","meta":{"inline_featured_image":false,"ngg_post_thumbnail":0,"footnotes":""},"class_list":["post-39531","page","type-page","status-publish","hentry"],"acf":[],"yoast_head":"<!-- This site is optimized with the Yoast SEO plugin v27.0 - https:\/\/yoast.com\/product\/yoast-seo-wordpress\/ -->\n<title>Konferencje Techniczne, Szczecin 18.04 - Anter System<\/title>\n<meta name=\"description\" content=\"Spotykamy si\u0119 zn\u00f3w, dzi\u0119ki Axon Media. Axon Media, organizator Konferencji Technicznych, przyzwyczai\u0142 ju\u017c nas do comiesi\u0119cznych, networkingowych spotka\u0144.\" \/>\n<meta name=\"robots\" content=\"index, follow, max-snippet:-1, max-image-preview:large, max-video-preview:-1\" \/>\n<link rel=\"canonical\" href=\"https:\/\/antersystem.com\/pl\/wiedza-i-nowosci\/konferencja-techniczna-szczecin\/\" \/>\n<meta property=\"og:locale\" content=\"pl_PL\" \/>\n<meta property=\"og:type\" content=\"article\" \/>\n<meta property=\"og:title\" content=\"Konferencje Techniczne, Szczecin 18.04 - Anter System\" \/>\n<meta property=\"og:description\" content=\"Spotykamy si\u0119 zn\u00f3w, dzi\u0119ki Axon Media. Axon Media, organizator Konferencji Technicznych, przyzwyczai\u0142 ju\u017c nas do comiesi\u0119cznych, networkingowych spotka\u0144.\" \/>\n<meta property=\"og:url\" content=\"https:\/\/antersystem.com\/pl\/wiedza-i-nowosci\/konferencja-techniczna-szczecin\/\" \/>\n<meta property=\"og:site_name\" content=\"Anter System\" \/>\n<meta property=\"article:modified_time\" content=\"2026-02-04T12:57:20+00:00\" \/>\n<meta property=\"og:image\" content=\"https:\/\/antersystem.com\/wp-content\/uploads\/18-KWIETNIA-ANTER-SYSTEM-partnerem-konferencji-technicznych-Axon-Media-1-1024x535.jpg\" \/>\n<meta name=\"twitter:card\" content=\"summary_large_image\" \/>\n<meta name=\"twitter:label1\" content=\"Szacowany czas czytania\" \/>\n\t<meta name=\"twitter:data1\" content=\"1 minuta\" \/>\n<script type=\"application\/ld+json\" class=\"yoast-schema-graph\">{\"@context\":\"https:\/\/schema.org\",\"@graph\":[{\"@type\":\"WebPage\",\"@id\":\"https:\/\/antersystem.com\/pl\/wiedza-i-nowosci\/konferencja-techniczna-szczecin\/\",\"url\":\"https:\/\/antersystem.com\/pl\/wiedza-i-nowosci\/konferencja-techniczna-szczecin\/\",\"name\":\"Konferencje Techniczne, Szczecin 18.04 - Anter System\",\"isPartOf\":{\"@id\":\"https:\/\/antersystem.com\/pl\/#website\"},\"primaryImageOfPage\":{\"@id\":\"https:\/\/antersystem.com\/pl\/wiedza-i-nowosci\/konferencja-techniczna-szczecin\/#primaryimage\"},\"image\":{\"@id\":\"https:\/\/antersystem.com\/pl\/wiedza-i-nowosci\/konferencja-techniczna-szczecin\/#primaryimage\"},\"thumbnailUrl\":\"https:\/\/antersystem.com\/wp-content\/uploads\/18-KWIETNIA-ANTER-SYSTEM-partnerem-konferencji-technicznych-Axon-Media-1-1024x535.jpg\",\"datePublished\":\"2024-03-25T15:20:11+00:00\",\"dateModified\":\"2026-02-04T12:57:20+00:00\",\"description\":\"Spotykamy si\u0119 zn\u00f3w, dzi\u0119ki Axon Media. Axon Media, organizator Konferencji Technicznych, przyzwyczai\u0142 ju\u017c nas do comiesi\u0119cznych, networkingowych spotka\u0144.\",\"breadcrumb\":{\"@id\":\"https:\/\/antersystem.com\/pl\/wiedza-i-nowosci\/konferencja-techniczna-szczecin\/#breadcrumb\"},\"inLanguage\":\"pl-PL\",\"potentialAction\":[{\"@type\":\"ReadAction\",\"target\":[\"https:\/\/antersystem.com\/pl\/wiedza-i-nowosci\/konferencja-techniczna-szczecin\/\"]}]},{\"@type\":\"ImageObject\",\"inLanguage\":\"pl-PL\",\"@id\":\"https:\/\/antersystem.com\/pl\/wiedza-i-nowosci\/konferencja-techniczna-szczecin\/#primaryimage\",\"url\":\"https:\/\/antersystem.com\/wp-content\/uploads\/18-KWIETNIA-ANTER-SYSTEM-partnerem-konferencji-technicznych-Axon-Media-1-1024x535.jpg\",\"contentUrl\":\"https:\/\/antersystem.com\/wp-content\/uploads\/18-KWIETNIA-ANTER-SYSTEM-partnerem-konferencji-technicznych-Axon-Media-1-1024x535.jpg\"},{\"@type\":\"BreadcrumbList\",\"@id\":\"https:\/\/antersystem.com\/pl\/wiedza-i-nowosci\/konferencja-techniczna-szczecin\/#breadcrumb\",\"itemListElement\":[{\"@type\":\"ListItem\",\"position\":1,\"name\":\"AnterSystem\",\"item\":\"https:\/\/antersystem.com\/pl\/\"},{\"@type\":\"ListItem\",\"position\":2,\"name\":\"Wiedza i nowo\u015bci\",\"item\":\"https:\/\/antersystem.com\/pl\/wiedza-i-nowosci\/\"},{\"@type\":\"ListItem\",\"position\":3,\"name\":\"Konferencje Techniczne, Szczecin 18.04\"}]},{\"@type\":\"WebSite\",\"@id\":\"https:\/\/antersystem.com\/pl\/#website\",\"url\":\"https:\/\/antersystem.com\/pl\/\",\"name\":\"Anter System\",\"description\":\"Jeste\u015bmy polskim producentem elastycznych barier ochronnych wykonywanych z polimerowych tworzyw sztucznych. Na rynku krajowym i zagranicznym dzia\u0142amy od ponad 15 lat dbaj\u0105c o zapewnienie bezpiecze\u0144stwa w zak\u0142adach produkcyjnych, magazynach oraz centrach logistycznych.\",\"potentialAction\":[{\"@type\":\"SearchAction\",\"target\":{\"@type\":\"EntryPoint\",\"urlTemplate\":\"https:\/\/antersystem.com\/pl\/?s={search_term_string}\"},\"query-input\":{\"@type\":\"PropertyValueSpecification\",\"valueRequired\":true,\"valueName\":\"search_term_string\"}}],\"inLanguage\":\"pl-PL\"}]}<\/script>\n<!-- \/ Yoast SEO plugin. -->","yoast_head_json":{"title":"Konferencje Techniczne, Szczecin 18.04 - Anter System","description":"Spotykamy si\u0119 zn\u00f3w, dzi\u0119ki Axon Media. Axon Media, organizator Konferencji Technicznych, przyzwyczai\u0142 ju\u017c nas do comiesi\u0119cznych, networkingowych spotka\u0144.","robots":{"index":"index","follow":"follow","max-snippet":"max-snippet:-1","max-image-preview":"max-image-preview:large","max-video-preview":"max-video-preview:-1"},"canonical":"https:\/\/antersystem.com\/pl\/wiedza-i-nowosci\/konferencja-techniczna-szczecin\/","og_locale":"pl_PL","og_type":"article","og_title":"Konferencje Techniczne, Szczecin 18.04 - Anter System","og_description":"Spotykamy si\u0119 zn\u00f3w, dzi\u0119ki Axon Media. Axon Media, organizator Konferencji Technicznych, przyzwyczai\u0142 ju\u017c nas do comiesi\u0119cznych, networkingowych spotka\u0144.","og_url":"https:\/\/antersystem.com\/pl\/wiedza-i-nowosci\/konferencja-techniczna-szczecin\/","og_site_name":"Anter System","article_modified_time":"2026-02-04T12:57:20+00:00","og_image":[{"url":"https:\/\/antersystem.com\/wp-content\/uploads\/18-KWIETNIA-ANTER-SYSTEM-partnerem-konferencji-technicznych-Axon-Media-1-1024x535.jpg","type":"","width":"","height":""}],"twitter_card":"summary_large_image","twitter_misc":{"Szacowany czas czytania":"1 minuta"},"schema":{"@context":"https:\/\/schema.org","@graph":[{"@type":"WebPage","@id":"https:\/\/antersystem.com\/pl\/wiedza-i-nowosci\/konferencja-techniczna-szczecin\/","url":"https:\/\/antersystem.com\/pl\/wiedza-i-nowosci\/konferencja-techniczna-szczecin\/","name":"Konferencje Techniczne, Szczecin 18.04 - Anter System","isPartOf":{"@id":"https:\/\/antersystem.com\/pl\/#website"},"primaryImageOfPage":{"@id":"https:\/\/antersystem.com\/pl\/wiedza-i-nowosci\/konferencja-techniczna-szczecin\/#primaryimage"},"image":{"@id":"https:\/\/antersystem.com\/pl\/wiedza-i-nowosci\/konferencja-techniczna-szczecin\/#primaryimage"},"thumbnailUrl":"https:\/\/antersystem.com\/wp-content\/uploads\/18-KWIETNIA-ANTER-SYSTEM-partnerem-konferencji-technicznych-Axon-Media-1-1024x535.jpg","datePublished":"2024-03-25T15:20:11+00:00","dateModified":"2026-02-04T12:57:20+00:00","description":"Spotykamy si\u0119 zn\u00f3w, dzi\u0119ki Axon Media. Axon Media, organizator Konferencji Technicznych, przyzwyczai\u0142 ju\u017c nas do comiesi\u0119cznych, networkingowych spotka\u0144.","breadcrumb":{"@id":"https:\/\/antersystem.com\/pl\/wiedza-i-nowosci\/konferencja-techniczna-szczecin\/#breadcrumb"},"inLanguage":"pl-PL","potentialAction":[{"@type":"ReadAction","target":["https:\/\/antersystem.com\/pl\/wiedza-i-nowosci\/konferencja-techniczna-szczecin\/"]}]},{"@type":"ImageObject","inLanguage":"pl-PL","@id":"https:\/\/antersystem.com\/pl\/wiedza-i-nowosci\/konferencja-techniczna-szczecin\/#primaryimage","url":"https:\/\/antersystem.com\/wp-content\/uploads\/18-KWIETNIA-ANTER-SYSTEM-partnerem-konferencji-technicznych-Axon-Media-1-1024x535.jpg","contentUrl":"https:\/\/antersystem.com\/wp-content\/uploads\/18-KWIETNIA-ANTER-SYSTEM-partnerem-konferencji-technicznych-Axon-Media-1-1024x535.jpg"},{"@type":"BreadcrumbList","@id":"https:\/\/antersystem.com\/pl\/wiedza-i-nowosci\/konferencja-techniczna-szczecin\/#breadcrumb","itemListElement":[{"@type":"ListItem","position":1,"name":"AnterSystem","item":"https:\/\/antersystem.com\/pl\/"},{"@type":"ListItem","position":2,"name":"Wiedza i nowo\u015bci","item":"https:\/\/antersystem.com\/pl\/wiedza-i-nowosci\/"},{"@type":"ListItem","position":3,"name":"Konferencje Techniczne, Szczecin 18.04"}]},{"@type":"WebSite","@id":"https:\/\/antersystem.com\/pl\/#website","url":"https:\/\/antersystem.com\/pl\/","name":"Anter System","description":"Jeste\u015bmy polskim producentem elastycznych barier ochronnych wykonywanych z polimerowych tworzyw sztucznych. Na rynku krajowym i zagranicznym dzia\u0142amy od ponad 15 lat dbaj\u0105c o zapewnienie bezpiecze\u0144stwa w zak\u0142adach produkcyjnych, magazynach oraz centrach logistycznych.","potentialAction":[{"@type":"SearchAction","target":{"@type":"EntryPoint","urlTemplate":"https:\/\/antersystem.com\/pl\/?s={search_term_string}"},"query-input":{"@type":"PropertyValueSpecification","valueRequired":true,"valueName":"search_term_string"}}],"inLanguage":"pl-PL"}]}},"_links":{"self":[{"href":"https:\/\/antersystem.com\/pl\/wp-json\/wp\/v2\/pages\/39531","targetHints":{"allow":["GET"]}}],"collection":[{"href":"https:\/\/antersystem.com\/pl\/wp-json\/wp\/v2\/pages"}],"about":[{"href":"https:\/\/antersystem.com\/pl\/wp-json\/wp\/v2\/types\/page"}],"author":[{"embeddable":true,"href":"https:\/\/antersystem.com\/pl\/wp-json\/wp\/v2\/users\/1"}],"replies":[{"embeddable":true,"href":"https:\/\/antersystem.com\/pl\/wp-json\/wp\/v2\/comments?post=39531"}],"version-history":[{"count":1,"href":"https:\/\/antersystem.com\/pl\/wp-json\/wp\/v2\/pages\/39531\/revisions"}],"predecessor-version":[{"id":39532,"href":"https:\/\/antersystem.com\/pl\/wp-json\/wp\/v2\/pages\/39531\/revisions\/39532"}],"up":[{"embeddable":true,"href":"https:\/\/antersystem.com\/pl\/wp-json\/wp\/v2\/pages\/12824"}],"wp:attachment":[{"href":"https:\/\/antersystem.com\/pl\/wp-json\/wp\/v2\/media?parent=39531"}],"curies":[{"name":"wp","href":"https:\/\/api.w.org\/{rel}","templated":true}]}}