{"id":39535,"date":"2024-02-28T09:18:11","date_gmt":"2024-02-28T08:18:11","guid":{"rendered":"https:\/\/antersystem.com\/wiedza-i-nowosci\/magazyn-mid-wizje-bezpieczenstwa\/"},"modified":"2026-02-04T14:01:35","modified_gmt":"2026-02-04T13:01:35","slug":"magazyn-mid-wizje-bezpieczenstwa","status":"publish","type":"page","link":"https:\/\/antersystem.com\/pl\/wiedza-i-nowosci\/magazyn-mid-wizje-bezpieczenstwa\/","title":{"rendered":"Magazyn MID \u201cWizje bezpiecze\u0144stwa\u201d"},"content":{"rendered":"\n<div class=\"wp-block-columns is-layout-flex wp-container-core-columns-is-layout-9d6595d7 wp-block-columns-is-layout-flex\">\n<div class=\"wp-block-column is-layout-flow wp-block-column-is-layout-flow\" style=\"flex-basis:10%\"><\/div>\n\n\n\n<div class=\"wp-block-column is-layout-flow wp-block-column-is-layout-flow\">\n<h3 class=\"wp-block-heading\">MID 97 \u2013 wydanie pierwsze w 2024 roku. Czym si\u0119 kierowa\u0107 by przestrze\u0144 spe\u0142nia\u0142a wymogi bezpiecznej? <\/h3>\n\n\n\n<p>W najnowszym magazynie MID ukaza\u0142 si\u0119 redakcyjny artyku\u0142, kt\u00f3ry mo\u017cna potraktowa\u0107 jak podr\u0119cznik BHP dla planera przestrzeni magazynowej. Notatka uwzgl\u0119dnia zabezpieczenia w oparciu o budow\u0119 przestrzeni, o\u015bwietlenie, wilgotno\u015b\u0107, przepisy BHP i ruch pojazd\u00f3w. Ca\u0142kiem spora cz\u0119\u015b\u0107 po\u015bwi\u0119cona jest te\u017c ochronie miejsc, gdzie prawdopodobie\u0144stwo kolizji wzrasta. Tu z pomoc\u0105 przychodzi Project Manager Anter System, kt\u00f3ry na przyk\u0142adzie elastycznych barier wskazuje z jakimi rodzajami niebezpiecze\u0144stw mo\u017cna si\u0119 spotka\u0107 w codziennej pracy. W artykule s\u0105 te\u017c poruszone kwestie bardziej rozszerzonych \u015brodk\u00f3w ochrony jak: automatyzacja proces\u00f3w czy drony do inwentaryzacji.    <\/p>\n<p>Redakcja definiuje zabezpieczenia z uwagi na ich czynny b\u0105d\u017a bierny charakter. Elastyczne bariery ochronne wpisuj\u0105 si\u0119 w t\u0105 drug\u0105 kategori\u0119, co nie skre\u015bla wcale priorytetu ich zastosowa\u0144. Z artyku\u0142em w r\u0119ce mo\u017cna zrewidowa\u0107 swoj\u0105 wiedz\u0119 o planowaniu przestrzeni pod k\u0105tem efektywnego jej wykorzystania i operacji, jakie w niej zachodz\u0105.  <\/p>\n<p>\u017byczymy udanej lektury!<\/p>\n<\/div>\n\n\n\n<div class=\"wp-block-column is-layout-flow wp-block-column-is-layout-flow\" style=\"flex-basis:10%\"><\/div>\n<\/div>\n\n<div data-wp-interactive=\"core\/file\" class=\"wp-block-file\"><object data-wp-bind--hidden=\"!state.hasPdfPreview\" hidden class=\"wp-block-file__embed\" data=\"https:\/\/antersystem.com\/wp-content\/uploads\/MID_97_1_2024-Anter-System.pdf\" type=\"application\/pdf\" style=\"width:100%;height:600px\" aria-label=\"Osadzone z MID_97_1_2024-Anter-System.\"><\/object><a id=\"wp-block-file--media-c4a79965-4313-4b68-8827-3aa81c41db0a\" href=\"https:\/\/antersystem.com\/wp-content\/uploads\/MID_97_1_2024-Anter-System.pdf\">MID_97_1_2024-Anter-System<\/a><a href=\"https:\/\/antersystem.com\/wp-content\/uploads\/MID_97_1_2024-Anter-System.pdf\" class=\"wp-block-file__button wp-element-button\" download=\"\" aria-describedby=\"wp-block-file--media-c4a79965-4313-4b68-8827-3aa81c41db0a\">Pobierz<\/a><\/div>\n","protected":false},"excerpt":{"rendered":"<p>MID 97 \u2013 wydanie pierwsze w 2024 roku. Czym si\u0119 kierowa\u0107 by przestrze\u0144 spe\u0142nia\u0142a wymogi bezpiecznej? W najnowszym magazynie MID ukaza\u0142 si\u0119 redakcyjny artyku\u0142, kt\u00f3ry mo\u017cna potraktowa\u0107 jak podr\u0119cznik BHP dla planera przestrzeni magazynowej. Notatka uwzgl\u0119dnia zabezpieczenia w oparciu o budow\u0119 przestrzeni, o\u015bwietlenie, wilgotno\u015b\u0107, przepisy BHP i ruch pojazd\u00f3w. Ca\u0142kiem spora cz\u0119\u015b\u0107 po\u015bwi\u0119cona jest te\u017c [&hellip;]<\/p>\n","protected":false},"author":1,"featured_media":0,"parent":12824,"menu_order":0,"comment_status":"closed","ping_status":"closed","template":"","meta":{"inline_featured_image":false,"ngg_post_thumbnail":0,"footnotes":""},"class_list":["post-39535","page","type-page","status-publish","hentry"],"acf":[],"yoast_head":"<!-- This site is optimized with the Yoast SEO plugin v27.0 - https:\/\/yoast.com\/product\/yoast-seo-wordpress\/ -->\n<title>Magazyn MID \u201cWizje bezpiecze\u0144stwa\u201d - Anter System<\/title>\n<meta name=\"description\" content=\"MID 97 \u2013 wydanie pierwsze w 2024 roku. Czym si\u0119 kierowa\u0107 by przestrze\u0144 spe\u0142nia\u0142a wymogi bezpiecznej? W najnowszym magazynie MID ukaza\u0142 si\u0119 redakcyjny\" \/>\n<meta name=\"robots\" content=\"index, follow, max-snippet:-1, max-image-preview:large, max-video-preview:-1\" \/>\n<link rel=\"canonical\" href=\"https:\/\/antersystem.com\/pl\/wiedza-i-nowosci\/magazyn-mid-wizje-bezpieczenstwa\/\" \/>\n<meta property=\"og:locale\" content=\"pl_PL\" \/>\n<meta property=\"og:type\" content=\"article\" \/>\n<meta property=\"og:title\" content=\"Magazyn MID \u201cWizje bezpiecze\u0144stwa\u201d - Anter System\" \/>\n<meta property=\"og:description\" content=\"MID 97 \u2013 wydanie pierwsze w 2024 roku. Czym si\u0119 kierowa\u0107 by przestrze\u0144 spe\u0142nia\u0142a wymogi bezpiecznej? W najnowszym magazynie MID ukaza\u0142 si\u0119 redakcyjny\" \/>\n<meta property=\"og:url\" content=\"https:\/\/antersystem.com\/pl\/wiedza-i-nowosci\/magazyn-mid-wizje-bezpieczenstwa\/\" \/>\n<meta property=\"og:site_name\" content=\"Anter System\" \/>\n<meta property=\"article:modified_time\" content=\"2026-02-04T13:01:35+00:00\" \/>\n<meta name=\"twitter:card\" content=\"summary_large_image\" \/>\n<meta name=\"twitter:label1\" content=\"Szacowany czas czytania\" \/>\n\t<meta name=\"twitter:data1\" content=\"1 minuta\" \/>\n<script type=\"application\/ld+json\" class=\"yoast-schema-graph\">{\"@context\":\"https:\/\/schema.org\",\"@graph\":[{\"@type\":\"WebPage\",\"@id\":\"https:\/\/antersystem.com\/pl\/wiedza-i-nowosci\/magazyn-mid-wizje-bezpieczenstwa\/\",\"url\":\"https:\/\/antersystem.com\/pl\/wiedza-i-nowosci\/magazyn-mid-wizje-bezpieczenstwa\/\",\"name\":\"Magazyn MID \u201cWizje bezpiecze\u0144stwa\u201d - Anter System\",\"isPartOf\":{\"@id\":\"https:\/\/antersystem.com\/pl\/#website\"},\"datePublished\":\"2024-02-28T08:18:11+00:00\",\"dateModified\":\"2026-02-04T13:01:35+00:00\",\"description\":\"MID 97 \u2013 wydanie pierwsze w 2024 roku. Czym si\u0119 kierowa\u0107 by przestrze\u0144 spe\u0142nia\u0142a wymogi bezpiecznej? W najnowszym magazynie MID ukaza\u0142 si\u0119 redakcyjny\",\"breadcrumb\":{\"@id\":\"https:\/\/antersystem.com\/pl\/wiedza-i-nowosci\/magazyn-mid-wizje-bezpieczenstwa\/#breadcrumb\"},\"inLanguage\":\"pl-PL\",\"potentialAction\":[{\"@type\":\"ReadAction\",\"target\":[\"https:\/\/antersystem.com\/pl\/wiedza-i-nowosci\/magazyn-mid-wizje-bezpieczenstwa\/\"]}]},{\"@type\":\"BreadcrumbList\",\"@id\":\"https:\/\/antersystem.com\/pl\/wiedza-i-nowosci\/magazyn-mid-wizje-bezpieczenstwa\/#breadcrumb\",\"itemListElement\":[{\"@type\":\"ListItem\",\"position\":1,\"name\":\"AnterSystem\",\"item\":\"https:\/\/antersystem.com\/pl\/\"},{\"@type\":\"ListItem\",\"position\":2,\"name\":\"Wiedza i nowo\u015bci\",\"item\":\"https:\/\/antersystem.com\/pl\/wiedza-i-nowosci\/\"},{\"@type\":\"ListItem\",\"position\":3,\"name\":\"Magazyn MID \u201cWizje bezpiecze\u0144stwa\u201d\"}]},{\"@type\":\"WebSite\",\"@id\":\"https:\/\/antersystem.com\/pl\/#website\",\"url\":\"https:\/\/antersystem.com\/pl\/\",\"name\":\"Anter System\",\"description\":\"Jeste\u015bmy polskim producentem elastycznych barier ochronnych wykonywanych z polimerowych tworzyw sztucznych. Na rynku krajowym i zagranicznym dzia\u0142amy od ponad 15 lat dbaj\u0105c o zapewnienie bezpiecze\u0144stwa w zak\u0142adach produkcyjnych, magazynach oraz centrach logistycznych.\",\"potentialAction\":[{\"@type\":\"SearchAction\",\"target\":{\"@type\":\"EntryPoint\",\"urlTemplate\":\"https:\/\/antersystem.com\/pl\/?s={search_term_string}\"},\"query-input\":{\"@type\":\"PropertyValueSpecification\",\"valueRequired\":true,\"valueName\":\"search_term_string\"}}],\"inLanguage\":\"pl-PL\"}]}<\/script>\n<!-- \/ Yoast SEO plugin. -->","yoast_head_json":{"title":"Magazyn MID \u201cWizje bezpiecze\u0144stwa\u201d - Anter System","description":"MID 97 \u2013 wydanie pierwsze w 2024 roku. Czym si\u0119 kierowa\u0107 by przestrze\u0144 spe\u0142nia\u0142a wymogi bezpiecznej? W najnowszym magazynie MID ukaza\u0142 si\u0119 redakcyjny","robots":{"index":"index","follow":"follow","max-snippet":"max-snippet:-1","max-image-preview":"max-image-preview:large","max-video-preview":"max-video-preview:-1"},"canonical":"https:\/\/antersystem.com\/pl\/wiedza-i-nowosci\/magazyn-mid-wizje-bezpieczenstwa\/","og_locale":"pl_PL","og_type":"article","og_title":"Magazyn MID \u201cWizje bezpiecze\u0144stwa\u201d - Anter System","og_description":"MID 97 \u2013 wydanie pierwsze w 2024 roku. Czym si\u0119 kierowa\u0107 by przestrze\u0144 spe\u0142nia\u0142a wymogi bezpiecznej? W najnowszym magazynie MID ukaza\u0142 si\u0119 redakcyjny","og_url":"https:\/\/antersystem.com\/pl\/wiedza-i-nowosci\/magazyn-mid-wizje-bezpieczenstwa\/","og_site_name":"Anter System","article_modified_time":"2026-02-04T13:01:35+00:00","twitter_card":"summary_large_image","twitter_misc":{"Szacowany czas czytania":"1 minuta"},"schema":{"@context":"https:\/\/schema.org","@graph":[{"@type":"WebPage","@id":"https:\/\/antersystem.com\/pl\/wiedza-i-nowosci\/magazyn-mid-wizje-bezpieczenstwa\/","url":"https:\/\/antersystem.com\/pl\/wiedza-i-nowosci\/magazyn-mid-wizje-bezpieczenstwa\/","name":"Magazyn MID \u201cWizje bezpiecze\u0144stwa\u201d - Anter System","isPartOf":{"@id":"https:\/\/antersystem.com\/pl\/#website"},"datePublished":"2024-02-28T08:18:11+00:00","dateModified":"2026-02-04T13:01:35+00:00","description":"MID 97 \u2013 wydanie pierwsze w 2024 roku. Czym si\u0119 kierowa\u0107 by przestrze\u0144 spe\u0142nia\u0142a wymogi bezpiecznej? W najnowszym magazynie MID ukaza\u0142 si\u0119 redakcyjny","breadcrumb":{"@id":"https:\/\/antersystem.com\/pl\/wiedza-i-nowosci\/magazyn-mid-wizje-bezpieczenstwa\/#breadcrumb"},"inLanguage":"pl-PL","potentialAction":[{"@type":"ReadAction","target":["https:\/\/antersystem.com\/pl\/wiedza-i-nowosci\/magazyn-mid-wizje-bezpieczenstwa\/"]}]},{"@type":"BreadcrumbList","@id":"https:\/\/antersystem.com\/pl\/wiedza-i-nowosci\/magazyn-mid-wizje-bezpieczenstwa\/#breadcrumb","itemListElement":[{"@type":"ListItem","position":1,"name":"AnterSystem","item":"https:\/\/antersystem.com\/pl\/"},{"@type":"ListItem","position":2,"name":"Wiedza i nowo\u015bci","item":"https:\/\/antersystem.com\/pl\/wiedza-i-nowosci\/"},{"@type":"ListItem","position":3,"name":"Magazyn MID \u201cWizje bezpiecze\u0144stwa\u201d"}]},{"@type":"WebSite","@id":"https:\/\/antersystem.com\/pl\/#website","url":"https:\/\/antersystem.com\/pl\/","name":"Anter System","description":"Jeste\u015bmy polskim producentem elastycznych barier ochronnych wykonywanych z polimerowych tworzyw sztucznych. Na rynku krajowym i zagranicznym dzia\u0142amy od ponad 15 lat dbaj\u0105c o zapewnienie bezpiecze\u0144stwa w zak\u0142adach produkcyjnych, magazynach oraz centrach logistycznych.","potentialAction":[{"@type":"SearchAction","target":{"@type":"EntryPoint","urlTemplate":"https:\/\/antersystem.com\/pl\/?s={search_term_string}"},"query-input":{"@type":"PropertyValueSpecification","valueRequired":true,"valueName":"search_term_string"}}],"inLanguage":"pl-PL"}]}},"_links":{"self":[{"href":"https:\/\/antersystem.com\/pl\/wp-json\/wp\/v2\/pages\/39535","targetHints":{"allow":["GET"]}}],"collection":[{"href":"https:\/\/antersystem.com\/pl\/wp-json\/wp\/v2\/pages"}],"about":[{"href":"https:\/\/antersystem.com\/pl\/wp-json\/wp\/v2\/types\/page"}],"author":[{"embeddable":true,"href":"https:\/\/antersystem.com\/pl\/wp-json\/wp\/v2\/users\/1"}],"replies":[{"embeddable":true,"href":"https:\/\/antersystem.com\/pl\/wp-json\/wp\/v2\/comments?post=39535"}],"version-history":[{"count":1,"href":"https:\/\/antersystem.com\/pl\/wp-json\/wp\/v2\/pages\/39535\/revisions"}],"predecessor-version":[{"id":39536,"href":"https:\/\/antersystem.com\/pl\/wp-json\/wp\/v2\/pages\/39535\/revisions\/39536"}],"up":[{"embeddable":true,"href":"https:\/\/antersystem.com\/pl\/wp-json\/wp\/v2\/pages\/12824"}],"wp:attachment":[{"href":"https:\/\/antersystem.com\/pl\/wp-json\/wp\/v2\/media?parent=39535"}],"curies":[{"name":"wp","href":"https:\/\/api.w.org\/{rel}","templated":true}]}}